{"id":14090,"date":"2021-07-22T20:38:32","date_gmt":"2021-07-22T18:38:32","guid":{"rendered":"https:\/\/filplast.pl\/kontakt\/"},"modified":"2022-07-22T10:45:52","modified_gmt":"2022-07-22T08:45:52","slug":"kontaktujte-nas","status":"publish","type":"page","link":"https:\/\/filplast.pl\/cz\/kontaktujte-nas\/","title":{"rendered":"Kontakt"},"content":{"rendered":"<div id=\"modal-ready\">\n<div class=\"half-grid image-span\">\n\t\t<div class=\"content intro\" style=\"max-width: 70ch;\">\n\t\t\t<h3>Linka d\u016fv\u011bry<\/h3><p class=\"subtitle\">Kontaktujte na\u0161e poradce!<\/p>\n<p>T\u011b\u0161\u00edme se na spolupr\u00e1ci! Dod\u00e1me V\u00e1m nejen v\u00fdrobky nejvy\u0161\u0161\u00ed kvality, ale zajist\u00edme i \u0161kolen\u00ed, technickou, logistickou a servisn\u00ed podporu. \nV\u011b\u0159\u00edme, \u017ee poctivost a bez\u00fahonnost se vyplat\u00ed v ka\u017ed\u00e9m podnik\u00e1n\u00ed. Z\u00e1le\u017e\u00ed n\u00e1m na partnersk\u00fdch zalo\u017een\u00fdch na principu win-win. \n<\/p>\n<\/div><div class=\"contact-information\"><section><figure><svg width=\"180\" height=\"183\" viewBox=\"0 0 180 183\" version=\"1.1\" xmlns=\"http:\/\/www.w3.org\/2000\/svg\" xmlns:xlink=\"http:\/\/www.w3.org\/1999\/xlink\" xml:space=\"preserve\" xmlns:serif=\"http:\/\/www.serif.com\/\" style=\"fill-rule:evenodd;clip-rule:evenodd;stroke-linejoin:round;stroke-miterlimit:2;\"><path d=\"M117.89,113.7c0.167,-0.428 0.411,-0.821 0.72,-1.16c1.032,-1.07 2.605,-1.431 4,-0.92c0.441,0.171 0.845,0.426 1.19,0.75c8.36,7.68 16.89,15.177 25.59,22.49c0.848,0.706 1.337,1.756 1.33,2.86c0.005,0.855 -0.293,1.684 -0.84,2.34c-0.337,0.431 -0.772,0.774 -1.27,1c-0.478,0.227 -1.001,0.343 -1.53,0.34c-0.19,0.015 -0.38,0.015 -0.57,0l-28.47,-24.57c-0.286,-0.536 -0.437,-1.133 -0.44,-1.74c0.002,-0.452 0.086,-0.899 0.25,-1.32l0.04,-0.07Zm-66.81,-70.24c0.226,-0.498 0.569,-0.934 1,-1.27c0.659,-0.542 1.487,-0.839 2.34,-0.84c1.108,-0.006 2.163,0.486 2.87,1.34c7.333,8.7 14.83,17.227 22.49,25.58c0.319,0.347 0.57,0.75 0.74,1.19c0.522,1.394 0.159,2.974 -0.92,4c-0.336,0.316 -0.73,0.563 -1.16,0.73c-0.418,0.159 -0.862,0.241 -1.31,0.24c-0.616,0.005 -1.225,-0.143 -1.77,-0.43l-24.57,-28.44c-0.015,-0.19 -0.015,-0.38 0,-0.57c-0.002,-0.529 0.114,-1.052 0.34,-1.53l-0.05,-0Zm-49.87,63.54c0.16,0.91 0.34,1.8 0.51,2.68c0.32,1.87 0.79,3.64 1.2,5.36c0.23,1 0.51,1.85 0.75,2.68l0.76,2.58l-0,0.09l1.35,3.81c0.18,0.53 0.38,1 0.52,1.31l1,2.5c0.08,0.17 0.16,0.4 0.29,0.68l0.29,0.61l0.56,1.22l0.58,1.22c0.16,0.37 0.36,0.8 0.62,1.28l1.36,2.43c0.2,0.35 0.4,0.77 0.67,1.24l0.67,1.16l1.38,2.32l-0,0.07l1.48,2.25l0.73,1.12c0.32,0.49 0.61,0.85 0.81,1.14l1.65,2.25l0.44,0.59l0.42,0.53l0.84,1l0.84,1.05c0.28,0.33 0.57,0.71 0.93,1.09l1.77,2c0.26,0.27 0.55,0.63 0.95,1l0.93,1l1.88,1.91l0,0.06l3,2.73c0.38,0.35 0.74,0.64 1.05,0.9c11.062,9.592 24.3,16.341 38.56,19.66c6.731,1.54 13.615,2.318 20.52,2.32l1,-0l2.65,-0.09l1.32,-0.06l1.35,-0.1l2.65,-0.21c0.94,-0.09 1.83,-0.23 2.67,-0.33c1.86,-0.2 3.62,-0.57 5.31,-0.86c0.53,-0.09 1,-0.2 1.38,-0.29l1.3,-0.29c0.79,-0.18 1.69,-0.35 2.63,-0.63l2.55,-0.7c0.5,-0.13 0.94,-0.28 1.35,-0.41l1.26,-0.41c1.77,-0.54 3.43,-1.2 5,-1.81c3.447,-1.338 6.807,-2.891 10.06,-4.65c1.63,-0.85 3.14,-1.8 4.61,-2.67c0.81,-0.5 1.55,-1 2.26,-1.47l1.1,-0.73c0.44,-0.29 0.81,-0.58 1.13,-0.81l2.13,-1.54c0.73,-0.56 1.41,-1.12 2.08,-1.65l1,-0.82l1,-0.88l1.88,-1.65l0.09,-0.06l0.06,-0.06l0.19,-0.17c0.459,-0.467 0.82,-1.021 1.06,-1.63c0.239,-0.595 0.361,-1.229 0.36,-1.87c-0.001,-0.659 -0.13,-1.311 -0.38,-1.92c-0.26,-0.636 -0.648,-1.211 -1.14,-1.69l-0.3,-0.3l-5.32,-5.15c0.5,-0.61 1,-1.22 1.52,-1.82l0.67,-0c1.035,-0.007 2.057,-0.232 3,-0.66c2.564,-1.201 4.21,-3.788 4.21,-6.62c0.006,-2.174 -0.955,-4.242 -2.62,-5.64c-8.667,-7.273 -17.153,-14.733 -25.46,-22.38c-0.69,-0.627 -1.49,-1.122 -2.36,-1.46c-0.837,-0.317 -1.725,-0.48 -2.62,-0.48c-0.983,-0.003 -1.956,0.195 -2.86,0.58c-0.943,0.389 -1.789,0.98 -2.48,1.73c-0.639,0.672 -1.139,1.464 -1.47,2.33c-0.259,0.803 -0.375,1.646 -0.34,2.49c0.002,0.859 0.151,1.711 0.44,2.52c-0.932,0.831 -1.993,1.507 -3.14,2c-1.49,0.631 -3.092,0.954 -4.71,0.95c-1.561,-0.003 -3.108,-0.298 -4.56,-0.87c-1.495,-0.605 -2.863,-1.487 -4.03,-2.6c-1.84,-1.773 -3.677,-3.553 -5.51,-5.34c-0.15,-0.16 -0.32,-0.32 -0.48,-0.48c-0.338,-0.327 -0.79,-0.51 -1.26,-0.51c-0.993,-0 -1.81,0.817 -1.81,1.81c-0,0.49 0.198,0.959 0.55,1.3l0.47,0.46c1.833,1.787 3.68,3.573 5.54,5.36c1.516,1.464 3.303,2.618 5.26,3.4c1.875,0.743 3.873,1.127 5.89,1.13c3.711,0.005 7.304,-1.323 10.12,-3.74l26.45,22.84l-2.05,2.46l-4.49,4.26c-2.522,1.629 -5.457,2.507 -8.46,2.53c-2.627,-0 -5.26,0.017 -7.9,0.05l-5.3,-0c-4.269,-0.053 -8.375,-1.665 -11.54,-4.53c-8.26,-7.447 -16.353,-15.05 -24.28,-22.81c-4.133,-4.047 -8.223,-8.14 -12.27,-12.28c-7.76,-7.94 -15.35,-16.03 -22.77,-24.27c-2.87,-3.155 -4.486,-7.255 -4.54,-11.52l0,-13.19c0.037,-4.636 2.112,-9.028 5.67,-12l3.59,-3l22.86,26.46c-1.038,1.192 -1.878,2.543 -2.49,4c-0.827,1.927 -1.253,4.003 -1.25,6.1c-0.001,2.016 0.379,4.015 1.12,5.89c0.786,1.96 1.944,3.75 3.41,5.27l2.29,2.35c0.344,0.398 0.844,0.627 1.37,0.627c0.993,-0 1.81,-0.817 1.81,-1.81c-0,-0.509 -0.215,-0.994 -0.59,-1.337c-0.76,-0.78 -1.51,-1.57 -2.27,-2.36c-1.139,-1.18 -2.039,-2.569 -2.65,-4.09c-0.57,-1.453 -0.861,-3 -0.86,-4.56c-0.017,-2.888 1.03,-5.683 2.94,-7.85c1.657,0.619 3.483,0.619 5.14,-0c0.851,-0.342 1.628,-0.845 2.29,-1.48c1.475,-1.383 2.312,-3.318 2.31,-5.34c-0.004,-0.899 -0.17,-1.79 -0.49,-2.63c-0.329,-0.868 -0.822,-1.666 -1.45,-2.35c-7.62,-8.307 -15.077,-16.793 -22.37,-25.46c-0.698,-0.853 -1.58,-1.537 -2.58,-2c-2.542,-1.171 -5.542,-0.781 -7.7,1c-0.854,0.685 -1.539,1.557 -2,2.55c-0.429,0.943 -0.657,1.964 -0.67,3l0,0.67l-4.05,3.56c-4.382,3.645 -6.944,9.04 -7,14.74l0,13.26c0.07,5.146 2.015,10.095 5.47,13.91c7.44,8.287 15.063,16.417 22.87,24.39c4.06,4.147 8.17,8.257 12.33,12.33c8,7.787 16.127,15.41 24.38,22.87c3.825,3.466 8.789,5.416 13.95,5.48l13.26,-0c3.748,-0.037 7.407,-1.152 10.54,-3.21c0.084,-0.061 0.165,-0.128 0.24,-0.2l3.44,-3.26l5.29,5.11l0.29,0.28c0.134,0.134 0.239,0.294 0.31,0.47c0.074,0.174 0.115,0.361 0.12,0.55c-0.007,0.182 -0.044,0.361 -0.11,0.53c-0.073,0.174 -0.178,0.334 -0.31,0.47l-0.1,-0l-1.9,1.66l-1,0.83l-1,0.8c-0.7,0.55 -1.36,1.1 -2,1.6l-2.11,1.53l-1,0.72l-1.09,0.72c-0.75,0.5 -1.46,1 -2.15,1.41c-1.54,0.91 -3,1.82 -4.45,2.58l-0.06,-0c-3.015,1.651 -6.131,3.11 -9.33,4.37c-1.67,0.62 -3.27,1.26 -4.85,1.74l-1.26,0.41c-0.42,0.13 -0.81,0.26 -1.16,0.35l-2.55,0.7c-0.74,0.22 -1.57,0.38 -2.48,0.59l-1.29,0.29c-0.46,0.1 -0.85,0.2 -1.18,0.24c-1.78,0.31 -3.48,0.65 -5.12,0.83c-0.9,0.11 -1.75,0.24 -2.57,0.32l-2.63,0.22l-1.27,0.1l-1.3,-0l-2.62,0.09l-0.94,-0c-6.676,0.097 -13.342,-0.56 -19.87,-1.96c-13.657,-3.173 -26.337,-9.626 -36.94,-18.8c-0.37,-0.32 -0.71,-0.59 -1,-0.84l-1,-0.9l-1.85,-1.8l-1.85,-1.89l-0.94,-1c-0.23,-0.23 -0.49,-0.55 -0.84,-0.92l-1.77,-2c-0.24,-0.26 -0.5,-0.58 -0.79,-0.94l-0.83,-1l-0.85,-1.05l-0.42,-0.51c-0.09,-0.11 -0.2,-0.28 -0.36,-0.49l-1.58,-2.17c-0.3,-0.42 -0.56,-0.73 -0.71,-1l-0.75,-1.12l-1.46,-2.21l-1.4,-2.36l-0.67,-1.15c-0.18,-0.31 -0.37,-0.69 -0.6,-1.12l-1.26,-2.38c-0.16,-0.3 -0.33,-0.67 -0.53,-1.11l-0.59,-1.24l-0.56,-1.22l-0.29,-0.6c-0.06,-0.14 -0.14,-0.32 -0.23,-0.56l-1,-2.5c-0.18,-0.47 -0.35,-0.84 -0.46,-1.15l-0.45,-1.27l-0.89,-2.51l-0.76,-2.54c-0.25,-0.9 -0.52,-1.72 -0.69,-2.49c-0.42,-1.77 -0.88,-3.48 -1.16,-5.15c-0.18,-0.89 -0.34,-1.75 -0.5,-2.61l-0.37,-2.63l-0.18,-1.34c0,-0.31 -0.07,-0.72 -0.13,-1.23l-0.23,-2.69c-0.09,-0.76 -0.1,-1.62 -0.15,-2.56l-0.09,-2.67l0,-5.38l0.18,-2.7c0,-0.5 0.05,-0.92 0.09,-1.25l0.07,-0l0.15,-1.35l0.3,-2.66c0.13,-0.85 0.28,-1.72 0.43,-2.63l0.21,-1.31c0,-0.24 0.08,-0.45 0.11,-0.62l0.14,-0.63l0.57,-2.65c0.16,-0.79 0.4,-1.62 0.63,-2.5l0.72,-2.6l0.82,-2.55c0.28,-0.87 0.54,-1.7 0.84,-2.45l1,-2.55l0.23,-0.6l0.26,-0.59l1.09,-2.5c0.19,-0.45 0.36,-0.84 0.5,-1.12l1.22,-2.45c0.21,-0.42 0.4,-0.81 0.59,-1.17l0.65,-1.17l1.31,-2.34c0.45,-0.75 0.93,-1.5 1.41,-2.29c0.51,-0.79 1,-1.54 1.42,-2.2c8.017,-11.954 18.813,-21.788 31.46,-28.66l2.42,-1.28c0.3,-0.17 0.69,-0.34 1.13,-0.55l1.25,-0.58l1.24,-0.58l0.6,-0.28l0.59,-0.24l2.55,-1c0.47,-0.19 0.85,-0.36 1.16,-0.46l1.3,-0.46l2.6,-0.93l2.59,-0.77c0.9,-0.27 1.74,-0.53 2.54,-0.71c7.001,-1.807 14.191,-2.78 21.42,-2.9l0.1,-0c1.886,0 3.655,0.933 4.72,2.49c0.644,0.932 0.993,2.037 1,3.17l0,0.09c-0.004,1.498 -0.597,2.935 -1.65,4c-0.514,0.524 -1.125,0.942 -1.8,1.23c-0.693,0.309 -1.442,0.473 -2.2,0.48l-1.06,-0c-6.009,-0 -12,0.67 -17.86,2c-0.86,0.17 -1.61,0.39 -2.31,0.58l-2.24,0.6l-0.09,-0l-2.2,0.71l-1.1,0.36c-0.51,0.15 -0.88,0.32 -1.16,0.41l-2.16,0.82l-0.6,0.22l-0.05,-0l-0.52,0.24l-1.07,0.47l-1.06,0.51c-0.3,0.13 -0.69,0.29 -1.13,0.51l-2.08,1c-11.404,5.799 -21.232,14.279 -28.64,24.71c-0.53,0.69 -0.95,1.36 -1.35,2c-0.42,0.63 -0.86,1.29 -1.29,2l-1.19,2l-0.6,1c-0.23,0.4 -0.41,0.76 -0.56,1.06l-1.1,2.06c-0.26,0.45 -0.41,0.84 -0.55,1.13l-0.5,1.06l-0.49,1.06l-0.25,0.53l0,0.09l-0.22,0.54l-1.03,2.25c-0.34,0.8 -0.6,1.57 -0.85,2.27l-0.78,2.21l0,0.09l-0.67,2.25c-0.22,0.71 -0.47,1.49 -0.65,2.34l-0.56,2.28l-0.15,0.57c-0.06,0.24 -0.09,0.45 -0.13,0.61l-0.22,1.15c-0.14,0.74 -0.31,1.51 -0.45,2.33l-0.33,2.34l-0.17,1.17c-0.07,0.51 -0.09,0.92 -0.12,1.23l-0.22,2.35l-0.05,0.59l0,0.67l-0.05,1.17l-0.09,2.36l0,2.46c0,0.71 0,1.52 0.07,2.43l0.15,2.35c0,0.29 0,0.71 0.1,1.24l0.13,1.18l0.26,2.35l0,0.07c0.13,0.8 0.27,1.58 0.38,2.35c0.24,1.66 0.61,3.22 0.94,4.72c0.17,0.88 0.4,1.67 0.59,2.38l0.62,2.29l0,0.08l0.73,2.26l0.36,1.13c0.15,0.49 0.33,0.88 0.43,1.17l0.84,2.21c0.06,0.15 0.13,0.35 0.24,0.61l0.25,0.53l0.46,1.09l0.47,1.08c0.14,0.31 0.3,0.7 0.52,1.15l1.06,2.12c0.16,0.31 0.33,0.69 0.57,1.12l0.57,1l1.15,2.08l0,0.08l1.89,3c0.26,0.45 0.52,0.79 0.69,1l1.35,2c0.09,0.13 0.21,0.31 0.39,0.55l0.36,0.47l0.73,1l0.72,0.95c0.23,0.3 0.48,0.64 0.79,1l1.53,1.82c0.21,0.23 0.45,0.57 0.82,0.95l0.82,0.88l1.62,1.75l0.06,0.06l1.77,2.06l0.85,0.84c0.35,0.34 0.67,0.6 0.92,0.83c0.335,0.309 0.774,0.48 1.23,0.48c0.996,0 1.815,-0.819 1.815,-1.815c0,-0.507 -0.212,-0.991 -0.585,-1.335c-0.33,-0.31 -0.62,-0.55 -0.85,-0.76l-0.84,-0.83l-1.64,-1.68l-1.62,-1.73l-0.81,-0.87c-0.18,-0.18 -0.4,-0.47 -0.7,-0.82l-1.55,-1.83c-0.2,-0.23 -0.42,-0.52 -0.67,-0.84l-0.72,-1l-0.73,-0.94l-0.34,-0.46c-0.07,-0.08 -0.17,-0.23 -0.31,-0.43l-1.34,-2c-0.26,-0.38 -0.47,-0.67 -0.6,-0.88l-0.63,-1l-1.24,-2l-1.12,-2l-0.58,-1c-0.15,-0.26 -0.31,-0.6 -0.5,-1l-1,-2.12c-0.13,-0.24 -0.26,-0.57 -0.44,-1l-0.46,-1.07l-0.48,-1.08l-0.23,-0.52c0,-0.11 -0.11,-0.27 -0.19,-0.49l-0.82,-2.21c-0.16,-0.43 -0.29,-0.76 -0.37,-1l-0.37,-1.13l-0.72,-2.2l-0.6,-2.25c-0.21,-0.8 -0.42,-1.51 -0.54,-2.17c-0.34,-1.57 -0.7,-3.07 -0.89,-4.51c-0.13,-0.79 -0.26,-1.55 -0.37,-2.29l-0.26,-2.31l-0.13,-1.18c0,-0.21 0,-0.56 -0.07,-1l-0.14,-2.36c-0.06,-0.64 0,-1.39 -0.05,-2.24l0,-2.3l0.09,-2.32l0,-2.25l0.21,-2.32c0,-0.46 0.07,-0.83 0.1,-1.08l0.18,-1.17l0.32,-2.3c0.12,-0.72 0.28,-1.47 0.44,-2.26l0.22,-1.15c0.05,-0.21 0.09,-0.39 0.11,-0.53l0.13,-0.54l0.48,-2.58c0.14,-0.64 0.37,-1.35 0.59,-2.13l0.67,-2.2l0.76,-2.17c0.27,-0.76 0.51,-1.45 0.78,-2.07l0.89,-2.17l0.2,-0.5l0.23,-0.48l1,-2.12c0.19,-0.41 0.33,-0.73 0.45,-0.94l1.14,-2.22c0.21,-0.38 0.38,-0.72 0.53,-1l1.77,-3c0.39,-0.62 0.82,-1.25 1.25,-1.91c0.45,-0.67 0.85,-1.29 1.24,-1.82c7.098,-9.913 16.484,-17.969 27.36,-23.48l2.07,-1c0.22,-0.12 0.54,-0.25 0.94,-0.42l1.06,-0.46l1.07,-0.47l0.49,-0.22l0.48,-0.18l2.17,-0.82c0.42,-0.15 0.74,-0.29 1,-0.36l1.17,-0.4l2.15,-0.7l2.19,-0.58c0.78,-0.21 1.48,-0.41 2.11,-0.53l0.07,-0c5.598,-1.269 11.32,-1.91 17.06,-1.91l1.13,-0c1.24,-0.017 2.464,-0.283 3.6,-0.78c1.628,-0.728 3.015,-1.904 4,-3.39c1.032,-1.533 1.579,-3.342 1.57,-5.19l0,-0.16c-0.015,-1.237 -0.281,-2.458 -0.78,-3.59c-1.478,-3.401 -4.842,-5.616 -8.55,-5.63l-0.15,-0c-7.502,0.12 -14.964,1.127 -22.23,3c-1,0.22 -1.87,0.51 -2.71,0.76l-2.63,0.78l-0.09,-0l-2.6,0.91l-1.3,0.46c-0.54,0.19 -1,0.39 -1.34,0.53l-2.54,1c-0.19,0.08 -0.42,0.17 -0.67,0.29l-0.63,0.29l-2.48,1.16c-0.38,0.18 -0.82,0.38 -1.3,0.64l-2.43,1.28c-13.193,7.126 -24.46,17.35 -32.83,29.79c-0.58,0.81 -1.06,1.6 -1.52,2.34c-0.46,0.76 -1,1.53 -1.45,2.34l0,0.05l-1.36,2.38l-0.67,1.19c-0.23,0.45 -0.43,0.87 -0.63,1.25l-1.2,2.44c-0.26,0.5 -0.43,0.94 -0.59,1.29l-1.09,2.5l-0.28,0.62l0,0.08l-0.26,0.63l-1,2.54c-0.37,0.92 -0.65,1.82 -0.92,2.66l-0.84,2.59l0,0.08l-0.71,2.62c-0.22,0.86 -0.47,1.76 -0.68,2.73l-0.62,2.78l-0.15,0.67l0,0.05c0,0.27 -0.07,0.5 -0.1,0.69l-0.25,1.31c-0.14,0.87 -0.31,1.78 -0.44,2.71l-0.31,2.7l-0.16,1.4c-0.07,0.57 -0.08,1 -0.11,1.43l-0.17,2.7l0,2.78l-0.11,-0l0,2.8l0.1,2.76c0,0.83 0,1.76 0.14,2.77l0.25,2.69c0,0.37 0.05,0.84 0.14,1.41l0.57,4.02l0,0.11l0.01,-0Z\" style=\"fill:#fff;fill-rule:nonzero;\"><\/path><path d=\"M139.13,81.63l-3.37,18.37c-0.02,0.107 -0.03,0.216 -0.03,0.325c0,0.99 0.815,1.805 1.805,1.805c0.868,-0 1.619,-0.626 1.775,-1.48l3.38,-18.4c0.02,-0.109 0.03,-0.219 0.03,-0.33c0,-0.993 -0.817,-1.81 -1.81,-1.81c-0.869,-0 -1.622,0.625 -1.78,1.48l0,0.04Z\" style=\"fill:#fff;fill-rule:nonzero;\"><\/path><path d=\"M158.5,119.51l18.41,3.38c0.122,0.025 0.246,0.038 0.37,0.038c0.993,0 1.81,-0.817 1.81,-1.81c-0,-0.887 -0.653,-1.651 -1.53,-1.788l-18.4,-3.33c-0.109,-0.02 -0.219,-0.03 -0.33,-0.03c-0.993,-0 -1.81,0.817 -1.81,1.81c-0,0.869 0.625,1.622 1.48,1.78l0,-0.05Z\" style=\"fill:#fff;fill-rule:nonzero;\"><\/path><path d=\"M167.17,85.1c-0.324,-0.271 -0.733,-0.42 -1.155,-0.42c-0.535,0 -1.043,0.239 -1.385,0.65l-17.63,21.08c-0.318,0.336 -0.496,0.782 -0.496,1.245c-0,0.993 0.817,1.81 1.81,1.81c0.574,-0 1.115,-0.273 1.456,-0.735l17.63,-21.07c0.638,-0.766 0.534,-1.92 -0.23,-2.56Z\" style=\"fill:#fff;fill-rule:nonzero;\"><\/path><\/svg><\/figure><ul class=\"contact-list\" style=\"font-size:1.4em\"><li><strong><a href=\"mailto:grzegorz.wierzimok@filplast.pl\n\">grzegorz.wierzimok@filplast.pl\n<\/a><\/strong><\/li><li><a href=\"tel:+48693309254\" style=\"font-size:0.8em\">+48 693 309 254<\/a><\/li>\n<li><strong><a href=\"mailto:bogdan.musiol@filplast.pl\">bogdan.musiol@filplast.pl<\/a><\/strong><\/li><li><a href=\"tel:+48693309189\" style=\"font-size:0.8em\">+48 693 309 189<\/a><\/li>\t\t\t\t\t\t\t\n<\/ul><\/section><\/div><div class=\"image\"><img decoding=\"async\" src=\"https:\/\/filplast.pl\/wp-content\/uploads\/2021\/01\/kontakt-person.png\" alt=\"\"><\/div><\/div>\n\n\n\n<p><\/p>\n<\/div>","protected":false},"excerpt":{"rendered":"<p>Linka d\u016fv\u011bry Kontaktujte na\u0161e poradce! T\u011b\u0161\u00edme se na spolupr\u00e1ci! Dod\u00e1me V\u00e1m nejen v\u00fdrobky nejvy\u0161\u0161\u00ed kvality, ale zajist\u00edme i \u0161kolen\u00ed, technickou, logistickou a servisn\u00ed podporu. V\u011b\u0159\u00edme, \u017ee poctivost a bez\u00fahonnost se vyplat\u00ed v ka\u017ed\u00e9m podnik\u00e1n\u00ed. Z\u00e1le\u017e\u00ed [&hellip;]<\/p>\n","protected":false},"author":1,"featured_media":14010,"parent":0,"menu_order":74,"comment_status":"closed","ping_status":"closed","template":"","meta":{"inline_featured_image":false,"_uag_custom_page_level_css":"","footnotes":""},"class_list":["post-14090","page","type-page","status-publish","has-post-thumbnail","hentry"],"yoast_head":"<!-- This site is optimized with the Yoast SEO plugin v24.7 - https:\/\/yoast.com\/wordpress\/plugins\/seo\/ -->\n<title>Kontakt - Filplast po generace<\/title>\n<meta name=\"robots\" content=\"index, follow, max-snippet:-1, max-image-preview:large, max-video-preview:-1\" \/>\n<link rel=\"canonical\" href=\"https:\/\/filplast.pl\/cz\/kontaktujte-nas\/\" \/>\n<meta property=\"og:locale\" content=\"cs_CZ\" \/>\n<meta property=\"og:type\" content=\"article\" \/>\n<meta property=\"og:title\" content=\"Kontakt - Filplast po generace\" \/>\n<meta property=\"og:description\" content=\"Linka d\u016fv\u011bry Kontaktujte na\u0161e poradce! T\u011b\u0161\u00edme se na spolupr\u00e1ci! Dod\u00e1me V\u00e1m nejen v\u00fdrobky nejvy\u0161\u0161\u00ed kvality, ale zajist\u00edme i \u0161kolen\u00ed, technickou, logistickou a servisn\u00ed podporu. V\u011b\u0159\u00edme, \u017ee poctivost a bez\u00fahonnost se vyplat\u00ed v ka\u017ed\u00e9m podnik\u00e1n\u00ed. Z\u00e1le\u017e\u00ed [&hellip;]\" \/>\n<meta property=\"og:url\" content=\"https:\/\/filplast.pl\/cz\/kontaktujte-nas\/\" \/>\n<meta property=\"og:site_name\" content=\"Filplast po generace\" \/>\n<meta property=\"article:publisher\" content=\"https:\/\/www.facebook.com\/filplast.firma\" \/>\n<meta property=\"article:modified_time\" content=\"2022-07-22T08:45:52+00:00\" \/>\n<meta property=\"og:image\" content=\"https:\/\/filplast.pl\/wp-content\/uploads\/2021\/07\/filplast-office-scaled.jpg\" \/>\n\t<meta property=\"og:image:width\" content=\"2560\" \/>\n\t<meta property=\"og:image:height\" content=\"1399\" \/>\n\t<meta property=\"og:image:type\" content=\"image\/jpeg\" \/>\n<meta name=\"twitter:card\" content=\"summary_large_image\" \/>\n<meta name=\"twitter:label1\" content=\"Odhadovan\u00e1 doba \u010dten\u00ed\" \/>\n\t<meta name=\"twitter:data1\" content=\"1 minuta\" \/>\n<script type=\"application\/ld+json\" class=\"yoast-schema-graph\">{\"@context\":\"https:\/\/schema.org\",\"@graph\":[{\"@type\":\"WebPage\",\"@id\":\"https:\/\/filplast.pl\/cz\/kontaktujte-nas\/\",\"url\":\"https:\/\/filplast.pl\/cz\/kontaktujte-nas\/\",\"name\":\"Kontakt - Filplast po generace\",\"isPartOf\":{\"@id\":\"https:\/\/filplast.pl\/cz\/#website\"},\"primaryImageOfPage\":{\"@id\":\"https:\/\/filplast.pl\/cz\/kontaktujte-nas\/#primaryimage\"},\"image\":{\"@id\":\"https:\/\/filplast.pl\/cz\/kontaktujte-nas\/#primaryimage\"},\"thumbnailUrl\":\"https:\/\/filplast.pl\/wp-content\/uploads\/2021\/07\/filplast-office-scaled.jpg\",\"datePublished\":\"2021-07-22T18:38:32+00:00\",\"dateModified\":\"2022-07-22T08:45:52+00:00\",\"breadcrumb\":{\"@id\":\"https:\/\/filplast.pl\/cz\/kontaktujte-nas\/#breadcrumb\"},\"inLanguage\":\"cs\",\"potentialAction\":[{\"@type\":\"ReadAction\",\"target\":[\"https:\/\/filplast.pl\/cz\/kontaktujte-nas\/\"]}]},{\"@type\":\"ImageObject\",\"inLanguage\":\"cs\",\"@id\":\"https:\/\/filplast.pl\/cz\/kontaktujte-nas\/#primaryimage\",\"url\":\"https:\/\/filplast.pl\/wp-content\/uploads\/2021\/07\/filplast-office-scaled.jpg\",\"contentUrl\":\"https:\/\/filplast.pl\/wp-content\/uploads\/2021\/07\/filplast-office-scaled.jpg\",\"width\":2560,\"height\":1399},{\"@type\":\"BreadcrumbList\",\"@id\":\"https:\/\/filplast.pl\/cz\/kontaktujte-nas\/#breadcrumb\",\"itemListElement\":[{\"@type\":\"ListItem\",\"position\":1,\"name\":\"Hlavn\u00ed strana\",\"item\":\"https:\/\/filplast.pl\/cz\/\"},{\"@type\":\"ListItem\",\"position\":2,\"name\":\"Kontakt\"}]},{\"@type\":\"WebSite\",\"@id\":\"https:\/\/filplast.pl\/cz\/#website\",\"url\":\"https:\/\/filplast.pl\/cz\/\",\"name\":\"Filplast po generace\",\"description\":\"Producent okien, drzwi i rolet\",\"publisher\":{\"@id\":\"https:\/\/filplast.pl\/cz\/#organization\"},\"potentialAction\":[{\"@type\":\"SearchAction\",\"target\":{\"@type\":\"EntryPoint\",\"urlTemplate\":\"https:\/\/filplast.pl\/cz\/?s={search_term_string}\"},\"query-input\":{\"@type\":\"PropertyValueSpecification\",\"valueRequired\":true,\"valueName\":\"search_term_string\"}}],\"inLanguage\":\"cs\"},{\"@type\":\"Organization\",\"@id\":\"https:\/\/filplast.pl\/cz\/#organization\",\"name\":\"Filplast po generace\",\"url\":\"https:\/\/filplast.pl\/cz\/\",\"logo\":{\"@type\":\"ImageObject\",\"inLanguage\":\"cs\",\"@id\":\"https:\/\/filplast.pl\/cz\/#\/schema\/logo\/image\/\",\"url\":\"https:\/\/filplast.pl\/wp-content\/uploads\/2023\/10\/favicon-filplast.png\",\"contentUrl\":\"https:\/\/filplast.pl\/wp-content\/uploads\/2023\/10\/favicon-filplast.png\",\"width\":2134,\"height\":2134,\"caption\":\"Filplast po generace\"},\"image\":{\"@id\":\"https:\/\/filplast.pl\/cz\/#\/schema\/logo\/image\/\"},\"sameAs\":[\"https:\/\/www.facebook.com\/filplast.firma\",\"https:\/\/pl.pinterest.com\/filplast\/\",\"https:\/\/www.youtube.com\/FILPLASTchannel\",\"https:\/\/pl.linkedin.com\/company\/filplast-sp.-z-o.o.\",\"https:\/\/www.instagram.com\/filplast\/\"]}]}<\/script>\n<!-- \/ Yoast SEO plugin. -->","yoast_head_json":{"title":"Kontakt - Filplast po generace","robots":{"index":"index","follow":"follow","max-snippet":"max-snippet:-1","max-image-preview":"max-image-preview:large","max-video-preview":"max-video-preview:-1"},"canonical":"https:\/\/filplast.pl\/cz\/kontaktujte-nas\/","og_locale":"cs_CZ","og_type":"article","og_title":"Kontakt - Filplast po generace","og_description":"Linka d\u016fv\u011bry Kontaktujte na\u0161e poradce! T\u011b\u0161\u00edme se na spolupr\u00e1ci! Dod\u00e1me V\u00e1m nejen v\u00fdrobky nejvy\u0161\u0161\u00ed kvality, ale zajist\u00edme i \u0161kolen\u00ed, technickou, logistickou a servisn\u00ed podporu. V\u011b\u0159\u00edme, \u017ee poctivost a bez\u00fahonnost se vyplat\u00ed v ka\u017ed\u00e9m podnik\u00e1n\u00ed. Z\u00e1le\u017e\u00ed [&hellip;]","og_url":"https:\/\/filplast.pl\/cz\/kontaktujte-nas\/","og_site_name":"Filplast po generace","article_publisher":"https:\/\/www.facebook.com\/filplast.firma","article_modified_time":"2022-07-22T08:45:52+00:00","og_image":[{"width":2560,"height":1399,"url":"https:\/\/filplast.pl\/wp-content\/uploads\/2021\/07\/filplast-office-scaled.jpg","type":"image\/jpeg"}],"twitter_card":"summary_large_image","twitter_misc":{"Odhadovan\u00e1 doba \u010dten\u00ed":"1 minuta"},"schema":{"@context":"https:\/\/schema.org","@graph":[{"@type":"WebPage","@id":"https:\/\/filplast.pl\/cz\/kontaktujte-nas\/","url":"https:\/\/filplast.pl\/cz\/kontaktujte-nas\/","name":"Kontakt - Filplast po generace","isPartOf":{"@id":"https:\/\/filplast.pl\/cz\/#website"},"primaryImageOfPage":{"@id":"https:\/\/filplast.pl\/cz\/kontaktujte-nas\/#primaryimage"},"image":{"@id":"https:\/\/filplast.pl\/cz\/kontaktujte-nas\/#primaryimage"},"thumbnailUrl":"https:\/\/filplast.pl\/wp-content\/uploads\/2021\/07\/filplast-office-scaled.jpg","datePublished":"2021-07-22T18:38:32+00:00","dateModified":"2022-07-22T08:45:52+00:00","breadcrumb":{"@id":"https:\/\/filplast.pl\/cz\/kontaktujte-nas\/#breadcrumb"},"inLanguage":"cs","potentialAction":[{"@type":"ReadAction","target":["https:\/\/filplast.pl\/cz\/kontaktujte-nas\/"]}]},{"@type":"ImageObject","inLanguage":"cs","@id":"https:\/\/filplast.pl\/cz\/kontaktujte-nas\/#primaryimage","url":"https:\/\/filplast.pl\/wp-content\/uploads\/2021\/07\/filplast-office-scaled.jpg","contentUrl":"https:\/\/filplast.pl\/wp-content\/uploads\/2021\/07\/filplast-office-scaled.jpg","width":2560,"height":1399},{"@type":"BreadcrumbList","@id":"https:\/\/filplast.pl\/cz\/kontaktujte-nas\/#breadcrumb","itemListElement":[{"@type":"ListItem","position":1,"name":"Hlavn\u00ed strana","item":"https:\/\/filplast.pl\/cz\/"},{"@type":"ListItem","position":2,"name":"Kontakt"}]},{"@type":"WebSite","@id":"https:\/\/filplast.pl\/cz\/#website","url":"https:\/\/filplast.pl\/cz\/","name":"Filplast po generace","description":"Producent okien, drzwi i rolet","publisher":{"@id":"https:\/\/filplast.pl\/cz\/#organization"},"potentialAction":[{"@type":"SearchAction","target":{"@type":"EntryPoint","urlTemplate":"https:\/\/filplast.pl\/cz\/?s={search_term_string}"},"query-input":{"@type":"PropertyValueSpecification","valueRequired":true,"valueName":"search_term_string"}}],"inLanguage":"cs"},{"@type":"Organization","@id":"https:\/\/filplast.pl\/cz\/#organization","name":"Filplast po generace","url":"https:\/\/filplast.pl\/cz\/","logo":{"@type":"ImageObject","inLanguage":"cs","@id":"https:\/\/filplast.pl\/cz\/#\/schema\/logo\/image\/","url":"https:\/\/filplast.pl\/wp-content\/uploads\/2023\/10\/favicon-filplast.png","contentUrl":"https:\/\/filplast.pl\/wp-content\/uploads\/2023\/10\/favicon-filplast.png","width":2134,"height":2134,"caption":"Filplast po generace"},"image":{"@id":"https:\/\/filplast.pl\/cz\/#\/schema\/logo\/image\/"},"sameAs":["https:\/\/www.facebook.com\/filplast.firma","https:\/\/pl.pinterest.com\/filplast\/","https:\/\/www.youtube.com\/FILPLASTchannel","https:\/\/pl.linkedin.com\/company\/filplast-sp.-z-o.o.","https:\/\/www.instagram.com\/filplast\/"]}]}},"uagb_featured_image_src":{"full":["https:\/\/filplast.pl\/wp-content\/uploads\/2021\/07\/filplast-office-scaled.jpg",2560,1399,false],"thumbnail":["https:\/\/filplast.pl\/wp-content\/uploads\/2021\/07\/filplast-office-150x150.jpg",150,150,true],"medium":["https:\/\/filplast.pl\/wp-content\/uploads\/2021\/07\/filplast-office-300x164.jpg",300,164,true],"medium_large":["https:\/\/filplast.pl\/wp-content\/uploads\/2021\/07\/filplast-office-768x420.jpg",768,420,true],"large":["https:\/\/filplast.pl\/wp-content\/uploads\/2021\/07\/filplast-office-1024x560.jpg",1024,560,true],"1536x1536":["https:\/\/filplast.pl\/wp-content\/uploads\/2021\/07\/filplast-office-1536x839.jpg",1536,839,true],"2048x2048":["https:\/\/filplast.pl\/wp-content\/uploads\/2021\/07\/filplast-office-2048x1119.jpg",2048,1119,true],"depcore-widget-post-thumb":["https:\/\/filplast.pl\/wp-content\/uploads\/2021\/07\/filplast-office-65x65.jpg",65,65,true],"depcore-widget-post-medium":["https:\/\/filplast.pl\/wp-content\/uploads\/2021\/07\/filplast-office-280x150.jpg",280,150,true],"square":["https:\/\/filplast.pl\/wp-content\/uploads\/2021\/07\/filplast-office-500x500.jpg",500,500,true],"small-square":["https:\/\/filplast.pl\/wp-content\/uploads\/2021\/07\/filplast-office-250x250.jpg",250,250,true],"slider-image":["https:\/\/filplast.pl\/wp-content\/uploads\/2021\/07\/filplast-office-1080x500.jpg",1080,500,true],"":["https:\/\/filplast.pl\/wp-content\/uploads\/2021\/07\/filplast-office-scaled.jpg",380,208,false]},"uagb_author_info":{"display_name":"admin","author_link":"https:\/\/filplast.pl\/cz\/author\/admin\/"},"uagb_comment_info":0,"uagb_excerpt":"Linka d\u016fv\u011bry Kontaktujte na\u0161e poradce! T\u011b\u0161\u00edme se na spolupr\u00e1ci! Dod\u00e1me V\u00e1m nejen v\u00fdrobky nejvy\u0161\u0161\u00ed kvality, ale zajist\u00edme i \u0161kolen\u00ed, technickou, logistickou a servisn\u00ed podporu. V\u011b\u0159\u00edme, \u017ee poctivost a bez\u00fahonnost se vyplat\u00ed v ka\u017ed\u00e9m podnik\u00e1n\u00ed. Z\u00e1le\u017e\u00ed [&hellip;]","_links":{"self":[{"href":"https:\/\/filplast.pl\/cz\/wp-json\/wp\/v2\/pages\/14090","targetHints":{"allow":["GET"]}}],"collection":[{"href":"https:\/\/filplast.pl\/cz\/wp-json\/wp\/v2\/pages"}],"about":[{"href":"https:\/\/filplast.pl\/cz\/wp-json\/wp\/v2\/types\/page"}],"author":[{"embeddable":true,"href":"https:\/\/filplast.pl\/cz\/wp-json\/wp\/v2\/users\/1"}],"replies":[{"embeddable":true,"href":"https:\/\/filplast.pl\/cz\/wp-json\/wp\/v2\/comments?post=14090"}],"version-history":[{"count":5,"href":"https:\/\/filplast.pl\/cz\/wp-json\/wp\/v2\/pages\/14090\/revisions"}],"predecessor-version":[{"id":26115,"href":"https:\/\/filplast.pl\/cz\/wp-json\/wp\/v2\/pages\/14090\/revisions\/26115"}],"wp:featuredmedia":[{"embeddable":true,"href":"https:\/\/filplast.pl\/cz\/wp-json\/wp\/v2\/media\/14010"}],"wp:attachment":[{"href":"https:\/\/filplast.pl\/cz\/wp-json\/wp\/v2\/media?parent=14090"}],"curies":[{"name":"wp","href":"https:\/\/api.w.org\/{rel}","templated":true}]}}