{"id":14633,"date":"2021-09-08T14:23:22","date_gmt":"2021-09-08T12:23:22","guid":{"rendered":"https:\/\/filplast.pl\/do-pobrania\/"},"modified":"2026-04-14T15:29:47","modified_gmt":"2026-04-14T13:29:47","slug":"do-pobrania","status":"publish","type":"page","link":"https:\/\/filplast.pl\/cz\/do-pobrania\/","title":{"rendered":"Ke sta\u017een\u00ed"},"content":{"rendered":"<div id=\"modal-ready\">\n<div style=\"height:40px\" aria-hidden=\"true\" class=\"wp-block-spacer\"><\/div>\n\n\n\n<h2 class=\"wp-block-heading\">Barvy d\u00fdhy<\/h2>\n\n\n\n<div style=\"height:40px\" aria-hidden=\"true\" class=\"wp-block-spacer\"><\/div>\n\n\n\n<div style=\"height:30px\" aria-hidden=\"true\" class=\"wp-block-spacer\"><\/div>\n\n\n\n<div class=\"wp-block-file\"><a id=\"wp-block-file--media-0d61c3fb-8dfe-4697-8264-cdb9034b4bea\" href=\"https:\/\/filplast.pl\/katalogi\/kolory-gealan-cz\/#book\/\" target=\"_blank\" rel=\"noreferrer noopener\"><strong>Kolory gealan<\/strong><\/a><\/div>\n\n\n\n<div class=\"wp-block-file\"><a id=\"wp-block-file--media-e352640d-cd97-4705-9f79-996170aa1e0c\" href=\"https:\/\/filplast.pl\/katalogi\/kolory-veka-cz\/#book\/\" target=\"_blank\" rel=\"noreferrer noopener\"><strong>Kolory veka<\/strong> <\/a><\/div>\n\n\n\n<div class=\"wp-block-file\"><a id=\"wp-block-file--media-e352640d-cd97-4705-9f79-996170aa1e0c\" href=\"https:\/\/filplast.pl\/katalogi\/kolory-adec-cz\/#book\/\" target=\"_blank\" rel=\"noreferrer noopener\"><strong>Kolory ADEC<\/strong> <\/a><\/div>\n\n\n\n<div style=\"height:40px\" aria-hidden=\"true\" class=\"wp-block-spacer\"><\/div>\n\n\n\n<div style=\"height:30px\" aria-hidden=\"true\" class=\"wp-block-spacer\"><\/div>\n\n\n\n<h2 class=\"wp-block-heading\">Omalov\u00e1nky<\/h2>\n\n\n\n<div style=\"height:30px\" aria-hidden=\"true\" class=\"wp-block-spacer\"><\/div>\n\n\n\n<div class=\"wp-block-file\"><a id=\"wp-block-file--media-0d61c3fb-8dfe-4697-8264-cdb9034b4bea\" href=\"https:\/\/filplast.pl\/wp-content\/uploads\/2023\/12\/kolorowanka-blackwhite.pdf\" target=\"_blank\" rel=\"noreferrer noopener\"><strong>Filplast<\/strong><\/a><\/div>\n\n\n\n<div style=\"height:70px\" aria-hidden=\"true\" class=\"wp-block-spacer\"><\/div>\n\n\n\n<h2 class=\"wp-block-heading\">Katalogy<\/h2>\n\n\n\n<div style=\"height:30px\" aria-hidden=\"true\" class=\"wp-block-spacer\"><\/div>\n\n\n\n<div class=\"wp-block-file\">\n  <a href=\"https:\/\/filplast.pl\/wp-content\/uploads\/2025\/07\/Katalog-Filplast-\u2013-okna-z-PVC-a-hliniku-dvere-a-systemy.pdf\" target=\"_blank\" rel=\"noreferrer noopener\" type=\"application\/pdf\">\n    <strong>Katalog Filplast \u2013 okna z PVC a hlin\u00edku, dve\u0159e a syst\u00e9my<\/strong>\n  <\/a>\n<\/div>\n\n\n\n<div class=\"wp-block-file\">\n  <a href=\"https:\/\/filplast.pl\/wp-content\/uploads\/2025\/07\/Portfolio-\u2013-produkty-Filplast-v-Evrope.pdf\" target=\"_blank\" rel=\"noreferrer noopener\" type=\"application\/pdf\">\n    <strong>Portfolio \u2013 produkty Filplast v Evrop\u011b<\/strong>\n  <\/a>\n<\/div>\n\n\n\n<div class=\"wp-block-file\">\n  <a href=\"https:\/\/filplast.pl\/wp-content\/uploads\/2025\/07\/Vnitrni-dvere-AluStar-45.pdf\" target=\"_blank\" rel=\"noreferrer noopener\" type=\"application\/pdf\">\n    <strong>Vnit\u0159n\u00ed dve\u0159e AluStar 45<\/strong>\n  <\/a>\n<\/div>\n\n\n\n<div class=\"wp-block-file\">\n  <a href=\"https:\/\/filplast.pl\/wp-content\/uploads\/2025\/07\/Venkovni-rolety.pdf\" target=\"_blank\" rel=\"noreferrer noopener\" type=\"application\/pdf\">\n    <strong>Venkovn\u00ed rolety<\/strong>\n  <\/a>\n<\/div>\n\n\n\n<div class=\"wp-block-file\">\n  <a href=\"https:\/\/filplast.pl\/wp-content\/uploads\/2026\/04\/Terasove-zasteny-1.pdf\" target=\"_blank\" rel=\"noreferrer noopener\" type=\"application\/pdf\">\n    <strong>Terasov\u00e9 z\u00e1st\u011bny<\/strong>\n  <\/a>\n<\/div>\n\n\n\n<div class=\"wp-block-file\">\n  <a href=\"https:\/\/filplast.pl\/wp-content\/uploads\/2025\/07\/Sady-kovani-kliky-a-madla-pro-vchodove-dvere-\u2013-Black-Series.pdf\" target=\"_blank\" rel=\"noreferrer noopener\" type=\"application\/pdf\">\n    <strong>Sady kov\u00e1n\u00ed, kliky a madla pro vchodov\u00e9 dve\u0159e \u2013 Black Series<\/strong>\n  <\/a>\n<\/div>\n\n\n\n<div class=\"wp-block-file\">\n  <a href=\"https:\/\/filplast.pl\/wp-content\/uploads\/2025\/07\/Rolovaci-vrata.pdf\" target=\"_blank\" rel=\"noreferrer noopener\" type=\"application\/pdf\">\n    <strong>Rolovac\u00ed vrata<\/strong>\n  <\/a>\n<\/div>\n\n\n\n<div class=\"wp-block-file\">\n  <a href=\"https:\/\/filplast.pl\/wp-content\/uploads\/2025\/07\/Pohony-a-prislusenstvi-pro-rolety.pdf\" target=\"_blank\" rel=\"noreferrer noopener\" type=\"application\/pdf\">\n    <strong>Pohony a p\u0159\u00edslu\u0161enstv\u00ed pro rolety<\/strong>\n  <\/a>\n<\/div>\n\n\n\n<div class=\"wp-block-file\">\n  <a href=\"https:\/\/filplast.pl\/wp-content\/uploads\/2025\/07\/Moskytiery.pdf\" target=\"_blank\" rel=\"noreferrer noopener\" type=\"application\/pdf\">\n    <strong>Moskyti\u00e9ry<\/strong>\n  <\/a>\n<\/div>\n\n\n\n<div class=\"wp-block-file\">\n  <a href=\"https:\/\/filplast.pl\/wp-content\/uploads\/2025\/07\/Market-Doors-1.pdf\" target=\"_blank\" rel=\"noreferrer noopener\" type=\"application\/pdf\">\n    <strong>Market Doors<\/strong>\n  <\/a>\n<\/div>\n\n\n\n<div class=\"wp-block-file\">\n  <a href=\"https:\/\/filplast.pl\/wp-content\/uploads\/2025\/07\/Kliky-koule-a-madla-dveri.pdf\" target=\"_blank\" rel=\"noreferrer noopener\" type=\"application\/pdf\">\n    <strong>Kliky, koule a madla dve\u0159\u00ed<\/strong>\n  <\/a>\n<\/div>\n\n\n\n<div class=\"wp-block-file\">\n  <a href=\"https:\/\/filplast.pl\/wp-content\/uploads\/2025\/07\/Katalog-premiovych-vchodovych-dveri.pdf\" target=\"_blank\" rel=\"noreferrer noopener\" type=\"application\/pdf\">\n    <strong>Katalog pr\u00e9miov\u00fdch vchodov\u00fdch dve\u0159\u00ed<\/strong>\n  <\/a>\n<\/div>\n\n\n\n<div class=\"wp-block-file\">\n  <a href=\"https:\/\/filplast.pl\/wp-content\/uploads\/2025\/07\/Katalog-dvernich-zamku.pdf\" target=\"_blank\" rel=\"noreferrer noopener\" type=\"application\/pdf\">\n    <strong>Katalog dve\u0159n\u00edch z\u00e1mk\u016f<\/strong>\n  <\/a>\n<\/div>\n\n\n\n<p><\/p>\n<\/div>","protected":false},"excerpt":{"rendered":"<p>Barvy d\u00fdhy Omalov\u00e1nky Katalogy Katalog Filplast \u2013 okna z PVC a hlin\u00edku, dve\u0159e a syst\u00e9my Portfolio \u2013 produkty Filplast v Evrop\u011b Vnit\u0159n\u00ed dve\u0159e AluStar 45 Venkovn\u00ed rolety Terasov\u00e9 z\u00e1st\u011bny Sady kov\u00e1n\u00ed, kliky a madla pro [&hellip;]<\/p>\n","protected":false},"author":1,"featured_media":14638,"parent":0,"menu_order":106,"comment_status":"closed","ping_status":"closed","template":"","meta":{"inline_featured_image":false,"_uag_custom_page_level_css":"","footnotes":""},"class_list":["post-14633","page","type-page","status-publish","has-post-thumbnail","hentry"],"yoast_head":"<!-- This site is optimized with the Yoast SEO plugin v24.7 - https:\/\/yoast.com\/wordpress\/plugins\/seo\/ -->\n<title>Ke sta\u017een\u00ed - Filplast po generace<\/title>\n<meta name=\"robots\" content=\"index, follow, max-snippet:-1, max-image-preview:large, max-video-preview:-1\" \/>\n<link rel=\"canonical\" href=\"https:\/\/filplast.pl\/cz\/do-pobrania\/\" \/>\n<meta property=\"og:locale\" content=\"cs_CZ\" \/>\n<meta property=\"og:type\" content=\"article\" \/>\n<meta property=\"og:title\" content=\"Ke sta\u017een\u00ed - Filplast po generace\" \/>\n<meta property=\"og:description\" content=\"Barvy d\u00fdhy Omalov\u00e1nky Katalogy Katalog Filplast \u2013 okna z PVC a hlin\u00edku, dve\u0159e a syst\u00e9my Portfolio \u2013 produkty Filplast v Evrop\u011b Vnit\u0159n\u00ed dve\u0159e AluStar 45 Venkovn\u00ed rolety Terasov\u00e9 z\u00e1st\u011bny Sady kov\u00e1n\u00ed, kliky a madla pro [&hellip;]\" \/>\n<meta property=\"og:url\" content=\"https:\/\/filplast.pl\/cz\/do-pobrania\/\" \/>\n<meta property=\"og:site_name\" content=\"Filplast po generace\" \/>\n<meta property=\"article:publisher\" content=\"https:\/\/www.facebook.com\/filplast.firma\" \/>\n<meta property=\"article:modified_time\" content=\"2026-04-14T13:29:47+00:00\" \/>\n<meta property=\"og:image\" content=\"https:\/\/filplast.pl\/wp-content\/uploads\/2021\/02\/do-pobrania.jpg\" \/>\n\t<meta property=\"og:image:width\" content=\"1080\" \/>\n\t<meta property=\"og:image:height\" content=\"500\" \/>\n\t<meta property=\"og:image:type\" content=\"image\/jpeg\" \/>\n<meta name=\"twitter:card\" content=\"summary_large_image\" \/>\n<meta name=\"twitter:label1\" content=\"Odhadovan\u00e1 doba \u010dten\u00ed\" \/>\n\t<meta name=\"twitter:data1\" content=\"1 minuta\" \/>\n<script type=\"application\/ld+json\" class=\"yoast-schema-graph\">{\"@context\":\"https:\/\/schema.org\",\"@graph\":[{\"@type\":\"WebPage\",\"@id\":\"https:\/\/filplast.pl\/cz\/do-pobrania\/\",\"url\":\"https:\/\/filplast.pl\/cz\/do-pobrania\/\",\"name\":\"Ke sta\u017een\u00ed - Filplast po generace\",\"isPartOf\":{\"@id\":\"https:\/\/filplast.pl\/cz\/#website\"},\"primaryImageOfPage\":{\"@id\":\"https:\/\/filplast.pl\/cz\/do-pobrania\/#primaryimage\"},\"image\":{\"@id\":\"https:\/\/filplast.pl\/cz\/do-pobrania\/#primaryimage\"},\"thumbnailUrl\":\"https:\/\/filplast.pl\/wp-content\/uploads\/2021\/02\/do-pobrania.jpg\",\"datePublished\":\"2021-09-08T12:23:22+00:00\",\"dateModified\":\"2026-04-14T13:29:47+00:00\",\"breadcrumb\":{\"@id\":\"https:\/\/filplast.pl\/cz\/do-pobrania\/#breadcrumb\"},\"inLanguage\":\"cs\",\"potentialAction\":[{\"@type\":\"ReadAction\",\"target\":[\"https:\/\/filplast.pl\/cz\/do-pobrania\/\"]}]},{\"@type\":\"ImageObject\",\"inLanguage\":\"cs\",\"@id\":\"https:\/\/filplast.pl\/cz\/do-pobrania\/#primaryimage\",\"url\":\"https:\/\/filplast.pl\/wp-content\/uploads\/2021\/02\/do-pobrania.jpg\",\"contentUrl\":\"https:\/\/filplast.pl\/wp-content\/uploads\/2021\/02\/do-pobrania.jpg\",\"width\":1080,\"height\":500},{\"@type\":\"BreadcrumbList\",\"@id\":\"https:\/\/filplast.pl\/cz\/do-pobrania\/#breadcrumb\",\"itemListElement\":[{\"@type\":\"ListItem\",\"position\":1,\"name\":\"Hlavn\u00ed strana\",\"item\":\"https:\/\/filplast.pl\/cz\/\"},{\"@type\":\"ListItem\",\"position\":2,\"name\":\"Ke sta\u017een\u00ed\"}]},{\"@type\":\"WebSite\",\"@id\":\"https:\/\/filplast.pl\/cz\/#website\",\"url\":\"https:\/\/filplast.pl\/cz\/\",\"name\":\"Filplast po generace\",\"description\":\"Producent okien, drzwi i rolet\",\"publisher\":{\"@id\":\"https:\/\/filplast.pl\/cz\/#organization\"},\"potentialAction\":[{\"@type\":\"SearchAction\",\"target\":{\"@type\":\"EntryPoint\",\"urlTemplate\":\"https:\/\/filplast.pl\/cz\/?s={search_term_string}\"},\"query-input\":{\"@type\":\"PropertyValueSpecification\",\"valueRequired\":true,\"valueName\":\"search_term_string\"}}],\"inLanguage\":\"cs\"},{\"@type\":\"Organization\",\"@id\":\"https:\/\/filplast.pl\/cz\/#organization\",\"name\":\"Filplast po generace\",\"url\":\"https:\/\/filplast.pl\/cz\/\",\"logo\":{\"@type\":\"ImageObject\",\"inLanguage\":\"cs\",\"@id\":\"https:\/\/filplast.pl\/cz\/#\/schema\/logo\/image\/\",\"url\":\"https:\/\/filplast.pl\/wp-content\/uploads\/2023\/10\/favicon-filplast.png\",\"contentUrl\":\"https:\/\/filplast.pl\/wp-content\/uploads\/2023\/10\/favicon-filplast.png\",\"width\":2134,\"height\":2134,\"caption\":\"Filplast po generace\"},\"image\":{\"@id\":\"https:\/\/filplast.pl\/cz\/#\/schema\/logo\/image\/\"},\"sameAs\":[\"https:\/\/www.facebook.com\/filplast.firma\",\"https:\/\/pl.pinterest.com\/filplast\/\",\"https:\/\/www.youtube.com\/FILPLASTchannel\",\"https:\/\/pl.linkedin.com\/company\/filplast-sp.-z-o.o.\",\"https:\/\/www.instagram.com\/filplast\/\"]}]}<\/script>\n<!-- \/ Yoast SEO plugin. -->","yoast_head_json":{"title":"Ke sta\u017een\u00ed - Filplast po generace","robots":{"index":"index","follow":"follow","max-snippet":"max-snippet:-1","max-image-preview":"max-image-preview:large","max-video-preview":"max-video-preview:-1"},"canonical":"https:\/\/filplast.pl\/cz\/do-pobrania\/","og_locale":"cs_CZ","og_type":"article","og_title":"Ke sta\u017een\u00ed - Filplast po generace","og_description":"Barvy d\u00fdhy Omalov\u00e1nky Katalogy Katalog Filplast \u2013 okna z PVC a hlin\u00edku, dve\u0159e a syst\u00e9my Portfolio \u2013 produkty Filplast v Evrop\u011b Vnit\u0159n\u00ed dve\u0159e AluStar 45 Venkovn\u00ed rolety Terasov\u00e9 z\u00e1st\u011bny Sady kov\u00e1n\u00ed, kliky a madla pro [&hellip;]","og_url":"https:\/\/filplast.pl\/cz\/do-pobrania\/","og_site_name":"Filplast po generace","article_publisher":"https:\/\/www.facebook.com\/filplast.firma","article_modified_time":"2026-04-14T13:29:47+00:00","og_image":[{"width":1080,"height":500,"url":"https:\/\/filplast.pl\/wp-content\/uploads\/2021\/02\/do-pobrania.jpg","type":"image\/jpeg"}],"twitter_card":"summary_large_image","twitter_misc":{"Odhadovan\u00e1 doba \u010dten\u00ed":"1 minuta"},"schema":{"@context":"https:\/\/schema.org","@graph":[{"@type":"WebPage","@id":"https:\/\/filplast.pl\/cz\/do-pobrania\/","url":"https:\/\/filplast.pl\/cz\/do-pobrania\/","name":"Ke sta\u017een\u00ed - Filplast po generace","isPartOf":{"@id":"https:\/\/filplast.pl\/cz\/#website"},"primaryImageOfPage":{"@id":"https:\/\/filplast.pl\/cz\/do-pobrania\/#primaryimage"},"image":{"@id":"https:\/\/filplast.pl\/cz\/do-pobrania\/#primaryimage"},"thumbnailUrl":"https:\/\/filplast.pl\/wp-content\/uploads\/2021\/02\/do-pobrania.jpg","datePublished":"2021-09-08T12:23:22+00:00","dateModified":"2026-04-14T13:29:47+00:00","breadcrumb":{"@id":"https:\/\/filplast.pl\/cz\/do-pobrania\/#breadcrumb"},"inLanguage":"cs","potentialAction":[{"@type":"ReadAction","target":["https:\/\/filplast.pl\/cz\/do-pobrania\/"]}]},{"@type":"ImageObject","inLanguage":"cs","@id":"https:\/\/filplast.pl\/cz\/do-pobrania\/#primaryimage","url":"https:\/\/filplast.pl\/wp-content\/uploads\/2021\/02\/do-pobrania.jpg","contentUrl":"https:\/\/filplast.pl\/wp-content\/uploads\/2021\/02\/do-pobrania.jpg","width":1080,"height":500},{"@type":"BreadcrumbList","@id":"https:\/\/filplast.pl\/cz\/do-pobrania\/#breadcrumb","itemListElement":[{"@type":"ListItem","position":1,"name":"Hlavn\u00ed strana","item":"https:\/\/filplast.pl\/cz\/"},{"@type":"ListItem","position":2,"name":"Ke sta\u017een\u00ed"}]},{"@type":"WebSite","@id":"https:\/\/filplast.pl\/cz\/#website","url":"https:\/\/filplast.pl\/cz\/","name":"Filplast po generace","description":"Producent okien, drzwi i rolet","publisher":{"@id":"https:\/\/filplast.pl\/cz\/#organization"},"potentialAction":[{"@type":"SearchAction","target":{"@type":"EntryPoint","urlTemplate":"https:\/\/filplast.pl\/cz\/?s={search_term_string}"},"query-input":{"@type":"PropertyValueSpecification","valueRequired":true,"valueName":"search_term_string"}}],"inLanguage":"cs"},{"@type":"Organization","@id":"https:\/\/filplast.pl\/cz\/#organization","name":"Filplast po generace","url":"https:\/\/filplast.pl\/cz\/","logo":{"@type":"ImageObject","inLanguage":"cs","@id":"https:\/\/filplast.pl\/cz\/#\/schema\/logo\/image\/","url":"https:\/\/filplast.pl\/wp-content\/uploads\/2023\/10\/favicon-filplast.png","contentUrl":"https:\/\/filplast.pl\/wp-content\/uploads\/2023\/10\/favicon-filplast.png","width":2134,"height":2134,"caption":"Filplast po generace"},"image":{"@id":"https:\/\/filplast.pl\/cz\/#\/schema\/logo\/image\/"},"sameAs":["https:\/\/www.facebook.com\/filplast.firma","https:\/\/pl.pinterest.com\/filplast\/","https:\/\/www.youtube.com\/FILPLASTchannel","https:\/\/pl.linkedin.com\/company\/filplast-sp.-z-o.o.","https:\/\/www.instagram.com\/filplast\/"]}]}},"uagb_featured_image_src":{"full":["https:\/\/filplast.pl\/wp-content\/uploads\/2021\/02\/do-pobrania.jpg",1080,500,false],"thumbnail":["https:\/\/filplast.pl\/wp-content\/uploads\/2021\/02\/do-pobrania-150x150.jpg",150,150,true],"medium":["https:\/\/filplast.pl\/wp-content\/uploads\/2021\/02\/do-pobrania-300x139.jpg",300,139,true],"medium_large":["https:\/\/filplast.pl\/wp-content\/uploads\/2021\/02\/do-pobrania-768x356.jpg",768,356,true],"large":["https:\/\/filplast.pl\/wp-content\/uploads\/2021\/02\/do-pobrania-1024x474.jpg",1024,474,true],"1536x1536":["https:\/\/filplast.pl\/wp-content\/uploads\/2021\/02\/do-pobrania.jpg",1080,500,false],"2048x2048":["https:\/\/filplast.pl\/wp-content\/uploads\/2021\/02\/do-pobrania.jpg",1080,500,false],"depcore-widget-post-thumb":["https:\/\/filplast.pl\/wp-content\/uploads\/2021\/02\/do-pobrania-65x65.jpg",65,65,true],"depcore-widget-post-medium":["https:\/\/filplast.pl\/wp-content\/uploads\/2021\/02\/do-pobrania-280x150.jpg",280,150,true],"square":["https:\/\/filplast.pl\/wp-content\/uploads\/2021\/02\/do-pobrania-500x500.jpg",500,500,true],"small-square":["https:\/\/filplast.pl\/wp-content\/uploads\/2021\/02\/do-pobrania-250x250.jpg",250,250,true],"slider-image":["https:\/\/filplast.pl\/wp-content\/uploads\/2021\/02\/do-pobrania-1080x500.jpg",1080,500,true],"":["https:\/\/filplast.pl\/wp-content\/uploads\/2021\/02\/do-pobrania.jpg",380,176,false]},"uagb_author_info":{"display_name":"admin","author_link":"https:\/\/filplast.pl\/cz\/author\/admin\/"},"uagb_comment_info":0,"uagb_excerpt":"Barvy d\u00fdhy Omalov\u00e1nky Katalogy Katalog Filplast \u2013 okna z PVC a hlin\u00edku, dve\u0159e a syst\u00e9my Portfolio \u2013 produkty Filplast v Evrop\u011b Vnit\u0159n\u00ed dve\u0159e AluStar 45 Venkovn\u00ed rolety Terasov\u00e9 z\u00e1st\u011bny Sady kov\u00e1n\u00ed, kliky a madla pro [&hellip;]","_links":{"self":[{"href":"https:\/\/filplast.pl\/cz\/wp-json\/wp\/v2\/pages\/14633","targetHints":{"allow":["GET"]}}],"collection":[{"href":"https:\/\/filplast.pl\/cz\/wp-json\/wp\/v2\/pages"}],"about":[{"href":"https:\/\/filplast.pl\/cz\/wp-json\/wp\/v2\/types\/page"}],"author":[{"embeddable":true,"href":"https:\/\/filplast.pl\/cz\/wp-json\/wp\/v2\/users\/1"}],"replies":[{"embeddable":true,"href":"https:\/\/filplast.pl\/cz\/wp-json\/wp\/v2\/comments?post=14633"}],"version-history":[{"count":61,"href":"https:\/\/filplast.pl\/cz\/wp-json\/wp\/v2\/pages\/14633\/revisions"}],"predecessor-version":[{"id":66358,"href":"https:\/\/filplast.pl\/cz\/wp-json\/wp\/v2\/pages\/14633\/revisions\/66358"}],"wp:featuredmedia":[{"embeddable":true,"href":"https:\/\/filplast.pl\/cz\/wp-json\/wp\/v2\/media\/14638"}],"wp:attachment":[{"href":"https:\/\/filplast.pl\/cz\/wp-json\/wp\/v2\/media?parent=14633"}],"curies":[{"name":"wp","href":"https:\/\/api.w.org\/{rel}","templated":true}]}}