{"id":26538,"date":"2022-07-26T11:03:56","date_gmt":"2022-07-26T09:03:56","guid":{"rendered":"https:\/\/filplast.pl\/?page_id=26538"},"modified":"2022-07-26T13:24:12","modified_gmt":"2022-07-26T11:24:12","slug":"okna-dvere-a-rolety-7-dnu","status":"publish","type":"page","link":"https:\/\/filplast.pl\/cz\/okna-dvere-a-rolety-7-dnu\/","title":{"rendered":"Okna, dve\u0159e a rolety 7 dn\u016f!"},"content":{"rendered":"<div id=\"modal-ready\">\n<div class=\"wp-block-columns is-layout-flex wp-container-core-columns-is-layout-1 wp-block-columns-is-layout-flex\">\n<div class=\"wp-block-column is-layout-flow wp-block-column-is-layout-flow\">\n<div class=\"wp-block-image\"><figure class=\"aligncenter size-full is-resized\"><img loading=\"lazy\" decoding=\"async\" src=\"https:\/\/filplast.pl\/wp-content\/uploads\/2022\/07\/7-1.jpg\" alt=\"\" class=\"wp-image-26551\" width=\"100\" height=\"100\" srcset=\"https:\/\/filplast.pl\/wp-content\/uploads\/2022\/07\/7-1.jpg 417w, https:\/\/filplast.pl\/wp-content\/uploads\/2022\/07\/7-1-300x300.jpg 300w, https:\/\/filplast.pl\/wp-content\/uploads\/2022\/07\/7-1-150x150.jpg 150w, https:\/\/filplast.pl\/wp-content\/uploads\/2022\/07\/7-1-65x65.jpg 65w, https:\/\/filplast.pl\/wp-content\/uploads\/2022\/07\/7-1-250x250.jpg 250w\" sizes=\"auto, (max-width: 100px) 100vw, 100px\" \/><\/figure><\/div>\n\n\n\n<p class=\"has-text-align-center has-text-color\" style=\"color:#00387b;font-size:18px\"><strong>1.<\/strong><\/p>\n\n\n\n<p class=\"has-text-align-center has-text-color\" style=\"color:#00387b;font-size:18px\"><strong>objedn\u00e1vka<\/strong><\/p>\n<\/div>\n\n\n\n<div class=\"wp-block-column is-layout-flow wp-block-column-is-layout-flow\">\n<div class=\"wp-block-image\"><figure class=\"aligncenter size-full is-resized\"><img loading=\"lazy\" decoding=\"async\" src=\"https:\/\/filplast.pl\/wp-content\/uploads\/2022\/07\/8-1.jpg\" alt=\"\" class=\"wp-image-26557\" width=\"100\" height=\"100\" srcset=\"https:\/\/filplast.pl\/wp-content\/uploads\/2022\/07\/8-1.jpg 417w, https:\/\/filplast.pl\/wp-content\/uploads\/2022\/07\/8-1-300x300.jpg 300w, https:\/\/filplast.pl\/wp-content\/uploads\/2022\/07\/8-1-150x150.jpg 150w, https:\/\/filplast.pl\/wp-content\/uploads\/2022\/07\/8-1-65x65.jpg 65w, https:\/\/filplast.pl\/wp-content\/uploads\/2022\/07\/8-1-250x250.jpg 250w\" sizes=\"auto, (max-width: 100px) 100vw, 100px\" \/><\/figure><\/div>\n\n\n\n<p class=\"has-text-align-center has-text-color\" style=\"color:#00387b;font-size:18px\"><strong>2.<\/strong><\/p>\n\n\n\n<p class=\"has-text-align-center has-text-color\" style=\"color:#00387b;font-size:18px\"><strong>v\u00fdroba za 7 pracovn\u00edch dn\u00ed<\/strong><\/p>\n\n\n\n<p class=\"has-text-align-center\"><\/p>\n<\/div>\n\n\n\n<div class=\"wp-block-column is-layout-flow wp-block-column-is-layout-flow\">\n<div class=\"wp-block-image\"><figure class=\"aligncenter size-full is-resized\"><img loading=\"lazy\" decoding=\"async\" src=\"https:\/\/filplast.pl\/wp-content\/uploads\/2022\/07\/9-1.jpg\" alt=\"\" class=\"wp-image-26563\" width=\"100\" height=\"100\" srcset=\"https:\/\/filplast.pl\/wp-content\/uploads\/2022\/07\/9-1.jpg 417w, https:\/\/filplast.pl\/wp-content\/uploads\/2022\/07\/9-1-300x300.jpg 300w, https:\/\/filplast.pl\/wp-content\/uploads\/2022\/07\/9-1-150x150.jpg 150w, https:\/\/filplast.pl\/wp-content\/uploads\/2022\/07\/9-1-65x65.jpg 65w, https:\/\/filplast.pl\/wp-content\/uploads\/2022\/07\/9-1-250x250.jpg 250w\" sizes=\"auto, (max-width: 100px) 100vw, 100px\" \/><\/figure><\/div>\n\n\n\n<p class=\"has-text-align-center has-text-color\" style=\"color:#00387b;font-size:18px\"><strong>3.<\/strong><\/p>\n\n\n\n<p class=\"has-text-align-center has-text-color\" style=\"color:#00387b;font-size:18px\"><strong>hotov\u00e1 objedn\u00e1vka<\/strong><\/p>\n<\/div>\n\n\n\n<div class=\"wp-block-column is-layout-flow wp-block-column-is-layout-flow\">\n<div class=\"wp-block-image\"><figure class=\"aligncenter size-full is-resized\"><img loading=\"lazy\" decoding=\"async\" src=\"https:\/\/filplast.pl\/wp-content\/uploads\/2022\/07\/6-1.jpg\" alt=\"\" class=\"wp-image-26545\" width=\"100\" height=\"100\" srcset=\"https:\/\/filplast.pl\/wp-content\/uploads\/2022\/07\/6-1.jpg 417w, https:\/\/filplast.pl\/wp-content\/uploads\/2022\/07\/6-1-300x300.jpg 300w, https:\/\/filplast.pl\/wp-content\/uploads\/2022\/07\/6-1-150x150.jpg 150w, https:\/\/filplast.pl\/wp-content\/uploads\/2022\/07\/6-1-65x65.jpg 65w, https:\/\/filplast.pl\/wp-content\/uploads\/2022\/07\/6-1-250x250.jpg 250w\" sizes=\"auto, (max-width: 100px) 100vw, 100px\" \/><\/figure><\/div>\n\n\n\n<p class=\"has-text-align-center has-text-color\" style=\"color:#00387b;font-size:18px\"><strong>4.<\/strong><\/p>\n\n\n\n<p class=\"has-text-align-center has-text-color\" style=\"color:#00387b;font-size:18px\"><strong>transport<\/strong><\/p>\n<\/div>\n<\/div>\n\n\n\n<div style=\"height:30px\" aria-hidden=\"true\" class=\"wp-block-spacer\"><\/div>\n\n\n\n<div class=\"wp-block-columns is-layout-flex wp-container-core-columns-is-layout-2 wp-block-columns-is-layout-flex\">\n<div class=\"wp-block-column is-layout-flow wp-block-column-is-layout-flow\" style=\"flex-basis:33.33%\">\n<div class=\"wp-block-image\"><figure class=\"aligncenter size-full\"><img loading=\"lazy\" decoding=\"async\" width=\"500\" height=\"462\" src=\"https:\/\/filplast.pl\/wp-content\/uploads\/2022\/07\/okno2-2.jpg\" alt=\"\" class=\"wp-image-26577\" srcset=\"https:\/\/filplast.pl\/wp-content\/uploads\/2022\/07\/okno2-2.jpg 500w, https:\/\/filplast.pl\/wp-content\/uploads\/2022\/07\/okno2-2-300x277.jpg 300w\" sizes=\"auto, (max-width: 500px) 100vw, 500px\" \/><\/figure><\/div>\n<\/div>\n\n\n\n<div class=\"wp-block-column is-layout-flow wp-block-column-is-layout-flow\" style=\"flex-basis:50%\">\n<p class=\"has-medium-font-size\">\u2022 akce se vztahuje na okna ve standardn\u00edch profilech <strong><a href=\"https:\/\/filplast.pl\/cz\/vyrobek\/climastar-76\/\" target=\"_blank\" rel=\"noreferrer noopener\">ClimaStar 76 MD<\/a><\/strong> (r\u00e1m, k\u0159\u00eddlo, \u0161tulp) se standardn\u00edm sklem a kov\u00e1n\u00edm a \u010dern\u00fdm extrudovan\u00fdm t\u011bsn\u011bn\u00edm<br><br>\u2022 akce se vztahuje na dve\u0159e ve standardu syst\u00e9mu <strong><a href=\"https:\/\/filplast.pl\/wp-content\/uploads\/2022\/07\/dvere-CS82-za-7-dni-2.pdf\" target=\"_blank\" rel=\"noreferrer noopener\">ClimaStar 82<\/a><\/strong><br><br>\u2022 akce se vztahuje na b\u00edl\u00e1 okna a dve\u0159e a jednostrann\u011b f\u00f3liovan\u00e1 v barv\u00e1ch antracitu<br><br>\u2022 akce se vztahuje na naokenn\u00ed <strong><a href=\"https:\/\/filplast.pl\/cz\/vyrobek\/rmk\/\" target=\"_blank\" rel=\"noreferrer noopener\">rolety RMK<\/a><\/strong> a p\u0159edokenn\u00ed <strong><a href=\"https:\/\/filplast.pl\/cz\/kategorie-produktu\/predokenni-rolety\/\" target=\"_blank\" rel=\"noreferrer noopener\">rolety SK, SP a SP-E<\/a><\/strong> ve vybran\u00fdch barv\u00e1ch<br><br>\u2022 podrobn\u00e9 informace o receptur\u00e1ch produkt\u016f, na kter\u00e9 se akce vztahuje V\u00e1m poskytnou Va\u0161i pracovn\u00edci obsluhy<br><br>\u2022 nab\u00eddka je platn\u00e1 do 30. z\u00e1\u0159\u00ed 2022 v\u010detn\u011b (rozhoduj\u00edc\u00ed je datum p\u0159ijet\u00ed objedn\u00e1vky)<br><br>\u2022 Filplast si vyhrazuje pr\u00e1vo akci kdykoliv zru\u0161it bez ud\u00e1n\u00ed d\u016fvod\u016f, pokud to neovlivn\u00ed pln\u011bn\u00ed smluv uzav\u0159en\u00fdch v dob\u011b jej\u00ed platnosti<\/p>\n<\/div>\n<\/div>\n\n\n\n<div style=\"height:30px\" aria-hidden=\"true\" class=\"wp-block-spacer\"><\/div>\n\n\n\n<div class=\"wp-block-image\"><figure class=\"aligncenter size-large is-resized\"><img loading=\"lazy\" decoding=\"async\" src=\"https:\/\/filplast.pl\/wp-content\/uploads\/2022\/07\/baner-dom-cz-4_-1024x383.jpg\" alt=\"\" class=\"wp-image-26634\" width=\"1250\" height=\"400\"\/><\/figure><\/div>\n\n\n\n<div style=\"height:80px\" aria-hidden=\"true\" class=\"wp-block-spacer\"><\/div>\n<\/div>","protected":false},"excerpt":{"rendered":"<p>1. objedn\u00e1vka 2. v\u00fdroba za 7 pracovn\u00edch dn\u00ed 3. hotov\u00e1 objedn\u00e1vka 4. transport \u2022 akce se vztahuje na okna ve standardn\u00edch profilech ClimaStar 76 MD (r\u00e1m, k\u0159\u00eddlo, \u0161tulp) se standardn\u00edm sklem a kov\u00e1n\u00edm a \u010dern\u00fdm [&hellip;]<\/p>\n","protected":false},"author":4,"featured_media":26584,"parent":0,"menu_order":70,"comment_status":"closed","ping_status":"closed","template":"","meta":{"inline_featured_image":false,"_uag_custom_page_level_css":"","footnotes":""},"class_list":["post-26538","page","type-page","status-publish","has-post-thumbnail","hentry"],"yoast_head":"<!-- This site is optimized with the Yoast SEO plugin v24.7 - https:\/\/yoast.com\/wordpress\/plugins\/seo\/ -->\n<title>Okna, dve\u0159e a rolety 7 dn\u016f! - Filplast po generace<\/title>\n<meta name=\"robots\" content=\"index, follow, max-snippet:-1, max-image-preview:large, max-video-preview:-1\" \/>\n<link rel=\"canonical\" href=\"https:\/\/filplast.pl\/cz\/okna-dvere-a-rolety-7-dnu\/\" \/>\n<meta property=\"og:locale\" content=\"cs_CZ\" \/>\n<meta property=\"og:type\" content=\"article\" \/>\n<meta property=\"og:title\" content=\"Okna, dve\u0159e a rolety 7 dn\u016f! - Filplast po generace\" \/>\n<meta property=\"og:description\" content=\"1. objedn\u00e1vka 2. v\u00fdroba za 7 pracovn\u00edch dn\u00ed 3. hotov\u00e1 objedn\u00e1vka 4. transport \u2022 akce se vztahuje na okna ve standardn\u00edch profilech ClimaStar 76 MD (r\u00e1m, k\u0159\u00eddlo, \u0161tulp) se standardn\u00edm sklem a kov\u00e1n\u00edm a \u010dern\u00fdm [&hellip;]\" \/>\n<meta property=\"og:url\" content=\"https:\/\/filplast.pl\/cz\/okna-dvere-a-rolety-7-dnu\/\" \/>\n<meta property=\"og:site_name\" content=\"Filplast po generace\" \/>\n<meta property=\"article:publisher\" content=\"https:\/\/www.facebook.com\/filplast.firma\" \/>\n<meta property=\"article:modified_time\" content=\"2022-07-26T11:24:12+00:00\" \/>\n<meta property=\"og:image\" content=\"https:\/\/filplast.pl\/wp-content\/uploads\/2022\/07\/baner-pl-filplast-1.jpg\" \/>\n\t<meta property=\"og:image:width\" content=\"1080\" \/>\n\t<meta property=\"og:image:height\" content=\"500\" \/>\n\t<meta property=\"og:image:type\" content=\"image\/jpeg\" \/>\n<meta name=\"twitter:card\" content=\"summary_large_image\" \/>\n<meta name=\"twitter:label1\" content=\"Odhadovan\u00e1 doba \u010dten\u00ed\" \/>\n\t<meta name=\"twitter:data1\" content=\"2 minuty\" \/>\n<script type=\"application\/ld+json\" class=\"yoast-schema-graph\">{\"@context\":\"https:\/\/schema.org\",\"@graph\":[{\"@type\":\"WebPage\",\"@id\":\"https:\/\/filplast.pl\/cz\/okna-dvere-a-rolety-7-dnu\/\",\"url\":\"https:\/\/filplast.pl\/cz\/okna-dvere-a-rolety-7-dnu\/\",\"name\":\"Okna, dve\u0159e a rolety 7 dn\u016f! - Filplast po generace\",\"isPartOf\":{\"@id\":\"https:\/\/filplast.pl\/cz\/#website\"},\"primaryImageOfPage\":{\"@id\":\"https:\/\/filplast.pl\/cz\/okna-dvere-a-rolety-7-dnu\/#primaryimage\"},\"image\":{\"@id\":\"https:\/\/filplast.pl\/cz\/okna-dvere-a-rolety-7-dnu\/#primaryimage\"},\"thumbnailUrl\":\"https:\/\/filplast.pl\/wp-content\/uploads\/2022\/07\/baner-pl-filplast-1.jpg\",\"datePublished\":\"2022-07-26T09:03:56+00:00\",\"dateModified\":\"2022-07-26T11:24:12+00:00\",\"breadcrumb\":{\"@id\":\"https:\/\/filplast.pl\/cz\/okna-dvere-a-rolety-7-dnu\/#breadcrumb\"},\"inLanguage\":\"cs\",\"potentialAction\":[{\"@type\":\"ReadAction\",\"target\":[\"https:\/\/filplast.pl\/cz\/okna-dvere-a-rolety-7-dnu\/\"]}]},{\"@type\":\"ImageObject\",\"inLanguage\":\"cs\",\"@id\":\"https:\/\/filplast.pl\/cz\/okna-dvere-a-rolety-7-dnu\/#primaryimage\",\"url\":\"https:\/\/filplast.pl\/wp-content\/uploads\/2022\/07\/baner-pl-filplast-1.jpg\",\"contentUrl\":\"https:\/\/filplast.pl\/wp-content\/uploads\/2022\/07\/baner-pl-filplast-1.jpg\",\"width\":1080,\"height\":500},{\"@type\":\"BreadcrumbList\",\"@id\":\"https:\/\/filplast.pl\/cz\/okna-dvere-a-rolety-7-dnu\/#breadcrumb\",\"itemListElement\":[{\"@type\":\"ListItem\",\"position\":1,\"name\":\"Hlavn\u00ed strana\",\"item\":\"https:\/\/filplast.pl\/cz\/\"},{\"@type\":\"ListItem\",\"position\":2,\"name\":\"Okna, dve\u0159e a rolety 7 dn\u016f!\"}]},{\"@type\":\"WebSite\",\"@id\":\"https:\/\/filplast.pl\/cz\/#website\",\"url\":\"https:\/\/filplast.pl\/cz\/\",\"name\":\"Filplast po generace\",\"description\":\"Producent okien, drzwi i rolet\",\"publisher\":{\"@id\":\"https:\/\/filplast.pl\/cz\/#organization\"},\"potentialAction\":[{\"@type\":\"SearchAction\",\"target\":{\"@type\":\"EntryPoint\",\"urlTemplate\":\"https:\/\/filplast.pl\/cz\/?s={search_term_string}\"},\"query-input\":{\"@type\":\"PropertyValueSpecification\",\"valueRequired\":true,\"valueName\":\"search_term_string\"}}],\"inLanguage\":\"cs\"},{\"@type\":\"Organization\",\"@id\":\"https:\/\/filplast.pl\/cz\/#organization\",\"name\":\"Filplast po generace\",\"url\":\"https:\/\/filplast.pl\/cz\/\",\"logo\":{\"@type\":\"ImageObject\",\"inLanguage\":\"cs\",\"@id\":\"https:\/\/filplast.pl\/cz\/#\/schema\/logo\/image\/\",\"url\":\"https:\/\/filplast.pl\/wp-content\/uploads\/2023\/10\/favicon-filplast.png\",\"contentUrl\":\"https:\/\/filplast.pl\/wp-content\/uploads\/2023\/10\/favicon-filplast.png\",\"width\":2134,\"height\":2134,\"caption\":\"Filplast po generace\"},\"image\":{\"@id\":\"https:\/\/filplast.pl\/cz\/#\/schema\/logo\/image\/\"},\"sameAs\":[\"https:\/\/www.facebook.com\/filplast.firma\",\"https:\/\/pl.pinterest.com\/filplast\/\",\"https:\/\/www.youtube.com\/FILPLASTchannel\",\"https:\/\/pl.linkedin.com\/company\/filplast-sp.-z-o.o.\",\"https:\/\/www.instagram.com\/filplast\/\"]}]}<\/script>\n<!-- \/ Yoast SEO plugin. -->","yoast_head_json":{"title":"Okna, dve\u0159e a rolety 7 dn\u016f! - Filplast po generace","robots":{"index":"index","follow":"follow","max-snippet":"max-snippet:-1","max-image-preview":"max-image-preview:large","max-video-preview":"max-video-preview:-1"},"canonical":"https:\/\/filplast.pl\/cz\/okna-dvere-a-rolety-7-dnu\/","og_locale":"cs_CZ","og_type":"article","og_title":"Okna, dve\u0159e a rolety 7 dn\u016f! - Filplast po generace","og_description":"1. objedn\u00e1vka 2. v\u00fdroba za 7 pracovn\u00edch dn\u00ed 3. hotov\u00e1 objedn\u00e1vka 4. transport \u2022 akce se vztahuje na okna ve standardn\u00edch profilech ClimaStar 76 MD (r\u00e1m, k\u0159\u00eddlo, \u0161tulp) se standardn\u00edm sklem a kov\u00e1n\u00edm a \u010dern\u00fdm [&hellip;]","og_url":"https:\/\/filplast.pl\/cz\/okna-dvere-a-rolety-7-dnu\/","og_site_name":"Filplast po generace","article_publisher":"https:\/\/www.facebook.com\/filplast.firma","article_modified_time":"2022-07-26T11:24:12+00:00","og_image":[{"width":1080,"height":500,"url":"https:\/\/filplast.pl\/wp-content\/uploads\/2022\/07\/baner-pl-filplast-1.jpg","type":"image\/jpeg"}],"twitter_card":"summary_large_image","twitter_misc":{"Odhadovan\u00e1 doba \u010dten\u00ed":"2 minuty"},"schema":{"@context":"https:\/\/schema.org","@graph":[{"@type":"WebPage","@id":"https:\/\/filplast.pl\/cz\/okna-dvere-a-rolety-7-dnu\/","url":"https:\/\/filplast.pl\/cz\/okna-dvere-a-rolety-7-dnu\/","name":"Okna, dve\u0159e a rolety 7 dn\u016f! - Filplast po generace","isPartOf":{"@id":"https:\/\/filplast.pl\/cz\/#website"},"primaryImageOfPage":{"@id":"https:\/\/filplast.pl\/cz\/okna-dvere-a-rolety-7-dnu\/#primaryimage"},"image":{"@id":"https:\/\/filplast.pl\/cz\/okna-dvere-a-rolety-7-dnu\/#primaryimage"},"thumbnailUrl":"https:\/\/filplast.pl\/wp-content\/uploads\/2022\/07\/baner-pl-filplast-1.jpg","datePublished":"2022-07-26T09:03:56+00:00","dateModified":"2022-07-26T11:24:12+00:00","breadcrumb":{"@id":"https:\/\/filplast.pl\/cz\/okna-dvere-a-rolety-7-dnu\/#breadcrumb"},"inLanguage":"cs","potentialAction":[{"@type":"ReadAction","target":["https:\/\/filplast.pl\/cz\/okna-dvere-a-rolety-7-dnu\/"]}]},{"@type":"ImageObject","inLanguage":"cs","@id":"https:\/\/filplast.pl\/cz\/okna-dvere-a-rolety-7-dnu\/#primaryimage","url":"https:\/\/filplast.pl\/wp-content\/uploads\/2022\/07\/baner-pl-filplast-1.jpg","contentUrl":"https:\/\/filplast.pl\/wp-content\/uploads\/2022\/07\/baner-pl-filplast-1.jpg","width":1080,"height":500},{"@type":"BreadcrumbList","@id":"https:\/\/filplast.pl\/cz\/okna-dvere-a-rolety-7-dnu\/#breadcrumb","itemListElement":[{"@type":"ListItem","position":1,"name":"Hlavn\u00ed strana","item":"https:\/\/filplast.pl\/cz\/"},{"@type":"ListItem","position":2,"name":"Okna, dve\u0159e a rolety 7 dn\u016f!"}]},{"@type":"WebSite","@id":"https:\/\/filplast.pl\/cz\/#website","url":"https:\/\/filplast.pl\/cz\/","name":"Filplast po generace","description":"Producent okien, drzwi i rolet","publisher":{"@id":"https:\/\/filplast.pl\/cz\/#organization"},"potentialAction":[{"@type":"SearchAction","target":{"@type":"EntryPoint","urlTemplate":"https:\/\/filplast.pl\/cz\/?s={search_term_string}"},"query-input":{"@type":"PropertyValueSpecification","valueRequired":true,"valueName":"search_term_string"}}],"inLanguage":"cs"},{"@type":"Organization","@id":"https:\/\/filplast.pl\/cz\/#organization","name":"Filplast po generace","url":"https:\/\/filplast.pl\/cz\/","logo":{"@type":"ImageObject","inLanguage":"cs","@id":"https:\/\/filplast.pl\/cz\/#\/schema\/logo\/image\/","url":"https:\/\/filplast.pl\/wp-content\/uploads\/2023\/10\/favicon-filplast.png","contentUrl":"https:\/\/filplast.pl\/wp-content\/uploads\/2023\/10\/favicon-filplast.png","width":2134,"height":2134,"caption":"Filplast po generace"},"image":{"@id":"https:\/\/filplast.pl\/cz\/#\/schema\/logo\/image\/"},"sameAs":["https:\/\/www.facebook.com\/filplast.firma","https:\/\/pl.pinterest.com\/filplast\/","https:\/\/www.youtube.com\/FILPLASTchannel","https:\/\/pl.linkedin.com\/company\/filplast-sp.-z-o.o.","https:\/\/www.instagram.com\/filplast\/"]}]}},"uagb_featured_image_src":{"full":["https:\/\/filplast.pl\/wp-content\/uploads\/2022\/07\/baner-pl-filplast-1.jpg",1080,500,false],"thumbnail":["https:\/\/filplast.pl\/wp-content\/uploads\/2022\/07\/baner-pl-filplast-1-150x150.jpg",150,150,true],"medium":["https:\/\/filplast.pl\/wp-content\/uploads\/2022\/07\/baner-pl-filplast-1-300x139.jpg",300,139,true],"medium_large":["https:\/\/filplast.pl\/wp-content\/uploads\/2022\/07\/baner-pl-filplast-1-768x356.jpg",768,356,true],"large":["https:\/\/filplast.pl\/wp-content\/uploads\/2022\/07\/baner-pl-filplast-1-1024x474.jpg",1024,474,true],"1536x1536":["https:\/\/filplast.pl\/wp-content\/uploads\/2022\/07\/baner-pl-filplast-1.jpg",1080,500,false],"2048x2048":["https:\/\/filplast.pl\/wp-content\/uploads\/2022\/07\/baner-pl-filplast-1.jpg",1080,500,false],"depcore-widget-post-thumb":["https:\/\/filplast.pl\/wp-content\/uploads\/2022\/07\/baner-pl-filplast-1-65x65.jpg",65,65,true],"depcore-widget-post-medium":["https:\/\/filplast.pl\/wp-content\/uploads\/2022\/07\/baner-pl-filplast-1-280x150.jpg",280,150,true],"square":["https:\/\/filplast.pl\/wp-content\/uploads\/2022\/07\/baner-pl-filplast-1-500x500.jpg",500,500,true],"small-square":["https:\/\/filplast.pl\/wp-content\/uploads\/2022\/07\/baner-pl-filplast-1-250x250.jpg",250,250,true],"slider-image":["https:\/\/filplast.pl\/wp-content\/uploads\/2022\/07\/baner-pl-filplast-1.jpg",1080,500,false],"":["https:\/\/filplast.pl\/wp-content\/uploads\/2022\/07\/baner-pl-filplast-1.jpg",380,176,false]},"uagb_author_info":{"display_name":"Agnieszka Losor","author_link":"https:\/\/filplast.pl\/cz\/author\/agnieszka\/"},"uagb_comment_info":0,"uagb_excerpt":"1. objedn\u00e1vka 2. v\u00fdroba za 7 pracovn\u00edch dn\u00ed 3. hotov\u00e1 objedn\u00e1vka 4. transport \u2022 akce se vztahuje na okna ve standardn\u00edch profilech ClimaStar 76 MD (r\u00e1m, k\u0159\u00eddlo, \u0161tulp) se standardn\u00edm sklem a kov\u00e1n\u00edm a \u010dern\u00fdm [&hellip;]","_links":{"self":[{"href":"https:\/\/filplast.pl\/cz\/wp-json\/wp\/v2\/pages\/26538","targetHints":{"allow":["GET"]}}],"collection":[{"href":"https:\/\/filplast.pl\/cz\/wp-json\/wp\/v2\/pages"}],"about":[{"href":"https:\/\/filplast.pl\/cz\/wp-json\/wp\/v2\/types\/page"}],"author":[{"embeddable":true,"href":"https:\/\/filplast.pl\/cz\/wp-json\/wp\/v2\/users\/4"}],"replies":[{"embeddable":true,"href":"https:\/\/filplast.pl\/cz\/wp-json\/wp\/v2\/comments?post=26538"}],"version-history":[{"count":16,"href":"https:\/\/filplast.pl\/cz\/wp-json\/wp\/v2\/pages\/26538\/revisions"}],"predecessor-version":[{"id":26722,"href":"https:\/\/filplast.pl\/cz\/wp-json\/wp\/v2\/pages\/26538\/revisions\/26722"}],"wp:featuredmedia":[{"embeddable":true,"href":"https:\/\/filplast.pl\/cz\/wp-json\/wp\/v2\/media\/26584"}],"wp:attachment":[{"href":"https:\/\/filplast.pl\/cz\/wp-json\/wp\/v2\/media?parent=26538"}],"curies":[{"name":"wp","href":"https:\/\/api.w.org\/{rel}","templated":true}]}}