{"id":35031,"date":"2023-03-14T09:10:04","date_gmt":"2023-03-14T08:10:04","guid":{"rendered":"https:\/\/filplast.pl\/philipdoor\/"},"modified":"2026-03-26T15:30:06","modified_gmt":"2026-03-26T14:30:06","slug":"philipdoor","status":"publish","type":"page","link":"https:\/\/filplast.pl\/cz\/philipdoor\/","title":{"rendered":"Katalogy PhilipDoor"},"content":{"rendered":"<div id=\"modal-ready\">\n<div class=\"wp-block-columns is-layout-flex wp-container-core-columns-is-layout-1 wp-block-columns-is-layout-flex\">\n<div class=\"wp-block-column is-layout-flow wp-block-column-is-layout-flow\" style=\"flex-basis:68%\">\n<figure class=\"wp-block-image aligncenter size-full is-resized is-style-rounded\"><a href=\"https:\/\/filplast.pl\/katalogi\/katalog-drzwi-premium-cz\" target=\"_blank\" rel=\"noreferrer noopener\"><img loading=\"lazy\" decoding=\"async\" width=\"2560\" height=\"1440\" src=\"https:\/\/filplast.pl\/wp-content\/uploads\/2025\/01\/KATALOG-DVERI-PREMIUM.png\" alt=\"\" class=\"wp-image-54292\" style=\"width:878px\" srcset=\"https:\/\/filplast.pl\/wp-content\/uploads\/2025\/01\/KATALOG-DVERI-PREMIUM.png 2560w, https:\/\/filplast.pl\/wp-content\/uploads\/2025\/01\/KATALOG-DVERI-PREMIUM-400x225.png 400w, https:\/\/filplast.pl\/wp-content\/uploads\/2025\/01\/KATALOG-DVERI-PREMIUM-1024x576.png 1024w, https:\/\/filplast.pl\/wp-content\/uploads\/2025\/01\/KATALOG-DVERI-PREMIUM-768x432.png 768w, https:\/\/filplast.pl\/wp-content\/uploads\/2025\/01\/KATALOG-DVERI-PREMIUM-1536x864.png 1536w, https:\/\/filplast.pl\/wp-content\/uploads\/2025\/01\/KATALOG-DVERI-PREMIUM-2048x1152.png 2048w\" sizes=\"auto, (max-width: 2560px) 100vw, 2560px\" \/><\/a><\/figure>\n<\/div>\n\n\n\n<div class=\"wp-block-column is-layout-flow wp-block-column-is-layout-flow\">\n<figure class=\"wp-block-image alignleft size-large is-resized\"><a href=\"https:\/\/filplast.pl\/wp-content\/uploads\/2026\/03\/Premiove-dvere-Specialni-nabidka.pdf\" target=\"_blank\" rel=\" noreferrer noopener\"><img loading=\"lazy\" decoding=\"async\" width=\"724\" height=\"1024\" src=\"https:\/\/filplast.pl\/wp-content\/uploads\/2025\/11\/CZ-724x1024.png\" alt=\"\" class=\"wp-image-62814\" style=\"width:360px\" srcset=\"https:\/\/filplast.pl\/wp-content\/uploads\/2025\/11\/CZ-724x1024.png 724w, https:\/\/filplast.pl\/wp-content\/uploads\/2025\/11\/CZ-283x400.png 283w, https:\/\/filplast.pl\/wp-content\/uploads\/2025\/11\/CZ-768x1086.png 768w, https:\/\/filplast.pl\/wp-content\/uploads\/2025\/11\/CZ-1086x1536.png 1086w, https:\/\/filplast.pl\/wp-content\/uploads\/2025\/11\/CZ.png 1414w\" sizes=\"auto, (max-width: 724px) 100vw, 724px\" \/><\/a><\/figure>\n<\/div>\n<\/div>\n\n\n\n<div class=\"wp-block-columns is-layout-flex wp-container-core-columns-is-layout-2 wp-block-columns-is-layout-flex\">\n<div class=\"wp-block-column is-layout-flow wp-block-column-is-layout-flow\">\n<figure class=\"wp-block-image aligncenter size-full is-style-default\"><a href=\"https:\/\/filplast.pl\/katalogi\/katalog-filplast-alustar-45-cz\/#book\/\" target=\"_blank\" rel=\"noreferrer noopener\"><img loading=\"lazy\" decoding=\"async\" width=\"350\" height=\"495\" src=\"https:\/\/filplast.pl\/wp-content\/uploads\/2023\/02\/mb-45-cz-2-1.jpg\" alt=\"\" class=\"wp-image-33960\" srcset=\"https:\/\/filplast.pl\/wp-content\/uploads\/2023\/02\/mb-45-cz-2-1.jpg 350w, https:\/\/filplast.pl\/wp-content\/uploads\/2023\/02\/mb-45-cz-2-1-212x300.jpg 212w\" sizes=\"auto, (max-width: 350px) 100vw, 350px\" \/><\/a><\/figure>\n<\/div>\n\n\n\n<div class=\"wp-block-column is-layout-flow wp-block-column-is-layout-flow\">\n<figure class=\"wp-block-image aligncenter size-full is-resized is-style-default\"><a href=\"\/katalogi\/Philipdoor-Market-doors-cz\" target=\"_blank\" rel=\"noopener\"><img loading=\"lazy\" decoding=\"async\" width=\"350\" height=\"495\" src=\"https:\/\/filplast.pl\/wp-content\/uploads\/2022\/04\/market-1.jpg\" alt=\"\" class=\"wp-image-22744\" style=\"width:360px\" srcset=\"https:\/\/filplast.pl\/wp-content\/uploads\/2022\/04\/market-1.jpg 350w, https:\/\/filplast.pl\/wp-content\/uploads\/2022\/04\/market-1-212x300.jpg 212w\" sizes=\"auto, (max-width: 350px) 100vw, 350px\" \/><\/a><\/figure>\n\n\n\n<p><\/p>\n<\/div>\n\n\n\n<div class=\"wp-block-column is-layout-flow wp-block-column-is-layout-flow\">\n<figure class=\"wp-block-image aligncenter size-full is-resized\"><a href=\"https:\/\/filplast.pl\/katalogi\/Trend-collection-cz\/#book\/\" target=\"_blank\" rel=\" noreferrer noopener\"><img loading=\"lazy\" decoding=\"async\" width=\"595\" height=\"842\" src=\"https:\/\/filplast.pl\/wp-content\/uploads\/2025\/12\/Trend-Doors-cover.jpg\" alt=\"\" class=\"wp-image-63487\" style=\"width:360px\" srcset=\"https:\/\/filplast.pl\/wp-content\/uploads\/2025\/12\/Trend-Doors-cover.jpg 595w, https:\/\/filplast.pl\/wp-content\/uploads\/2025\/12\/Trend-Doors-cover-283x400.jpg 283w\" sizes=\"auto, (max-width: 595px) 100vw, 595px\" \/><\/a><\/figure>\n<\/div>\n<\/div>\n\n\n\n<div class=\"wp-block-columns is-layout-flex wp-container-core-columns-is-layout-3 wp-block-columns-is-layout-flex\">\n<div class=\"wp-block-column is-layout-flow wp-block-column-is-layout-flow\">\n<figure class=\"wp-block-image aligncenter size-full\"><a href=\"https:\/\/filplast.pl\/wp-content\/uploads\/2025\/12\/katalog-klik-2025-CZ.pdf\" target=\"_blank\" rel=\"noreferrer noopener\"><img loading=\"lazy\" decoding=\"async\" width=\"350\" height=\"495\" src=\"https:\/\/filplast.pl\/wp-content\/uploads\/2023\/10\/katalog-klamek-cz-1.jpg\" alt=\"\" class=\"wp-image-40257\" srcset=\"https:\/\/filplast.pl\/wp-content\/uploads\/2023\/10\/katalog-klamek-cz-1.jpg 350w, https:\/\/filplast.pl\/wp-content\/uploads\/2023\/10\/katalog-klamek-cz-1-212x300.jpg 212w\" sizes=\"auto, (max-width: 350px) 100vw, 350px\" \/><\/a><\/figure>\n<\/div>\n\n\n\n<div class=\"wp-block-column is-layout-flow wp-block-column-is-layout-flow\">\n<figure class=\"wp-block-image aligncenter size-full is-resized is-style-default\"><a href=\"https:\/\/filplast.pl\/katalogi\/Katalog-zamkow-CZ\/#book\/\" target=\"_blank\" rel=\"noreferrer noopener\"><img loading=\"lazy\" decoding=\"async\" width=\"1191\" height=\"1684\" src=\"https:\/\/filplast.pl\/wp-content\/uploads\/2025\/04\/0001-1.png\" alt=\"\" class=\"wp-image-57056\" style=\"width:360px\" srcset=\"https:\/\/filplast.pl\/wp-content\/uploads\/2025\/04\/0001-1.png 1191w, https:\/\/filplast.pl\/wp-content\/uploads\/2025\/04\/0001-1-283x400.png 283w, https:\/\/filplast.pl\/wp-content\/uploads\/2025\/04\/0001-1-724x1024.png 724w, https:\/\/filplast.pl\/wp-content\/uploads\/2025\/04\/0001-1-768x1086.png 768w, https:\/\/filplast.pl\/wp-content\/uploads\/2025\/04\/0001-1-1086x1536.png 1086w\" sizes=\"auto, (max-width: 1191px) 100vw, 1191px\" \/><\/a><\/figure>\n<\/div>\n\n\n\n<div class=\"wp-block-column is-layout-flow wp-block-column-is-layout-flow\">\n<figure class=\"wp-block-image aligncenter size-full is-resized\"><a href=\"https:\/\/filplast.pl\/katalogi\/black-series-cz\/#book\/\" target=\"_blank\" rel=\"noreferrer noopener\"><img loading=\"lazy\" decoding=\"async\" width=\"350\" height=\"495\" src=\"https:\/\/filplast.pl\/wp-content\/uploads\/2023\/02\/mb-45-fr-2.jpg\" alt=\"\" class=\"wp-image-33936\" style=\"width:360px\" srcset=\"https:\/\/filplast.pl\/wp-content\/uploads\/2023\/02\/mb-45-fr-2.jpg 350w, https:\/\/filplast.pl\/wp-content\/uploads\/2023\/02\/mb-45-fr-2-212x300.jpg 212w\" sizes=\"auto, (max-width: 350px) 100vw, 350px\" \/><\/a><\/figure>\n<\/div>\n<\/div>\n<\/div>","protected":false},"excerpt":{"rendered":"","protected":false},"author":1,"featured_media":9447,"parent":0,"menu_order":89,"comment_status":"closed","ping_status":"closed","template":"","meta":{"inline_featured_image":false,"_uag_custom_page_level_css":"","footnotes":""},"class_list":["post-35031","page","type-page","status-publish","has-post-thumbnail","hentry"],"yoast_head":"<!-- This site is optimized with the Yoast SEO plugin v24.7 - https:\/\/yoast.com\/wordpress\/plugins\/seo\/ -->\n<title>Katalogy PhilipDoor - Filplast po generace<\/title>\n<meta name=\"robots\" content=\"index, follow, max-snippet:-1, max-image-preview:large, max-video-preview:-1\" \/>\n<link rel=\"canonical\" href=\"https:\/\/filplast.pl\/cz\/philipdoor\/\" \/>\n<meta property=\"og:locale\" content=\"cs_CZ\" \/>\n<meta property=\"og:type\" content=\"article\" \/>\n<meta property=\"og:title\" content=\"Katalogy PhilipDoor - Filplast po generace\" \/>\n<meta property=\"og:url\" content=\"https:\/\/filplast.pl\/cz\/philipdoor\/\" \/>\n<meta property=\"og:site_name\" content=\"Filplast po generace\" \/>\n<meta property=\"article:publisher\" content=\"https:\/\/www.facebook.com\/filplast.firma\" \/>\n<meta property=\"article:modified_time\" content=\"2026-03-26T14:30:06+00:00\" \/>\n<meta property=\"og:image\" content=\"https:\/\/filplast.pl\/wp-content\/uploads\/2021\/02\/Philipdoor2.jpg\" \/>\n\t<meta property=\"og:image:width\" content=\"1080\" \/>\n\t<meta property=\"og:image:height\" content=\"500\" \/>\n\t<meta property=\"og:image:type\" content=\"image\/jpeg\" \/>\n<meta name=\"twitter:card\" content=\"summary_large_image\" \/>\n<meta name=\"twitter:label1\" content=\"Odhadovan\u00e1 doba \u010dten\u00ed\" \/>\n\t<meta name=\"twitter:data1\" content=\"2 minuty\" \/>\n<script type=\"application\/ld+json\" class=\"yoast-schema-graph\">{\"@context\":\"https:\/\/schema.org\",\"@graph\":[{\"@type\":\"WebPage\",\"@id\":\"https:\/\/filplast.pl\/cz\/philipdoor\/\",\"url\":\"https:\/\/filplast.pl\/cz\/philipdoor\/\",\"name\":\"Katalogy PhilipDoor - Filplast po generace\",\"isPartOf\":{\"@id\":\"https:\/\/filplast.pl\/cz\/#website\"},\"primaryImageOfPage\":{\"@id\":\"https:\/\/filplast.pl\/cz\/philipdoor\/#primaryimage\"},\"image\":{\"@id\":\"https:\/\/filplast.pl\/cz\/philipdoor\/#primaryimage\"},\"thumbnailUrl\":\"https:\/\/filplast.pl\/wp-content\/uploads\/2021\/02\/Philipdoor2.jpg\",\"datePublished\":\"2023-03-14T08:10:04+00:00\",\"dateModified\":\"2026-03-26T14:30:06+00:00\",\"breadcrumb\":{\"@id\":\"https:\/\/filplast.pl\/cz\/philipdoor\/#breadcrumb\"},\"inLanguage\":\"cs\",\"potentialAction\":[{\"@type\":\"ReadAction\",\"target\":[\"https:\/\/filplast.pl\/cz\/philipdoor\/\"]}]},{\"@type\":\"ImageObject\",\"inLanguage\":\"cs\",\"@id\":\"https:\/\/filplast.pl\/cz\/philipdoor\/#primaryimage\",\"url\":\"https:\/\/filplast.pl\/wp-content\/uploads\/2021\/02\/Philipdoor2.jpg\",\"contentUrl\":\"https:\/\/filplast.pl\/wp-content\/uploads\/2021\/02\/Philipdoor2.jpg\",\"width\":1080,\"height\":500},{\"@type\":\"BreadcrumbList\",\"@id\":\"https:\/\/filplast.pl\/cz\/philipdoor\/#breadcrumb\",\"itemListElement\":[{\"@type\":\"ListItem\",\"position\":1,\"name\":\"Hlavn\u00ed strana\",\"item\":\"https:\/\/filplast.pl\/cz\/\"},{\"@type\":\"ListItem\",\"position\":2,\"name\":\"Katalogy PhilipDoor\"}]},{\"@type\":\"WebSite\",\"@id\":\"https:\/\/filplast.pl\/cz\/#website\",\"url\":\"https:\/\/filplast.pl\/cz\/\",\"name\":\"Filplast po generace\",\"description\":\"Producent okien, drzwi i rolet\",\"publisher\":{\"@id\":\"https:\/\/filplast.pl\/cz\/#organization\"},\"potentialAction\":[{\"@type\":\"SearchAction\",\"target\":{\"@type\":\"EntryPoint\",\"urlTemplate\":\"https:\/\/filplast.pl\/cz\/?s={search_term_string}\"},\"query-input\":{\"@type\":\"PropertyValueSpecification\",\"valueRequired\":true,\"valueName\":\"search_term_string\"}}],\"inLanguage\":\"cs\"},{\"@type\":\"Organization\",\"@id\":\"https:\/\/filplast.pl\/cz\/#organization\",\"name\":\"Filplast po generace\",\"url\":\"https:\/\/filplast.pl\/cz\/\",\"logo\":{\"@type\":\"ImageObject\",\"inLanguage\":\"cs\",\"@id\":\"https:\/\/filplast.pl\/cz\/#\/schema\/logo\/image\/\",\"url\":\"https:\/\/filplast.pl\/wp-content\/uploads\/2023\/10\/favicon-filplast.png\",\"contentUrl\":\"https:\/\/filplast.pl\/wp-content\/uploads\/2023\/10\/favicon-filplast.png\",\"width\":2134,\"height\":2134,\"caption\":\"Filplast po generace\"},\"image\":{\"@id\":\"https:\/\/filplast.pl\/cz\/#\/schema\/logo\/image\/\"},\"sameAs\":[\"https:\/\/www.facebook.com\/filplast.firma\",\"https:\/\/pl.pinterest.com\/filplast\/\",\"https:\/\/www.youtube.com\/FILPLASTchannel\",\"https:\/\/pl.linkedin.com\/company\/filplast-sp.-z-o.o.\",\"https:\/\/www.instagram.com\/filplast\/\"]}]}<\/script>\n<!-- \/ Yoast SEO plugin. -->","yoast_head_json":{"title":"Katalogy PhilipDoor - Filplast po generace","robots":{"index":"index","follow":"follow","max-snippet":"max-snippet:-1","max-image-preview":"max-image-preview:large","max-video-preview":"max-video-preview:-1"},"canonical":"https:\/\/filplast.pl\/cz\/philipdoor\/","og_locale":"cs_CZ","og_type":"article","og_title":"Katalogy PhilipDoor - Filplast po generace","og_url":"https:\/\/filplast.pl\/cz\/philipdoor\/","og_site_name":"Filplast po generace","article_publisher":"https:\/\/www.facebook.com\/filplast.firma","article_modified_time":"2026-03-26T14:30:06+00:00","og_image":[{"width":1080,"height":500,"url":"https:\/\/filplast.pl\/wp-content\/uploads\/2021\/02\/Philipdoor2.jpg","type":"image\/jpeg"}],"twitter_card":"summary_large_image","twitter_misc":{"Odhadovan\u00e1 doba \u010dten\u00ed":"2 minuty"},"schema":{"@context":"https:\/\/schema.org","@graph":[{"@type":"WebPage","@id":"https:\/\/filplast.pl\/cz\/philipdoor\/","url":"https:\/\/filplast.pl\/cz\/philipdoor\/","name":"Katalogy PhilipDoor - Filplast po generace","isPartOf":{"@id":"https:\/\/filplast.pl\/cz\/#website"},"primaryImageOfPage":{"@id":"https:\/\/filplast.pl\/cz\/philipdoor\/#primaryimage"},"image":{"@id":"https:\/\/filplast.pl\/cz\/philipdoor\/#primaryimage"},"thumbnailUrl":"https:\/\/filplast.pl\/wp-content\/uploads\/2021\/02\/Philipdoor2.jpg","datePublished":"2023-03-14T08:10:04+00:00","dateModified":"2026-03-26T14:30:06+00:00","breadcrumb":{"@id":"https:\/\/filplast.pl\/cz\/philipdoor\/#breadcrumb"},"inLanguage":"cs","potentialAction":[{"@type":"ReadAction","target":["https:\/\/filplast.pl\/cz\/philipdoor\/"]}]},{"@type":"ImageObject","inLanguage":"cs","@id":"https:\/\/filplast.pl\/cz\/philipdoor\/#primaryimage","url":"https:\/\/filplast.pl\/wp-content\/uploads\/2021\/02\/Philipdoor2.jpg","contentUrl":"https:\/\/filplast.pl\/wp-content\/uploads\/2021\/02\/Philipdoor2.jpg","width":1080,"height":500},{"@type":"BreadcrumbList","@id":"https:\/\/filplast.pl\/cz\/philipdoor\/#breadcrumb","itemListElement":[{"@type":"ListItem","position":1,"name":"Hlavn\u00ed strana","item":"https:\/\/filplast.pl\/cz\/"},{"@type":"ListItem","position":2,"name":"Katalogy PhilipDoor"}]},{"@type":"WebSite","@id":"https:\/\/filplast.pl\/cz\/#website","url":"https:\/\/filplast.pl\/cz\/","name":"Filplast po generace","description":"Producent okien, drzwi i rolet","publisher":{"@id":"https:\/\/filplast.pl\/cz\/#organization"},"potentialAction":[{"@type":"SearchAction","target":{"@type":"EntryPoint","urlTemplate":"https:\/\/filplast.pl\/cz\/?s={search_term_string}"},"query-input":{"@type":"PropertyValueSpecification","valueRequired":true,"valueName":"search_term_string"}}],"inLanguage":"cs"},{"@type":"Organization","@id":"https:\/\/filplast.pl\/cz\/#organization","name":"Filplast po generace","url":"https:\/\/filplast.pl\/cz\/","logo":{"@type":"ImageObject","inLanguage":"cs","@id":"https:\/\/filplast.pl\/cz\/#\/schema\/logo\/image\/","url":"https:\/\/filplast.pl\/wp-content\/uploads\/2023\/10\/favicon-filplast.png","contentUrl":"https:\/\/filplast.pl\/wp-content\/uploads\/2023\/10\/favicon-filplast.png","width":2134,"height":2134,"caption":"Filplast po generace"},"image":{"@id":"https:\/\/filplast.pl\/cz\/#\/schema\/logo\/image\/"},"sameAs":["https:\/\/www.facebook.com\/filplast.firma","https:\/\/pl.pinterest.com\/filplast\/","https:\/\/www.youtube.com\/FILPLASTchannel","https:\/\/pl.linkedin.com\/company\/filplast-sp.-z-o.o.","https:\/\/www.instagram.com\/filplast\/"]}]}},"uagb_featured_image_src":{"full":["https:\/\/filplast.pl\/wp-content\/uploads\/2021\/02\/Philipdoor2.jpg",1080,500,false],"thumbnail":["https:\/\/filplast.pl\/wp-content\/uploads\/2021\/02\/Philipdoor2-150x150.jpg",150,150,true],"medium":["https:\/\/filplast.pl\/wp-content\/uploads\/2021\/02\/Philipdoor2-300x139.jpg",300,139,true],"medium_large":["https:\/\/filplast.pl\/wp-content\/uploads\/2021\/02\/Philipdoor2-768x356.jpg",768,356,true],"large":["https:\/\/filplast.pl\/wp-content\/uploads\/2021\/02\/Philipdoor2-1024x474.jpg",1024,474,true],"1536x1536":["https:\/\/filplast.pl\/wp-content\/uploads\/2021\/02\/Philipdoor2.jpg",1080,500,false],"2048x2048":["https:\/\/filplast.pl\/wp-content\/uploads\/2021\/02\/Philipdoor2.jpg",1080,500,false],"depcore-widget-post-thumb":["https:\/\/filplast.pl\/wp-content\/uploads\/2021\/02\/Philipdoor2-65x65.jpg",65,65,true],"depcore-widget-post-medium":["https:\/\/filplast.pl\/wp-content\/uploads\/2021\/02\/Philipdoor2-280x150.jpg",280,150,true],"square":["https:\/\/filplast.pl\/wp-content\/uploads\/2021\/02\/Philipdoor2-500x500.jpg",500,500,true],"small-square":["https:\/\/filplast.pl\/wp-content\/uploads\/2021\/02\/Philipdoor2-250x250.jpg",250,250,true],"slider-image":["https:\/\/filplast.pl\/wp-content\/uploads\/2021\/02\/Philipdoor2.jpg",1080,500,false],"":["https:\/\/filplast.pl\/wp-content\/uploads\/2021\/02\/Philipdoor2.jpg",380,176,false]},"uagb_author_info":{"display_name":"admin","author_link":"https:\/\/filplast.pl\/cz\/author\/admin\/"},"uagb_comment_info":0,"uagb_excerpt":null,"_links":{"self":[{"href":"https:\/\/filplast.pl\/cz\/wp-json\/wp\/v2\/pages\/35031","targetHints":{"allow":["GET"]}}],"collection":[{"href":"https:\/\/filplast.pl\/cz\/wp-json\/wp\/v2\/pages"}],"about":[{"href":"https:\/\/filplast.pl\/cz\/wp-json\/wp\/v2\/types\/page"}],"author":[{"embeddable":true,"href":"https:\/\/filplast.pl\/cz\/wp-json\/wp\/v2\/users\/1"}],"replies":[{"embeddable":true,"href":"https:\/\/filplast.pl\/cz\/wp-json\/wp\/v2\/comments?post=35031"}],"version-history":[{"count":38,"href":"https:\/\/filplast.pl\/cz\/wp-json\/wp\/v2\/pages\/35031\/revisions"}],"predecessor-version":[{"id":65871,"href":"https:\/\/filplast.pl\/cz\/wp-json\/wp\/v2\/pages\/35031\/revisions\/65871"}],"wp:featuredmedia":[{"embeddable":true,"href":"https:\/\/filplast.pl\/cz\/wp-json\/wp\/v2\/media\/9447"}],"wp:attachment":[{"href":"https:\/\/filplast.pl\/cz\/wp-json\/wp\/v2\/media?parent=35031"}],"curies":[{"name":"wp","href":"https:\/\/api.w.org\/{rel}","templated":true}]}}