{"id":37335,"date":"2023-05-11T12:53:21","date_gmt":"2023-05-11T10:53:21","guid":{"rendered":"https:\/\/filplast.pl\/katalog-online-2\/"},"modified":"2025-07-23T12:27:20","modified_gmt":"2025-07-23T10:27:20","slug":"katalog-online-2","status":"publish","type":"page","link":"https:\/\/filplast.pl\/cz\/katalog-online-2\/","title":{"rendered":"Katalog online"},"content":{"rendered":"<div id=\"modal-ready\">\n<div class=\"wp-block-columns is-layout-flex wp-container-core-columns-is-layout-1 wp-block-columns-is-layout-flex\">\n<div class=\"wp-block-column is-layout-flow wp-block-column-is-layout-flow\">\n<figure class=\"wp-block-image aligncenter size-full\"><a href=\"https:\/\/filplast.pl\/katalogi\/katalog-filplast-cz\/#book\/\"><img loading=\"lazy\" decoding=\"async\" width=\"350\" height=\"495\" src=\"https:\/\/filplast.pl\/wp-content\/uploads\/2023\/04\/katalog-de.jpg\" alt=\"\" class=\"wp-image-36112\" srcset=\"https:\/\/filplast.pl\/wp-content\/uploads\/2023\/04\/katalog-de.jpg 350w, https:\/\/filplast.pl\/wp-content\/uploads\/2023\/04\/katalog-de-212x300.jpg 212w\" sizes=\"auto, (max-width: 350px) 100vw, 350px\" \/><\/a><\/figure>\n<\/div>\n\n\n\n<div class=\"wp-block-column is-layout-flow wp-block-column-is-layout-flow\">\n<figure class=\"wp-block-image aligncenter size-full is-resized\"><a href=\"https:\/\/filplast.pl\/katalogi\/Katalog-Filplast-cz-Tarasowe-oslony-przeciwsloneczne\/#book\/\" target=\"_blank\" rel=\"noreferrer noopener\"><img loading=\"lazy\" decoding=\"async\" width=\"595\" height=\"842\" src=\"https:\/\/filplast.pl\/wp-content\/uploads\/2025\/07\/cz-cover.png\" alt=\"\" class=\"wp-image-61375\" style=\"width:350px\" srcset=\"https:\/\/filplast.pl\/wp-content\/uploads\/2025\/07\/cz-cover.png 595w, https:\/\/filplast.pl\/wp-content\/uploads\/2025\/07\/cz-cover-283x400.png 283w\" sizes=\"auto, (max-width: 595px) 100vw, 595px\" \/><\/a><\/figure>\n\n\n\n<p><\/p>\n<\/div>\n\n\n\n<div class=\"wp-block-column is-layout-flow wp-block-column-is-layout-flow\">\n<figure class=\"wp-block-image aligncenter size-full\"><a href=\"https:\/\/filplast.pl\/katalogi\/katalog-filplast-alustar-45-cz\/#book\/\" target=\"_blank\" rel=\"noreferrer noopener\"><img loading=\"lazy\" decoding=\"async\" width=\"350\" height=\"495\" src=\"https:\/\/filplast.pl\/wp-content\/uploads\/2023\/02\/mb-45-cz-2-1.jpg\" alt=\"\" class=\"wp-image-33960\" srcset=\"https:\/\/filplast.pl\/wp-content\/uploads\/2023\/02\/mb-45-cz-2-1.jpg 350w, https:\/\/filplast.pl\/wp-content\/uploads\/2023\/02\/mb-45-cz-2-1-212x300.jpg 212w\" sizes=\"auto, (max-width: 350px) 100vw, 350px\" \/><\/a><\/figure>\n<\/div>\n<\/div>\n\n\n\n<div class=\"wp-block-columns is-layout-flex wp-container-core-columns-is-layout-2 wp-block-columns-is-layout-flex\">\n<div class=\"wp-block-column is-layout-flow wp-block-column-is-layout-flow\">\n<figure class=\"wp-block-image aligncenter size-full\"><a href=\"https:\/\/filplast.pl\/katalogi\/Katalog-Filplast-Rolety-cz\" target=\"_blank\" rel=\"noreferrer noopener\"><img loading=\"lazy\" decoding=\"async\" width=\"350\" height=\"480\" src=\"https:\/\/filplast.pl\/wp-content\/uploads\/2023\/06\/katalog-rolety-cz-2.jpg\" alt=\"\" class=\"wp-image-37819\" srcset=\"https:\/\/filplast.pl\/wp-content\/uploads\/2023\/06\/katalog-rolety-cz-2.jpg 350w, https:\/\/filplast.pl\/wp-content\/uploads\/2023\/06\/katalog-rolety-cz-2-219x300.jpg 219w\" sizes=\"auto, (max-width: 350px) 100vw, 350px\" \/><\/a><\/figure>\n\n\n\n<p><\/p>\n<\/div>\n\n\n\n<div class=\"wp-block-column is-layout-flow wp-block-column-is-layout-flow\">\n<figure class=\"wp-block-image aligncenter size-full\"><a href=\"https:\/\/filplast.pl\/katalogi\/Moskitiery-cz\/#book\/\"><img loading=\"lazy\" decoding=\"async\" width=\"350\" height=\"480\" src=\"https:\/\/filplast.pl\/wp-content\/uploads\/2023\/07\/moskitiery-cz.jpg\" alt=\"\" class=\"wp-image-38981\" srcset=\"https:\/\/filplast.pl\/wp-content\/uploads\/2023\/07\/moskitiery-cz.jpg 350w, https:\/\/filplast.pl\/wp-content\/uploads\/2023\/07\/moskitiery-cz-219x300.jpg 219w\" sizes=\"auto, (max-width: 350px) 100vw, 350px\" \/><\/a><\/figure>\n<\/div>\n\n\n\n<div class=\"wp-block-column is-layout-flow wp-block-column-is-layout-flow\">\n<figure class=\"wp-block-image aligncenter size-full\"><a href=\"https:\/\/filplast.pl\/katalogi\/katalog-silnikow-cz\/#book\/\"><img loading=\"lazy\" decoding=\"async\" width=\"350\" height=\"495\" src=\"https:\/\/filplast.pl\/wp-content\/uploads\/2023\/10\/katalog-klamek-silnikow-cz.jpg\" alt=\"\" class=\"wp-image-40233\" srcset=\"https:\/\/filplast.pl\/wp-content\/uploads\/2023\/10\/katalog-klamek-silnikow-cz.jpg 350w, https:\/\/filplast.pl\/wp-content\/uploads\/2023\/10\/katalog-klamek-silnikow-cz-212x300.jpg 212w\" sizes=\"auto, (max-width: 350px) 100vw, 350px\" \/><\/a><\/figure>\n<\/div>\n<\/div>\n\n\n\n<div class=\"wp-block-columns is-layout-flex wp-container-core-columns-is-layout-3 wp-block-columns-is-layout-flex\">\n<div class=\"wp-block-column is-layout-flow wp-block-column-is-layout-flow\">\n<figure class=\"wp-block-image aligncenter size-full\"><a href=\"https:\/\/filplast.pl\/katalogi\/katalog-portfolio-cz\/#book\/\" target=\"_blank\" rel=\"noreferrer noopener\"><img loading=\"lazy\" decoding=\"async\" width=\"350\" height=\"495\" src=\"https:\/\/filplast.pl\/wp-content\/uploads\/2024\/02\/portfolio-1.jpg\" alt=\"\" class=\"wp-image-44945\" srcset=\"https:\/\/filplast.pl\/wp-content\/uploads\/2024\/02\/portfolio-1.jpg 350w, https:\/\/filplast.pl\/wp-content\/uploads\/2024\/02\/portfolio-1-283x400.jpg 283w\" sizes=\"auto, (max-width: 350px) 100vw, 350px\" \/><\/a><\/figure>\n\n\n\n<p><\/p>\n<\/div>\n\n\n\n<div class=\"wp-block-column is-layout-flow wp-block-column-is-layout-flow\">\n<figure class=\"wp-block-image aligncenter size-large is-resized\"><a href=\"https:\/\/filplast.pl\/katalogi\/Bramy-rolowane-cz\/#book\/\" target=\"_blank\" rel=\" noreferrer noopener\"><img loading=\"lazy\" decoding=\"async\" width=\"724\" height=\"1024\" src=\"https:\/\/filplast.pl\/wp-content\/uploads\/2025\/04\/Okladka-CZ-724x1024.png\" alt=\"\" class=\"wp-image-56964\" style=\"width:350px\" srcset=\"https:\/\/filplast.pl\/wp-content\/uploads\/2025\/04\/Okladka-CZ-724x1024.png 724w, https:\/\/filplast.pl\/wp-content\/uploads\/2025\/04\/Okladka-CZ-283x400.png 283w, https:\/\/filplast.pl\/wp-content\/uploads\/2025\/04\/Okladka-CZ-768x1086.png 768w, https:\/\/filplast.pl\/wp-content\/uploads\/2025\/04\/Okladka-CZ-1086x1536.png 1086w, https:\/\/filplast.pl\/wp-content\/uploads\/2025\/04\/Okladka-CZ.png 1414w\" sizes=\"auto, (max-width: 724px) 100vw, 724px\" \/><\/a><\/figure>\n<\/div>\n\n\n\n<div class=\"wp-block-column is-layout-flow wp-block-column-is-layout-flow\"><\/div>\n<\/div>\n<\/div>","protected":false},"excerpt":{"rendered":"","protected":false},"author":4,"featured_media":9447,"parent":0,"menu_order":82,"comment_status":"closed","ping_status":"closed","template":"","meta":{"inline_featured_image":false,"_uag_custom_page_level_css":"","footnotes":""},"class_list":["post-37335","page","type-page","status-publish","has-post-thumbnail","hentry"],"yoast_head":"<!-- This site is optimized with the Yoast SEO plugin v24.7 - https:\/\/yoast.com\/wordpress\/plugins\/seo\/ -->\n<title>Katalog online - Filplast po generace<\/title>\n<meta name=\"robots\" content=\"index, follow, max-snippet:-1, max-image-preview:large, max-video-preview:-1\" \/>\n<link rel=\"canonical\" href=\"https:\/\/filplast.pl\/cz\/katalog-online-2\/\" \/>\n<meta property=\"og:locale\" content=\"cs_CZ\" \/>\n<meta property=\"og:type\" content=\"article\" \/>\n<meta property=\"og:title\" content=\"Katalog online - Filplast po generace\" \/>\n<meta property=\"og:url\" content=\"https:\/\/filplast.pl\/cz\/katalog-online-2\/\" \/>\n<meta property=\"og:site_name\" content=\"Filplast po generace\" \/>\n<meta property=\"article:publisher\" content=\"https:\/\/www.facebook.com\/filplast.firma\" \/>\n<meta property=\"article:modified_time\" content=\"2025-07-23T10:27:20+00:00\" \/>\n<meta property=\"og:image\" content=\"https:\/\/filplast.pl\/wp-content\/uploads\/2021\/02\/Philipdoor2.jpg\" \/>\n\t<meta property=\"og:image:width\" content=\"1080\" \/>\n\t<meta property=\"og:image:height\" content=\"500\" \/>\n\t<meta property=\"og:image:type\" content=\"image\/jpeg\" \/>\n<meta name=\"twitter:card\" content=\"summary_large_image\" \/>\n<meta name=\"twitter:label1\" content=\"Odhadovan\u00e1 doba \u010dten\u00ed\" \/>\n\t<meta name=\"twitter:data1\" content=\"2 minuty\" \/>\n<script type=\"application\/ld+json\" class=\"yoast-schema-graph\">{\"@context\":\"https:\/\/schema.org\",\"@graph\":[{\"@type\":\"WebPage\",\"@id\":\"https:\/\/filplast.pl\/cz\/katalog-online-2\/\",\"url\":\"https:\/\/filplast.pl\/cz\/katalog-online-2\/\",\"name\":\"Katalog online - Filplast po generace\",\"isPartOf\":{\"@id\":\"https:\/\/filplast.pl\/cz\/#website\"},\"primaryImageOfPage\":{\"@id\":\"https:\/\/filplast.pl\/cz\/katalog-online-2\/#primaryimage\"},\"image\":{\"@id\":\"https:\/\/filplast.pl\/cz\/katalog-online-2\/#primaryimage\"},\"thumbnailUrl\":\"https:\/\/filplast.pl\/wp-content\/uploads\/2021\/02\/Philipdoor2.jpg\",\"datePublished\":\"2023-05-11T10:53:21+00:00\",\"dateModified\":\"2025-07-23T10:27:20+00:00\",\"breadcrumb\":{\"@id\":\"https:\/\/filplast.pl\/cz\/katalog-online-2\/#breadcrumb\"},\"inLanguage\":\"cs\",\"potentialAction\":[{\"@type\":\"ReadAction\",\"target\":[\"https:\/\/filplast.pl\/cz\/katalog-online-2\/\"]}]},{\"@type\":\"ImageObject\",\"inLanguage\":\"cs\",\"@id\":\"https:\/\/filplast.pl\/cz\/katalog-online-2\/#primaryimage\",\"url\":\"https:\/\/filplast.pl\/wp-content\/uploads\/2021\/02\/Philipdoor2.jpg\",\"contentUrl\":\"https:\/\/filplast.pl\/wp-content\/uploads\/2021\/02\/Philipdoor2.jpg\",\"width\":1080,\"height\":500},{\"@type\":\"BreadcrumbList\",\"@id\":\"https:\/\/filplast.pl\/cz\/katalog-online-2\/#breadcrumb\",\"itemListElement\":[{\"@type\":\"ListItem\",\"position\":1,\"name\":\"Hlavn\u00ed strana\",\"item\":\"https:\/\/filplast.pl\/cz\/\"},{\"@type\":\"ListItem\",\"position\":2,\"name\":\"Katalog online\"}]},{\"@type\":\"WebSite\",\"@id\":\"https:\/\/filplast.pl\/cz\/#website\",\"url\":\"https:\/\/filplast.pl\/cz\/\",\"name\":\"Filplast po generace\",\"description\":\"Producent okien, drzwi i rolet\",\"publisher\":{\"@id\":\"https:\/\/filplast.pl\/cz\/#organization\"},\"potentialAction\":[{\"@type\":\"SearchAction\",\"target\":{\"@type\":\"EntryPoint\",\"urlTemplate\":\"https:\/\/filplast.pl\/cz\/?s={search_term_string}\"},\"query-input\":{\"@type\":\"PropertyValueSpecification\",\"valueRequired\":true,\"valueName\":\"search_term_string\"}}],\"inLanguage\":\"cs\"},{\"@type\":\"Organization\",\"@id\":\"https:\/\/filplast.pl\/cz\/#organization\",\"name\":\"Filplast po generace\",\"url\":\"https:\/\/filplast.pl\/cz\/\",\"logo\":{\"@type\":\"ImageObject\",\"inLanguage\":\"cs\",\"@id\":\"https:\/\/filplast.pl\/cz\/#\/schema\/logo\/image\/\",\"url\":\"https:\/\/filplast.pl\/wp-content\/uploads\/2023\/10\/favicon-filplast.png\",\"contentUrl\":\"https:\/\/filplast.pl\/wp-content\/uploads\/2023\/10\/favicon-filplast.png\",\"width\":2134,\"height\":2134,\"caption\":\"Filplast po generace\"},\"image\":{\"@id\":\"https:\/\/filplast.pl\/cz\/#\/schema\/logo\/image\/\"},\"sameAs\":[\"https:\/\/www.facebook.com\/filplast.firma\",\"https:\/\/pl.pinterest.com\/filplast\/\",\"https:\/\/www.youtube.com\/FILPLASTchannel\",\"https:\/\/pl.linkedin.com\/company\/filplast-sp.-z-o.o.\",\"https:\/\/www.instagram.com\/filplast\/\"]}]}<\/script>\n<!-- \/ Yoast SEO plugin. -->","yoast_head_json":{"title":"Katalog online - Filplast po generace","robots":{"index":"index","follow":"follow","max-snippet":"max-snippet:-1","max-image-preview":"max-image-preview:large","max-video-preview":"max-video-preview:-1"},"canonical":"https:\/\/filplast.pl\/cz\/katalog-online-2\/","og_locale":"cs_CZ","og_type":"article","og_title":"Katalog online - Filplast po generace","og_url":"https:\/\/filplast.pl\/cz\/katalog-online-2\/","og_site_name":"Filplast po generace","article_publisher":"https:\/\/www.facebook.com\/filplast.firma","article_modified_time":"2025-07-23T10:27:20+00:00","og_image":[{"width":1080,"height":500,"url":"https:\/\/filplast.pl\/wp-content\/uploads\/2021\/02\/Philipdoor2.jpg","type":"image\/jpeg"}],"twitter_card":"summary_large_image","twitter_misc":{"Odhadovan\u00e1 doba \u010dten\u00ed":"2 minuty"},"schema":{"@context":"https:\/\/schema.org","@graph":[{"@type":"WebPage","@id":"https:\/\/filplast.pl\/cz\/katalog-online-2\/","url":"https:\/\/filplast.pl\/cz\/katalog-online-2\/","name":"Katalog online - Filplast po generace","isPartOf":{"@id":"https:\/\/filplast.pl\/cz\/#website"},"primaryImageOfPage":{"@id":"https:\/\/filplast.pl\/cz\/katalog-online-2\/#primaryimage"},"image":{"@id":"https:\/\/filplast.pl\/cz\/katalog-online-2\/#primaryimage"},"thumbnailUrl":"https:\/\/filplast.pl\/wp-content\/uploads\/2021\/02\/Philipdoor2.jpg","datePublished":"2023-05-11T10:53:21+00:00","dateModified":"2025-07-23T10:27:20+00:00","breadcrumb":{"@id":"https:\/\/filplast.pl\/cz\/katalog-online-2\/#breadcrumb"},"inLanguage":"cs","potentialAction":[{"@type":"ReadAction","target":["https:\/\/filplast.pl\/cz\/katalog-online-2\/"]}]},{"@type":"ImageObject","inLanguage":"cs","@id":"https:\/\/filplast.pl\/cz\/katalog-online-2\/#primaryimage","url":"https:\/\/filplast.pl\/wp-content\/uploads\/2021\/02\/Philipdoor2.jpg","contentUrl":"https:\/\/filplast.pl\/wp-content\/uploads\/2021\/02\/Philipdoor2.jpg","width":1080,"height":500},{"@type":"BreadcrumbList","@id":"https:\/\/filplast.pl\/cz\/katalog-online-2\/#breadcrumb","itemListElement":[{"@type":"ListItem","position":1,"name":"Hlavn\u00ed strana","item":"https:\/\/filplast.pl\/cz\/"},{"@type":"ListItem","position":2,"name":"Katalog online"}]},{"@type":"WebSite","@id":"https:\/\/filplast.pl\/cz\/#website","url":"https:\/\/filplast.pl\/cz\/","name":"Filplast po generace","description":"Producent okien, drzwi i rolet","publisher":{"@id":"https:\/\/filplast.pl\/cz\/#organization"},"potentialAction":[{"@type":"SearchAction","target":{"@type":"EntryPoint","urlTemplate":"https:\/\/filplast.pl\/cz\/?s={search_term_string}"},"query-input":{"@type":"PropertyValueSpecification","valueRequired":true,"valueName":"search_term_string"}}],"inLanguage":"cs"},{"@type":"Organization","@id":"https:\/\/filplast.pl\/cz\/#organization","name":"Filplast po generace","url":"https:\/\/filplast.pl\/cz\/","logo":{"@type":"ImageObject","inLanguage":"cs","@id":"https:\/\/filplast.pl\/cz\/#\/schema\/logo\/image\/","url":"https:\/\/filplast.pl\/wp-content\/uploads\/2023\/10\/favicon-filplast.png","contentUrl":"https:\/\/filplast.pl\/wp-content\/uploads\/2023\/10\/favicon-filplast.png","width":2134,"height":2134,"caption":"Filplast po generace"},"image":{"@id":"https:\/\/filplast.pl\/cz\/#\/schema\/logo\/image\/"},"sameAs":["https:\/\/www.facebook.com\/filplast.firma","https:\/\/pl.pinterest.com\/filplast\/","https:\/\/www.youtube.com\/FILPLASTchannel","https:\/\/pl.linkedin.com\/company\/filplast-sp.-z-o.o.","https:\/\/www.instagram.com\/filplast\/"]}]}},"uagb_featured_image_src":{"full":["https:\/\/filplast.pl\/wp-content\/uploads\/2021\/02\/Philipdoor2.jpg",1080,500,false],"thumbnail":["https:\/\/filplast.pl\/wp-content\/uploads\/2021\/02\/Philipdoor2-150x150.jpg",150,150,true],"medium":["https:\/\/filplast.pl\/wp-content\/uploads\/2021\/02\/Philipdoor2-300x139.jpg",300,139,true],"medium_large":["https:\/\/filplast.pl\/wp-content\/uploads\/2021\/02\/Philipdoor2-768x356.jpg",768,356,true],"large":["https:\/\/filplast.pl\/wp-content\/uploads\/2021\/02\/Philipdoor2-1024x474.jpg",1024,474,true],"1536x1536":["https:\/\/filplast.pl\/wp-content\/uploads\/2021\/02\/Philipdoor2.jpg",1080,500,false],"2048x2048":["https:\/\/filplast.pl\/wp-content\/uploads\/2021\/02\/Philipdoor2.jpg",1080,500,false],"depcore-widget-post-thumb":["https:\/\/filplast.pl\/wp-content\/uploads\/2021\/02\/Philipdoor2-65x65.jpg",65,65,true],"depcore-widget-post-medium":["https:\/\/filplast.pl\/wp-content\/uploads\/2021\/02\/Philipdoor2-280x150.jpg",280,150,true],"square":["https:\/\/filplast.pl\/wp-content\/uploads\/2021\/02\/Philipdoor2-500x500.jpg",500,500,true],"small-square":["https:\/\/filplast.pl\/wp-content\/uploads\/2021\/02\/Philipdoor2-250x250.jpg",250,250,true],"slider-image":["https:\/\/filplast.pl\/wp-content\/uploads\/2021\/02\/Philipdoor2.jpg",1080,500,false],"":["https:\/\/filplast.pl\/wp-content\/uploads\/2021\/02\/Philipdoor2.jpg",380,176,false]},"uagb_author_info":{"display_name":"Agnieszka Losor","author_link":"https:\/\/filplast.pl\/cz\/author\/agnieszka\/"},"uagb_comment_info":0,"uagb_excerpt":null,"_links":{"self":[{"href":"https:\/\/filplast.pl\/cz\/wp-json\/wp\/v2\/pages\/37335","targetHints":{"allow":["GET"]}}],"collection":[{"href":"https:\/\/filplast.pl\/cz\/wp-json\/wp\/v2\/pages"}],"about":[{"href":"https:\/\/filplast.pl\/cz\/wp-json\/wp\/v2\/types\/page"}],"author":[{"embeddable":true,"href":"https:\/\/filplast.pl\/cz\/wp-json\/wp\/v2\/users\/4"}],"replies":[{"embeddable":true,"href":"https:\/\/filplast.pl\/cz\/wp-json\/wp\/v2\/comments?post=37335"}],"version-history":[{"count":13,"href":"https:\/\/filplast.pl\/cz\/wp-json\/wp\/v2\/pages\/37335\/revisions"}],"predecessor-version":[{"id":61381,"href":"https:\/\/filplast.pl\/cz\/wp-json\/wp\/v2\/pages\/37335\/revisions\/61381"}],"wp:featuredmedia":[{"embeddable":true,"href":"https:\/\/filplast.pl\/cz\/wp-json\/wp\/v2\/media\/9447"}],"wp:attachment":[{"href":"https:\/\/filplast.pl\/cz\/wp-json\/wp\/v2\/media?parent=37335"}],"curies":[{"name":"wp","href":"https:\/\/api.w.org\/{rel}","templated":true}]}}