{"id":12060,"date":"2021-07-02T13:31:27","date_gmt":"2021-07-02T11:31:27","guid":{"rendered":"https:\/\/filplast.pl\/produkt\/trendstar-70\/"},"modified":"2025-03-13T10:05:48","modified_gmt":"2025-03-13T09:05:48","slug":"trendstar-70-2","status":"publish","type":"product","link":"https:\/\/filplast.pl\/cz\/vyrobek\/trendstar-70-2\/","title":{"rendered":"TrendStar 70"},"content":{"rendered":"<div id=\"modal-ready\"><p>TrendStar 70 je p\u011btikomorov\u00fd syst\u00e9m s univerz\u00e1ln\u00edm pou\u017eit\u00edm. D\u00edky klasick\u00e9mu vzhledu tohoto okna, \u0161irok\u00e9mu v\u00fdb\u011bru speci\u00e1ln\u00edch d\u00fdh a okenn\u00edch dopl\u0148k\u016f jej lze snadno p\u0159izp\u016fsobit jak\u00e9mukoli architektonick\u00e9mu stylu budovy. TrendStar70 je k dispozici tak\u00e9 v cel\u00e9 \u0161k\u00e1le barev RAL.<\/p>\n\n\n<p><strong><a href=\"https:\/\/filplast.pl\/wp-content\/uploads\/2022\/07\/okno_trednstar_70_cz.pdf\" target=\"_blank\" rel=\"noreferrer noopener\">Produktov\u00e1 karta<\/a><\/strong><\/p>\n\n\n\n<p><strong><a href=\"https:\/\/filplast.pl\/katalogi\/kolory-veka-cz\/#book\/\" target=\"_blank\" rel=\"noreferrer noopener\">Dostupn\u00e9 barvy<\/a><\/strong><\/p>\n<\/div>","protected":false},"excerpt":{"rendered":"<p>TrendStar 70 AD je okno s klasickou elegantn\u00ed lini\u00ed. Spolehliv\u011b pln\u00ed sv\u00e9 z\u00e1kladn\u00ed funkce. Toto \u0159e\u0161en\u00ed doporu\u010dujeme p\u0159edev\u0161\u00edm pro byty a kancel\u00e1\u0159sk\u00e9 budovy. <\/p>\n","protected":false},"featured_media":24823,"parent":0,"menu_order":480,"template":"","class_list":["post-12060","product","type-product","status-publish","has-post-thumbnail","hentry","product-category-okna-cz","product-category-pvc","product-line-silverline-cz"],"yoast_head":"<!-- This site is optimized with the Yoast SEO plugin v24.7 - https:\/\/yoast.com\/wordpress\/plugins\/seo\/ -->\n<title>PVC okna TrendStar 70 - Filplast po generace<\/title>\n<meta name=\"robots\" content=\"index, follow, max-snippet:-1, max-image-preview:large, max-video-preview:-1\" \/>\n<link rel=\"canonical\" href=\"https:\/\/filplast.pl\/cz\/vyrobek\/trendstar-70-2\/\" \/>\n<meta property=\"og:locale\" content=\"cs_CZ\" \/>\n<meta property=\"og:type\" content=\"article\" \/>\n<meta property=\"og:title\" content=\"PVC okna TrendStar 70 - Filplast po generace\" \/>\n<meta property=\"og:description\" content=\"TrendStar 70 AD je okno s klasickou elegantn\u00ed lini\u00ed. Spolehliv\u011b pln\u00ed sv\u00e9 z\u00e1kladn\u00ed funkce. Toto \u0159e\u0161en\u00ed doporu\u010dujeme p\u0159edev\u0161\u00edm pro byty a kancel\u00e1\u0159sk\u00e9 budovy.\" \/>\n<meta property=\"og:url\" content=\"https:\/\/filplast.pl\/cz\/vyrobek\/trendstar-70-2\/\" \/>\n<meta property=\"og:site_name\" content=\"Filplast po generace\" \/>\n<meta property=\"article:publisher\" content=\"https:\/\/www.facebook.com\/filplast.firma\" \/>\n<meta property=\"article:modified_time\" content=\"2025-03-13T09:05:48+00:00\" \/>\n<meta property=\"og:image\" content=\"https:\/\/filplast.pl\/wp-content\/uploads\/2020\/12\/TS_70-1.png\" \/>\n\t<meta property=\"og:image:width\" content=\"2000\" \/>\n\t<meta property=\"og:image:height\" content=\"2000\" \/>\n\t<meta property=\"og:image:type\" content=\"image\/png\" \/>\n<meta name=\"twitter:card\" content=\"summary_large_image\" \/>\n<meta name=\"twitter:label1\" content=\"Odhadovan\u00e1 doba \u010dten\u00ed\" \/>\n\t<meta name=\"twitter:data1\" content=\"1 minuta\" \/>\n<script type=\"application\/ld+json\" class=\"yoast-schema-graph\">{\"@context\":\"https:\/\/schema.org\",\"@graph\":[{\"@type\":\"WebPage\",\"@id\":\"https:\/\/filplast.pl\/cz\/vyrobek\/trendstar-70-2\/\",\"url\":\"https:\/\/filplast.pl\/cz\/vyrobek\/trendstar-70-2\/\",\"name\":\"PVC okna TrendStar 70 - Filplast po generace\",\"isPartOf\":{\"@id\":\"https:\/\/filplast.pl\/cz\/#website\"},\"primaryImageOfPage\":{\"@id\":\"https:\/\/filplast.pl\/cz\/vyrobek\/trendstar-70-2\/#primaryimage\"},\"image\":{\"@id\":\"https:\/\/filplast.pl\/cz\/vyrobek\/trendstar-70-2\/#primaryimage\"},\"thumbnailUrl\":\"https:\/\/filplast.pl\/wp-content\/uploads\/2020\/12\/TS_70-1.png\",\"datePublished\":\"2021-07-02T11:31:27+00:00\",\"dateModified\":\"2025-03-13T09:05:48+00:00\",\"breadcrumb\":{\"@id\":\"https:\/\/filplast.pl\/cz\/vyrobek\/trendstar-70-2\/#breadcrumb\"},\"inLanguage\":\"cs\",\"potentialAction\":[{\"@type\":\"ReadAction\",\"target\":[\"https:\/\/filplast.pl\/cz\/vyrobek\/trendstar-70-2\/\"]}]},{\"@type\":\"ImageObject\",\"inLanguage\":\"cs\",\"@id\":\"https:\/\/filplast.pl\/cz\/vyrobek\/trendstar-70-2\/#primaryimage\",\"url\":\"https:\/\/filplast.pl\/wp-content\/uploads\/2020\/12\/TS_70-1.png\",\"contentUrl\":\"https:\/\/filplast.pl\/wp-content\/uploads\/2020\/12\/TS_70-1.png\",\"width\":2000,\"height\":2000},{\"@type\":\"BreadcrumbList\",\"@id\":\"https:\/\/filplast.pl\/cz\/vyrobek\/trendstar-70-2\/#breadcrumb\",\"itemListElement\":[{\"@type\":\"ListItem\",\"position\":1,\"name\":\"Hlavn\u00ed strana\",\"item\":\"https:\/\/filplast.pl\/cz\/\"},{\"@type\":\"ListItem\",\"position\":2,\"name\":\"Produkty\",\"item\":\"https:\/\/filplast.pl\/cz\/vyrobek\/\"},{\"@type\":\"ListItem\",\"position\":3,\"name\":\"TrendStar 70\"}]},{\"@type\":\"WebSite\",\"@id\":\"https:\/\/filplast.pl\/cz\/#website\",\"url\":\"https:\/\/filplast.pl\/cz\/\",\"name\":\"Filplast po generace\",\"description\":\"Producent okien, drzwi i rolet\",\"publisher\":{\"@id\":\"https:\/\/filplast.pl\/cz\/#organization\"},\"potentialAction\":[{\"@type\":\"SearchAction\",\"target\":{\"@type\":\"EntryPoint\",\"urlTemplate\":\"https:\/\/filplast.pl\/cz\/?s={search_term_string}\"},\"query-input\":{\"@type\":\"PropertyValueSpecification\",\"valueRequired\":true,\"valueName\":\"search_term_string\"}}],\"inLanguage\":\"cs\"},{\"@type\":\"Organization\",\"@id\":\"https:\/\/filplast.pl\/cz\/#organization\",\"name\":\"Filplast po generace\",\"url\":\"https:\/\/filplast.pl\/cz\/\",\"logo\":{\"@type\":\"ImageObject\",\"inLanguage\":\"cs\",\"@id\":\"https:\/\/filplast.pl\/cz\/#\/schema\/logo\/image\/\",\"url\":\"https:\/\/filplast.pl\/wp-content\/uploads\/2023\/10\/favicon-filplast.png\",\"contentUrl\":\"https:\/\/filplast.pl\/wp-content\/uploads\/2023\/10\/favicon-filplast.png\",\"width\":2134,\"height\":2134,\"caption\":\"Filplast po generace\"},\"image\":{\"@id\":\"https:\/\/filplast.pl\/cz\/#\/schema\/logo\/image\/\"},\"sameAs\":[\"https:\/\/www.facebook.com\/filplast.firma\",\"https:\/\/pl.pinterest.com\/filplast\/\",\"https:\/\/www.youtube.com\/FILPLASTchannel\",\"https:\/\/pl.linkedin.com\/company\/filplast-sp.-z-o.o.\",\"https:\/\/www.instagram.com\/filplast\/\"]}]}<\/script>\n<!-- \/ Yoast SEO plugin. -->","yoast_head_json":{"title":"PVC okna TrendStar 70 - Filplast po generace","robots":{"index":"index","follow":"follow","max-snippet":"max-snippet:-1","max-image-preview":"max-image-preview:large","max-video-preview":"max-video-preview:-1"},"canonical":"https:\/\/filplast.pl\/cz\/vyrobek\/trendstar-70-2\/","og_locale":"cs_CZ","og_type":"article","og_title":"PVC okna TrendStar 70 - Filplast po generace","og_description":"TrendStar 70 AD je okno s klasickou elegantn\u00ed lini\u00ed. Spolehliv\u011b pln\u00ed sv\u00e9 z\u00e1kladn\u00ed funkce. Toto \u0159e\u0161en\u00ed doporu\u010dujeme p\u0159edev\u0161\u00edm pro byty a kancel\u00e1\u0159sk\u00e9 budovy.","og_url":"https:\/\/filplast.pl\/cz\/vyrobek\/trendstar-70-2\/","og_site_name":"Filplast po generace","article_publisher":"https:\/\/www.facebook.com\/filplast.firma","article_modified_time":"2025-03-13T09:05:48+00:00","og_image":[{"width":2000,"height":2000,"url":"https:\/\/filplast.pl\/wp-content\/uploads\/2020\/12\/TS_70-1.png","type":"image\/png"}],"twitter_card":"summary_large_image","twitter_misc":{"Odhadovan\u00e1 doba \u010dten\u00ed":"1 minuta"},"schema":{"@context":"https:\/\/schema.org","@graph":[{"@type":"WebPage","@id":"https:\/\/filplast.pl\/cz\/vyrobek\/trendstar-70-2\/","url":"https:\/\/filplast.pl\/cz\/vyrobek\/trendstar-70-2\/","name":"PVC okna TrendStar 70 - Filplast po generace","isPartOf":{"@id":"https:\/\/filplast.pl\/cz\/#website"},"primaryImageOfPage":{"@id":"https:\/\/filplast.pl\/cz\/vyrobek\/trendstar-70-2\/#primaryimage"},"image":{"@id":"https:\/\/filplast.pl\/cz\/vyrobek\/trendstar-70-2\/#primaryimage"},"thumbnailUrl":"https:\/\/filplast.pl\/wp-content\/uploads\/2020\/12\/TS_70-1.png","datePublished":"2021-07-02T11:31:27+00:00","dateModified":"2025-03-13T09:05:48+00:00","breadcrumb":{"@id":"https:\/\/filplast.pl\/cz\/vyrobek\/trendstar-70-2\/#breadcrumb"},"inLanguage":"cs","potentialAction":[{"@type":"ReadAction","target":["https:\/\/filplast.pl\/cz\/vyrobek\/trendstar-70-2\/"]}]},{"@type":"ImageObject","inLanguage":"cs","@id":"https:\/\/filplast.pl\/cz\/vyrobek\/trendstar-70-2\/#primaryimage","url":"https:\/\/filplast.pl\/wp-content\/uploads\/2020\/12\/TS_70-1.png","contentUrl":"https:\/\/filplast.pl\/wp-content\/uploads\/2020\/12\/TS_70-1.png","width":2000,"height":2000},{"@type":"BreadcrumbList","@id":"https:\/\/filplast.pl\/cz\/vyrobek\/trendstar-70-2\/#breadcrumb","itemListElement":[{"@type":"ListItem","position":1,"name":"Hlavn\u00ed strana","item":"https:\/\/filplast.pl\/cz\/"},{"@type":"ListItem","position":2,"name":"Produkty","item":"https:\/\/filplast.pl\/cz\/vyrobek\/"},{"@type":"ListItem","position":3,"name":"TrendStar 70"}]},{"@type":"WebSite","@id":"https:\/\/filplast.pl\/cz\/#website","url":"https:\/\/filplast.pl\/cz\/","name":"Filplast po generace","description":"Producent okien, drzwi i rolet","publisher":{"@id":"https:\/\/filplast.pl\/cz\/#organization"},"potentialAction":[{"@type":"SearchAction","target":{"@type":"EntryPoint","urlTemplate":"https:\/\/filplast.pl\/cz\/?s={search_term_string}"},"query-input":{"@type":"PropertyValueSpecification","valueRequired":true,"valueName":"search_term_string"}}],"inLanguage":"cs"},{"@type":"Organization","@id":"https:\/\/filplast.pl\/cz\/#organization","name":"Filplast po generace","url":"https:\/\/filplast.pl\/cz\/","logo":{"@type":"ImageObject","inLanguage":"cs","@id":"https:\/\/filplast.pl\/cz\/#\/schema\/logo\/image\/","url":"https:\/\/filplast.pl\/wp-content\/uploads\/2023\/10\/favicon-filplast.png","contentUrl":"https:\/\/filplast.pl\/wp-content\/uploads\/2023\/10\/favicon-filplast.png","width":2134,"height":2134,"caption":"Filplast po generace"},"image":{"@id":"https:\/\/filplast.pl\/cz\/#\/schema\/logo\/image\/"},"sameAs":["https:\/\/www.facebook.com\/filplast.firma","https:\/\/pl.pinterest.com\/filplast\/","https:\/\/www.youtube.com\/FILPLASTchannel","https:\/\/pl.linkedin.com\/company\/filplast-sp.-z-o.o.","https:\/\/www.instagram.com\/filplast\/"]}]}},"uagb_featured_image_src":{"full":["https:\/\/filplast.pl\/wp-content\/uploads\/2020\/12\/TS_70-1.png",2000,2000,false],"thumbnail":["https:\/\/filplast.pl\/wp-content\/uploads\/2020\/12\/TS_70-1-150x150.png",150,150,true],"medium":["https:\/\/filplast.pl\/wp-content\/uploads\/2020\/12\/TS_70-1-300x300.png",300,300,true],"medium_large":["https:\/\/filplast.pl\/wp-content\/uploads\/2020\/12\/TS_70-1-768x768.png",768,768,true],"large":["https:\/\/filplast.pl\/wp-content\/uploads\/2020\/12\/TS_70-1-1024x1024.png",1024,1024,true],"1536x1536":["https:\/\/filplast.pl\/wp-content\/uploads\/2020\/12\/TS_70-1-1536x1536.png",1536,1536,true],"2048x2048":["https:\/\/filplast.pl\/wp-content\/uploads\/2020\/12\/TS_70-1.png",2000,2000,false],"depcore-widget-post-thumb":["https:\/\/filplast.pl\/wp-content\/uploads\/2020\/12\/TS_70-1-65x65.png",65,65,true],"depcore-widget-post-medium":["https:\/\/filplast.pl\/wp-content\/uploads\/2020\/12\/TS_70-1-280x150.png",280,150,true],"square":["https:\/\/filplast.pl\/wp-content\/uploads\/2020\/12\/TS_70-1-500x500.png",500,500,true],"small-square":["https:\/\/filplast.pl\/wp-content\/uploads\/2020\/12\/TS_70-1-250x250.png",250,250,true],"slider-image":["https:\/\/filplast.pl\/wp-content\/uploads\/2020\/12\/TS_70-1-1080x500.png",1080,500,true],"":["https:\/\/filplast.pl\/wp-content\/uploads\/2020\/12\/TS_70-1.png",250,250,false]},"uagb_author_info":{"display_name":"Micha\u0142 Mrukot","author_link":"https:\/\/filplast.pl\/cz\/author\/"},"uagb_comment_info":0,"uagb_excerpt":"TrendStar 70 AD je okno s klasickou elegantn\u00ed lini\u00ed. Spolehliv\u011b pln\u00ed sv\u00e9 z\u00e1kladn\u00ed funkce. Toto \u0159e\u0161en\u00ed doporu\u010dujeme p\u0159edev\u0161\u00edm pro byty a kancel\u00e1\u0159sk\u00e9 budovy.","_links":{"self":[{"href":"https:\/\/filplast.pl\/cz\/wp-json\/wp\/v2\/product\/12060","targetHints":{"allow":["GET"]}}],"collection":[{"href":"https:\/\/filplast.pl\/cz\/wp-json\/wp\/v2\/product"}],"about":[{"href":"https:\/\/filplast.pl\/cz\/wp-json\/wp\/v2\/types\/product"}],"version-history":[{"count":4,"href":"https:\/\/filplast.pl\/cz\/wp-json\/wp\/v2\/product\/12060\/revisions"}],"predecessor-version":[{"id":56283,"href":"https:\/\/filplast.pl\/cz\/wp-json\/wp\/v2\/product\/12060\/revisions\/56283"}],"wp:featuredmedia":[{"embeddable":true,"href":"https:\/\/filplast.pl\/cz\/wp-json\/wp\/v2\/media\/24823"}],"wp:attachment":[{"href":"https:\/\/filplast.pl\/cz\/wp-json\/wp\/v2\/media?parent=12060"}],"curies":[{"name":"wp","href":"https:\/\/api.w.org\/{rel}","templated":true}]}}