{"id":12077,"date":"2021-07-02T14:29:40","date_gmt":"2021-07-02T12:29:40","guid":{"rendered":"https:\/\/filplast.pl\/produkt\/alustar-104\/"},"modified":"2026-01-15T15:48:08","modified_gmt":"2026-01-15T14:48:08","slug":"alustar-104-2","status":"publish","type":"product","link":"https:\/\/filplast.pl\/cz\/vyrobek\/alustar-104-2\/","title":{"rendered":"AluStar 104"},"content":{"rendered":"<div id=\"modal-ready\"><p>Pro energeticky \u00faspornou a pasivn\u00ed konstrukci doporu\u010dujeme okna syst\u00e9mu AluStar104. Tento syst\u00e9m bude fungovat v r\u016fzn\u00fdch typech oken, vestibul\u016f, vitr\u00edn a zimn\u00edch zahrad.<\/p>\n\n\n<div class=\"wp-block-buttons is-layout-flex wp-block-buttons-is-layout-flex\">\n<div class=\"wp-block-button is-style-fill\"><a class=\"wp-block-button__link has-white-color has-text-color has-background wp-element-button\" href=\"https:\/\/filplast.pl\/katalogi\/kolory-adec-cz\/#book\/\" style=\"border-radius:9px;background-color:#00387b\" target=\"_blank\" rel=\"noreferrer noopener\">Dostupn\u00e9 barvy<\/a><\/div>\n<\/div>\n<\/div>","protected":false},"excerpt":{"rendered":"<p>AluViva 104 jsou okna s vysokou tepelnou izolac\u00ed a odolnost\u00ed proti vod\u011b a siln\u00fdm poryv\u016fm v\u011btru &#8211; a\u017e 200 km\/h. Ide\u00e1ln\u00ed pro energeticky \u00fasporn\u00e9 a dokonce i pasivn\u00ed domy &#8211; tento syst\u00e9m je certifikov\u00e1n Institutem pro pasivn\u00ed domy PHI Darmstadt.<\/p>\n","protected":false},"featured_media":4519,"parent":0,"menu_order":353,"template":"","class_list":["post-12077","product","type-product","status-publish","has-post-thumbnail","hentry","product-category-okna-cz","product-category-hlinikova","product-line-platinumline-cz"],"yoast_head":"<!-- This site is optimized with the Yoast SEO plugin v24.7 - https:\/\/yoast.com\/wordpress\/plugins\/seo\/ -->\n<title>Hlin\u00edkov\u00e1 okna AluStar 104 - Filplast po generace<\/title>\n<meta name=\"robots\" content=\"index, follow, max-snippet:-1, max-image-preview:large, max-video-preview:-1\" \/>\n<link rel=\"canonical\" href=\"https:\/\/filplast.pl\/cz\/vyrobek\/alustar-104-2\/\" \/>\n<meta property=\"og:locale\" content=\"cs_CZ\" \/>\n<meta property=\"og:type\" content=\"article\" \/>\n<meta property=\"og:title\" content=\"Hlin\u00edkov\u00e1 okna AluStar 104 - Filplast po generace\" \/>\n<meta property=\"og:description\" content=\"AluViva 104 jsou okna s vysokou tepelnou izolac\u00ed a odolnost\u00ed proti vod\u011b a siln\u00fdm poryv\u016fm v\u011btru - a\u017e 200 km\/h. Ide\u00e1ln\u00ed pro energeticky \u00fasporn\u00e9 a dokonce i pasivn\u00ed domy - tento syst\u00e9m je certifikov\u00e1n Institutem pro pasivn\u00ed domy PHI Darmstadt.\" \/>\n<meta property=\"og:url\" content=\"https:\/\/filplast.pl\/cz\/vyrobek\/alustar-104-2\/\" \/>\n<meta property=\"og:site_name\" content=\"Filplast po generace\" \/>\n<meta property=\"article:publisher\" content=\"https:\/\/www.facebook.com\/filplast.firma\" \/>\n<meta property=\"article:modified_time\" content=\"2026-01-15T14:48:08+00:00\" \/>\n<meta property=\"og:image\" content=\"https:\/\/filplast.pl\/wp-content\/uploads\/2020\/12\/alustar-104-mini-1.jpg\" \/>\n\t<meta property=\"og:image:width\" content=\"1100\" \/>\n\t<meta property=\"og:image:height\" content=\"1100\" \/>\n\t<meta property=\"og:image:type\" content=\"image\/jpeg\" \/>\n<meta name=\"twitter:card\" content=\"summary_large_image\" \/>\n<meta name=\"twitter:label1\" content=\"Odhadovan\u00e1 doba \u010dten\u00ed\" \/>\n\t<meta name=\"twitter:data1\" content=\"1 minuta\" \/>\n<script type=\"application\/ld+json\" class=\"yoast-schema-graph\">{\"@context\":\"https:\/\/schema.org\",\"@graph\":[{\"@type\":\"WebPage\",\"@id\":\"https:\/\/filplast.pl\/cz\/vyrobek\/alustar-104-2\/\",\"url\":\"https:\/\/filplast.pl\/cz\/vyrobek\/alustar-104-2\/\",\"name\":\"Hlin\u00edkov\u00e1 okna AluStar 104 - Filplast po generace\",\"isPartOf\":{\"@id\":\"https:\/\/filplast.pl\/cz\/#website\"},\"primaryImageOfPage\":{\"@id\":\"https:\/\/filplast.pl\/cz\/vyrobek\/alustar-104-2\/#primaryimage\"},\"image\":{\"@id\":\"https:\/\/filplast.pl\/cz\/vyrobek\/alustar-104-2\/#primaryimage\"},\"thumbnailUrl\":\"https:\/\/filplast.pl\/wp-content\/uploads\/2020\/12\/alustar-104-mini-1.jpg\",\"datePublished\":\"2021-07-02T12:29:40+00:00\",\"dateModified\":\"2026-01-15T14:48:08+00:00\",\"breadcrumb\":{\"@id\":\"https:\/\/filplast.pl\/cz\/vyrobek\/alustar-104-2\/#breadcrumb\"},\"inLanguage\":\"cs\",\"potentialAction\":[{\"@type\":\"ReadAction\",\"target\":[\"https:\/\/filplast.pl\/cz\/vyrobek\/alustar-104-2\/\"]}]},{\"@type\":\"ImageObject\",\"inLanguage\":\"cs\",\"@id\":\"https:\/\/filplast.pl\/cz\/vyrobek\/alustar-104-2\/#primaryimage\",\"url\":\"https:\/\/filplast.pl\/wp-content\/uploads\/2020\/12\/alustar-104-mini-1.jpg\",\"contentUrl\":\"https:\/\/filplast.pl\/wp-content\/uploads\/2020\/12\/alustar-104-mini-1.jpg\",\"width\":1100,\"height\":1100},{\"@type\":\"BreadcrumbList\",\"@id\":\"https:\/\/filplast.pl\/cz\/vyrobek\/alustar-104-2\/#breadcrumb\",\"itemListElement\":[{\"@type\":\"ListItem\",\"position\":1,\"name\":\"Hlavn\u00ed strana\",\"item\":\"https:\/\/filplast.pl\/cz\/\"},{\"@type\":\"ListItem\",\"position\":2,\"name\":\"Produkty\",\"item\":\"https:\/\/filplast.pl\/cz\/vyrobek\/\"},{\"@type\":\"ListItem\",\"position\":3,\"name\":\"AluStar 104\"}]},{\"@type\":\"WebSite\",\"@id\":\"https:\/\/filplast.pl\/cz\/#website\",\"url\":\"https:\/\/filplast.pl\/cz\/\",\"name\":\"Filplast po generace\",\"description\":\"Producent okien, drzwi i rolet\",\"publisher\":{\"@id\":\"https:\/\/filplast.pl\/cz\/#organization\"},\"potentialAction\":[{\"@type\":\"SearchAction\",\"target\":{\"@type\":\"EntryPoint\",\"urlTemplate\":\"https:\/\/filplast.pl\/cz\/?s={search_term_string}\"},\"query-input\":{\"@type\":\"PropertyValueSpecification\",\"valueRequired\":true,\"valueName\":\"search_term_string\"}}],\"inLanguage\":\"cs\"},{\"@type\":\"Organization\",\"@id\":\"https:\/\/filplast.pl\/cz\/#organization\",\"name\":\"Filplast po generace\",\"url\":\"https:\/\/filplast.pl\/cz\/\",\"logo\":{\"@type\":\"ImageObject\",\"inLanguage\":\"cs\",\"@id\":\"https:\/\/filplast.pl\/cz\/#\/schema\/logo\/image\/\",\"url\":\"https:\/\/filplast.pl\/wp-content\/uploads\/2023\/10\/favicon-filplast.png\",\"contentUrl\":\"https:\/\/filplast.pl\/wp-content\/uploads\/2023\/10\/favicon-filplast.png\",\"width\":2134,\"height\":2134,\"caption\":\"Filplast po generace\"},\"image\":{\"@id\":\"https:\/\/filplast.pl\/cz\/#\/schema\/logo\/image\/\"},\"sameAs\":[\"https:\/\/www.facebook.com\/filplast.firma\",\"https:\/\/pl.pinterest.com\/filplast\/\",\"https:\/\/www.youtube.com\/FILPLASTchannel\",\"https:\/\/pl.linkedin.com\/company\/filplast-sp.-z-o.o.\",\"https:\/\/www.instagram.com\/filplast\/\"]}]}<\/script>\n<!-- \/ Yoast SEO plugin. -->","yoast_head_json":{"title":"Hlin\u00edkov\u00e1 okna AluStar 104 - Filplast po generace","robots":{"index":"index","follow":"follow","max-snippet":"max-snippet:-1","max-image-preview":"max-image-preview:large","max-video-preview":"max-video-preview:-1"},"canonical":"https:\/\/filplast.pl\/cz\/vyrobek\/alustar-104-2\/","og_locale":"cs_CZ","og_type":"article","og_title":"Hlin\u00edkov\u00e1 okna AluStar 104 - Filplast po generace","og_description":"AluViva 104 jsou okna s vysokou tepelnou izolac\u00ed a odolnost\u00ed proti vod\u011b a siln\u00fdm poryv\u016fm v\u011btru - a\u017e 200 km\/h. Ide\u00e1ln\u00ed pro energeticky \u00fasporn\u00e9 a dokonce i pasivn\u00ed domy - tento syst\u00e9m je certifikov\u00e1n Institutem pro pasivn\u00ed domy PHI Darmstadt.","og_url":"https:\/\/filplast.pl\/cz\/vyrobek\/alustar-104-2\/","og_site_name":"Filplast po generace","article_publisher":"https:\/\/www.facebook.com\/filplast.firma","article_modified_time":"2026-01-15T14:48:08+00:00","og_image":[{"width":1100,"height":1100,"url":"https:\/\/filplast.pl\/wp-content\/uploads\/2020\/12\/alustar-104-mini-1.jpg","type":"image\/jpeg"}],"twitter_card":"summary_large_image","twitter_misc":{"Odhadovan\u00e1 doba \u010dten\u00ed":"1 minuta"},"schema":{"@context":"https:\/\/schema.org","@graph":[{"@type":"WebPage","@id":"https:\/\/filplast.pl\/cz\/vyrobek\/alustar-104-2\/","url":"https:\/\/filplast.pl\/cz\/vyrobek\/alustar-104-2\/","name":"Hlin\u00edkov\u00e1 okna AluStar 104 - Filplast po generace","isPartOf":{"@id":"https:\/\/filplast.pl\/cz\/#website"},"primaryImageOfPage":{"@id":"https:\/\/filplast.pl\/cz\/vyrobek\/alustar-104-2\/#primaryimage"},"image":{"@id":"https:\/\/filplast.pl\/cz\/vyrobek\/alustar-104-2\/#primaryimage"},"thumbnailUrl":"https:\/\/filplast.pl\/wp-content\/uploads\/2020\/12\/alustar-104-mini-1.jpg","datePublished":"2021-07-02T12:29:40+00:00","dateModified":"2026-01-15T14:48:08+00:00","breadcrumb":{"@id":"https:\/\/filplast.pl\/cz\/vyrobek\/alustar-104-2\/#breadcrumb"},"inLanguage":"cs","potentialAction":[{"@type":"ReadAction","target":["https:\/\/filplast.pl\/cz\/vyrobek\/alustar-104-2\/"]}]},{"@type":"ImageObject","inLanguage":"cs","@id":"https:\/\/filplast.pl\/cz\/vyrobek\/alustar-104-2\/#primaryimage","url":"https:\/\/filplast.pl\/wp-content\/uploads\/2020\/12\/alustar-104-mini-1.jpg","contentUrl":"https:\/\/filplast.pl\/wp-content\/uploads\/2020\/12\/alustar-104-mini-1.jpg","width":1100,"height":1100},{"@type":"BreadcrumbList","@id":"https:\/\/filplast.pl\/cz\/vyrobek\/alustar-104-2\/#breadcrumb","itemListElement":[{"@type":"ListItem","position":1,"name":"Hlavn\u00ed strana","item":"https:\/\/filplast.pl\/cz\/"},{"@type":"ListItem","position":2,"name":"Produkty","item":"https:\/\/filplast.pl\/cz\/vyrobek\/"},{"@type":"ListItem","position":3,"name":"AluStar 104"}]},{"@type":"WebSite","@id":"https:\/\/filplast.pl\/cz\/#website","url":"https:\/\/filplast.pl\/cz\/","name":"Filplast po generace","description":"Producent okien, drzwi i rolet","publisher":{"@id":"https:\/\/filplast.pl\/cz\/#organization"},"potentialAction":[{"@type":"SearchAction","target":{"@type":"EntryPoint","urlTemplate":"https:\/\/filplast.pl\/cz\/?s={search_term_string}"},"query-input":{"@type":"PropertyValueSpecification","valueRequired":true,"valueName":"search_term_string"}}],"inLanguage":"cs"},{"@type":"Organization","@id":"https:\/\/filplast.pl\/cz\/#organization","name":"Filplast po generace","url":"https:\/\/filplast.pl\/cz\/","logo":{"@type":"ImageObject","inLanguage":"cs","@id":"https:\/\/filplast.pl\/cz\/#\/schema\/logo\/image\/","url":"https:\/\/filplast.pl\/wp-content\/uploads\/2023\/10\/favicon-filplast.png","contentUrl":"https:\/\/filplast.pl\/wp-content\/uploads\/2023\/10\/favicon-filplast.png","width":2134,"height":2134,"caption":"Filplast po generace"},"image":{"@id":"https:\/\/filplast.pl\/cz\/#\/schema\/logo\/image\/"},"sameAs":["https:\/\/www.facebook.com\/filplast.firma","https:\/\/pl.pinterest.com\/filplast\/","https:\/\/www.youtube.com\/FILPLASTchannel","https:\/\/pl.linkedin.com\/company\/filplast-sp.-z-o.o.","https:\/\/www.instagram.com\/filplast\/"]}]}},"uagb_featured_image_src":{"full":["https:\/\/filplast.pl\/wp-content\/uploads\/2020\/12\/alustar-104-mini-1.jpg",1100,1100,false],"thumbnail":["https:\/\/filplast.pl\/wp-content\/uploads\/2020\/12\/alustar-104-mini-1-150x150.jpg",150,150,true],"medium":["https:\/\/filplast.pl\/wp-content\/uploads\/2020\/12\/alustar-104-mini-1-300x300.jpg",300,300,true],"medium_large":["https:\/\/filplast.pl\/wp-content\/uploads\/2020\/12\/alustar-104-mini-1-768x768.jpg",768,768,true],"large":["https:\/\/filplast.pl\/wp-content\/uploads\/2020\/12\/alustar-104-mini-1-1024x1024.jpg",1024,1024,true],"1536x1536":["https:\/\/filplast.pl\/wp-content\/uploads\/2020\/12\/alustar-104-mini-1.jpg",1100,1100,false],"2048x2048":["https:\/\/filplast.pl\/wp-content\/uploads\/2020\/12\/alustar-104-mini-1.jpg",1100,1100,false],"depcore-widget-post-thumb":["https:\/\/filplast.pl\/wp-content\/uploads\/2020\/12\/alustar-104-mini-1-65x65.jpg",65,65,true],"depcore-widget-post-medium":["https:\/\/filplast.pl\/wp-content\/uploads\/2020\/12\/alustar-104-mini-1-280x150.jpg",280,150,true],"square":["https:\/\/filplast.pl\/wp-content\/uploads\/2020\/12\/alustar-104-mini-1-500x500.jpg",500,500,true],"small-square":["https:\/\/filplast.pl\/wp-content\/uploads\/2020\/12\/alustar-104-mini-1-250x250.jpg",250,250,true],"slider-image":["https:\/\/filplast.pl\/wp-content\/uploads\/2020\/12\/alustar-104-mini-1-1080x500.jpg",1080,500,true],"":["https:\/\/filplast.pl\/wp-content\/uploads\/2020\/12\/alustar-104-mini-1.jpg",250,250,false]},"uagb_author_info":{"display_name":"Micha\u0142 Mrukot","author_link":"https:\/\/filplast.pl\/cz\/author\/"},"uagb_comment_info":0,"uagb_excerpt":"AluViva 104 jsou okna s vysokou tepelnou izolac\u00ed a odolnost\u00ed proti vod\u011b a siln\u00fdm poryv\u016fm v\u011btru - a\u017e 200 km\/h. Ide\u00e1ln\u00ed pro energeticky \u00fasporn\u00e9 a dokonce i pasivn\u00ed domy - tento syst\u00e9m je certifikov\u00e1n Institutem pro pasivn\u00ed domy PHI Darmstadt.","_links":{"self":[{"href":"https:\/\/filplast.pl\/cz\/wp-json\/wp\/v2\/product\/12077","targetHints":{"allow":["GET"]}}],"collection":[{"href":"https:\/\/filplast.pl\/cz\/wp-json\/wp\/v2\/product"}],"about":[{"href":"https:\/\/filplast.pl\/cz\/wp-json\/wp\/v2\/types\/product"}],"version-history":[{"count":2,"href":"https:\/\/filplast.pl\/cz\/wp-json\/wp\/v2\/product\/12077\/revisions"}],"predecessor-version":[{"id":64290,"href":"https:\/\/filplast.pl\/cz\/wp-json\/wp\/v2\/product\/12077\/revisions\/64290"}],"wp:featuredmedia":[{"embeddable":true,"href":"https:\/\/filplast.pl\/cz\/wp-json\/wp\/v2\/media\/4519"}],"wp:attachment":[{"href":"https:\/\/filplast.pl\/cz\/wp-json\/wp\/v2\/media?parent=12077"}],"curies":[{"name":"wp","href":"https:\/\/api.w.org\/{rel}","templated":true}]}}