{"id":12084,"date":"2021-07-02T14:53:27","date_gmt":"2021-07-02T12:53:27","guid":{"rendered":"https:\/\/filplast.pl\/produkt\/psk-climastar-76\/"},"modified":"2024-01-09T15:25:38","modified_gmt":"2024-01-09T14:25:38","slug":"psk-climastar-76","status":"publish","type":"product","link":"https:\/\/filplast.pl\/cz\/vyrobek\/psk-climastar-76\/","title":{"rendered":"PSK ClimaStar 76"},"content":{"rendered":"<div id=\"modal-ready\"><p>ClimaStar 76 vynik\u00e1 mezi jin\u00fdmi terasov\u00fdmi syst\u00e9my z PVC men\u0161\u00ed instala\u010dn\u00ed hloubkou a tepeln\u00fdmi vlastnostmi. Jedn\u00e1 se o syst\u00e9m vyroben\u00fd z okenn\u00edch profil\u016f nejvy\u0161\u0161\u00ed t\u0159\u00eddy &#8211; t\u0159\u00eddy A.<\/p>\n<\/div>","protected":false},"excerpt":{"rendered":"<p>Konstrukce syst\u00e9mu ClimaStar 76 je stabiln\u00ed a odoln\u00e1. D\u00edky pou\u017eit\u00ed speci\u00e1ln\u00edho st\u0159edov\u00e9ho t\u011bsn\u011bn\u00ed \u00fa\u010dinn\u011b chr\u00e1n\u00ed p\u0159ed chladem, v\u011btrem a de\u0161t\u011bm.<\/p>\n","protected":false},"featured_media":24789,"parent":0,"menu_order":431,"template":"","class_list":["post-12084","product","type-product","status-publish","has-post-thumbnail","hentry","product-category-dvere","product-category-terasove-dvere","product-category-psk-cz-2","product-line-goldenline-cz"],"yoast_head":"<!-- This site is optimized with the Yoast SEO plugin v24.7 - https:\/\/yoast.com\/wordpress\/plugins\/seo\/ -->\n<title>Terasov\u00e9 dve\u0159e PSK ClimaStar 76 - Filplast po generace<\/title>\n<meta name=\"robots\" content=\"index, follow, max-snippet:-1, max-image-preview:large, max-video-preview:-1\" \/>\n<link rel=\"canonical\" href=\"https:\/\/filplast.pl\/cz\/vyrobek\/psk-climastar-76\/\" \/>\n<meta property=\"og:locale\" content=\"cs_CZ\" \/>\n<meta property=\"og:type\" content=\"article\" \/>\n<meta property=\"og:title\" content=\"Terasov\u00e9 dve\u0159e PSK ClimaStar 76 - Filplast po generace\" \/>\n<meta property=\"og:description\" content=\"Konstrukce syst\u00e9mu ClimaStar 76 je stabiln\u00ed a odoln\u00e1. D\u00edky pou\u017eit\u00ed speci\u00e1ln\u00edho st\u0159edov\u00e9ho t\u011bsn\u011bn\u00ed \u00fa\u010dinn\u011b chr\u00e1n\u00ed p\u0159ed chladem, v\u011btrem a de\u0161t\u011bm.\" \/>\n<meta property=\"og:url\" content=\"https:\/\/filplast.pl\/cz\/vyrobek\/psk-climastar-76\/\" \/>\n<meta property=\"og:site_name\" content=\"Filplast po generace\" \/>\n<meta property=\"article:publisher\" content=\"https:\/\/www.facebook.com\/filplast.firma\" \/>\n<meta property=\"article:modified_time\" content=\"2024-01-09T14:25:38+00:00\" \/>\n<meta property=\"og:image\" content=\"https:\/\/filplast.pl\/wp-content\/uploads\/2020\/12\/CS_76MD_PSK.png\" \/>\n\t<meta property=\"og:image:width\" content=\"2000\" \/>\n\t<meta property=\"og:image:height\" content=\"2000\" \/>\n\t<meta property=\"og:image:type\" content=\"image\/png\" \/>\n<meta name=\"twitter:card\" content=\"summary_large_image\" \/>\n<meta name=\"twitter:label1\" content=\"Odhadovan\u00e1 doba \u010dten\u00ed\" \/>\n\t<meta name=\"twitter:data1\" content=\"1 minuta\" \/>\n<script type=\"application\/ld+json\" class=\"yoast-schema-graph\">{\"@context\":\"https:\/\/schema.org\",\"@graph\":[{\"@type\":\"WebPage\",\"@id\":\"https:\/\/filplast.pl\/cz\/vyrobek\/psk-climastar-76\/\",\"url\":\"https:\/\/filplast.pl\/cz\/vyrobek\/psk-climastar-76\/\",\"name\":\"Terasov\u00e9 dve\u0159e PSK ClimaStar 76 - Filplast po generace\",\"isPartOf\":{\"@id\":\"https:\/\/filplast.pl\/cz\/#website\"},\"primaryImageOfPage\":{\"@id\":\"https:\/\/filplast.pl\/cz\/vyrobek\/psk-climastar-76\/#primaryimage\"},\"image\":{\"@id\":\"https:\/\/filplast.pl\/cz\/vyrobek\/psk-climastar-76\/#primaryimage\"},\"thumbnailUrl\":\"https:\/\/filplast.pl\/wp-content\/uploads\/2020\/12\/CS_76MD_PSK.png\",\"datePublished\":\"2021-07-02T12:53:27+00:00\",\"dateModified\":\"2024-01-09T14:25:38+00:00\",\"breadcrumb\":{\"@id\":\"https:\/\/filplast.pl\/cz\/vyrobek\/psk-climastar-76\/#breadcrumb\"},\"inLanguage\":\"cs\",\"potentialAction\":[{\"@type\":\"ReadAction\",\"target\":[\"https:\/\/filplast.pl\/cz\/vyrobek\/psk-climastar-76\/\"]}]},{\"@type\":\"ImageObject\",\"inLanguage\":\"cs\",\"@id\":\"https:\/\/filplast.pl\/cz\/vyrobek\/psk-climastar-76\/#primaryimage\",\"url\":\"https:\/\/filplast.pl\/wp-content\/uploads\/2020\/12\/CS_76MD_PSK.png\",\"contentUrl\":\"https:\/\/filplast.pl\/wp-content\/uploads\/2020\/12\/CS_76MD_PSK.png\",\"width\":2000,\"height\":2000},{\"@type\":\"BreadcrumbList\",\"@id\":\"https:\/\/filplast.pl\/cz\/vyrobek\/psk-climastar-76\/#breadcrumb\",\"itemListElement\":[{\"@type\":\"ListItem\",\"position\":1,\"name\":\"Hlavn\u00ed strana\",\"item\":\"https:\/\/filplast.pl\/cz\/\"},{\"@type\":\"ListItem\",\"position\":2,\"name\":\"Produkty\",\"item\":\"https:\/\/filplast.pl\/cz\/vyrobek\/\"},{\"@type\":\"ListItem\",\"position\":3,\"name\":\"PSK ClimaStar 76\"}]},{\"@type\":\"WebSite\",\"@id\":\"https:\/\/filplast.pl\/cz\/#website\",\"url\":\"https:\/\/filplast.pl\/cz\/\",\"name\":\"Filplast po generace\",\"description\":\"Producent okien, drzwi i rolet\",\"publisher\":{\"@id\":\"https:\/\/filplast.pl\/cz\/#organization\"},\"potentialAction\":[{\"@type\":\"SearchAction\",\"target\":{\"@type\":\"EntryPoint\",\"urlTemplate\":\"https:\/\/filplast.pl\/cz\/?s={search_term_string}\"},\"query-input\":{\"@type\":\"PropertyValueSpecification\",\"valueRequired\":true,\"valueName\":\"search_term_string\"}}],\"inLanguage\":\"cs\"},{\"@type\":\"Organization\",\"@id\":\"https:\/\/filplast.pl\/cz\/#organization\",\"name\":\"Filplast po generace\",\"url\":\"https:\/\/filplast.pl\/cz\/\",\"logo\":{\"@type\":\"ImageObject\",\"inLanguage\":\"cs\",\"@id\":\"https:\/\/filplast.pl\/cz\/#\/schema\/logo\/image\/\",\"url\":\"https:\/\/filplast.pl\/wp-content\/uploads\/2023\/10\/favicon-filplast.png\",\"contentUrl\":\"https:\/\/filplast.pl\/wp-content\/uploads\/2023\/10\/favicon-filplast.png\",\"width\":2134,\"height\":2134,\"caption\":\"Filplast po generace\"},\"image\":{\"@id\":\"https:\/\/filplast.pl\/cz\/#\/schema\/logo\/image\/\"},\"sameAs\":[\"https:\/\/www.facebook.com\/filplast.firma\",\"https:\/\/pl.pinterest.com\/filplast\/\",\"https:\/\/www.youtube.com\/FILPLASTchannel\",\"https:\/\/pl.linkedin.com\/company\/filplast-sp.-z-o.o.\",\"https:\/\/www.instagram.com\/filplast\/\"]}]}<\/script>\n<!-- \/ Yoast SEO plugin. -->","yoast_head_json":{"title":"Terasov\u00e9 dve\u0159e PSK ClimaStar 76 - Filplast po generace","robots":{"index":"index","follow":"follow","max-snippet":"max-snippet:-1","max-image-preview":"max-image-preview:large","max-video-preview":"max-video-preview:-1"},"canonical":"https:\/\/filplast.pl\/cz\/vyrobek\/psk-climastar-76\/","og_locale":"cs_CZ","og_type":"article","og_title":"Terasov\u00e9 dve\u0159e PSK ClimaStar 76 - Filplast po generace","og_description":"Konstrukce syst\u00e9mu ClimaStar 76 je stabiln\u00ed a odoln\u00e1. D\u00edky pou\u017eit\u00ed speci\u00e1ln\u00edho st\u0159edov\u00e9ho t\u011bsn\u011bn\u00ed \u00fa\u010dinn\u011b chr\u00e1n\u00ed p\u0159ed chladem, v\u011btrem a de\u0161t\u011bm.","og_url":"https:\/\/filplast.pl\/cz\/vyrobek\/psk-climastar-76\/","og_site_name":"Filplast po generace","article_publisher":"https:\/\/www.facebook.com\/filplast.firma","article_modified_time":"2024-01-09T14:25:38+00:00","og_image":[{"width":2000,"height":2000,"url":"https:\/\/filplast.pl\/wp-content\/uploads\/2020\/12\/CS_76MD_PSK.png","type":"image\/png"}],"twitter_card":"summary_large_image","twitter_misc":{"Odhadovan\u00e1 doba \u010dten\u00ed":"1 minuta"},"schema":{"@context":"https:\/\/schema.org","@graph":[{"@type":"WebPage","@id":"https:\/\/filplast.pl\/cz\/vyrobek\/psk-climastar-76\/","url":"https:\/\/filplast.pl\/cz\/vyrobek\/psk-climastar-76\/","name":"Terasov\u00e9 dve\u0159e PSK ClimaStar 76 - Filplast po generace","isPartOf":{"@id":"https:\/\/filplast.pl\/cz\/#website"},"primaryImageOfPage":{"@id":"https:\/\/filplast.pl\/cz\/vyrobek\/psk-climastar-76\/#primaryimage"},"image":{"@id":"https:\/\/filplast.pl\/cz\/vyrobek\/psk-climastar-76\/#primaryimage"},"thumbnailUrl":"https:\/\/filplast.pl\/wp-content\/uploads\/2020\/12\/CS_76MD_PSK.png","datePublished":"2021-07-02T12:53:27+00:00","dateModified":"2024-01-09T14:25:38+00:00","breadcrumb":{"@id":"https:\/\/filplast.pl\/cz\/vyrobek\/psk-climastar-76\/#breadcrumb"},"inLanguage":"cs","potentialAction":[{"@type":"ReadAction","target":["https:\/\/filplast.pl\/cz\/vyrobek\/psk-climastar-76\/"]}]},{"@type":"ImageObject","inLanguage":"cs","@id":"https:\/\/filplast.pl\/cz\/vyrobek\/psk-climastar-76\/#primaryimage","url":"https:\/\/filplast.pl\/wp-content\/uploads\/2020\/12\/CS_76MD_PSK.png","contentUrl":"https:\/\/filplast.pl\/wp-content\/uploads\/2020\/12\/CS_76MD_PSK.png","width":2000,"height":2000},{"@type":"BreadcrumbList","@id":"https:\/\/filplast.pl\/cz\/vyrobek\/psk-climastar-76\/#breadcrumb","itemListElement":[{"@type":"ListItem","position":1,"name":"Hlavn\u00ed strana","item":"https:\/\/filplast.pl\/cz\/"},{"@type":"ListItem","position":2,"name":"Produkty","item":"https:\/\/filplast.pl\/cz\/vyrobek\/"},{"@type":"ListItem","position":3,"name":"PSK ClimaStar 76"}]},{"@type":"WebSite","@id":"https:\/\/filplast.pl\/cz\/#website","url":"https:\/\/filplast.pl\/cz\/","name":"Filplast po generace","description":"Producent okien, drzwi i rolet","publisher":{"@id":"https:\/\/filplast.pl\/cz\/#organization"},"potentialAction":[{"@type":"SearchAction","target":{"@type":"EntryPoint","urlTemplate":"https:\/\/filplast.pl\/cz\/?s={search_term_string}"},"query-input":{"@type":"PropertyValueSpecification","valueRequired":true,"valueName":"search_term_string"}}],"inLanguage":"cs"},{"@type":"Organization","@id":"https:\/\/filplast.pl\/cz\/#organization","name":"Filplast po generace","url":"https:\/\/filplast.pl\/cz\/","logo":{"@type":"ImageObject","inLanguage":"cs","@id":"https:\/\/filplast.pl\/cz\/#\/schema\/logo\/image\/","url":"https:\/\/filplast.pl\/wp-content\/uploads\/2023\/10\/favicon-filplast.png","contentUrl":"https:\/\/filplast.pl\/wp-content\/uploads\/2023\/10\/favicon-filplast.png","width":2134,"height":2134,"caption":"Filplast po generace"},"image":{"@id":"https:\/\/filplast.pl\/cz\/#\/schema\/logo\/image\/"},"sameAs":["https:\/\/www.facebook.com\/filplast.firma","https:\/\/pl.pinterest.com\/filplast\/","https:\/\/www.youtube.com\/FILPLASTchannel","https:\/\/pl.linkedin.com\/company\/filplast-sp.-z-o.o.","https:\/\/www.instagram.com\/filplast\/"]}]}},"uagb_featured_image_src":{"full":["https:\/\/filplast.pl\/wp-content\/uploads\/2020\/12\/CS_76MD_PSK.png",2000,2000,false],"thumbnail":["https:\/\/filplast.pl\/wp-content\/uploads\/2020\/12\/CS_76MD_PSK-150x150.png",150,150,true],"medium":["https:\/\/filplast.pl\/wp-content\/uploads\/2020\/12\/CS_76MD_PSK-300x300.png",300,300,true],"medium_large":["https:\/\/filplast.pl\/wp-content\/uploads\/2020\/12\/CS_76MD_PSK-768x768.png",768,768,true],"large":["https:\/\/filplast.pl\/wp-content\/uploads\/2020\/12\/CS_76MD_PSK-1024x1024.png",1024,1024,true],"1536x1536":["https:\/\/filplast.pl\/wp-content\/uploads\/2020\/12\/CS_76MD_PSK-1536x1536.png",1536,1536,true],"2048x2048":["https:\/\/filplast.pl\/wp-content\/uploads\/2020\/12\/CS_76MD_PSK.png",2000,2000,false],"depcore-widget-post-thumb":["https:\/\/filplast.pl\/wp-content\/uploads\/2020\/12\/CS_76MD_PSK-65x65.png",65,65,true],"depcore-widget-post-medium":["https:\/\/filplast.pl\/wp-content\/uploads\/2020\/12\/CS_76MD_PSK-280x150.png",280,150,true],"square":["https:\/\/filplast.pl\/wp-content\/uploads\/2020\/12\/CS_76MD_PSK-500x500.png",500,500,true],"small-square":["https:\/\/filplast.pl\/wp-content\/uploads\/2020\/12\/CS_76MD_PSK-250x250.png",250,250,true],"slider-image":["https:\/\/filplast.pl\/wp-content\/uploads\/2020\/12\/CS_76MD_PSK-1080x500.png",1080,500,true],"":["https:\/\/filplast.pl\/wp-content\/uploads\/2020\/12\/CS_76MD_PSK.png",250,250,false]},"uagb_author_info":{"display_name":"Micha\u0142 Mrukot","author_link":"https:\/\/filplast.pl\/cz\/author\/"},"uagb_comment_info":0,"uagb_excerpt":"Konstrukce syst\u00e9mu ClimaStar 76 je stabiln\u00ed a odoln\u00e1. D\u00edky pou\u017eit\u00ed speci\u00e1ln\u00edho st\u0159edov\u00e9ho t\u011bsn\u011bn\u00ed \u00fa\u010dinn\u011b chr\u00e1n\u00ed p\u0159ed chladem, v\u011btrem a de\u0161t\u011bm.","_links":{"self":[{"href":"https:\/\/filplast.pl\/cz\/wp-json\/wp\/v2\/product\/12084","targetHints":{"allow":["GET"]}}],"collection":[{"href":"https:\/\/filplast.pl\/cz\/wp-json\/wp\/v2\/product"}],"about":[{"href":"https:\/\/filplast.pl\/cz\/wp-json\/wp\/v2\/types\/product"}],"version-history":[{"count":1,"href":"https:\/\/filplast.pl\/cz\/wp-json\/wp\/v2\/product\/12084\/revisions"}],"predecessor-version":[{"id":12085,"href":"https:\/\/filplast.pl\/cz\/wp-json\/wp\/v2\/product\/12084\/revisions\/12085"}],"wp:featuredmedia":[{"embeddable":true,"href":"https:\/\/filplast.pl\/cz\/wp-json\/wp\/v2\/media\/24789"}],"wp:attachment":[{"href":"https:\/\/filplast.pl\/cz\/wp-json\/wp\/v2\/media?parent=12084"}],"curies":[{"name":"wp","href":"https:\/\/api.w.org\/{rel}","templated":true}]}}