{"id":12096,"date":"2021-07-02T15:31:39","date_gmt":"2021-07-02T13:31:39","guid":{"rendered":"https:\/\/filplast.pl\/produkt\/alustar-slide-120\/"},"modified":"2024-01-09T15:22:36","modified_gmt":"2024-01-09T14:22:36","slug":"alustar-slide-120","status":"publish","type":"product","link":"https:\/\/filplast.pl\/cz\/vyrobek\/alustar-slide-120\/","title":{"rendered":"AluStar Slide 120"},"content":{"rendered":"<div id=\"modal-ready\"><p>AluStar Slide 120 je vyroben z odoln\u00fdch profil\u016f s t\u0159\u00edkomorovou konstrukc\u00ed Jejich kl\u00ed\u010dov\u00fdm prvkem je izola\u010dn\u00ed komora se \u0161irok\u00fdmi tepeln\u00fdmi li\u0161tami, kter\u00e1 velmi dob\u0159e izoluje teplo. \u0160irok\u00e1 \u0161k\u00e1la zasklen\u00ed umo\u017e\u0148uje pou\u017eit\u00ed r\u016fzn\u00fdch variant skel.<\/p>\n<\/div>","protected":false},"excerpt":{"rendered":"<p>Syst\u00e9m AluStar Slide 120 umo\u017e\u0148uje vytv\u00e1\u0159et konstrukce s nadstandardn\u00edmi rozm\u011bry &#8211; jeho k\u0159\u00eddlo m\u016f\u017ee m\u00edt \u0161\u00ed\u0159ku a\u017e 3,3 m a hmotnost a\u017e 300 kg. Syst\u00e9m je tak\u00e9 k dispozici s n\u00edzk\u00fdm prahem, kter\u00fd je vhodn\u00fd pro d\u011bti, osoby se zdravotn\u00edm posti\u017een\u00edm a seniory.<\/p>\n","protected":false},"featured_media":8007,"parent":0,"menu_order":450,"template":"","class_list":["post-12096","product","type-product","status-publish","has-post-thumbnail","hentry","product-category-dvere","product-category-terasove-dvere","product-category-hst-cz-2","product-line-silverline-cz"],"yoast_head":"<!-- This site is optimized with the Yoast SEO plugin v24.7 - https:\/\/yoast.com\/wordpress\/plugins\/seo\/ -->\n<title>Terasov\u00e9 dve\u0159e AluStar Slide 120 - Filplast po generace<\/title>\n<meta name=\"robots\" content=\"index, follow, max-snippet:-1, max-image-preview:large, max-video-preview:-1\" \/>\n<link rel=\"canonical\" href=\"https:\/\/filplast.pl\/cz\/vyrobek\/alustar-slide-120\/\" \/>\n<meta property=\"og:locale\" content=\"cs_CZ\" \/>\n<meta property=\"og:type\" content=\"article\" \/>\n<meta property=\"og:title\" content=\"Terasov\u00e9 dve\u0159e AluStar Slide 120 - Filplast po generace\" \/>\n<meta property=\"og:description\" content=\"Syst\u00e9m AluStar Slide 120 umo\u017e\u0148uje vytv\u00e1\u0159et konstrukce s nadstandardn\u00edmi rozm\u011bry - jeho k\u0159\u00eddlo m\u016f\u017ee m\u00edt \u0161\u00ed\u0159ku a\u017e 3,3 m a hmotnost a\u017e 300 kg. Syst\u00e9m je tak\u00e9 k dispozici s n\u00edzk\u00fdm prahem, kter\u00fd je vhodn\u00fd pro d\u011bti, osoby se zdravotn\u00edm posti\u017een\u00edm a seniory.\" \/>\n<meta property=\"og:url\" content=\"https:\/\/filplast.pl\/cz\/vyrobek\/alustar-slide-120\/\" \/>\n<meta property=\"og:site_name\" content=\"Filplast po generace\" \/>\n<meta property=\"article:publisher\" content=\"https:\/\/www.facebook.com\/filplast.firma\" \/>\n<meta property=\"article:modified_time\" content=\"2024-01-09T14:22:36+00:00\" \/>\n<meta property=\"og:image\" content=\"https:\/\/filplast.pl\/wp-content\/uploads\/2021\/01\/HST-AluStar-Slide-120.png\" \/>\n\t<meta property=\"og:image:width\" content=\"800\" \/>\n\t<meta property=\"og:image:height\" content=\"800\" \/>\n\t<meta property=\"og:image:type\" content=\"image\/png\" \/>\n<meta name=\"twitter:card\" content=\"summary_large_image\" \/>\n<meta name=\"twitter:label1\" content=\"Odhadovan\u00e1 doba \u010dten\u00ed\" \/>\n\t<meta name=\"twitter:data1\" content=\"1 minuta\" \/>\n<script type=\"application\/ld+json\" class=\"yoast-schema-graph\">{\"@context\":\"https:\/\/schema.org\",\"@graph\":[{\"@type\":\"WebPage\",\"@id\":\"https:\/\/filplast.pl\/cz\/vyrobek\/alustar-slide-120\/\",\"url\":\"https:\/\/filplast.pl\/cz\/vyrobek\/alustar-slide-120\/\",\"name\":\"Terasov\u00e9 dve\u0159e AluStar Slide 120 - Filplast po generace\",\"isPartOf\":{\"@id\":\"https:\/\/filplast.pl\/cz\/#website\"},\"primaryImageOfPage\":{\"@id\":\"https:\/\/filplast.pl\/cz\/vyrobek\/alustar-slide-120\/#primaryimage\"},\"image\":{\"@id\":\"https:\/\/filplast.pl\/cz\/vyrobek\/alustar-slide-120\/#primaryimage\"},\"thumbnailUrl\":\"https:\/\/filplast.pl\/wp-content\/uploads\/2021\/01\/HST-AluStar-Slide-120.png\",\"datePublished\":\"2021-07-02T13:31:39+00:00\",\"dateModified\":\"2024-01-09T14:22:36+00:00\",\"breadcrumb\":{\"@id\":\"https:\/\/filplast.pl\/cz\/vyrobek\/alustar-slide-120\/#breadcrumb\"},\"inLanguage\":\"cs\",\"potentialAction\":[{\"@type\":\"ReadAction\",\"target\":[\"https:\/\/filplast.pl\/cz\/vyrobek\/alustar-slide-120\/\"]}]},{\"@type\":\"ImageObject\",\"inLanguage\":\"cs\",\"@id\":\"https:\/\/filplast.pl\/cz\/vyrobek\/alustar-slide-120\/#primaryimage\",\"url\":\"https:\/\/filplast.pl\/wp-content\/uploads\/2021\/01\/HST-AluStar-Slide-120.png\",\"contentUrl\":\"https:\/\/filplast.pl\/wp-content\/uploads\/2021\/01\/HST-AluStar-Slide-120.png\",\"width\":800,\"height\":800},{\"@type\":\"BreadcrumbList\",\"@id\":\"https:\/\/filplast.pl\/cz\/vyrobek\/alustar-slide-120\/#breadcrumb\",\"itemListElement\":[{\"@type\":\"ListItem\",\"position\":1,\"name\":\"Hlavn\u00ed strana\",\"item\":\"https:\/\/filplast.pl\/cz\/\"},{\"@type\":\"ListItem\",\"position\":2,\"name\":\"Produkty\",\"item\":\"https:\/\/filplast.pl\/cz\/vyrobek\/\"},{\"@type\":\"ListItem\",\"position\":3,\"name\":\"AluStar Slide 120\"}]},{\"@type\":\"WebSite\",\"@id\":\"https:\/\/filplast.pl\/cz\/#website\",\"url\":\"https:\/\/filplast.pl\/cz\/\",\"name\":\"Filplast po generace\",\"description\":\"Producent okien, drzwi i rolet\",\"publisher\":{\"@id\":\"https:\/\/filplast.pl\/cz\/#organization\"},\"potentialAction\":[{\"@type\":\"SearchAction\",\"target\":{\"@type\":\"EntryPoint\",\"urlTemplate\":\"https:\/\/filplast.pl\/cz\/?s={search_term_string}\"},\"query-input\":{\"@type\":\"PropertyValueSpecification\",\"valueRequired\":true,\"valueName\":\"search_term_string\"}}],\"inLanguage\":\"cs\"},{\"@type\":\"Organization\",\"@id\":\"https:\/\/filplast.pl\/cz\/#organization\",\"name\":\"Filplast po generace\",\"url\":\"https:\/\/filplast.pl\/cz\/\",\"logo\":{\"@type\":\"ImageObject\",\"inLanguage\":\"cs\",\"@id\":\"https:\/\/filplast.pl\/cz\/#\/schema\/logo\/image\/\",\"url\":\"https:\/\/filplast.pl\/wp-content\/uploads\/2023\/10\/favicon-filplast.png\",\"contentUrl\":\"https:\/\/filplast.pl\/wp-content\/uploads\/2023\/10\/favicon-filplast.png\",\"width\":2134,\"height\":2134,\"caption\":\"Filplast po generace\"},\"image\":{\"@id\":\"https:\/\/filplast.pl\/cz\/#\/schema\/logo\/image\/\"},\"sameAs\":[\"https:\/\/www.facebook.com\/filplast.firma\",\"https:\/\/pl.pinterest.com\/filplast\/\",\"https:\/\/www.youtube.com\/FILPLASTchannel\",\"https:\/\/pl.linkedin.com\/company\/filplast-sp.-z-o.o.\",\"https:\/\/www.instagram.com\/filplast\/\"]}]}<\/script>\n<!-- \/ Yoast SEO plugin. -->","yoast_head_json":{"title":"Terasov\u00e9 dve\u0159e AluStar Slide 120 - Filplast po generace","robots":{"index":"index","follow":"follow","max-snippet":"max-snippet:-1","max-image-preview":"max-image-preview:large","max-video-preview":"max-video-preview:-1"},"canonical":"https:\/\/filplast.pl\/cz\/vyrobek\/alustar-slide-120\/","og_locale":"cs_CZ","og_type":"article","og_title":"Terasov\u00e9 dve\u0159e AluStar Slide 120 - Filplast po generace","og_description":"Syst\u00e9m AluStar Slide 120 umo\u017e\u0148uje vytv\u00e1\u0159et konstrukce s nadstandardn\u00edmi rozm\u011bry - jeho k\u0159\u00eddlo m\u016f\u017ee m\u00edt \u0161\u00ed\u0159ku a\u017e 3,3 m a hmotnost a\u017e 300 kg. Syst\u00e9m je tak\u00e9 k dispozici s n\u00edzk\u00fdm prahem, kter\u00fd je vhodn\u00fd pro d\u011bti, osoby se zdravotn\u00edm posti\u017een\u00edm a seniory.","og_url":"https:\/\/filplast.pl\/cz\/vyrobek\/alustar-slide-120\/","og_site_name":"Filplast po generace","article_publisher":"https:\/\/www.facebook.com\/filplast.firma","article_modified_time":"2024-01-09T14:22:36+00:00","og_image":[{"width":800,"height":800,"url":"https:\/\/filplast.pl\/wp-content\/uploads\/2021\/01\/HST-AluStar-Slide-120.png","type":"image\/png"}],"twitter_card":"summary_large_image","twitter_misc":{"Odhadovan\u00e1 doba \u010dten\u00ed":"1 minuta"},"schema":{"@context":"https:\/\/schema.org","@graph":[{"@type":"WebPage","@id":"https:\/\/filplast.pl\/cz\/vyrobek\/alustar-slide-120\/","url":"https:\/\/filplast.pl\/cz\/vyrobek\/alustar-slide-120\/","name":"Terasov\u00e9 dve\u0159e AluStar Slide 120 - Filplast po generace","isPartOf":{"@id":"https:\/\/filplast.pl\/cz\/#website"},"primaryImageOfPage":{"@id":"https:\/\/filplast.pl\/cz\/vyrobek\/alustar-slide-120\/#primaryimage"},"image":{"@id":"https:\/\/filplast.pl\/cz\/vyrobek\/alustar-slide-120\/#primaryimage"},"thumbnailUrl":"https:\/\/filplast.pl\/wp-content\/uploads\/2021\/01\/HST-AluStar-Slide-120.png","datePublished":"2021-07-02T13:31:39+00:00","dateModified":"2024-01-09T14:22:36+00:00","breadcrumb":{"@id":"https:\/\/filplast.pl\/cz\/vyrobek\/alustar-slide-120\/#breadcrumb"},"inLanguage":"cs","potentialAction":[{"@type":"ReadAction","target":["https:\/\/filplast.pl\/cz\/vyrobek\/alustar-slide-120\/"]}]},{"@type":"ImageObject","inLanguage":"cs","@id":"https:\/\/filplast.pl\/cz\/vyrobek\/alustar-slide-120\/#primaryimage","url":"https:\/\/filplast.pl\/wp-content\/uploads\/2021\/01\/HST-AluStar-Slide-120.png","contentUrl":"https:\/\/filplast.pl\/wp-content\/uploads\/2021\/01\/HST-AluStar-Slide-120.png","width":800,"height":800},{"@type":"BreadcrumbList","@id":"https:\/\/filplast.pl\/cz\/vyrobek\/alustar-slide-120\/#breadcrumb","itemListElement":[{"@type":"ListItem","position":1,"name":"Hlavn\u00ed strana","item":"https:\/\/filplast.pl\/cz\/"},{"@type":"ListItem","position":2,"name":"Produkty","item":"https:\/\/filplast.pl\/cz\/vyrobek\/"},{"@type":"ListItem","position":3,"name":"AluStar Slide 120"}]},{"@type":"WebSite","@id":"https:\/\/filplast.pl\/cz\/#website","url":"https:\/\/filplast.pl\/cz\/","name":"Filplast po generace","description":"Producent okien, drzwi i rolet","publisher":{"@id":"https:\/\/filplast.pl\/cz\/#organization"},"potentialAction":[{"@type":"SearchAction","target":{"@type":"EntryPoint","urlTemplate":"https:\/\/filplast.pl\/cz\/?s={search_term_string}"},"query-input":{"@type":"PropertyValueSpecification","valueRequired":true,"valueName":"search_term_string"}}],"inLanguage":"cs"},{"@type":"Organization","@id":"https:\/\/filplast.pl\/cz\/#organization","name":"Filplast po generace","url":"https:\/\/filplast.pl\/cz\/","logo":{"@type":"ImageObject","inLanguage":"cs","@id":"https:\/\/filplast.pl\/cz\/#\/schema\/logo\/image\/","url":"https:\/\/filplast.pl\/wp-content\/uploads\/2023\/10\/favicon-filplast.png","contentUrl":"https:\/\/filplast.pl\/wp-content\/uploads\/2023\/10\/favicon-filplast.png","width":2134,"height":2134,"caption":"Filplast po generace"},"image":{"@id":"https:\/\/filplast.pl\/cz\/#\/schema\/logo\/image\/"},"sameAs":["https:\/\/www.facebook.com\/filplast.firma","https:\/\/pl.pinterest.com\/filplast\/","https:\/\/www.youtube.com\/FILPLASTchannel","https:\/\/pl.linkedin.com\/company\/filplast-sp.-z-o.o.","https:\/\/www.instagram.com\/filplast\/"]}]}},"uagb_featured_image_src":{"full":["https:\/\/filplast.pl\/wp-content\/uploads\/2021\/01\/HST-AluStar-Slide-120.png",800,800,false],"thumbnail":["https:\/\/filplast.pl\/wp-content\/uploads\/2021\/01\/HST-AluStar-Slide-120-150x150.png",150,150,true],"medium":["https:\/\/filplast.pl\/wp-content\/uploads\/2021\/01\/HST-AluStar-Slide-120-300x300.png",300,300,true],"medium_large":["https:\/\/filplast.pl\/wp-content\/uploads\/2021\/01\/HST-AluStar-Slide-120-768x768.png",768,768,true],"large":["https:\/\/filplast.pl\/wp-content\/uploads\/2021\/01\/HST-AluStar-Slide-120.png",800,800,false],"1536x1536":["https:\/\/filplast.pl\/wp-content\/uploads\/2021\/01\/HST-AluStar-Slide-120.png",800,800,false],"2048x2048":["https:\/\/filplast.pl\/wp-content\/uploads\/2021\/01\/HST-AluStar-Slide-120.png",800,800,false],"depcore-widget-post-thumb":["https:\/\/filplast.pl\/wp-content\/uploads\/2021\/01\/HST-AluStar-Slide-120-65x65.png",65,65,true],"depcore-widget-post-medium":["https:\/\/filplast.pl\/wp-content\/uploads\/2021\/01\/HST-AluStar-Slide-120-280x150.png",280,150,true],"square":["https:\/\/filplast.pl\/wp-content\/uploads\/2021\/01\/HST-AluStar-Slide-120-500x500.png",500,500,true],"small-square":["https:\/\/filplast.pl\/wp-content\/uploads\/2021\/01\/HST-AluStar-Slide-120-250x250.png",250,250,true],"slider-image":["https:\/\/filplast.pl\/wp-content\/uploads\/2021\/01\/HST-AluStar-Slide-120-800x500.png",800,500,true],"":["https:\/\/filplast.pl\/wp-content\/uploads\/2021\/01\/HST-AluStar-Slide-120.png",250,250,false]},"uagb_author_info":{"display_name":"Micha\u0142 Mrukot","author_link":"https:\/\/filplast.pl\/cz\/author\/"},"uagb_comment_info":0,"uagb_excerpt":"Syst\u00e9m AluStar Slide 120 umo\u017e\u0148uje vytv\u00e1\u0159et konstrukce s nadstandardn\u00edmi rozm\u011bry - jeho k\u0159\u00eddlo m\u016f\u017ee m\u00edt \u0161\u00ed\u0159ku a\u017e 3,3 m a hmotnost a\u017e 300 kg. Syst\u00e9m je tak\u00e9 k dispozici s n\u00edzk\u00fdm prahem, kter\u00fd je vhodn\u00fd pro d\u011bti, osoby se zdravotn\u00edm posti\u017een\u00edm a seniory.","_links":{"self":[{"href":"https:\/\/filplast.pl\/cz\/wp-json\/wp\/v2\/product\/12096","targetHints":{"allow":["GET"]}}],"collection":[{"href":"https:\/\/filplast.pl\/cz\/wp-json\/wp\/v2\/product"}],"about":[{"href":"https:\/\/filplast.pl\/cz\/wp-json\/wp\/v2\/types\/product"}],"version-history":[{"count":1,"href":"https:\/\/filplast.pl\/cz\/wp-json\/wp\/v2\/product\/12096\/revisions"}],"predecessor-version":[{"id":12097,"href":"https:\/\/filplast.pl\/cz\/wp-json\/wp\/v2\/product\/12096\/revisions\/12097"}],"wp:featuredmedia":[{"embeddable":true,"href":"https:\/\/filplast.pl\/cz\/wp-json\/wp\/v2\/media\/8007"}],"wp:attachment":[{"href":"https:\/\/filplast.pl\/cz\/wp-json\/wp\/v2\/media?parent=12096"}],"curies":[{"name":"wp","href":"https:\/\/api.w.org\/{rel}","templated":true}]}}