{"id":12103,"date":"2021-07-02T15:37:44","date_gmt":"2021-07-02T13:37:44","guid":{"rendered":"https:\/\/filplast.pl\/produkt\/justslide-140\/"},"modified":"2024-01-09T15:23:27","modified_gmt":"2024-01-09T14:23:27","slug":"justslide-140","status":"publish","type":"product","link":"https:\/\/filplast.pl\/cz\/vyrobek\/justslide-140\/","title":{"rendered":"JustSlide 140"},"content":{"rendered":"<div id=\"modal-ready\"><p>Syst\u00e9m umo\u017e\u0148uje optim\u00e1ln\u00ed vyu\u017eit\u00ed prostoru uvnit\u0159 m\u00edstnosti, proto\u017ee otev\u0159en\u00ed dve\u0159\u00ed nevy\u017eaduje rozev\u0159en\u00ed k\u0159\u00eddel. Posuvn\u00e1 kov\u00e1n\u00ed pou\u017eit\u00e1 v syst\u00e9mu jsou zevnit\u0159 m\u00edstnosti neviditeln\u00e1.<\/p>\n<\/div>","protected":false},"excerpt":{"rendered":"<p>Posuvn\u00e9 dve\u0159e JustSlide sleduj\u00ed sou\u010dasn\u00e9 architektonick\u00e9 trendy a umo\u017e\u0148uj\u00ed vytv\u00e1\u0159en\u00ed konstrukc\u00ed s velmi velk\u00fdm zasklen\u00edm. K\u0159\u00eddlem lze pohybovat s minim\u00e1ln\u00ed silou pod\u00e9l pevn\u00e9 \u010d\u00e1sti konstrukce. D\u00edky inovativn\u00edmu zaji\u0161\u0165ovac\u00edmu mechanismu je po oto\u010den\u00ed kliky dol\u016f pohybliv\u00e1 \u010d\u00e1st dve\u0159\u00ed jemn\u011b p\u0159itla\u010dena k profilu r\u00e1mu.<\/p>\n","protected":false},"featured_media":8943,"parent":0,"menu_order":318,"template":"","class_list":["post-12103","product","type-product","status-publish","has-post-thumbnail","hentry","product-category-dvere","product-category-terasove-dvere","product-category-justslide-cz","product-line-goldenline-cz"],"yoast_head":"<!-- This site is optimized with the Yoast SEO plugin v24.7 - https:\/\/yoast.com\/wordpress\/plugins\/seo\/ -->\n<title>Terasov\u00e9 dve\u0159e JustSlide 140 - Filplast po generace<\/title>\n<meta name=\"robots\" content=\"index, follow, max-snippet:-1, max-image-preview:large, max-video-preview:-1\" \/>\n<link rel=\"canonical\" href=\"https:\/\/filplast.pl\/cz\/vyrobek\/justslide-140\/\" \/>\n<meta property=\"og:locale\" content=\"cs_CZ\" \/>\n<meta property=\"og:type\" content=\"article\" \/>\n<meta property=\"og:title\" content=\"Terasov\u00e9 dve\u0159e JustSlide 140 - Filplast po generace\" \/>\n<meta property=\"og:description\" content=\"Posuvn\u00e9 dve\u0159e JustSlide sleduj\u00ed sou\u010dasn\u00e9 architektonick\u00e9 trendy a umo\u017e\u0148uj\u00ed vytv\u00e1\u0159en\u00ed konstrukc\u00ed s velmi velk\u00fdm zasklen\u00edm. K\u0159\u00eddlem lze pohybovat s minim\u00e1ln\u00ed silou pod\u00e9l pevn\u00e9 \u010d\u00e1sti konstrukce. D\u00edky inovativn\u00edmu zaji\u0161\u0165ovac\u00edmu mechanismu je po oto\u010den\u00ed kliky dol\u016f pohybliv\u00e1 \u010d\u00e1st dve\u0159\u00ed jemn\u011b p\u0159itla\u010dena k profilu r\u00e1mu.\" \/>\n<meta property=\"og:url\" content=\"https:\/\/filplast.pl\/cz\/vyrobek\/justslide-140\/\" \/>\n<meta property=\"og:site_name\" content=\"Filplast po generace\" \/>\n<meta property=\"article:publisher\" content=\"https:\/\/www.facebook.com\/filplast.firma\" \/>\n<meta property=\"article:modified_time\" content=\"2024-01-09T14:23:27+00:00\" \/>\n<meta property=\"og:image\" content=\"https:\/\/filplast.pl\/wp-content\/uploads\/2021\/01\/Just-Slide-140.png\" \/>\n\t<meta property=\"og:image:width\" content=\"1067\" \/>\n\t<meta property=\"og:image:height\" content=\"1067\" \/>\n\t<meta property=\"og:image:type\" content=\"image\/png\" \/>\n<meta name=\"twitter:card\" content=\"summary_large_image\" \/>\n<meta name=\"twitter:label1\" content=\"Odhadovan\u00e1 doba \u010dten\u00ed\" \/>\n\t<meta name=\"twitter:data1\" content=\"1 minuta\" \/>\n<script type=\"application\/ld+json\" class=\"yoast-schema-graph\">{\"@context\":\"https:\/\/schema.org\",\"@graph\":[{\"@type\":\"WebPage\",\"@id\":\"https:\/\/filplast.pl\/cz\/vyrobek\/justslide-140\/\",\"url\":\"https:\/\/filplast.pl\/cz\/vyrobek\/justslide-140\/\",\"name\":\"Terasov\u00e9 dve\u0159e JustSlide 140 - Filplast po generace\",\"isPartOf\":{\"@id\":\"https:\/\/filplast.pl\/cz\/#website\"},\"primaryImageOfPage\":{\"@id\":\"https:\/\/filplast.pl\/cz\/vyrobek\/justslide-140\/#primaryimage\"},\"image\":{\"@id\":\"https:\/\/filplast.pl\/cz\/vyrobek\/justslide-140\/#primaryimage\"},\"thumbnailUrl\":\"https:\/\/filplast.pl\/wp-content\/uploads\/2021\/01\/Just-Slide-140.png\",\"datePublished\":\"2021-07-02T13:37:44+00:00\",\"dateModified\":\"2024-01-09T14:23:27+00:00\",\"breadcrumb\":{\"@id\":\"https:\/\/filplast.pl\/cz\/vyrobek\/justslide-140\/#breadcrumb\"},\"inLanguage\":\"cs\",\"potentialAction\":[{\"@type\":\"ReadAction\",\"target\":[\"https:\/\/filplast.pl\/cz\/vyrobek\/justslide-140\/\"]}]},{\"@type\":\"ImageObject\",\"inLanguage\":\"cs\",\"@id\":\"https:\/\/filplast.pl\/cz\/vyrobek\/justslide-140\/#primaryimage\",\"url\":\"https:\/\/filplast.pl\/wp-content\/uploads\/2021\/01\/Just-Slide-140.png\",\"contentUrl\":\"https:\/\/filplast.pl\/wp-content\/uploads\/2021\/01\/Just-Slide-140.png\",\"width\":1067,\"height\":1067},{\"@type\":\"BreadcrumbList\",\"@id\":\"https:\/\/filplast.pl\/cz\/vyrobek\/justslide-140\/#breadcrumb\",\"itemListElement\":[{\"@type\":\"ListItem\",\"position\":1,\"name\":\"Hlavn\u00ed strana\",\"item\":\"https:\/\/filplast.pl\/cz\/\"},{\"@type\":\"ListItem\",\"position\":2,\"name\":\"Produkty\",\"item\":\"https:\/\/filplast.pl\/cz\/vyrobek\/\"},{\"@type\":\"ListItem\",\"position\":3,\"name\":\"JustSlide 140\"}]},{\"@type\":\"WebSite\",\"@id\":\"https:\/\/filplast.pl\/cz\/#website\",\"url\":\"https:\/\/filplast.pl\/cz\/\",\"name\":\"Filplast po generace\",\"description\":\"Producent okien, drzwi i rolet\",\"publisher\":{\"@id\":\"https:\/\/filplast.pl\/cz\/#organization\"},\"potentialAction\":[{\"@type\":\"SearchAction\",\"target\":{\"@type\":\"EntryPoint\",\"urlTemplate\":\"https:\/\/filplast.pl\/cz\/?s={search_term_string}\"},\"query-input\":{\"@type\":\"PropertyValueSpecification\",\"valueRequired\":true,\"valueName\":\"search_term_string\"}}],\"inLanguage\":\"cs\"},{\"@type\":\"Organization\",\"@id\":\"https:\/\/filplast.pl\/cz\/#organization\",\"name\":\"Filplast po generace\",\"url\":\"https:\/\/filplast.pl\/cz\/\",\"logo\":{\"@type\":\"ImageObject\",\"inLanguage\":\"cs\",\"@id\":\"https:\/\/filplast.pl\/cz\/#\/schema\/logo\/image\/\",\"url\":\"https:\/\/filplast.pl\/wp-content\/uploads\/2023\/10\/favicon-filplast.png\",\"contentUrl\":\"https:\/\/filplast.pl\/wp-content\/uploads\/2023\/10\/favicon-filplast.png\",\"width\":2134,\"height\":2134,\"caption\":\"Filplast po generace\"},\"image\":{\"@id\":\"https:\/\/filplast.pl\/cz\/#\/schema\/logo\/image\/\"},\"sameAs\":[\"https:\/\/www.facebook.com\/filplast.firma\",\"https:\/\/pl.pinterest.com\/filplast\/\",\"https:\/\/www.youtube.com\/FILPLASTchannel\",\"https:\/\/pl.linkedin.com\/company\/filplast-sp.-z-o.o.\",\"https:\/\/www.instagram.com\/filplast\/\"]}]}<\/script>\n<!-- \/ Yoast SEO plugin. -->","yoast_head_json":{"title":"Terasov\u00e9 dve\u0159e JustSlide 140 - Filplast po generace","robots":{"index":"index","follow":"follow","max-snippet":"max-snippet:-1","max-image-preview":"max-image-preview:large","max-video-preview":"max-video-preview:-1"},"canonical":"https:\/\/filplast.pl\/cz\/vyrobek\/justslide-140\/","og_locale":"cs_CZ","og_type":"article","og_title":"Terasov\u00e9 dve\u0159e JustSlide 140 - Filplast po generace","og_description":"Posuvn\u00e9 dve\u0159e JustSlide sleduj\u00ed sou\u010dasn\u00e9 architektonick\u00e9 trendy a umo\u017e\u0148uj\u00ed vytv\u00e1\u0159en\u00ed konstrukc\u00ed s velmi velk\u00fdm zasklen\u00edm. K\u0159\u00eddlem lze pohybovat s minim\u00e1ln\u00ed silou pod\u00e9l pevn\u00e9 \u010d\u00e1sti konstrukce. D\u00edky inovativn\u00edmu zaji\u0161\u0165ovac\u00edmu mechanismu je po oto\u010den\u00ed kliky dol\u016f pohybliv\u00e1 \u010d\u00e1st dve\u0159\u00ed jemn\u011b p\u0159itla\u010dena k profilu r\u00e1mu.","og_url":"https:\/\/filplast.pl\/cz\/vyrobek\/justslide-140\/","og_site_name":"Filplast po generace","article_publisher":"https:\/\/www.facebook.com\/filplast.firma","article_modified_time":"2024-01-09T14:23:27+00:00","og_image":[{"width":1067,"height":1067,"url":"https:\/\/filplast.pl\/wp-content\/uploads\/2021\/01\/Just-Slide-140.png","type":"image\/png"}],"twitter_card":"summary_large_image","twitter_misc":{"Odhadovan\u00e1 doba \u010dten\u00ed":"1 minuta"},"schema":{"@context":"https:\/\/schema.org","@graph":[{"@type":"WebPage","@id":"https:\/\/filplast.pl\/cz\/vyrobek\/justslide-140\/","url":"https:\/\/filplast.pl\/cz\/vyrobek\/justslide-140\/","name":"Terasov\u00e9 dve\u0159e JustSlide 140 - Filplast po generace","isPartOf":{"@id":"https:\/\/filplast.pl\/cz\/#website"},"primaryImageOfPage":{"@id":"https:\/\/filplast.pl\/cz\/vyrobek\/justslide-140\/#primaryimage"},"image":{"@id":"https:\/\/filplast.pl\/cz\/vyrobek\/justslide-140\/#primaryimage"},"thumbnailUrl":"https:\/\/filplast.pl\/wp-content\/uploads\/2021\/01\/Just-Slide-140.png","datePublished":"2021-07-02T13:37:44+00:00","dateModified":"2024-01-09T14:23:27+00:00","breadcrumb":{"@id":"https:\/\/filplast.pl\/cz\/vyrobek\/justslide-140\/#breadcrumb"},"inLanguage":"cs","potentialAction":[{"@type":"ReadAction","target":["https:\/\/filplast.pl\/cz\/vyrobek\/justslide-140\/"]}]},{"@type":"ImageObject","inLanguage":"cs","@id":"https:\/\/filplast.pl\/cz\/vyrobek\/justslide-140\/#primaryimage","url":"https:\/\/filplast.pl\/wp-content\/uploads\/2021\/01\/Just-Slide-140.png","contentUrl":"https:\/\/filplast.pl\/wp-content\/uploads\/2021\/01\/Just-Slide-140.png","width":1067,"height":1067},{"@type":"BreadcrumbList","@id":"https:\/\/filplast.pl\/cz\/vyrobek\/justslide-140\/#breadcrumb","itemListElement":[{"@type":"ListItem","position":1,"name":"Hlavn\u00ed strana","item":"https:\/\/filplast.pl\/cz\/"},{"@type":"ListItem","position":2,"name":"Produkty","item":"https:\/\/filplast.pl\/cz\/vyrobek\/"},{"@type":"ListItem","position":3,"name":"JustSlide 140"}]},{"@type":"WebSite","@id":"https:\/\/filplast.pl\/cz\/#website","url":"https:\/\/filplast.pl\/cz\/","name":"Filplast po generace","description":"Producent okien, drzwi i rolet","publisher":{"@id":"https:\/\/filplast.pl\/cz\/#organization"},"potentialAction":[{"@type":"SearchAction","target":{"@type":"EntryPoint","urlTemplate":"https:\/\/filplast.pl\/cz\/?s={search_term_string}"},"query-input":{"@type":"PropertyValueSpecification","valueRequired":true,"valueName":"search_term_string"}}],"inLanguage":"cs"},{"@type":"Organization","@id":"https:\/\/filplast.pl\/cz\/#organization","name":"Filplast po generace","url":"https:\/\/filplast.pl\/cz\/","logo":{"@type":"ImageObject","inLanguage":"cs","@id":"https:\/\/filplast.pl\/cz\/#\/schema\/logo\/image\/","url":"https:\/\/filplast.pl\/wp-content\/uploads\/2023\/10\/favicon-filplast.png","contentUrl":"https:\/\/filplast.pl\/wp-content\/uploads\/2023\/10\/favicon-filplast.png","width":2134,"height":2134,"caption":"Filplast po generace"},"image":{"@id":"https:\/\/filplast.pl\/cz\/#\/schema\/logo\/image\/"},"sameAs":["https:\/\/www.facebook.com\/filplast.firma","https:\/\/pl.pinterest.com\/filplast\/","https:\/\/www.youtube.com\/FILPLASTchannel","https:\/\/pl.linkedin.com\/company\/filplast-sp.-z-o.o.","https:\/\/www.instagram.com\/filplast\/"]}]}},"uagb_featured_image_src":{"full":["https:\/\/filplast.pl\/wp-content\/uploads\/2021\/01\/Just-Slide-140.png",1067,1067,false],"thumbnail":["https:\/\/filplast.pl\/wp-content\/uploads\/2021\/01\/Just-Slide-140-150x150.png",150,150,true],"medium":["https:\/\/filplast.pl\/wp-content\/uploads\/2021\/01\/Just-Slide-140-300x300.png",300,300,true],"medium_large":["https:\/\/filplast.pl\/wp-content\/uploads\/2021\/01\/Just-Slide-140-768x768.png",768,768,true],"large":["https:\/\/filplast.pl\/wp-content\/uploads\/2021\/01\/Just-Slide-140-1024x1024.png",1024,1024,true],"1536x1536":["https:\/\/filplast.pl\/wp-content\/uploads\/2021\/01\/Just-Slide-140.png",1067,1067,false],"2048x2048":["https:\/\/filplast.pl\/wp-content\/uploads\/2021\/01\/Just-Slide-140.png",1067,1067,false],"depcore-widget-post-thumb":["https:\/\/filplast.pl\/wp-content\/uploads\/2021\/01\/Just-Slide-140-65x65.png",65,65,true],"depcore-widget-post-medium":["https:\/\/filplast.pl\/wp-content\/uploads\/2021\/01\/Just-Slide-140-280x150.png",280,150,true],"square":["https:\/\/filplast.pl\/wp-content\/uploads\/2021\/01\/Just-Slide-140-500x500.png",500,500,true],"small-square":["https:\/\/filplast.pl\/wp-content\/uploads\/2021\/01\/Just-Slide-140-250x250.png",250,250,true],"slider-image":["https:\/\/filplast.pl\/wp-content\/uploads\/2021\/01\/Just-Slide-140-1067x500.png",1067,500,true],"":["https:\/\/filplast.pl\/wp-content\/uploads\/2021\/01\/Just-Slide-140.png",250,250,false]},"uagb_author_info":{"display_name":"Micha\u0142 Mrukot","author_link":"https:\/\/filplast.pl\/cz\/author\/"},"uagb_comment_info":0,"uagb_excerpt":"Posuvn\u00e9 dve\u0159e JustSlide sleduj\u00ed sou\u010dasn\u00e9 architektonick\u00e9 trendy a umo\u017e\u0148uj\u00ed vytv\u00e1\u0159en\u00ed konstrukc\u00ed s velmi velk\u00fdm zasklen\u00edm. K\u0159\u00eddlem lze pohybovat s minim\u00e1ln\u00ed silou pod\u00e9l pevn\u00e9 \u010d\u00e1sti konstrukce. D\u00edky inovativn\u00edmu zaji\u0161\u0165ovac\u00edmu mechanismu je po oto\u010den\u00ed kliky dol\u016f pohybliv\u00e1 \u010d\u00e1st dve\u0159\u00ed jemn\u011b p\u0159itla\u010dena k profilu r\u00e1mu.","_links":{"self":[{"href":"https:\/\/filplast.pl\/cz\/wp-json\/wp\/v2\/product\/12103","targetHints":{"allow":["GET"]}}],"collection":[{"href":"https:\/\/filplast.pl\/cz\/wp-json\/wp\/v2\/product"}],"about":[{"href":"https:\/\/filplast.pl\/cz\/wp-json\/wp\/v2\/types\/product"}],"version-history":[{"count":1,"href":"https:\/\/filplast.pl\/cz\/wp-json\/wp\/v2\/product\/12103\/revisions"}],"predecessor-version":[{"id":25746,"href":"https:\/\/filplast.pl\/cz\/wp-json\/wp\/v2\/product\/12103\/revisions\/25746"}],"wp:featuredmedia":[{"embeddable":true,"href":"https:\/\/filplast.pl\/cz\/wp-json\/wp\/v2\/media\/8943"}],"wp:attachment":[{"href":"https:\/\/filplast.pl\/cz\/wp-json\/wp\/v2\/media?parent=12103"}],"curies":[{"name":"wp","href":"https:\/\/api.w.org\/{rel}","templated":true}]}}