{"id":12104,"date":"2021-07-02T15:40:33","date_gmt":"2021-07-02T13:40:33","guid":{"rendered":"https:\/\/filplast.pl\/produkt\/rmk\/"},"modified":"2021-07-02T15:40:53","modified_gmt":"2021-07-02T13:40:53","slug":"rmk","status":"publish","type":"product","link":"https:\/\/filplast.pl\/cz\/vyrobek\/rmk\/","title":{"rendered":"RMK"},"content":{"rendered":"<div id=\"modal-ready\"><p>Roleta RMK vytv\u00e1\u0159\u00ed s oknem jednotn\u00fd celek. P\u0159edn\u00ed \u010d\u00e1st rolety m\u016f\u017ee b\u00fdt z\u00e1kladem pro jak\u00fdkoli dokon\u010dovac\u00ed materi\u00e1l, d\u00edky \u010demu\u017e bude tato konstrukce nepost\u0159ehnuteln\u00fdm prvkem cel\u00e9 fas\u00e1dy.<\/p>\n<\/div>","protected":false},"excerpt":{"rendered":"<p>RMK je nadokenn\u00ed roleta. Po instalaci je sk\u0159\u00ed\u0148ka neviditeln\u00e1. Pou\u017eit\u00ed rolet v\u00fdrazn\u011b sni\u017euje n\u00e1klady na vyt\u00e1p\u011bn\u00ed v zim\u011b a v l\u00e9t\u011b pom\u00e1h\u00e1 sni\u017eovat \u00farove\u0148 proh\u0159\u00edv\u00e1n\u00ed m\u00edstnost\u00ed.<\/p>\n","protected":false},"featured_media":37128,"parent":0,"menu_order":311,"template":"","class_list":["post-12104","product","type-product","status-publish","has-post-thumbnail","hentry","product-category-venkovni-rolety","product-category-nadokenni-rolety","product-line-silverline-cz"],"yoast_head":"<!-- This site is optimized with the Yoast SEO plugin v24.7 - https:\/\/yoast.com\/wordpress\/plugins\/seo\/ -->\n<title>Nadokenn\u00ed rolety RMK - Filplast po generace<\/title>\n<meta name=\"robots\" content=\"index, follow, max-snippet:-1, max-image-preview:large, max-video-preview:-1\" \/>\n<link rel=\"canonical\" href=\"https:\/\/filplast.pl\/cz\/vyrobek\/rmk\/\" \/>\n<meta property=\"og:locale\" content=\"cs_CZ\" \/>\n<meta property=\"og:type\" content=\"article\" \/>\n<meta property=\"og:title\" content=\"Nadokenn\u00ed rolety RMK - Filplast po generace\" \/>\n<meta property=\"og:description\" content=\"RMK je nadokenn\u00ed roleta. Po instalaci je sk\u0159\u00ed\u0148ka neviditeln\u00e1. Pou\u017eit\u00ed rolet v\u00fdrazn\u011b sni\u017euje n\u00e1klady na vyt\u00e1p\u011bn\u00ed v zim\u011b a v l\u00e9t\u011b pom\u00e1h\u00e1 sni\u017eovat \u00farove\u0148 proh\u0159\u00edv\u00e1n\u00ed m\u00edstnost\u00ed.\" \/>\n<meta property=\"og:url\" content=\"https:\/\/filplast.pl\/cz\/vyrobek\/rmk\/\" \/>\n<meta property=\"og:site_name\" content=\"Filplast po generace\" \/>\n<meta property=\"article:publisher\" content=\"https:\/\/www.facebook.com\/filplast.firma\" \/>\n<meta property=\"article:modified_time\" content=\"2021-07-02T13:40:53+00:00\" \/>\n<meta property=\"og:image\" content=\"https:\/\/filplast.pl\/wp-content\/uploads\/2020\/12\/RMK.jpg\" \/>\n\t<meta property=\"og:image:width\" content=\"1080\" \/>\n\t<meta property=\"og:image:height\" content=\"500\" \/>\n\t<meta property=\"og:image:type\" content=\"image\/jpeg\" \/>\n<meta name=\"twitter:card\" content=\"summary_large_image\" \/>\n<script type=\"application\/ld+json\" class=\"yoast-schema-graph\">{\"@context\":\"https:\/\/schema.org\",\"@graph\":[{\"@type\":\"WebPage\",\"@id\":\"https:\/\/filplast.pl\/cz\/vyrobek\/rmk\/\",\"url\":\"https:\/\/filplast.pl\/cz\/vyrobek\/rmk\/\",\"name\":\"Nadokenn\u00ed rolety RMK - Filplast po generace\",\"isPartOf\":{\"@id\":\"https:\/\/filplast.pl\/cz\/#website\"},\"primaryImageOfPage\":{\"@id\":\"https:\/\/filplast.pl\/cz\/vyrobek\/rmk\/#primaryimage\"},\"image\":{\"@id\":\"https:\/\/filplast.pl\/cz\/vyrobek\/rmk\/#primaryimage\"},\"thumbnailUrl\":\"https:\/\/filplast.pl\/wp-content\/uploads\/2020\/12\/RMK.jpg\",\"datePublished\":\"2021-07-02T13:40:33+00:00\",\"dateModified\":\"2021-07-02T13:40:53+00:00\",\"breadcrumb\":{\"@id\":\"https:\/\/filplast.pl\/cz\/vyrobek\/rmk\/#breadcrumb\"},\"inLanguage\":\"cs\",\"potentialAction\":[{\"@type\":\"ReadAction\",\"target\":[\"https:\/\/filplast.pl\/cz\/vyrobek\/rmk\/\"]}]},{\"@type\":\"ImageObject\",\"inLanguage\":\"cs\",\"@id\":\"https:\/\/filplast.pl\/cz\/vyrobek\/rmk\/#primaryimage\",\"url\":\"https:\/\/filplast.pl\/wp-content\/uploads\/2020\/12\/RMK.jpg\",\"contentUrl\":\"https:\/\/filplast.pl\/wp-content\/uploads\/2020\/12\/RMK.jpg\",\"width\":1080,\"height\":500,\"caption\":\"RMK\"},{\"@type\":\"BreadcrumbList\",\"@id\":\"https:\/\/filplast.pl\/cz\/vyrobek\/rmk\/#breadcrumb\",\"itemListElement\":[{\"@type\":\"ListItem\",\"position\":1,\"name\":\"Hlavn\u00ed strana\",\"item\":\"https:\/\/filplast.pl\/cz\/\"},{\"@type\":\"ListItem\",\"position\":2,\"name\":\"Produkty\",\"item\":\"https:\/\/filplast.pl\/cz\/vyrobek\/\"},{\"@type\":\"ListItem\",\"position\":3,\"name\":\"RMK\"}]},{\"@type\":\"WebSite\",\"@id\":\"https:\/\/filplast.pl\/cz\/#website\",\"url\":\"https:\/\/filplast.pl\/cz\/\",\"name\":\"Filplast po generace\",\"description\":\"Producent okien, drzwi i rolet\",\"publisher\":{\"@id\":\"https:\/\/filplast.pl\/cz\/#organization\"},\"potentialAction\":[{\"@type\":\"SearchAction\",\"target\":{\"@type\":\"EntryPoint\",\"urlTemplate\":\"https:\/\/filplast.pl\/cz\/?s={search_term_string}\"},\"query-input\":{\"@type\":\"PropertyValueSpecification\",\"valueRequired\":true,\"valueName\":\"search_term_string\"}}],\"inLanguage\":\"cs\"},{\"@type\":\"Organization\",\"@id\":\"https:\/\/filplast.pl\/cz\/#organization\",\"name\":\"Filplast po generace\",\"url\":\"https:\/\/filplast.pl\/cz\/\",\"logo\":{\"@type\":\"ImageObject\",\"inLanguage\":\"cs\",\"@id\":\"https:\/\/filplast.pl\/cz\/#\/schema\/logo\/image\/\",\"url\":\"https:\/\/filplast.pl\/wp-content\/uploads\/2023\/10\/favicon-filplast.png\",\"contentUrl\":\"https:\/\/filplast.pl\/wp-content\/uploads\/2023\/10\/favicon-filplast.png\",\"width\":2134,\"height\":2134,\"caption\":\"Filplast po generace\"},\"image\":{\"@id\":\"https:\/\/filplast.pl\/cz\/#\/schema\/logo\/image\/\"},\"sameAs\":[\"https:\/\/www.facebook.com\/filplast.firma\",\"https:\/\/pl.pinterest.com\/filplast\/\",\"https:\/\/www.youtube.com\/FILPLASTchannel\",\"https:\/\/pl.linkedin.com\/company\/filplast-sp.-z-o.o.\",\"https:\/\/www.instagram.com\/filplast\/\"]}]}<\/script>\n<!-- \/ Yoast SEO plugin. -->","yoast_head_json":{"title":"Nadokenn\u00ed rolety RMK - Filplast po generace","robots":{"index":"index","follow":"follow","max-snippet":"max-snippet:-1","max-image-preview":"max-image-preview:large","max-video-preview":"max-video-preview:-1"},"canonical":"https:\/\/filplast.pl\/cz\/vyrobek\/rmk\/","og_locale":"cs_CZ","og_type":"article","og_title":"Nadokenn\u00ed rolety RMK - Filplast po generace","og_description":"RMK je nadokenn\u00ed roleta. Po instalaci je sk\u0159\u00ed\u0148ka neviditeln\u00e1. Pou\u017eit\u00ed rolet v\u00fdrazn\u011b sni\u017euje n\u00e1klady na vyt\u00e1p\u011bn\u00ed v zim\u011b a v l\u00e9t\u011b pom\u00e1h\u00e1 sni\u017eovat \u00farove\u0148 proh\u0159\u00edv\u00e1n\u00ed m\u00edstnost\u00ed.","og_url":"https:\/\/filplast.pl\/cz\/vyrobek\/rmk\/","og_site_name":"Filplast po generace","article_publisher":"https:\/\/www.facebook.com\/filplast.firma","article_modified_time":"2021-07-02T13:40:53+00:00","og_image":[{"width":1080,"height":500,"url":"https:\/\/filplast.pl\/wp-content\/uploads\/2020\/12\/RMK.jpg","type":"image\/jpeg"}],"twitter_card":"summary_large_image","schema":{"@context":"https:\/\/schema.org","@graph":[{"@type":"WebPage","@id":"https:\/\/filplast.pl\/cz\/vyrobek\/rmk\/","url":"https:\/\/filplast.pl\/cz\/vyrobek\/rmk\/","name":"Nadokenn\u00ed rolety RMK - Filplast po generace","isPartOf":{"@id":"https:\/\/filplast.pl\/cz\/#website"},"primaryImageOfPage":{"@id":"https:\/\/filplast.pl\/cz\/vyrobek\/rmk\/#primaryimage"},"image":{"@id":"https:\/\/filplast.pl\/cz\/vyrobek\/rmk\/#primaryimage"},"thumbnailUrl":"https:\/\/filplast.pl\/wp-content\/uploads\/2020\/12\/RMK.jpg","datePublished":"2021-07-02T13:40:33+00:00","dateModified":"2021-07-02T13:40:53+00:00","breadcrumb":{"@id":"https:\/\/filplast.pl\/cz\/vyrobek\/rmk\/#breadcrumb"},"inLanguage":"cs","potentialAction":[{"@type":"ReadAction","target":["https:\/\/filplast.pl\/cz\/vyrobek\/rmk\/"]}]},{"@type":"ImageObject","inLanguage":"cs","@id":"https:\/\/filplast.pl\/cz\/vyrobek\/rmk\/#primaryimage","url":"https:\/\/filplast.pl\/wp-content\/uploads\/2020\/12\/RMK.jpg","contentUrl":"https:\/\/filplast.pl\/wp-content\/uploads\/2020\/12\/RMK.jpg","width":1080,"height":500,"caption":"RMK"},{"@type":"BreadcrumbList","@id":"https:\/\/filplast.pl\/cz\/vyrobek\/rmk\/#breadcrumb","itemListElement":[{"@type":"ListItem","position":1,"name":"Hlavn\u00ed strana","item":"https:\/\/filplast.pl\/cz\/"},{"@type":"ListItem","position":2,"name":"Produkty","item":"https:\/\/filplast.pl\/cz\/vyrobek\/"},{"@type":"ListItem","position":3,"name":"RMK"}]},{"@type":"WebSite","@id":"https:\/\/filplast.pl\/cz\/#website","url":"https:\/\/filplast.pl\/cz\/","name":"Filplast po generace","description":"Producent okien, drzwi i rolet","publisher":{"@id":"https:\/\/filplast.pl\/cz\/#organization"},"potentialAction":[{"@type":"SearchAction","target":{"@type":"EntryPoint","urlTemplate":"https:\/\/filplast.pl\/cz\/?s={search_term_string}"},"query-input":{"@type":"PropertyValueSpecification","valueRequired":true,"valueName":"search_term_string"}}],"inLanguage":"cs"},{"@type":"Organization","@id":"https:\/\/filplast.pl\/cz\/#organization","name":"Filplast po generace","url":"https:\/\/filplast.pl\/cz\/","logo":{"@type":"ImageObject","inLanguage":"cs","@id":"https:\/\/filplast.pl\/cz\/#\/schema\/logo\/image\/","url":"https:\/\/filplast.pl\/wp-content\/uploads\/2023\/10\/favicon-filplast.png","contentUrl":"https:\/\/filplast.pl\/wp-content\/uploads\/2023\/10\/favicon-filplast.png","width":2134,"height":2134,"caption":"Filplast po generace"},"image":{"@id":"https:\/\/filplast.pl\/cz\/#\/schema\/logo\/image\/"},"sameAs":["https:\/\/www.facebook.com\/filplast.firma","https:\/\/pl.pinterest.com\/filplast\/","https:\/\/www.youtube.com\/FILPLASTchannel","https:\/\/pl.linkedin.com\/company\/filplast-sp.-z-o.o.","https:\/\/www.instagram.com\/filplast\/"]}]}},"uagb_featured_image_src":{"full":["https:\/\/filplast.pl\/wp-content\/uploads\/2020\/12\/RMK.jpg",1080,500,false],"thumbnail":["https:\/\/filplast.pl\/wp-content\/uploads\/2020\/12\/RMK-150x150.jpg",150,150,true],"medium":["https:\/\/filplast.pl\/wp-content\/uploads\/2020\/12\/RMK-300x139.jpg",300,139,true],"medium_large":["https:\/\/filplast.pl\/wp-content\/uploads\/2020\/12\/RMK-768x356.jpg",768,356,true],"large":["https:\/\/filplast.pl\/wp-content\/uploads\/2020\/12\/RMK-1024x474.jpg",1024,474,true],"1536x1536":["https:\/\/filplast.pl\/wp-content\/uploads\/2020\/12\/RMK.jpg",1080,500,false],"2048x2048":["https:\/\/filplast.pl\/wp-content\/uploads\/2020\/12\/RMK.jpg",1080,500,false],"depcore-widget-post-thumb":["https:\/\/filplast.pl\/wp-content\/uploads\/2020\/12\/RMK-65x65.jpg",65,65,true],"depcore-widget-post-medium":["https:\/\/filplast.pl\/wp-content\/uploads\/2020\/12\/RMK-280x150.jpg",280,150,true],"square":["https:\/\/filplast.pl\/wp-content\/uploads\/2020\/12\/RMK-500x500.jpg",500,500,true],"small-square":["https:\/\/filplast.pl\/wp-content\/uploads\/2020\/12\/RMK-250x250.jpg",250,250,true],"slider-image":["https:\/\/filplast.pl\/wp-content\/uploads\/2020\/12\/RMK.jpg",1080,500,false],"":["https:\/\/filplast.pl\/wp-content\/uploads\/2020\/12\/RMK.jpg",380,176,false]},"uagb_author_info":{"display_name":"Agnieszka Losor","author_link":"https:\/\/filplast.pl\/cz\/author\/"},"uagb_comment_info":0,"uagb_excerpt":"RMK je nadokenn\u00ed roleta. Po instalaci je sk\u0159\u00ed\u0148ka neviditeln\u00e1. Pou\u017eit\u00ed rolet v\u00fdrazn\u011b sni\u017euje n\u00e1klady na vyt\u00e1p\u011bn\u00ed v zim\u011b a v l\u00e9t\u011b pom\u00e1h\u00e1 sni\u017eovat \u00farove\u0148 proh\u0159\u00edv\u00e1n\u00ed m\u00edstnost\u00ed.","_links":{"self":[{"href":"https:\/\/filplast.pl\/cz\/wp-json\/wp\/v2\/product\/12104","targetHints":{"allow":["GET"]}}],"collection":[{"href":"https:\/\/filplast.pl\/cz\/wp-json\/wp\/v2\/product"}],"about":[{"href":"https:\/\/filplast.pl\/cz\/wp-json\/wp\/v2\/types\/product"}],"version-history":[{"count":1,"href":"https:\/\/filplast.pl\/cz\/wp-json\/wp\/v2\/product\/12104\/revisions"}],"predecessor-version":[{"id":12106,"href":"https:\/\/filplast.pl\/cz\/wp-json\/wp\/v2\/product\/12104\/revisions\/12106"}],"wp:featuredmedia":[{"embeddable":true,"href":"https:\/\/filplast.pl\/cz\/wp-json\/wp\/v2\/media\/37128"}],"wp:attachment":[{"href":"https:\/\/filplast.pl\/cz\/wp-json\/wp\/v2\/media?parent=12104"}],"curies":[{"name":"wp","href":"https:\/\/api.w.org\/{rel}","templated":true}]}}