{"id":12109,"date":"2021-07-02T15:43:40","date_gmt":"2021-07-02T13:43:40","guid":{"rendered":"https:\/\/filplast.pl\/produkt\/rk-therm\/"},"modified":"2021-07-02T15:43:41","modified_gmt":"2021-07-02T13:43:41","slug":"rk-therm","status":"publish","type":"product","link":"https:\/\/filplast.pl\/cz\/vyrobek\/rk-therm\/","title":{"rendered":"RK Therm"},"content":{"rendered":"<div id=\"modal-ready\"><p>V\u00fdzkum renomovan\u00e9ho v\u00fdzkumn\u00e9ho \u00fastavu IFT ROSENHEIM potvrdil, \u017ee syst\u00e9m RK Therm se vyzna\u010duje v\u00fdjime\u010dn\u011b p\u0159\u00edzniv\u00fdm sou\u010dinitelem prostupu tepla &#8211; Uws a\u017e 0,40 W\/m\u00b2\u00b7K, co\u017e tento syst\u00e9m \u0159ad\u00ed na prvn\u00ed m\u00edsto mezi ostatn\u00edmi v\u00fdrobky tohoto typu.<\/p>\n<\/div>","protected":false},"excerpt":{"rendered":"<p>RK Therm je inovativn\u00ed venkovn\u00ed roleta, kter\u00e1 sn\u00ed\u017e\u00ed n\u00e1klady na vyt\u00e1p\u011bn\u00ed a ochlazov\u00e1n\u00ed a\u017e o 30 % b\u011bhem jednoho roku! Dal\u0161\u00ed v\u00fdhodou tohoto syst\u00e9mu je mo\u017enost zakryt\u00ed sk\u0159\u00ed\u0148ky a vodic\u00edho syst\u00e9mu.<\/p>\n","protected":false},"featured_media":37134,"parent":0,"menu_order":238,"template":"","class_list":["post-12109","product","type-product","status-publish","has-post-thumbnail","hentry","product-category-venkovni-rolety","product-category-nadokenni-rolety","product-line-platinumline-cz"],"yoast_head":"<!-- This site is optimized with the Yoast SEO plugin v24.7 - https:\/\/yoast.com\/wordpress\/plugins\/seo\/ -->\n<title>Nadokenn\u00ed rolety RK Therm - Filplast po generace<\/title>\n<meta name=\"robots\" content=\"index, follow, max-snippet:-1, max-image-preview:large, max-video-preview:-1\" \/>\n<link rel=\"canonical\" href=\"https:\/\/filplast.pl\/cz\/vyrobek\/rk-therm\/\" \/>\n<meta property=\"og:locale\" content=\"cs_CZ\" \/>\n<meta property=\"og:type\" content=\"article\" \/>\n<meta property=\"og:title\" content=\"Nadokenn\u00ed rolety RK Therm - Filplast po generace\" \/>\n<meta property=\"og:description\" content=\"RK Therm je inovativn\u00ed venkovn\u00ed roleta, kter\u00e1 sn\u00ed\u017e\u00ed n\u00e1klady na vyt\u00e1p\u011bn\u00ed a ochlazov\u00e1n\u00ed a\u017e o 30 % b\u011bhem jednoho roku! Dal\u0161\u00ed v\u00fdhodou tohoto syst\u00e9mu je mo\u017enost zakryt\u00ed sk\u0159\u00ed\u0148ky a vodic\u00edho syst\u00e9mu.\" \/>\n<meta property=\"og:url\" content=\"https:\/\/filplast.pl\/cz\/vyrobek\/rk-therm\/\" \/>\n<meta property=\"og:site_name\" content=\"Filplast po generace\" \/>\n<meta property=\"article:publisher\" content=\"https:\/\/www.facebook.com\/filplast.firma\" \/>\n<meta property=\"article:modified_time\" content=\"2021-07-02T13:43:41+00:00\" \/>\n<meta property=\"og:image\" content=\"https:\/\/filplast.pl\/wp-content\/uploads\/2020\/12\/RK-Therm.jpg\" \/>\n\t<meta property=\"og:image:width\" content=\"1080\" \/>\n\t<meta property=\"og:image:height\" content=\"500\" \/>\n\t<meta property=\"og:image:type\" content=\"image\/jpeg\" \/>\n<meta name=\"twitter:card\" content=\"summary_large_image\" \/>\n<script type=\"application\/ld+json\" class=\"yoast-schema-graph\">{\"@context\":\"https:\/\/schema.org\",\"@graph\":[{\"@type\":\"WebPage\",\"@id\":\"https:\/\/filplast.pl\/cz\/vyrobek\/rk-therm\/\",\"url\":\"https:\/\/filplast.pl\/cz\/vyrobek\/rk-therm\/\",\"name\":\"Nadokenn\u00ed rolety RK Therm - Filplast po generace\",\"isPartOf\":{\"@id\":\"https:\/\/filplast.pl\/cz\/#website\"},\"primaryImageOfPage\":{\"@id\":\"https:\/\/filplast.pl\/cz\/vyrobek\/rk-therm\/#primaryimage\"},\"image\":{\"@id\":\"https:\/\/filplast.pl\/cz\/vyrobek\/rk-therm\/#primaryimage\"},\"thumbnailUrl\":\"https:\/\/filplast.pl\/wp-content\/uploads\/2020\/12\/RK-Therm.jpg\",\"datePublished\":\"2021-07-02T13:43:40+00:00\",\"dateModified\":\"2021-07-02T13:43:41+00:00\",\"breadcrumb\":{\"@id\":\"https:\/\/filplast.pl\/cz\/vyrobek\/rk-therm\/#breadcrumb\"},\"inLanguage\":\"cs\",\"potentialAction\":[{\"@type\":\"ReadAction\",\"target\":[\"https:\/\/filplast.pl\/cz\/vyrobek\/rk-therm\/\"]}]},{\"@type\":\"ImageObject\",\"inLanguage\":\"cs\",\"@id\":\"https:\/\/filplast.pl\/cz\/vyrobek\/rk-therm\/#primaryimage\",\"url\":\"https:\/\/filplast.pl\/wp-content\/uploads\/2020\/12\/RK-Therm.jpg\",\"contentUrl\":\"https:\/\/filplast.pl\/wp-content\/uploads\/2020\/12\/RK-Therm.jpg\",\"width\":1080,\"height\":500},{\"@type\":\"BreadcrumbList\",\"@id\":\"https:\/\/filplast.pl\/cz\/vyrobek\/rk-therm\/#breadcrumb\",\"itemListElement\":[{\"@type\":\"ListItem\",\"position\":1,\"name\":\"Hlavn\u00ed strana\",\"item\":\"https:\/\/filplast.pl\/cz\/\"},{\"@type\":\"ListItem\",\"position\":2,\"name\":\"Produkty\",\"item\":\"https:\/\/filplast.pl\/cz\/vyrobek\/\"},{\"@type\":\"ListItem\",\"position\":3,\"name\":\"RK Therm\"}]},{\"@type\":\"WebSite\",\"@id\":\"https:\/\/filplast.pl\/cz\/#website\",\"url\":\"https:\/\/filplast.pl\/cz\/\",\"name\":\"Filplast po generace\",\"description\":\"Producent okien, drzwi i rolet\",\"publisher\":{\"@id\":\"https:\/\/filplast.pl\/cz\/#organization\"},\"potentialAction\":[{\"@type\":\"SearchAction\",\"target\":{\"@type\":\"EntryPoint\",\"urlTemplate\":\"https:\/\/filplast.pl\/cz\/?s={search_term_string}\"},\"query-input\":{\"@type\":\"PropertyValueSpecification\",\"valueRequired\":true,\"valueName\":\"search_term_string\"}}],\"inLanguage\":\"cs\"},{\"@type\":\"Organization\",\"@id\":\"https:\/\/filplast.pl\/cz\/#organization\",\"name\":\"Filplast po generace\",\"url\":\"https:\/\/filplast.pl\/cz\/\",\"logo\":{\"@type\":\"ImageObject\",\"inLanguage\":\"cs\",\"@id\":\"https:\/\/filplast.pl\/cz\/#\/schema\/logo\/image\/\",\"url\":\"https:\/\/filplast.pl\/wp-content\/uploads\/2023\/10\/favicon-filplast.png\",\"contentUrl\":\"https:\/\/filplast.pl\/wp-content\/uploads\/2023\/10\/favicon-filplast.png\",\"width\":2134,\"height\":2134,\"caption\":\"Filplast po generace\"},\"image\":{\"@id\":\"https:\/\/filplast.pl\/cz\/#\/schema\/logo\/image\/\"},\"sameAs\":[\"https:\/\/www.facebook.com\/filplast.firma\",\"https:\/\/pl.pinterest.com\/filplast\/\",\"https:\/\/www.youtube.com\/FILPLASTchannel\",\"https:\/\/pl.linkedin.com\/company\/filplast-sp.-z-o.o.\",\"https:\/\/www.instagram.com\/filplast\/\"]}]}<\/script>\n<!-- \/ Yoast SEO plugin. -->","yoast_head_json":{"title":"Nadokenn\u00ed rolety RK Therm - Filplast po generace","robots":{"index":"index","follow":"follow","max-snippet":"max-snippet:-1","max-image-preview":"max-image-preview:large","max-video-preview":"max-video-preview:-1"},"canonical":"https:\/\/filplast.pl\/cz\/vyrobek\/rk-therm\/","og_locale":"cs_CZ","og_type":"article","og_title":"Nadokenn\u00ed rolety RK Therm - Filplast po generace","og_description":"RK Therm je inovativn\u00ed venkovn\u00ed roleta, kter\u00e1 sn\u00ed\u017e\u00ed n\u00e1klady na vyt\u00e1p\u011bn\u00ed a ochlazov\u00e1n\u00ed a\u017e o 30 % b\u011bhem jednoho roku! Dal\u0161\u00ed v\u00fdhodou tohoto syst\u00e9mu je mo\u017enost zakryt\u00ed sk\u0159\u00ed\u0148ky a vodic\u00edho syst\u00e9mu.","og_url":"https:\/\/filplast.pl\/cz\/vyrobek\/rk-therm\/","og_site_name":"Filplast po generace","article_publisher":"https:\/\/www.facebook.com\/filplast.firma","article_modified_time":"2021-07-02T13:43:41+00:00","og_image":[{"width":1080,"height":500,"url":"https:\/\/filplast.pl\/wp-content\/uploads\/2020\/12\/RK-Therm.jpg","type":"image\/jpeg"}],"twitter_card":"summary_large_image","schema":{"@context":"https:\/\/schema.org","@graph":[{"@type":"WebPage","@id":"https:\/\/filplast.pl\/cz\/vyrobek\/rk-therm\/","url":"https:\/\/filplast.pl\/cz\/vyrobek\/rk-therm\/","name":"Nadokenn\u00ed rolety RK Therm - Filplast po generace","isPartOf":{"@id":"https:\/\/filplast.pl\/cz\/#website"},"primaryImageOfPage":{"@id":"https:\/\/filplast.pl\/cz\/vyrobek\/rk-therm\/#primaryimage"},"image":{"@id":"https:\/\/filplast.pl\/cz\/vyrobek\/rk-therm\/#primaryimage"},"thumbnailUrl":"https:\/\/filplast.pl\/wp-content\/uploads\/2020\/12\/RK-Therm.jpg","datePublished":"2021-07-02T13:43:40+00:00","dateModified":"2021-07-02T13:43:41+00:00","breadcrumb":{"@id":"https:\/\/filplast.pl\/cz\/vyrobek\/rk-therm\/#breadcrumb"},"inLanguage":"cs","potentialAction":[{"@type":"ReadAction","target":["https:\/\/filplast.pl\/cz\/vyrobek\/rk-therm\/"]}]},{"@type":"ImageObject","inLanguage":"cs","@id":"https:\/\/filplast.pl\/cz\/vyrobek\/rk-therm\/#primaryimage","url":"https:\/\/filplast.pl\/wp-content\/uploads\/2020\/12\/RK-Therm.jpg","contentUrl":"https:\/\/filplast.pl\/wp-content\/uploads\/2020\/12\/RK-Therm.jpg","width":1080,"height":500},{"@type":"BreadcrumbList","@id":"https:\/\/filplast.pl\/cz\/vyrobek\/rk-therm\/#breadcrumb","itemListElement":[{"@type":"ListItem","position":1,"name":"Hlavn\u00ed strana","item":"https:\/\/filplast.pl\/cz\/"},{"@type":"ListItem","position":2,"name":"Produkty","item":"https:\/\/filplast.pl\/cz\/vyrobek\/"},{"@type":"ListItem","position":3,"name":"RK Therm"}]},{"@type":"WebSite","@id":"https:\/\/filplast.pl\/cz\/#website","url":"https:\/\/filplast.pl\/cz\/","name":"Filplast po generace","description":"Producent okien, drzwi i rolet","publisher":{"@id":"https:\/\/filplast.pl\/cz\/#organization"},"potentialAction":[{"@type":"SearchAction","target":{"@type":"EntryPoint","urlTemplate":"https:\/\/filplast.pl\/cz\/?s={search_term_string}"},"query-input":{"@type":"PropertyValueSpecification","valueRequired":true,"valueName":"search_term_string"}}],"inLanguage":"cs"},{"@type":"Organization","@id":"https:\/\/filplast.pl\/cz\/#organization","name":"Filplast po generace","url":"https:\/\/filplast.pl\/cz\/","logo":{"@type":"ImageObject","inLanguage":"cs","@id":"https:\/\/filplast.pl\/cz\/#\/schema\/logo\/image\/","url":"https:\/\/filplast.pl\/wp-content\/uploads\/2023\/10\/favicon-filplast.png","contentUrl":"https:\/\/filplast.pl\/wp-content\/uploads\/2023\/10\/favicon-filplast.png","width":2134,"height":2134,"caption":"Filplast po generace"},"image":{"@id":"https:\/\/filplast.pl\/cz\/#\/schema\/logo\/image\/"},"sameAs":["https:\/\/www.facebook.com\/filplast.firma","https:\/\/pl.pinterest.com\/filplast\/","https:\/\/www.youtube.com\/FILPLASTchannel","https:\/\/pl.linkedin.com\/company\/filplast-sp.-z-o.o.","https:\/\/www.instagram.com\/filplast\/"]}]}},"uagb_featured_image_src":{"full":["https:\/\/filplast.pl\/wp-content\/uploads\/2020\/12\/RK-Therm.jpg",1080,500,false],"thumbnail":["https:\/\/filplast.pl\/wp-content\/uploads\/2020\/12\/RK-Therm-150x150.jpg",150,150,true],"medium":["https:\/\/filplast.pl\/wp-content\/uploads\/2020\/12\/RK-Therm-300x139.jpg",300,139,true],"medium_large":["https:\/\/filplast.pl\/wp-content\/uploads\/2020\/12\/RK-Therm-768x356.jpg",768,356,true],"large":["https:\/\/filplast.pl\/wp-content\/uploads\/2020\/12\/RK-Therm-1024x474.jpg",1024,474,true],"1536x1536":["https:\/\/filplast.pl\/wp-content\/uploads\/2020\/12\/RK-Therm.jpg",1080,500,false],"2048x2048":["https:\/\/filplast.pl\/wp-content\/uploads\/2020\/12\/RK-Therm.jpg",1080,500,false],"depcore-widget-post-thumb":["https:\/\/filplast.pl\/wp-content\/uploads\/2020\/12\/RK-Therm-65x65.jpg",65,65,true],"depcore-widget-post-medium":["https:\/\/filplast.pl\/wp-content\/uploads\/2020\/12\/RK-Therm-280x150.jpg",280,150,true],"square":["https:\/\/filplast.pl\/wp-content\/uploads\/2020\/12\/RK-Therm-500x500.jpg",500,500,true],"small-square":["https:\/\/filplast.pl\/wp-content\/uploads\/2020\/12\/RK-Therm-250x250.jpg",250,250,true],"slider-image":["https:\/\/filplast.pl\/wp-content\/uploads\/2020\/12\/RK-Therm.jpg",1080,500,false],"":["https:\/\/filplast.pl\/wp-content\/uploads\/2020\/12\/RK-Therm.jpg",380,176,false]},"uagb_author_info":{"display_name":"Agnieszka Losor","author_link":"https:\/\/filplast.pl\/cz\/author\/"},"uagb_comment_info":0,"uagb_excerpt":"RK Therm je inovativn\u00ed venkovn\u00ed roleta, kter\u00e1 sn\u00ed\u017e\u00ed n\u00e1klady na vyt\u00e1p\u011bn\u00ed a ochlazov\u00e1n\u00ed a\u017e o 30 % b\u011bhem jednoho roku! Dal\u0161\u00ed v\u00fdhodou tohoto syst\u00e9mu je mo\u017enost zakryt\u00ed sk\u0159\u00ed\u0148ky a vodic\u00edho syst\u00e9mu.","_links":{"self":[{"href":"https:\/\/filplast.pl\/cz\/wp-json\/wp\/v2\/product\/12109","targetHints":{"allow":["GET"]}}],"collection":[{"href":"https:\/\/filplast.pl\/cz\/wp-json\/wp\/v2\/product"}],"about":[{"href":"https:\/\/filplast.pl\/cz\/wp-json\/wp\/v2\/types\/product"}],"version-history":[{"count":1,"href":"https:\/\/filplast.pl\/cz\/wp-json\/wp\/v2\/product\/12109\/revisions"}],"predecessor-version":[{"id":12110,"href":"https:\/\/filplast.pl\/cz\/wp-json\/wp\/v2\/product\/12109\/revisions\/12110"}],"wp:featuredmedia":[{"embeddable":true,"href":"https:\/\/filplast.pl\/cz\/wp-json\/wp\/v2\/media\/37134"}],"wp:attachment":[{"href":"https:\/\/filplast.pl\/cz\/wp-json\/wp\/v2\/media?parent=12109"}],"curies":[{"name":"wp","href":"https:\/\/api.w.org\/{rel}","templated":true}]}}