{"id":12116,"date":"2021-07-02T15:53:44","date_gmt":"2021-07-02T13:53:44","guid":{"rendered":"https:\/\/filplast.pl\/produkt\/z-90\/"},"modified":"2021-07-02T15:53:44","modified_gmt":"2021-07-02T13:53:44","slug":"z-90","status":"publish","type":"product","link":"https:\/\/filplast.pl\/cz\/vyrobek\/z-90\/","title":{"rendered":"Z-90"},"content":{"rendered":"<div id=\"modal-ready\"><p>\u017daluzie Z-90 jsou k dispozici v 8 univerz\u00e1ln\u00edch standardn\u00edch barv\u00e1ch. Na individu\u00e1ln\u00ed p\u0159\u00e1n\u00ed je mo\u017en\u00e9 p\u0159ipravit \u017ealuzie v kter\u00e9koli z barev palety RAL.<\/p>\n<\/div>","protected":false},"excerpt":{"rendered":"<p>\u017daluzie Z-90 umo\u017e\u0148uj\u00ed nejv\u011bt\u0161\u00ed zatemn\u011bn\u00ed m\u00edstnosti. Velmi efektivn\u011b sni\u017euj\u00ed p\u0159\u00edstup sv\u011btla do m\u00edstnost\u00ed. Jsou vybaveny profilem, kter\u00fd p\u0159i zav\u00edr\u00e1n\u00ed umo\u017e\u0148uje velmi tich\u00fd chod syst\u00e9mu.<\/p>\n","protected":false},"featured_media":24614,"parent":0,"menu_order":250,"template":"","class_list":["post-12116","product","type-product","status-publish","has-post-thumbnail","hentry","product-category-venkovni-zaluzie","product-line-platinumline-cz"],"yoast_head":"<!-- This site is optimized with the Yoast SEO plugin v24.7 - https:\/\/yoast.com\/wordpress\/plugins\/seo\/ -->\n<title>Venkovn\u00ed \u017ealuzie Z-90 - Filplast po generace<\/title>\n<meta name=\"robots\" content=\"index, follow, max-snippet:-1, max-image-preview:large, max-video-preview:-1\" \/>\n<link rel=\"canonical\" href=\"https:\/\/filplast.pl\/cz\/vyrobek\/z-90\/\" \/>\n<meta property=\"og:locale\" content=\"cs_CZ\" \/>\n<meta property=\"og:type\" content=\"article\" \/>\n<meta property=\"og:title\" content=\"Venkovn\u00ed \u017ealuzie Z-90 - Filplast po generace\" \/>\n<meta property=\"og:description\" content=\"\u017daluzie Z-90 umo\u017e\u0148uj\u00ed nejv\u011bt\u0161\u00ed zatemn\u011bn\u00ed m\u00edstnosti. Velmi efektivn\u011b sni\u017euj\u00ed p\u0159\u00edstup sv\u011btla do m\u00edstnost\u00ed. Jsou vybaveny profilem, kter\u00fd p\u0159i zav\u00edr\u00e1n\u00ed umo\u017e\u0148uje velmi tich\u00fd chod syst\u00e9mu.\" \/>\n<meta property=\"og:url\" content=\"https:\/\/filplast.pl\/cz\/vyrobek\/z-90\/\" \/>\n<meta property=\"og:site_name\" content=\"Filplast po generace\" \/>\n<meta property=\"article:publisher\" content=\"https:\/\/www.facebook.com\/filplast.firma\" \/>\n<meta property=\"og:image\" content=\"https:\/\/filplast.pl\/wp-content\/uploads\/2020\/12\/z_90box-01.jpg\" \/>\n\t<meta property=\"og:image:width\" content=\"1000\" \/>\n\t<meta property=\"og:image:height\" content=\"1000\" \/>\n\t<meta property=\"og:image:type\" content=\"image\/jpeg\" \/>\n<meta name=\"twitter:card\" content=\"summary_large_image\" \/>\n<script type=\"application\/ld+json\" class=\"yoast-schema-graph\">{\"@context\":\"https:\/\/schema.org\",\"@graph\":[{\"@type\":\"WebPage\",\"@id\":\"https:\/\/filplast.pl\/cz\/vyrobek\/z-90\/\",\"url\":\"https:\/\/filplast.pl\/cz\/vyrobek\/z-90\/\",\"name\":\"Venkovn\u00ed \u017ealuzie Z-90 - Filplast po generace\",\"isPartOf\":{\"@id\":\"https:\/\/filplast.pl\/cz\/#website\"},\"primaryImageOfPage\":{\"@id\":\"https:\/\/filplast.pl\/cz\/vyrobek\/z-90\/#primaryimage\"},\"image\":{\"@id\":\"https:\/\/filplast.pl\/cz\/vyrobek\/z-90\/#primaryimage\"},\"thumbnailUrl\":\"https:\/\/filplast.pl\/wp-content\/uploads\/2020\/12\/z_90box-01.jpg\",\"datePublished\":\"2021-07-02T13:53:44+00:00\",\"breadcrumb\":{\"@id\":\"https:\/\/filplast.pl\/cz\/vyrobek\/z-90\/#breadcrumb\"},\"inLanguage\":\"cs\",\"potentialAction\":[{\"@type\":\"ReadAction\",\"target\":[\"https:\/\/filplast.pl\/cz\/vyrobek\/z-90\/\"]}]},{\"@type\":\"ImageObject\",\"inLanguage\":\"cs\",\"@id\":\"https:\/\/filplast.pl\/cz\/vyrobek\/z-90\/#primaryimage\",\"url\":\"https:\/\/filplast.pl\/wp-content\/uploads\/2020\/12\/z_90box-01.jpg\",\"contentUrl\":\"https:\/\/filplast.pl\/wp-content\/uploads\/2020\/12\/z_90box-01.jpg\",\"width\":1000,\"height\":1000},{\"@type\":\"BreadcrumbList\",\"@id\":\"https:\/\/filplast.pl\/cz\/vyrobek\/z-90\/#breadcrumb\",\"itemListElement\":[{\"@type\":\"ListItem\",\"position\":1,\"name\":\"Hlavn\u00ed strana\",\"item\":\"https:\/\/filplast.pl\/cz\/\"},{\"@type\":\"ListItem\",\"position\":2,\"name\":\"Produkty\",\"item\":\"https:\/\/filplast.pl\/cz\/vyrobek\/\"},{\"@type\":\"ListItem\",\"position\":3,\"name\":\"Z-90\"}]},{\"@type\":\"WebSite\",\"@id\":\"https:\/\/filplast.pl\/cz\/#website\",\"url\":\"https:\/\/filplast.pl\/cz\/\",\"name\":\"Filplast po generace\",\"description\":\"Producent okien, drzwi i rolet\",\"publisher\":{\"@id\":\"https:\/\/filplast.pl\/cz\/#organization\"},\"potentialAction\":[{\"@type\":\"SearchAction\",\"target\":{\"@type\":\"EntryPoint\",\"urlTemplate\":\"https:\/\/filplast.pl\/cz\/?s={search_term_string}\"},\"query-input\":{\"@type\":\"PropertyValueSpecification\",\"valueRequired\":true,\"valueName\":\"search_term_string\"}}],\"inLanguage\":\"cs\"},{\"@type\":\"Organization\",\"@id\":\"https:\/\/filplast.pl\/cz\/#organization\",\"name\":\"Filplast po generace\",\"url\":\"https:\/\/filplast.pl\/cz\/\",\"logo\":{\"@type\":\"ImageObject\",\"inLanguage\":\"cs\",\"@id\":\"https:\/\/filplast.pl\/cz\/#\/schema\/logo\/image\/\",\"url\":\"https:\/\/filplast.pl\/wp-content\/uploads\/2023\/10\/favicon-filplast.png\",\"contentUrl\":\"https:\/\/filplast.pl\/wp-content\/uploads\/2023\/10\/favicon-filplast.png\",\"width\":2134,\"height\":2134,\"caption\":\"Filplast po generace\"},\"image\":{\"@id\":\"https:\/\/filplast.pl\/cz\/#\/schema\/logo\/image\/\"},\"sameAs\":[\"https:\/\/www.facebook.com\/filplast.firma\",\"https:\/\/pl.pinterest.com\/filplast\/\",\"https:\/\/www.youtube.com\/FILPLASTchannel\",\"https:\/\/pl.linkedin.com\/company\/filplast-sp.-z-o.o.\",\"https:\/\/www.instagram.com\/filplast\/\"]}]}<\/script>\n<!-- \/ Yoast SEO plugin. -->","yoast_head_json":{"title":"Venkovn\u00ed \u017ealuzie Z-90 - Filplast po generace","robots":{"index":"index","follow":"follow","max-snippet":"max-snippet:-1","max-image-preview":"max-image-preview:large","max-video-preview":"max-video-preview:-1"},"canonical":"https:\/\/filplast.pl\/cz\/vyrobek\/z-90\/","og_locale":"cs_CZ","og_type":"article","og_title":"Venkovn\u00ed \u017ealuzie Z-90 - Filplast po generace","og_description":"\u017daluzie Z-90 umo\u017e\u0148uj\u00ed nejv\u011bt\u0161\u00ed zatemn\u011bn\u00ed m\u00edstnosti. Velmi efektivn\u011b sni\u017euj\u00ed p\u0159\u00edstup sv\u011btla do m\u00edstnost\u00ed. Jsou vybaveny profilem, kter\u00fd p\u0159i zav\u00edr\u00e1n\u00ed umo\u017e\u0148uje velmi tich\u00fd chod syst\u00e9mu.","og_url":"https:\/\/filplast.pl\/cz\/vyrobek\/z-90\/","og_site_name":"Filplast po generace","article_publisher":"https:\/\/www.facebook.com\/filplast.firma","og_image":[{"width":1000,"height":1000,"url":"https:\/\/filplast.pl\/wp-content\/uploads\/2020\/12\/z_90box-01.jpg","type":"image\/jpeg"}],"twitter_card":"summary_large_image","schema":{"@context":"https:\/\/schema.org","@graph":[{"@type":"WebPage","@id":"https:\/\/filplast.pl\/cz\/vyrobek\/z-90\/","url":"https:\/\/filplast.pl\/cz\/vyrobek\/z-90\/","name":"Venkovn\u00ed \u017ealuzie Z-90 - Filplast po generace","isPartOf":{"@id":"https:\/\/filplast.pl\/cz\/#website"},"primaryImageOfPage":{"@id":"https:\/\/filplast.pl\/cz\/vyrobek\/z-90\/#primaryimage"},"image":{"@id":"https:\/\/filplast.pl\/cz\/vyrobek\/z-90\/#primaryimage"},"thumbnailUrl":"https:\/\/filplast.pl\/wp-content\/uploads\/2020\/12\/z_90box-01.jpg","datePublished":"2021-07-02T13:53:44+00:00","breadcrumb":{"@id":"https:\/\/filplast.pl\/cz\/vyrobek\/z-90\/#breadcrumb"},"inLanguage":"cs","potentialAction":[{"@type":"ReadAction","target":["https:\/\/filplast.pl\/cz\/vyrobek\/z-90\/"]}]},{"@type":"ImageObject","inLanguage":"cs","@id":"https:\/\/filplast.pl\/cz\/vyrobek\/z-90\/#primaryimage","url":"https:\/\/filplast.pl\/wp-content\/uploads\/2020\/12\/z_90box-01.jpg","contentUrl":"https:\/\/filplast.pl\/wp-content\/uploads\/2020\/12\/z_90box-01.jpg","width":1000,"height":1000},{"@type":"BreadcrumbList","@id":"https:\/\/filplast.pl\/cz\/vyrobek\/z-90\/#breadcrumb","itemListElement":[{"@type":"ListItem","position":1,"name":"Hlavn\u00ed strana","item":"https:\/\/filplast.pl\/cz\/"},{"@type":"ListItem","position":2,"name":"Produkty","item":"https:\/\/filplast.pl\/cz\/vyrobek\/"},{"@type":"ListItem","position":3,"name":"Z-90"}]},{"@type":"WebSite","@id":"https:\/\/filplast.pl\/cz\/#website","url":"https:\/\/filplast.pl\/cz\/","name":"Filplast po generace","description":"Producent okien, drzwi i rolet","publisher":{"@id":"https:\/\/filplast.pl\/cz\/#organization"},"potentialAction":[{"@type":"SearchAction","target":{"@type":"EntryPoint","urlTemplate":"https:\/\/filplast.pl\/cz\/?s={search_term_string}"},"query-input":{"@type":"PropertyValueSpecification","valueRequired":true,"valueName":"search_term_string"}}],"inLanguage":"cs"},{"@type":"Organization","@id":"https:\/\/filplast.pl\/cz\/#organization","name":"Filplast po generace","url":"https:\/\/filplast.pl\/cz\/","logo":{"@type":"ImageObject","inLanguage":"cs","@id":"https:\/\/filplast.pl\/cz\/#\/schema\/logo\/image\/","url":"https:\/\/filplast.pl\/wp-content\/uploads\/2023\/10\/favicon-filplast.png","contentUrl":"https:\/\/filplast.pl\/wp-content\/uploads\/2023\/10\/favicon-filplast.png","width":2134,"height":2134,"caption":"Filplast po generace"},"image":{"@id":"https:\/\/filplast.pl\/cz\/#\/schema\/logo\/image\/"},"sameAs":["https:\/\/www.facebook.com\/filplast.firma","https:\/\/pl.pinterest.com\/filplast\/","https:\/\/www.youtube.com\/FILPLASTchannel","https:\/\/pl.linkedin.com\/company\/filplast-sp.-z-o.o.","https:\/\/www.instagram.com\/filplast\/"]}]}},"uagb_featured_image_src":{"full":["https:\/\/filplast.pl\/wp-content\/uploads\/2020\/12\/z_90box-01.jpg",1000,1000,false],"thumbnail":["https:\/\/filplast.pl\/wp-content\/uploads\/2020\/12\/z_90box-01-150x150.jpg",150,150,true],"medium":["https:\/\/filplast.pl\/wp-content\/uploads\/2020\/12\/z_90box-01-300x300.jpg",300,300,true],"medium_large":["https:\/\/filplast.pl\/wp-content\/uploads\/2020\/12\/z_90box-01-768x768.jpg",768,768,true],"large":["https:\/\/filplast.pl\/wp-content\/uploads\/2020\/12\/z_90box-01.jpg",1000,1000,false],"1536x1536":["https:\/\/filplast.pl\/wp-content\/uploads\/2020\/12\/z_90box-01.jpg",1000,1000,false],"2048x2048":["https:\/\/filplast.pl\/wp-content\/uploads\/2020\/12\/z_90box-01.jpg",1000,1000,false],"depcore-widget-post-thumb":["https:\/\/filplast.pl\/wp-content\/uploads\/2020\/12\/z_90box-01-65x65.jpg",65,65,true],"depcore-widget-post-medium":["https:\/\/filplast.pl\/wp-content\/uploads\/2020\/12\/z_90box-01-280x150.jpg",280,150,true],"square":["https:\/\/filplast.pl\/wp-content\/uploads\/2020\/12\/z_90box-01-500x500.jpg",500,500,true],"small-square":["https:\/\/filplast.pl\/wp-content\/uploads\/2020\/12\/z_90box-01-250x250.jpg",250,250,true],"slider-image":["https:\/\/filplast.pl\/wp-content\/uploads\/2020\/12\/z_90box-01-1000x500.jpg",1000,500,true],"":["https:\/\/filplast.pl\/wp-content\/uploads\/2020\/12\/z_90box-01.jpg",250,250,false]},"uagb_author_info":{"display_name":"admin","author_link":"https:\/\/filplast.pl\/cz\/author\/"},"uagb_comment_info":0,"uagb_excerpt":"\u017daluzie Z-90 umo\u017e\u0148uj\u00ed nejv\u011bt\u0161\u00ed zatemn\u011bn\u00ed m\u00edstnosti. Velmi efektivn\u011b sni\u017euj\u00ed p\u0159\u00edstup sv\u011btla do m\u00edstnost\u00ed. Jsou vybaveny profilem, kter\u00fd p\u0159i zav\u00edr\u00e1n\u00ed umo\u017e\u0148uje velmi tich\u00fd chod syst\u00e9mu.","_links":{"self":[{"href":"https:\/\/filplast.pl\/cz\/wp-json\/wp\/v2\/product\/12116","targetHints":{"allow":["GET"]}}],"collection":[{"href":"https:\/\/filplast.pl\/cz\/wp-json\/wp\/v2\/product"}],"about":[{"href":"https:\/\/filplast.pl\/cz\/wp-json\/wp\/v2\/types\/product"}],"version-history":[{"count":0,"href":"https:\/\/filplast.pl\/cz\/wp-json\/wp\/v2\/product\/12116\/revisions"}],"wp:featuredmedia":[{"embeddable":true,"href":"https:\/\/filplast.pl\/cz\/wp-json\/wp\/v2\/media\/24614"}],"wp:attachment":[{"href":"https:\/\/filplast.pl\/cz\/wp-json\/wp\/v2\/media?parent=12116"}],"curies":[{"name":"wp","href":"https:\/\/api.w.org\/{rel}","templated":true}]}}