{"id":12125,"date":"2021-07-02T16:28:02","date_gmt":"2021-07-02T14:28:02","guid":{"rendered":"https:\/\/filplast.pl\/produkt\/lpu-67-thermo\/"},"modified":"2021-07-02T16:28:42","modified_gmt":"2021-07-02T14:28:42","slug":"lpu-67-thermo","status":"publish","type":"product","link":"https:\/\/filplast.pl\/cz\/vyrobek\/lpu-67-thermo\/","title":{"rendered":"LPU 67 Thermo"},"content":{"rendered":"<div id=\"modal-ready\"><p>Nejl\u00e9pe zateplen\u00e1 gar\u00e1\u017eov\u00e1 vrata v na\u0161\u00ed nab\u00eddce. Doporu\u010dujeme je zejm\u00e9na v p\u0159\u00edpad\u011b, \u017ee jsou st\u011bny gar\u00e1\u017ee dob\u0159e izolovan\u00e9. Jsou vyrobena ze segment\u016f o tlou\u0161\u0165ce 67 mm s tepeln\u00fdm p\u0159echodem. Spodn\u00ed segment m\u00e1 dvojit\u00e9 prahov\u00e9 t\u011bsn\u011bn\u00ed, kter\u00e9 nav\u00edc zvy\u0161uje \u00farove\u0148 izolace vnit\u0159n\u00edch prostor.<\/p>\n<\/div>","protected":false},"excerpt":{"rendered":"<p>Tlou\u0161\u0165ka segment\u016f vrat LPU 67 Thermo je 67 mm a je zachov\u00e1na po cel\u00e9 jejich v\u00fd\u0161ce. Vrata jsou vybavena dvojit\u00fdmi t\u011bsn\u011bn\u00edm na spoj\u00edch segment\u016f, dvojit\u00fdm prahov\u00fdm t\u011bsn\u011bn\u00edm a trojit\u00fdmi kovov\u00fdmi v\u00fdztuhami v m\u00edstech, kde je p\u0159ipevn\u011bno kov\u00e1n\u00ed. D\u00e1le jsou vybavena \u010didlem vlhkosti, kter\u00e9 reguluje v\u011btr\u00e1n\u00ed m\u00edstnosti i p\u0159i zav\u0159en\u00fdch vratech. Vrata PU 67 Thermo doporu\u010dujeme pro energeticky \u00fasporn\u00e9 domy. <\/p>\n","protected":false},"featured_media":9398,"parent":0,"menu_order":280,"template":"","class_list":["post-12125","product","type-product","status-publish","has-post-thumbnail","hentry","product-category-garazova-vrata","product-category-sekcni-vrata","product-line-platinumline-cz"],"yoast_head":"<!-- This site is optimized with the Yoast SEO plugin v24.7 - https:\/\/yoast.com\/wordpress\/plugins\/seo\/ -->\n<title>Sek\u010dn\u00ed vrata LPU 67 Thermo - Filplast po generace<\/title>\n<meta name=\"robots\" content=\"index, follow, max-snippet:-1, max-image-preview:large, max-video-preview:-1\" \/>\n<link rel=\"canonical\" href=\"https:\/\/filplast.pl\/cz\/vyrobek\/lpu-67-thermo\/\" \/>\n<meta property=\"og:locale\" content=\"cs_CZ\" \/>\n<meta property=\"og:type\" content=\"article\" \/>\n<meta property=\"og:title\" content=\"Sek\u010dn\u00ed vrata LPU 67 Thermo - Filplast po generace\" \/>\n<meta property=\"og:description\" content=\"Tlou\u0161\u0165ka segment\u016f vrat LPU 67 Thermo je 67 mm a je zachov\u00e1na po cel\u00e9 jejich v\u00fd\u0161ce. Vrata jsou vybavena dvojit\u00fdmi t\u011bsn\u011bn\u00edm na spoj\u00edch segment\u016f, dvojit\u00fdm prahov\u00fdm t\u011bsn\u011bn\u00edm a trojit\u00fdmi kovov\u00fdmi v\u00fdztuhami v m\u00edstech, kde je p\u0159ipevn\u011bno kov\u00e1n\u00ed. D\u00e1le jsou vybavena \u010didlem vlhkosti, kter\u00e9 reguluje v\u011btr\u00e1n\u00ed m\u00edstnosti i p\u0159i zav\u0159en\u00fdch vratech. Vrata PU 67 Thermo doporu\u010dujeme pro energeticky \u00fasporn\u00e9 domy.\" \/>\n<meta property=\"og:url\" content=\"https:\/\/filplast.pl\/cz\/vyrobek\/lpu-67-thermo\/\" \/>\n<meta property=\"og:site_name\" content=\"Filplast po generace\" \/>\n<meta property=\"article:publisher\" content=\"https:\/\/www.facebook.com\/filplast.firma\" \/>\n<meta property=\"article:modified_time\" content=\"2021-07-02T14:28:42+00:00\" \/>\n<meta property=\"og:image\" content=\"https:\/\/filplast.pl\/wp-content\/uploads\/2021\/01\/Bramy-LPU-67-Thermo.png\" \/>\n\t<meta property=\"og:image:width\" content=\"1067\" \/>\n\t<meta property=\"og:image:height\" content=\"1067\" \/>\n\t<meta property=\"og:image:type\" content=\"image\/png\" \/>\n<meta name=\"twitter:card\" content=\"summary_large_image\" \/>\n<script type=\"application\/ld+json\" class=\"yoast-schema-graph\">{\"@context\":\"https:\/\/schema.org\",\"@graph\":[{\"@type\":\"WebPage\",\"@id\":\"https:\/\/filplast.pl\/cz\/vyrobek\/lpu-67-thermo\/\",\"url\":\"https:\/\/filplast.pl\/cz\/vyrobek\/lpu-67-thermo\/\",\"name\":\"Sek\u010dn\u00ed vrata LPU 67 Thermo - Filplast po generace\",\"isPartOf\":{\"@id\":\"https:\/\/filplast.pl\/cz\/#website\"},\"primaryImageOfPage\":{\"@id\":\"https:\/\/filplast.pl\/cz\/vyrobek\/lpu-67-thermo\/#primaryimage\"},\"image\":{\"@id\":\"https:\/\/filplast.pl\/cz\/vyrobek\/lpu-67-thermo\/#primaryimage\"},\"thumbnailUrl\":\"https:\/\/filplast.pl\/wp-content\/uploads\/2021\/01\/Bramy-LPU-67-Thermo.png\",\"datePublished\":\"2021-07-02T14:28:02+00:00\",\"dateModified\":\"2021-07-02T14:28:42+00:00\",\"breadcrumb\":{\"@id\":\"https:\/\/filplast.pl\/cz\/vyrobek\/lpu-67-thermo\/#breadcrumb\"},\"inLanguage\":\"cs\",\"potentialAction\":[{\"@type\":\"ReadAction\",\"target\":[\"https:\/\/filplast.pl\/cz\/vyrobek\/lpu-67-thermo\/\"]}]},{\"@type\":\"ImageObject\",\"inLanguage\":\"cs\",\"@id\":\"https:\/\/filplast.pl\/cz\/vyrobek\/lpu-67-thermo\/#primaryimage\",\"url\":\"https:\/\/filplast.pl\/wp-content\/uploads\/2021\/01\/Bramy-LPU-67-Thermo.png\",\"contentUrl\":\"https:\/\/filplast.pl\/wp-content\/uploads\/2021\/01\/Bramy-LPU-67-Thermo.png\",\"width\":1067,\"height\":1067},{\"@type\":\"BreadcrumbList\",\"@id\":\"https:\/\/filplast.pl\/cz\/vyrobek\/lpu-67-thermo\/#breadcrumb\",\"itemListElement\":[{\"@type\":\"ListItem\",\"position\":1,\"name\":\"Hlavn\u00ed strana\",\"item\":\"https:\/\/filplast.pl\/cz\/\"},{\"@type\":\"ListItem\",\"position\":2,\"name\":\"Produkty\",\"item\":\"https:\/\/filplast.pl\/cz\/vyrobek\/\"},{\"@type\":\"ListItem\",\"position\":3,\"name\":\"LPU 67 Thermo\"}]},{\"@type\":\"WebSite\",\"@id\":\"https:\/\/filplast.pl\/cz\/#website\",\"url\":\"https:\/\/filplast.pl\/cz\/\",\"name\":\"Filplast po generace\",\"description\":\"Producent okien, drzwi i rolet\",\"publisher\":{\"@id\":\"https:\/\/filplast.pl\/cz\/#organization\"},\"potentialAction\":[{\"@type\":\"SearchAction\",\"target\":{\"@type\":\"EntryPoint\",\"urlTemplate\":\"https:\/\/filplast.pl\/cz\/?s={search_term_string}\"},\"query-input\":{\"@type\":\"PropertyValueSpecification\",\"valueRequired\":true,\"valueName\":\"search_term_string\"}}],\"inLanguage\":\"cs\"},{\"@type\":\"Organization\",\"@id\":\"https:\/\/filplast.pl\/cz\/#organization\",\"name\":\"Filplast po generace\",\"url\":\"https:\/\/filplast.pl\/cz\/\",\"logo\":{\"@type\":\"ImageObject\",\"inLanguage\":\"cs\",\"@id\":\"https:\/\/filplast.pl\/cz\/#\/schema\/logo\/image\/\",\"url\":\"https:\/\/filplast.pl\/wp-content\/uploads\/2023\/10\/favicon-filplast.png\",\"contentUrl\":\"https:\/\/filplast.pl\/wp-content\/uploads\/2023\/10\/favicon-filplast.png\",\"width\":2134,\"height\":2134,\"caption\":\"Filplast po generace\"},\"image\":{\"@id\":\"https:\/\/filplast.pl\/cz\/#\/schema\/logo\/image\/\"},\"sameAs\":[\"https:\/\/www.facebook.com\/filplast.firma\",\"https:\/\/pl.pinterest.com\/filplast\/\",\"https:\/\/www.youtube.com\/FILPLASTchannel\",\"https:\/\/pl.linkedin.com\/company\/filplast-sp.-z-o.o.\",\"https:\/\/www.instagram.com\/filplast\/\"]}]}<\/script>\n<!-- \/ Yoast SEO plugin. -->","yoast_head_json":{"title":"Sek\u010dn\u00ed vrata LPU 67 Thermo - Filplast po generace","robots":{"index":"index","follow":"follow","max-snippet":"max-snippet:-1","max-image-preview":"max-image-preview:large","max-video-preview":"max-video-preview:-1"},"canonical":"https:\/\/filplast.pl\/cz\/vyrobek\/lpu-67-thermo\/","og_locale":"cs_CZ","og_type":"article","og_title":"Sek\u010dn\u00ed vrata LPU 67 Thermo - Filplast po generace","og_description":"Tlou\u0161\u0165ka segment\u016f vrat LPU 67 Thermo je 67 mm a je zachov\u00e1na po cel\u00e9 jejich v\u00fd\u0161ce. Vrata jsou vybavena dvojit\u00fdmi t\u011bsn\u011bn\u00edm na spoj\u00edch segment\u016f, dvojit\u00fdm prahov\u00fdm t\u011bsn\u011bn\u00edm a trojit\u00fdmi kovov\u00fdmi v\u00fdztuhami v m\u00edstech, kde je p\u0159ipevn\u011bno kov\u00e1n\u00ed. D\u00e1le jsou vybavena \u010didlem vlhkosti, kter\u00e9 reguluje v\u011btr\u00e1n\u00ed m\u00edstnosti i p\u0159i zav\u0159en\u00fdch vratech. Vrata PU 67 Thermo doporu\u010dujeme pro energeticky \u00fasporn\u00e9 domy.","og_url":"https:\/\/filplast.pl\/cz\/vyrobek\/lpu-67-thermo\/","og_site_name":"Filplast po generace","article_publisher":"https:\/\/www.facebook.com\/filplast.firma","article_modified_time":"2021-07-02T14:28:42+00:00","og_image":[{"width":1067,"height":1067,"url":"https:\/\/filplast.pl\/wp-content\/uploads\/2021\/01\/Bramy-LPU-67-Thermo.png","type":"image\/png"}],"twitter_card":"summary_large_image","schema":{"@context":"https:\/\/schema.org","@graph":[{"@type":"WebPage","@id":"https:\/\/filplast.pl\/cz\/vyrobek\/lpu-67-thermo\/","url":"https:\/\/filplast.pl\/cz\/vyrobek\/lpu-67-thermo\/","name":"Sek\u010dn\u00ed vrata LPU 67 Thermo - Filplast po generace","isPartOf":{"@id":"https:\/\/filplast.pl\/cz\/#website"},"primaryImageOfPage":{"@id":"https:\/\/filplast.pl\/cz\/vyrobek\/lpu-67-thermo\/#primaryimage"},"image":{"@id":"https:\/\/filplast.pl\/cz\/vyrobek\/lpu-67-thermo\/#primaryimage"},"thumbnailUrl":"https:\/\/filplast.pl\/wp-content\/uploads\/2021\/01\/Bramy-LPU-67-Thermo.png","datePublished":"2021-07-02T14:28:02+00:00","dateModified":"2021-07-02T14:28:42+00:00","breadcrumb":{"@id":"https:\/\/filplast.pl\/cz\/vyrobek\/lpu-67-thermo\/#breadcrumb"},"inLanguage":"cs","potentialAction":[{"@type":"ReadAction","target":["https:\/\/filplast.pl\/cz\/vyrobek\/lpu-67-thermo\/"]}]},{"@type":"ImageObject","inLanguage":"cs","@id":"https:\/\/filplast.pl\/cz\/vyrobek\/lpu-67-thermo\/#primaryimage","url":"https:\/\/filplast.pl\/wp-content\/uploads\/2021\/01\/Bramy-LPU-67-Thermo.png","contentUrl":"https:\/\/filplast.pl\/wp-content\/uploads\/2021\/01\/Bramy-LPU-67-Thermo.png","width":1067,"height":1067},{"@type":"BreadcrumbList","@id":"https:\/\/filplast.pl\/cz\/vyrobek\/lpu-67-thermo\/#breadcrumb","itemListElement":[{"@type":"ListItem","position":1,"name":"Hlavn\u00ed strana","item":"https:\/\/filplast.pl\/cz\/"},{"@type":"ListItem","position":2,"name":"Produkty","item":"https:\/\/filplast.pl\/cz\/vyrobek\/"},{"@type":"ListItem","position":3,"name":"LPU 67 Thermo"}]},{"@type":"WebSite","@id":"https:\/\/filplast.pl\/cz\/#website","url":"https:\/\/filplast.pl\/cz\/","name":"Filplast po generace","description":"Producent okien, drzwi i rolet","publisher":{"@id":"https:\/\/filplast.pl\/cz\/#organization"},"potentialAction":[{"@type":"SearchAction","target":{"@type":"EntryPoint","urlTemplate":"https:\/\/filplast.pl\/cz\/?s={search_term_string}"},"query-input":{"@type":"PropertyValueSpecification","valueRequired":true,"valueName":"search_term_string"}}],"inLanguage":"cs"},{"@type":"Organization","@id":"https:\/\/filplast.pl\/cz\/#organization","name":"Filplast po generace","url":"https:\/\/filplast.pl\/cz\/","logo":{"@type":"ImageObject","inLanguage":"cs","@id":"https:\/\/filplast.pl\/cz\/#\/schema\/logo\/image\/","url":"https:\/\/filplast.pl\/wp-content\/uploads\/2023\/10\/favicon-filplast.png","contentUrl":"https:\/\/filplast.pl\/wp-content\/uploads\/2023\/10\/favicon-filplast.png","width":2134,"height":2134,"caption":"Filplast po generace"},"image":{"@id":"https:\/\/filplast.pl\/cz\/#\/schema\/logo\/image\/"},"sameAs":["https:\/\/www.facebook.com\/filplast.firma","https:\/\/pl.pinterest.com\/filplast\/","https:\/\/www.youtube.com\/FILPLASTchannel","https:\/\/pl.linkedin.com\/company\/filplast-sp.-z-o.o.","https:\/\/www.instagram.com\/filplast\/"]}]}},"uagb_featured_image_src":{"full":["https:\/\/filplast.pl\/wp-content\/uploads\/2021\/01\/Bramy-LPU-67-Thermo.png",1067,1067,false],"thumbnail":["https:\/\/filplast.pl\/wp-content\/uploads\/2021\/01\/Bramy-LPU-67-Thermo-150x150.png",150,150,true],"medium":["https:\/\/filplast.pl\/wp-content\/uploads\/2021\/01\/Bramy-LPU-67-Thermo-300x300.png",300,300,true],"medium_large":["https:\/\/filplast.pl\/wp-content\/uploads\/2021\/01\/Bramy-LPU-67-Thermo-768x768.png",768,768,true],"large":["https:\/\/filplast.pl\/wp-content\/uploads\/2021\/01\/Bramy-LPU-67-Thermo-1024x1024.png",1024,1024,true],"1536x1536":["https:\/\/filplast.pl\/wp-content\/uploads\/2021\/01\/Bramy-LPU-67-Thermo.png",1067,1067,false],"2048x2048":["https:\/\/filplast.pl\/wp-content\/uploads\/2021\/01\/Bramy-LPU-67-Thermo.png",1067,1067,false],"depcore-widget-post-thumb":["https:\/\/filplast.pl\/wp-content\/uploads\/2021\/01\/Bramy-LPU-67-Thermo-65x65.png",65,65,true],"depcore-widget-post-medium":["https:\/\/filplast.pl\/wp-content\/uploads\/2021\/01\/Bramy-LPU-67-Thermo-280x150.png",280,150,true],"square":["https:\/\/filplast.pl\/wp-content\/uploads\/2021\/01\/Bramy-LPU-67-Thermo-500x500.png",500,500,true],"small-square":["https:\/\/filplast.pl\/wp-content\/uploads\/2021\/01\/Bramy-LPU-67-Thermo-250x250.png",250,250,true],"slider-image":["https:\/\/filplast.pl\/wp-content\/uploads\/2021\/01\/Bramy-LPU-67-Thermo-1067x500.png",1067,500,true],"":["https:\/\/filplast.pl\/wp-content\/uploads\/2021\/01\/Bramy-LPU-67-Thermo.png",250,250,false]},"uagb_author_info":{"display_name":"admin","author_link":"https:\/\/filplast.pl\/cz\/author\/"},"uagb_comment_info":0,"uagb_excerpt":"Tlou\u0161\u0165ka segment\u016f vrat LPU 67 Thermo je 67 mm a je zachov\u00e1na po cel\u00e9 jejich v\u00fd\u0161ce. Vrata jsou vybavena dvojit\u00fdmi t\u011bsn\u011bn\u00edm na spoj\u00edch segment\u016f, dvojit\u00fdm prahov\u00fdm t\u011bsn\u011bn\u00edm a trojit\u00fdmi kovov\u00fdmi v\u00fdztuhami v m\u00edstech, kde je p\u0159ipevn\u011bno kov\u00e1n\u00ed. D\u00e1le jsou vybavena \u010didlem vlhkosti, kter\u00e9 reguluje v\u011btr\u00e1n\u00ed m\u00edstnosti i p\u0159i zav\u0159en\u00fdch vratech. Vrata PU 67 Thermo doporu\u010dujeme&hellip;","_links":{"self":[{"href":"https:\/\/filplast.pl\/cz\/wp-json\/wp\/v2\/product\/12125","targetHints":{"allow":["GET"]}}],"collection":[{"href":"https:\/\/filplast.pl\/cz\/wp-json\/wp\/v2\/product"}],"about":[{"href":"https:\/\/filplast.pl\/cz\/wp-json\/wp\/v2\/types\/product"}],"version-history":[{"count":1,"href":"https:\/\/filplast.pl\/cz\/wp-json\/wp\/v2\/product\/12125\/revisions"}],"predecessor-version":[{"id":12126,"href":"https:\/\/filplast.pl\/cz\/wp-json\/wp\/v2\/product\/12125\/revisions\/12126"}],"wp:featuredmedia":[{"embeddable":true,"href":"https:\/\/filplast.pl\/cz\/wp-json\/wp\/v2\/media\/9398"}],"wp:attachment":[{"href":"https:\/\/filplast.pl\/cz\/wp-json\/wp\/v2\/media?parent=12125"}],"curies":[{"name":"wp","href":"https:\/\/api.w.org\/{rel}","templated":true}]}}