{"id":12136,"date":"2021-07-02T16:52:15","date_gmt":"2021-07-02T14:52:15","guid":{"rendered":"https:\/\/filplast.pl\/produkt\/climastar-82-2\/"},"modified":"2023-09-11T16:04:20","modified_gmt":"2023-09-11T14:04:20","slug":"climastar-82-cz-2","status":"publish","type":"product","link":"https:\/\/filplast.pl\/cz\/vyrobek\/climastar-82-cz-2\/","title":{"rendered":"ClimaStar 82"},"content":{"rendered":"<div id=\"modal-ready\"><p>Profily syst\u00e9mu ClimaStar jsou nejnov\u011bj\u0161\u00edm modelem PVC dve\u0159\u00ed. Jedn\u00e1 se o dve\u0159e s nejvy\u0161\u0161\u00ed tepelnou a akustickou izolac\u00ed. P\u0159i pou\u017eit\u00ed u staveb uvnit\u0159 je syst\u00e9m ClimaStar 82 v\u00fdrazn\u011b ti\u0161\u0161\u00ed ne\u017e p\u0159i pou\u017eit\u00ed produkt\u016f ni\u017e\u0161\u00edch \u0159ad.<\/p>\n<p>&nbsp;<\/p>\n<\/div>","protected":false},"excerpt":{"rendered":"<p>V n\u00edzkoenergetick\u00fdch domech lze \u00fasp\u011b\u0161n\u011b vyu\u017e\u00edt dve\u0159e, kter\u00e9 umo\u017e\u0148uj\u00ed dos\u00e1hnout velmi n\u00edzk\u00e9ho sou\u010dinitele prostupu tepla. Maj\u00ed a\u017e t\u0159i pevn\u00e1 t\u011bsn\u011bn\u00ed, kter\u00e1 zvy\u0161uj\u00ed nejen tepelnou, ale i zvukovou izolaci.<\/p>\n","protected":false},"featured_media":4537,"parent":0,"menu_order":193,"template":"","class_list":["post-12136","product","type-product","status-publish","has-post-thumbnail","hentry","product-category-pvc-dvere","product-category-vchodove-dvere","product-category-dvere","product-category-evakuacni-dvere","product-line-platinumline-cz"],"yoast_head":"<!-- This site is optimized with the Yoast SEO plugin v24.7 - https:\/\/yoast.com\/wordpress\/plugins\/seo\/ -->\n<title>Vchodov\u00e9 dve\u0159e ClimaStar 82 - Filplast po generace<\/title>\n<meta name=\"robots\" content=\"index, follow, max-snippet:-1, max-image-preview:large, max-video-preview:-1\" \/>\n<link rel=\"canonical\" href=\"https:\/\/filplast.pl\/cz\/vyrobek\/climastar-82-cz-2\/\" \/>\n<meta property=\"og:locale\" content=\"cs_CZ\" \/>\n<meta property=\"og:type\" content=\"article\" \/>\n<meta property=\"og:title\" content=\"Vchodov\u00e9 dve\u0159e ClimaStar 82 - Filplast po generace\" \/>\n<meta property=\"og:description\" content=\"V n\u00edzkoenergetick\u00fdch domech lze \u00fasp\u011b\u0161n\u011b vyu\u017e\u00edt dve\u0159e, kter\u00e9 umo\u017e\u0148uj\u00ed dos\u00e1hnout velmi n\u00edzk\u00e9ho sou\u010dinitele prostupu tepla. Maj\u00ed a\u017e t\u0159i pevn\u00e1 t\u011bsn\u011bn\u00ed, kter\u00e1 zvy\u0161uj\u00ed nejen tepelnou, ale i zvukovou izolaci.\" \/>\n<meta property=\"og:url\" content=\"https:\/\/filplast.pl\/cz\/vyrobek\/climastar-82-cz-2\/\" \/>\n<meta property=\"og:site_name\" content=\"Filplast po generace\" \/>\n<meta property=\"article:publisher\" content=\"https:\/\/www.facebook.com\/filplast.firma\" \/>\n<meta property=\"article:modified_time\" content=\"2023-09-11T14:04:20+00:00\" \/>\n<meta property=\"og:image\" content=\"https:\/\/filplast.pl\/wp-content\/uploads\/2021\/01\/Drzwi-ClimaStar-82-mini.jpg\" \/>\n\t<meta property=\"og:image:width\" content=\"1100\" \/>\n\t<meta property=\"og:image:height\" content=\"1100\" \/>\n\t<meta property=\"og:image:type\" content=\"image\/jpeg\" \/>\n<meta name=\"twitter:card\" content=\"summary_large_image\" \/>\n<meta name=\"twitter:label1\" content=\"Odhadovan\u00e1 doba \u010dten\u00ed\" \/>\n\t<meta name=\"twitter:data1\" content=\"1 minuta\" \/>\n<script type=\"application\/ld+json\" class=\"yoast-schema-graph\">{\"@context\":\"https:\/\/schema.org\",\"@graph\":[{\"@type\":\"WebPage\",\"@id\":\"https:\/\/filplast.pl\/cz\/vyrobek\/climastar-82-cz-2\/\",\"url\":\"https:\/\/filplast.pl\/cz\/vyrobek\/climastar-82-cz-2\/\",\"name\":\"Vchodov\u00e9 dve\u0159e ClimaStar 82 - Filplast po generace\",\"isPartOf\":{\"@id\":\"https:\/\/filplast.pl\/cz\/#website\"},\"primaryImageOfPage\":{\"@id\":\"https:\/\/filplast.pl\/cz\/vyrobek\/climastar-82-cz-2\/#primaryimage\"},\"image\":{\"@id\":\"https:\/\/filplast.pl\/cz\/vyrobek\/climastar-82-cz-2\/#primaryimage\"},\"thumbnailUrl\":\"https:\/\/filplast.pl\/wp-content\/uploads\/2021\/01\/Drzwi-ClimaStar-82-mini.jpg\",\"datePublished\":\"2021-07-02T14:52:15+00:00\",\"dateModified\":\"2023-09-11T14:04:20+00:00\",\"breadcrumb\":{\"@id\":\"https:\/\/filplast.pl\/cz\/vyrobek\/climastar-82-cz-2\/#breadcrumb\"},\"inLanguage\":\"cs\",\"potentialAction\":[{\"@type\":\"ReadAction\",\"target\":[\"https:\/\/filplast.pl\/cz\/vyrobek\/climastar-82-cz-2\/\"]}]},{\"@type\":\"ImageObject\",\"inLanguage\":\"cs\",\"@id\":\"https:\/\/filplast.pl\/cz\/vyrobek\/climastar-82-cz-2\/#primaryimage\",\"url\":\"https:\/\/filplast.pl\/wp-content\/uploads\/2021\/01\/Drzwi-ClimaStar-82-mini.jpg\",\"contentUrl\":\"https:\/\/filplast.pl\/wp-content\/uploads\/2021\/01\/Drzwi-ClimaStar-82-mini.jpg\",\"width\":1100,\"height\":1100},{\"@type\":\"BreadcrumbList\",\"@id\":\"https:\/\/filplast.pl\/cz\/vyrobek\/climastar-82-cz-2\/#breadcrumb\",\"itemListElement\":[{\"@type\":\"ListItem\",\"position\":1,\"name\":\"Hlavn\u00ed strana\",\"item\":\"https:\/\/filplast.pl\/cz\/\"},{\"@type\":\"ListItem\",\"position\":2,\"name\":\"Produkty\",\"item\":\"https:\/\/filplast.pl\/cz\/vyrobek\/\"},{\"@type\":\"ListItem\",\"position\":3,\"name\":\"ClimaStar 82\"}]},{\"@type\":\"WebSite\",\"@id\":\"https:\/\/filplast.pl\/cz\/#website\",\"url\":\"https:\/\/filplast.pl\/cz\/\",\"name\":\"Filplast po generace\",\"description\":\"Producent okien, drzwi i rolet\",\"publisher\":{\"@id\":\"https:\/\/filplast.pl\/cz\/#organization\"},\"potentialAction\":[{\"@type\":\"SearchAction\",\"target\":{\"@type\":\"EntryPoint\",\"urlTemplate\":\"https:\/\/filplast.pl\/cz\/?s={search_term_string}\"},\"query-input\":{\"@type\":\"PropertyValueSpecification\",\"valueRequired\":true,\"valueName\":\"search_term_string\"}}],\"inLanguage\":\"cs\"},{\"@type\":\"Organization\",\"@id\":\"https:\/\/filplast.pl\/cz\/#organization\",\"name\":\"Filplast po generace\",\"url\":\"https:\/\/filplast.pl\/cz\/\",\"logo\":{\"@type\":\"ImageObject\",\"inLanguage\":\"cs\",\"@id\":\"https:\/\/filplast.pl\/cz\/#\/schema\/logo\/image\/\",\"url\":\"https:\/\/filplast.pl\/wp-content\/uploads\/2023\/10\/favicon-filplast.png\",\"contentUrl\":\"https:\/\/filplast.pl\/wp-content\/uploads\/2023\/10\/favicon-filplast.png\",\"width\":2134,\"height\":2134,\"caption\":\"Filplast po generace\"},\"image\":{\"@id\":\"https:\/\/filplast.pl\/cz\/#\/schema\/logo\/image\/\"},\"sameAs\":[\"https:\/\/www.facebook.com\/filplast.firma\",\"https:\/\/pl.pinterest.com\/filplast\/\",\"https:\/\/www.youtube.com\/FILPLASTchannel\",\"https:\/\/pl.linkedin.com\/company\/filplast-sp.-z-o.o.\",\"https:\/\/www.instagram.com\/filplast\/\"]}]}<\/script>\n<!-- \/ Yoast SEO plugin. -->","yoast_head_json":{"title":"Vchodov\u00e9 dve\u0159e ClimaStar 82 - Filplast po generace","robots":{"index":"index","follow":"follow","max-snippet":"max-snippet:-1","max-image-preview":"max-image-preview:large","max-video-preview":"max-video-preview:-1"},"canonical":"https:\/\/filplast.pl\/cz\/vyrobek\/climastar-82-cz-2\/","og_locale":"cs_CZ","og_type":"article","og_title":"Vchodov\u00e9 dve\u0159e ClimaStar 82 - Filplast po generace","og_description":"V n\u00edzkoenergetick\u00fdch domech lze \u00fasp\u011b\u0161n\u011b vyu\u017e\u00edt dve\u0159e, kter\u00e9 umo\u017e\u0148uj\u00ed dos\u00e1hnout velmi n\u00edzk\u00e9ho sou\u010dinitele prostupu tepla. Maj\u00ed a\u017e t\u0159i pevn\u00e1 t\u011bsn\u011bn\u00ed, kter\u00e1 zvy\u0161uj\u00ed nejen tepelnou, ale i zvukovou izolaci.","og_url":"https:\/\/filplast.pl\/cz\/vyrobek\/climastar-82-cz-2\/","og_site_name":"Filplast po generace","article_publisher":"https:\/\/www.facebook.com\/filplast.firma","article_modified_time":"2023-09-11T14:04:20+00:00","og_image":[{"width":1100,"height":1100,"url":"https:\/\/filplast.pl\/wp-content\/uploads\/2021\/01\/Drzwi-ClimaStar-82-mini.jpg","type":"image\/jpeg"}],"twitter_card":"summary_large_image","twitter_misc":{"Odhadovan\u00e1 doba \u010dten\u00ed":"1 minuta"},"schema":{"@context":"https:\/\/schema.org","@graph":[{"@type":"WebPage","@id":"https:\/\/filplast.pl\/cz\/vyrobek\/climastar-82-cz-2\/","url":"https:\/\/filplast.pl\/cz\/vyrobek\/climastar-82-cz-2\/","name":"Vchodov\u00e9 dve\u0159e ClimaStar 82 - Filplast po generace","isPartOf":{"@id":"https:\/\/filplast.pl\/cz\/#website"},"primaryImageOfPage":{"@id":"https:\/\/filplast.pl\/cz\/vyrobek\/climastar-82-cz-2\/#primaryimage"},"image":{"@id":"https:\/\/filplast.pl\/cz\/vyrobek\/climastar-82-cz-2\/#primaryimage"},"thumbnailUrl":"https:\/\/filplast.pl\/wp-content\/uploads\/2021\/01\/Drzwi-ClimaStar-82-mini.jpg","datePublished":"2021-07-02T14:52:15+00:00","dateModified":"2023-09-11T14:04:20+00:00","breadcrumb":{"@id":"https:\/\/filplast.pl\/cz\/vyrobek\/climastar-82-cz-2\/#breadcrumb"},"inLanguage":"cs","potentialAction":[{"@type":"ReadAction","target":["https:\/\/filplast.pl\/cz\/vyrobek\/climastar-82-cz-2\/"]}]},{"@type":"ImageObject","inLanguage":"cs","@id":"https:\/\/filplast.pl\/cz\/vyrobek\/climastar-82-cz-2\/#primaryimage","url":"https:\/\/filplast.pl\/wp-content\/uploads\/2021\/01\/Drzwi-ClimaStar-82-mini.jpg","contentUrl":"https:\/\/filplast.pl\/wp-content\/uploads\/2021\/01\/Drzwi-ClimaStar-82-mini.jpg","width":1100,"height":1100},{"@type":"BreadcrumbList","@id":"https:\/\/filplast.pl\/cz\/vyrobek\/climastar-82-cz-2\/#breadcrumb","itemListElement":[{"@type":"ListItem","position":1,"name":"Hlavn\u00ed strana","item":"https:\/\/filplast.pl\/cz\/"},{"@type":"ListItem","position":2,"name":"Produkty","item":"https:\/\/filplast.pl\/cz\/vyrobek\/"},{"@type":"ListItem","position":3,"name":"ClimaStar 82"}]},{"@type":"WebSite","@id":"https:\/\/filplast.pl\/cz\/#website","url":"https:\/\/filplast.pl\/cz\/","name":"Filplast po generace","description":"Producent okien, drzwi i rolet","publisher":{"@id":"https:\/\/filplast.pl\/cz\/#organization"},"potentialAction":[{"@type":"SearchAction","target":{"@type":"EntryPoint","urlTemplate":"https:\/\/filplast.pl\/cz\/?s={search_term_string}"},"query-input":{"@type":"PropertyValueSpecification","valueRequired":true,"valueName":"search_term_string"}}],"inLanguage":"cs"},{"@type":"Organization","@id":"https:\/\/filplast.pl\/cz\/#organization","name":"Filplast po generace","url":"https:\/\/filplast.pl\/cz\/","logo":{"@type":"ImageObject","inLanguage":"cs","@id":"https:\/\/filplast.pl\/cz\/#\/schema\/logo\/image\/","url":"https:\/\/filplast.pl\/wp-content\/uploads\/2023\/10\/favicon-filplast.png","contentUrl":"https:\/\/filplast.pl\/wp-content\/uploads\/2023\/10\/favicon-filplast.png","width":2134,"height":2134,"caption":"Filplast po generace"},"image":{"@id":"https:\/\/filplast.pl\/cz\/#\/schema\/logo\/image\/"},"sameAs":["https:\/\/www.facebook.com\/filplast.firma","https:\/\/pl.pinterest.com\/filplast\/","https:\/\/www.youtube.com\/FILPLASTchannel","https:\/\/pl.linkedin.com\/company\/filplast-sp.-z-o.o.","https:\/\/www.instagram.com\/filplast\/"]}]}},"uagb_featured_image_src":{"full":["https:\/\/filplast.pl\/wp-content\/uploads\/2021\/01\/Drzwi-ClimaStar-82-mini.jpg",1100,1100,false],"thumbnail":["https:\/\/filplast.pl\/wp-content\/uploads\/2021\/01\/Drzwi-ClimaStar-82-mini-150x150.jpg",150,150,true],"medium":["https:\/\/filplast.pl\/wp-content\/uploads\/2021\/01\/Drzwi-ClimaStar-82-mini-300x300.jpg",300,300,true],"medium_large":["https:\/\/filplast.pl\/wp-content\/uploads\/2021\/01\/Drzwi-ClimaStar-82-mini-768x768.jpg",768,768,true],"large":["https:\/\/filplast.pl\/wp-content\/uploads\/2021\/01\/Drzwi-ClimaStar-82-mini-1024x1024.jpg",1024,1024,true],"1536x1536":["https:\/\/filplast.pl\/wp-content\/uploads\/2021\/01\/Drzwi-ClimaStar-82-mini.jpg",1100,1100,false],"2048x2048":["https:\/\/filplast.pl\/wp-content\/uploads\/2021\/01\/Drzwi-ClimaStar-82-mini.jpg",1100,1100,false],"depcore-widget-post-thumb":["https:\/\/filplast.pl\/wp-content\/uploads\/2021\/01\/Drzwi-ClimaStar-82-mini-65x65.jpg",65,65,true],"depcore-widget-post-medium":["https:\/\/filplast.pl\/wp-content\/uploads\/2021\/01\/Drzwi-ClimaStar-82-mini-280x150.jpg",280,150,true],"square":["https:\/\/filplast.pl\/wp-content\/uploads\/2021\/01\/Drzwi-ClimaStar-82-mini-500x500.jpg",500,500,true],"small-square":["https:\/\/filplast.pl\/wp-content\/uploads\/2021\/01\/Drzwi-ClimaStar-82-mini-250x250.jpg",250,250,true],"slider-image":["https:\/\/filplast.pl\/wp-content\/uploads\/2021\/01\/Drzwi-ClimaStar-82-mini-1080x500.jpg",1080,500,true],"":["https:\/\/filplast.pl\/wp-content\/uploads\/2021\/01\/Drzwi-ClimaStar-82-mini.jpg",250,250,false]},"uagb_author_info":{"display_name":"Micha\u0142 Mrukot","author_link":"https:\/\/filplast.pl\/cz\/author\/"},"uagb_comment_info":0,"uagb_excerpt":"V n\u00edzkoenergetick\u00fdch domech lze \u00fasp\u011b\u0161n\u011b vyu\u017e\u00edt dve\u0159e, kter\u00e9 umo\u017e\u0148uj\u00ed dos\u00e1hnout velmi n\u00edzk\u00e9ho sou\u010dinitele prostupu tepla. Maj\u00ed a\u017e t\u0159i pevn\u00e1 t\u011bsn\u011bn\u00ed, kter\u00e1 zvy\u0161uj\u00ed nejen tepelnou, ale i zvukovou izolaci.","_links":{"self":[{"href":"https:\/\/filplast.pl\/cz\/wp-json\/wp\/v2\/product\/12136","targetHints":{"allow":["GET"]}}],"collection":[{"href":"https:\/\/filplast.pl\/cz\/wp-json\/wp\/v2\/product"}],"about":[{"href":"https:\/\/filplast.pl\/cz\/wp-json\/wp\/v2\/types\/product"}],"version-history":[{"count":1,"href":"https:\/\/filplast.pl\/cz\/wp-json\/wp\/v2\/product\/12136\/revisions"}],"predecessor-version":[{"id":12137,"href":"https:\/\/filplast.pl\/cz\/wp-json\/wp\/v2\/product\/12136\/revisions\/12137"}],"wp:featuredmedia":[{"embeddable":true,"href":"https:\/\/filplast.pl\/cz\/wp-json\/wp\/v2\/media\/4537"}],"wp:attachment":[{"href":"https:\/\/filplast.pl\/cz\/wp-json\/wp\/v2\/media?parent=12136"}],"curies":[{"name":"wp","href":"https:\/\/api.w.org\/{rel}","templated":true}]}}