{"id":12142,"date":"2021-07-02T17:10:37","date_gmt":"2021-07-02T15:10:37","guid":{"rendered":"https:\/\/filplast.pl\/produkt\/alustar-70-2\/"},"modified":"2024-10-15T11:36:09","modified_gmt":"2024-10-15T09:36:09","slug":"vchodove-dvere-alustar-79","status":"publish","type":"product","link":"https:\/\/filplast.pl\/cz\/vyrobek\/vchodove-dvere-alustar-79\/","title":{"rendered":"AluStar 79"},"content":{"rendered":"<div id=\"modal-ready\"><p>Jedn\u00e1 se o syst\u00e9m, kter\u00fd nej\u00fa\u010dinn\u011bji chr\u00e1n\u00ed p\u0159ed tepeln\u00fdmi ztr\u00e1tami u model\u016f ve sv\u00e9 t\u0159\u00edd\u011b. Vyu\u017e\u00edv\u00e1 tepeln\u00e9 li\u0161ty ve tvaru omega, kter\u00e9 zvy\u0161uj\u00ed tuhost profilu. U AluStar 79 jsou t\u011bsn\u011bn\u00ed z dvouslo\u017ekov\u00e9 pry\u017ee, kter\u00e1 zaji\u0161\u0165uje odolnost proti st\u00e1rnut\u00ed a tepelnou izolaci.<\/p>\n<\/div>","protected":false},"excerpt":{"rendered":"<p>AluStar 79 je t\u0159\u00edkomorov\u00fd syst\u00e9m, kter\u00fd umo\u017e\u0148uje v\u00fdrobu velmi t\u011bsn\u00fdch a energeticky \u00fasporn\u00fdch dve\u0159\u00ed. Doporu\u010duje se pro budovy, kde je zvl\u00e1\u0161t\u011b d\u016fle\u017eit\u00e1 tepeln\u00e1 a zvukov\u00e1 izolace. R\u00e1m a k\u0159\u00eddlo v tomto syst\u00e9mu maj\u00ed stejnou hloubku, d\u00edky \u010demu\u017e jsou dve\u0159e v jedn\u00e9 rovin\u011b s r\u00e1mem.<\/p>\n","protected":false},"featured_media":9381,"parent":0,"menu_order":169,"template":"","class_list":["post-12142","product","type-product","status-publish","has-post-thumbnail","hentry","product-category-vchodove-dvere","product-category-hlinikova-cz","product-category-dvere","product-line-silverline-cz"],"yoast_head":"<!-- This site is optimized with the Yoast SEO plugin v24.7 - https:\/\/yoast.com\/wordpress\/plugins\/seo\/ -->\n<title>Hlin\u00edkov\u00e9 vchodov\u00e9 dve\u0159e AluStar 79 - Filplast po generace<\/title>\n<meta name=\"robots\" content=\"index, follow, max-snippet:-1, max-image-preview:large, max-video-preview:-1\" \/>\n<link rel=\"canonical\" href=\"https:\/\/filplast.pl\/cz\/vyrobek\/vchodove-dvere-alustar-79\/\" \/>\n<meta property=\"og:locale\" content=\"cs_CZ\" \/>\n<meta property=\"og:type\" content=\"article\" \/>\n<meta property=\"og:title\" content=\"Hlin\u00edkov\u00e9 vchodov\u00e9 dve\u0159e AluStar 79 - Filplast po generace\" \/>\n<meta property=\"og:description\" content=\"AluStar 79 je t\u0159\u00edkomorov\u00fd syst\u00e9m, kter\u00fd umo\u017e\u0148uje v\u00fdrobu velmi t\u011bsn\u00fdch a energeticky \u00fasporn\u00fdch dve\u0159\u00ed. Doporu\u010duje se pro budovy, kde je zvl\u00e1\u0161t\u011b d\u016fle\u017eit\u00e1 tepeln\u00e1 a zvukov\u00e1 izolace. R\u00e1m a k\u0159\u00eddlo v tomto syst\u00e9mu maj\u00ed stejnou hloubku, d\u00edky \u010demu\u017e jsou dve\u0159e v jedn\u00e9 rovin\u011b s r\u00e1mem.\" \/>\n<meta property=\"og:url\" content=\"https:\/\/filplast.pl\/cz\/vyrobek\/vchodove-dvere-alustar-79\/\" \/>\n<meta property=\"og:site_name\" content=\"Filplast po generace\" \/>\n<meta property=\"article:publisher\" content=\"https:\/\/www.facebook.com\/filplast.firma\" \/>\n<meta property=\"article:modified_time\" content=\"2024-10-15T09:36:09+00:00\" \/>\n<meta property=\"og:image\" content=\"https:\/\/filplast.pl\/wp-content\/uploads\/2021\/01\/Drzwi-AluStar-70.png\" \/>\n\t<meta property=\"og:image:width\" content=\"1067\" \/>\n\t<meta property=\"og:image:height\" content=\"1067\" \/>\n\t<meta property=\"og:image:type\" content=\"image\/png\" \/>\n<meta name=\"twitter:card\" content=\"summary_large_image\" \/>\n<meta name=\"twitter:label1\" content=\"Odhadovan\u00e1 doba \u010dten\u00ed\" \/>\n\t<meta name=\"twitter:data1\" content=\"1 minuta\" \/>\n<script type=\"application\/ld+json\" class=\"yoast-schema-graph\">{\"@context\":\"https:\/\/schema.org\",\"@graph\":[{\"@type\":\"WebPage\",\"@id\":\"https:\/\/filplast.pl\/cz\/vyrobek\/vchodove-dvere-alustar-79\/\",\"url\":\"https:\/\/filplast.pl\/cz\/vyrobek\/vchodove-dvere-alustar-79\/\",\"name\":\"Hlin\u00edkov\u00e9 vchodov\u00e9 dve\u0159e AluStar 79 - Filplast po generace\",\"isPartOf\":{\"@id\":\"https:\/\/filplast.pl\/cz\/#website\"},\"primaryImageOfPage\":{\"@id\":\"https:\/\/filplast.pl\/cz\/vyrobek\/vchodove-dvere-alustar-79\/#primaryimage\"},\"image\":{\"@id\":\"https:\/\/filplast.pl\/cz\/vyrobek\/vchodove-dvere-alustar-79\/#primaryimage\"},\"thumbnailUrl\":\"https:\/\/filplast.pl\/wp-content\/uploads\/2021\/01\/Drzwi-AluStar-70.png\",\"datePublished\":\"2021-07-02T15:10:37+00:00\",\"dateModified\":\"2024-10-15T09:36:09+00:00\",\"breadcrumb\":{\"@id\":\"https:\/\/filplast.pl\/cz\/vyrobek\/vchodove-dvere-alustar-79\/#breadcrumb\"},\"inLanguage\":\"cs\",\"potentialAction\":[{\"@type\":\"ReadAction\",\"target\":[\"https:\/\/filplast.pl\/cz\/vyrobek\/vchodove-dvere-alustar-79\/\"]}]},{\"@type\":\"ImageObject\",\"inLanguage\":\"cs\",\"@id\":\"https:\/\/filplast.pl\/cz\/vyrobek\/vchodove-dvere-alustar-79\/#primaryimage\",\"url\":\"https:\/\/filplast.pl\/wp-content\/uploads\/2021\/01\/Drzwi-AluStar-70.png\",\"contentUrl\":\"https:\/\/filplast.pl\/wp-content\/uploads\/2021\/01\/Drzwi-AluStar-70.png\",\"width\":1067,\"height\":1067},{\"@type\":\"BreadcrumbList\",\"@id\":\"https:\/\/filplast.pl\/cz\/vyrobek\/vchodove-dvere-alustar-79\/#breadcrumb\",\"itemListElement\":[{\"@type\":\"ListItem\",\"position\":1,\"name\":\"Hlavn\u00ed strana\",\"item\":\"https:\/\/filplast.pl\/cz\/\"},{\"@type\":\"ListItem\",\"position\":2,\"name\":\"Produkty\",\"item\":\"https:\/\/filplast.pl\/cz\/vyrobek\/\"},{\"@type\":\"ListItem\",\"position\":3,\"name\":\"AluStar 79\"}]},{\"@type\":\"WebSite\",\"@id\":\"https:\/\/filplast.pl\/cz\/#website\",\"url\":\"https:\/\/filplast.pl\/cz\/\",\"name\":\"Filplast po generace\",\"description\":\"Producent okien, drzwi i rolet\",\"publisher\":{\"@id\":\"https:\/\/filplast.pl\/cz\/#organization\"},\"potentialAction\":[{\"@type\":\"SearchAction\",\"target\":{\"@type\":\"EntryPoint\",\"urlTemplate\":\"https:\/\/filplast.pl\/cz\/?s={search_term_string}\"},\"query-input\":{\"@type\":\"PropertyValueSpecification\",\"valueRequired\":true,\"valueName\":\"search_term_string\"}}],\"inLanguage\":\"cs\"},{\"@type\":\"Organization\",\"@id\":\"https:\/\/filplast.pl\/cz\/#organization\",\"name\":\"Filplast po generace\",\"url\":\"https:\/\/filplast.pl\/cz\/\",\"logo\":{\"@type\":\"ImageObject\",\"inLanguage\":\"cs\",\"@id\":\"https:\/\/filplast.pl\/cz\/#\/schema\/logo\/image\/\",\"url\":\"https:\/\/filplast.pl\/wp-content\/uploads\/2023\/10\/favicon-filplast.png\",\"contentUrl\":\"https:\/\/filplast.pl\/wp-content\/uploads\/2023\/10\/favicon-filplast.png\",\"width\":2134,\"height\":2134,\"caption\":\"Filplast po generace\"},\"image\":{\"@id\":\"https:\/\/filplast.pl\/cz\/#\/schema\/logo\/image\/\"},\"sameAs\":[\"https:\/\/www.facebook.com\/filplast.firma\",\"https:\/\/pl.pinterest.com\/filplast\/\",\"https:\/\/www.youtube.com\/FILPLASTchannel\",\"https:\/\/pl.linkedin.com\/company\/filplast-sp.-z-o.o.\",\"https:\/\/www.instagram.com\/filplast\/\"]}]}<\/script>\n<!-- \/ Yoast SEO plugin. -->","yoast_head_json":{"title":"Hlin\u00edkov\u00e9 vchodov\u00e9 dve\u0159e AluStar 79 - Filplast po generace","robots":{"index":"index","follow":"follow","max-snippet":"max-snippet:-1","max-image-preview":"max-image-preview:large","max-video-preview":"max-video-preview:-1"},"canonical":"https:\/\/filplast.pl\/cz\/vyrobek\/vchodove-dvere-alustar-79\/","og_locale":"cs_CZ","og_type":"article","og_title":"Hlin\u00edkov\u00e9 vchodov\u00e9 dve\u0159e AluStar 79 - Filplast po generace","og_description":"AluStar 79 je t\u0159\u00edkomorov\u00fd syst\u00e9m, kter\u00fd umo\u017e\u0148uje v\u00fdrobu velmi t\u011bsn\u00fdch a energeticky \u00fasporn\u00fdch dve\u0159\u00ed. Doporu\u010duje se pro budovy, kde je zvl\u00e1\u0161t\u011b d\u016fle\u017eit\u00e1 tepeln\u00e1 a zvukov\u00e1 izolace. R\u00e1m a k\u0159\u00eddlo v tomto syst\u00e9mu maj\u00ed stejnou hloubku, d\u00edky \u010demu\u017e jsou dve\u0159e v jedn\u00e9 rovin\u011b s r\u00e1mem.","og_url":"https:\/\/filplast.pl\/cz\/vyrobek\/vchodove-dvere-alustar-79\/","og_site_name":"Filplast po generace","article_publisher":"https:\/\/www.facebook.com\/filplast.firma","article_modified_time":"2024-10-15T09:36:09+00:00","og_image":[{"width":1067,"height":1067,"url":"https:\/\/filplast.pl\/wp-content\/uploads\/2021\/01\/Drzwi-AluStar-70.png","type":"image\/png"}],"twitter_card":"summary_large_image","twitter_misc":{"Odhadovan\u00e1 doba \u010dten\u00ed":"1 minuta"},"schema":{"@context":"https:\/\/schema.org","@graph":[{"@type":"WebPage","@id":"https:\/\/filplast.pl\/cz\/vyrobek\/vchodove-dvere-alustar-79\/","url":"https:\/\/filplast.pl\/cz\/vyrobek\/vchodove-dvere-alustar-79\/","name":"Hlin\u00edkov\u00e9 vchodov\u00e9 dve\u0159e AluStar 79 - Filplast po generace","isPartOf":{"@id":"https:\/\/filplast.pl\/cz\/#website"},"primaryImageOfPage":{"@id":"https:\/\/filplast.pl\/cz\/vyrobek\/vchodove-dvere-alustar-79\/#primaryimage"},"image":{"@id":"https:\/\/filplast.pl\/cz\/vyrobek\/vchodove-dvere-alustar-79\/#primaryimage"},"thumbnailUrl":"https:\/\/filplast.pl\/wp-content\/uploads\/2021\/01\/Drzwi-AluStar-70.png","datePublished":"2021-07-02T15:10:37+00:00","dateModified":"2024-10-15T09:36:09+00:00","breadcrumb":{"@id":"https:\/\/filplast.pl\/cz\/vyrobek\/vchodove-dvere-alustar-79\/#breadcrumb"},"inLanguage":"cs","potentialAction":[{"@type":"ReadAction","target":["https:\/\/filplast.pl\/cz\/vyrobek\/vchodove-dvere-alustar-79\/"]}]},{"@type":"ImageObject","inLanguage":"cs","@id":"https:\/\/filplast.pl\/cz\/vyrobek\/vchodove-dvere-alustar-79\/#primaryimage","url":"https:\/\/filplast.pl\/wp-content\/uploads\/2021\/01\/Drzwi-AluStar-70.png","contentUrl":"https:\/\/filplast.pl\/wp-content\/uploads\/2021\/01\/Drzwi-AluStar-70.png","width":1067,"height":1067},{"@type":"BreadcrumbList","@id":"https:\/\/filplast.pl\/cz\/vyrobek\/vchodove-dvere-alustar-79\/#breadcrumb","itemListElement":[{"@type":"ListItem","position":1,"name":"Hlavn\u00ed strana","item":"https:\/\/filplast.pl\/cz\/"},{"@type":"ListItem","position":2,"name":"Produkty","item":"https:\/\/filplast.pl\/cz\/vyrobek\/"},{"@type":"ListItem","position":3,"name":"AluStar 79"}]},{"@type":"WebSite","@id":"https:\/\/filplast.pl\/cz\/#website","url":"https:\/\/filplast.pl\/cz\/","name":"Filplast po generace","description":"Producent okien, drzwi i rolet","publisher":{"@id":"https:\/\/filplast.pl\/cz\/#organization"},"potentialAction":[{"@type":"SearchAction","target":{"@type":"EntryPoint","urlTemplate":"https:\/\/filplast.pl\/cz\/?s={search_term_string}"},"query-input":{"@type":"PropertyValueSpecification","valueRequired":true,"valueName":"search_term_string"}}],"inLanguage":"cs"},{"@type":"Organization","@id":"https:\/\/filplast.pl\/cz\/#organization","name":"Filplast po generace","url":"https:\/\/filplast.pl\/cz\/","logo":{"@type":"ImageObject","inLanguage":"cs","@id":"https:\/\/filplast.pl\/cz\/#\/schema\/logo\/image\/","url":"https:\/\/filplast.pl\/wp-content\/uploads\/2023\/10\/favicon-filplast.png","contentUrl":"https:\/\/filplast.pl\/wp-content\/uploads\/2023\/10\/favicon-filplast.png","width":2134,"height":2134,"caption":"Filplast po generace"},"image":{"@id":"https:\/\/filplast.pl\/cz\/#\/schema\/logo\/image\/"},"sameAs":["https:\/\/www.facebook.com\/filplast.firma","https:\/\/pl.pinterest.com\/filplast\/","https:\/\/www.youtube.com\/FILPLASTchannel","https:\/\/pl.linkedin.com\/company\/filplast-sp.-z-o.o.","https:\/\/www.instagram.com\/filplast\/"]}]}},"uagb_featured_image_src":{"full":["https:\/\/filplast.pl\/wp-content\/uploads\/2021\/01\/Drzwi-AluStar-70.png",1067,1067,false],"thumbnail":["https:\/\/filplast.pl\/wp-content\/uploads\/2021\/01\/Drzwi-AluStar-70-150x150.png",150,150,true],"medium":["https:\/\/filplast.pl\/wp-content\/uploads\/2021\/01\/Drzwi-AluStar-70-300x300.png",300,300,true],"medium_large":["https:\/\/filplast.pl\/wp-content\/uploads\/2021\/01\/Drzwi-AluStar-70-768x768.png",768,768,true],"large":["https:\/\/filplast.pl\/wp-content\/uploads\/2021\/01\/Drzwi-AluStar-70-1024x1024.png",1024,1024,true],"1536x1536":["https:\/\/filplast.pl\/wp-content\/uploads\/2021\/01\/Drzwi-AluStar-70.png",1067,1067,false],"2048x2048":["https:\/\/filplast.pl\/wp-content\/uploads\/2021\/01\/Drzwi-AluStar-70.png",1067,1067,false],"depcore-widget-post-thumb":["https:\/\/filplast.pl\/wp-content\/uploads\/2021\/01\/Drzwi-AluStar-70-65x65.png",65,65,true],"depcore-widget-post-medium":["https:\/\/filplast.pl\/wp-content\/uploads\/2021\/01\/Drzwi-AluStar-70-280x150.png",280,150,true],"square":["https:\/\/filplast.pl\/wp-content\/uploads\/2021\/01\/Drzwi-AluStar-70-500x500.png",500,500,true],"small-square":["https:\/\/filplast.pl\/wp-content\/uploads\/2021\/01\/Drzwi-AluStar-70-250x250.png",250,250,true],"slider-image":["https:\/\/filplast.pl\/wp-content\/uploads\/2021\/01\/Drzwi-AluStar-70-1067x500.png",1067,500,true],"":["https:\/\/filplast.pl\/wp-content\/uploads\/2021\/01\/Drzwi-AluStar-70.png",250,250,false]},"uagb_author_info":{"display_name":"Micha\u0142 Mrukot","author_link":"https:\/\/filplast.pl\/cz\/author\/"},"uagb_comment_info":0,"uagb_excerpt":"AluStar 79 je t\u0159\u00edkomorov\u00fd syst\u00e9m, kter\u00fd umo\u017e\u0148uje v\u00fdrobu velmi t\u011bsn\u00fdch a energeticky \u00fasporn\u00fdch dve\u0159\u00ed. Doporu\u010duje se pro budovy, kde je zvl\u00e1\u0161t\u011b d\u016fle\u017eit\u00e1 tepeln\u00e1 a zvukov\u00e1 izolace. R\u00e1m a k\u0159\u00eddlo v tomto syst\u00e9mu maj\u00ed stejnou hloubku, d\u00edky \u010demu\u017e jsou dve\u0159e v jedn\u00e9 rovin\u011b s r\u00e1mem.","_links":{"self":[{"href":"https:\/\/filplast.pl\/cz\/wp-json\/wp\/v2\/product\/12142","targetHints":{"allow":["GET"]}}],"collection":[{"href":"https:\/\/filplast.pl\/cz\/wp-json\/wp\/v2\/product"}],"about":[{"href":"https:\/\/filplast.pl\/cz\/wp-json\/wp\/v2\/types\/product"}],"version-history":[{"count":3,"href":"https:\/\/filplast.pl\/cz\/wp-json\/wp\/v2\/product\/12142\/revisions"}],"predecessor-version":[{"id":53034,"href":"https:\/\/filplast.pl\/cz\/wp-json\/wp\/v2\/product\/12142\/revisions\/53034"}],"wp:featuredmedia":[{"embeddable":true,"href":"https:\/\/filplast.pl\/cz\/wp-json\/wp\/v2\/media\/9381"}],"wp:attachment":[{"href":"https:\/\/filplast.pl\/cz\/wp-json\/wp\/v2\/media?parent=12142"}],"curies":[{"name":"wp","href":"https:\/\/api.w.org\/{rel}","templated":true}]}}