{"id":12147,"date":"2021-07-02T17:16:13","date_gmt":"2021-07-02T15:16:13","guid":{"rendered":"https:\/\/filplast.pl\/produkt\/alustar-86-2\/"},"modified":"2022-08-16T15:49:27","modified_gmt":"2022-08-16T13:49:27","slug":"alustar-86-22","status":"publish","type":"product","link":"https:\/\/filplast.pl\/cz\/vyrobek\/alustar-86-22\/","title":{"rendered":"AluStar 86"},"content":{"rendered":"<div id=\"modal-ready\"><p>Profily Alustar 86 se vyzna\u010duj\u00ed vynikaj\u00edc\u00ed pevnost\u00ed. Tyto dve\u0159e mohou b\u00fdt vybaveny v\u0161emi dostupn\u00fdmi typy skla &#8211; v\u010d. dvoukomorov\u00fdch, akustick\u00fdch, proti vloup\u00e1n\u00ed a r\u016fzn\u00fdmi typy dal\u0161\u00edch v\u00fdpl\u0148ov\u00fdch panel\u016f. Varianty se zlep\u0161en\u00fdmi parametry tepeln\u00e9 izolace jsou k dispozici na vy\u017e\u00e1d\u00e1n\u00ed.<\/p>\n<\/div>","protected":false},"excerpt":{"rendered":"<p>Velmi dobr\u00e1 tepeln\u00e1 izolace, mo\u017enost v\u00fdroby konstrukc\u00ed s velkou hmotnost\u00ed a rozm\u011bry &#8211; doporu\u010dujeme syst\u00e9m AluStar 86 pro energeticky \u00fasporn\u00e9 stavby a projekty s mimo\u0159\u00e1dn\u011b velk\u00fdmi dve\u0159mi (nap\u0159. kostely, kancel\u00e1\u0159e, kancel\u00e1\u0159sk\u00e9 budovy, banky a v\u00edcebytov\u00e9 domy).<\/p>\n","protected":false},"featured_media":4207,"parent":0,"menu_order":155,"template":"","class_list":["post-12147","product","type-product","status-publish","has-post-thumbnail","hentry","product-category-vchodove-dvere","product-category-hlinikova-cz","product-category-dvere","product-line-goldenline-cz"],"yoast_head":"<!-- This site is optimized with the Yoast SEO plugin v24.7 - https:\/\/yoast.com\/wordpress\/plugins\/seo\/ -->\n<title>Hlin\u00edkov\u00e9 vchodov\u00e9 dve\u0159e AluStar 86 - Filplast po generace<\/title>\n<meta name=\"robots\" content=\"index, follow, max-snippet:-1, max-image-preview:large, max-video-preview:-1\" \/>\n<link rel=\"canonical\" href=\"https:\/\/filplast.pl\/cz\/vyrobek\/alustar-86-22\/\" \/>\n<meta property=\"og:locale\" content=\"cs_CZ\" \/>\n<meta property=\"og:type\" content=\"article\" \/>\n<meta property=\"og:title\" content=\"Hlin\u00edkov\u00e9 vchodov\u00e9 dve\u0159e AluStar 86 - Filplast po generace\" \/>\n<meta property=\"og:description\" content=\"Velmi dobr\u00e1 tepeln\u00e1 izolace, mo\u017enost v\u00fdroby konstrukc\u00ed s velkou hmotnost\u00ed a rozm\u011bry - doporu\u010dujeme syst\u00e9m AluStar 86 pro energeticky \u00fasporn\u00e9 stavby a projekty s mimo\u0159\u00e1dn\u011b velk\u00fdmi dve\u0159mi (nap\u0159. kostely, kancel\u00e1\u0159e, kancel\u00e1\u0159sk\u00e9 budovy, banky a v\u00edcebytov\u00e9 domy).\" \/>\n<meta property=\"og:url\" content=\"https:\/\/filplast.pl\/cz\/vyrobek\/alustar-86-22\/\" \/>\n<meta property=\"og:site_name\" content=\"Filplast po generace\" \/>\n<meta property=\"article:publisher\" content=\"https:\/\/www.facebook.com\/filplast.firma\" \/>\n<meta property=\"article:modified_time\" content=\"2022-08-16T13:49:27+00:00\" \/>\n<meta property=\"og:image\" content=\"https:\/\/filplast.pl\/wp-content\/uploads\/2021\/02\/Drzwi-AluStar-86.png\" \/>\n\t<meta property=\"og:image:width\" content=\"2000\" \/>\n\t<meta property=\"og:image:height\" content=\"2000\" \/>\n\t<meta property=\"og:image:type\" content=\"image\/png\" \/>\n<meta name=\"twitter:card\" content=\"summary_large_image\" \/>\n<script type=\"application\/ld+json\" class=\"yoast-schema-graph\">{\"@context\":\"https:\/\/schema.org\",\"@graph\":[{\"@type\":\"WebPage\",\"@id\":\"https:\/\/filplast.pl\/cz\/vyrobek\/alustar-86-22\/\",\"url\":\"https:\/\/filplast.pl\/cz\/vyrobek\/alustar-86-22\/\",\"name\":\"Hlin\u00edkov\u00e9 vchodov\u00e9 dve\u0159e AluStar 86 - Filplast po generace\",\"isPartOf\":{\"@id\":\"https:\/\/filplast.pl\/cz\/#website\"},\"primaryImageOfPage\":{\"@id\":\"https:\/\/filplast.pl\/cz\/vyrobek\/alustar-86-22\/#primaryimage\"},\"image\":{\"@id\":\"https:\/\/filplast.pl\/cz\/vyrobek\/alustar-86-22\/#primaryimage\"},\"thumbnailUrl\":\"https:\/\/filplast.pl\/wp-content\/uploads\/2021\/02\/Drzwi-AluStar-86.png\",\"datePublished\":\"2021-07-02T15:16:13+00:00\",\"dateModified\":\"2022-08-16T13:49:27+00:00\",\"breadcrumb\":{\"@id\":\"https:\/\/filplast.pl\/cz\/vyrobek\/alustar-86-22\/#breadcrumb\"},\"inLanguage\":\"cs\",\"potentialAction\":[{\"@type\":\"ReadAction\",\"target\":[\"https:\/\/filplast.pl\/cz\/vyrobek\/alustar-86-22\/\"]}]},{\"@type\":\"ImageObject\",\"inLanguage\":\"cs\",\"@id\":\"https:\/\/filplast.pl\/cz\/vyrobek\/alustar-86-22\/#primaryimage\",\"url\":\"https:\/\/filplast.pl\/wp-content\/uploads\/2021\/02\/Drzwi-AluStar-86.png\",\"contentUrl\":\"https:\/\/filplast.pl\/wp-content\/uploads\/2021\/02\/Drzwi-AluStar-86.png\",\"width\":2000,\"height\":2000,\"caption\":\"Dve\u0159e AluStar 86\"},{\"@type\":\"BreadcrumbList\",\"@id\":\"https:\/\/filplast.pl\/cz\/vyrobek\/alustar-86-22\/#breadcrumb\",\"itemListElement\":[{\"@type\":\"ListItem\",\"position\":1,\"name\":\"Hlavn\u00ed strana\",\"item\":\"https:\/\/filplast.pl\/cz\/\"},{\"@type\":\"ListItem\",\"position\":2,\"name\":\"Produkty\",\"item\":\"https:\/\/filplast.pl\/cz\/vyrobek\/\"},{\"@type\":\"ListItem\",\"position\":3,\"name\":\"AluStar 86\"}]},{\"@type\":\"WebSite\",\"@id\":\"https:\/\/filplast.pl\/cz\/#website\",\"url\":\"https:\/\/filplast.pl\/cz\/\",\"name\":\"Filplast po generace\",\"description\":\"Producent okien, drzwi i rolet\",\"publisher\":{\"@id\":\"https:\/\/filplast.pl\/cz\/#organization\"},\"potentialAction\":[{\"@type\":\"SearchAction\",\"target\":{\"@type\":\"EntryPoint\",\"urlTemplate\":\"https:\/\/filplast.pl\/cz\/?s={search_term_string}\"},\"query-input\":{\"@type\":\"PropertyValueSpecification\",\"valueRequired\":true,\"valueName\":\"search_term_string\"}}],\"inLanguage\":\"cs\"},{\"@type\":\"Organization\",\"@id\":\"https:\/\/filplast.pl\/cz\/#organization\",\"name\":\"Filplast po generace\",\"url\":\"https:\/\/filplast.pl\/cz\/\",\"logo\":{\"@type\":\"ImageObject\",\"inLanguage\":\"cs\",\"@id\":\"https:\/\/filplast.pl\/cz\/#\/schema\/logo\/image\/\",\"url\":\"https:\/\/filplast.pl\/wp-content\/uploads\/2023\/10\/favicon-filplast.png\",\"contentUrl\":\"https:\/\/filplast.pl\/wp-content\/uploads\/2023\/10\/favicon-filplast.png\",\"width\":2134,\"height\":2134,\"caption\":\"Filplast po generace\"},\"image\":{\"@id\":\"https:\/\/filplast.pl\/cz\/#\/schema\/logo\/image\/\"},\"sameAs\":[\"https:\/\/www.facebook.com\/filplast.firma\",\"https:\/\/pl.pinterest.com\/filplast\/\",\"https:\/\/www.youtube.com\/FILPLASTchannel\",\"https:\/\/pl.linkedin.com\/company\/filplast-sp.-z-o.o.\",\"https:\/\/www.instagram.com\/filplast\/\"]}]}<\/script>\n<!-- \/ Yoast SEO plugin. -->","yoast_head_json":{"title":"Hlin\u00edkov\u00e9 vchodov\u00e9 dve\u0159e AluStar 86 - Filplast po generace","robots":{"index":"index","follow":"follow","max-snippet":"max-snippet:-1","max-image-preview":"max-image-preview:large","max-video-preview":"max-video-preview:-1"},"canonical":"https:\/\/filplast.pl\/cz\/vyrobek\/alustar-86-22\/","og_locale":"cs_CZ","og_type":"article","og_title":"Hlin\u00edkov\u00e9 vchodov\u00e9 dve\u0159e AluStar 86 - Filplast po generace","og_description":"Velmi dobr\u00e1 tepeln\u00e1 izolace, mo\u017enost v\u00fdroby konstrukc\u00ed s velkou hmotnost\u00ed a rozm\u011bry - doporu\u010dujeme syst\u00e9m AluStar 86 pro energeticky \u00fasporn\u00e9 stavby a projekty s mimo\u0159\u00e1dn\u011b velk\u00fdmi dve\u0159mi (nap\u0159. kostely, kancel\u00e1\u0159e, kancel\u00e1\u0159sk\u00e9 budovy, banky a v\u00edcebytov\u00e9 domy).","og_url":"https:\/\/filplast.pl\/cz\/vyrobek\/alustar-86-22\/","og_site_name":"Filplast po generace","article_publisher":"https:\/\/www.facebook.com\/filplast.firma","article_modified_time":"2022-08-16T13:49:27+00:00","og_image":[{"width":2000,"height":2000,"url":"https:\/\/filplast.pl\/wp-content\/uploads\/2021\/02\/Drzwi-AluStar-86.png","type":"image\/png"}],"twitter_card":"summary_large_image","schema":{"@context":"https:\/\/schema.org","@graph":[{"@type":"WebPage","@id":"https:\/\/filplast.pl\/cz\/vyrobek\/alustar-86-22\/","url":"https:\/\/filplast.pl\/cz\/vyrobek\/alustar-86-22\/","name":"Hlin\u00edkov\u00e9 vchodov\u00e9 dve\u0159e AluStar 86 - Filplast po generace","isPartOf":{"@id":"https:\/\/filplast.pl\/cz\/#website"},"primaryImageOfPage":{"@id":"https:\/\/filplast.pl\/cz\/vyrobek\/alustar-86-22\/#primaryimage"},"image":{"@id":"https:\/\/filplast.pl\/cz\/vyrobek\/alustar-86-22\/#primaryimage"},"thumbnailUrl":"https:\/\/filplast.pl\/wp-content\/uploads\/2021\/02\/Drzwi-AluStar-86.png","datePublished":"2021-07-02T15:16:13+00:00","dateModified":"2022-08-16T13:49:27+00:00","breadcrumb":{"@id":"https:\/\/filplast.pl\/cz\/vyrobek\/alustar-86-22\/#breadcrumb"},"inLanguage":"cs","potentialAction":[{"@type":"ReadAction","target":["https:\/\/filplast.pl\/cz\/vyrobek\/alustar-86-22\/"]}]},{"@type":"ImageObject","inLanguage":"cs","@id":"https:\/\/filplast.pl\/cz\/vyrobek\/alustar-86-22\/#primaryimage","url":"https:\/\/filplast.pl\/wp-content\/uploads\/2021\/02\/Drzwi-AluStar-86.png","contentUrl":"https:\/\/filplast.pl\/wp-content\/uploads\/2021\/02\/Drzwi-AluStar-86.png","width":2000,"height":2000,"caption":"Dve\u0159e AluStar 86"},{"@type":"BreadcrumbList","@id":"https:\/\/filplast.pl\/cz\/vyrobek\/alustar-86-22\/#breadcrumb","itemListElement":[{"@type":"ListItem","position":1,"name":"Hlavn\u00ed strana","item":"https:\/\/filplast.pl\/cz\/"},{"@type":"ListItem","position":2,"name":"Produkty","item":"https:\/\/filplast.pl\/cz\/vyrobek\/"},{"@type":"ListItem","position":3,"name":"AluStar 86"}]},{"@type":"WebSite","@id":"https:\/\/filplast.pl\/cz\/#website","url":"https:\/\/filplast.pl\/cz\/","name":"Filplast po generace","description":"Producent okien, drzwi i rolet","publisher":{"@id":"https:\/\/filplast.pl\/cz\/#organization"},"potentialAction":[{"@type":"SearchAction","target":{"@type":"EntryPoint","urlTemplate":"https:\/\/filplast.pl\/cz\/?s={search_term_string}"},"query-input":{"@type":"PropertyValueSpecification","valueRequired":true,"valueName":"search_term_string"}}],"inLanguage":"cs"},{"@type":"Organization","@id":"https:\/\/filplast.pl\/cz\/#organization","name":"Filplast po generace","url":"https:\/\/filplast.pl\/cz\/","logo":{"@type":"ImageObject","inLanguage":"cs","@id":"https:\/\/filplast.pl\/cz\/#\/schema\/logo\/image\/","url":"https:\/\/filplast.pl\/wp-content\/uploads\/2023\/10\/favicon-filplast.png","contentUrl":"https:\/\/filplast.pl\/wp-content\/uploads\/2023\/10\/favicon-filplast.png","width":2134,"height":2134,"caption":"Filplast po generace"},"image":{"@id":"https:\/\/filplast.pl\/cz\/#\/schema\/logo\/image\/"},"sameAs":["https:\/\/www.facebook.com\/filplast.firma","https:\/\/pl.pinterest.com\/filplast\/","https:\/\/www.youtube.com\/FILPLASTchannel","https:\/\/pl.linkedin.com\/company\/filplast-sp.-z-o.o.","https:\/\/www.instagram.com\/filplast\/"]}]}},"uagb_featured_image_src":{"full":["https:\/\/filplast.pl\/wp-content\/uploads\/2021\/02\/Drzwi-AluStar-86.png",2000,2000,false],"thumbnail":["https:\/\/filplast.pl\/wp-content\/uploads\/2021\/02\/Drzwi-AluStar-86-150x150.png",150,150,true],"medium":["https:\/\/filplast.pl\/wp-content\/uploads\/2021\/02\/Drzwi-AluStar-86-300x300.png",300,300,true],"medium_large":["https:\/\/filplast.pl\/wp-content\/uploads\/2021\/02\/Drzwi-AluStar-86-768x768.png",768,768,true],"large":["https:\/\/filplast.pl\/wp-content\/uploads\/2021\/02\/Drzwi-AluStar-86-1024x1024.png",1024,1024,true],"1536x1536":["https:\/\/filplast.pl\/wp-content\/uploads\/2021\/02\/Drzwi-AluStar-86-1536x1536.png",1536,1536,true],"2048x2048":["https:\/\/filplast.pl\/wp-content\/uploads\/2021\/02\/Drzwi-AluStar-86.png",2000,2000,false],"depcore-widget-post-thumb":["https:\/\/filplast.pl\/wp-content\/uploads\/2021\/02\/Drzwi-AluStar-86-65x65.png",65,65,true],"depcore-widget-post-medium":["https:\/\/filplast.pl\/wp-content\/uploads\/2021\/02\/Drzwi-AluStar-86-280x150.png",280,150,true],"square":["https:\/\/filplast.pl\/wp-content\/uploads\/2021\/02\/Drzwi-AluStar-86-500x500.png",500,500,true],"small-square":["https:\/\/filplast.pl\/wp-content\/uploads\/2021\/02\/Drzwi-AluStar-86-250x250.png",250,250,true],"slider-image":["https:\/\/filplast.pl\/wp-content\/uploads\/2021\/02\/Drzwi-AluStar-86-1080x500.png",1080,500,true],"":["https:\/\/filplast.pl\/wp-content\/uploads\/2021\/02\/Drzwi-AluStar-86.png",250,250,false]},"uagb_author_info":{"display_name":"admin","author_link":"https:\/\/filplast.pl\/cz\/author\/"},"uagb_comment_info":0,"uagb_excerpt":"Velmi dobr\u00e1 tepeln\u00e1 izolace, mo\u017enost v\u00fdroby konstrukc\u00ed s velkou hmotnost\u00ed a rozm\u011bry - doporu\u010dujeme syst\u00e9m AluStar 86 pro energeticky \u00fasporn\u00e9 stavby a projekty s mimo\u0159\u00e1dn\u011b velk\u00fdmi dve\u0159mi (nap\u0159. kostely, kancel\u00e1\u0159e, kancel\u00e1\u0159sk\u00e9 budovy, banky a v\u00edcebytov\u00e9 domy).","_links":{"self":[{"href":"https:\/\/filplast.pl\/cz\/wp-json\/wp\/v2\/product\/12147","targetHints":{"allow":["GET"]}}],"collection":[{"href":"https:\/\/filplast.pl\/cz\/wp-json\/wp\/v2\/product"}],"about":[{"href":"https:\/\/filplast.pl\/cz\/wp-json\/wp\/v2\/types\/product"}],"version-history":[{"count":1,"href":"https:\/\/filplast.pl\/cz\/wp-json\/wp\/v2\/product\/12147\/revisions"}],"predecessor-version":[{"id":12148,"href":"https:\/\/filplast.pl\/cz\/wp-json\/wp\/v2\/product\/12147\/revisions\/12148"}],"wp:featuredmedia":[{"embeddable":true,"href":"https:\/\/filplast.pl\/cz\/wp-json\/wp\/v2\/media\/4207"}],"wp:attachment":[{"href":"https:\/\/filplast.pl\/cz\/wp-json\/wp\/v2\/media?parent=12147"}],"curies":[{"name":"wp","href":"https:\/\/api.w.org\/{rel}","templated":true}]}}