{"id":12152,"date":"2021-07-03T13:19:46","date_gmt":"2021-07-03T11:19:46","guid":{"rendered":"https:\/\/filplast.pl\/produkt\/aluprof-mb-78ei\/"},"modified":"2021-07-03T13:19:48","modified_gmt":"2021-07-03T11:19:48","slug":"aluprof-mb-78ei","status":"publish","type":"product","link":"https:\/\/filplast.pl\/cz\/vyrobek\/aluprof-mb-78ei\/","title":{"rendered":"Aluprof MB 78EI"},"content":{"rendered":"<div id=\"modal-ready\"><p>Dve\u0159e AluStar 78EI jsou k dispozici v \u0161irok\u00e9 \u0161k\u00e1le barev a s v\u00fdpln\u011bmi z ohnivzdorn\u00fdch skel nebo nepr\u016fhledn\u00fdch panel\u016f. Jsou vyrobeny z materi\u00e1l\u016f s vysokou odolnost\u00ed proti mechanick\u00e9mu po\u0161kozen\u00ed.<\/p>\n<\/div>","protected":false},"excerpt":{"rendered":"<p>Syst\u00e9m se pou\u017e\u00edv\u00e1 k vytv\u00e1\u0159en\u00ed vnit\u0159n\u00edch a vn\u011bj\u0161\u00edch protipo\u017e\u00e1rn\u00edch p\u0159\u00ed\u010dek s jednok\u0159\u00eddl\u00fdmi a dvouk\u0159\u00eddl\u00fdmi dve\u0159mi r\u016fzn\u00e9 t\u0159\u00eddy po\u017e\u00e1rn\u00ed odolnosti od 15 do 90 minut. Vyzna\u010duje se vysokou tepelnou a zvukovou izolac\u00ed.<\/p>\n","protected":false},"featured_media":9335,"parent":0,"menu_order":129,"template":"","class_list":["post-12152","product","type-product","status-publish","has-post-thumbnail","hentry","product-category-reseni-pro-firmy","product-category-protipozarni-systemy"],"yoast_head":"<!-- This site is optimized with the Yoast SEO plugin v24.7 - https:\/\/yoast.com\/wordpress\/plugins\/seo\/ -->\n<title>Protipo\u017e\u00e1rn\u00ed dve\u0159e Aluprof MB 78EI - Filplast po generace<\/title>\n<meta name=\"robots\" content=\"index, follow, max-snippet:-1, max-image-preview:large, max-video-preview:-1\" \/>\n<link rel=\"canonical\" href=\"https:\/\/filplast.pl\/cz\/vyrobek\/aluprof-mb-78ei\/\" \/>\n<meta property=\"og:locale\" content=\"cs_CZ\" \/>\n<meta property=\"og:type\" content=\"article\" \/>\n<meta property=\"og:title\" content=\"Protipo\u017e\u00e1rn\u00ed dve\u0159e Aluprof MB 78EI - Filplast po generace\" \/>\n<meta property=\"og:description\" content=\"Syst\u00e9m se pou\u017e\u00edv\u00e1 k vytv\u00e1\u0159en\u00ed vnit\u0159n\u00edch a vn\u011bj\u0161\u00edch protipo\u017e\u00e1rn\u00edch p\u0159\u00ed\u010dek s jednok\u0159\u00eddl\u00fdmi a dvouk\u0159\u00eddl\u00fdmi dve\u0159mi r\u016fzn\u00e9 t\u0159\u00eddy po\u017e\u00e1rn\u00ed odolnosti od 15 do 90 minut. Vyzna\u010duje se vysokou tepelnou a zvukovou izolac\u00ed.\" \/>\n<meta property=\"og:url\" content=\"https:\/\/filplast.pl\/cz\/vyrobek\/aluprof-mb-78ei\/\" \/>\n<meta property=\"og:site_name\" content=\"Filplast po generace\" \/>\n<meta property=\"article:publisher\" content=\"https:\/\/www.facebook.com\/filplast.firma\" \/>\n<meta property=\"article:modified_time\" content=\"2021-07-03T11:19:48+00:00\" \/>\n<meta property=\"og:image\" content=\"https:\/\/filplast.pl\/wp-content\/uploads\/2020\/12\/Drzwi-AluStar-78EI.png\" \/>\n\t<meta property=\"og:image:width\" content=\"800\" \/>\n\t<meta property=\"og:image:height\" content=\"800\" \/>\n\t<meta property=\"og:image:type\" content=\"image\/png\" \/>\n<meta name=\"twitter:card\" content=\"summary_large_image\" \/>\n<script type=\"application\/ld+json\" class=\"yoast-schema-graph\">{\"@context\":\"https:\/\/schema.org\",\"@graph\":[{\"@type\":\"WebPage\",\"@id\":\"https:\/\/filplast.pl\/cz\/vyrobek\/aluprof-mb-78ei\/\",\"url\":\"https:\/\/filplast.pl\/cz\/vyrobek\/aluprof-mb-78ei\/\",\"name\":\"Protipo\u017e\u00e1rn\u00ed dve\u0159e Aluprof MB 78EI - Filplast po generace\",\"isPartOf\":{\"@id\":\"https:\/\/filplast.pl\/cz\/#website\"},\"primaryImageOfPage\":{\"@id\":\"https:\/\/filplast.pl\/cz\/vyrobek\/aluprof-mb-78ei\/#primaryimage\"},\"image\":{\"@id\":\"https:\/\/filplast.pl\/cz\/vyrobek\/aluprof-mb-78ei\/#primaryimage\"},\"thumbnailUrl\":\"https:\/\/filplast.pl\/wp-content\/uploads\/2020\/12\/Drzwi-AluStar-78EI.png\",\"datePublished\":\"2021-07-03T11:19:46+00:00\",\"dateModified\":\"2021-07-03T11:19:48+00:00\",\"breadcrumb\":{\"@id\":\"https:\/\/filplast.pl\/cz\/vyrobek\/aluprof-mb-78ei\/#breadcrumb\"},\"inLanguage\":\"cs\",\"potentialAction\":[{\"@type\":\"ReadAction\",\"target\":[\"https:\/\/filplast.pl\/cz\/vyrobek\/aluprof-mb-78ei\/\"]}]},{\"@type\":\"ImageObject\",\"inLanguage\":\"cs\",\"@id\":\"https:\/\/filplast.pl\/cz\/vyrobek\/aluprof-mb-78ei\/#primaryimage\",\"url\":\"https:\/\/filplast.pl\/wp-content\/uploads\/2020\/12\/Drzwi-AluStar-78EI.png\",\"contentUrl\":\"https:\/\/filplast.pl\/wp-content\/uploads\/2020\/12\/Drzwi-AluStar-78EI.png\",\"width\":800,\"height\":800,\"caption\":\"Drzwi AluStar 78EI\"},{\"@type\":\"BreadcrumbList\",\"@id\":\"https:\/\/filplast.pl\/cz\/vyrobek\/aluprof-mb-78ei\/#breadcrumb\",\"itemListElement\":[{\"@type\":\"ListItem\",\"position\":1,\"name\":\"Hlavn\u00ed strana\",\"item\":\"https:\/\/filplast.pl\/cz\/\"},{\"@type\":\"ListItem\",\"position\":2,\"name\":\"Produkty\",\"item\":\"https:\/\/filplast.pl\/cz\/vyrobek\/\"},{\"@type\":\"ListItem\",\"position\":3,\"name\":\"Aluprof MB 78EI\"}]},{\"@type\":\"WebSite\",\"@id\":\"https:\/\/filplast.pl\/cz\/#website\",\"url\":\"https:\/\/filplast.pl\/cz\/\",\"name\":\"Filplast po generace\",\"description\":\"Producent okien, drzwi i rolet\",\"publisher\":{\"@id\":\"https:\/\/filplast.pl\/cz\/#organization\"},\"potentialAction\":[{\"@type\":\"SearchAction\",\"target\":{\"@type\":\"EntryPoint\",\"urlTemplate\":\"https:\/\/filplast.pl\/cz\/?s={search_term_string}\"},\"query-input\":{\"@type\":\"PropertyValueSpecification\",\"valueRequired\":true,\"valueName\":\"search_term_string\"}}],\"inLanguage\":\"cs\"},{\"@type\":\"Organization\",\"@id\":\"https:\/\/filplast.pl\/cz\/#organization\",\"name\":\"Filplast po generace\",\"url\":\"https:\/\/filplast.pl\/cz\/\",\"logo\":{\"@type\":\"ImageObject\",\"inLanguage\":\"cs\",\"@id\":\"https:\/\/filplast.pl\/cz\/#\/schema\/logo\/image\/\",\"url\":\"https:\/\/filplast.pl\/wp-content\/uploads\/2023\/10\/favicon-filplast.png\",\"contentUrl\":\"https:\/\/filplast.pl\/wp-content\/uploads\/2023\/10\/favicon-filplast.png\",\"width\":2134,\"height\":2134,\"caption\":\"Filplast po generace\"},\"image\":{\"@id\":\"https:\/\/filplast.pl\/cz\/#\/schema\/logo\/image\/\"},\"sameAs\":[\"https:\/\/www.facebook.com\/filplast.firma\",\"https:\/\/pl.pinterest.com\/filplast\/\",\"https:\/\/www.youtube.com\/FILPLASTchannel\",\"https:\/\/pl.linkedin.com\/company\/filplast-sp.-z-o.o.\",\"https:\/\/www.instagram.com\/filplast\/\"]}]}<\/script>\n<!-- \/ Yoast SEO plugin. -->","yoast_head_json":{"title":"Protipo\u017e\u00e1rn\u00ed dve\u0159e Aluprof MB 78EI - Filplast po generace","robots":{"index":"index","follow":"follow","max-snippet":"max-snippet:-1","max-image-preview":"max-image-preview:large","max-video-preview":"max-video-preview:-1"},"canonical":"https:\/\/filplast.pl\/cz\/vyrobek\/aluprof-mb-78ei\/","og_locale":"cs_CZ","og_type":"article","og_title":"Protipo\u017e\u00e1rn\u00ed dve\u0159e Aluprof MB 78EI - Filplast po generace","og_description":"Syst\u00e9m se pou\u017e\u00edv\u00e1 k vytv\u00e1\u0159en\u00ed vnit\u0159n\u00edch a vn\u011bj\u0161\u00edch protipo\u017e\u00e1rn\u00edch p\u0159\u00ed\u010dek s jednok\u0159\u00eddl\u00fdmi a dvouk\u0159\u00eddl\u00fdmi dve\u0159mi r\u016fzn\u00e9 t\u0159\u00eddy po\u017e\u00e1rn\u00ed odolnosti od 15 do 90 minut. Vyzna\u010duje se vysokou tepelnou a zvukovou izolac\u00ed.","og_url":"https:\/\/filplast.pl\/cz\/vyrobek\/aluprof-mb-78ei\/","og_site_name":"Filplast po generace","article_publisher":"https:\/\/www.facebook.com\/filplast.firma","article_modified_time":"2021-07-03T11:19:48+00:00","og_image":[{"width":800,"height":800,"url":"https:\/\/filplast.pl\/wp-content\/uploads\/2020\/12\/Drzwi-AluStar-78EI.png","type":"image\/png"}],"twitter_card":"summary_large_image","schema":{"@context":"https:\/\/schema.org","@graph":[{"@type":"WebPage","@id":"https:\/\/filplast.pl\/cz\/vyrobek\/aluprof-mb-78ei\/","url":"https:\/\/filplast.pl\/cz\/vyrobek\/aluprof-mb-78ei\/","name":"Protipo\u017e\u00e1rn\u00ed dve\u0159e Aluprof MB 78EI - Filplast po generace","isPartOf":{"@id":"https:\/\/filplast.pl\/cz\/#website"},"primaryImageOfPage":{"@id":"https:\/\/filplast.pl\/cz\/vyrobek\/aluprof-mb-78ei\/#primaryimage"},"image":{"@id":"https:\/\/filplast.pl\/cz\/vyrobek\/aluprof-mb-78ei\/#primaryimage"},"thumbnailUrl":"https:\/\/filplast.pl\/wp-content\/uploads\/2020\/12\/Drzwi-AluStar-78EI.png","datePublished":"2021-07-03T11:19:46+00:00","dateModified":"2021-07-03T11:19:48+00:00","breadcrumb":{"@id":"https:\/\/filplast.pl\/cz\/vyrobek\/aluprof-mb-78ei\/#breadcrumb"},"inLanguage":"cs","potentialAction":[{"@type":"ReadAction","target":["https:\/\/filplast.pl\/cz\/vyrobek\/aluprof-mb-78ei\/"]}]},{"@type":"ImageObject","inLanguage":"cs","@id":"https:\/\/filplast.pl\/cz\/vyrobek\/aluprof-mb-78ei\/#primaryimage","url":"https:\/\/filplast.pl\/wp-content\/uploads\/2020\/12\/Drzwi-AluStar-78EI.png","contentUrl":"https:\/\/filplast.pl\/wp-content\/uploads\/2020\/12\/Drzwi-AluStar-78EI.png","width":800,"height":800,"caption":"Drzwi AluStar 78EI"},{"@type":"BreadcrumbList","@id":"https:\/\/filplast.pl\/cz\/vyrobek\/aluprof-mb-78ei\/#breadcrumb","itemListElement":[{"@type":"ListItem","position":1,"name":"Hlavn\u00ed strana","item":"https:\/\/filplast.pl\/cz\/"},{"@type":"ListItem","position":2,"name":"Produkty","item":"https:\/\/filplast.pl\/cz\/vyrobek\/"},{"@type":"ListItem","position":3,"name":"Aluprof MB 78EI"}]},{"@type":"WebSite","@id":"https:\/\/filplast.pl\/cz\/#website","url":"https:\/\/filplast.pl\/cz\/","name":"Filplast po generace","description":"Producent okien, drzwi i rolet","publisher":{"@id":"https:\/\/filplast.pl\/cz\/#organization"},"potentialAction":[{"@type":"SearchAction","target":{"@type":"EntryPoint","urlTemplate":"https:\/\/filplast.pl\/cz\/?s={search_term_string}"},"query-input":{"@type":"PropertyValueSpecification","valueRequired":true,"valueName":"search_term_string"}}],"inLanguage":"cs"},{"@type":"Organization","@id":"https:\/\/filplast.pl\/cz\/#organization","name":"Filplast po generace","url":"https:\/\/filplast.pl\/cz\/","logo":{"@type":"ImageObject","inLanguage":"cs","@id":"https:\/\/filplast.pl\/cz\/#\/schema\/logo\/image\/","url":"https:\/\/filplast.pl\/wp-content\/uploads\/2023\/10\/favicon-filplast.png","contentUrl":"https:\/\/filplast.pl\/wp-content\/uploads\/2023\/10\/favicon-filplast.png","width":2134,"height":2134,"caption":"Filplast po generace"},"image":{"@id":"https:\/\/filplast.pl\/cz\/#\/schema\/logo\/image\/"},"sameAs":["https:\/\/www.facebook.com\/filplast.firma","https:\/\/pl.pinterest.com\/filplast\/","https:\/\/www.youtube.com\/FILPLASTchannel","https:\/\/pl.linkedin.com\/company\/filplast-sp.-z-o.o.","https:\/\/www.instagram.com\/filplast\/"]}]}},"uagb_featured_image_src":{"full":["https:\/\/filplast.pl\/wp-content\/uploads\/2020\/12\/Drzwi-AluStar-78EI.png",800,800,false],"thumbnail":["https:\/\/filplast.pl\/wp-content\/uploads\/2020\/12\/Drzwi-AluStar-78EI-150x150.png",150,150,true],"medium":["https:\/\/filplast.pl\/wp-content\/uploads\/2020\/12\/Drzwi-AluStar-78EI-300x300.png",300,300,true],"medium_large":["https:\/\/filplast.pl\/wp-content\/uploads\/2020\/12\/Drzwi-AluStar-78EI-768x768.png",768,768,true],"large":["https:\/\/filplast.pl\/wp-content\/uploads\/2020\/12\/Drzwi-AluStar-78EI.png",800,800,false],"1536x1536":["https:\/\/filplast.pl\/wp-content\/uploads\/2020\/12\/Drzwi-AluStar-78EI.png",800,800,false],"2048x2048":["https:\/\/filplast.pl\/wp-content\/uploads\/2020\/12\/Drzwi-AluStar-78EI.png",800,800,false],"depcore-widget-post-thumb":["https:\/\/filplast.pl\/wp-content\/uploads\/2020\/12\/Drzwi-AluStar-78EI.png",65,65,false],"depcore-widget-post-medium":["https:\/\/filplast.pl\/wp-content\/uploads\/2020\/12\/Drzwi-AluStar-78EI.png",150,150,false],"square":["https:\/\/filplast.pl\/wp-content\/uploads\/2020\/12\/Drzwi-AluStar-78EI-500x500.png",500,500,true],"small-square":["https:\/\/filplast.pl\/wp-content\/uploads\/2020\/12\/Drzwi-AluStar-78EI.png",250,250,false],"slider-image":["https:\/\/filplast.pl\/wp-content\/uploads\/2020\/12\/Drzwi-AluStar-78EI-800x500.png",800,500,true],"":["https:\/\/filplast.pl\/wp-content\/uploads\/2020\/12\/Drzwi-AluStar-78EI.png",250,250,false]},"uagb_author_info":{"display_name":"admin","author_link":"https:\/\/filplast.pl\/cz\/author\/"},"uagb_comment_info":0,"uagb_excerpt":"Syst\u00e9m se pou\u017e\u00edv\u00e1 k vytv\u00e1\u0159en\u00ed vnit\u0159n\u00edch a vn\u011bj\u0161\u00edch protipo\u017e\u00e1rn\u00edch p\u0159\u00ed\u010dek s jednok\u0159\u00eddl\u00fdmi a dvouk\u0159\u00eddl\u00fdmi dve\u0159mi r\u016fzn\u00e9 t\u0159\u00eddy po\u017e\u00e1rn\u00ed odolnosti od 15 do 90 minut. Vyzna\u010duje se vysokou tepelnou a zvukovou izolac\u00ed.","_links":{"self":[{"href":"https:\/\/filplast.pl\/cz\/wp-json\/wp\/v2\/product\/12152","targetHints":{"allow":["GET"]}}],"collection":[{"href":"https:\/\/filplast.pl\/cz\/wp-json\/wp\/v2\/product"}],"about":[{"href":"https:\/\/filplast.pl\/cz\/wp-json\/wp\/v2\/types\/product"}],"version-history":[{"count":1,"href":"https:\/\/filplast.pl\/cz\/wp-json\/wp\/v2\/product\/12152\/revisions"}],"predecessor-version":[{"id":12153,"href":"https:\/\/filplast.pl\/cz\/wp-json\/wp\/v2\/product\/12152\/revisions\/12153"}],"wp:featuredmedia":[{"embeddable":true,"href":"https:\/\/filplast.pl\/cz\/wp-json\/wp\/v2\/media\/9335"}],"wp:attachment":[{"href":"https:\/\/filplast.pl\/cz\/wp-json\/wp\/v2\/media?parent=12152"}],"curies":[{"name":"wp","href":"https:\/\/api.w.org\/{rel}","templated":true}]}}