{"id":12158,"date":"2021-07-03T13:22:51","date_gmt":"2021-07-03T11:22:51","guid":{"rendered":"https:\/\/filplast.pl\/produkt\/dvere-climastar-82-alu-mini\/"},"modified":"2022-08-17T08:51:06","modified_gmt":"2022-08-17T06:51:06","slug":"dvere-climastar-82-alu","status":"publish","type":"product","link":"https:\/\/filplast.pl\/cz\/vyrobek\/dvere-climastar-82-alu\/","title":{"rendered":"ClimaStar 82 Alu"},"content":{"rendered":"<div id=\"modal-ready\"><p>V tomto syst\u00e9mu se pou\u017e\u00edvaj\u00ed a\u017e t\u0159i t\u011bsn\u011bn\u00ed, kter\u00e1 maj\u00ed p\u0159\u00edzniv\u00fd \u00fa\u010dinek nejen na tepelnou, ale i akustickou izolaci, co\u017e omezuje pronik\u00e1n\u00ed zvuk\u016f z vn\u011bj\u0161ku dovnit\u0159 budovy.<\/p>\n<\/div>","protected":false},"excerpt":{"rendered":"<p>Dve\u0159e ClimaStar 82 Alu umo\u017e\u0148uj\u00ed dos\u00e1hnout velmi n\u00edzk\u00e9ho sou\u010dinitele prostupu tepla a lze je \u00fasp\u011b\u0161n\u011b pou\u017e\u00edt v energeticky \u00fasporn\u00fdch domech. Tyto dve\u0159e maj\u00ed vzhled hlin\u00edkov\u00e9ho syst\u00e9mu p\u0159i zachov\u00e1n\u00ed v\u00fdhod dve\u0159\u00ed z PVC.<\/p>\n","protected":false},"featured_media":4543,"parent":0,"menu_order":122,"template":"","class_list":["post-12158","product","type-product","status-publish","has-post-thumbnail","hentry","product-category-vchodove-dvere","product-category-pvc-dvere","product-category-dvere","product-line-platinumline-cz"],"yoast_head":"<!-- This site is optimized with the Yoast SEO plugin v24.7 - https:\/\/yoast.com\/wordpress\/plugins\/seo\/ -->\n<title>Hlin\u00edkov\u00e9 dve\u0159e ClimaStar 82 Alu - Filplast po generace<\/title>\n<meta name=\"robots\" content=\"index, follow, max-snippet:-1, max-image-preview:large, max-video-preview:-1\" \/>\n<link rel=\"canonical\" href=\"https:\/\/filplast.pl\/cz\/vyrobek\/dvere-climastar-82-alu\/\" \/>\n<meta property=\"og:locale\" content=\"cs_CZ\" \/>\n<meta property=\"og:type\" content=\"article\" \/>\n<meta property=\"og:title\" content=\"Hlin\u00edkov\u00e9 dve\u0159e ClimaStar 82 Alu - Filplast po generace\" \/>\n<meta property=\"og:description\" content=\"Dve\u0159e ClimaStar 82 Alu umo\u017e\u0148uj\u00ed dos\u00e1hnout velmi n\u00edzk\u00e9ho sou\u010dinitele prostupu tepla a lze je \u00fasp\u011b\u0161n\u011b pou\u017e\u00edt v energeticky \u00fasporn\u00fdch domech. Tyto dve\u0159e maj\u00ed vzhled hlin\u00edkov\u00e9ho syst\u00e9mu p\u0159i zachov\u00e1n\u00ed v\u00fdhod dve\u0159\u00ed z PVC.\" \/>\n<meta property=\"og:url\" content=\"https:\/\/filplast.pl\/cz\/vyrobek\/dvere-climastar-82-alu\/\" \/>\n<meta property=\"og:site_name\" content=\"Filplast po generace\" \/>\n<meta property=\"article:publisher\" content=\"https:\/\/www.facebook.com\/filplast.firma\" \/>\n<meta property=\"article:modified_time\" content=\"2022-08-17T06:51:06+00:00\" \/>\n<meta property=\"og:image\" content=\"https:\/\/filplast.pl\/wp-content\/uploads\/2021\/01\/Drzwi-ClimaStar-82-Alu-mini.jpg\" \/>\n\t<meta property=\"og:image:width\" content=\"1100\" \/>\n\t<meta property=\"og:image:height\" content=\"1099\" \/>\n\t<meta property=\"og:image:type\" content=\"image\/jpeg\" \/>\n<meta name=\"twitter:card\" content=\"summary_large_image\" \/>\n<meta name=\"twitter:label1\" content=\"Odhadovan\u00e1 doba \u010dten\u00ed\" \/>\n\t<meta name=\"twitter:data1\" content=\"1 minuta\" \/>\n<script type=\"application\/ld+json\" class=\"yoast-schema-graph\">{\"@context\":\"https:\/\/schema.org\",\"@graph\":[{\"@type\":\"WebPage\",\"@id\":\"https:\/\/filplast.pl\/cz\/vyrobek\/dvere-climastar-82-alu\/\",\"url\":\"https:\/\/filplast.pl\/cz\/vyrobek\/dvere-climastar-82-alu\/\",\"name\":\"Hlin\u00edkov\u00e9 dve\u0159e ClimaStar 82 Alu - Filplast po generace\",\"isPartOf\":{\"@id\":\"https:\/\/filplast.pl\/cz\/#website\"},\"primaryImageOfPage\":{\"@id\":\"https:\/\/filplast.pl\/cz\/vyrobek\/dvere-climastar-82-alu\/#primaryimage\"},\"image\":{\"@id\":\"https:\/\/filplast.pl\/cz\/vyrobek\/dvere-climastar-82-alu\/#primaryimage\"},\"thumbnailUrl\":\"https:\/\/filplast.pl\/wp-content\/uploads\/2021\/01\/Drzwi-ClimaStar-82-Alu-mini.jpg\",\"datePublished\":\"2021-07-03T11:22:51+00:00\",\"dateModified\":\"2022-08-17T06:51:06+00:00\",\"breadcrumb\":{\"@id\":\"https:\/\/filplast.pl\/cz\/vyrobek\/dvere-climastar-82-alu\/#breadcrumb\"},\"inLanguage\":\"cs\",\"potentialAction\":[{\"@type\":\"ReadAction\",\"target\":[\"https:\/\/filplast.pl\/cz\/vyrobek\/dvere-climastar-82-alu\/\"]}]},{\"@type\":\"ImageObject\",\"inLanguage\":\"cs\",\"@id\":\"https:\/\/filplast.pl\/cz\/vyrobek\/dvere-climastar-82-alu\/#primaryimage\",\"url\":\"https:\/\/filplast.pl\/wp-content\/uploads\/2021\/01\/Drzwi-ClimaStar-82-Alu-mini.jpg\",\"contentUrl\":\"https:\/\/filplast.pl\/wp-content\/uploads\/2021\/01\/Drzwi-ClimaStar-82-Alu-mini.jpg\",\"width\":1100,\"height\":1099},{\"@type\":\"BreadcrumbList\",\"@id\":\"https:\/\/filplast.pl\/cz\/vyrobek\/dvere-climastar-82-alu\/#breadcrumb\",\"itemListElement\":[{\"@type\":\"ListItem\",\"position\":1,\"name\":\"Hlavn\u00ed strana\",\"item\":\"https:\/\/filplast.pl\/cz\/\"},{\"@type\":\"ListItem\",\"position\":2,\"name\":\"Produkty\",\"item\":\"https:\/\/filplast.pl\/cz\/vyrobek\/\"},{\"@type\":\"ListItem\",\"position\":3,\"name\":\"ClimaStar 82 Alu\"}]},{\"@type\":\"WebSite\",\"@id\":\"https:\/\/filplast.pl\/cz\/#website\",\"url\":\"https:\/\/filplast.pl\/cz\/\",\"name\":\"Filplast po generace\",\"description\":\"Producent okien, drzwi i rolet\",\"publisher\":{\"@id\":\"https:\/\/filplast.pl\/cz\/#organization\"},\"potentialAction\":[{\"@type\":\"SearchAction\",\"target\":{\"@type\":\"EntryPoint\",\"urlTemplate\":\"https:\/\/filplast.pl\/cz\/?s={search_term_string}\"},\"query-input\":{\"@type\":\"PropertyValueSpecification\",\"valueRequired\":true,\"valueName\":\"search_term_string\"}}],\"inLanguage\":\"cs\"},{\"@type\":\"Organization\",\"@id\":\"https:\/\/filplast.pl\/cz\/#organization\",\"name\":\"Filplast po generace\",\"url\":\"https:\/\/filplast.pl\/cz\/\",\"logo\":{\"@type\":\"ImageObject\",\"inLanguage\":\"cs\",\"@id\":\"https:\/\/filplast.pl\/cz\/#\/schema\/logo\/image\/\",\"url\":\"https:\/\/filplast.pl\/wp-content\/uploads\/2023\/10\/favicon-filplast.png\",\"contentUrl\":\"https:\/\/filplast.pl\/wp-content\/uploads\/2023\/10\/favicon-filplast.png\",\"width\":2134,\"height\":2134,\"caption\":\"Filplast po generace\"},\"image\":{\"@id\":\"https:\/\/filplast.pl\/cz\/#\/schema\/logo\/image\/\"},\"sameAs\":[\"https:\/\/www.facebook.com\/filplast.firma\",\"https:\/\/pl.pinterest.com\/filplast\/\",\"https:\/\/www.youtube.com\/FILPLASTchannel\",\"https:\/\/pl.linkedin.com\/company\/filplast-sp.-z-o.o.\",\"https:\/\/www.instagram.com\/filplast\/\"]}]}<\/script>\n<!-- \/ Yoast SEO plugin. -->","yoast_head_json":{"title":"Hlin\u00edkov\u00e9 dve\u0159e ClimaStar 82 Alu - Filplast po generace","robots":{"index":"index","follow":"follow","max-snippet":"max-snippet:-1","max-image-preview":"max-image-preview:large","max-video-preview":"max-video-preview:-1"},"canonical":"https:\/\/filplast.pl\/cz\/vyrobek\/dvere-climastar-82-alu\/","og_locale":"cs_CZ","og_type":"article","og_title":"Hlin\u00edkov\u00e9 dve\u0159e ClimaStar 82 Alu - Filplast po generace","og_description":"Dve\u0159e ClimaStar 82 Alu umo\u017e\u0148uj\u00ed dos\u00e1hnout velmi n\u00edzk\u00e9ho sou\u010dinitele prostupu tepla a lze je \u00fasp\u011b\u0161n\u011b pou\u017e\u00edt v energeticky \u00fasporn\u00fdch domech. Tyto dve\u0159e maj\u00ed vzhled hlin\u00edkov\u00e9ho syst\u00e9mu p\u0159i zachov\u00e1n\u00ed v\u00fdhod dve\u0159\u00ed z PVC.","og_url":"https:\/\/filplast.pl\/cz\/vyrobek\/dvere-climastar-82-alu\/","og_site_name":"Filplast po generace","article_publisher":"https:\/\/www.facebook.com\/filplast.firma","article_modified_time":"2022-08-17T06:51:06+00:00","og_image":[{"width":1100,"height":1099,"url":"https:\/\/filplast.pl\/wp-content\/uploads\/2021\/01\/Drzwi-ClimaStar-82-Alu-mini.jpg","type":"image\/jpeg"}],"twitter_card":"summary_large_image","twitter_misc":{"Odhadovan\u00e1 doba \u010dten\u00ed":"1 minuta"},"schema":{"@context":"https:\/\/schema.org","@graph":[{"@type":"WebPage","@id":"https:\/\/filplast.pl\/cz\/vyrobek\/dvere-climastar-82-alu\/","url":"https:\/\/filplast.pl\/cz\/vyrobek\/dvere-climastar-82-alu\/","name":"Hlin\u00edkov\u00e9 dve\u0159e ClimaStar 82 Alu - Filplast po generace","isPartOf":{"@id":"https:\/\/filplast.pl\/cz\/#website"},"primaryImageOfPage":{"@id":"https:\/\/filplast.pl\/cz\/vyrobek\/dvere-climastar-82-alu\/#primaryimage"},"image":{"@id":"https:\/\/filplast.pl\/cz\/vyrobek\/dvere-climastar-82-alu\/#primaryimage"},"thumbnailUrl":"https:\/\/filplast.pl\/wp-content\/uploads\/2021\/01\/Drzwi-ClimaStar-82-Alu-mini.jpg","datePublished":"2021-07-03T11:22:51+00:00","dateModified":"2022-08-17T06:51:06+00:00","breadcrumb":{"@id":"https:\/\/filplast.pl\/cz\/vyrobek\/dvere-climastar-82-alu\/#breadcrumb"},"inLanguage":"cs","potentialAction":[{"@type":"ReadAction","target":["https:\/\/filplast.pl\/cz\/vyrobek\/dvere-climastar-82-alu\/"]}]},{"@type":"ImageObject","inLanguage":"cs","@id":"https:\/\/filplast.pl\/cz\/vyrobek\/dvere-climastar-82-alu\/#primaryimage","url":"https:\/\/filplast.pl\/wp-content\/uploads\/2021\/01\/Drzwi-ClimaStar-82-Alu-mini.jpg","contentUrl":"https:\/\/filplast.pl\/wp-content\/uploads\/2021\/01\/Drzwi-ClimaStar-82-Alu-mini.jpg","width":1100,"height":1099},{"@type":"BreadcrumbList","@id":"https:\/\/filplast.pl\/cz\/vyrobek\/dvere-climastar-82-alu\/#breadcrumb","itemListElement":[{"@type":"ListItem","position":1,"name":"Hlavn\u00ed strana","item":"https:\/\/filplast.pl\/cz\/"},{"@type":"ListItem","position":2,"name":"Produkty","item":"https:\/\/filplast.pl\/cz\/vyrobek\/"},{"@type":"ListItem","position":3,"name":"ClimaStar 82 Alu"}]},{"@type":"WebSite","@id":"https:\/\/filplast.pl\/cz\/#website","url":"https:\/\/filplast.pl\/cz\/","name":"Filplast po generace","description":"Producent okien, drzwi i rolet","publisher":{"@id":"https:\/\/filplast.pl\/cz\/#organization"},"potentialAction":[{"@type":"SearchAction","target":{"@type":"EntryPoint","urlTemplate":"https:\/\/filplast.pl\/cz\/?s={search_term_string}"},"query-input":{"@type":"PropertyValueSpecification","valueRequired":true,"valueName":"search_term_string"}}],"inLanguage":"cs"},{"@type":"Organization","@id":"https:\/\/filplast.pl\/cz\/#organization","name":"Filplast po generace","url":"https:\/\/filplast.pl\/cz\/","logo":{"@type":"ImageObject","inLanguage":"cs","@id":"https:\/\/filplast.pl\/cz\/#\/schema\/logo\/image\/","url":"https:\/\/filplast.pl\/wp-content\/uploads\/2023\/10\/favicon-filplast.png","contentUrl":"https:\/\/filplast.pl\/wp-content\/uploads\/2023\/10\/favicon-filplast.png","width":2134,"height":2134,"caption":"Filplast po generace"},"image":{"@id":"https:\/\/filplast.pl\/cz\/#\/schema\/logo\/image\/"},"sameAs":["https:\/\/www.facebook.com\/filplast.firma","https:\/\/pl.pinterest.com\/filplast\/","https:\/\/www.youtube.com\/FILPLASTchannel","https:\/\/pl.linkedin.com\/company\/filplast-sp.-z-o.o.","https:\/\/www.instagram.com\/filplast\/"]}]}},"uagb_featured_image_src":{"full":["https:\/\/filplast.pl\/wp-content\/uploads\/2021\/01\/Drzwi-ClimaStar-82-Alu-mini.jpg",1100,1099,false],"thumbnail":["https:\/\/filplast.pl\/wp-content\/uploads\/2021\/01\/Drzwi-ClimaStar-82-Alu-mini-150x150.jpg",150,150,true],"medium":["https:\/\/filplast.pl\/wp-content\/uploads\/2021\/01\/Drzwi-ClimaStar-82-Alu-mini-300x300.jpg",300,300,true],"medium_large":["https:\/\/filplast.pl\/wp-content\/uploads\/2021\/01\/Drzwi-ClimaStar-82-Alu-mini-768x767.jpg",768,767,true],"large":["https:\/\/filplast.pl\/wp-content\/uploads\/2021\/01\/Drzwi-ClimaStar-82-Alu-mini-1024x1024.jpg",1024,1024,true],"1536x1536":["https:\/\/filplast.pl\/wp-content\/uploads\/2021\/01\/Drzwi-ClimaStar-82-Alu-mini.jpg",1100,1099,false],"2048x2048":["https:\/\/filplast.pl\/wp-content\/uploads\/2021\/01\/Drzwi-ClimaStar-82-Alu-mini.jpg",1100,1099,false],"depcore-widget-post-thumb":["https:\/\/filplast.pl\/wp-content\/uploads\/2021\/01\/Drzwi-ClimaStar-82-Alu-mini-65x65.jpg",65,65,true],"depcore-widget-post-medium":["https:\/\/filplast.pl\/wp-content\/uploads\/2021\/01\/Drzwi-ClimaStar-82-Alu-mini-280x150.jpg",280,150,true],"square":["https:\/\/filplast.pl\/wp-content\/uploads\/2021\/01\/Drzwi-ClimaStar-82-Alu-mini-500x500.jpg",500,500,true],"small-square":["https:\/\/filplast.pl\/wp-content\/uploads\/2021\/01\/Drzwi-ClimaStar-82-Alu-mini-250x250.jpg",250,250,true],"slider-image":["https:\/\/filplast.pl\/wp-content\/uploads\/2021\/01\/Drzwi-ClimaStar-82-Alu-mini-1080x500.jpg",1080,500,true],"":["https:\/\/filplast.pl\/wp-content\/uploads\/2021\/01\/Drzwi-ClimaStar-82-Alu-mini.jpg",250,250,false]},"uagb_author_info":{"display_name":"Agnieszka Losor","author_link":"https:\/\/filplast.pl\/cz\/author\/"},"uagb_comment_info":0,"uagb_excerpt":"Dve\u0159e ClimaStar 82 Alu umo\u017e\u0148uj\u00ed dos\u00e1hnout velmi n\u00edzk\u00e9ho sou\u010dinitele prostupu tepla a lze je \u00fasp\u011b\u0161n\u011b pou\u017e\u00edt v energeticky \u00fasporn\u00fdch domech. Tyto dve\u0159e maj\u00ed vzhled hlin\u00edkov\u00e9ho syst\u00e9mu p\u0159i zachov\u00e1n\u00ed v\u00fdhod dve\u0159\u00ed z PVC.","_links":{"self":[{"href":"https:\/\/filplast.pl\/cz\/wp-json\/wp\/v2\/product\/12158","targetHints":{"allow":["GET"]}}],"collection":[{"href":"https:\/\/filplast.pl\/cz\/wp-json\/wp\/v2\/product"}],"about":[{"href":"https:\/\/filplast.pl\/cz\/wp-json\/wp\/v2\/types\/product"}],"version-history":[{"count":2,"href":"https:\/\/filplast.pl\/cz\/wp-json\/wp\/v2\/product\/12158\/revisions"}],"predecessor-version":[{"id":27734,"href":"https:\/\/filplast.pl\/cz\/wp-json\/wp\/v2\/product\/12158\/revisions\/27734"}],"wp:featuredmedia":[{"embeddable":true,"href":"https:\/\/filplast.pl\/cz\/wp-json\/wp\/v2\/media\/4543"}],"wp:attachment":[{"href":"https:\/\/filplast.pl\/cz\/wp-json\/wp\/v2\/media?parent=12158"}],"curies":[{"name":"wp","href":"https:\/\/api.w.org\/{rel}","templated":true}]}}