{"id":12167,"date":"2021-07-03T13:38:26","date_gmt":"2021-07-03T11:38:26","guid":{"rendered":"https:\/\/filplast.pl\/produkt\/viva-slide-190-acryl\/"},"modified":"2025-10-21T10:36:08","modified_gmt":"2025-10-21T08:36:08","slug":"viva-slide-83-acryl","status":"publish","type":"product","link":"https:\/\/filplast.pl\/cz\/vyrobek\/viva-slide-83-acryl\/","title":{"rendered":"VivaSlide 83 Acryl"},"content":{"rendered":"<div id=\"modal-ready\"><p>\u0160irok\u00e1 \u0161k\u00e1la barev umo\u017e\u0148uje p\u0159izp\u016fsoben\u00ed syst\u00e9mu VivaSlide 83 Acryl jak\u00e9mukoli architektonick\u00e9mu stylu budovy. Jedine\u010dn\u00fd vzhled konstrukce je zaji\u0161t\u011bn pou\u017eit\u00edm jedine\u010dn\u00e9ho povlaku z akrylov\u00e9ho skla.<\/p>\n<\/div>","protected":false},"excerpt":{"rendered":"<p>Snadn\u00e1 obsluha, vynikaj\u00edc\u00ed tepeln\u00e1 a zvukov\u00e1 izolace, t\u00e9m\u011b\u0159 neviditeln\u00fd pr\u00e1h a mo\u017enost povrchov\u00e9 \u00fapravy technologi\u00ed acrylocolor &#8211; to jsou nejd\u016fle\u017eit\u011bj\u0161\u00ed charakteristick\u00e9 rysy syst\u00e9mu VivaSlide 83 Acryl. <\/p>\n","protected":false},"featured_media":8942,"parent":0,"menu_order":100,"template":"","class_list":["post-12167","product","type-product","status-publish","has-post-thumbnail","hentry","product-category-dvere","product-category-terasove-dvere","product-category-hst-cz-2","product-line-goldenline-cz"],"yoast_head":"<!-- This site is optimized with the Yoast SEO plugin v24.7 - https:\/\/yoast.com\/wordpress\/plugins\/seo\/ -->\n<title>Terasov\u00e9 dve\u0159e VivaSlide 83 Acryl - Filplast po generace<\/title>\n<meta name=\"description\" content=\"\u0160irok\u00e1 \u0161k\u00e1la barev umo\u017e\u0148uje p\u0159izp\u016fsoben\u00ed syst\u00e9mu VivaSlide 83 Acryl jak\u00e9mukoli architektonick\u00e9mu stylu budovy.\" \/>\n<meta name=\"robots\" content=\"index, follow, max-snippet:-1, max-image-preview:large, max-video-preview:-1\" \/>\n<link rel=\"canonical\" href=\"https:\/\/filplast.pl\/cz\/vyrobek\/viva-slide-83-acryl\/\" \/>\n<meta property=\"og:locale\" content=\"cs_CZ\" \/>\n<meta property=\"og:type\" content=\"article\" \/>\n<meta property=\"og:title\" content=\"Terasov\u00e9 dve\u0159e VivaSlide 83 Acryl - Filplast po generace\" \/>\n<meta property=\"og:description\" content=\"\u0160irok\u00e1 \u0161k\u00e1la barev umo\u017e\u0148uje p\u0159izp\u016fsoben\u00ed syst\u00e9mu VivaSlide 83 Acryl jak\u00e9mukoli architektonick\u00e9mu stylu budovy.\" \/>\n<meta property=\"og:url\" content=\"https:\/\/filplast.pl\/cz\/vyrobek\/viva-slide-83-acryl\/\" \/>\n<meta property=\"og:site_name\" content=\"Filplast po generace\" \/>\n<meta property=\"article:publisher\" content=\"https:\/\/www.facebook.com\/filplast.firma\" \/>\n<meta property=\"article:modified_time\" content=\"2025-10-21T08:36:08+00:00\" \/>\n<meta property=\"og:image\" content=\"https:\/\/filplast.pl\/wp-content\/uploads\/2021\/01\/HST-Viva-Slide-190-Acryl.png\" \/>\n\t<meta property=\"og:image:width\" content=\"800\" \/>\n\t<meta property=\"og:image:height\" content=\"800\" \/>\n\t<meta property=\"og:image:type\" content=\"image\/png\" \/>\n<meta name=\"twitter:card\" content=\"summary_large_image\" \/>\n<meta name=\"twitter:label1\" content=\"Odhadovan\u00e1 doba \u010dten\u00ed\" \/>\n\t<meta name=\"twitter:data1\" content=\"1 minuta\" \/>\n<script type=\"application\/ld+json\" class=\"yoast-schema-graph\">{\"@context\":\"https:\/\/schema.org\",\"@graph\":[{\"@type\":\"WebPage\",\"@id\":\"https:\/\/filplast.pl\/cz\/vyrobek\/viva-slide-83-acryl\/\",\"url\":\"https:\/\/filplast.pl\/cz\/vyrobek\/viva-slide-83-acryl\/\",\"name\":\"Terasov\u00e9 dve\u0159e VivaSlide 83 Acryl - Filplast po generace\",\"isPartOf\":{\"@id\":\"https:\/\/filplast.pl\/cz\/#website\"},\"primaryImageOfPage\":{\"@id\":\"https:\/\/filplast.pl\/cz\/vyrobek\/viva-slide-83-acryl\/#primaryimage\"},\"image\":{\"@id\":\"https:\/\/filplast.pl\/cz\/vyrobek\/viva-slide-83-acryl\/#primaryimage\"},\"thumbnailUrl\":\"https:\/\/filplast.pl\/wp-content\/uploads\/2021\/01\/HST-Viva-Slide-190-Acryl.png\",\"datePublished\":\"2021-07-03T11:38:26+00:00\",\"dateModified\":\"2025-10-21T08:36:08+00:00\",\"description\":\"\u0160irok\u00e1 \u0161k\u00e1la barev umo\u017e\u0148uje p\u0159izp\u016fsoben\u00ed syst\u00e9mu VivaSlide 83 Acryl jak\u00e9mukoli architektonick\u00e9mu stylu budovy.\",\"breadcrumb\":{\"@id\":\"https:\/\/filplast.pl\/cz\/vyrobek\/viva-slide-83-acryl\/#breadcrumb\"},\"inLanguage\":\"cs\",\"potentialAction\":[{\"@type\":\"ReadAction\",\"target\":[\"https:\/\/filplast.pl\/cz\/vyrobek\/viva-slide-83-acryl\/\"]}]},{\"@type\":\"ImageObject\",\"inLanguage\":\"cs\",\"@id\":\"https:\/\/filplast.pl\/cz\/vyrobek\/viva-slide-83-acryl\/#primaryimage\",\"url\":\"https:\/\/filplast.pl\/wp-content\/uploads\/2021\/01\/HST-Viva-Slide-190-Acryl.png\",\"contentUrl\":\"https:\/\/filplast.pl\/wp-content\/uploads\/2021\/01\/HST-Viva-Slide-190-Acryl.png\",\"width\":800,\"height\":800,\"caption\":\"HST-Viva-Slide-190-Acryl filplast\"},{\"@type\":\"BreadcrumbList\",\"@id\":\"https:\/\/filplast.pl\/cz\/vyrobek\/viva-slide-83-acryl\/#breadcrumb\",\"itemListElement\":[{\"@type\":\"ListItem\",\"position\":1,\"name\":\"Hlavn\u00ed strana\",\"item\":\"https:\/\/filplast.pl\/cz\/\"},{\"@type\":\"ListItem\",\"position\":2,\"name\":\"Produkty\",\"item\":\"https:\/\/filplast.pl\/cz\/vyrobek\/\"},{\"@type\":\"ListItem\",\"position\":3,\"name\":\"VivaSlide 83 Acryl\"}]},{\"@type\":\"WebSite\",\"@id\":\"https:\/\/filplast.pl\/cz\/#website\",\"url\":\"https:\/\/filplast.pl\/cz\/\",\"name\":\"Filplast po generace\",\"description\":\"Producent okien, drzwi i rolet\",\"publisher\":{\"@id\":\"https:\/\/filplast.pl\/cz\/#organization\"},\"potentialAction\":[{\"@type\":\"SearchAction\",\"target\":{\"@type\":\"EntryPoint\",\"urlTemplate\":\"https:\/\/filplast.pl\/cz\/?s={search_term_string}\"},\"query-input\":{\"@type\":\"PropertyValueSpecification\",\"valueRequired\":true,\"valueName\":\"search_term_string\"}}],\"inLanguage\":\"cs\"},{\"@type\":\"Organization\",\"@id\":\"https:\/\/filplast.pl\/cz\/#organization\",\"name\":\"Filplast po generace\",\"url\":\"https:\/\/filplast.pl\/cz\/\",\"logo\":{\"@type\":\"ImageObject\",\"inLanguage\":\"cs\",\"@id\":\"https:\/\/filplast.pl\/cz\/#\/schema\/logo\/image\/\",\"url\":\"https:\/\/filplast.pl\/wp-content\/uploads\/2023\/10\/favicon-filplast.png\",\"contentUrl\":\"https:\/\/filplast.pl\/wp-content\/uploads\/2023\/10\/favicon-filplast.png\",\"width\":2134,\"height\":2134,\"caption\":\"Filplast po generace\"},\"image\":{\"@id\":\"https:\/\/filplast.pl\/cz\/#\/schema\/logo\/image\/\"},\"sameAs\":[\"https:\/\/www.facebook.com\/filplast.firma\",\"https:\/\/pl.pinterest.com\/filplast\/\",\"https:\/\/www.youtube.com\/FILPLASTchannel\",\"https:\/\/pl.linkedin.com\/company\/filplast-sp.-z-o.o.\",\"https:\/\/www.instagram.com\/filplast\/\"]}]}<\/script>\n<!-- \/ Yoast SEO plugin. -->","yoast_head_json":{"title":"Terasov\u00e9 dve\u0159e VivaSlide 83 Acryl - Filplast po generace","description":"\u0160irok\u00e1 \u0161k\u00e1la barev umo\u017e\u0148uje p\u0159izp\u016fsoben\u00ed syst\u00e9mu VivaSlide 83 Acryl jak\u00e9mukoli architektonick\u00e9mu stylu budovy.","robots":{"index":"index","follow":"follow","max-snippet":"max-snippet:-1","max-image-preview":"max-image-preview:large","max-video-preview":"max-video-preview:-1"},"canonical":"https:\/\/filplast.pl\/cz\/vyrobek\/viva-slide-83-acryl\/","og_locale":"cs_CZ","og_type":"article","og_title":"Terasov\u00e9 dve\u0159e VivaSlide 83 Acryl - Filplast po generace","og_description":"\u0160irok\u00e1 \u0161k\u00e1la barev umo\u017e\u0148uje p\u0159izp\u016fsoben\u00ed syst\u00e9mu VivaSlide 83 Acryl jak\u00e9mukoli architektonick\u00e9mu stylu budovy.","og_url":"https:\/\/filplast.pl\/cz\/vyrobek\/viva-slide-83-acryl\/","og_site_name":"Filplast po generace","article_publisher":"https:\/\/www.facebook.com\/filplast.firma","article_modified_time":"2025-10-21T08:36:08+00:00","og_image":[{"width":800,"height":800,"url":"https:\/\/filplast.pl\/wp-content\/uploads\/2021\/01\/HST-Viva-Slide-190-Acryl.png","type":"image\/png"}],"twitter_card":"summary_large_image","twitter_misc":{"Odhadovan\u00e1 doba \u010dten\u00ed":"1 minuta"},"schema":{"@context":"https:\/\/schema.org","@graph":[{"@type":"WebPage","@id":"https:\/\/filplast.pl\/cz\/vyrobek\/viva-slide-83-acryl\/","url":"https:\/\/filplast.pl\/cz\/vyrobek\/viva-slide-83-acryl\/","name":"Terasov\u00e9 dve\u0159e VivaSlide 83 Acryl - Filplast po generace","isPartOf":{"@id":"https:\/\/filplast.pl\/cz\/#website"},"primaryImageOfPage":{"@id":"https:\/\/filplast.pl\/cz\/vyrobek\/viva-slide-83-acryl\/#primaryimage"},"image":{"@id":"https:\/\/filplast.pl\/cz\/vyrobek\/viva-slide-83-acryl\/#primaryimage"},"thumbnailUrl":"https:\/\/filplast.pl\/wp-content\/uploads\/2021\/01\/HST-Viva-Slide-190-Acryl.png","datePublished":"2021-07-03T11:38:26+00:00","dateModified":"2025-10-21T08:36:08+00:00","description":"\u0160irok\u00e1 \u0161k\u00e1la barev umo\u017e\u0148uje p\u0159izp\u016fsoben\u00ed syst\u00e9mu VivaSlide 83 Acryl jak\u00e9mukoli architektonick\u00e9mu stylu budovy.","breadcrumb":{"@id":"https:\/\/filplast.pl\/cz\/vyrobek\/viva-slide-83-acryl\/#breadcrumb"},"inLanguage":"cs","potentialAction":[{"@type":"ReadAction","target":["https:\/\/filplast.pl\/cz\/vyrobek\/viva-slide-83-acryl\/"]}]},{"@type":"ImageObject","inLanguage":"cs","@id":"https:\/\/filplast.pl\/cz\/vyrobek\/viva-slide-83-acryl\/#primaryimage","url":"https:\/\/filplast.pl\/wp-content\/uploads\/2021\/01\/HST-Viva-Slide-190-Acryl.png","contentUrl":"https:\/\/filplast.pl\/wp-content\/uploads\/2021\/01\/HST-Viva-Slide-190-Acryl.png","width":800,"height":800,"caption":"HST-Viva-Slide-190-Acryl filplast"},{"@type":"BreadcrumbList","@id":"https:\/\/filplast.pl\/cz\/vyrobek\/viva-slide-83-acryl\/#breadcrumb","itemListElement":[{"@type":"ListItem","position":1,"name":"Hlavn\u00ed strana","item":"https:\/\/filplast.pl\/cz\/"},{"@type":"ListItem","position":2,"name":"Produkty","item":"https:\/\/filplast.pl\/cz\/vyrobek\/"},{"@type":"ListItem","position":3,"name":"VivaSlide 83 Acryl"}]},{"@type":"WebSite","@id":"https:\/\/filplast.pl\/cz\/#website","url":"https:\/\/filplast.pl\/cz\/","name":"Filplast po generace","description":"Producent okien, drzwi i rolet","publisher":{"@id":"https:\/\/filplast.pl\/cz\/#organization"},"potentialAction":[{"@type":"SearchAction","target":{"@type":"EntryPoint","urlTemplate":"https:\/\/filplast.pl\/cz\/?s={search_term_string}"},"query-input":{"@type":"PropertyValueSpecification","valueRequired":true,"valueName":"search_term_string"}}],"inLanguage":"cs"},{"@type":"Organization","@id":"https:\/\/filplast.pl\/cz\/#organization","name":"Filplast po generace","url":"https:\/\/filplast.pl\/cz\/","logo":{"@type":"ImageObject","inLanguage":"cs","@id":"https:\/\/filplast.pl\/cz\/#\/schema\/logo\/image\/","url":"https:\/\/filplast.pl\/wp-content\/uploads\/2023\/10\/favicon-filplast.png","contentUrl":"https:\/\/filplast.pl\/wp-content\/uploads\/2023\/10\/favicon-filplast.png","width":2134,"height":2134,"caption":"Filplast po generace"},"image":{"@id":"https:\/\/filplast.pl\/cz\/#\/schema\/logo\/image\/"},"sameAs":["https:\/\/www.facebook.com\/filplast.firma","https:\/\/pl.pinterest.com\/filplast\/","https:\/\/www.youtube.com\/FILPLASTchannel","https:\/\/pl.linkedin.com\/company\/filplast-sp.-z-o.o.","https:\/\/www.instagram.com\/filplast\/"]}]}},"uagb_featured_image_src":{"full":["https:\/\/filplast.pl\/wp-content\/uploads\/2021\/01\/HST-Viva-Slide-190-Acryl.png",800,800,false],"thumbnail":["https:\/\/filplast.pl\/wp-content\/uploads\/2021\/01\/HST-Viva-Slide-190-Acryl-150x150.png",150,150,true],"medium":["https:\/\/filplast.pl\/wp-content\/uploads\/2021\/01\/HST-Viva-Slide-190-Acryl-300x300.png",300,300,true],"medium_large":["https:\/\/filplast.pl\/wp-content\/uploads\/2021\/01\/HST-Viva-Slide-190-Acryl-768x768.png",768,768,true],"large":["https:\/\/filplast.pl\/wp-content\/uploads\/2021\/01\/HST-Viva-Slide-190-Acryl.png",800,800,false],"1536x1536":["https:\/\/filplast.pl\/wp-content\/uploads\/2021\/01\/HST-Viva-Slide-190-Acryl.png",800,800,false],"2048x2048":["https:\/\/filplast.pl\/wp-content\/uploads\/2021\/01\/HST-Viva-Slide-190-Acryl.png",800,800,false],"depcore-widget-post-thumb":["https:\/\/filplast.pl\/wp-content\/uploads\/2021\/01\/HST-Viva-Slide-190-Acryl-65x65.png",65,65,true],"depcore-widget-post-medium":["https:\/\/filplast.pl\/wp-content\/uploads\/2021\/01\/HST-Viva-Slide-190-Acryl-280x150.png",280,150,true],"square":["https:\/\/filplast.pl\/wp-content\/uploads\/2021\/01\/HST-Viva-Slide-190-Acryl-500x500.png",500,500,true],"small-square":["https:\/\/filplast.pl\/wp-content\/uploads\/2021\/01\/HST-Viva-Slide-190-Acryl-250x250.png",250,250,true],"slider-image":["https:\/\/filplast.pl\/wp-content\/uploads\/2021\/01\/HST-Viva-Slide-190-Acryl-800x500.png",800,500,true],"":["https:\/\/filplast.pl\/wp-content\/uploads\/2021\/01\/HST-Viva-Slide-190-Acryl.png",250,250,false]},"uagb_author_info":{"display_name":"Micha\u0142 Mrukot","author_link":"https:\/\/filplast.pl\/cz\/author\/"},"uagb_comment_info":0,"uagb_excerpt":"Snadn\u00e1 obsluha, vynikaj\u00edc\u00ed tepeln\u00e1 a zvukov\u00e1 izolace, t\u00e9m\u011b\u0159 neviditeln\u00fd pr\u00e1h a mo\u017enost povrchov\u00e9 \u00fapravy technologi\u00ed acrylocolor - to jsou nejd\u016fle\u017eit\u011bj\u0161\u00ed charakteristick\u00e9 rysy syst\u00e9mu VivaSlide 83 Acryl.","_links":{"self":[{"href":"https:\/\/filplast.pl\/cz\/wp-json\/wp\/v2\/product\/12167","targetHints":{"allow":["GET"]}}],"collection":[{"href":"https:\/\/filplast.pl\/cz\/wp-json\/wp\/v2\/product"}],"about":[{"href":"https:\/\/filplast.pl\/cz\/wp-json\/wp\/v2\/types\/product"}],"version-history":[{"count":2,"href":"https:\/\/filplast.pl\/cz\/wp-json\/wp\/v2\/product\/12167\/revisions"}],"predecessor-version":[{"id":62222,"href":"https:\/\/filplast.pl\/cz\/wp-json\/wp\/v2\/product\/12167\/revisions\/62222"}],"wp:featuredmedia":[{"embeddable":true,"href":"https:\/\/filplast.pl\/cz\/wp-json\/wp\/v2\/media\/8942"}],"wp:attachment":[{"href":"https:\/\/filplast.pl\/cz\/wp-json\/wp\/v2\/media?parent=12167"}],"curies":[{"name":"wp","href":"https:\/\/api.w.org\/{rel}","templated":true}]}}