{"id":25076,"date":"2022-06-14T11:48:39","date_gmt":"2022-06-14T09:48:39","guid":{"rendered":"https:\/\/filplast.pl\/produkt\/screenove-rolety-ziiip\/"},"modified":"2022-06-20T12:20:56","modified_gmt":"2022-06-20T10:20:56","slug":"screenove-rolety-ziiip","status":"publish","type":"product","link":"https:\/\/filplast.pl\/cz\/vyrobek\/screenove-rolety-ziiip\/","title":{"rendered":"Screenov\u00e9 rolety ZIIIP"},"content":{"rendered":"<div id=\"modal-ready\">\n<p>Venkovn\u00ed textiln\u00ed rolety navr\u017een\u00e9 tak, aby tkanina z\u016fstala v neust\u00e1l\u00e9m napnut\u00e9m stavu bez ohledu na polohu. D\u00edky tomu lze rolety pou\u017e\u00edvat i p\u0159i siln\u00e9m v\u011btru. Rozs\u00e1hl\u00fd syst\u00e9m kompenza\u010dn\u00edch t\u011bsn\u011bn\u00ed umo\u017e\u0148uje zakr\u00fdt sklo i p\u0159i velk\u00fdch nepravidelnostech na fas\u00e1d\u011b budovy.<\/p>\n<\/div>","protected":false},"excerpt":{"rendered":"<p>Venkovn\u00ed textiln\u00ed rolety navr\u017een\u00e9 tak, aby tkanina z\u016fstala v neust\u00e1l\u00e9m napnut\u00e9m stavu bez ohledu na polohu. D\u00edky tomu lze rolety pou\u017e\u00edvat i p\u0159i siln\u00e9m v\u011btru. Rozs\u00e1hl\u00fd syst\u00e9m kompenza\u010dn\u00edch t\u011bsn\u011bn\u00ed umo\u017e\u0148uje zakr\u00fdt sklo i p\u0159i velk\u00fdch [&hellip;]<\/p>\n","protected":false},"featured_media":23954,"parent":0,"menu_order":78,"template":"","class_list":["post-25076","product","type-product","status-publish","has-post-thumbnail","hentry","product-category-markyzy-pergoly-screenove-rolety","product-line-goldenline-cz"],"yoast_head":"<!-- This site is optimized with the Yoast SEO plugin v24.7 - https:\/\/yoast.com\/wordpress\/plugins\/seo\/ -->\n<title>Screenov\u00e9 rolety ZIIIP Filplast - Na pokolenia<\/title>\n<meta name=\"robots\" content=\"index, follow, max-snippet:-1, max-image-preview:large, max-video-preview:-1\" \/>\n<link rel=\"canonical\" href=\"https:\/\/filplast.pl\/cz\/vyrobek\/screenove-rolety-ziiip\/\" \/>\n<meta property=\"og:locale\" content=\"cs_CZ\" \/>\n<meta property=\"og:type\" content=\"article\" \/>\n<meta property=\"og:title\" content=\"Screenov\u00e9 rolety ZIIIP Filplast - Na pokolenia\" \/>\n<meta property=\"og:description\" content=\"Venkovn\u00ed textiln\u00ed rolety navr\u017een\u00e9 tak, aby tkanina z\u016fstala v neust\u00e1l\u00e9m napnut\u00e9m stavu bez ohledu na polohu. D\u00edky tomu lze rolety pou\u017e\u00edvat i p\u0159i siln\u00e9m v\u011btru. Rozs\u00e1hl\u00fd syst\u00e9m kompenza\u010dn\u00edch t\u011bsn\u011bn\u00ed umo\u017e\u0148uje zakr\u00fdt sklo i p\u0159i velk\u00fdch [&hellip;]\" \/>\n<meta property=\"og:url\" content=\"https:\/\/filplast.pl\/cz\/vyrobek\/screenove-rolety-ziiip\/\" \/>\n<meta property=\"og:site_name\" content=\"Filplast po generace\" \/>\n<meta property=\"article:publisher\" content=\"https:\/\/www.facebook.com\/filplast.firma\" \/>\n<meta property=\"article:modified_time\" content=\"2022-06-20T10:20:56+00:00\" \/>\n<meta property=\"og:image\" content=\"https:\/\/filplast.pl\/wp-content\/uploads\/2022\/05\/screen-ZIIIP.png\" \/>\n\t<meta property=\"og:image:width\" content=\"500\" \/>\n\t<meta property=\"og:image:height\" content=\"500\" \/>\n\t<meta property=\"og:image:type\" content=\"image\/png\" \/>\n<meta name=\"twitter:card\" content=\"summary_large_image\" \/>\n<script type=\"application\/ld+json\" class=\"yoast-schema-graph\">{\"@context\":\"https:\/\/schema.org\",\"@graph\":[{\"@type\":\"WebPage\",\"@id\":\"https:\/\/filplast.pl\/cz\/vyrobek\/screenove-rolety-ziiip\/\",\"url\":\"https:\/\/filplast.pl\/cz\/vyrobek\/screenove-rolety-ziiip\/\",\"name\":\"Screenov\u00e9 rolety ZIIIP Filplast - Na pokolenia\",\"isPartOf\":{\"@id\":\"https:\/\/filplast.pl\/cz\/#website\"},\"primaryImageOfPage\":{\"@id\":\"https:\/\/filplast.pl\/cz\/vyrobek\/screenove-rolety-ziiip\/#primaryimage\"},\"image\":{\"@id\":\"https:\/\/filplast.pl\/cz\/vyrobek\/screenove-rolety-ziiip\/#primaryimage\"},\"thumbnailUrl\":\"https:\/\/filplast.pl\/wp-content\/uploads\/2022\/05\/screen-ZIIIP.png\",\"datePublished\":\"2022-06-14T09:48:39+00:00\",\"dateModified\":\"2022-06-20T10:20:56+00:00\",\"breadcrumb\":{\"@id\":\"https:\/\/filplast.pl\/cz\/vyrobek\/screenove-rolety-ziiip\/#breadcrumb\"},\"inLanguage\":\"cs\",\"potentialAction\":[{\"@type\":\"ReadAction\",\"target\":[\"https:\/\/filplast.pl\/cz\/vyrobek\/screenove-rolety-ziiip\/\"]}]},{\"@type\":\"ImageObject\",\"inLanguage\":\"cs\",\"@id\":\"https:\/\/filplast.pl\/cz\/vyrobek\/screenove-rolety-ziiip\/#primaryimage\",\"url\":\"https:\/\/filplast.pl\/wp-content\/uploads\/2022\/05\/screen-ZIIIP.png\",\"contentUrl\":\"https:\/\/filplast.pl\/wp-content\/uploads\/2022\/05\/screen-ZIIIP.png\",\"width\":500,\"height\":500},{\"@type\":\"BreadcrumbList\",\"@id\":\"https:\/\/filplast.pl\/cz\/vyrobek\/screenove-rolety-ziiip\/#breadcrumb\",\"itemListElement\":[{\"@type\":\"ListItem\",\"position\":1,\"name\":\"Hlavn\u00ed strana\",\"item\":\"https:\/\/filplast.pl\/cz\/\"},{\"@type\":\"ListItem\",\"position\":2,\"name\":\"Produkty\",\"item\":\"https:\/\/filplast.pl\/cz\/vyrobek\/\"},{\"@type\":\"ListItem\",\"position\":3,\"name\":\"Screenov\u00e9 rolety ZIIIP\"}]},{\"@type\":\"WebSite\",\"@id\":\"https:\/\/filplast.pl\/cz\/#website\",\"url\":\"https:\/\/filplast.pl\/cz\/\",\"name\":\"Filplast po generace\",\"description\":\"Producent okien, drzwi i rolet\",\"publisher\":{\"@id\":\"https:\/\/filplast.pl\/cz\/#organization\"},\"potentialAction\":[{\"@type\":\"SearchAction\",\"target\":{\"@type\":\"EntryPoint\",\"urlTemplate\":\"https:\/\/filplast.pl\/cz\/?s={search_term_string}\"},\"query-input\":{\"@type\":\"PropertyValueSpecification\",\"valueRequired\":true,\"valueName\":\"search_term_string\"}}],\"inLanguage\":\"cs\"},{\"@type\":\"Organization\",\"@id\":\"https:\/\/filplast.pl\/cz\/#organization\",\"name\":\"Filplast po generace\",\"url\":\"https:\/\/filplast.pl\/cz\/\",\"logo\":{\"@type\":\"ImageObject\",\"inLanguage\":\"cs\",\"@id\":\"https:\/\/filplast.pl\/cz\/#\/schema\/logo\/image\/\",\"url\":\"https:\/\/filplast.pl\/wp-content\/uploads\/2023\/10\/favicon-filplast.png\",\"contentUrl\":\"https:\/\/filplast.pl\/wp-content\/uploads\/2023\/10\/favicon-filplast.png\",\"width\":2134,\"height\":2134,\"caption\":\"Filplast po generace\"},\"image\":{\"@id\":\"https:\/\/filplast.pl\/cz\/#\/schema\/logo\/image\/\"},\"sameAs\":[\"https:\/\/www.facebook.com\/filplast.firma\",\"https:\/\/pl.pinterest.com\/filplast\/\",\"https:\/\/www.youtube.com\/FILPLASTchannel\",\"https:\/\/pl.linkedin.com\/company\/filplast-sp.-z-o.o.\",\"https:\/\/www.instagram.com\/filplast\/\"]}]}<\/script>\n<!-- \/ Yoast SEO plugin. -->","yoast_head_json":{"title":"Screenov\u00e9 rolety ZIIIP Filplast - Na pokolenia","robots":{"index":"index","follow":"follow","max-snippet":"max-snippet:-1","max-image-preview":"max-image-preview:large","max-video-preview":"max-video-preview:-1"},"canonical":"https:\/\/filplast.pl\/cz\/vyrobek\/screenove-rolety-ziiip\/","og_locale":"cs_CZ","og_type":"article","og_title":"Screenov\u00e9 rolety ZIIIP Filplast - Na pokolenia","og_description":"Venkovn\u00ed textiln\u00ed rolety navr\u017een\u00e9 tak, aby tkanina z\u016fstala v neust\u00e1l\u00e9m napnut\u00e9m stavu bez ohledu na polohu. D\u00edky tomu lze rolety pou\u017e\u00edvat i p\u0159i siln\u00e9m v\u011btru. Rozs\u00e1hl\u00fd syst\u00e9m kompenza\u010dn\u00edch t\u011bsn\u011bn\u00ed umo\u017e\u0148uje zakr\u00fdt sklo i p\u0159i velk\u00fdch [&hellip;]","og_url":"https:\/\/filplast.pl\/cz\/vyrobek\/screenove-rolety-ziiip\/","og_site_name":"Filplast po generace","article_publisher":"https:\/\/www.facebook.com\/filplast.firma","article_modified_time":"2022-06-20T10:20:56+00:00","og_image":[{"width":500,"height":500,"url":"https:\/\/filplast.pl\/wp-content\/uploads\/2022\/05\/screen-ZIIIP.png","type":"image\/png"}],"twitter_card":"summary_large_image","schema":{"@context":"https:\/\/schema.org","@graph":[{"@type":"WebPage","@id":"https:\/\/filplast.pl\/cz\/vyrobek\/screenove-rolety-ziiip\/","url":"https:\/\/filplast.pl\/cz\/vyrobek\/screenove-rolety-ziiip\/","name":"Screenov\u00e9 rolety ZIIIP Filplast - Na pokolenia","isPartOf":{"@id":"https:\/\/filplast.pl\/cz\/#website"},"primaryImageOfPage":{"@id":"https:\/\/filplast.pl\/cz\/vyrobek\/screenove-rolety-ziiip\/#primaryimage"},"image":{"@id":"https:\/\/filplast.pl\/cz\/vyrobek\/screenove-rolety-ziiip\/#primaryimage"},"thumbnailUrl":"https:\/\/filplast.pl\/wp-content\/uploads\/2022\/05\/screen-ZIIIP.png","datePublished":"2022-06-14T09:48:39+00:00","dateModified":"2022-06-20T10:20:56+00:00","breadcrumb":{"@id":"https:\/\/filplast.pl\/cz\/vyrobek\/screenove-rolety-ziiip\/#breadcrumb"},"inLanguage":"cs","potentialAction":[{"@type":"ReadAction","target":["https:\/\/filplast.pl\/cz\/vyrobek\/screenove-rolety-ziiip\/"]}]},{"@type":"ImageObject","inLanguage":"cs","@id":"https:\/\/filplast.pl\/cz\/vyrobek\/screenove-rolety-ziiip\/#primaryimage","url":"https:\/\/filplast.pl\/wp-content\/uploads\/2022\/05\/screen-ZIIIP.png","contentUrl":"https:\/\/filplast.pl\/wp-content\/uploads\/2022\/05\/screen-ZIIIP.png","width":500,"height":500},{"@type":"BreadcrumbList","@id":"https:\/\/filplast.pl\/cz\/vyrobek\/screenove-rolety-ziiip\/#breadcrumb","itemListElement":[{"@type":"ListItem","position":1,"name":"Hlavn\u00ed strana","item":"https:\/\/filplast.pl\/cz\/"},{"@type":"ListItem","position":2,"name":"Produkty","item":"https:\/\/filplast.pl\/cz\/vyrobek\/"},{"@type":"ListItem","position":3,"name":"Screenov\u00e9 rolety ZIIIP"}]},{"@type":"WebSite","@id":"https:\/\/filplast.pl\/cz\/#website","url":"https:\/\/filplast.pl\/cz\/","name":"Filplast po generace","description":"Producent okien, drzwi i rolet","publisher":{"@id":"https:\/\/filplast.pl\/cz\/#organization"},"potentialAction":[{"@type":"SearchAction","target":{"@type":"EntryPoint","urlTemplate":"https:\/\/filplast.pl\/cz\/?s={search_term_string}"},"query-input":{"@type":"PropertyValueSpecification","valueRequired":true,"valueName":"search_term_string"}}],"inLanguage":"cs"},{"@type":"Organization","@id":"https:\/\/filplast.pl\/cz\/#organization","name":"Filplast po generace","url":"https:\/\/filplast.pl\/cz\/","logo":{"@type":"ImageObject","inLanguage":"cs","@id":"https:\/\/filplast.pl\/cz\/#\/schema\/logo\/image\/","url":"https:\/\/filplast.pl\/wp-content\/uploads\/2023\/10\/favicon-filplast.png","contentUrl":"https:\/\/filplast.pl\/wp-content\/uploads\/2023\/10\/favicon-filplast.png","width":2134,"height":2134,"caption":"Filplast po generace"},"image":{"@id":"https:\/\/filplast.pl\/cz\/#\/schema\/logo\/image\/"},"sameAs":["https:\/\/www.facebook.com\/filplast.firma","https:\/\/pl.pinterest.com\/filplast\/","https:\/\/www.youtube.com\/FILPLASTchannel","https:\/\/pl.linkedin.com\/company\/filplast-sp.-z-o.o.","https:\/\/www.instagram.com\/filplast\/"]}]}},"uagb_featured_image_src":{"full":["https:\/\/filplast.pl\/wp-content\/uploads\/2022\/05\/screen-ZIIIP.png",500,500,false],"thumbnail":["https:\/\/filplast.pl\/wp-content\/uploads\/2022\/05\/screen-ZIIIP-150x150.png",150,150,true],"medium":["https:\/\/filplast.pl\/wp-content\/uploads\/2022\/05\/screen-ZIIIP-300x300.png",300,300,true],"medium_large":["https:\/\/filplast.pl\/wp-content\/uploads\/2022\/05\/screen-ZIIIP.png",500,500,false],"large":["https:\/\/filplast.pl\/wp-content\/uploads\/2022\/05\/screen-ZIIIP.png",500,500,false],"1536x1536":["https:\/\/filplast.pl\/wp-content\/uploads\/2022\/05\/screen-ZIIIP.png",500,500,false],"2048x2048":["https:\/\/filplast.pl\/wp-content\/uploads\/2022\/05\/screen-ZIIIP.png",500,500,false],"depcore-widget-post-thumb":["https:\/\/filplast.pl\/wp-content\/uploads\/2022\/05\/screen-ZIIIP-65x65.png",65,65,true],"depcore-widget-post-medium":["https:\/\/filplast.pl\/wp-content\/uploads\/2022\/05\/screen-ZIIIP-280x150.png",280,150,true],"square":["https:\/\/filplast.pl\/wp-content\/uploads\/2022\/05\/screen-ZIIIP.png",500,500,false],"small-square":["https:\/\/filplast.pl\/wp-content\/uploads\/2022\/05\/screen-ZIIIP-250x250.png",250,250,true],"slider-image":["https:\/\/filplast.pl\/wp-content\/uploads\/2022\/05\/screen-ZIIIP.png",500,500,false],"":["https:\/\/filplast.pl\/wp-content\/uploads\/2022\/05\/screen-ZIIIP.png",250,250,false]},"uagb_author_info":{"display_name":"Agnieszka Losor","author_link":"https:\/\/filplast.pl\/cz\/author\/"},"uagb_comment_info":0,"uagb_excerpt":"Venkovn\u00ed textiln\u00ed rolety navr\u017een\u00e9 tak, aby tkanina z\u016fstala v neust\u00e1l\u00e9m napnut\u00e9m stavu bez ohledu na polohu. D\u00edky tomu lze rolety pou\u017e\u00edvat i p\u0159i siln\u00e9m v\u011btru. Rozs\u00e1hl\u00fd syst\u00e9m kompenza\u010dn\u00edch t\u011bsn\u011bn\u00ed umo\u017e\u0148uje zakr\u00fdt sklo i p\u0159i velk\u00fdch [&hellip;]","_links":{"self":[{"href":"https:\/\/filplast.pl\/cz\/wp-json\/wp\/v2\/product\/25076","targetHints":{"allow":["GET"]}}],"collection":[{"href":"https:\/\/filplast.pl\/cz\/wp-json\/wp\/v2\/product"}],"about":[{"href":"https:\/\/filplast.pl\/cz\/wp-json\/wp\/v2\/types\/product"}],"version-history":[{"count":1,"href":"https:\/\/filplast.pl\/cz\/wp-json\/wp\/v2\/product\/25076\/revisions"}],"predecessor-version":[{"id":25077,"href":"https:\/\/filplast.pl\/cz\/wp-json\/wp\/v2\/product\/25076\/revisions\/25077"}],"wp:featuredmedia":[{"embeddable":true,"href":"https:\/\/filplast.pl\/cz\/wp-json\/wp\/v2\/media\/23954"}],"wp:attachment":[{"href":"https:\/\/filplast.pl\/cz\/wp-json\/wp\/v2\/media?parent=25076"}],"curies":[{"name":"wp","href":"https:\/\/api.w.org\/{rel}","templated":true}]}}