{"id":38966,"date":"2023-07-10T10:15:06","date_gmt":"2023-07-10T08:15:06","guid":{"rendered":"https:\/\/filplast.pl\/produkt\/tahoma-switch\/"},"modified":"2023-07-10T10:15:09","modified_gmt":"2023-07-10T08:15:09","slug":"tahoma-switch","status":"publish","type":"product","link":"https:\/\/filplast.pl\/cz\/vyrobek\/tahoma-switch\/","title":{"rendered":"TaHoma switch"},"content":{"rendered":"<div id=\"modal-ready\">\n<p style=\"font-size:14px\"><strong>Ovlada\u010de, senzory a vybaven\u00ed Smart Home.<\/strong><\/p>\n\n<p>Smartphone, hlasov\u00fd asistent, n\u00e1st\u011bnn\u00fd p\u0159ep\u00edna\u010d, pilot \u2013 v\u0161e proto, aby ovl\u00e1d\u00e1n\u00ed domu bylo je\u0161t\u011b jednodu\u0161\u0161\u00ed a intuitivn\u011bj\u0161\u00ed.<br\/><\/p>\n\n<p>Aplikace TaHoma\u00ae V\u00e1m d\u00e1v\u00e1 mo\u017enost ovl\u00e1dat v\u0161echna za\u0159\u00edzen\u00ed z domova nebo na d\u00e1lku jedn\u00edm kliknut\u00edm na Va\u0161em smarthphonu a dokonce i hlasem.<br\/><\/p>\n\n<p>Po p\u0159ipojen\u00ed rolet, \u017ealuzi\u00ed, screenu, mark\u00fdzy nebo pergoly na teplotn\u00ed, slune\u010dn\u00ed, de\u0161\u0165ov\u00fd nebo v\u011btrn\u00fd senzor se za\u0159\u00edzen\u00ed automaticky slo\u017e\u00ed, zav\u0159e nebo otev\u0159e.<\/p>\n<\/div>","protected":false},"excerpt":{"rendered":"<p>Centr\u00e1la TaHoma\u00ae switch. Srdce \u0159\u00edd\u00edc\u00edho syst\u00e9mu. TaHoma switch je inteligentn\u00ed \u0159\u00edd\u00edc\u00ed centr\u00e1la, kter\u00e1 umo\u017e\u0148uje propojit dom\u00e1c\u00ed spot\u0159ebi\u010de funguj\u00edc\u00ed v technologi\u00edch io-homecontrol, RTS a Zigbee 3.0. Kompatibiln\u00ed s Google Assistant, Amazon Alexa a Apple HomeKit.<\/p>\n","protected":false},"featured_media":38916,"parent":0,"menu_order":43,"template":"","class_list":["post-38966","product","type-product","status-publish","has-post-thumbnail","hentry","product-category-smart-home-cz","product-line-platinumline-cz"],"yoast_head":"<!-- This site is optimized with the Yoast SEO plugin v24.7 - https:\/\/yoast.com\/wordpress\/plugins\/seo\/ -->\n<title>TaHoma switch Filplast - Na pokolenia<\/title>\n<meta name=\"robots\" content=\"index, follow, max-snippet:-1, max-image-preview:large, max-video-preview:-1\" \/>\n<link rel=\"canonical\" href=\"https:\/\/filplast.pl\/cz\/vyrobek\/tahoma-switch\/\" \/>\n<meta property=\"og:locale\" content=\"cs_CZ\" \/>\n<meta property=\"og:type\" content=\"article\" \/>\n<meta property=\"og:title\" content=\"TaHoma switch Filplast - Na pokolenia\" \/>\n<meta property=\"og:description\" content=\"Centr\u00e1la TaHoma\u00ae switch. Srdce \u0159\u00edd\u00edc\u00edho syst\u00e9mu. TaHoma switch je inteligentn\u00ed \u0159\u00edd\u00edc\u00ed centr\u00e1la, kter\u00e1 umo\u017e\u0148uje propojit dom\u00e1c\u00ed spot\u0159ebi\u010de funguj\u00edc\u00ed v technologi\u00edch io-homecontrol, RTS a Zigbee 3.0. Kompatibiln\u00ed s Google Assistant, Amazon Alexa a Apple HomeKit.\" \/>\n<meta property=\"og:url\" content=\"https:\/\/filplast.pl\/cz\/vyrobek\/tahoma-switch\/\" \/>\n<meta property=\"og:site_name\" content=\"Filplast po generace\" \/>\n<meta property=\"article:publisher\" content=\"https:\/\/www.facebook.com\/filplast.firma\" \/>\n<meta property=\"article:modified_time\" content=\"2023-07-10T08:15:09+00:00\" \/>\n<meta property=\"og:image\" content=\"https:\/\/filplast.pl\/wp-content\/uploads\/2023\/07\/Shoot-TaHoma-switch_Jelena-Stajic_2020_22.png\" \/>\n\t<meta property=\"og:image:width\" content=\"590\" \/>\n\t<meta property=\"og:image:height\" content=\"540\" \/>\n\t<meta property=\"og:image:type\" content=\"image\/png\" \/>\n<meta name=\"twitter:card\" content=\"summary_large_image\" \/>\n<script type=\"application\/ld+json\" class=\"yoast-schema-graph\">{\"@context\":\"https:\/\/schema.org\",\"@graph\":[{\"@type\":\"WebPage\",\"@id\":\"https:\/\/filplast.pl\/cz\/vyrobek\/tahoma-switch\/\",\"url\":\"https:\/\/filplast.pl\/cz\/vyrobek\/tahoma-switch\/\",\"name\":\"TaHoma switch Filplast - Na pokolenia\",\"isPartOf\":{\"@id\":\"https:\/\/filplast.pl\/cz\/#website\"},\"primaryImageOfPage\":{\"@id\":\"https:\/\/filplast.pl\/cz\/vyrobek\/tahoma-switch\/#primaryimage\"},\"image\":{\"@id\":\"https:\/\/filplast.pl\/cz\/vyrobek\/tahoma-switch\/#primaryimage\"},\"thumbnailUrl\":\"https:\/\/filplast.pl\/wp-content\/uploads\/2023\/07\/Shoot-TaHoma-switch_Jelena-Stajic_2020_22.png\",\"datePublished\":\"2023-07-10T08:15:06+00:00\",\"dateModified\":\"2023-07-10T08:15:09+00:00\",\"breadcrumb\":{\"@id\":\"https:\/\/filplast.pl\/cz\/vyrobek\/tahoma-switch\/#breadcrumb\"},\"inLanguage\":\"cs\",\"potentialAction\":[{\"@type\":\"ReadAction\",\"target\":[\"https:\/\/filplast.pl\/cz\/vyrobek\/tahoma-switch\/\"]}]},{\"@type\":\"ImageObject\",\"inLanguage\":\"cs\",\"@id\":\"https:\/\/filplast.pl\/cz\/vyrobek\/tahoma-switch\/#primaryimage\",\"url\":\"https:\/\/filplast.pl\/wp-content\/uploads\/2023\/07\/Shoot-TaHoma-switch_Jelena-Stajic_2020_22.png\",\"contentUrl\":\"https:\/\/filplast.pl\/wp-content\/uploads\/2023\/07\/Shoot-TaHoma-switch_Jelena-Stajic_2020_22.png\",\"width\":590,\"height\":540,\"caption\":\"TaHoma switch_\"},{\"@type\":\"BreadcrumbList\",\"@id\":\"https:\/\/filplast.pl\/cz\/vyrobek\/tahoma-switch\/#breadcrumb\",\"itemListElement\":[{\"@type\":\"ListItem\",\"position\":1,\"name\":\"Hlavn\u00ed strana\",\"item\":\"https:\/\/filplast.pl\/cz\/\"},{\"@type\":\"ListItem\",\"position\":2,\"name\":\"Produkty\",\"item\":\"https:\/\/filplast.pl\/cz\/vyrobek\/\"},{\"@type\":\"ListItem\",\"position\":3,\"name\":\"TaHoma switch\"}]},{\"@type\":\"WebSite\",\"@id\":\"https:\/\/filplast.pl\/cz\/#website\",\"url\":\"https:\/\/filplast.pl\/cz\/\",\"name\":\"Filplast po generace\",\"description\":\"Producent okien, drzwi i rolet\",\"publisher\":{\"@id\":\"https:\/\/filplast.pl\/cz\/#organization\"},\"potentialAction\":[{\"@type\":\"SearchAction\",\"target\":{\"@type\":\"EntryPoint\",\"urlTemplate\":\"https:\/\/filplast.pl\/cz\/?s={search_term_string}\"},\"query-input\":{\"@type\":\"PropertyValueSpecification\",\"valueRequired\":true,\"valueName\":\"search_term_string\"}}],\"inLanguage\":\"cs\"},{\"@type\":\"Organization\",\"@id\":\"https:\/\/filplast.pl\/cz\/#organization\",\"name\":\"Filplast po generace\",\"url\":\"https:\/\/filplast.pl\/cz\/\",\"logo\":{\"@type\":\"ImageObject\",\"inLanguage\":\"cs\",\"@id\":\"https:\/\/filplast.pl\/cz\/#\/schema\/logo\/image\/\",\"url\":\"https:\/\/filplast.pl\/wp-content\/uploads\/2023\/10\/favicon-filplast.png\",\"contentUrl\":\"https:\/\/filplast.pl\/wp-content\/uploads\/2023\/10\/favicon-filplast.png\",\"width\":2134,\"height\":2134,\"caption\":\"Filplast po generace\"},\"image\":{\"@id\":\"https:\/\/filplast.pl\/cz\/#\/schema\/logo\/image\/\"},\"sameAs\":[\"https:\/\/www.facebook.com\/filplast.firma\",\"https:\/\/pl.pinterest.com\/filplast\/\",\"https:\/\/www.youtube.com\/FILPLASTchannel\",\"https:\/\/pl.linkedin.com\/company\/filplast-sp.-z-o.o.\",\"https:\/\/www.instagram.com\/filplast\/\"]}]}<\/script>\n<!-- \/ Yoast SEO plugin. -->","yoast_head_json":{"title":"TaHoma switch Filplast - Na pokolenia","robots":{"index":"index","follow":"follow","max-snippet":"max-snippet:-1","max-image-preview":"max-image-preview:large","max-video-preview":"max-video-preview:-1"},"canonical":"https:\/\/filplast.pl\/cz\/vyrobek\/tahoma-switch\/","og_locale":"cs_CZ","og_type":"article","og_title":"TaHoma switch Filplast - Na pokolenia","og_description":"Centr\u00e1la TaHoma\u00ae switch. Srdce \u0159\u00edd\u00edc\u00edho syst\u00e9mu. TaHoma switch je inteligentn\u00ed \u0159\u00edd\u00edc\u00ed centr\u00e1la, kter\u00e1 umo\u017e\u0148uje propojit dom\u00e1c\u00ed spot\u0159ebi\u010de funguj\u00edc\u00ed v technologi\u00edch io-homecontrol, RTS a Zigbee 3.0. Kompatibiln\u00ed s Google Assistant, Amazon Alexa a Apple HomeKit.","og_url":"https:\/\/filplast.pl\/cz\/vyrobek\/tahoma-switch\/","og_site_name":"Filplast po generace","article_publisher":"https:\/\/www.facebook.com\/filplast.firma","article_modified_time":"2023-07-10T08:15:09+00:00","og_image":[{"width":590,"height":540,"url":"https:\/\/filplast.pl\/wp-content\/uploads\/2023\/07\/Shoot-TaHoma-switch_Jelena-Stajic_2020_22.png","type":"image\/png"}],"twitter_card":"summary_large_image","schema":{"@context":"https:\/\/schema.org","@graph":[{"@type":"WebPage","@id":"https:\/\/filplast.pl\/cz\/vyrobek\/tahoma-switch\/","url":"https:\/\/filplast.pl\/cz\/vyrobek\/tahoma-switch\/","name":"TaHoma switch Filplast - Na pokolenia","isPartOf":{"@id":"https:\/\/filplast.pl\/cz\/#website"},"primaryImageOfPage":{"@id":"https:\/\/filplast.pl\/cz\/vyrobek\/tahoma-switch\/#primaryimage"},"image":{"@id":"https:\/\/filplast.pl\/cz\/vyrobek\/tahoma-switch\/#primaryimage"},"thumbnailUrl":"https:\/\/filplast.pl\/wp-content\/uploads\/2023\/07\/Shoot-TaHoma-switch_Jelena-Stajic_2020_22.png","datePublished":"2023-07-10T08:15:06+00:00","dateModified":"2023-07-10T08:15:09+00:00","breadcrumb":{"@id":"https:\/\/filplast.pl\/cz\/vyrobek\/tahoma-switch\/#breadcrumb"},"inLanguage":"cs","potentialAction":[{"@type":"ReadAction","target":["https:\/\/filplast.pl\/cz\/vyrobek\/tahoma-switch\/"]}]},{"@type":"ImageObject","inLanguage":"cs","@id":"https:\/\/filplast.pl\/cz\/vyrobek\/tahoma-switch\/#primaryimage","url":"https:\/\/filplast.pl\/wp-content\/uploads\/2023\/07\/Shoot-TaHoma-switch_Jelena-Stajic_2020_22.png","contentUrl":"https:\/\/filplast.pl\/wp-content\/uploads\/2023\/07\/Shoot-TaHoma-switch_Jelena-Stajic_2020_22.png","width":590,"height":540,"caption":"TaHoma switch_"},{"@type":"BreadcrumbList","@id":"https:\/\/filplast.pl\/cz\/vyrobek\/tahoma-switch\/#breadcrumb","itemListElement":[{"@type":"ListItem","position":1,"name":"Hlavn\u00ed strana","item":"https:\/\/filplast.pl\/cz\/"},{"@type":"ListItem","position":2,"name":"Produkty","item":"https:\/\/filplast.pl\/cz\/vyrobek\/"},{"@type":"ListItem","position":3,"name":"TaHoma switch"}]},{"@type":"WebSite","@id":"https:\/\/filplast.pl\/cz\/#website","url":"https:\/\/filplast.pl\/cz\/","name":"Filplast po generace","description":"Producent okien, drzwi i rolet","publisher":{"@id":"https:\/\/filplast.pl\/cz\/#organization"},"potentialAction":[{"@type":"SearchAction","target":{"@type":"EntryPoint","urlTemplate":"https:\/\/filplast.pl\/cz\/?s={search_term_string}"},"query-input":{"@type":"PropertyValueSpecification","valueRequired":true,"valueName":"search_term_string"}}],"inLanguage":"cs"},{"@type":"Organization","@id":"https:\/\/filplast.pl\/cz\/#organization","name":"Filplast po generace","url":"https:\/\/filplast.pl\/cz\/","logo":{"@type":"ImageObject","inLanguage":"cs","@id":"https:\/\/filplast.pl\/cz\/#\/schema\/logo\/image\/","url":"https:\/\/filplast.pl\/wp-content\/uploads\/2023\/10\/favicon-filplast.png","contentUrl":"https:\/\/filplast.pl\/wp-content\/uploads\/2023\/10\/favicon-filplast.png","width":2134,"height":2134,"caption":"Filplast po generace"},"image":{"@id":"https:\/\/filplast.pl\/cz\/#\/schema\/logo\/image\/"},"sameAs":["https:\/\/www.facebook.com\/filplast.firma","https:\/\/pl.pinterest.com\/filplast\/","https:\/\/www.youtube.com\/FILPLASTchannel","https:\/\/pl.linkedin.com\/company\/filplast-sp.-z-o.o.","https:\/\/www.instagram.com\/filplast\/"]}]}},"uagb_featured_image_src":{"full":["https:\/\/filplast.pl\/wp-content\/uploads\/2023\/07\/Shoot-TaHoma-switch_Jelena-Stajic_2020_22.png",590,540,false],"thumbnail":["https:\/\/filplast.pl\/wp-content\/uploads\/2023\/07\/Shoot-TaHoma-switch_Jelena-Stajic_2020_22-150x150.png",150,150,true],"medium":["https:\/\/filplast.pl\/wp-content\/uploads\/2023\/07\/Shoot-TaHoma-switch_Jelena-Stajic_2020_22-300x275.png",300,275,true],"medium_large":["https:\/\/filplast.pl\/wp-content\/uploads\/2023\/07\/Shoot-TaHoma-switch_Jelena-Stajic_2020_22.png",590,540,false],"large":["https:\/\/filplast.pl\/wp-content\/uploads\/2023\/07\/Shoot-TaHoma-switch_Jelena-Stajic_2020_22.png",590,540,false],"1536x1536":["https:\/\/filplast.pl\/wp-content\/uploads\/2023\/07\/Shoot-TaHoma-switch_Jelena-Stajic_2020_22.png",590,540,false],"2048x2048":["https:\/\/filplast.pl\/wp-content\/uploads\/2023\/07\/Shoot-TaHoma-switch_Jelena-Stajic_2020_22.png",590,540,false],"depcore-widget-post-thumb":["https:\/\/filplast.pl\/wp-content\/uploads\/2023\/07\/Shoot-TaHoma-switch_Jelena-Stajic_2020_22-65x65.png",65,65,true],"depcore-widget-post-medium":["https:\/\/filplast.pl\/wp-content\/uploads\/2023\/07\/Shoot-TaHoma-switch_Jelena-Stajic_2020_22-280x150.png",280,150,true],"square":["https:\/\/filplast.pl\/wp-content\/uploads\/2023\/07\/Shoot-TaHoma-switch_Jelena-Stajic_2020_22-500x500.png",500,500,true],"small-square":["https:\/\/filplast.pl\/wp-content\/uploads\/2023\/07\/Shoot-TaHoma-switch_Jelena-Stajic_2020_22-250x250.png",250,250,true],"slider-image":["https:\/\/filplast.pl\/wp-content\/uploads\/2023\/07\/Shoot-TaHoma-switch_Jelena-Stajic_2020_22-590x500.png",590,500,true],"":["https:\/\/filplast.pl\/wp-content\/uploads\/2023\/07\/Shoot-TaHoma-switch_Jelena-Stajic_2020_22.png",273,250,false]},"uagb_author_info":{"display_name":"Agnieszka Losor","author_link":"https:\/\/filplast.pl\/cz\/author\/"},"uagb_comment_info":0,"uagb_excerpt":"Centr\u00e1la TaHoma\u00ae switch. Srdce \u0159\u00edd\u00edc\u00edho syst\u00e9mu. TaHoma switch je inteligentn\u00ed \u0159\u00edd\u00edc\u00ed centr\u00e1la, kter\u00e1 umo\u017e\u0148uje propojit dom\u00e1c\u00ed spot\u0159ebi\u010de funguj\u00edc\u00ed v technologi\u00edch io-homecontrol, RTS a Zigbee 3.0. Kompatibiln\u00ed s Google Assistant, Amazon Alexa a Apple HomeKit.","_links":{"self":[{"href":"https:\/\/filplast.pl\/cz\/wp-json\/wp\/v2\/product\/38966","targetHints":{"allow":["GET"]}}],"collection":[{"href":"https:\/\/filplast.pl\/cz\/wp-json\/wp\/v2\/product"}],"about":[{"href":"https:\/\/filplast.pl\/cz\/wp-json\/wp\/v2\/types\/product"}],"version-history":[{"count":1,"href":"https:\/\/filplast.pl\/cz\/wp-json\/wp\/v2\/product\/38966\/revisions"}],"predecessor-version":[{"id":38967,"href":"https:\/\/filplast.pl\/cz\/wp-json\/wp\/v2\/product\/38966\/revisions\/38967"}],"wp:featuredmedia":[{"embeddable":true,"href":"https:\/\/filplast.pl\/cz\/wp-json\/wp\/v2\/media\/38916"}],"wp:attachment":[{"href":"https:\/\/filplast.pl\/cz\/wp-json\/wp\/v2\/media?parent=38966"}],"curies":[{"name":"wp","href":"https:\/\/api.w.org\/{rel}","templated":true}]}}