{"id":40066,"date":"2023-09-27T09:28:09","date_gmt":"2023-09-27T07:28:09","guid":{"rendered":"https:\/\/filplast.pl\/produkt\/climastar-82\/"},"modified":"2025-03-13T12:19:36","modified_gmt":"2025-03-13T11:19:36","slug":"climastar-82-cz","status":"publish","type":"product","link":"https:\/\/filplast.pl\/cz\/vyrobek\/climastar-82-cz\/","title":{"rendered":"ClimaStar 82"},"content":{"rendered":"<div id=\"modal-ready\"><p>ClimaStar 82 jsou okna s nejvy\u0161\u0161\u00edmi parametry tepeln\u00e9 a zvukov\u00e9 izolace. Budou dob\u0159e fungovat nejen v energeticky \u00fasporn\u00e9m dom\u011b, ale tak\u00e9 v pasivn\u00edm dom\u011b. Toto okno se vyzna\u010duje tak\u00e9 inovativn\u00edm \u00fazk\u00fdm t\u011bsn\u011bn\u00edm V.<\/p>\n\n\n<div style=\"height:10px\" aria-hidden=\"true\" class=\"wp-block-spacer\"><\/div>\n\n\n\n<p><strong><a href=\"https:\/\/filplast.pl\/wp-content\/uploads\/2023\/09\/okno_climastar_82_cz.pdf\" target=\"_blank\" rel=\"noreferrer noopener\">list v\u00fdrobku \u279c<\/a><\/strong><\/p>\n\n\n\n<div class=\"wp-block-buttons is-layout-flex wp-block-buttons-is-layout-flex\">\n<div class=\"wp-block-button is-style-fill\"><a class=\"wp-block-button__link has-white-color has-text-color has-background wp-element-button\" href=\"https:\/\/filplast.pl\/katalogi\/kolory-veka-cz\/#book\/\" style=\"border-radius:9px;background-color:#00387b\" target=\"_blank\" rel=\"noreferrer noopener\">Dostupn\u00e9 barvy<\/a><\/div>\n<\/div>\n\n\n\n<p><\/p>\n<\/div>","protected":false},"excerpt":{"rendered":"<p>ClimaStar 82 jsou okna s nejvy\u0161\u0161\u00edmi parametry tepeln\u00e9 a zvukov\u00e9 izolace. Budou dob\u0159e fungovat nejen v energeticky \u00fasporn\u00e9m dom\u011b, ale tak\u00e9 v pasivn\u00edm dom\u011b. Vyzna\u010duj\u00ed se dokonal\u00fdm sva\u0159ov\u00e1n\u00edm V a inovativn\u00edm zp\u016fsobem spojov\u00e1n\u00ed zaskl\u00edvac\u00edch paket\u016f s profily k\u0159\u00eddla. D\u00edky technologii zasklen\u00ed nalepen\u00e9ho po obvodu konstrukce jsou tato okna odoln\u011bj\u0161\u00ed proti pokus\u016fm o vloup\u00e1n\u00ed, m\u00e9n\u011b n\u00e1chyln\u00e1 k deformaci a umo\u017e\u0148uj\u00ed v\u011bt\u0161\u00ed zasklen\u00ed.<\/p>\n","protected":false},"featured_media":24811,"parent":0,"menu_order":379,"template":"","class_list":["post-40066","product","type-product","status-publish","has-post-thumbnail","hentry","product-category-okna-cz","product-category-pvc","product-line-goldenline-cz"],"yoast_head":"<!-- This site is optimized with the Yoast SEO plugin v24.7 - https:\/\/yoast.com\/wordpress\/plugins\/seo\/ -->\n<title>PVC okna ClimaStar 82 - Filplast po generace<\/title>\n<meta name=\"robots\" content=\"index, follow, max-snippet:-1, max-image-preview:large, max-video-preview:-1\" \/>\n<link rel=\"canonical\" href=\"https:\/\/filplast.pl\/cz\/vyrobek\/climastar-82-cz\/\" \/>\n<meta property=\"og:locale\" content=\"cs_CZ\" \/>\n<meta property=\"og:type\" content=\"article\" \/>\n<meta property=\"og:title\" content=\"PVC okna ClimaStar 82 - Filplast po generace\" \/>\n<meta property=\"og:description\" content=\"ClimaStar 82 jsou okna s nejvy\u0161\u0161\u00edmi parametry tepeln\u00e9 a zvukov\u00e9 izolace. Budou dob\u0159e fungovat nejen v energeticky \u00fasporn\u00e9m dom\u011b, ale tak\u00e9 v pasivn\u00edm dom\u011b. Vyzna\u010duj\u00ed se dokonal\u00fdm sva\u0159ov\u00e1n\u00edm V a inovativn\u00edm zp\u016fsobem spojov\u00e1n\u00ed zaskl\u00edvac\u00edch paket\u016f s profily k\u0159\u00eddla. D\u00edky technologii zasklen\u00ed nalepen\u00e9ho po obvodu konstrukce jsou tato okna odoln\u011bj\u0161\u00ed proti pokus\u016fm o vloup\u00e1n\u00ed, m\u00e9n\u011b n\u00e1chyln\u00e1 k deformaci a umo\u017e\u0148uj\u00ed v\u011bt\u0161\u00ed zasklen\u00ed.\" \/>\n<meta property=\"og:url\" content=\"https:\/\/filplast.pl\/cz\/vyrobek\/climastar-82-cz\/\" \/>\n<meta property=\"og:site_name\" content=\"Filplast po generace\" \/>\n<meta property=\"article:publisher\" content=\"https:\/\/www.facebook.com\/filplast.firma\" \/>\n<meta property=\"article:modified_time\" content=\"2025-03-13T11:19:36+00:00\" \/>\n<meta property=\"og:image\" content=\"https:\/\/filplast.pl\/wp-content\/uploads\/2020\/12\/CS_82_PRIME.png\" \/>\n\t<meta property=\"og:image:width\" content=\"2000\" \/>\n\t<meta property=\"og:image:height\" content=\"2000\" \/>\n\t<meta property=\"og:image:type\" content=\"image\/png\" \/>\n<meta name=\"twitter:card\" content=\"summary_large_image\" \/>\n<meta name=\"twitter:label1\" content=\"Odhadovan\u00e1 doba \u010dten\u00ed\" \/>\n\t<meta name=\"twitter:data1\" content=\"1 minuta\" \/>\n<script type=\"application\/ld+json\" class=\"yoast-schema-graph\">{\"@context\":\"https:\/\/schema.org\",\"@graph\":[{\"@type\":\"WebPage\",\"@id\":\"https:\/\/filplast.pl\/cz\/vyrobek\/climastar-82-cz\/\",\"url\":\"https:\/\/filplast.pl\/cz\/vyrobek\/climastar-82-cz\/\",\"name\":\"PVC okna ClimaStar 82 - Filplast po generace\",\"isPartOf\":{\"@id\":\"https:\/\/filplast.pl\/cz\/#website\"},\"primaryImageOfPage\":{\"@id\":\"https:\/\/filplast.pl\/cz\/vyrobek\/climastar-82-cz\/#primaryimage\"},\"image\":{\"@id\":\"https:\/\/filplast.pl\/cz\/vyrobek\/climastar-82-cz\/#primaryimage\"},\"thumbnailUrl\":\"https:\/\/filplast.pl\/wp-content\/uploads\/2020\/12\/CS_82_PRIME.png\",\"datePublished\":\"2023-09-27T07:28:09+00:00\",\"dateModified\":\"2025-03-13T11:19:36+00:00\",\"breadcrumb\":{\"@id\":\"https:\/\/filplast.pl\/cz\/vyrobek\/climastar-82-cz\/#breadcrumb\"},\"inLanguage\":\"cs\",\"potentialAction\":[{\"@type\":\"ReadAction\",\"target\":[\"https:\/\/filplast.pl\/cz\/vyrobek\/climastar-82-cz\/\"]}]},{\"@type\":\"ImageObject\",\"inLanguage\":\"cs\",\"@id\":\"https:\/\/filplast.pl\/cz\/vyrobek\/climastar-82-cz\/#primaryimage\",\"url\":\"https:\/\/filplast.pl\/wp-content\/uploads\/2020\/12\/CS_82_PRIME.png\",\"contentUrl\":\"https:\/\/filplast.pl\/wp-content\/uploads\/2020\/12\/CS_82_PRIME.png\",\"width\":2000,\"height\":2000},{\"@type\":\"BreadcrumbList\",\"@id\":\"https:\/\/filplast.pl\/cz\/vyrobek\/climastar-82-cz\/#breadcrumb\",\"itemListElement\":[{\"@type\":\"ListItem\",\"position\":1,\"name\":\"Hlavn\u00ed strana\",\"item\":\"https:\/\/filplast.pl\/cz\/\"},{\"@type\":\"ListItem\",\"position\":2,\"name\":\"Produkty\",\"item\":\"https:\/\/filplast.pl\/cz\/vyrobek\/\"},{\"@type\":\"ListItem\",\"position\":3,\"name\":\"ClimaStar 82\"}]},{\"@type\":\"WebSite\",\"@id\":\"https:\/\/filplast.pl\/cz\/#website\",\"url\":\"https:\/\/filplast.pl\/cz\/\",\"name\":\"Filplast po generace\",\"description\":\"Producent okien, drzwi i rolet\",\"publisher\":{\"@id\":\"https:\/\/filplast.pl\/cz\/#organization\"},\"potentialAction\":[{\"@type\":\"SearchAction\",\"target\":{\"@type\":\"EntryPoint\",\"urlTemplate\":\"https:\/\/filplast.pl\/cz\/?s={search_term_string}\"},\"query-input\":{\"@type\":\"PropertyValueSpecification\",\"valueRequired\":true,\"valueName\":\"search_term_string\"}}],\"inLanguage\":\"cs\"},{\"@type\":\"Organization\",\"@id\":\"https:\/\/filplast.pl\/cz\/#organization\",\"name\":\"Filplast po generace\",\"url\":\"https:\/\/filplast.pl\/cz\/\",\"logo\":{\"@type\":\"ImageObject\",\"inLanguage\":\"cs\",\"@id\":\"https:\/\/filplast.pl\/cz\/#\/schema\/logo\/image\/\",\"url\":\"https:\/\/filplast.pl\/wp-content\/uploads\/2023\/10\/favicon-filplast.png\",\"contentUrl\":\"https:\/\/filplast.pl\/wp-content\/uploads\/2023\/10\/favicon-filplast.png\",\"width\":2134,\"height\":2134,\"caption\":\"Filplast po generace\"},\"image\":{\"@id\":\"https:\/\/filplast.pl\/cz\/#\/schema\/logo\/image\/\"},\"sameAs\":[\"https:\/\/www.facebook.com\/filplast.firma\",\"https:\/\/pl.pinterest.com\/filplast\/\",\"https:\/\/www.youtube.com\/FILPLASTchannel\",\"https:\/\/pl.linkedin.com\/company\/filplast-sp.-z-o.o.\",\"https:\/\/www.instagram.com\/filplast\/\"]}]}<\/script>\n<!-- \/ Yoast SEO plugin. -->","yoast_head_json":{"title":"PVC okna ClimaStar 82 - Filplast po generace","robots":{"index":"index","follow":"follow","max-snippet":"max-snippet:-1","max-image-preview":"max-image-preview:large","max-video-preview":"max-video-preview:-1"},"canonical":"https:\/\/filplast.pl\/cz\/vyrobek\/climastar-82-cz\/","og_locale":"cs_CZ","og_type":"article","og_title":"PVC okna ClimaStar 82 - Filplast po generace","og_description":"ClimaStar 82 jsou okna s nejvy\u0161\u0161\u00edmi parametry tepeln\u00e9 a zvukov\u00e9 izolace. Budou dob\u0159e fungovat nejen v energeticky \u00fasporn\u00e9m dom\u011b, ale tak\u00e9 v pasivn\u00edm dom\u011b. Vyzna\u010duj\u00ed se dokonal\u00fdm sva\u0159ov\u00e1n\u00edm V a inovativn\u00edm zp\u016fsobem spojov\u00e1n\u00ed zaskl\u00edvac\u00edch paket\u016f s profily k\u0159\u00eddla. D\u00edky technologii zasklen\u00ed nalepen\u00e9ho po obvodu konstrukce jsou tato okna odoln\u011bj\u0161\u00ed proti pokus\u016fm o vloup\u00e1n\u00ed, m\u00e9n\u011b n\u00e1chyln\u00e1 k deformaci a umo\u017e\u0148uj\u00ed v\u011bt\u0161\u00ed zasklen\u00ed.","og_url":"https:\/\/filplast.pl\/cz\/vyrobek\/climastar-82-cz\/","og_site_name":"Filplast po generace","article_publisher":"https:\/\/www.facebook.com\/filplast.firma","article_modified_time":"2025-03-13T11:19:36+00:00","og_image":[{"width":2000,"height":2000,"url":"https:\/\/filplast.pl\/wp-content\/uploads\/2020\/12\/CS_82_PRIME.png","type":"image\/png"}],"twitter_card":"summary_large_image","twitter_misc":{"Odhadovan\u00e1 doba \u010dten\u00ed":"1 minuta"},"schema":{"@context":"https:\/\/schema.org","@graph":[{"@type":"WebPage","@id":"https:\/\/filplast.pl\/cz\/vyrobek\/climastar-82-cz\/","url":"https:\/\/filplast.pl\/cz\/vyrobek\/climastar-82-cz\/","name":"PVC okna ClimaStar 82 - Filplast po generace","isPartOf":{"@id":"https:\/\/filplast.pl\/cz\/#website"},"primaryImageOfPage":{"@id":"https:\/\/filplast.pl\/cz\/vyrobek\/climastar-82-cz\/#primaryimage"},"image":{"@id":"https:\/\/filplast.pl\/cz\/vyrobek\/climastar-82-cz\/#primaryimage"},"thumbnailUrl":"https:\/\/filplast.pl\/wp-content\/uploads\/2020\/12\/CS_82_PRIME.png","datePublished":"2023-09-27T07:28:09+00:00","dateModified":"2025-03-13T11:19:36+00:00","breadcrumb":{"@id":"https:\/\/filplast.pl\/cz\/vyrobek\/climastar-82-cz\/#breadcrumb"},"inLanguage":"cs","potentialAction":[{"@type":"ReadAction","target":["https:\/\/filplast.pl\/cz\/vyrobek\/climastar-82-cz\/"]}]},{"@type":"ImageObject","inLanguage":"cs","@id":"https:\/\/filplast.pl\/cz\/vyrobek\/climastar-82-cz\/#primaryimage","url":"https:\/\/filplast.pl\/wp-content\/uploads\/2020\/12\/CS_82_PRIME.png","contentUrl":"https:\/\/filplast.pl\/wp-content\/uploads\/2020\/12\/CS_82_PRIME.png","width":2000,"height":2000},{"@type":"BreadcrumbList","@id":"https:\/\/filplast.pl\/cz\/vyrobek\/climastar-82-cz\/#breadcrumb","itemListElement":[{"@type":"ListItem","position":1,"name":"Hlavn\u00ed strana","item":"https:\/\/filplast.pl\/cz\/"},{"@type":"ListItem","position":2,"name":"Produkty","item":"https:\/\/filplast.pl\/cz\/vyrobek\/"},{"@type":"ListItem","position":3,"name":"ClimaStar 82"}]},{"@type":"WebSite","@id":"https:\/\/filplast.pl\/cz\/#website","url":"https:\/\/filplast.pl\/cz\/","name":"Filplast po generace","description":"Producent okien, drzwi i rolet","publisher":{"@id":"https:\/\/filplast.pl\/cz\/#organization"},"potentialAction":[{"@type":"SearchAction","target":{"@type":"EntryPoint","urlTemplate":"https:\/\/filplast.pl\/cz\/?s={search_term_string}"},"query-input":{"@type":"PropertyValueSpecification","valueRequired":true,"valueName":"search_term_string"}}],"inLanguage":"cs"},{"@type":"Organization","@id":"https:\/\/filplast.pl\/cz\/#organization","name":"Filplast po generace","url":"https:\/\/filplast.pl\/cz\/","logo":{"@type":"ImageObject","inLanguage":"cs","@id":"https:\/\/filplast.pl\/cz\/#\/schema\/logo\/image\/","url":"https:\/\/filplast.pl\/wp-content\/uploads\/2023\/10\/favicon-filplast.png","contentUrl":"https:\/\/filplast.pl\/wp-content\/uploads\/2023\/10\/favicon-filplast.png","width":2134,"height":2134,"caption":"Filplast po generace"},"image":{"@id":"https:\/\/filplast.pl\/cz\/#\/schema\/logo\/image\/"},"sameAs":["https:\/\/www.facebook.com\/filplast.firma","https:\/\/pl.pinterest.com\/filplast\/","https:\/\/www.youtube.com\/FILPLASTchannel","https:\/\/pl.linkedin.com\/company\/filplast-sp.-z-o.o.","https:\/\/www.instagram.com\/filplast\/"]}]}},"uagb_featured_image_src":{"full":["https:\/\/filplast.pl\/wp-content\/uploads\/2020\/12\/CS_82_PRIME.png",2000,2000,false],"thumbnail":["https:\/\/filplast.pl\/wp-content\/uploads\/2020\/12\/CS_82_PRIME-150x150.png",150,150,true],"medium":["https:\/\/filplast.pl\/wp-content\/uploads\/2020\/12\/CS_82_PRIME-300x300.png",300,300,true],"medium_large":["https:\/\/filplast.pl\/wp-content\/uploads\/2020\/12\/CS_82_PRIME-768x768.png",768,768,true],"large":["https:\/\/filplast.pl\/wp-content\/uploads\/2020\/12\/CS_82_PRIME-1024x1024.png",1024,1024,true],"1536x1536":["https:\/\/filplast.pl\/wp-content\/uploads\/2020\/12\/CS_82_PRIME-1536x1536.png",1536,1536,true],"2048x2048":["https:\/\/filplast.pl\/wp-content\/uploads\/2020\/12\/CS_82_PRIME.png",2000,2000,false],"depcore-widget-post-thumb":["https:\/\/filplast.pl\/wp-content\/uploads\/2020\/12\/CS_82_PRIME-65x65.png",65,65,true],"depcore-widget-post-medium":["https:\/\/filplast.pl\/wp-content\/uploads\/2020\/12\/CS_82_PRIME-280x150.png",280,150,true],"square":["https:\/\/filplast.pl\/wp-content\/uploads\/2020\/12\/CS_82_PRIME-500x500.png",500,500,true],"small-square":["https:\/\/filplast.pl\/wp-content\/uploads\/2020\/12\/CS_82_PRIME-250x250.png",250,250,true],"slider-image":["https:\/\/filplast.pl\/wp-content\/uploads\/2020\/12\/CS_82_PRIME-1080x500.png",1080,500,true],"":["https:\/\/filplast.pl\/wp-content\/uploads\/2020\/12\/CS_82_PRIME.png",250,250,false]},"uagb_author_info":{"display_name":"Micha\u0142 Mrukot","author_link":"https:\/\/filplast.pl\/cz\/author\/"},"uagb_comment_info":0,"uagb_excerpt":"ClimaStar 82 jsou okna s nejvy\u0161\u0161\u00edmi parametry tepeln\u00e9 a zvukov\u00e9 izolace. Budou dob\u0159e fungovat nejen v energeticky \u00fasporn\u00e9m dom\u011b, ale tak\u00e9 v pasivn\u00edm dom\u011b. Vyzna\u010duj\u00ed se dokonal\u00fdm sva\u0159ov\u00e1n\u00edm V a inovativn\u00edm zp\u016fsobem spojov\u00e1n\u00ed zaskl\u00edvac\u00edch paket\u016f s profily k\u0159\u00eddla. D\u00edky technologii zasklen\u00ed nalepen\u00e9ho po obvodu konstrukce jsou tato okna odoln\u011bj\u0161\u00ed proti pokus\u016fm o vloup\u00e1n\u00ed, m\u00e9n\u011b n\u00e1chyln\u00e1&hellip;","_links":{"self":[{"href":"https:\/\/filplast.pl\/cz\/wp-json\/wp\/v2\/product\/40066","targetHints":{"allow":["GET"]}}],"collection":[{"href":"https:\/\/filplast.pl\/cz\/wp-json\/wp\/v2\/product"}],"about":[{"href":"https:\/\/filplast.pl\/cz\/wp-json\/wp\/v2\/types\/product"}],"version-history":[{"count":5,"href":"https:\/\/filplast.pl\/cz\/wp-json\/wp\/v2\/product\/40066\/revisions"}],"predecessor-version":[{"id":64292,"href":"https:\/\/filplast.pl\/cz\/wp-json\/wp\/v2\/product\/40066\/revisions\/64292"}],"wp:featuredmedia":[{"embeddable":true,"href":"https:\/\/filplast.pl\/cz\/wp-json\/wp\/v2\/media\/24811"}],"wp:attachment":[{"href":"https:\/\/filplast.pl\/cz\/wp-json\/wp\/v2\/media?parent=40066"}],"curies":[{"name":"wp","href":"https:\/\/api.w.org\/{rel}","templated":true}]}}