{"id":45717,"date":"2024-03-07T11:10:28","date_gmt":"2024-03-07T10:10:28","guid":{"rendered":"https:\/\/filplast.pl\/?post_type=product&#038;p=45717"},"modified":"2024-04-08T09:07:31","modified_gmt":"2024-04-08T07:07:31","slug":"justslide-alu","status":"publish","type":"product","link":"https:\/\/filplast.pl\/cz\/vyrobek\/justslide-alu\/","title":{"rendered":"JustSlide Alu"},"content":{"rendered":"<div id=\"modal-ready\">\n<p>Syst\u00e9m posuvn\u00fdch dve\u0159\u00ed, kter\u00fd umo\u017e\u0148uje proveden\u00ed k\u0159\u00eddel s velmi velk\u00fdmi rozm\u011bry a hmotnot\u00ed<br>a\u017e 400 kg. Ve zkou\u0161k\u00e1ch proveden\u00fdch Institutem stavebn\u00ed techniky z\u00edskal tento syst\u00e9m nejvy\u0161\u0161\u00ed<br>hodnocen\u00ed z hlediska infiltrace vzduchu &#8211; t\u0159\u00edda 4, vodot\u011bsnosti &#8211; 1050 Pa a odolnosti proti zat\u00ed\u017een\u00ed<br>v\u011btremm \u2013 t\u0159. C2\/B3.<\/p>\n\n\n\n<div class=\"wp-block-buttons is-layout-flex wp-block-buttons-is-layout-flex\">\n<div class=\"wp-block-button is-style-fill\"><a class=\"wp-block-button__link has-background\" href=\"https:\/\/filplast.pl\/wp-content\/uploads\/2024\/03\/JustSlide-Alu-ulotka-CZ.pdf\" style=\"background-color:#01387b\" target=\"_blank\" rel=\"noreferrer noopener\"><strong>Produktov\u00e1 karta<\/strong><\/a><\/div>\n<\/div>\n<\/div>","protected":false},"excerpt":{"rendered":"<p>Syst\u00e9m posuvn\u00fdch dve\u0159\u00ed, kter\u00fd umo\u017e\u0148uje proveden\u00ed k\u0159\u00eddel s velmi velk\u00fdmi rozm\u011bry a hmotnot\u00ed<br \/>\na\u017e 400 kg.<\/p>\n","protected":false},"featured_media":43928,"parent":0,"menu_order":314,"template":"","class_list":["post-45717","product","type-product","status-publish","has-post-thumbnail","hentry","product-category-dvere","product-category-terasove-dvere","product-category-justslide-cz","product-line-goldenline-cz"],"yoast_head":"<!-- This site is optimized with the Yoast SEO plugin v24.7 - https:\/\/yoast.com\/wordpress\/plugins\/seo\/ -->\n<title>JustSlide Alu I Filplast<\/title>\n<meta name=\"description\" content=\"Syst\u00e9m posuvn\u00fdch dve\u0159\u00ed, kter\u00fd umo\u017e\u0148uje proveden\u00ed k\u0159\u00eddel s velmi velk\u00fdmi rozm\u011bry a hmotnot\u00eda\u017e 400 kg.\" \/>\n<meta name=\"robots\" content=\"index, follow, max-snippet:-1, max-image-preview:large, max-video-preview:-1\" \/>\n<link rel=\"canonical\" href=\"https:\/\/filplast.pl\/cz\/vyrobek\/justslide-alu\/\" \/>\n<meta property=\"og:locale\" content=\"cs_CZ\" \/>\n<meta property=\"og:type\" content=\"article\" \/>\n<meta property=\"og:title\" content=\"JustSlide Alu I Filplast\" \/>\n<meta property=\"og:description\" content=\"Syst\u00e9m posuvn\u00fdch dve\u0159\u00ed, kter\u00fd umo\u017e\u0148uje proveden\u00ed k\u0159\u00eddel s velmi velk\u00fdmi rozm\u011bry a hmotnot\u00eda\u017e 400 kg.\" \/>\n<meta property=\"og:url\" content=\"https:\/\/filplast.pl\/cz\/vyrobek\/justslide-alu\/\" \/>\n<meta property=\"og:site_name\" content=\"Filplast po generace\" \/>\n<meta property=\"article:publisher\" content=\"https:\/\/www.facebook.com\/filplast.firma\" \/>\n<meta property=\"article:modified_time\" content=\"2024-04-08T07:07:31+00:00\" \/>\n<meta property=\"og:image\" content=\"https:\/\/filplast.pl\/wp-content\/uploads\/2024\/01\/JustSlide_Alu_uno.png\" \/>\n\t<meta property=\"og:image:width\" content=\"2024\" \/>\n\t<meta property=\"og:image:height\" content=\"2024\" \/>\n\t<meta property=\"og:image:type\" content=\"image\/png\" \/>\n<meta name=\"twitter:card\" content=\"summary_large_image\" \/>\n<meta name=\"twitter:label1\" content=\"Odhadovan\u00e1 doba \u010dten\u00ed\" \/>\n\t<meta name=\"twitter:data1\" content=\"1 minuta\" \/>\n<script type=\"application\/ld+json\" class=\"yoast-schema-graph\">{\"@context\":\"https:\/\/schema.org\",\"@graph\":[{\"@type\":\"WebPage\",\"@id\":\"https:\/\/filplast.pl\/cz\/vyrobek\/justslide-alu\/\",\"url\":\"https:\/\/filplast.pl\/cz\/vyrobek\/justslide-alu\/\",\"name\":\"JustSlide Alu I Filplast\",\"isPartOf\":{\"@id\":\"https:\/\/filplast.pl\/cz\/#website\"},\"primaryImageOfPage\":{\"@id\":\"https:\/\/filplast.pl\/cz\/vyrobek\/justslide-alu\/#primaryimage\"},\"image\":{\"@id\":\"https:\/\/filplast.pl\/cz\/vyrobek\/justslide-alu\/#primaryimage\"},\"thumbnailUrl\":\"https:\/\/filplast.pl\/wp-content\/uploads\/2024\/01\/JustSlide_Alu_uno.png\",\"datePublished\":\"2024-03-07T10:10:28+00:00\",\"dateModified\":\"2024-04-08T07:07:31+00:00\",\"description\":\"Syst\u00e9m posuvn\u00fdch dve\u0159\u00ed, kter\u00fd umo\u017e\u0148uje proveden\u00ed k\u0159\u00eddel s velmi velk\u00fdmi rozm\u011bry a hmotnot\u00eda\u017e 400 kg.\",\"breadcrumb\":{\"@id\":\"https:\/\/filplast.pl\/cz\/vyrobek\/justslide-alu\/#breadcrumb\"},\"inLanguage\":\"cs\",\"potentialAction\":[{\"@type\":\"ReadAction\",\"target\":[\"https:\/\/filplast.pl\/cz\/vyrobek\/justslide-alu\/\"]}]},{\"@type\":\"ImageObject\",\"inLanguage\":\"cs\",\"@id\":\"https:\/\/filplast.pl\/cz\/vyrobek\/justslide-alu\/#primaryimage\",\"url\":\"https:\/\/filplast.pl\/wp-content\/uploads\/2024\/01\/JustSlide_Alu_uno.png\",\"contentUrl\":\"https:\/\/filplast.pl\/wp-content\/uploads\/2024\/01\/JustSlide_Alu_uno.png\",\"width\":2024,\"height\":2024,\"caption\":\"Aluminiowy system drzwi przesuwnych - przekr\u00f3j drzwi o du\u017cych gabarytach\"},{\"@type\":\"BreadcrumbList\",\"@id\":\"https:\/\/filplast.pl\/cz\/vyrobek\/justslide-alu\/#breadcrumb\",\"itemListElement\":[{\"@type\":\"ListItem\",\"position\":1,\"name\":\"Hlavn\u00ed strana\",\"item\":\"https:\/\/filplast.pl\/cz\/\"},{\"@type\":\"ListItem\",\"position\":2,\"name\":\"Produkty\",\"item\":\"https:\/\/filplast.pl\/cz\/vyrobek\/\"},{\"@type\":\"ListItem\",\"position\":3,\"name\":\"JustSlide Alu\"}]},{\"@type\":\"WebSite\",\"@id\":\"https:\/\/filplast.pl\/cz\/#website\",\"url\":\"https:\/\/filplast.pl\/cz\/\",\"name\":\"Filplast po generace\",\"description\":\"Producent okien, drzwi i rolet\",\"publisher\":{\"@id\":\"https:\/\/filplast.pl\/cz\/#organization\"},\"potentialAction\":[{\"@type\":\"SearchAction\",\"target\":{\"@type\":\"EntryPoint\",\"urlTemplate\":\"https:\/\/filplast.pl\/cz\/?s={search_term_string}\"},\"query-input\":{\"@type\":\"PropertyValueSpecification\",\"valueRequired\":true,\"valueName\":\"search_term_string\"}}],\"inLanguage\":\"cs\"},{\"@type\":\"Organization\",\"@id\":\"https:\/\/filplast.pl\/cz\/#organization\",\"name\":\"Filplast po generace\",\"url\":\"https:\/\/filplast.pl\/cz\/\",\"logo\":{\"@type\":\"ImageObject\",\"inLanguage\":\"cs\",\"@id\":\"https:\/\/filplast.pl\/cz\/#\/schema\/logo\/image\/\",\"url\":\"https:\/\/filplast.pl\/wp-content\/uploads\/2023\/10\/favicon-filplast.png\",\"contentUrl\":\"https:\/\/filplast.pl\/wp-content\/uploads\/2023\/10\/favicon-filplast.png\",\"width\":2134,\"height\":2134,\"caption\":\"Filplast po generace\"},\"image\":{\"@id\":\"https:\/\/filplast.pl\/cz\/#\/schema\/logo\/image\/\"},\"sameAs\":[\"https:\/\/www.facebook.com\/filplast.firma\",\"https:\/\/pl.pinterest.com\/filplast\/\",\"https:\/\/www.youtube.com\/FILPLASTchannel\",\"https:\/\/pl.linkedin.com\/company\/filplast-sp.-z-o.o.\",\"https:\/\/www.instagram.com\/filplast\/\"]}]}<\/script>\n<!-- \/ Yoast SEO plugin. -->","yoast_head_json":{"title":"JustSlide Alu I Filplast","description":"Syst\u00e9m posuvn\u00fdch dve\u0159\u00ed, kter\u00fd umo\u017e\u0148uje proveden\u00ed k\u0159\u00eddel s velmi velk\u00fdmi rozm\u011bry a hmotnot\u00eda\u017e 400 kg.","robots":{"index":"index","follow":"follow","max-snippet":"max-snippet:-1","max-image-preview":"max-image-preview:large","max-video-preview":"max-video-preview:-1"},"canonical":"https:\/\/filplast.pl\/cz\/vyrobek\/justslide-alu\/","og_locale":"cs_CZ","og_type":"article","og_title":"JustSlide Alu I Filplast","og_description":"Syst\u00e9m posuvn\u00fdch dve\u0159\u00ed, kter\u00fd umo\u017e\u0148uje proveden\u00ed k\u0159\u00eddel s velmi velk\u00fdmi rozm\u011bry a hmotnot\u00eda\u017e 400 kg.","og_url":"https:\/\/filplast.pl\/cz\/vyrobek\/justslide-alu\/","og_site_name":"Filplast po generace","article_publisher":"https:\/\/www.facebook.com\/filplast.firma","article_modified_time":"2024-04-08T07:07:31+00:00","og_image":[{"width":2024,"height":2024,"url":"https:\/\/filplast.pl\/wp-content\/uploads\/2024\/01\/JustSlide_Alu_uno.png","type":"image\/png"}],"twitter_card":"summary_large_image","twitter_misc":{"Odhadovan\u00e1 doba \u010dten\u00ed":"1 minuta"},"schema":{"@context":"https:\/\/schema.org","@graph":[{"@type":"WebPage","@id":"https:\/\/filplast.pl\/cz\/vyrobek\/justslide-alu\/","url":"https:\/\/filplast.pl\/cz\/vyrobek\/justslide-alu\/","name":"JustSlide Alu I Filplast","isPartOf":{"@id":"https:\/\/filplast.pl\/cz\/#website"},"primaryImageOfPage":{"@id":"https:\/\/filplast.pl\/cz\/vyrobek\/justslide-alu\/#primaryimage"},"image":{"@id":"https:\/\/filplast.pl\/cz\/vyrobek\/justslide-alu\/#primaryimage"},"thumbnailUrl":"https:\/\/filplast.pl\/wp-content\/uploads\/2024\/01\/JustSlide_Alu_uno.png","datePublished":"2024-03-07T10:10:28+00:00","dateModified":"2024-04-08T07:07:31+00:00","description":"Syst\u00e9m posuvn\u00fdch dve\u0159\u00ed, kter\u00fd umo\u017e\u0148uje proveden\u00ed k\u0159\u00eddel s velmi velk\u00fdmi rozm\u011bry a hmotnot\u00eda\u017e 400 kg.","breadcrumb":{"@id":"https:\/\/filplast.pl\/cz\/vyrobek\/justslide-alu\/#breadcrumb"},"inLanguage":"cs","potentialAction":[{"@type":"ReadAction","target":["https:\/\/filplast.pl\/cz\/vyrobek\/justslide-alu\/"]}]},{"@type":"ImageObject","inLanguage":"cs","@id":"https:\/\/filplast.pl\/cz\/vyrobek\/justslide-alu\/#primaryimage","url":"https:\/\/filplast.pl\/wp-content\/uploads\/2024\/01\/JustSlide_Alu_uno.png","contentUrl":"https:\/\/filplast.pl\/wp-content\/uploads\/2024\/01\/JustSlide_Alu_uno.png","width":2024,"height":2024,"caption":"Aluminiowy system drzwi przesuwnych - przekr\u00f3j drzwi o du\u017cych gabarytach"},{"@type":"BreadcrumbList","@id":"https:\/\/filplast.pl\/cz\/vyrobek\/justslide-alu\/#breadcrumb","itemListElement":[{"@type":"ListItem","position":1,"name":"Hlavn\u00ed strana","item":"https:\/\/filplast.pl\/cz\/"},{"@type":"ListItem","position":2,"name":"Produkty","item":"https:\/\/filplast.pl\/cz\/vyrobek\/"},{"@type":"ListItem","position":3,"name":"JustSlide Alu"}]},{"@type":"WebSite","@id":"https:\/\/filplast.pl\/cz\/#website","url":"https:\/\/filplast.pl\/cz\/","name":"Filplast po generace","description":"Producent okien, drzwi i rolet","publisher":{"@id":"https:\/\/filplast.pl\/cz\/#organization"},"potentialAction":[{"@type":"SearchAction","target":{"@type":"EntryPoint","urlTemplate":"https:\/\/filplast.pl\/cz\/?s={search_term_string}"},"query-input":{"@type":"PropertyValueSpecification","valueRequired":true,"valueName":"search_term_string"}}],"inLanguage":"cs"},{"@type":"Organization","@id":"https:\/\/filplast.pl\/cz\/#organization","name":"Filplast po generace","url":"https:\/\/filplast.pl\/cz\/","logo":{"@type":"ImageObject","inLanguage":"cs","@id":"https:\/\/filplast.pl\/cz\/#\/schema\/logo\/image\/","url":"https:\/\/filplast.pl\/wp-content\/uploads\/2023\/10\/favicon-filplast.png","contentUrl":"https:\/\/filplast.pl\/wp-content\/uploads\/2023\/10\/favicon-filplast.png","width":2134,"height":2134,"caption":"Filplast po generace"},"image":{"@id":"https:\/\/filplast.pl\/cz\/#\/schema\/logo\/image\/"},"sameAs":["https:\/\/www.facebook.com\/filplast.firma","https:\/\/pl.pinterest.com\/filplast\/","https:\/\/www.youtube.com\/FILPLASTchannel","https:\/\/pl.linkedin.com\/company\/filplast-sp.-z-o.o.","https:\/\/www.instagram.com\/filplast\/"]}]}},"uagb_featured_image_src":{"full":["https:\/\/filplast.pl\/wp-content\/uploads\/2024\/01\/JustSlide_Alu_uno.png",2024,2024,false],"thumbnail":["https:\/\/filplast.pl\/wp-content\/uploads\/2024\/01\/JustSlide_Alu_uno-250x250.png",250,250,true],"medium":["https:\/\/filplast.pl\/wp-content\/uploads\/2024\/01\/JustSlide_Alu_uno-400x400.png",400,400,true],"medium_large":["https:\/\/filplast.pl\/wp-content\/uploads\/2024\/01\/JustSlide_Alu_uno-768x768.png",768,768,true],"large":["https:\/\/filplast.pl\/wp-content\/uploads\/2024\/01\/JustSlide_Alu_uno-1024x1024.png",1024,1024,true],"1536x1536":["https:\/\/filplast.pl\/wp-content\/uploads\/2024\/01\/JustSlide_Alu_uno-1536x1536.png",1536,1536,true],"2048x2048":["https:\/\/filplast.pl\/wp-content\/uploads\/2024\/01\/JustSlide_Alu_uno.png",2024,2024,false],"depcore-widget-post-thumb":["https:\/\/filplast.pl\/wp-content\/uploads\/2024\/01\/JustSlide_Alu_uno-65x65.png",65,65,true],"depcore-widget-post-medium":["https:\/\/filplast.pl\/wp-content\/uploads\/2024\/01\/JustSlide_Alu_uno-280x150.png",280,150,true],"square":["https:\/\/filplast.pl\/wp-content\/uploads\/2024\/01\/JustSlide_Alu_uno-500x500.png",500,500,true],"small-square":["https:\/\/filplast.pl\/wp-content\/uploads\/2024\/01\/JustSlide_Alu_uno-250x250.png",250,250,true],"slider-image":["https:\/\/filplast.pl\/wp-content\/uploads\/2024\/01\/JustSlide_Alu_uno-1080x500.png",1080,500,true],"":["https:\/\/filplast.pl\/wp-content\/uploads\/2024\/01\/JustSlide_Alu_uno.png",250,250,false]},"uagb_author_info":{"display_name":"admin","author_link":"https:\/\/filplast.pl\/cz\/author\/"},"uagb_comment_info":0,"uagb_excerpt":"Syst\u00e9m posuvn\u00fdch dve\u0159\u00ed, kter\u00fd umo\u017e\u0148uje proveden\u00ed k\u0159\u00eddel s velmi velk\u00fdmi rozm\u011bry a hmotnot\u00ed a\u017e 400 kg.","_links":{"self":[{"href":"https:\/\/filplast.pl\/cz\/wp-json\/wp\/v2\/product\/45717","targetHints":{"allow":["GET"]}}],"collection":[{"href":"https:\/\/filplast.pl\/cz\/wp-json\/wp\/v2\/product"}],"about":[{"href":"https:\/\/filplast.pl\/cz\/wp-json\/wp\/v2\/types\/product"}],"version-history":[{"count":5,"href":"https:\/\/filplast.pl\/cz\/wp-json\/wp\/v2\/product\/45717\/revisions"}],"predecessor-version":[{"id":45722,"href":"https:\/\/filplast.pl\/cz\/wp-json\/wp\/v2\/product\/45717\/revisions\/45722"}],"wp:featuredmedia":[{"embeddable":true,"href":"https:\/\/filplast.pl\/cz\/wp-json\/wp\/v2\/media\/43928"}],"wp:attachment":[{"href":"https:\/\/filplast.pl\/cz\/wp-json\/wp\/v2\/media?parent=45717"}],"curies":[{"name":"wp","href":"https:\/\/api.w.org\/{rel}","templated":true}]}}