{"id":47276,"date":"2024-04-03T13:21:17","date_gmt":"2024-04-03T11:21:17","guid":{"rendered":"https:\/\/filplast.pl\/?post_type=product&#038;p=47276"},"modified":"2024-04-03T13:23:18","modified_gmt":"2024-04-03T11:23:18","slug":"tenbox","status":"publish","type":"product","link":"https:\/\/filplast.pl\/cz\/vyrobek\/tenbox\/","title":{"rendered":"TENBOX"},"content":{"rendered":"<div id=\"modal-ready\">\n<p>Verze pro zapu\u0161t\u011bnou mont\u00e1\u017e: siln\u00fd nosn\u00edk om\u00edtky v p\u0159edn\u00ed \u010d\u00e1sti usnad\u0148uje zateplen\u00ed schr\u00e1nky, ALUFOX\u00ae + STYRODUR 15 mm skv\u011bl\u00e1 izolace ze zadn\u00ed strany schr\u00e1nky. Adapta\u010dn\u00ed verze: r\u016fzn\u00e9 v\u00fd\u0161ky schr\u00e1nek pro optimalizaci prostoru, vod\u00edc\u00ed li\u0161ty bez mont\u00e1\u017en\u00edch otvor\u016f, p\u0159edn\u00ed revizn\u00ed klapka pro pohodln\u011bj\u0161\u00ed mont\u00e1\u017e a servis, pouze 146 mm hloubka adapta\u010dn\u00ed schr\u00e1nky.<\/p>\n\n\n\n<div class=\"wp-block-buttons is-layout-flex wp-block-buttons-is-layout-flex\">\n<div class=\"wp-block-button is-style-fill\"><a class=\"wp-block-button__link has-background wp-element-button\" href=\"https:\/\/filplast.pl\/wp-content\/uploads\/2024\/03\/TENBOX-zaluzie-CZ.pdf\" style=\"background-color:#01387b\" target=\"_blank\" rel=\"noreferrer noopener\"><strong><strong>Produktov\u00e1 karta<\/strong><\/strong><\/a><\/div>\n<\/div>\n<\/div>","protected":false},"excerpt":{"rendered":"<p>Verze pro zapu\u0161t\u011bnou mont\u00e1\u017e: siln\u00fd nosn\u00edk om\u00edtky v p\u0159edn\u00ed \u010d\u00e1sti usnad\u0148uje zateplen\u00ed schr\u00e1nky, ALUFOX\u00ae + STYRODUR 15 mm skv\u011bl\u00e1 izolace ze zadn\u00ed strany schr\u00e1nky. Adapta\u010dn\u00ed verze: r\u016fzn\u00e9 v\u00fd\u0161ky schr\u00e1nek pro optimalizaci prostoru, vod\u00edc\u00ed li\u0161ty bez [&hellip;]<\/p>\n","protected":false},"featured_media":46697,"parent":0,"menu_order":28,"template":"","class_list":["post-47276","product","type-product","status-publish","has-post-thumbnail","hentry","product-category-venkovni-zaluzie","product-line-platinumline-cz"],"yoast_head":"<!-- This site is optimized with the Yoast SEO plugin v24.7 - https:\/\/yoast.com\/wordpress\/plugins\/seo\/ -->\n<title>Fas\u00e1dn\u00ed \u017ealuzie TENBOX I Filplast<\/title>\n<meta name=\"robots\" content=\"index, follow, max-snippet:-1, max-image-preview:large, max-video-preview:-1\" \/>\n<link rel=\"canonical\" href=\"https:\/\/filplast.pl\/cz\/vyrobek\/tenbox\/\" \/>\n<meta property=\"og:locale\" content=\"cs_CZ\" \/>\n<meta property=\"og:type\" content=\"article\" \/>\n<meta property=\"og:title\" content=\"Fas\u00e1dn\u00ed \u017ealuzie TENBOX I Filplast\" \/>\n<meta property=\"og:description\" content=\"Verze pro zapu\u0161t\u011bnou mont\u00e1\u017e: siln\u00fd nosn\u00edk om\u00edtky v p\u0159edn\u00ed \u010d\u00e1sti usnad\u0148uje zateplen\u00ed schr\u00e1nky, ALUFOX\u00ae + STYRODUR 15 mm skv\u011bl\u00e1 izolace ze zadn\u00ed strany schr\u00e1nky. Adapta\u010dn\u00ed verze: r\u016fzn\u00e9 v\u00fd\u0161ky schr\u00e1nek pro optimalizaci prostoru, vod\u00edc\u00ed li\u0161ty bez [&hellip;]\" \/>\n<meta property=\"og:url\" content=\"https:\/\/filplast.pl\/cz\/vyrobek\/tenbox\/\" \/>\n<meta property=\"og:site_name\" content=\"Filplast po generace\" \/>\n<meta property=\"article:publisher\" content=\"https:\/\/www.facebook.com\/filplast.firma\" \/>\n<meta property=\"article:modified_time\" content=\"2024-04-03T11:23:18+00:00\" \/>\n<meta property=\"og:image\" content=\"https:\/\/filplast.pl\/wp-content\/uploads\/2024\/03\/TENBOX-www-2.png\" \/>\n\t<meta property=\"og:image:width\" content=\"1080\" \/>\n\t<meta property=\"og:image:height\" content=\"1080\" \/>\n\t<meta property=\"og:image:type\" content=\"image\/png\" \/>\n<meta name=\"twitter:card\" content=\"summary_large_image\" \/>\n<meta name=\"twitter:label1\" content=\"Odhadovan\u00e1 doba \u010dten\u00ed\" \/>\n\t<meta name=\"twitter:data1\" content=\"1 minuta\" \/>\n<script type=\"application\/ld+json\" class=\"yoast-schema-graph\">{\"@context\":\"https:\/\/schema.org\",\"@graph\":[{\"@type\":\"WebPage\",\"@id\":\"https:\/\/filplast.pl\/cz\/vyrobek\/tenbox\/\",\"url\":\"https:\/\/filplast.pl\/cz\/vyrobek\/tenbox\/\",\"name\":\"Fas\u00e1dn\u00ed \u017ealuzie TENBOX I Filplast\",\"isPartOf\":{\"@id\":\"https:\/\/filplast.pl\/cz\/#website\"},\"primaryImageOfPage\":{\"@id\":\"https:\/\/filplast.pl\/cz\/vyrobek\/tenbox\/#primaryimage\"},\"image\":{\"@id\":\"https:\/\/filplast.pl\/cz\/vyrobek\/tenbox\/#primaryimage\"},\"thumbnailUrl\":\"https:\/\/filplast.pl\/wp-content\/uploads\/2024\/03\/TENBOX-www-2.png\",\"datePublished\":\"2024-04-03T11:21:17+00:00\",\"dateModified\":\"2024-04-03T11:23:18+00:00\",\"breadcrumb\":{\"@id\":\"https:\/\/filplast.pl\/cz\/vyrobek\/tenbox\/#breadcrumb\"},\"inLanguage\":\"cs\",\"potentialAction\":[{\"@type\":\"ReadAction\",\"target\":[\"https:\/\/filplast.pl\/cz\/vyrobek\/tenbox\/\"]}]},{\"@type\":\"ImageObject\",\"inLanguage\":\"cs\",\"@id\":\"https:\/\/filplast.pl\/cz\/vyrobek\/tenbox\/#primaryimage\",\"url\":\"https:\/\/filplast.pl\/wp-content\/uploads\/2024\/03\/TENBOX-www-2.png\",\"contentUrl\":\"https:\/\/filplast.pl\/wp-content\/uploads\/2024\/03\/TENBOX-www-2.png\",\"width\":1080,\"height\":1080},{\"@type\":\"BreadcrumbList\",\"@id\":\"https:\/\/filplast.pl\/cz\/vyrobek\/tenbox\/#breadcrumb\",\"itemListElement\":[{\"@type\":\"ListItem\",\"position\":1,\"name\":\"Hlavn\u00ed strana\",\"item\":\"https:\/\/filplast.pl\/cz\/\"},{\"@type\":\"ListItem\",\"position\":2,\"name\":\"Produkty\",\"item\":\"https:\/\/filplast.pl\/cz\/vyrobek\/\"},{\"@type\":\"ListItem\",\"position\":3,\"name\":\"TENBOX\"}]},{\"@type\":\"WebSite\",\"@id\":\"https:\/\/filplast.pl\/cz\/#website\",\"url\":\"https:\/\/filplast.pl\/cz\/\",\"name\":\"Filplast po generace\",\"description\":\"Producent okien, drzwi i rolet\",\"publisher\":{\"@id\":\"https:\/\/filplast.pl\/cz\/#organization\"},\"potentialAction\":[{\"@type\":\"SearchAction\",\"target\":{\"@type\":\"EntryPoint\",\"urlTemplate\":\"https:\/\/filplast.pl\/cz\/?s={search_term_string}\"},\"query-input\":{\"@type\":\"PropertyValueSpecification\",\"valueRequired\":true,\"valueName\":\"search_term_string\"}}],\"inLanguage\":\"cs\"},{\"@type\":\"Organization\",\"@id\":\"https:\/\/filplast.pl\/cz\/#organization\",\"name\":\"Filplast po generace\",\"url\":\"https:\/\/filplast.pl\/cz\/\",\"logo\":{\"@type\":\"ImageObject\",\"inLanguage\":\"cs\",\"@id\":\"https:\/\/filplast.pl\/cz\/#\/schema\/logo\/image\/\",\"url\":\"https:\/\/filplast.pl\/wp-content\/uploads\/2023\/10\/favicon-filplast.png\",\"contentUrl\":\"https:\/\/filplast.pl\/wp-content\/uploads\/2023\/10\/favicon-filplast.png\",\"width\":2134,\"height\":2134,\"caption\":\"Filplast po generace\"},\"image\":{\"@id\":\"https:\/\/filplast.pl\/cz\/#\/schema\/logo\/image\/\"},\"sameAs\":[\"https:\/\/www.facebook.com\/filplast.firma\",\"https:\/\/pl.pinterest.com\/filplast\/\",\"https:\/\/www.youtube.com\/FILPLASTchannel\",\"https:\/\/pl.linkedin.com\/company\/filplast-sp.-z-o.o.\",\"https:\/\/www.instagram.com\/filplast\/\"]}]}<\/script>\n<!-- \/ Yoast SEO plugin. -->","yoast_head_json":{"title":"Fas\u00e1dn\u00ed \u017ealuzie TENBOX I Filplast","robots":{"index":"index","follow":"follow","max-snippet":"max-snippet:-1","max-image-preview":"max-image-preview:large","max-video-preview":"max-video-preview:-1"},"canonical":"https:\/\/filplast.pl\/cz\/vyrobek\/tenbox\/","og_locale":"cs_CZ","og_type":"article","og_title":"Fas\u00e1dn\u00ed \u017ealuzie TENBOX I Filplast","og_description":"Verze pro zapu\u0161t\u011bnou mont\u00e1\u017e: siln\u00fd nosn\u00edk om\u00edtky v p\u0159edn\u00ed \u010d\u00e1sti usnad\u0148uje zateplen\u00ed schr\u00e1nky, ALUFOX\u00ae + STYRODUR 15 mm skv\u011bl\u00e1 izolace ze zadn\u00ed strany schr\u00e1nky. Adapta\u010dn\u00ed verze: r\u016fzn\u00e9 v\u00fd\u0161ky schr\u00e1nek pro optimalizaci prostoru, vod\u00edc\u00ed li\u0161ty bez [&hellip;]","og_url":"https:\/\/filplast.pl\/cz\/vyrobek\/tenbox\/","og_site_name":"Filplast po generace","article_publisher":"https:\/\/www.facebook.com\/filplast.firma","article_modified_time":"2024-04-03T11:23:18+00:00","og_image":[{"width":1080,"height":1080,"url":"https:\/\/filplast.pl\/wp-content\/uploads\/2024\/03\/TENBOX-www-2.png","type":"image\/png"}],"twitter_card":"summary_large_image","twitter_misc":{"Odhadovan\u00e1 doba \u010dten\u00ed":"1 minuta"},"schema":{"@context":"https:\/\/schema.org","@graph":[{"@type":"WebPage","@id":"https:\/\/filplast.pl\/cz\/vyrobek\/tenbox\/","url":"https:\/\/filplast.pl\/cz\/vyrobek\/tenbox\/","name":"Fas\u00e1dn\u00ed \u017ealuzie TENBOX I Filplast","isPartOf":{"@id":"https:\/\/filplast.pl\/cz\/#website"},"primaryImageOfPage":{"@id":"https:\/\/filplast.pl\/cz\/vyrobek\/tenbox\/#primaryimage"},"image":{"@id":"https:\/\/filplast.pl\/cz\/vyrobek\/tenbox\/#primaryimage"},"thumbnailUrl":"https:\/\/filplast.pl\/wp-content\/uploads\/2024\/03\/TENBOX-www-2.png","datePublished":"2024-04-03T11:21:17+00:00","dateModified":"2024-04-03T11:23:18+00:00","breadcrumb":{"@id":"https:\/\/filplast.pl\/cz\/vyrobek\/tenbox\/#breadcrumb"},"inLanguage":"cs","potentialAction":[{"@type":"ReadAction","target":["https:\/\/filplast.pl\/cz\/vyrobek\/tenbox\/"]}]},{"@type":"ImageObject","inLanguage":"cs","@id":"https:\/\/filplast.pl\/cz\/vyrobek\/tenbox\/#primaryimage","url":"https:\/\/filplast.pl\/wp-content\/uploads\/2024\/03\/TENBOX-www-2.png","contentUrl":"https:\/\/filplast.pl\/wp-content\/uploads\/2024\/03\/TENBOX-www-2.png","width":1080,"height":1080},{"@type":"BreadcrumbList","@id":"https:\/\/filplast.pl\/cz\/vyrobek\/tenbox\/#breadcrumb","itemListElement":[{"@type":"ListItem","position":1,"name":"Hlavn\u00ed strana","item":"https:\/\/filplast.pl\/cz\/"},{"@type":"ListItem","position":2,"name":"Produkty","item":"https:\/\/filplast.pl\/cz\/vyrobek\/"},{"@type":"ListItem","position":3,"name":"TENBOX"}]},{"@type":"WebSite","@id":"https:\/\/filplast.pl\/cz\/#website","url":"https:\/\/filplast.pl\/cz\/","name":"Filplast po generace","description":"Producent okien, drzwi i rolet","publisher":{"@id":"https:\/\/filplast.pl\/cz\/#organization"},"potentialAction":[{"@type":"SearchAction","target":{"@type":"EntryPoint","urlTemplate":"https:\/\/filplast.pl\/cz\/?s={search_term_string}"},"query-input":{"@type":"PropertyValueSpecification","valueRequired":true,"valueName":"search_term_string"}}],"inLanguage":"cs"},{"@type":"Organization","@id":"https:\/\/filplast.pl\/cz\/#organization","name":"Filplast po generace","url":"https:\/\/filplast.pl\/cz\/","logo":{"@type":"ImageObject","inLanguage":"cs","@id":"https:\/\/filplast.pl\/cz\/#\/schema\/logo\/image\/","url":"https:\/\/filplast.pl\/wp-content\/uploads\/2023\/10\/favicon-filplast.png","contentUrl":"https:\/\/filplast.pl\/wp-content\/uploads\/2023\/10\/favicon-filplast.png","width":2134,"height":2134,"caption":"Filplast po generace"},"image":{"@id":"https:\/\/filplast.pl\/cz\/#\/schema\/logo\/image\/"},"sameAs":["https:\/\/www.facebook.com\/filplast.firma","https:\/\/pl.pinterest.com\/filplast\/","https:\/\/www.youtube.com\/FILPLASTchannel","https:\/\/pl.linkedin.com\/company\/filplast-sp.-z-o.o.","https:\/\/www.instagram.com\/filplast\/"]}]}},"uagb_featured_image_src":{"full":["https:\/\/filplast.pl\/wp-content\/uploads\/2024\/03\/TENBOX-www-2.png",1080,1080,false],"thumbnail":["https:\/\/filplast.pl\/wp-content\/uploads\/2024\/03\/TENBOX-www-2-250x250.png",250,250,true],"medium":["https:\/\/filplast.pl\/wp-content\/uploads\/2024\/03\/TENBOX-www-2-400x400.png",400,400,true],"medium_large":["https:\/\/filplast.pl\/wp-content\/uploads\/2024\/03\/TENBOX-www-2-768x768.png",768,768,true],"large":["https:\/\/filplast.pl\/wp-content\/uploads\/2024\/03\/TENBOX-www-2-1024x1024.png",1024,1024,true],"1536x1536":["https:\/\/filplast.pl\/wp-content\/uploads\/2024\/03\/TENBOX-www-2.png",1080,1080,false],"2048x2048":["https:\/\/filplast.pl\/wp-content\/uploads\/2024\/03\/TENBOX-www-2.png",1080,1080,false],"depcore-widget-post-thumb":["https:\/\/filplast.pl\/wp-content\/uploads\/2024\/03\/TENBOX-www-2-65x65.png",65,65,true],"depcore-widget-post-medium":["https:\/\/filplast.pl\/wp-content\/uploads\/2024\/03\/TENBOX-www-2-280x150.png",280,150,true],"square":["https:\/\/filplast.pl\/wp-content\/uploads\/2024\/03\/TENBOX-www-2-500x500.png",500,500,true],"small-square":["https:\/\/filplast.pl\/wp-content\/uploads\/2024\/03\/TENBOX-www-2-250x250.png",250,250,true],"slider-image":["https:\/\/filplast.pl\/wp-content\/uploads\/2024\/03\/TENBOX-www-2-1080x500.png",1080,500,true],"":["https:\/\/filplast.pl\/wp-content\/uploads\/2024\/03\/TENBOX-www-2.png",250,250,false]},"uagb_author_info":{"display_name":"Micha\u0142 Mrukot","author_link":"https:\/\/filplast.pl\/cz\/author\/"},"uagb_comment_info":0,"uagb_excerpt":"Verze pro zapu\u0161t\u011bnou mont\u00e1\u017e: siln\u00fd nosn\u00edk om\u00edtky v p\u0159edn\u00ed \u010d\u00e1sti usnad\u0148uje zateplen\u00ed schr\u00e1nky, ALUFOX\u00ae + STYRODUR 15 mm skv\u011bl\u00e1 izolace ze zadn\u00ed strany schr\u00e1nky. Adapta\u010dn\u00ed verze: r\u016fzn\u00e9 v\u00fd\u0161ky schr\u00e1nek pro optimalizaci prostoru, vod\u00edc\u00ed li\u0161ty bez [&hellip;]","_links":{"self":[{"href":"https:\/\/filplast.pl\/cz\/wp-json\/wp\/v2\/product\/47276","targetHints":{"allow":["GET"]}}],"collection":[{"href":"https:\/\/filplast.pl\/cz\/wp-json\/wp\/v2\/product"}],"about":[{"href":"https:\/\/filplast.pl\/cz\/wp-json\/wp\/v2\/types\/product"}],"version-history":[{"count":1,"href":"https:\/\/filplast.pl\/cz\/wp-json\/wp\/v2\/product\/47276\/revisions"}],"predecessor-version":[{"id":47278,"href":"https:\/\/filplast.pl\/cz\/wp-json\/wp\/v2\/product\/47276\/revisions\/47278"}],"wp:featuredmedia":[{"embeddable":true,"href":"https:\/\/filplast.pl\/cz\/wp-json\/wp\/v2\/media\/46697"}],"wp:attachment":[{"href":"https:\/\/filplast.pl\/cz\/wp-json\/wp\/v2\/media?parent=47276"}],"curies":[{"name":"wp","href":"https:\/\/api.w.org\/{rel}","templated":true}]}}