{"id":47282,"date":"2024-04-03T14:18:12","date_gmt":"2024-04-03T12:18:12","guid":{"rendered":"https:\/\/filplast.pl\/?post_type=product&#038;p=47282"},"modified":"2024-04-03T14:18:47","modified_gmt":"2024-04-03T12:18:47","slug":"roka-top-2-shadow","status":"publish","type":"product","link":"https:\/\/filplast.pl\/cz\/vyrobek\/roka-top-2-shadow\/","title":{"rendered":"ROKA-TOP\u00ae 2 SHADOW"},"content":{"rendered":"<div id=\"modal-ready\">\n<p>Kombinace materi\u00e1l\u016f Neopor\u00ae a Styropor\u00aes t\u011bsnou konstrukc\u00ed zaru\u010duje vynikaj\u00edc\u00ed parametry z hlediska ochrany proti teplotn\u00edm rozd\u00edl\u016fm, v\u011btru a vlhkosti. D\u00edky stabiliza\u010dn\u00edm konzol\u00e1m zabudovan\u00fdm v p\u011bn\u011b, v\u00fdztuh\u00e1m z okenn\u00edch profil\u016f a inovativn\u00edm upev\u0148ovac\u00edm prvk\u016fm je konstrukce trvanliv\u00e1 a stabiln\u00ed.<\/p>\n\n\n\n<div class=\"wp-block-buttons is-layout-flex wp-block-buttons-is-layout-flex\">\n<div class=\"wp-block-button\"><a class=\"wp-block-button__link has-background wp-element-button\" href=\"https:\/\/filplast.pl\/wp-content\/uploads\/2024\/03\/ROKA-TOP-2-Shadow-CZ.pdf\" style=\"background-color:#00387b\" target=\"_blank\" rel=\"noreferrer noopener\"><strong><strong>Produktov\u00e1 karta<\/strong><\/strong><\/a><\/div>\n<\/div>\n<\/div>","protected":false},"excerpt":{"rendered":"<p>D\u00edky stabiliza\u010dn\u00edm konzol\u00e1m zabudovan\u00fdm v p\u011bn\u011b, v\u00fdztuh\u00e1m z okenn\u00edch profil\u016f a inovativn\u00edm upev\u0148ovac\u00edm prvk\u016fm je konstrukce trvanliv\u00e1 a stabiln\u00ed.<\/p>\n","protected":false},"featured_media":46204,"parent":0,"menu_order":33,"template":"","class_list":["post-47282","product","type-product","status-publish","has-post-thumbnail","hentry","product-category-venkovni-zaluzie","product-line-platinumline-cz"],"yoast_head":"<!-- This site is optimized with the Yoast SEO plugin v24.7 - https:\/\/yoast.com\/wordpress\/plugins\/seo\/ -->\n<title>Fas\u00e1dn\u00ed \u017ealuzie ROKA-TOP\u00ae 2 SHADOW I Filplast<\/title>\n<meta name=\"robots\" content=\"index, follow, max-snippet:-1, max-image-preview:large, max-video-preview:-1\" \/>\n<link rel=\"canonical\" href=\"https:\/\/filplast.pl\/cz\/vyrobek\/roka-top-2-shadow\/\" \/>\n<meta property=\"og:locale\" content=\"cs_CZ\" \/>\n<meta property=\"og:type\" content=\"article\" \/>\n<meta property=\"og:title\" content=\"Fas\u00e1dn\u00ed \u017ealuzie ROKA-TOP\u00ae 2 SHADOW I Filplast\" \/>\n<meta property=\"og:description\" content=\"D\u00edky stabiliza\u010dn\u00edm konzol\u00e1m zabudovan\u00fdm v p\u011bn\u011b, v\u00fdztuh\u00e1m z okenn\u00edch profil\u016f a inovativn\u00edm upev\u0148ovac\u00edm prvk\u016fm je konstrukce trvanliv\u00e1 a stabiln\u00ed.\" \/>\n<meta property=\"og:url\" content=\"https:\/\/filplast.pl\/cz\/vyrobek\/roka-top-2-shadow\/\" \/>\n<meta property=\"og:site_name\" content=\"Filplast po generace\" \/>\n<meta property=\"article:publisher\" content=\"https:\/\/www.facebook.com\/filplast.firma\" \/>\n<meta property=\"article:modified_time\" content=\"2024-04-03T12:18:47+00:00\" \/>\n<meta property=\"og:image\" content=\"https:\/\/filplast.pl\/wp-content\/uploads\/2024\/03\/ROKA-TOP\u00ae-2-SHADOW.png\" \/>\n\t<meta property=\"og:image:width\" content=\"796\" \/>\n\t<meta property=\"og:image:height\" content=\"686\" \/>\n\t<meta property=\"og:image:type\" content=\"image\/png\" \/>\n<meta name=\"twitter:card\" content=\"summary_large_image\" \/>\n<meta name=\"twitter:label1\" content=\"Odhadovan\u00e1 doba \u010dten\u00ed\" \/>\n\t<meta name=\"twitter:data1\" content=\"1 minuta\" \/>\n<script type=\"application\/ld+json\" class=\"yoast-schema-graph\">{\"@context\":\"https:\/\/schema.org\",\"@graph\":[{\"@type\":\"WebPage\",\"@id\":\"https:\/\/filplast.pl\/cz\/vyrobek\/roka-top-2-shadow\/\",\"url\":\"https:\/\/filplast.pl\/cz\/vyrobek\/roka-top-2-shadow\/\",\"name\":\"Fas\u00e1dn\u00ed \u017ealuzie ROKA-TOP\u00ae 2 SHADOW I Filplast\",\"isPartOf\":{\"@id\":\"https:\/\/filplast.pl\/cz\/#website\"},\"primaryImageOfPage\":{\"@id\":\"https:\/\/filplast.pl\/cz\/vyrobek\/roka-top-2-shadow\/#primaryimage\"},\"image\":{\"@id\":\"https:\/\/filplast.pl\/cz\/vyrobek\/roka-top-2-shadow\/#primaryimage\"},\"thumbnailUrl\":\"https:\/\/filplast.pl\/wp-content\/uploads\/2024\/03\/ROKA-TOP\u00ae-2-SHADOW.png\",\"datePublished\":\"2024-04-03T12:18:12+00:00\",\"dateModified\":\"2024-04-03T12:18:47+00:00\",\"breadcrumb\":{\"@id\":\"https:\/\/filplast.pl\/cz\/vyrobek\/roka-top-2-shadow\/#breadcrumb\"},\"inLanguage\":\"cs\",\"potentialAction\":[{\"@type\":\"ReadAction\",\"target\":[\"https:\/\/filplast.pl\/cz\/vyrobek\/roka-top-2-shadow\/\"]}]},{\"@type\":\"ImageObject\",\"inLanguage\":\"cs\",\"@id\":\"https:\/\/filplast.pl\/cz\/vyrobek\/roka-top-2-shadow\/#primaryimage\",\"url\":\"https:\/\/filplast.pl\/wp-content\/uploads\/2024\/03\/ROKA-TOP\u00ae-2-SHADOW.png\",\"contentUrl\":\"https:\/\/filplast.pl\/wp-content\/uploads\/2024\/03\/ROKA-TOP\u00ae-2-SHADOW.png\",\"width\":796,\"height\":686},{\"@type\":\"BreadcrumbList\",\"@id\":\"https:\/\/filplast.pl\/cz\/vyrobek\/roka-top-2-shadow\/#breadcrumb\",\"itemListElement\":[{\"@type\":\"ListItem\",\"position\":1,\"name\":\"Hlavn\u00ed strana\",\"item\":\"https:\/\/filplast.pl\/cz\/\"},{\"@type\":\"ListItem\",\"position\":2,\"name\":\"Produkty\",\"item\":\"https:\/\/filplast.pl\/cz\/vyrobek\/\"},{\"@type\":\"ListItem\",\"position\":3,\"name\":\"ROKA-TOP\u00ae 2 SHADOW\"}]},{\"@type\":\"WebSite\",\"@id\":\"https:\/\/filplast.pl\/cz\/#website\",\"url\":\"https:\/\/filplast.pl\/cz\/\",\"name\":\"Filplast po generace\",\"description\":\"Producent okien, drzwi i rolet\",\"publisher\":{\"@id\":\"https:\/\/filplast.pl\/cz\/#organization\"},\"potentialAction\":[{\"@type\":\"SearchAction\",\"target\":{\"@type\":\"EntryPoint\",\"urlTemplate\":\"https:\/\/filplast.pl\/cz\/?s={search_term_string}\"},\"query-input\":{\"@type\":\"PropertyValueSpecification\",\"valueRequired\":true,\"valueName\":\"search_term_string\"}}],\"inLanguage\":\"cs\"},{\"@type\":\"Organization\",\"@id\":\"https:\/\/filplast.pl\/cz\/#organization\",\"name\":\"Filplast po generace\",\"url\":\"https:\/\/filplast.pl\/cz\/\",\"logo\":{\"@type\":\"ImageObject\",\"inLanguage\":\"cs\",\"@id\":\"https:\/\/filplast.pl\/cz\/#\/schema\/logo\/image\/\",\"url\":\"https:\/\/filplast.pl\/wp-content\/uploads\/2023\/10\/favicon-filplast.png\",\"contentUrl\":\"https:\/\/filplast.pl\/wp-content\/uploads\/2023\/10\/favicon-filplast.png\",\"width\":2134,\"height\":2134,\"caption\":\"Filplast po generace\"},\"image\":{\"@id\":\"https:\/\/filplast.pl\/cz\/#\/schema\/logo\/image\/\"},\"sameAs\":[\"https:\/\/www.facebook.com\/filplast.firma\",\"https:\/\/pl.pinterest.com\/filplast\/\",\"https:\/\/www.youtube.com\/FILPLASTchannel\",\"https:\/\/pl.linkedin.com\/company\/filplast-sp.-z-o.o.\",\"https:\/\/www.instagram.com\/filplast\/\"]}]}<\/script>\n<!-- \/ Yoast SEO plugin. -->","yoast_head_json":{"title":"Fas\u00e1dn\u00ed \u017ealuzie ROKA-TOP\u00ae 2 SHADOW I Filplast","robots":{"index":"index","follow":"follow","max-snippet":"max-snippet:-1","max-image-preview":"max-image-preview:large","max-video-preview":"max-video-preview:-1"},"canonical":"https:\/\/filplast.pl\/cz\/vyrobek\/roka-top-2-shadow\/","og_locale":"cs_CZ","og_type":"article","og_title":"Fas\u00e1dn\u00ed \u017ealuzie ROKA-TOP\u00ae 2 SHADOW I Filplast","og_description":"D\u00edky stabiliza\u010dn\u00edm konzol\u00e1m zabudovan\u00fdm v p\u011bn\u011b, v\u00fdztuh\u00e1m z okenn\u00edch profil\u016f a inovativn\u00edm upev\u0148ovac\u00edm prvk\u016fm je konstrukce trvanliv\u00e1 a stabiln\u00ed.","og_url":"https:\/\/filplast.pl\/cz\/vyrobek\/roka-top-2-shadow\/","og_site_name":"Filplast po generace","article_publisher":"https:\/\/www.facebook.com\/filplast.firma","article_modified_time":"2024-04-03T12:18:47+00:00","og_image":[{"width":796,"height":686,"url":"https:\/\/filplast.pl\/wp-content\/uploads\/2024\/03\/ROKA-TOP\u00ae-2-SHADOW.png","type":"image\/png"}],"twitter_card":"summary_large_image","twitter_misc":{"Odhadovan\u00e1 doba \u010dten\u00ed":"1 minuta"},"schema":{"@context":"https:\/\/schema.org","@graph":[{"@type":"WebPage","@id":"https:\/\/filplast.pl\/cz\/vyrobek\/roka-top-2-shadow\/","url":"https:\/\/filplast.pl\/cz\/vyrobek\/roka-top-2-shadow\/","name":"Fas\u00e1dn\u00ed \u017ealuzie ROKA-TOP\u00ae 2 SHADOW I Filplast","isPartOf":{"@id":"https:\/\/filplast.pl\/cz\/#website"},"primaryImageOfPage":{"@id":"https:\/\/filplast.pl\/cz\/vyrobek\/roka-top-2-shadow\/#primaryimage"},"image":{"@id":"https:\/\/filplast.pl\/cz\/vyrobek\/roka-top-2-shadow\/#primaryimage"},"thumbnailUrl":"https:\/\/filplast.pl\/wp-content\/uploads\/2024\/03\/ROKA-TOP\u00ae-2-SHADOW.png","datePublished":"2024-04-03T12:18:12+00:00","dateModified":"2024-04-03T12:18:47+00:00","breadcrumb":{"@id":"https:\/\/filplast.pl\/cz\/vyrobek\/roka-top-2-shadow\/#breadcrumb"},"inLanguage":"cs","potentialAction":[{"@type":"ReadAction","target":["https:\/\/filplast.pl\/cz\/vyrobek\/roka-top-2-shadow\/"]}]},{"@type":"ImageObject","inLanguage":"cs","@id":"https:\/\/filplast.pl\/cz\/vyrobek\/roka-top-2-shadow\/#primaryimage","url":"https:\/\/filplast.pl\/wp-content\/uploads\/2024\/03\/ROKA-TOP\u00ae-2-SHADOW.png","contentUrl":"https:\/\/filplast.pl\/wp-content\/uploads\/2024\/03\/ROKA-TOP\u00ae-2-SHADOW.png","width":796,"height":686},{"@type":"BreadcrumbList","@id":"https:\/\/filplast.pl\/cz\/vyrobek\/roka-top-2-shadow\/#breadcrumb","itemListElement":[{"@type":"ListItem","position":1,"name":"Hlavn\u00ed strana","item":"https:\/\/filplast.pl\/cz\/"},{"@type":"ListItem","position":2,"name":"Produkty","item":"https:\/\/filplast.pl\/cz\/vyrobek\/"},{"@type":"ListItem","position":3,"name":"ROKA-TOP\u00ae 2 SHADOW"}]},{"@type":"WebSite","@id":"https:\/\/filplast.pl\/cz\/#website","url":"https:\/\/filplast.pl\/cz\/","name":"Filplast po generace","description":"Producent okien, drzwi i rolet","publisher":{"@id":"https:\/\/filplast.pl\/cz\/#organization"},"potentialAction":[{"@type":"SearchAction","target":{"@type":"EntryPoint","urlTemplate":"https:\/\/filplast.pl\/cz\/?s={search_term_string}"},"query-input":{"@type":"PropertyValueSpecification","valueRequired":true,"valueName":"search_term_string"}}],"inLanguage":"cs"},{"@type":"Organization","@id":"https:\/\/filplast.pl\/cz\/#organization","name":"Filplast po generace","url":"https:\/\/filplast.pl\/cz\/","logo":{"@type":"ImageObject","inLanguage":"cs","@id":"https:\/\/filplast.pl\/cz\/#\/schema\/logo\/image\/","url":"https:\/\/filplast.pl\/wp-content\/uploads\/2023\/10\/favicon-filplast.png","contentUrl":"https:\/\/filplast.pl\/wp-content\/uploads\/2023\/10\/favicon-filplast.png","width":2134,"height":2134,"caption":"Filplast po generace"},"image":{"@id":"https:\/\/filplast.pl\/cz\/#\/schema\/logo\/image\/"},"sameAs":["https:\/\/www.facebook.com\/filplast.firma","https:\/\/pl.pinterest.com\/filplast\/","https:\/\/www.youtube.com\/FILPLASTchannel","https:\/\/pl.linkedin.com\/company\/filplast-sp.-z-o.o.","https:\/\/www.instagram.com\/filplast\/"]}]}},"uagb_featured_image_src":{"full":["https:\/\/filplast.pl\/wp-content\/uploads\/2024\/03\/ROKA-TOP\u00ae-2-SHADOW.png",796,686,false],"thumbnail":["https:\/\/filplast.pl\/wp-content\/uploads\/2024\/03\/ROKA-TOP\u00ae-2-SHADOW-250x250.png",250,250,true],"medium":["https:\/\/filplast.pl\/wp-content\/uploads\/2024\/03\/ROKA-TOP\u00ae-2-SHADOW-400x345.png",400,345,true],"medium_large":["https:\/\/filplast.pl\/wp-content\/uploads\/2024\/03\/ROKA-TOP\u00ae-2-SHADOW-768x662.png",768,662,true],"large":["https:\/\/filplast.pl\/wp-content\/uploads\/2024\/03\/ROKA-TOP\u00ae-2-SHADOW.png",796,686,false],"1536x1536":["https:\/\/filplast.pl\/wp-content\/uploads\/2024\/03\/ROKA-TOP\u00ae-2-SHADOW.png",796,686,false],"2048x2048":["https:\/\/filplast.pl\/wp-content\/uploads\/2024\/03\/ROKA-TOP\u00ae-2-SHADOW.png",796,686,false],"depcore-widget-post-thumb":["https:\/\/filplast.pl\/wp-content\/uploads\/2024\/03\/ROKA-TOP\u00ae-2-SHADOW-65x65.png",65,65,true],"depcore-widget-post-medium":["https:\/\/filplast.pl\/wp-content\/uploads\/2024\/03\/ROKA-TOP\u00ae-2-SHADOW-280x150.png",280,150,true],"square":["https:\/\/filplast.pl\/wp-content\/uploads\/2024\/03\/ROKA-TOP\u00ae-2-SHADOW-500x500.png",500,500,true],"small-square":["https:\/\/filplast.pl\/wp-content\/uploads\/2024\/03\/ROKA-TOP\u00ae-2-SHADOW-250x250.png",250,250,true],"slider-image":["https:\/\/filplast.pl\/wp-content\/uploads\/2024\/03\/ROKA-TOP\u00ae-2-SHADOW-796x500.png",796,500,true],"":["https:\/\/filplast.pl\/wp-content\/uploads\/2024\/03\/ROKA-TOP\u00ae-2-SHADOW.png",290,250,false]},"uagb_author_info":{"display_name":"Micha\u0142 Mrukot","author_link":"https:\/\/filplast.pl\/cz\/author\/"},"uagb_comment_info":0,"uagb_excerpt":"D\u00edky stabiliza\u010dn\u00edm konzol\u00e1m zabudovan\u00fdm v p\u011bn\u011b, v\u00fdztuh\u00e1m z okenn\u00edch profil\u016f a inovativn\u00edm upev\u0148ovac\u00edm prvk\u016fm je konstrukce trvanliv\u00e1 a stabiln\u00ed.","_links":{"self":[{"href":"https:\/\/filplast.pl\/cz\/wp-json\/wp\/v2\/product\/47282","targetHints":{"allow":["GET"]}}],"collection":[{"href":"https:\/\/filplast.pl\/cz\/wp-json\/wp\/v2\/product"}],"about":[{"href":"https:\/\/filplast.pl\/cz\/wp-json\/wp\/v2\/types\/product"}],"version-history":[{"count":4,"href":"https:\/\/filplast.pl\/cz\/wp-json\/wp\/v2\/product\/47282\/revisions"}],"predecessor-version":[{"id":47287,"href":"https:\/\/filplast.pl\/cz\/wp-json\/wp\/v2\/product\/47282\/revisions\/47287"}],"wp:featuredmedia":[{"embeddable":true,"href":"https:\/\/filplast.pl\/cz\/wp-json\/wp\/v2\/media\/46204"}],"wp:attachment":[{"href":"https:\/\/filplast.pl\/cz\/wp-json\/wp\/v2\/media?parent=47282"}],"curies":[{"name":"wp","href":"https:\/\/api.w.org\/{rel}","templated":true}]}}