{"id":47454,"date":"2024-04-09T15:35:45","date_gmt":"2024-04-09T13:35:45","guid":{"rendered":"https:\/\/filplast.pl\/?post_type=product&#038;p=47454"},"modified":"2024-04-09T15:36:39","modified_gmt":"2024-04-09T13:36:39","slug":"pergola-sb-350","status":"publish","type":"product","link":"https:\/\/filplast.pl\/cz\/vyrobek\/pergola-sb-350\/","title":{"rendered":"Pergola SB 350"},"content":{"rendered":"<div id=\"modal-ready\">\n<p>Pergola SB 350 je dostupn\u00e1 pouze ve voln\u011b stoj\u00edc\u00ed verzi s pevn\u011b dan\u00fdmi rozm\u011bry. St\u0159echa pergoly je vyrobena z ploch\u00fdch lamel, kter\u00e9 usnad\u0148uj\u00ed odvod vody a po uzav\u0159en\u00ed tvo\u0159\u00ed hladk\u00fd povrch. Ot\u00e1\u010den\u00ed lamel je poh\u00e1n\u011bno elektromotorem.<\/p>\n\n\n\n<div class=\"wp-block-buttons is-layout-flex wp-block-buttons-is-layout-flex\">\n<div class=\"wp-block-button is-style-fill\"><a class=\"wp-block-button__link has-white-color has-text-color has-background wp-element-button\" href=\"https:\/\/filplast.pl\/wp-content\/uploads\/2024\/04\/Pergola-SB-350-CZ.pdf\" style=\"background-color:#01387b\" target=\"_blank\" rel=\"noreferrer noopener\"><strong>Produktov\u00e1 karta<\/strong><\/a><\/div>\n<\/div>\n<\/div>","protected":false},"excerpt":{"rendered":"<p>St\u0159echa pergoly je vyrobena z ploch\u00fdch lamel, kter\u00e9 usnad\u0148uj\u00ed odvod vody a po uzav\u0159en\u00ed tvo\u0159\u00ed hladk\u00fd povrch. <\/p>\n","protected":false},"featured_media":45186,"parent":0,"menu_order":83,"template":"","class_list":["post-47454","product","type-product","status-publish","has-post-thumbnail","hentry","product-category-markyzy-pergoly-screenove-rolety","product-line-goldenline-cz"],"yoast_head":"<!-- This site is optimized with the Yoast SEO plugin v24.7 - https:\/\/yoast.com\/wordpress\/plugins\/seo\/ -->\n<title>Pergola SB 350 Filplast - Na pokolenia<\/title>\n<meta name=\"robots\" content=\"index, follow, max-snippet:-1, max-image-preview:large, max-video-preview:-1\" \/>\n<link rel=\"canonical\" href=\"https:\/\/filplast.pl\/cz\/vyrobek\/pergola-sb-350\/\" \/>\n<meta property=\"og:locale\" content=\"cs_CZ\" \/>\n<meta property=\"og:type\" content=\"article\" \/>\n<meta property=\"og:title\" content=\"Pergola SB 350 Filplast - Na pokolenia\" \/>\n<meta property=\"og:description\" content=\"St\u0159echa pergoly je vyrobena z ploch\u00fdch lamel, kter\u00e9 usnad\u0148uj\u00ed odvod vody a po uzav\u0159en\u00ed tvo\u0159\u00ed hladk\u00fd povrch.\" \/>\n<meta property=\"og:url\" content=\"https:\/\/filplast.pl\/cz\/vyrobek\/pergola-sb-350\/\" \/>\n<meta property=\"og:site_name\" content=\"Filplast po generace\" \/>\n<meta property=\"article:publisher\" content=\"https:\/\/www.facebook.com\/filplast.firma\" \/>\n<meta property=\"article:modified_time\" content=\"2024-04-09T13:36:39+00:00\" \/>\n<meta property=\"og:image\" content=\"https:\/\/filplast.pl\/wp-content\/uploads\/2024\/02\/sb-350-2-1.png\" \/>\n\t<meta property=\"og:image:width\" content=\"1080\" \/>\n\t<meta property=\"og:image:height\" content=\"1080\" \/>\n\t<meta property=\"og:image:type\" content=\"image\/png\" \/>\n<meta name=\"twitter:card\" content=\"summary_large_image\" \/>\n<meta name=\"twitter:label1\" content=\"Odhadovan\u00e1 doba \u010dten\u00ed\" \/>\n\t<meta name=\"twitter:data1\" content=\"1 minuta\" \/>\n<script type=\"application\/ld+json\" class=\"yoast-schema-graph\">{\"@context\":\"https:\/\/schema.org\",\"@graph\":[{\"@type\":\"WebPage\",\"@id\":\"https:\/\/filplast.pl\/cz\/vyrobek\/pergola-sb-350\/\",\"url\":\"https:\/\/filplast.pl\/cz\/vyrobek\/pergola-sb-350\/\",\"name\":\"Pergola SB 350 Filplast - Na pokolenia\",\"isPartOf\":{\"@id\":\"https:\/\/filplast.pl\/cz\/#website\"},\"primaryImageOfPage\":{\"@id\":\"https:\/\/filplast.pl\/cz\/vyrobek\/pergola-sb-350\/#primaryimage\"},\"image\":{\"@id\":\"https:\/\/filplast.pl\/cz\/vyrobek\/pergola-sb-350\/#primaryimage\"},\"thumbnailUrl\":\"https:\/\/filplast.pl\/wp-content\/uploads\/2024\/02\/sb-350-2-1.png\",\"datePublished\":\"2024-04-09T13:35:45+00:00\",\"dateModified\":\"2024-04-09T13:36:39+00:00\",\"breadcrumb\":{\"@id\":\"https:\/\/filplast.pl\/cz\/vyrobek\/pergola-sb-350\/#breadcrumb\"},\"inLanguage\":\"cs\",\"potentialAction\":[{\"@type\":\"ReadAction\",\"target\":[\"https:\/\/filplast.pl\/cz\/vyrobek\/pergola-sb-350\/\"]}]},{\"@type\":\"ImageObject\",\"inLanguage\":\"cs\",\"@id\":\"https:\/\/filplast.pl\/cz\/vyrobek\/pergola-sb-350\/#primaryimage\",\"url\":\"https:\/\/filplast.pl\/wp-content\/uploads\/2024\/02\/sb-350-2-1.png\",\"contentUrl\":\"https:\/\/filplast.pl\/wp-content\/uploads\/2024\/02\/sb-350-2-1.png\",\"width\":1080,\"height\":1080},{\"@type\":\"BreadcrumbList\",\"@id\":\"https:\/\/filplast.pl\/cz\/vyrobek\/pergola-sb-350\/#breadcrumb\",\"itemListElement\":[{\"@type\":\"ListItem\",\"position\":1,\"name\":\"Hlavn\u00ed strana\",\"item\":\"https:\/\/filplast.pl\/cz\/\"},{\"@type\":\"ListItem\",\"position\":2,\"name\":\"Produkty\",\"item\":\"https:\/\/filplast.pl\/cz\/vyrobek\/\"},{\"@type\":\"ListItem\",\"position\":3,\"name\":\"Pergola SB 350\"}]},{\"@type\":\"WebSite\",\"@id\":\"https:\/\/filplast.pl\/cz\/#website\",\"url\":\"https:\/\/filplast.pl\/cz\/\",\"name\":\"Filplast po generace\",\"description\":\"Producent okien, drzwi i rolet\",\"publisher\":{\"@id\":\"https:\/\/filplast.pl\/cz\/#organization\"},\"potentialAction\":[{\"@type\":\"SearchAction\",\"target\":{\"@type\":\"EntryPoint\",\"urlTemplate\":\"https:\/\/filplast.pl\/cz\/?s={search_term_string}\"},\"query-input\":{\"@type\":\"PropertyValueSpecification\",\"valueRequired\":true,\"valueName\":\"search_term_string\"}}],\"inLanguage\":\"cs\"},{\"@type\":\"Organization\",\"@id\":\"https:\/\/filplast.pl\/cz\/#organization\",\"name\":\"Filplast po generace\",\"url\":\"https:\/\/filplast.pl\/cz\/\",\"logo\":{\"@type\":\"ImageObject\",\"inLanguage\":\"cs\",\"@id\":\"https:\/\/filplast.pl\/cz\/#\/schema\/logo\/image\/\",\"url\":\"https:\/\/filplast.pl\/wp-content\/uploads\/2023\/10\/favicon-filplast.png\",\"contentUrl\":\"https:\/\/filplast.pl\/wp-content\/uploads\/2023\/10\/favicon-filplast.png\",\"width\":2134,\"height\":2134,\"caption\":\"Filplast po generace\"},\"image\":{\"@id\":\"https:\/\/filplast.pl\/cz\/#\/schema\/logo\/image\/\"},\"sameAs\":[\"https:\/\/www.facebook.com\/filplast.firma\",\"https:\/\/pl.pinterest.com\/filplast\/\",\"https:\/\/www.youtube.com\/FILPLASTchannel\",\"https:\/\/pl.linkedin.com\/company\/filplast-sp.-z-o.o.\",\"https:\/\/www.instagram.com\/filplast\/\"]}]}<\/script>\n<!-- \/ Yoast SEO plugin. -->","yoast_head_json":{"title":"Pergola SB 350 Filplast - Na pokolenia","robots":{"index":"index","follow":"follow","max-snippet":"max-snippet:-1","max-image-preview":"max-image-preview:large","max-video-preview":"max-video-preview:-1"},"canonical":"https:\/\/filplast.pl\/cz\/vyrobek\/pergola-sb-350\/","og_locale":"cs_CZ","og_type":"article","og_title":"Pergola SB 350 Filplast - Na pokolenia","og_description":"St\u0159echa pergoly je vyrobena z ploch\u00fdch lamel, kter\u00e9 usnad\u0148uj\u00ed odvod vody a po uzav\u0159en\u00ed tvo\u0159\u00ed hladk\u00fd povrch.","og_url":"https:\/\/filplast.pl\/cz\/vyrobek\/pergola-sb-350\/","og_site_name":"Filplast po generace","article_publisher":"https:\/\/www.facebook.com\/filplast.firma","article_modified_time":"2024-04-09T13:36:39+00:00","og_image":[{"width":1080,"height":1080,"url":"https:\/\/filplast.pl\/wp-content\/uploads\/2024\/02\/sb-350-2-1.png","type":"image\/png"}],"twitter_card":"summary_large_image","twitter_misc":{"Odhadovan\u00e1 doba \u010dten\u00ed":"1 minuta"},"schema":{"@context":"https:\/\/schema.org","@graph":[{"@type":"WebPage","@id":"https:\/\/filplast.pl\/cz\/vyrobek\/pergola-sb-350\/","url":"https:\/\/filplast.pl\/cz\/vyrobek\/pergola-sb-350\/","name":"Pergola SB 350 Filplast - Na pokolenia","isPartOf":{"@id":"https:\/\/filplast.pl\/cz\/#website"},"primaryImageOfPage":{"@id":"https:\/\/filplast.pl\/cz\/vyrobek\/pergola-sb-350\/#primaryimage"},"image":{"@id":"https:\/\/filplast.pl\/cz\/vyrobek\/pergola-sb-350\/#primaryimage"},"thumbnailUrl":"https:\/\/filplast.pl\/wp-content\/uploads\/2024\/02\/sb-350-2-1.png","datePublished":"2024-04-09T13:35:45+00:00","dateModified":"2024-04-09T13:36:39+00:00","breadcrumb":{"@id":"https:\/\/filplast.pl\/cz\/vyrobek\/pergola-sb-350\/#breadcrumb"},"inLanguage":"cs","potentialAction":[{"@type":"ReadAction","target":["https:\/\/filplast.pl\/cz\/vyrobek\/pergola-sb-350\/"]}]},{"@type":"ImageObject","inLanguage":"cs","@id":"https:\/\/filplast.pl\/cz\/vyrobek\/pergola-sb-350\/#primaryimage","url":"https:\/\/filplast.pl\/wp-content\/uploads\/2024\/02\/sb-350-2-1.png","contentUrl":"https:\/\/filplast.pl\/wp-content\/uploads\/2024\/02\/sb-350-2-1.png","width":1080,"height":1080},{"@type":"BreadcrumbList","@id":"https:\/\/filplast.pl\/cz\/vyrobek\/pergola-sb-350\/#breadcrumb","itemListElement":[{"@type":"ListItem","position":1,"name":"Hlavn\u00ed strana","item":"https:\/\/filplast.pl\/cz\/"},{"@type":"ListItem","position":2,"name":"Produkty","item":"https:\/\/filplast.pl\/cz\/vyrobek\/"},{"@type":"ListItem","position":3,"name":"Pergola SB 350"}]},{"@type":"WebSite","@id":"https:\/\/filplast.pl\/cz\/#website","url":"https:\/\/filplast.pl\/cz\/","name":"Filplast po generace","description":"Producent okien, drzwi i rolet","publisher":{"@id":"https:\/\/filplast.pl\/cz\/#organization"},"potentialAction":[{"@type":"SearchAction","target":{"@type":"EntryPoint","urlTemplate":"https:\/\/filplast.pl\/cz\/?s={search_term_string}"},"query-input":{"@type":"PropertyValueSpecification","valueRequired":true,"valueName":"search_term_string"}}],"inLanguage":"cs"},{"@type":"Organization","@id":"https:\/\/filplast.pl\/cz\/#organization","name":"Filplast po generace","url":"https:\/\/filplast.pl\/cz\/","logo":{"@type":"ImageObject","inLanguage":"cs","@id":"https:\/\/filplast.pl\/cz\/#\/schema\/logo\/image\/","url":"https:\/\/filplast.pl\/wp-content\/uploads\/2023\/10\/favicon-filplast.png","contentUrl":"https:\/\/filplast.pl\/wp-content\/uploads\/2023\/10\/favicon-filplast.png","width":2134,"height":2134,"caption":"Filplast po generace"},"image":{"@id":"https:\/\/filplast.pl\/cz\/#\/schema\/logo\/image\/"},"sameAs":["https:\/\/www.facebook.com\/filplast.firma","https:\/\/pl.pinterest.com\/filplast\/","https:\/\/www.youtube.com\/FILPLASTchannel","https:\/\/pl.linkedin.com\/company\/filplast-sp.-z-o.o.","https:\/\/www.instagram.com\/filplast\/"]}]}},"uagb_featured_image_src":{"full":["https:\/\/filplast.pl\/wp-content\/uploads\/2024\/02\/sb-350-2-1.png",1080,1080,false],"thumbnail":["https:\/\/filplast.pl\/wp-content\/uploads\/2024\/02\/sb-350-2-1-250x250.png",250,250,true],"medium":["https:\/\/filplast.pl\/wp-content\/uploads\/2024\/02\/sb-350-2-1-400x400.png",400,400,true],"medium_large":["https:\/\/filplast.pl\/wp-content\/uploads\/2024\/02\/sb-350-2-1-768x768.png",768,768,true],"large":["https:\/\/filplast.pl\/wp-content\/uploads\/2024\/02\/sb-350-2-1-1024x1024.png",1024,1024,true],"1536x1536":["https:\/\/filplast.pl\/wp-content\/uploads\/2024\/02\/sb-350-2-1.png",1080,1080,false],"2048x2048":["https:\/\/filplast.pl\/wp-content\/uploads\/2024\/02\/sb-350-2-1.png",1080,1080,false],"depcore-widget-post-thumb":["https:\/\/filplast.pl\/wp-content\/uploads\/2024\/02\/sb-350-2-1-65x65.png",65,65,true],"depcore-widget-post-medium":["https:\/\/filplast.pl\/wp-content\/uploads\/2024\/02\/sb-350-2-1-280x150.png",280,150,true],"square":["https:\/\/filplast.pl\/wp-content\/uploads\/2024\/02\/sb-350-2-1-500x500.png",500,500,true],"small-square":["https:\/\/filplast.pl\/wp-content\/uploads\/2024\/02\/sb-350-2-1-250x250.png",250,250,true],"slider-image":["https:\/\/filplast.pl\/wp-content\/uploads\/2024\/02\/sb-350-2-1-1080x500.png",1080,500,true],"":["https:\/\/filplast.pl\/wp-content\/uploads\/2024\/02\/sb-350-2-1.png",250,250,false]},"uagb_author_info":{"display_name":"Micha\u0142 Mrukot","author_link":"https:\/\/filplast.pl\/cz\/author\/"},"uagb_comment_info":0,"uagb_excerpt":"St\u0159echa pergoly je vyrobena z ploch\u00fdch lamel, kter\u00e9 usnad\u0148uj\u00ed odvod vody a po uzav\u0159en\u00ed tvo\u0159\u00ed hladk\u00fd povrch.","_links":{"self":[{"href":"https:\/\/filplast.pl\/cz\/wp-json\/wp\/v2\/product\/47454","targetHints":{"allow":["GET"]}}],"collection":[{"href":"https:\/\/filplast.pl\/cz\/wp-json\/wp\/v2\/product"}],"about":[{"href":"https:\/\/filplast.pl\/cz\/wp-json\/wp\/v2\/types\/product"}],"version-history":[{"count":3,"href":"https:\/\/filplast.pl\/cz\/wp-json\/wp\/v2\/product\/47454\/revisions"}],"predecessor-version":[{"id":47475,"href":"https:\/\/filplast.pl\/cz\/wp-json\/wp\/v2\/product\/47454\/revisions\/47475"}],"wp:featuredmedia":[{"embeddable":true,"href":"https:\/\/filplast.pl\/cz\/wp-json\/wp\/v2\/media\/45186"}],"wp:attachment":[{"href":"https:\/\/filplast.pl\/cz\/wp-json\/wp\/v2\/media?parent=47454"}],"curies":[{"name":"wp","href":"https:\/\/api.w.org\/{rel}","templated":true}]}}