{"id":53012,"date":"2024-10-15T09:49:59","date_gmt":"2024-10-15T07:49:59","guid":{"rendered":"https:\/\/filplast.pl\/produkt\/alustar-79\/"},"modified":"2026-01-15T15:48:03","modified_gmt":"2026-01-15T14:48:03","slug":"alustar-79","status":"publish","type":"product","link":"https:\/\/filplast.pl\/cz\/vyrobek\/alustar-79\/","title":{"rendered":"AluStar 79"},"content":{"rendered":"<div id=\"modal-ready\"><p>AluStar 79 jsou modern\u00ed, energeticky \u00fasporn\u00e1 okna s vysok\u00fdmi technick\u00fdmi parametry a z\u00e1rove\u0148 ekonomick\u00e1. Syst\u00e9m umo\u017e\u0148uje navrhov\u00e1n\u00ed \u0161t\u00edhl\u00fdch a elegantn\u00edch konstrukc\u00ed, kter\u00e9 nach\u00e1zej\u00ed \u0161irok\u00e9 vyu\u017eit\u00ed jak v obytn\u00e9, tak i komer\u010dn\u00ed v\u00fdstavb\u011b.<\/p>\n\n\n<div class=\"wp-block-buttons is-layout-flex wp-block-buttons-is-layout-flex\">\n<div class=\"wp-block-button is-style-fill\"><a class=\"wp-block-button__link has-white-color has-text-color has-background wp-element-button\" href=\"https:\/\/filplast.pl\/katalogi\/kolory-adec-cz\/#book\/\" style=\"border-radius:9px;background-color:#00387b\" target=\"_blank\" rel=\"noreferrer noopener\">Dostupn\u00e9 barvy<\/a><\/div>\n<\/div>\n<\/div>","protected":false},"excerpt":{"rendered":"<p>AluStar 79 jsou modern\u00ed, energeticky \u00fasporn\u00e1 okna s vysok\u00fdmi technick\u00fdmi parametry a z\u00e1rove\u0148 ekonomick\u00e1. Syst\u00e9m umo\u017e\u0148uje navrhov\u00e1n\u00ed \u0161t\u00edhl\u00fdch a elegantn\u00edch konstrukc\u00ed, kter\u00e9 nach\u00e1zej\u00ed \u0161irok\u00e9 vyu\u017eit\u00ed jak v obytn\u00e9, tak i komer\u010dn\u00ed v\u00fdstavb\u011b.<\/p>\n","protected":false},"featured_media":27503,"parent":0,"menu_order":140,"template":"","class_list":["post-53012","product","type-product","status-publish","has-post-thumbnail","hentry","product-category-okna-cz","product-category-hlinikova","product-category-zimni-zahrady","product-line-silverline-cz"],"yoast_head":"<!-- This site is optimized with the Yoast SEO plugin v24.7 - https:\/\/yoast.com\/wordpress\/plugins\/seo\/ -->\n<title>Okna aluminiowe AluStar 79 I Filplast<\/title>\n<meta name=\"robots\" content=\"index, follow, max-snippet:-1, max-image-preview:large, max-video-preview:-1\" \/>\n<link rel=\"canonical\" href=\"https:\/\/filplast.pl\/cz\/vyrobek\/alustar-79\/\" \/>\n<meta property=\"og:locale\" content=\"cs_CZ\" \/>\n<meta property=\"og:type\" content=\"article\" \/>\n<meta property=\"og:title\" content=\"Okna aluminiowe AluStar 79 I Filplast\" \/>\n<meta property=\"og:description\" content=\"AluStar 79 jsou modern\u00ed, energeticky \u00fasporn\u00e1 okna s vysok\u00fdmi technick\u00fdmi parametry a z\u00e1rove\u0148 ekonomick\u00e1. Syst\u00e9m umo\u017e\u0148uje navrhov\u00e1n\u00ed \u0161t\u00edhl\u00fdch a elegantn\u00edch konstrukc\u00ed, kter\u00e9 nach\u00e1zej\u00ed \u0161irok\u00e9 vyu\u017eit\u00ed jak v obytn\u00e9, tak i komer\u010dn\u00ed v\u00fdstavb\u011b.\" \/>\n<meta property=\"og:url\" content=\"https:\/\/filplast.pl\/cz\/vyrobek\/alustar-79\/\" \/>\n<meta property=\"og:site_name\" content=\"Filplast po generace\" \/>\n<meta property=\"article:publisher\" content=\"https:\/\/www.facebook.com\/filplast.firma\" \/>\n<meta property=\"article:modified_time\" content=\"2026-01-15T14:48:03+00:00\" \/>\n<meta property=\"og:image\" content=\"https:\/\/filplast.pl\/wp-content\/uploads\/2022\/08\/AluStar_79N.jpg\" \/>\n\t<meta property=\"og:image:width\" content=\"2000\" \/>\n\t<meta property=\"og:image:height\" content=\"2000\" \/>\n\t<meta property=\"og:image:type\" content=\"image\/jpeg\" \/>\n<meta name=\"twitter:card\" content=\"summary_large_image\" \/>\n<meta name=\"twitter:label1\" content=\"Odhadovan\u00e1 doba \u010dten\u00ed\" \/>\n\t<meta name=\"twitter:data1\" content=\"1 minuta\" \/>\n<script type=\"application\/ld+json\" class=\"yoast-schema-graph\">{\"@context\":\"https:\/\/schema.org\",\"@graph\":[{\"@type\":\"WebPage\",\"@id\":\"https:\/\/filplast.pl\/cz\/vyrobek\/alustar-79\/\",\"url\":\"https:\/\/filplast.pl\/cz\/vyrobek\/alustar-79\/\",\"name\":\"Okna aluminiowe AluStar 79 I Filplast\",\"isPartOf\":{\"@id\":\"https:\/\/filplast.pl\/cz\/#website\"},\"primaryImageOfPage\":{\"@id\":\"https:\/\/filplast.pl\/cz\/vyrobek\/alustar-79\/#primaryimage\"},\"image\":{\"@id\":\"https:\/\/filplast.pl\/cz\/vyrobek\/alustar-79\/#primaryimage\"},\"thumbnailUrl\":\"https:\/\/filplast.pl\/wp-content\/uploads\/2022\/08\/AluStar_79N.jpg\",\"datePublished\":\"2024-10-15T07:49:59+00:00\",\"dateModified\":\"2026-01-15T14:48:03+00:00\",\"breadcrumb\":{\"@id\":\"https:\/\/filplast.pl\/cz\/vyrobek\/alustar-79\/#breadcrumb\"},\"inLanguage\":\"cs\",\"potentialAction\":[{\"@type\":\"ReadAction\",\"target\":[\"https:\/\/filplast.pl\/cz\/vyrobek\/alustar-79\/\"]}]},{\"@type\":\"ImageObject\",\"inLanguage\":\"cs\",\"@id\":\"https:\/\/filplast.pl\/cz\/vyrobek\/alustar-79\/#primaryimage\",\"url\":\"https:\/\/filplast.pl\/wp-content\/uploads\/2022\/08\/AluStar_79N.jpg\",\"contentUrl\":\"https:\/\/filplast.pl\/wp-content\/uploads\/2022\/08\/AluStar_79N.jpg\",\"width\":2000,\"height\":2000},{\"@type\":\"BreadcrumbList\",\"@id\":\"https:\/\/filplast.pl\/cz\/vyrobek\/alustar-79\/#breadcrumb\",\"itemListElement\":[{\"@type\":\"ListItem\",\"position\":1,\"name\":\"Hlavn\u00ed strana\",\"item\":\"https:\/\/filplast.pl\/cz\/\"},{\"@type\":\"ListItem\",\"position\":2,\"name\":\"Produkty\",\"item\":\"https:\/\/filplast.pl\/cz\/vyrobek\/\"},{\"@type\":\"ListItem\",\"position\":3,\"name\":\"AluStar 79\"}]},{\"@type\":\"WebSite\",\"@id\":\"https:\/\/filplast.pl\/cz\/#website\",\"url\":\"https:\/\/filplast.pl\/cz\/\",\"name\":\"Filplast po generace\",\"description\":\"Producent okien, drzwi i rolet\",\"publisher\":{\"@id\":\"https:\/\/filplast.pl\/cz\/#organization\"},\"potentialAction\":[{\"@type\":\"SearchAction\",\"target\":{\"@type\":\"EntryPoint\",\"urlTemplate\":\"https:\/\/filplast.pl\/cz\/?s={search_term_string}\"},\"query-input\":{\"@type\":\"PropertyValueSpecification\",\"valueRequired\":true,\"valueName\":\"search_term_string\"}}],\"inLanguage\":\"cs\"},{\"@type\":\"Organization\",\"@id\":\"https:\/\/filplast.pl\/cz\/#organization\",\"name\":\"Filplast po generace\",\"url\":\"https:\/\/filplast.pl\/cz\/\",\"logo\":{\"@type\":\"ImageObject\",\"inLanguage\":\"cs\",\"@id\":\"https:\/\/filplast.pl\/cz\/#\/schema\/logo\/image\/\",\"url\":\"https:\/\/filplast.pl\/wp-content\/uploads\/2023\/10\/favicon-filplast.png\",\"contentUrl\":\"https:\/\/filplast.pl\/wp-content\/uploads\/2023\/10\/favicon-filplast.png\",\"width\":2134,\"height\":2134,\"caption\":\"Filplast po generace\"},\"image\":{\"@id\":\"https:\/\/filplast.pl\/cz\/#\/schema\/logo\/image\/\"},\"sameAs\":[\"https:\/\/www.facebook.com\/filplast.firma\",\"https:\/\/pl.pinterest.com\/filplast\/\",\"https:\/\/www.youtube.com\/FILPLASTchannel\",\"https:\/\/pl.linkedin.com\/company\/filplast-sp.-z-o.o.\",\"https:\/\/www.instagram.com\/filplast\/\"]}]}<\/script>\n<!-- \/ Yoast SEO plugin. -->","yoast_head_json":{"title":"Okna aluminiowe AluStar 79 I Filplast","robots":{"index":"index","follow":"follow","max-snippet":"max-snippet:-1","max-image-preview":"max-image-preview:large","max-video-preview":"max-video-preview:-1"},"canonical":"https:\/\/filplast.pl\/cz\/vyrobek\/alustar-79\/","og_locale":"cs_CZ","og_type":"article","og_title":"Okna aluminiowe AluStar 79 I Filplast","og_description":"AluStar 79 jsou modern\u00ed, energeticky \u00fasporn\u00e1 okna s vysok\u00fdmi technick\u00fdmi parametry a z\u00e1rove\u0148 ekonomick\u00e1. Syst\u00e9m umo\u017e\u0148uje navrhov\u00e1n\u00ed \u0161t\u00edhl\u00fdch a elegantn\u00edch konstrukc\u00ed, kter\u00e9 nach\u00e1zej\u00ed \u0161irok\u00e9 vyu\u017eit\u00ed jak v obytn\u00e9, tak i komer\u010dn\u00ed v\u00fdstavb\u011b.","og_url":"https:\/\/filplast.pl\/cz\/vyrobek\/alustar-79\/","og_site_name":"Filplast po generace","article_publisher":"https:\/\/www.facebook.com\/filplast.firma","article_modified_time":"2026-01-15T14:48:03+00:00","og_image":[{"width":2000,"height":2000,"url":"https:\/\/filplast.pl\/wp-content\/uploads\/2022\/08\/AluStar_79N.jpg","type":"image\/jpeg"}],"twitter_card":"summary_large_image","twitter_misc":{"Odhadovan\u00e1 doba \u010dten\u00ed":"1 minuta"},"schema":{"@context":"https:\/\/schema.org","@graph":[{"@type":"WebPage","@id":"https:\/\/filplast.pl\/cz\/vyrobek\/alustar-79\/","url":"https:\/\/filplast.pl\/cz\/vyrobek\/alustar-79\/","name":"Okna aluminiowe AluStar 79 I Filplast","isPartOf":{"@id":"https:\/\/filplast.pl\/cz\/#website"},"primaryImageOfPage":{"@id":"https:\/\/filplast.pl\/cz\/vyrobek\/alustar-79\/#primaryimage"},"image":{"@id":"https:\/\/filplast.pl\/cz\/vyrobek\/alustar-79\/#primaryimage"},"thumbnailUrl":"https:\/\/filplast.pl\/wp-content\/uploads\/2022\/08\/AluStar_79N.jpg","datePublished":"2024-10-15T07:49:59+00:00","dateModified":"2026-01-15T14:48:03+00:00","breadcrumb":{"@id":"https:\/\/filplast.pl\/cz\/vyrobek\/alustar-79\/#breadcrumb"},"inLanguage":"cs","potentialAction":[{"@type":"ReadAction","target":["https:\/\/filplast.pl\/cz\/vyrobek\/alustar-79\/"]}]},{"@type":"ImageObject","inLanguage":"cs","@id":"https:\/\/filplast.pl\/cz\/vyrobek\/alustar-79\/#primaryimage","url":"https:\/\/filplast.pl\/wp-content\/uploads\/2022\/08\/AluStar_79N.jpg","contentUrl":"https:\/\/filplast.pl\/wp-content\/uploads\/2022\/08\/AluStar_79N.jpg","width":2000,"height":2000},{"@type":"BreadcrumbList","@id":"https:\/\/filplast.pl\/cz\/vyrobek\/alustar-79\/#breadcrumb","itemListElement":[{"@type":"ListItem","position":1,"name":"Hlavn\u00ed strana","item":"https:\/\/filplast.pl\/cz\/"},{"@type":"ListItem","position":2,"name":"Produkty","item":"https:\/\/filplast.pl\/cz\/vyrobek\/"},{"@type":"ListItem","position":3,"name":"AluStar 79"}]},{"@type":"WebSite","@id":"https:\/\/filplast.pl\/cz\/#website","url":"https:\/\/filplast.pl\/cz\/","name":"Filplast po generace","description":"Producent okien, drzwi i rolet","publisher":{"@id":"https:\/\/filplast.pl\/cz\/#organization"},"potentialAction":[{"@type":"SearchAction","target":{"@type":"EntryPoint","urlTemplate":"https:\/\/filplast.pl\/cz\/?s={search_term_string}"},"query-input":{"@type":"PropertyValueSpecification","valueRequired":true,"valueName":"search_term_string"}}],"inLanguage":"cs"},{"@type":"Organization","@id":"https:\/\/filplast.pl\/cz\/#organization","name":"Filplast po generace","url":"https:\/\/filplast.pl\/cz\/","logo":{"@type":"ImageObject","inLanguage":"cs","@id":"https:\/\/filplast.pl\/cz\/#\/schema\/logo\/image\/","url":"https:\/\/filplast.pl\/wp-content\/uploads\/2023\/10\/favicon-filplast.png","contentUrl":"https:\/\/filplast.pl\/wp-content\/uploads\/2023\/10\/favicon-filplast.png","width":2134,"height":2134,"caption":"Filplast po generace"},"image":{"@id":"https:\/\/filplast.pl\/cz\/#\/schema\/logo\/image\/"},"sameAs":["https:\/\/www.facebook.com\/filplast.firma","https:\/\/pl.pinterest.com\/filplast\/","https:\/\/www.youtube.com\/FILPLASTchannel","https:\/\/pl.linkedin.com\/company\/filplast-sp.-z-o.o.","https:\/\/www.instagram.com\/filplast\/"]}]}},"uagb_featured_image_src":{"full":["https:\/\/filplast.pl\/wp-content\/uploads\/2022\/08\/AluStar_79N.jpg",2000,2000,false],"thumbnail":["https:\/\/filplast.pl\/wp-content\/uploads\/2022\/08\/AluStar_79N-150x150.jpg",150,150,true],"medium":["https:\/\/filplast.pl\/wp-content\/uploads\/2022\/08\/AluStar_79N-300x300.jpg",300,300,true],"medium_large":["https:\/\/filplast.pl\/wp-content\/uploads\/2022\/08\/AluStar_79N-768x768.jpg",768,768,true],"large":["https:\/\/filplast.pl\/wp-content\/uploads\/2022\/08\/AluStar_79N-1024x1024.jpg",1024,1024,true],"1536x1536":["https:\/\/filplast.pl\/wp-content\/uploads\/2022\/08\/AluStar_79N-1536x1536.jpg",1536,1536,true],"2048x2048":["https:\/\/filplast.pl\/wp-content\/uploads\/2022\/08\/AluStar_79N.jpg",2000,2000,false],"depcore-widget-post-thumb":["https:\/\/filplast.pl\/wp-content\/uploads\/2022\/08\/AluStar_79N-65x65.jpg",65,65,true],"depcore-widget-post-medium":["https:\/\/filplast.pl\/wp-content\/uploads\/2022\/08\/AluStar_79N-280x150.jpg",280,150,true],"square":["https:\/\/filplast.pl\/wp-content\/uploads\/2022\/08\/AluStar_79N-500x500.jpg",500,500,true],"small-square":["https:\/\/filplast.pl\/wp-content\/uploads\/2022\/08\/AluStar_79N-250x250.jpg",250,250,true],"slider-image":["https:\/\/filplast.pl\/wp-content\/uploads\/2022\/08\/AluStar_79N-1080x500.jpg",1080,500,true],"":["https:\/\/filplast.pl\/wp-content\/uploads\/2022\/08\/AluStar_79N.jpg",250,250,false]},"uagb_author_info":{"display_name":"Micha\u0142 Mrukot","author_link":"https:\/\/filplast.pl\/cz\/author\/"},"uagb_comment_info":0,"uagb_excerpt":"AluStar 79 jsou modern\u00ed, energeticky \u00fasporn\u00e1 okna s vysok\u00fdmi technick\u00fdmi parametry a z\u00e1rove\u0148 ekonomick\u00e1. Syst\u00e9m umo\u017e\u0148uje navrhov\u00e1n\u00ed \u0161t\u00edhl\u00fdch a elegantn\u00edch konstrukc\u00ed, kter\u00e9 nach\u00e1zej\u00ed \u0161irok\u00e9 vyu\u017eit\u00ed jak v obytn\u00e9, tak i komer\u010dn\u00ed v\u00fdstavb\u011b.","_links":{"self":[{"href":"https:\/\/filplast.pl\/cz\/wp-json\/wp\/v2\/product\/53012","targetHints":{"allow":["GET"]}}],"collection":[{"href":"https:\/\/filplast.pl\/cz\/wp-json\/wp\/v2\/product"}],"about":[{"href":"https:\/\/filplast.pl\/cz\/wp-json\/wp\/v2\/types\/product"}],"version-history":[{"count":3,"href":"https:\/\/filplast.pl\/cz\/wp-json\/wp\/v2\/product\/53012\/revisions"}],"predecessor-version":[{"id":64289,"href":"https:\/\/filplast.pl\/cz\/wp-json\/wp\/v2\/product\/53012\/revisions\/64289"}],"wp:featuredmedia":[{"embeddable":true,"href":"https:\/\/filplast.pl\/cz\/wp-json\/wp\/v2\/media\/27503"}],"wp:attachment":[{"href":"https:\/\/filplast.pl\/cz\/wp-json\/wp\/v2\/media?parent=53012"}],"curies":[{"name":"wp","href":"https:\/\/api.w.org\/{rel}","templated":true}]}}