{"id":53020,"date":"2024-10-15T10:30:57","date_gmt":"2024-10-15T08:30:57","guid":{"rendered":"https:\/\/filplast.pl\/?post_type=product&#038;p=53020"},"modified":"2024-10-15T11:49:58","modified_gmt":"2024-10-15T09:49:58","slug":"terasove-dvere-alustar-79","status":"publish","type":"product","link":"https:\/\/filplast.pl\/cz\/vyrobek\/terasove-dvere-alustar-79\/","title":{"rendered":"AluStar 79"},"content":{"rendered":"<div id=\"modal-ready\">\n<p>Profily terasov\u00e9ho syst\u00e9mu AluStar 79 maj\u00ed t\u0159\u00edkomorovou konstrukci a jsou vybaveny tepelnou p\u0159ep\u00e1\u017ekou z polyamidu vyztu\u017een\u00e9ho sklen\u011bn\u00fdmi vl\u00e1kny.<\/p>\n<\/div>","protected":false},"excerpt":{"rendered":"<p>Profily terasov\u00e9ho syst\u00e9mu AluStar 79 maj\u00ed t\u0159\u00edkomorovou konstrukci a jsou vybaveny tepelnou p\u0159ep\u00e1\u017ekou z polyamidu vyztu\u017een\u00e9ho sklen\u011bn\u00fdmi vl\u00e1kny.<\/p>\n","protected":false},"featured_media":35319,"parent":0,"menu_order":137,"template":"","class_list":["post-53020","product","type-product","status-publish","has-post-thumbnail","hentry","product-category-terasove-dvere","product-category-psk-cz-2","product-line-silverline-cz"],"yoast_head":"<!-- This site is optimized with the Yoast SEO plugin v24.7 - https:\/\/yoast.com\/wordpress\/plugins\/seo\/ -->\n<title>AluStar 79 Filplast - Na pokolenia<\/title>\n<meta name=\"robots\" content=\"index, follow, max-snippet:-1, max-image-preview:large, max-video-preview:-1\" \/>\n<link rel=\"canonical\" href=\"https:\/\/filplast.pl\/cz\/vyrobek\/terasove-dvere-alustar-79\/\" \/>\n<meta property=\"og:locale\" content=\"cs_CZ\" \/>\n<meta property=\"og:type\" content=\"article\" \/>\n<meta property=\"og:title\" content=\"AluStar 79 Filplast - Na pokolenia\" \/>\n<meta property=\"og:description\" content=\"Profily terasov\u00e9ho syst\u00e9mu AluStar 79 maj\u00ed t\u0159\u00edkomorovou konstrukci a jsou vybaveny tepelnou p\u0159ep\u00e1\u017ekou z polyamidu vyztu\u017een\u00e9ho sklen\u011bn\u00fdmi vl\u00e1kny.\" \/>\n<meta property=\"og:url\" content=\"https:\/\/filplast.pl\/cz\/vyrobek\/terasove-dvere-alustar-79\/\" \/>\n<meta property=\"og:site_name\" content=\"Filplast po generace\" \/>\n<meta property=\"article:publisher\" content=\"https:\/\/www.facebook.com\/filplast.firma\" \/>\n<meta property=\"article:modified_time\" content=\"2024-10-15T09:49:58+00:00\" \/>\n<meta property=\"og:image\" content=\"https:\/\/filplast.pl\/wp-content\/uploads\/2023\/03\/MB70-PSK-1024x1024.png\" \/>\n\t<meta property=\"og:image:width\" content=\"1024\" \/>\n\t<meta property=\"og:image:height\" content=\"1024\" \/>\n\t<meta property=\"og:image:type\" content=\"image\/png\" \/>\n<meta name=\"twitter:card\" content=\"summary_large_image\" \/>\n<meta name=\"twitter:label1\" content=\"Odhadovan\u00e1 doba \u010dten\u00ed\" \/>\n\t<meta name=\"twitter:data1\" content=\"1 minuta\" \/>\n<script type=\"application\/ld+json\" class=\"yoast-schema-graph\">{\"@context\":\"https:\/\/schema.org\",\"@graph\":[{\"@type\":\"WebPage\",\"@id\":\"https:\/\/filplast.pl\/cz\/vyrobek\/terasove-dvere-alustar-79\/\",\"url\":\"https:\/\/filplast.pl\/cz\/vyrobek\/terasove-dvere-alustar-79\/\",\"name\":\"AluStar 79 Filplast - Na pokolenia\",\"isPartOf\":{\"@id\":\"https:\/\/filplast.pl\/cz\/#website\"},\"primaryImageOfPage\":{\"@id\":\"https:\/\/filplast.pl\/cz\/vyrobek\/terasove-dvere-alustar-79\/#primaryimage\"},\"image\":{\"@id\":\"https:\/\/filplast.pl\/cz\/vyrobek\/terasove-dvere-alustar-79\/#primaryimage\"},\"thumbnailUrl\":\"https:\/\/filplast.pl\/wp-content\/uploads\/2023\/03\/MB70-PSK.png\",\"datePublished\":\"2024-10-15T08:30:57+00:00\",\"dateModified\":\"2024-10-15T09:49:58+00:00\",\"breadcrumb\":{\"@id\":\"https:\/\/filplast.pl\/cz\/vyrobek\/terasove-dvere-alustar-79\/#breadcrumb\"},\"inLanguage\":\"cs\",\"potentialAction\":[{\"@type\":\"ReadAction\",\"target\":[\"https:\/\/filplast.pl\/cz\/vyrobek\/terasove-dvere-alustar-79\/\"]}]},{\"@type\":\"ImageObject\",\"inLanguage\":\"cs\",\"@id\":\"https:\/\/filplast.pl\/cz\/vyrobek\/terasove-dvere-alustar-79\/#primaryimage\",\"url\":\"https:\/\/filplast.pl\/wp-content\/uploads\/2023\/03\/MB70-PSK.png\",\"contentUrl\":\"https:\/\/filplast.pl\/wp-content\/uploads\/2023\/03\/MB70-PSK.png\",\"width\":1080,\"height\":1080,\"caption\":\"AluStar 79\"},{\"@type\":\"BreadcrumbList\",\"@id\":\"https:\/\/filplast.pl\/cz\/vyrobek\/terasove-dvere-alustar-79\/#breadcrumb\",\"itemListElement\":[{\"@type\":\"ListItem\",\"position\":1,\"name\":\"Hlavn\u00ed strana\",\"item\":\"https:\/\/filplast.pl\/cz\/\"},{\"@type\":\"ListItem\",\"position\":2,\"name\":\"Produkty\",\"item\":\"https:\/\/filplast.pl\/cz\/vyrobek\/\"},{\"@type\":\"ListItem\",\"position\":3,\"name\":\"AluStar 79\"}]},{\"@type\":\"WebSite\",\"@id\":\"https:\/\/filplast.pl\/cz\/#website\",\"url\":\"https:\/\/filplast.pl\/cz\/\",\"name\":\"Filplast po generace\",\"description\":\"Producent okien, drzwi i rolet\",\"publisher\":{\"@id\":\"https:\/\/filplast.pl\/cz\/#organization\"},\"potentialAction\":[{\"@type\":\"SearchAction\",\"target\":{\"@type\":\"EntryPoint\",\"urlTemplate\":\"https:\/\/filplast.pl\/cz\/?s={search_term_string}\"},\"query-input\":{\"@type\":\"PropertyValueSpecification\",\"valueRequired\":true,\"valueName\":\"search_term_string\"}}],\"inLanguage\":\"cs\"},{\"@type\":\"Organization\",\"@id\":\"https:\/\/filplast.pl\/cz\/#organization\",\"name\":\"Filplast po generace\",\"url\":\"https:\/\/filplast.pl\/cz\/\",\"logo\":{\"@type\":\"ImageObject\",\"inLanguage\":\"cs\",\"@id\":\"https:\/\/filplast.pl\/cz\/#\/schema\/logo\/image\/\",\"url\":\"https:\/\/filplast.pl\/wp-content\/uploads\/2023\/10\/favicon-filplast.png\",\"contentUrl\":\"https:\/\/filplast.pl\/wp-content\/uploads\/2023\/10\/favicon-filplast.png\",\"width\":2134,\"height\":2134,\"caption\":\"Filplast po generace\"},\"image\":{\"@id\":\"https:\/\/filplast.pl\/cz\/#\/schema\/logo\/image\/\"},\"sameAs\":[\"https:\/\/www.facebook.com\/filplast.firma\",\"https:\/\/pl.pinterest.com\/filplast\/\",\"https:\/\/www.youtube.com\/FILPLASTchannel\",\"https:\/\/pl.linkedin.com\/company\/filplast-sp.-z-o.o.\",\"https:\/\/www.instagram.com\/filplast\/\"]}]}<\/script>\n<!-- \/ Yoast SEO plugin. -->","yoast_head_json":{"title":"AluStar 79 Filplast - Na pokolenia","robots":{"index":"index","follow":"follow","max-snippet":"max-snippet:-1","max-image-preview":"max-image-preview:large","max-video-preview":"max-video-preview:-1"},"canonical":"https:\/\/filplast.pl\/cz\/vyrobek\/terasove-dvere-alustar-79\/","og_locale":"cs_CZ","og_type":"article","og_title":"AluStar 79 Filplast - Na pokolenia","og_description":"Profily terasov\u00e9ho syst\u00e9mu AluStar 79 maj\u00ed t\u0159\u00edkomorovou konstrukci a jsou vybaveny tepelnou p\u0159ep\u00e1\u017ekou z polyamidu vyztu\u017een\u00e9ho sklen\u011bn\u00fdmi vl\u00e1kny.","og_url":"https:\/\/filplast.pl\/cz\/vyrobek\/terasove-dvere-alustar-79\/","og_site_name":"Filplast po generace","article_publisher":"https:\/\/www.facebook.com\/filplast.firma","article_modified_time":"2024-10-15T09:49:58+00:00","og_image":[{"width":1024,"height":1024,"url":"https:\/\/filplast.pl\/wp-content\/uploads\/2023\/03\/MB70-PSK-1024x1024.png","type":"image\/png"}],"twitter_card":"summary_large_image","twitter_misc":{"Odhadovan\u00e1 doba \u010dten\u00ed":"1 minuta"},"schema":{"@context":"https:\/\/schema.org","@graph":[{"@type":"WebPage","@id":"https:\/\/filplast.pl\/cz\/vyrobek\/terasove-dvere-alustar-79\/","url":"https:\/\/filplast.pl\/cz\/vyrobek\/terasove-dvere-alustar-79\/","name":"AluStar 79 Filplast - Na pokolenia","isPartOf":{"@id":"https:\/\/filplast.pl\/cz\/#website"},"primaryImageOfPage":{"@id":"https:\/\/filplast.pl\/cz\/vyrobek\/terasove-dvere-alustar-79\/#primaryimage"},"image":{"@id":"https:\/\/filplast.pl\/cz\/vyrobek\/terasove-dvere-alustar-79\/#primaryimage"},"thumbnailUrl":"https:\/\/filplast.pl\/wp-content\/uploads\/2023\/03\/MB70-PSK.png","datePublished":"2024-10-15T08:30:57+00:00","dateModified":"2024-10-15T09:49:58+00:00","breadcrumb":{"@id":"https:\/\/filplast.pl\/cz\/vyrobek\/terasove-dvere-alustar-79\/#breadcrumb"},"inLanguage":"cs","potentialAction":[{"@type":"ReadAction","target":["https:\/\/filplast.pl\/cz\/vyrobek\/terasove-dvere-alustar-79\/"]}]},{"@type":"ImageObject","inLanguage":"cs","@id":"https:\/\/filplast.pl\/cz\/vyrobek\/terasove-dvere-alustar-79\/#primaryimage","url":"https:\/\/filplast.pl\/wp-content\/uploads\/2023\/03\/MB70-PSK.png","contentUrl":"https:\/\/filplast.pl\/wp-content\/uploads\/2023\/03\/MB70-PSK.png","width":1080,"height":1080,"caption":"AluStar 79"},{"@type":"BreadcrumbList","@id":"https:\/\/filplast.pl\/cz\/vyrobek\/terasove-dvere-alustar-79\/#breadcrumb","itemListElement":[{"@type":"ListItem","position":1,"name":"Hlavn\u00ed strana","item":"https:\/\/filplast.pl\/cz\/"},{"@type":"ListItem","position":2,"name":"Produkty","item":"https:\/\/filplast.pl\/cz\/vyrobek\/"},{"@type":"ListItem","position":3,"name":"AluStar 79"}]},{"@type":"WebSite","@id":"https:\/\/filplast.pl\/cz\/#website","url":"https:\/\/filplast.pl\/cz\/","name":"Filplast po generace","description":"Producent okien, drzwi i rolet","publisher":{"@id":"https:\/\/filplast.pl\/cz\/#organization"},"potentialAction":[{"@type":"SearchAction","target":{"@type":"EntryPoint","urlTemplate":"https:\/\/filplast.pl\/cz\/?s={search_term_string}"},"query-input":{"@type":"PropertyValueSpecification","valueRequired":true,"valueName":"search_term_string"}}],"inLanguage":"cs"},{"@type":"Organization","@id":"https:\/\/filplast.pl\/cz\/#organization","name":"Filplast po generace","url":"https:\/\/filplast.pl\/cz\/","logo":{"@type":"ImageObject","inLanguage":"cs","@id":"https:\/\/filplast.pl\/cz\/#\/schema\/logo\/image\/","url":"https:\/\/filplast.pl\/wp-content\/uploads\/2023\/10\/favicon-filplast.png","contentUrl":"https:\/\/filplast.pl\/wp-content\/uploads\/2023\/10\/favicon-filplast.png","width":2134,"height":2134,"caption":"Filplast po generace"},"image":{"@id":"https:\/\/filplast.pl\/cz\/#\/schema\/logo\/image\/"},"sameAs":["https:\/\/www.facebook.com\/filplast.firma","https:\/\/pl.pinterest.com\/filplast\/","https:\/\/www.youtube.com\/FILPLASTchannel","https:\/\/pl.linkedin.com\/company\/filplast-sp.-z-o.o.","https:\/\/www.instagram.com\/filplast\/"]}]}},"uagb_featured_image_src":{"full":["https:\/\/filplast.pl\/wp-content\/uploads\/2023\/03\/MB70-PSK.png",1080,1080,false],"thumbnail":["https:\/\/filplast.pl\/wp-content\/uploads\/2023\/03\/MB70-PSK-150x150.png",150,150,true],"medium":["https:\/\/filplast.pl\/wp-content\/uploads\/2023\/03\/MB70-PSK-300x300.png",300,300,true],"medium_large":["https:\/\/filplast.pl\/wp-content\/uploads\/2023\/03\/MB70-PSK-768x768.png",768,768,true],"large":["https:\/\/filplast.pl\/wp-content\/uploads\/2023\/03\/MB70-PSK-1024x1024.png",1024,1024,true],"1536x1536":["https:\/\/filplast.pl\/wp-content\/uploads\/2023\/03\/MB70-PSK.png",1080,1080,false],"2048x2048":["https:\/\/filplast.pl\/wp-content\/uploads\/2023\/03\/MB70-PSK.png",1080,1080,false],"depcore-widget-post-thumb":["https:\/\/filplast.pl\/wp-content\/uploads\/2023\/03\/MB70-PSK-65x65.png",65,65,true],"depcore-widget-post-medium":["https:\/\/filplast.pl\/wp-content\/uploads\/2023\/03\/MB70-PSK-280x150.png",280,150,true],"square":["https:\/\/filplast.pl\/wp-content\/uploads\/2023\/03\/MB70-PSK-500x500.png",500,500,true],"small-square":["https:\/\/filplast.pl\/wp-content\/uploads\/2023\/03\/MB70-PSK-250x250.png",250,250,true],"slider-image":["https:\/\/filplast.pl\/wp-content\/uploads\/2023\/03\/MB70-PSK-1080x500.png",1080,500,true],"":["https:\/\/filplast.pl\/wp-content\/uploads\/2023\/03\/MB70-PSK.png",250,250,false]},"uagb_author_info":{"display_name":"Micha\u0142 Mrukot","author_link":"https:\/\/filplast.pl\/cz\/author\/"},"uagb_comment_info":0,"uagb_excerpt":"Profily terasov\u00e9ho syst\u00e9mu AluStar 79 maj\u00ed t\u0159\u00edkomorovou konstrukci a jsou vybaveny tepelnou p\u0159ep\u00e1\u017ekou z polyamidu vyztu\u017een\u00e9ho sklen\u011bn\u00fdmi vl\u00e1kny.","_links":{"self":[{"href":"https:\/\/filplast.pl\/cz\/wp-json\/wp\/v2\/product\/53020","targetHints":{"allow":["GET"]}}],"collection":[{"href":"https:\/\/filplast.pl\/cz\/wp-json\/wp\/v2\/product"}],"about":[{"href":"https:\/\/filplast.pl\/cz\/wp-json\/wp\/v2\/types\/product"}],"version-history":[{"count":1,"href":"https:\/\/filplast.pl\/cz\/wp-json\/wp\/v2\/product\/53020\/revisions"}],"predecessor-version":[{"id":53025,"href":"https:\/\/filplast.pl\/cz\/wp-json\/wp\/v2\/product\/53020\/revisions\/53025"}],"wp:featuredmedia":[{"embeddable":true,"href":"https:\/\/filplast.pl\/cz\/wp-json\/wp\/v2\/media\/35319"}],"wp:attachment":[{"href":"https:\/\/filplast.pl\/cz\/wp-json\/wp\/v2\/media?parent=53020"}],"curies":[{"name":"wp","href":"https:\/\/api.w.org\/{rel}","templated":true}]}}