{"id":55012,"date":"2024-05-21T13:36:20","date_gmt":"2024-05-21T11:36:20","guid":{"rendered":"https:\/\/filplast.pl\/produkt\/aluwall-45-office\/"},"modified":"2025-01-23T14:03:02","modified_gmt":"2025-01-23T13:03:02","slug":"aluwall-45-office","status":"publish","type":"product","link":"https:\/\/filplast.pl\/cz\/vyrobek\/aluwall-45-office\/","title":{"rendered":"AluWall 45 Office"},"content":{"rendered":"<div id=\"modal-ready\">\n<p>Syst\u00e9m AluWall 45 Office slou\u017e\u00ed k v\u00fdstavb\u011b r\u016fzn\u00fdch typ\u016f p\u0159\u00ed\u010dek, oken, dve\u0159\u00ed, kyvn\u00fdch dve\u0159\u00ed a p\u0159eds\u00edn\u00ed. Nosn\u00fdm prvkem konstrukce m\u016f\u017ee b\u00fdt tvrzen\u00e9 sklo. Syst\u00e9m je tak\u00e9 z\u00e1kladem pro speci\u00e1ln\u00ed \u0159e\u0161en\u00ed: kou\u0159ot\u011bsn\u00e9 p\u0159\u00ed\u010dky a dve\u0159e.<\/p>\n<\/div>","protected":false},"excerpt":{"rendered":"<p>Syst\u00e9m AluWall 45 Office slou\u017e\u00ed k v\u00fdstavb\u011b r\u016fzn\u00fdch typ\u016f p\u0159\u00ed\u010dek, oken, dve\u0159\u00ed, kyvn\u00fdch dve\u0159\u00ed a p\u0159eds\u00edn\u00ed. Nosn\u00fdm prvkem konstrukce m\u016f\u017ee b\u00fdt tvrzen\u00e9 sklo. Syst\u00e9m je tak\u00e9 z\u00e1kladem pro speci\u00e1ln\u00ed \u0159e\u0161en\u00ed: kou\u0159ot\u011bsn\u00e9 p\u0159\u00ed\u010dky a dve\u0159e.<\/p>\n","protected":false},"featured_media":48919,"parent":0,"menu_order":20,"template":"","class_list":["post-55012","product","type-product","status-publish","has-post-thumbnail","hentry","product-category-vnitni-sklenene-steny-cz"],"yoast_head":"<!-- This site is optimized with the Yoast SEO plugin v24.7 - https:\/\/yoast.com\/wordpress\/plugins\/seo\/ -->\n<title>AluWall 45 Office I Filplast<\/title>\n<meta name=\"robots\" content=\"index, follow, max-snippet:-1, max-image-preview:large, max-video-preview:-1\" \/>\n<link rel=\"canonical\" href=\"https:\/\/filplast.pl\/cz\/vyrobek\/aluwall-45-office\/\" \/>\n<meta property=\"og:locale\" content=\"cs_CZ\" \/>\n<meta property=\"og:type\" content=\"article\" \/>\n<meta property=\"og:title\" content=\"AluWall 45 Office I Filplast\" \/>\n<meta property=\"og:description\" content=\"Syst\u00e9m AluWall 45 Office slou\u017e\u00ed k v\u00fdstavb\u011b r\u016fzn\u00fdch typ\u016f p\u0159\u00ed\u010dek, oken, dve\u0159\u00ed, kyvn\u00fdch dve\u0159\u00ed a p\u0159eds\u00edn\u00ed. Nosn\u00fdm prvkem konstrukce m\u016f\u017ee b\u00fdt tvrzen\u00e9 sklo. Syst\u00e9m je tak\u00e9 z\u00e1kladem pro speci\u00e1ln\u00ed \u0159e\u0161en\u00ed: kou\u0159ot\u011bsn\u00e9 p\u0159\u00ed\u010dky a dve\u0159e.\" \/>\n<meta property=\"og:url\" content=\"https:\/\/filplast.pl\/cz\/vyrobek\/aluwall-45-office\/\" \/>\n<meta property=\"og:site_name\" content=\"Filplast po generace\" \/>\n<meta property=\"article:publisher\" content=\"https:\/\/www.facebook.com\/filplast.firma\" \/>\n<meta property=\"article:modified_time\" content=\"2025-01-23T13:03:02+00:00\" \/>\n<meta property=\"og:image\" content=\"https:\/\/filplast.pl\/wp-content\/uploads\/2024\/05\/AluWall-45-Office.png\" \/>\n\t<meta property=\"og:image:width\" content=\"1000\" \/>\n\t<meta property=\"og:image:height\" content=\"1000\" \/>\n\t<meta property=\"og:image:type\" content=\"image\/png\" \/>\n<meta name=\"twitter:card\" content=\"summary_large_image\" \/>\n<meta name=\"twitter:label1\" content=\"Odhadovan\u00e1 doba \u010dten\u00ed\" \/>\n\t<meta name=\"twitter:data1\" content=\"1 minuta\" \/>\n<script type=\"application\/ld+json\" class=\"yoast-schema-graph\">{\"@context\":\"https:\/\/schema.org\",\"@graph\":[{\"@type\":\"WebPage\",\"@id\":\"https:\/\/filplast.pl\/cz\/vyrobek\/aluwall-45-office\/\",\"url\":\"https:\/\/filplast.pl\/cz\/vyrobek\/aluwall-45-office\/\",\"name\":\"AluWall 45 Office I Filplast\",\"isPartOf\":{\"@id\":\"https:\/\/filplast.pl\/cz\/#website\"},\"primaryImageOfPage\":{\"@id\":\"https:\/\/filplast.pl\/cz\/vyrobek\/aluwall-45-office\/#primaryimage\"},\"image\":{\"@id\":\"https:\/\/filplast.pl\/cz\/vyrobek\/aluwall-45-office\/#primaryimage\"},\"thumbnailUrl\":\"https:\/\/filplast.pl\/wp-content\/uploads\/2024\/05\/AluWall-45-Office.png\",\"datePublished\":\"2024-05-21T11:36:20+00:00\",\"dateModified\":\"2025-01-23T13:03:02+00:00\",\"breadcrumb\":{\"@id\":\"https:\/\/filplast.pl\/cz\/vyrobek\/aluwall-45-office\/#breadcrumb\"},\"inLanguage\":\"cs\",\"potentialAction\":[{\"@type\":\"ReadAction\",\"target\":[\"https:\/\/filplast.pl\/cz\/vyrobek\/aluwall-45-office\/\"]}]},{\"@type\":\"ImageObject\",\"inLanguage\":\"cs\",\"@id\":\"https:\/\/filplast.pl\/cz\/vyrobek\/aluwall-45-office\/#primaryimage\",\"url\":\"https:\/\/filplast.pl\/wp-content\/uploads\/2024\/05\/AluWall-45-Office.png\",\"contentUrl\":\"https:\/\/filplast.pl\/wp-content\/uploads\/2024\/05\/AluWall-45-Office.png\",\"width\":1000,\"height\":1000},{\"@type\":\"BreadcrumbList\",\"@id\":\"https:\/\/filplast.pl\/cz\/vyrobek\/aluwall-45-office\/#breadcrumb\",\"itemListElement\":[{\"@type\":\"ListItem\",\"position\":1,\"name\":\"Hlavn\u00ed strana\",\"item\":\"https:\/\/filplast.pl\/cz\/\"},{\"@type\":\"ListItem\",\"position\":2,\"name\":\"Produkty\",\"item\":\"https:\/\/filplast.pl\/cz\/vyrobek\/\"},{\"@type\":\"ListItem\",\"position\":3,\"name\":\"AluWall 45 Office\"}]},{\"@type\":\"WebSite\",\"@id\":\"https:\/\/filplast.pl\/cz\/#website\",\"url\":\"https:\/\/filplast.pl\/cz\/\",\"name\":\"Filplast po generace\",\"description\":\"Producent okien, drzwi i rolet\",\"publisher\":{\"@id\":\"https:\/\/filplast.pl\/cz\/#organization\"},\"potentialAction\":[{\"@type\":\"SearchAction\",\"target\":{\"@type\":\"EntryPoint\",\"urlTemplate\":\"https:\/\/filplast.pl\/cz\/?s={search_term_string}\"},\"query-input\":{\"@type\":\"PropertyValueSpecification\",\"valueRequired\":true,\"valueName\":\"search_term_string\"}}],\"inLanguage\":\"cs\"},{\"@type\":\"Organization\",\"@id\":\"https:\/\/filplast.pl\/cz\/#organization\",\"name\":\"Filplast po generace\",\"url\":\"https:\/\/filplast.pl\/cz\/\",\"logo\":{\"@type\":\"ImageObject\",\"inLanguage\":\"cs\",\"@id\":\"https:\/\/filplast.pl\/cz\/#\/schema\/logo\/image\/\",\"url\":\"https:\/\/filplast.pl\/wp-content\/uploads\/2023\/10\/favicon-filplast.png\",\"contentUrl\":\"https:\/\/filplast.pl\/wp-content\/uploads\/2023\/10\/favicon-filplast.png\",\"width\":2134,\"height\":2134,\"caption\":\"Filplast po generace\"},\"image\":{\"@id\":\"https:\/\/filplast.pl\/cz\/#\/schema\/logo\/image\/\"},\"sameAs\":[\"https:\/\/www.facebook.com\/filplast.firma\",\"https:\/\/pl.pinterest.com\/filplast\/\",\"https:\/\/www.youtube.com\/FILPLASTchannel\",\"https:\/\/pl.linkedin.com\/company\/filplast-sp.-z-o.o.\",\"https:\/\/www.instagram.com\/filplast\/\"]}]}<\/script>\n<!-- \/ Yoast SEO plugin. -->","yoast_head_json":{"title":"AluWall 45 Office I Filplast","robots":{"index":"index","follow":"follow","max-snippet":"max-snippet:-1","max-image-preview":"max-image-preview:large","max-video-preview":"max-video-preview:-1"},"canonical":"https:\/\/filplast.pl\/cz\/vyrobek\/aluwall-45-office\/","og_locale":"cs_CZ","og_type":"article","og_title":"AluWall 45 Office I Filplast","og_description":"Syst\u00e9m AluWall 45 Office slou\u017e\u00ed k v\u00fdstavb\u011b r\u016fzn\u00fdch typ\u016f p\u0159\u00ed\u010dek, oken, dve\u0159\u00ed, kyvn\u00fdch dve\u0159\u00ed a p\u0159eds\u00edn\u00ed. Nosn\u00fdm prvkem konstrukce m\u016f\u017ee b\u00fdt tvrzen\u00e9 sklo. Syst\u00e9m je tak\u00e9 z\u00e1kladem pro speci\u00e1ln\u00ed \u0159e\u0161en\u00ed: kou\u0159ot\u011bsn\u00e9 p\u0159\u00ed\u010dky a dve\u0159e.","og_url":"https:\/\/filplast.pl\/cz\/vyrobek\/aluwall-45-office\/","og_site_name":"Filplast po generace","article_publisher":"https:\/\/www.facebook.com\/filplast.firma","article_modified_time":"2025-01-23T13:03:02+00:00","og_image":[{"width":1000,"height":1000,"url":"https:\/\/filplast.pl\/wp-content\/uploads\/2024\/05\/AluWall-45-Office.png","type":"image\/png"}],"twitter_card":"summary_large_image","twitter_misc":{"Odhadovan\u00e1 doba \u010dten\u00ed":"1 minuta"},"schema":{"@context":"https:\/\/schema.org","@graph":[{"@type":"WebPage","@id":"https:\/\/filplast.pl\/cz\/vyrobek\/aluwall-45-office\/","url":"https:\/\/filplast.pl\/cz\/vyrobek\/aluwall-45-office\/","name":"AluWall 45 Office I Filplast","isPartOf":{"@id":"https:\/\/filplast.pl\/cz\/#website"},"primaryImageOfPage":{"@id":"https:\/\/filplast.pl\/cz\/vyrobek\/aluwall-45-office\/#primaryimage"},"image":{"@id":"https:\/\/filplast.pl\/cz\/vyrobek\/aluwall-45-office\/#primaryimage"},"thumbnailUrl":"https:\/\/filplast.pl\/wp-content\/uploads\/2024\/05\/AluWall-45-Office.png","datePublished":"2024-05-21T11:36:20+00:00","dateModified":"2025-01-23T13:03:02+00:00","breadcrumb":{"@id":"https:\/\/filplast.pl\/cz\/vyrobek\/aluwall-45-office\/#breadcrumb"},"inLanguage":"cs","potentialAction":[{"@type":"ReadAction","target":["https:\/\/filplast.pl\/cz\/vyrobek\/aluwall-45-office\/"]}]},{"@type":"ImageObject","inLanguage":"cs","@id":"https:\/\/filplast.pl\/cz\/vyrobek\/aluwall-45-office\/#primaryimage","url":"https:\/\/filplast.pl\/wp-content\/uploads\/2024\/05\/AluWall-45-Office.png","contentUrl":"https:\/\/filplast.pl\/wp-content\/uploads\/2024\/05\/AluWall-45-Office.png","width":1000,"height":1000},{"@type":"BreadcrumbList","@id":"https:\/\/filplast.pl\/cz\/vyrobek\/aluwall-45-office\/#breadcrumb","itemListElement":[{"@type":"ListItem","position":1,"name":"Hlavn\u00ed strana","item":"https:\/\/filplast.pl\/cz\/"},{"@type":"ListItem","position":2,"name":"Produkty","item":"https:\/\/filplast.pl\/cz\/vyrobek\/"},{"@type":"ListItem","position":3,"name":"AluWall 45 Office"}]},{"@type":"WebSite","@id":"https:\/\/filplast.pl\/cz\/#website","url":"https:\/\/filplast.pl\/cz\/","name":"Filplast po generace","description":"Producent okien, drzwi i rolet","publisher":{"@id":"https:\/\/filplast.pl\/cz\/#organization"},"potentialAction":[{"@type":"SearchAction","target":{"@type":"EntryPoint","urlTemplate":"https:\/\/filplast.pl\/cz\/?s={search_term_string}"},"query-input":{"@type":"PropertyValueSpecification","valueRequired":true,"valueName":"search_term_string"}}],"inLanguage":"cs"},{"@type":"Organization","@id":"https:\/\/filplast.pl\/cz\/#organization","name":"Filplast po generace","url":"https:\/\/filplast.pl\/cz\/","logo":{"@type":"ImageObject","inLanguage":"cs","@id":"https:\/\/filplast.pl\/cz\/#\/schema\/logo\/image\/","url":"https:\/\/filplast.pl\/wp-content\/uploads\/2023\/10\/favicon-filplast.png","contentUrl":"https:\/\/filplast.pl\/wp-content\/uploads\/2023\/10\/favicon-filplast.png","width":2134,"height":2134,"caption":"Filplast po generace"},"image":{"@id":"https:\/\/filplast.pl\/cz\/#\/schema\/logo\/image\/"},"sameAs":["https:\/\/www.facebook.com\/filplast.firma","https:\/\/pl.pinterest.com\/filplast\/","https:\/\/www.youtube.com\/FILPLASTchannel","https:\/\/pl.linkedin.com\/company\/filplast-sp.-z-o.o.","https:\/\/www.instagram.com\/filplast\/"]}]}},"uagb_featured_image_src":{"full":["https:\/\/filplast.pl\/wp-content\/uploads\/2024\/05\/AluWall-45-Office.png",1000,1000,false],"thumbnail":["https:\/\/filplast.pl\/wp-content\/uploads\/2024\/05\/AluWall-45-Office-250x250.png",250,250,true],"medium":["https:\/\/filplast.pl\/wp-content\/uploads\/2024\/05\/AluWall-45-Office-400x400.png",400,400,true],"medium_large":["https:\/\/filplast.pl\/wp-content\/uploads\/2024\/05\/AluWall-45-Office-768x768.png",768,768,true],"large":["https:\/\/filplast.pl\/wp-content\/uploads\/2024\/05\/AluWall-45-Office.png",1000,1000,false],"1536x1536":["https:\/\/filplast.pl\/wp-content\/uploads\/2024\/05\/AluWall-45-Office.png",1000,1000,false],"2048x2048":["https:\/\/filplast.pl\/wp-content\/uploads\/2024\/05\/AluWall-45-Office.png",1000,1000,false],"depcore-widget-post-thumb":["https:\/\/filplast.pl\/wp-content\/uploads\/2024\/05\/AluWall-45-Office-65x65.png",65,65,true],"depcore-widget-post-medium":["https:\/\/filplast.pl\/wp-content\/uploads\/2024\/05\/AluWall-45-Office-280x150.png",280,150,true],"square":["https:\/\/filplast.pl\/wp-content\/uploads\/2024\/05\/AluWall-45-Office-500x500.png",500,500,true],"small-square":["https:\/\/filplast.pl\/wp-content\/uploads\/2024\/05\/AluWall-45-Office-250x250.png",250,250,true],"slider-image":["https:\/\/filplast.pl\/wp-content\/uploads\/2024\/05\/AluWall-45-Office-1000x500.png",1000,500,true],"":["https:\/\/filplast.pl\/wp-content\/uploads\/2024\/05\/AluWall-45-Office.png",250,250,false]},"uagb_author_info":{"display_name":"Micha\u0142 Mrukot","author_link":"https:\/\/filplast.pl\/cz\/author\/"},"uagb_comment_info":0,"uagb_excerpt":"Syst\u00e9m AluWall 45 Office slou\u017e\u00ed k v\u00fdstavb\u011b r\u016fzn\u00fdch typ\u016f p\u0159\u00ed\u010dek, oken, dve\u0159\u00ed, kyvn\u00fdch dve\u0159\u00ed a p\u0159eds\u00edn\u00ed. Nosn\u00fdm prvkem konstrukce m\u016f\u017ee b\u00fdt tvrzen\u00e9 sklo. Syst\u00e9m je tak\u00e9 z\u00e1kladem pro speci\u00e1ln\u00ed \u0159e\u0161en\u00ed: kou\u0159ot\u011bsn\u00e9 p\u0159\u00ed\u010dky a dve\u0159e.","_links":{"self":[{"href":"https:\/\/filplast.pl\/cz\/wp-json\/wp\/v2\/product\/55012","targetHints":{"allow":["GET"]}}],"collection":[{"href":"https:\/\/filplast.pl\/cz\/wp-json\/wp\/v2\/product"}],"about":[{"href":"https:\/\/filplast.pl\/cz\/wp-json\/wp\/v2\/types\/product"}],"version-history":[{"count":1,"href":"https:\/\/filplast.pl\/cz\/wp-json\/wp\/v2\/product\/55012\/revisions"}],"predecessor-version":[{"id":55017,"href":"https:\/\/filplast.pl\/cz\/wp-json\/wp\/v2\/product\/55012\/revisions\/55017"}],"wp:featuredmedia":[{"embeddable":true,"href":"https:\/\/filplast.pl\/cz\/wp-json\/wp\/v2\/media\/48919"}],"wp:attachment":[{"href":"https:\/\/filplast.pl\/cz\/wp-json\/wp\/v2\/media?parent=55012"}],"curies":[{"name":"wp","href":"https:\/\/api.w.org\/{rel}","templated":true}]}}