{"id":55022,"date":"2024-05-21T13:36:14","date_gmt":"2024-05-21T11:36:14","guid":{"rendered":"https:\/\/filplast.pl\/produkt\/aluwall-expo\/"},"modified":"2025-01-23T14:12:53","modified_gmt":"2025-01-23T13:12:53","slug":"aluwall-expo","status":"publish","type":"product","link":"https:\/\/filplast.pl\/cz\/vyrobek\/aluwall-expo\/","title":{"rendered":"AluWall Expo"},"content":{"rendered":"<div id=\"modal-ready\">\n<p>Syst\u00e9m AluWall Expo umo\u017e\u0148uje vytvo\u0159en\u00ed vysoce kvalitn\u00edch sklen\u011bn\u00fdch vnit\u0159n\u00edch st\u011bn s osazen\u00fdmi celosklen\u011bn\u00fdmi dve\u0159mi. Tento syst\u00e9m tak\u00e9 umo\u017e\u0148uje instalaci parkovac\u00edch a skl\u00e1dac\u00edch dve\u0159\u00ed do sklen\u011bn\u00e9 p\u0159\u00ed\u010dky.<\/p>\n<\/div>","protected":false},"excerpt":{"rendered":"<p>Syst\u00e9m AluWall Expo umo\u017e\u0148uje vytvo\u0159en\u00ed vysoce kvalitn\u00edch sklen\u011bn\u00fdch vnit\u0159n\u00edch st\u011bn s osazen\u00fdmi celosklen\u011bn\u00fdmi dve\u0159mi. Tento syst\u00e9m tak\u00e9 umo\u017e\u0148uje instalaci parkovac\u00edch a skl\u00e1dac\u00edch dve\u0159\u00ed do sklen\u011bn\u00e9 p\u0159\u00ed\u010dky.<\/p>\n","protected":false},"featured_media":48912,"parent":0,"menu_order":16,"template":"","class_list":["post-55022","product","type-product","status-publish","has-post-thumbnail","hentry","product-category-vnitni-sklenene-steny-cz"],"yoast_head":"<!-- This site is optimized with the Yoast SEO plugin v24.7 - https:\/\/yoast.com\/wordpress\/plugins\/seo\/ -->\n<title>AluWall Expo I Filplast na pokolenia<\/title>\n<meta name=\"robots\" content=\"index, follow, max-snippet:-1, max-image-preview:large, max-video-preview:-1\" \/>\n<link rel=\"canonical\" href=\"https:\/\/filplast.pl\/cz\/vyrobek\/aluwall-expo\/\" \/>\n<meta property=\"og:locale\" content=\"cs_CZ\" \/>\n<meta property=\"og:type\" content=\"article\" \/>\n<meta property=\"og:title\" content=\"AluWall Expo I Filplast na pokolenia\" \/>\n<meta property=\"og:description\" content=\"Syst\u00e9m AluWall Expo umo\u017e\u0148uje vytvo\u0159en\u00ed vysoce kvalitn\u00edch sklen\u011bn\u00fdch vnit\u0159n\u00edch st\u011bn s osazen\u00fdmi celosklen\u011bn\u00fdmi dve\u0159mi. Tento syst\u00e9m tak\u00e9 umo\u017e\u0148uje instalaci parkovac\u00edch a skl\u00e1dac\u00edch dve\u0159\u00ed do sklen\u011bn\u00e9 p\u0159\u00ed\u010dky.\" \/>\n<meta property=\"og:url\" content=\"https:\/\/filplast.pl\/cz\/vyrobek\/aluwall-expo\/\" \/>\n<meta property=\"og:site_name\" content=\"Filplast po generace\" \/>\n<meta property=\"article:publisher\" content=\"https:\/\/www.facebook.com\/filplast.firma\" \/>\n<meta property=\"article:modified_time\" content=\"2025-01-23T13:12:53+00:00\" \/>\n<meta property=\"og:image\" content=\"https:\/\/filplast.pl\/wp-content\/uploads\/2024\/05\/AluWall-Expo.png\" \/>\n\t<meta property=\"og:image:width\" content=\"1000\" \/>\n\t<meta property=\"og:image:height\" content=\"1000\" \/>\n\t<meta property=\"og:image:type\" content=\"image\/png\" \/>\n<meta name=\"twitter:card\" content=\"summary_large_image\" \/>\n<meta name=\"twitter:label1\" content=\"Odhadovan\u00e1 doba \u010dten\u00ed\" \/>\n\t<meta name=\"twitter:data1\" content=\"1 minuta\" \/>\n<script type=\"application\/ld+json\" class=\"yoast-schema-graph\">{\"@context\":\"https:\/\/schema.org\",\"@graph\":[{\"@type\":\"WebPage\",\"@id\":\"https:\/\/filplast.pl\/cz\/vyrobek\/aluwall-expo\/\",\"url\":\"https:\/\/filplast.pl\/cz\/vyrobek\/aluwall-expo\/\",\"name\":\"AluWall Expo I Filplast na pokolenia\",\"isPartOf\":{\"@id\":\"https:\/\/filplast.pl\/cz\/#website\"},\"primaryImageOfPage\":{\"@id\":\"https:\/\/filplast.pl\/cz\/vyrobek\/aluwall-expo\/#primaryimage\"},\"image\":{\"@id\":\"https:\/\/filplast.pl\/cz\/vyrobek\/aluwall-expo\/#primaryimage\"},\"thumbnailUrl\":\"https:\/\/filplast.pl\/wp-content\/uploads\/2024\/05\/AluWall-Expo.png\",\"datePublished\":\"2024-05-21T11:36:14+00:00\",\"dateModified\":\"2025-01-23T13:12:53+00:00\",\"breadcrumb\":{\"@id\":\"https:\/\/filplast.pl\/cz\/vyrobek\/aluwall-expo\/#breadcrumb\"},\"inLanguage\":\"cs\",\"potentialAction\":[{\"@type\":\"ReadAction\",\"target\":[\"https:\/\/filplast.pl\/cz\/vyrobek\/aluwall-expo\/\"]}]},{\"@type\":\"ImageObject\",\"inLanguage\":\"cs\",\"@id\":\"https:\/\/filplast.pl\/cz\/vyrobek\/aluwall-expo\/#primaryimage\",\"url\":\"https:\/\/filplast.pl\/wp-content\/uploads\/2024\/05\/AluWall-Expo.png\",\"contentUrl\":\"https:\/\/filplast.pl\/wp-content\/uploads\/2024\/05\/AluWall-Expo.png\",\"width\":1000,\"height\":1000},{\"@type\":\"BreadcrumbList\",\"@id\":\"https:\/\/filplast.pl\/cz\/vyrobek\/aluwall-expo\/#breadcrumb\",\"itemListElement\":[{\"@type\":\"ListItem\",\"position\":1,\"name\":\"Hlavn\u00ed strana\",\"item\":\"https:\/\/filplast.pl\/cz\/\"},{\"@type\":\"ListItem\",\"position\":2,\"name\":\"Produkty\",\"item\":\"https:\/\/filplast.pl\/cz\/vyrobek\/\"},{\"@type\":\"ListItem\",\"position\":3,\"name\":\"AluWall Expo\"}]},{\"@type\":\"WebSite\",\"@id\":\"https:\/\/filplast.pl\/cz\/#website\",\"url\":\"https:\/\/filplast.pl\/cz\/\",\"name\":\"Filplast po generace\",\"description\":\"Producent okien, drzwi i rolet\",\"publisher\":{\"@id\":\"https:\/\/filplast.pl\/cz\/#organization\"},\"potentialAction\":[{\"@type\":\"SearchAction\",\"target\":{\"@type\":\"EntryPoint\",\"urlTemplate\":\"https:\/\/filplast.pl\/cz\/?s={search_term_string}\"},\"query-input\":{\"@type\":\"PropertyValueSpecification\",\"valueRequired\":true,\"valueName\":\"search_term_string\"}}],\"inLanguage\":\"cs\"},{\"@type\":\"Organization\",\"@id\":\"https:\/\/filplast.pl\/cz\/#organization\",\"name\":\"Filplast po generace\",\"url\":\"https:\/\/filplast.pl\/cz\/\",\"logo\":{\"@type\":\"ImageObject\",\"inLanguage\":\"cs\",\"@id\":\"https:\/\/filplast.pl\/cz\/#\/schema\/logo\/image\/\",\"url\":\"https:\/\/filplast.pl\/wp-content\/uploads\/2023\/10\/favicon-filplast.png\",\"contentUrl\":\"https:\/\/filplast.pl\/wp-content\/uploads\/2023\/10\/favicon-filplast.png\",\"width\":2134,\"height\":2134,\"caption\":\"Filplast po generace\"},\"image\":{\"@id\":\"https:\/\/filplast.pl\/cz\/#\/schema\/logo\/image\/\"},\"sameAs\":[\"https:\/\/www.facebook.com\/filplast.firma\",\"https:\/\/pl.pinterest.com\/filplast\/\",\"https:\/\/www.youtube.com\/FILPLASTchannel\",\"https:\/\/pl.linkedin.com\/company\/filplast-sp.-z-o.o.\",\"https:\/\/www.instagram.com\/filplast\/\"]}]}<\/script>\n<!-- \/ Yoast SEO plugin. -->","yoast_head_json":{"title":"AluWall Expo I Filplast na pokolenia","robots":{"index":"index","follow":"follow","max-snippet":"max-snippet:-1","max-image-preview":"max-image-preview:large","max-video-preview":"max-video-preview:-1"},"canonical":"https:\/\/filplast.pl\/cz\/vyrobek\/aluwall-expo\/","og_locale":"cs_CZ","og_type":"article","og_title":"AluWall Expo I Filplast na pokolenia","og_description":"Syst\u00e9m AluWall Expo umo\u017e\u0148uje vytvo\u0159en\u00ed vysoce kvalitn\u00edch sklen\u011bn\u00fdch vnit\u0159n\u00edch st\u011bn s osazen\u00fdmi celosklen\u011bn\u00fdmi dve\u0159mi. Tento syst\u00e9m tak\u00e9 umo\u017e\u0148uje instalaci parkovac\u00edch a skl\u00e1dac\u00edch dve\u0159\u00ed do sklen\u011bn\u00e9 p\u0159\u00ed\u010dky.","og_url":"https:\/\/filplast.pl\/cz\/vyrobek\/aluwall-expo\/","og_site_name":"Filplast po generace","article_publisher":"https:\/\/www.facebook.com\/filplast.firma","article_modified_time":"2025-01-23T13:12:53+00:00","og_image":[{"width":1000,"height":1000,"url":"https:\/\/filplast.pl\/wp-content\/uploads\/2024\/05\/AluWall-Expo.png","type":"image\/png"}],"twitter_card":"summary_large_image","twitter_misc":{"Odhadovan\u00e1 doba \u010dten\u00ed":"1 minuta"},"schema":{"@context":"https:\/\/schema.org","@graph":[{"@type":"WebPage","@id":"https:\/\/filplast.pl\/cz\/vyrobek\/aluwall-expo\/","url":"https:\/\/filplast.pl\/cz\/vyrobek\/aluwall-expo\/","name":"AluWall Expo I Filplast na pokolenia","isPartOf":{"@id":"https:\/\/filplast.pl\/cz\/#website"},"primaryImageOfPage":{"@id":"https:\/\/filplast.pl\/cz\/vyrobek\/aluwall-expo\/#primaryimage"},"image":{"@id":"https:\/\/filplast.pl\/cz\/vyrobek\/aluwall-expo\/#primaryimage"},"thumbnailUrl":"https:\/\/filplast.pl\/wp-content\/uploads\/2024\/05\/AluWall-Expo.png","datePublished":"2024-05-21T11:36:14+00:00","dateModified":"2025-01-23T13:12:53+00:00","breadcrumb":{"@id":"https:\/\/filplast.pl\/cz\/vyrobek\/aluwall-expo\/#breadcrumb"},"inLanguage":"cs","potentialAction":[{"@type":"ReadAction","target":["https:\/\/filplast.pl\/cz\/vyrobek\/aluwall-expo\/"]}]},{"@type":"ImageObject","inLanguage":"cs","@id":"https:\/\/filplast.pl\/cz\/vyrobek\/aluwall-expo\/#primaryimage","url":"https:\/\/filplast.pl\/wp-content\/uploads\/2024\/05\/AluWall-Expo.png","contentUrl":"https:\/\/filplast.pl\/wp-content\/uploads\/2024\/05\/AluWall-Expo.png","width":1000,"height":1000},{"@type":"BreadcrumbList","@id":"https:\/\/filplast.pl\/cz\/vyrobek\/aluwall-expo\/#breadcrumb","itemListElement":[{"@type":"ListItem","position":1,"name":"Hlavn\u00ed strana","item":"https:\/\/filplast.pl\/cz\/"},{"@type":"ListItem","position":2,"name":"Produkty","item":"https:\/\/filplast.pl\/cz\/vyrobek\/"},{"@type":"ListItem","position":3,"name":"AluWall Expo"}]},{"@type":"WebSite","@id":"https:\/\/filplast.pl\/cz\/#website","url":"https:\/\/filplast.pl\/cz\/","name":"Filplast po generace","description":"Producent okien, drzwi i rolet","publisher":{"@id":"https:\/\/filplast.pl\/cz\/#organization"},"potentialAction":[{"@type":"SearchAction","target":{"@type":"EntryPoint","urlTemplate":"https:\/\/filplast.pl\/cz\/?s={search_term_string}"},"query-input":{"@type":"PropertyValueSpecification","valueRequired":true,"valueName":"search_term_string"}}],"inLanguage":"cs"},{"@type":"Organization","@id":"https:\/\/filplast.pl\/cz\/#organization","name":"Filplast po generace","url":"https:\/\/filplast.pl\/cz\/","logo":{"@type":"ImageObject","inLanguage":"cs","@id":"https:\/\/filplast.pl\/cz\/#\/schema\/logo\/image\/","url":"https:\/\/filplast.pl\/wp-content\/uploads\/2023\/10\/favicon-filplast.png","contentUrl":"https:\/\/filplast.pl\/wp-content\/uploads\/2023\/10\/favicon-filplast.png","width":2134,"height":2134,"caption":"Filplast po generace"},"image":{"@id":"https:\/\/filplast.pl\/cz\/#\/schema\/logo\/image\/"},"sameAs":["https:\/\/www.facebook.com\/filplast.firma","https:\/\/pl.pinterest.com\/filplast\/","https:\/\/www.youtube.com\/FILPLASTchannel","https:\/\/pl.linkedin.com\/company\/filplast-sp.-z-o.o.","https:\/\/www.instagram.com\/filplast\/"]}]}},"uagb_featured_image_src":{"full":["https:\/\/filplast.pl\/wp-content\/uploads\/2024\/05\/AluWall-Expo.png",1000,1000,false],"thumbnail":["https:\/\/filplast.pl\/wp-content\/uploads\/2024\/05\/AluWall-Expo-250x250.png",250,250,true],"medium":["https:\/\/filplast.pl\/wp-content\/uploads\/2024\/05\/AluWall-Expo-400x400.png",400,400,true],"medium_large":["https:\/\/filplast.pl\/wp-content\/uploads\/2024\/05\/AluWall-Expo-768x768.png",768,768,true],"large":["https:\/\/filplast.pl\/wp-content\/uploads\/2024\/05\/AluWall-Expo.png",1000,1000,false],"1536x1536":["https:\/\/filplast.pl\/wp-content\/uploads\/2024\/05\/AluWall-Expo.png",1000,1000,false],"2048x2048":["https:\/\/filplast.pl\/wp-content\/uploads\/2024\/05\/AluWall-Expo.png",1000,1000,false],"depcore-widget-post-thumb":["https:\/\/filplast.pl\/wp-content\/uploads\/2024\/05\/AluWall-Expo-65x65.png",65,65,true],"depcore-widget-post-medium":["https:\/\/filplast.pl\/wp-content\/uploads\/2024\/05\/AluWall-Expo-280x150.png",280,150,true],"square":["https:\/\/filplast.pl\/wp-content\/uploads\/2024\/05\/AluWall-Expo-500x500.png",500,500,true],"small-square":["https:\/\/filplast.pl\/wp-content\/uploads\/2024\/05\/AluWall-Expo-250x250.png",250,250,true],"slider-image":["https:\/\/filplast.pl\/wp-content\/uploads\/2024\/05\/AluWall-Expo-1000x500.png",1000,500,true],"":["https:\/\/filplast.pl\/wp-content\/uploads\/2024\/05\/AluWall-Expo.png",250,250,false]},"uagb_author_info":{"display_name":"Micha\u0142 Mrukot","author_link":"https:\/\/filplast.pl\/cz\/author\/"},"uagb_comment_info":0,"uagb_excerpt":"Syst\u00e9m AluWall Expo umo\u017e\u0148uje vytvo\u0159en\u00ed vysoce kvalitn\u00edch sklen\u011bn\u00fdch vnit\u0159n\u00edch st\u011bn s osazen\u00fdmi celosklen\u011bn\u00fdmi dve\u0159mi. Tento syst\u00e9m tak\u00e9 umo\u017e\u0148uje instalaci parkovac\u00edch a skl\u00e1dac\u00edch dve\u0159\u00ed do sklen\u011bn\u00e9 p\u0159\u00ed\u010dky.","_links":{"self":[{"href":"https:\/\/filplast.pl\/cz\/wp-json\/wp\/v2\/product\/55022","targetHints":{"allow":["GET"]}}],"collection":[{"href":"https:\/\/filplast.pl\/cz\/wp-json\/wp\/v2\/product"}],"about":[{"href":"https:\/\/filplast.pl\/cz\/wp-json\/wp\/v2\/types\/product"}],"version-history":[{"count":1,"href":"https:\/\/filplast.pl\/cz\/wp-json\/wp\/v2\/product\/55022\/revisions"}],"predecessor-version":[{"id":55027,"href":"https:\/\/filplast.pl\/cz\/wp-json\/wp\/v2\/product\/55022\/revisions\/55027"}],"wp:featuredmedia":[{"embeddable":true,"href":"https:\/\/filplast.pl\/cz\/wp-json\/wp\/v2\/media\/48912"}],"wp:attachment":[{"href":"https:\/\/filplast.pl\/cz\/wp-json\/wp\/v2\/media?parent=55022"}],"curies":[{"name":"wp","href":"https:\/\/api.w.org\/{rel}","templated":true}]}}