{"id":55485,"date":"2022-06-14T11:07:20","date_gmt":"2022-06-14T09:07:20","guid":{"rendered":"https:\/\/filplast.pl\/produkt\/zaluzje-na-skosne-okna-c-80-flexi\/"},"modified":"2025-01-30T14:25:59","modified_gmt":"2025-01-30T13:25:59","slug":"zaluzie-na-sikma-okna-c-80-flexi","status":"publish","type":"product","link":"https:\/\/filplast.pl\/cz\/vyrobek\/zaluzie-na-sikma-okna-c-80-flexi\/","title":{"rendered":"\u017daluzie na \u0161ikm\u00e1 okna"},"content":{"rendered":"<div id=\"modal-ready\"><p>\u017daluzie pro \u0161ikm\u00e1 okna jsou ide\u00e1ln\u00edm \u0159e\u0161en\u00edm pro nestandardn\u00ed tvary oken. Hlin\u00edkov\u00e9 lamely se zarovn\u00e1vaj\u00ed rovnob\u011b\u017en\u011b s horn\u00edm r\u00e1mem okna a vytv\u00e1\u0159ej\u00ed jedine\u010dn\u00fd a efektn\u00ed vzor. \u017daluzie je vybavena speci\u00e1ln\u00edm mechanismem, kter\u00fd vyrovn\u00e1v\u00e1 r\u016fzn\u00e9 d\u00e9lky textiln\u00edch p\u00e1sk\u016f p\u0159i jej\u00edm spou\u0161t\u011bn\u00ed a zved\u00e1n\u00ed. Teleskopick\u00e1 spodn\u00ed li\u0161ta umo\u017e\u0148uje p\u0159izp\u016fsobit \u0161\u00ed\u0159ku \u017ealuzie v z\u00e1vislosti na jej\u00ed poloze v\u016f\u010di horn\u00edmu r\u00e1mu.<\/p>\n\n\n<figure class=\"wp-block-image size-full is-resized is-style-default\"><img loading=\"lazy\" decoding=\"async\" width=\"1080\" height=\"1080\" src=\"https:\/\/filplast.pl\/wp-content\/uploads\/2024\/06\/zaluzje-skosne-na-www.png\" alt=\"\u017baluzje na sko\u015bne okna - monta\u017c na placu budowy domu jednorodzinnego\" class=\"wp-image-50397\" style=\"width:337px;height:auto\" srcset=\"https:\/\/filplast.pl\/wp-content\/uploads\/2024\/06\/zaluzje-skosne-na-www.png 1080w, https:\/\/filplast.pl\/wp-content\/uploads\/2024\/06\/zaluzje-skosne-na-www-400x400.png 400w, https:\/\/filplast.pl\/wp-content\/uploads\/2024\/06\/zaluzje-skosne-na-www-1024x1024.png 1024w, https:\/\/filplast.pl\/wp-content\/uploads\/2024\/06\/zaluzje-skosne-na-www-250x250.png 250w, https:\/\/filplast.pl\/wp-content\/uploads\/2024\/06\/zaluzje-skosne-na-www-768x768.png 768w, https:\/\/filplast.pl\/wp-content\/uploads\/2024\/06\/zaluzje-skosne-na-www-65x65.png 65w, https:\/\/filplast.pl\/wp-content\/uploads\/2024\/06\/zaluzje-skosne-na-www-500x500.png 500w\" sizes=\"auto, (max-width: 1080px) 100vw, 1080px\" \/><\/figure>\n<\/div>","protected":false},"excerpt":{"rendered":"<p>\u0160ikm\u00e9 \u017ealuzie jsou ide\u00e1ln\u00edm \u0159e\u0161en\u00edm pro okna s nestandardn\u00edmi, roj\u00faheln\u00edkov\u00fdmi rozm\u011bry.<\/p>\n","protected":false},"featured_media":25065,"parent":0,"menu_order":210,"template":"","class_list":["post-55485","product","type-product","status-publish","has-post-thumbnail","hentry","product-category-venkovni-zaluzie","product-line-goldenline-cz"],"yoast_head":"<!-- This site is optimized with the Yoast SEO plugin v24.7 - https:\/\/yoast.com\/wordpress\/plugins\/seo\/ -->\n<title>\u017daluzie na \u0161ikm\u00e1 okna \u2013 troj\u00faheln\u00edkov\u00e9 konstrukce I Filplast<\/title>\n<meta name=\"description\" content=\"\u0160ikm\u00e9 fas\u00e1dn\u00ed \u017ealuzie pro troj\u00faheln\u00edkov\u00e1 okna. \u017daluzie pro modern\u00ed d\u016fm v\u010detn\u011b mont\u00e1\u017ee. Pod\u00edvejte se na pr\u00e9miov\u00e9 produkty od v\u00fdrobce oken!\" \/>\n<meta name=\"robots\" content=\"index, follow, max-snippet:-1, max-image-preview:large, max-video-preview:-1\" \/>\n<link rel=\"canonical\" href=\"https:\/\/filplast.pl\/cz\/vyrobek\/zaluzie-na-sikma-okna-c-80-flexi\/\" \/>\n<meta property=\"og:locale\" content=\"cs_CZ\" \/>\n<meta property=\"og:type\" content=\"article\" \/>\n<meta property=\"og:title\" content=\"\u017daluzie na \u0161ikm\u00e1 okna \u2013 troj\u00faheln\u00edkov\u00e9 konstrukce I Filplast\" \/>\n<meta property=\"og:description\" content=\"\u0160ikm\u00e9 fas\u00e1dn\u00ed \u017ealuzie pro troj\u00faheln\u00edkov\u00e1 okna. \u017daluzie pro modern\u00ed d\u016fm v\u010detn\u011b mont\u00e1\u017ee. Pod\u00edvejte se na pr\u00e9miov\u00e9 produkty od v\u00fdrobce oken!\" \/>\n<meta property=\"og:url\" content=\"https:\/\/filplast.pl\/cz\/vyrobek\/zaluzie-na-sikma-okna-c-80-flexi\/\" \/>\n<meta property=\"og:site_name\" content=\"Filplast po generace\" \/>\n<meta property=\"article:publisher\" content=\"https:\/\/www.facebook.com\/filplast.firma\" \/>\n<meta property=\"article:modified_time\" content=\"2025-01-30T13:25:59+00:00\" \/>\n<meta property=\"og:image\" content=\"https:\/\/filplast.pl\/wp-content\/uploads\/2022\/06\/Cetta-80F-TE-1-big-1.jpg\" \/>\n\t<meta property=\"og:image:width\" content=\"1815\" \/>\n\t<meta property=\"og:image:height\" content=\"2048\" \/>\n\t<meta property=\"og:image:type\" content=\"image\/jpeg\" \/>\n<meta name=\"twitter:card\" content=\"summary_large_image\" \/>\n<meta name=\"twitter:label1\" content=\"Odhadovan\u00e1 doba \u010dten\u00ed\" \/>\n\t<meta name=\"twitter:data1\" content=\"1 minuta\" \/>\n<script type=\"application\/ld+json\" class=\"yoast-schema-graph\">{\"@context\":\"https:\/\/schema.org\",\"@graph\":[{\"@type\":\"WebPage\",\"@id\":\"https:\/\/filplast.pl\/cz\/vyrobek\/zaluzie-na-sikma-okna-c-80-flexi\/\",\"url\":\"https:\/\/filplast.pl\/cz\/vyrobek\/zaluzie-na-sikma-okna-c-80-flexi\/\",\"name\":\"\u017daluzie na \u0161ikm\u00e1 okna \u2013 troj\u00faheln\u00edkov\u00e9 konstrukce I Filplast\",\"isPartOf\":{\"@id\":\"https:\/\/filplast.pl\/cz\/#website\"},\"primaryImageOfPage\":{\"@id\":\"https:\/\/filplast.pl\/cz\/vyrobek\/zaluzie-na-sikma-okna-c-80-flexi\/#primaryimage\"},\"image\":{\"@id\":\"https:\/\/filplast.pl\/cz\/vyrobek\/zaluzie-na-sikma-okna-c-80-flexi\/#primaryimage\"},\"thumbnailUrl\":\"https:\/\/filplast.pl\/wp-content\/uploads\/2022\/06\/Cetta-80F-TE-1-big-1.jpg\",\"datePublished\":\"2022-06-14T09:07:20+00:00\",\"dateModified\":\"2025-01-30T13:25:59+00:00\",\"description\":\"\u0160ikm\u00e9 fas\u00e1dn\u00ed \u017ealuzie pro troj\u00faheln\u00edkov\u00e1 okna. \u017daluzie pro modern\u00ed d\u016fm v\u010detn\u011b mont\u00e1\u017ee. Pod\u00edvejte se na pr\u00e9miov\u00e9 produkty od v\u00fdrobce oken!\",\"breadcrumb\":{\"@id\":\"https:\/\/filplast.pl\/cz\/vyrobek\/zaluzie-na-sikma-okna-c-80-flexi\/#breadcrumb\"},\"inLanguage\":\"cs\",\"potentialAction\":[{\"@type\":\"ReadAction\",\"target\":[\"https:\/\/filplast.pl\/cz\/vyrobek\/zaluzie-na-sikma-okna-c-80-flexi\/\"]}]},{\"@type\":\"ImageObject\",\"inLanguage\":\"cs\",\"@id\":\"https:\/\/filplast.pl\/cz\/vyrobek\/zaluzie-na-sikma-okna-c-80-flexi\/#primaryimage\",\"url\":\"https:\/\/filplast.pl\/wp-content\/uploads\/2022\/06\/Cetta-80F-TE-1-big-1.jpg\",\"contentUrl\":\"https:\/\/filplast.pl\/wp-content\/uploads\/2022\/06\/Cetta-80F-TE-1-big-1.jpg\",\"width\":1815,\"height\":2048,\"caption\":\"\u017baluzje na sko\u015bne okna - grafika przedstawiaj\u0105ca konstrukcj\u0119 do tr\u00f3jk\u0105tnych okien\"},{\"@type\":\"BreadcrumbList\",\"@id\":\"https:\/\/filplast.pl\/cz\/vyrobek\/zaluzie-na-sikma-okna-c-80-flexi\/#breadcrumb\",\"itemListElement\":[{\"@type\":\"ListItem\",\"position\":1,\"name\":\"Hlavn\u00ed strana\",\"item\":\"https:\/\/filplast.pl\/cz\/\"},{\"@type\":\"ListItem\",\"position\":2,\"name\":\"Produkty\",\"item\":\"https:\/\/filplast.pl\/cz\/vyrobek\/\"},{\"@type\":\"ListItem\",\"position\":3,\"name\":\"\u017daluzie na \u0161ikm\u00e1 okna\"}]},{\"@type\":\"WebSite\",\"@id\":\"https:\/\/filplast.pl\/cz\/#website\",\"url\":\"https:\/\/filplast.pl\/cz\/\",\"name\":\"Filplast po generace\",\"description\":\"Producent okien, drzwi i rolet\",\"publisher\":{\"@id\":\"https:\/\/filplast.pl\/cz\/#organization\"},\"potentialAction\":[{\"@type\":\"SearchAction\",\"target\":{\"@type\":\"EntryPoint\",\"urlTemplate\":\"https:\/\/filplast.pl\/cz\/?s={search_term_string}\"},\"query-input\":{\"@type\":\"PropertyValueSpecification\",\"valueRequired\":true,\"valueName\":\"search_term_string\"}}],\"inLanguage\":\"cs\"},{\"@type\":\"Organization\",\"@id\":\"https:\/\/filplast.pl\/cz\/#organization\",\"name\":\"Filplast po generace\",\"url\":\"https:\/\/filplast.pl\/cz\/\",\"logo\":{\"@type\":\"ImageObject\",\"inLanguage\":\"cs\",\"@id\":\"https:\/\/filplast.pl\/cz\/#\/schema\/logo\/image\/\",\"url\":\"https:\/\/filplast.pl\/wp-content\/uploads\/2023\/10\/favicon-filplast.png\",\"contentUrl\":\"https:\/\/filplast.pl\/wp-content\/uploads\/2023\/10\/favicon-filplast.png\",\"width\":2134,\"height\":2134,\"caption\":\"Filplast po generace\"},\"image\":{\"@id\":\"https:\/\/filplast.pl\/cz\/#\/schema\/logo\/image\/\"},\"sameAs\":[\"https:\/\/www.facebook.com\/filplast.firma\",\"https:\/\/pl.pinterest.com\/filplast\/\",\"https:\/\/www.youtube.com\/FILPLASTchannel\",\"https:\/\/pl.linkedin.com\/company\/filplast-sp.-z-o.o.\",\"https:\/\/www.instagram.com\/filplast\/\"]}]}<\/script>\n<!-- \/ Yoast SEO plugin. -->","yoast_head_json":{"title":"\u017daluzie na \u0161ikm\u00e1 okna \u2013 troj\u00faheln\u00edkov\u00e9 konstrukce I Filplast","description":"\u0160ikm\u00e9 fas\u00e1dn\u00ed \u017ealuzie pro troj\u00faheln\u00edkov\u00e1 okna. \u017daluzie pro modern\u00ed d\u016fm v\u010detn\u011b mont\u00e1\u017ee. Pod\u00edvejte se na pr\u00e9miov\u00e9 produkty od v\u00fdrobce oken!","robots":{"index":"index","follow":"follow","max-snippet":"max-snippet:-1","max-image-preview":"max-image-preview:large","max-video-preview":"max-video-preview:-1"},"canonical":"https:\/\/filplast.pl\/cz\/vyrobek\/zaluzie-na-sikma-okna-c-80-flexi\/","og_locale":"cs_CZ","og_type":"article","og_title":"\u017daluzie na \u0161ikm\u00e1 okna \u2013 troj\u00faheln\u00edkov\u00e9 konstrukce I Filplast","og_description":"\u0160ikm\u00e9 fas\u00e1dn\u00ed \u017ealuzie pro troj\u00faheln\u00edkov\u00e1 okna. \u017daluzie pro modern\u00ed d\u016fm v\u010detn\u011b mont\u00e1\u017ee. Pod\u00edvejte se na pr\u00e9miov\u00e9 produkty od v\u00fdrobce oken!","og_url":"https:\/\/filplast.pl\/cz\/vyrobek\/zaluzie-na-sikma-okna-c-80-flexi\/","og_site_name":"Filplast po generace","article_publisher":"https:\/\/www.facebook.com\/filplast.firma","article_modified_time":"2025-01-30T13:25:59+00:00","og_image":[{"width":1815,"height":2048,"url":"https:\/\/filplast.pl\/wp-content\/uploads\/2022\/06\/Cetta-80F-TE-1-big-1.jpg","type":"image\/jpeg"}],"twitter_card":"summary_large_image","twitter_misc":{"Odhadovan\u00e1 doba \u010dten\u00ed":"1 minuta"},"schema":{"@context":"https:\/\/schema.org","@graph":[{"@type":"WebPage","@id":"https:\/\/filplast.pl\/cz\/vyrobek\/zaluzie-na-sikma-okna-c-80-flexi\/","url":"https:\/\/filplast.pl\/cz\/vyrobek\/zaluzie-na-sikma-okna-c-80-flexi\/","name":"\u017daluzie na \u0161ikm\u00e1 okna \u2013 troj\u00faheln\u00edkov\u00e9 konstrukce I Filplast","isPartOf":{"@id":"https:\/\/filplast.pl\/cz\/#website"},"primaryImageOfPage":{"@id":"https:\/\/filplast.pl\/cz\/vyrobek\/zaluzie-na-sikma-okna-c-80-flexi\/#primaryimage"},"image":{"@id":"https:\/\/filplast.pl\/cz\/vyrobek\/zaluzie-na-sikma-okna-c-80-flexi\/#primaryimage"},"thumbnailUrl":"https:\/\/filplast.pl\/wp-content\/uploads\/2022\/06\/Cetta-80F-TE-1-big-1.jpg","datePublished":"2022-06-14T09:07:20+00:00","dateModified":"2025-01-30T13:25:59+00:00","description":"\u0160ikm\u00e9 fas\u00e1dn\u00ed \u017ealuzie pro troj\u00faheln\u00edkov\u00e1 okna. \u017daluzie pro modern\u00ed d\u016fm v\u010detn\u011b mont\u00e1\u017ee. Pod\u00edvejte se na pr\u00e9miov\u00e9 produkty od v\u00fdrobce oken!","breadcrumb":{"@id":"https:\/\/filplast.pl\/cz\/vyrobek\/zaluzie-na-sikma-okna-c-80-flexi\/#breadcrumb"},"inLanguage":"cs","potentialAction":[{"@type":"ReadAction","target":["https:\/\/filplast.pl\/cz\/vyrobek\/zaluzie-na-sikma-okna-c-80-flexi\/"]}]},{"@type":"ImageObject","inLanguage":"cs","@id":"https:\/\/filplast.pl\/cz\/vyrobek\/zaluzie-na-sikma-okna-c-80-flexi\/#primaryimage","url":"https:\/\/filplast.pl\/wp-content\/uploads\/2022\/06\/Cetta-80F-TE-1-big-1.jpg","contentUrl":"https:\/\/filplast.pl\/wp-content\/uploads\/2022\/06\/Cetta-80F-TE-1-big-1.jpg","width":1815,"height":2048,"caption":"\u017baluzje na sko\u015bne okna - grafika przedstawiaj\u0105ca konstrukcj\u0119 do tr\u00f3jk\u0105tnych okien"},{"@type":"BreadcrumbList","@id":"https:\/\/filplast.pl\/cz\/vyrobek\/zaluzie-na-sikma-okna-c-80-flexi\/#breadcrumb","itemListElement":[{"@type":"ListItem","position":1,"name":"Hlavn\u00ed strana","item":"https:\/\/filplast.pl\/cz\/"},{"@type":"ListItem","position":2,"name":"Produkty","item":"https:\/\/filplast.pl\/cz\/vyrobek\/"},{"@type":"ListItem","position":3,"name":"\u017daluzie na \u0161ikm\u00e1 okna"}]},{"@type":"WebSite","@id":"https:\/\/filplast.pl\/cz\/#website","url":"https:\/\/filplast.pl\/cz\/","name":"Filplast po generace","description":"Producent okien, drzwi i rolet","publisher":{"@id":"https:\/\/filplast.pl\/cz\/#organization"},"potentialAction":[{"@type":"SearchAction","target":{"@type":"EntryPoint","urlTemplate":"https:\/\/filplast.pl\/cz\/?s={search_term_string}"},"query-input":{"@type":"PropertyValueSpecification","valueRequired":true,"valueName":"search_term_string"}}],"inLanguage":"cs"},{"@type":"Organization","@id":"https:\/\/filplast.pl\/cz\/#organization","name":"Filplast po generace","url":"https:\/\/filplast.pl\/cz\/","logo":{"@type":"ImageObject","inLanguage":"cs","@id":"https:\/\/filplast.pl\/cz\/#\/schema\/logo\/image\/","url":"https:\/\/filplast.pl\/wp-content\/uploads\/2023\/10\/favicon-filplast.png","contentUrl":"https:\/\/filplast.pl\/wp-content\/uploads\/2023\/10\/favicon-filplast.png","width":2134,"height":2134,"caption":"Filplast po generace"},"image":{"@id":"https:\/\/filplast.pl\/cz\/#\/schema\/logo\/image\/"},"sameAs":["https:\/\/www.facebook.com\/filplast.firma","https:\/\/pl.pinterest.com\/filplast\/","https:\/\/www.youtube.com\/FILPLASTchannel","https:\/\/pl.linkedin.com\/company\/filplast-sp.-z-o.o.","https:\/\/www.instagram.com\/filplast\/"]}]}},"uagb_featured_image_src":{"full":["https:\/\/filplast.pl\/wp-content\/uploads\/2022\/06\/Cetta-80F-TE-1-big-1.jpg",1815,2048,false],"thumbnail":["https:\/\/filplast.pl\/wp-content\/uploads\/2022\/06\/Cetta-80F-TE-1-big-1-150x150.jpg",150,150,true],"medium":["https:\/\/filplast.pl\/wp-content\/uploads\/2022\/06\/Cetta-80F-TE-1-big-1-266x300.jpg",266,300,true],"medium_large":["https:\/\/filplast.pl\/wp-content\/uploads\/2022\/06\/Cetta-80F-TE-1-big-1-768x867.jpg",768,867,true],"large":["https:\/\/filplast.pl\/wp-content\/uploads\/2022\/06\/Cetta-80F-TE-1-big-1-908x1024.jpg",908,1024,true],"1536x1536":["https:\/\/filplast.pl\/wp-content\/uploads\/2022\/06\/Cetta-80F-TE-1-big-1-1361x1536.jpg",1361,1536,true],"2048x2048":["https:\/\/filplast.pl\/wp-content\/uploads\/2022\/06\/Cetta-80F-TE-1-big-1.jpg",1815,2048,false],"depcore-widget-post-thumb":["https:\/\/filplast.pl\/wp-content\/uploads\/2022\/06\/Cetta-80F-TE-1-big-1-65x65.jpg",65,65,true],"depcore-widget-post-medium":["https:\/\/filplast.pl\/wp-content\/uploads\/2022\/06\/Cetta-80F-TE-1-big-1-280x150.jpg",280,150,true],"square":["https:\/\/filplast.pl\/wp-content\/uploads\/2022\/06\/Cetta-80F-TE-1-big-1-500x500.jpg",500,500,true],"small-square":["https:\/\/filplast.pl\/wp-content\/uploads\/2022\/06\/Cetta-80F-TE-1-big-1-250x250.jpg",250,250,true],"slider-image":["https:\/\/filplast.pl\/wp-content\/uploads\/2022\/06\/Cetta-80F-TE-1-big-1-1080x500.jpg",1080,500,true],"":["https:\/\/filplast.pl\/wp-content\/uploads\/2022\/06\/Cetta-80F-TE-1-big-1.jpg",222,250,false]},"uagb_author_info":{"display_name":"Micha\u0142 Mrukot","author_link":"https:\/\/filplast.pl\/cz\/author\/"},"uagb_comment_info":0,"uagb_excerpt":"\u0160ikm\u00e9 \u017ealuzie jsou ide\u00e1ln\u00edm \u0159e\u0161en\u00edm pro okna s nestandardn\u00edmi, roj\u00faheln\u00edkov\u00fdmi rozm\u011bry.","_links":{"self":[{"href":"https:\/\/filplast.pl\/cz\/wp-json\/wp\/v2\/product\/55485","targetHints":{"allow":["GET"]}}],"collection":[{"href":"https:\/\/filplast.pl\/cz\/wp-json\/wp\/v2\/product"}],"about":[{"href":"https:\/\/filplast.pl\/cz\/wp-json\/wp\/v2\/types\/product"}],"version-history":[{"count":3,"href":"https:\/\/filplast.pl\/cz\/wp-json\/wp\/v2\/product\/55485\/revisions"}],"predecessor-version":[{"id":55507,"href":"https:\/\/filplast.pl\/cz\/wp-json\/wp\/v2\/product\/55485\/revisions\/55507"}],"wp:featuredmedia":[{"embeddable":true,"href":"https:\/\/filplast.pl\/cz\/wp-json\/wp\/v2\/media\/25065"}],"wp:attachment":[{"href":"https:\/\/filplast.pl\/cz\/wp-json\/wp\/v2\/media?parent=55485"}],"curies":[{"name":"wp","href":"https:\/\/api.w.org\/{rel}","templated":true}]}}