{"id":61633,"date":"2025-07-21T13:49:03","date_gmt":"2025-07-21T11:49:03","guid":{"rendered":"https:\/\/filplast.pl\/produkt\/balustrady-szklane-skyforce\/"},"modified":"2025-07-31T09:01:07","modified_gmt":"2025-07-31T07:01:07","slug":"balkony-skyforce","status":"publish","type":"product","link":"https:\/\/filplast.pl\/cz\/vyrobek\/balkony-skyforce\/","title":{"rendered":"Francouzsk\u00e9 balkony SKYFORCE"},"content":{"rendered":"<div id=\"modal-ready\">\n<p>V modern\u00ed bytov\u00e9 i komer\u010dn\u00ed architektu\u0159e se velkoform\u00e1tov\u00e1 okna stala nepostradateln\u00fdm prvkem. Nejen\u017ee propou\u0161t\u011bj\u00ed maximum p\u0159irozen\u00e9ho sv\u011btla do interi\u00e9ru, ale z\u00e1rove\u0148 vizu\u00e1ln\u011b propojuj\u00ed vnit\u0159n\u00ed prostor s okol\u00edm, podtrhuj\u00ed lehkost konstrukce a dod\u00e1vaj\u00ed budov\u011b sou\u010dasn\u00fd charakter. Sklo nefunguje jako vizu\u00e1ln\u00ed bari\u00e9ra \u2013 naopak, st\u00edr\u00e1 hranici mezi interi\u00e9rem a exteri\u00e9rem a zvy\u0161uje komfort i pohodu obyvatel.  <\/p>\n\n<p>Na vy\u0161\u0161\u00edch podla\u017e\u00edch modern\u00edch budov se st\u00e1le \u010dast\u011bji uplat\u0148uj\u00ed tzv. francouzsk\u00e9 balkony. Tyto sklen\u011bn\u00e9 z\u00e1brany zaji\u0161\u0165uj\u00ed bezpe\u010dnost u\u017eivatel\u016f bez naru\u0161en\u00ed elegantn\u00edho a minimalistick\u00e9ho vzhledu fas\u00e1dy.  <\/p>\n\n<p><\/p>\n<\/div>","protected":false},"excerpt":{"rendered":"<p>Skyforce je syst\u00e9m francouzsk\u00fdch balkon\u016f se sklen\u011bnou v\u00fdpln\u00ed, kter\u00fd chr\u00e1n\u00ed p\u0159ed p\u00e1dem a je kompatibiln\u00ed se v\u0161emi n\u00e1mi vyr\u00e1b\u011bn\u00fdmi okny z PVC a hlin\u00edku.<\/p>\n","protected":false},"featured_media":61176,"parent":0,"menu_order":5,"template":"","class_list":["post-61633","product","type-product","status-publish","has-post-thumbnail","hentry","product-category-zabradli-na-francouzska-okna","product-line-platinumline-cz"],"yoast_head":"<!-- This site is optimized with the Yoast SEO plugin v24.7 - https:\/\/yoast.com\/wordpress\/plugins\/seo\/ -->\n<title>Francouzsk\u00e9 balkony SKYFORCE | Filplast<\/title>\n<meta name=\"description\" content=\"Skyforce je syst\u00e9m sklen\u011bn\u00fdch francouzsk\u00fdch balkon\u016f, kter\u00e9 chr\u00e1n\u00ed p\u0159ed p\u00e1dem. Kompatibiln\u00ed s okny z PVC i hlin\u00edku.\" \/>\n<meta name=\"robots\" content=\"index, follow, max-snippet:-1, max-image-preview:large, max-video-preview:-1\" \/>\n<link rel=\"canonical\" href=\"https:\/\/filplast.pl\/cz\/vyrobek\/balkony-skyforce\/\" \/>\n<meta property=\"og:locale\" content=\"cs_CZ\" \/>\n<meta property=\"og:type\" content=\"article\" \/>\n<meta property=\"og:title\" content=\"Francouzsk\u00e9 balkony SKYFORCE | Filplast\" \/>\n<meta property=\"og:description\" content=\"Skyforce je syst\u00e9m sklen\u011bn\u00fdch francouzsk\u00fdch balkon\u016f, kter\u00e9 chr\u00e1n\u00ed p\u0159ed p\u00e1dem. Kompatibiln\u00ed s okny z PVC i hlin\u00edku.\" \/>\n<meta property=\"og:url\" content=\"https:\/\/filplast.pl\/cz\/vyrobek\/balkony-skyforce\/\" \/>\n<meta property=\"og:site_name\" content=\"Filplast po generace\" \/>\n<meta property=\"article:publisher\" content=\"https:\/\/www.facebook.com\/filplast.firma\" \/>\n<meta property=\"article:modified_time\" content=\"2025-07-31T07:01:07+00:00\" \/>\n<meta property=\"og:image\" content=\"https:\/\/filplast.pl\/wp-content\/uploads\/2025\/07\/Skyforce-Muenster_germany-20.jpg\" \/>\n\t<meta property=\"og:image:width\" content=\"1280\" \/>\n\t<meta property=\"og:image:height\" content=\"853\" \/>\n\t<meta property=\"og:image:type\" content=\"image\/jpeg\" \/>\n<meta name=\"twitter:card\" content=\"summary_large_image\" \/>\n<meta name=\"twitter:label1\" content=\"Odhadovan\u00e1 doba \u010dten\u00ed\" \/>\n\t<meta name=\"twitter:data1\" content=\"1 minuta\" \/>\n<script type=\"application\/ld+json\" class=\"yoast-schema-graph\">{\"@context\":\"https:\/\/schema.org\",\"@graph\":[{\"@type\":\"WebPage\",\"@id\":\"https:\/\/filplast.pl\/cz\/vyrobek\/balkony-skyforce\/\",\"url\":\"https:\/\/filplast.pl\/cz\/vyrobek\/balkony-skyforce\/\",\"name\":\"Francouzsk\u00e9 balkony SKYFORCE | Filplast\",\"isPartOf\":{\"@id\":\"https:\/\/filplast.pl\/cz\/#website\"},\"primaryImageOfPage\":{\"@id\":\"https:\/\/filplast.pl\/cz\/vyrobek\/balkony-skyforce\/#primaryimage\"},\"image\":{\"@id\":\"https:\/\/filplast.pl\/cz\/vyrobek\/balkony-skyforce\/#primaryimage\"},\"thumbnailUrl\":\"https:\/\/filplast.pl\/wp-content\/uploads\/2025\/07\/Skyforce-Muenster_germany-20.jpg\",\"datePublished\":\"2025-07-21T11:49:03+00:00\",\"dateModified\":\"2025-07-31T07:01:07+00:00\",\"description\":\"Skyforce je syst\u00e9m sklen\u011bn\u00fdch francouzsk\u00fdch balkon\u016f, kter\u00e9 chr\u00e1n\u00ed p\u0159ed p\u00e1dem. Kompatibiln\u00ed s okny z PVC i hlin\u00edku.\",\"breadcrumb\":{\"@id\":\"https:\/\/filplast.pl\/cz\/vyrobek\/balkony-skyforce\/#breadcrumb\"},\"inLanguage\":\"cs\",\"potentialAction\":[{\"@type\":\"ReadAction\",\"target\":[\"https:\/\/filplast.pl\/cz\/vyrobek\/balkony-skyforce\/\"]}]},{\"@type\":\"ImageObject\",\"inLanguage\":\"cs\",\"@id\":\"https:\/\/filplast.pl\/cz\/vyrobek\/balkony-skyforce\/#primaryimage\",\"url\":\"https:\/\/filplast.pl\/wp-content\/uploads\/2025\/07\/Skyforce-Muenster_germany-20.jpg\",\"contentUrl\":\"https:\/\/filplast.pl\/wp-content\/uploads\/2025\/07\/Skyforce-Muenster_germany-20.jpg\",\"width\":1280,\"height\":853},{\"@type\":\"BreadcrumbList\",\"@id\":\"https:\/\/filplast.pl\/cz\/vyrobek\/balkony-skyforce\/#breadcrumb\",\"itemListElement\":[{\"@type\":\"ListItem\",\"position\":1,\"name\":\"Hlavn\u00ed strana\",\"item\":\"https:\/\/filplast.pl\/cz\/\"},{\"@type\":\"ListItem\",\"position\":2,\"name\":\"Produkty\",\"item\":\"https:\/\/filplast.pl\/cz\/vyrobek\/\"},{\"@type\":\"ListItem\",\"position\":3,\"name\":\"Francouzsk\u00e9 balkony SKYFORCE\"}]},{\"@type\":\"WebSite\",\"@id\":\"https:\/\/filplast.pl\/cz\/#website\",\"url\":\"https:\/\/filplast.pl\/cz\/\",\"name\":\"Filplast po generace\",\"description\":\"Producent okien, drzwi i rolet\",\"publisher\":{\"@id\":\"https:\/\/filplast.pl\/cz\/#organization\"},\"potentialAction\":[{\"@type\":\"SearchAction\",\"target\":{\"@type\":\"EntryPoint\",\"urlTemplate\":\"https:\/\/filplast.pl\/cz\/?s={search_term_string}\"},\"query-input\":{\"@type\":\"PropertyValueSpecification\",\"valueRequired\":true,\"valueName\":\"search_term_string\"}}],\"inLanguage\":\"cs\"},{\"@type\":\"Organization\",\"@id\":\"https:\/\/filplast.pl\/cz\/#organization\",\"name\":\"Filplast po generace\",\"url\":\"https:\/\/filplast.pl\/cz\/\",\"logo\":{\"@type\":\"ImageObject\",\"inLanguage\":\"cs\",\"@id\":\"https:\/\/filplast.pl\/cz\/#\/schema\/logo\/image\/\",\"url\":\"https:\/\/filplast.pl\/wp-content\/uploads\/2023\/10\/favicon-filplast.png\",\"contentUrl\":\"https:\/\/filplast.pl\/wp-content\/uploads\/2023\/10\/favicon-filplast.png\",\"width\":2134,\"height\":2134,\"caption\":\"Filplast po generace\"},\"image\":{\"@id\":\"https:\/\/filplast.pl\/cz\/#\/schema\/logo\/image\/\"},\"sameAs\":[\"https:\/\/www.facebook.com\/filplast.firma\",\"https:\/\/pl.pinterest.com\/filplast\/\",\"https:\/\/www.youtube.com\/FILPLASTchannel\",\"https:\/\/pl.linkedin.com\/company\/filplast-sp.-z-o.o.\",\"https:\/\/www.instagram.com\/filplast\/\"]}]}<\/script>\n<!-- \/ Yoast SEO plugin. -->","yoast_head_json":{"title":"Francouzsk\u00e9 balkony SKYFORCE | Filplast","description":"Skyforce je syst\u00e9m sklen\u011bn\u00fdch francouzsk\u00fdch balkon\u016f, kter\u00e9 chr\u00e1n\u00ed p\u0159ed p\u00e1dem. Kompatibiln\u00ed s okny z PVC i hlin\u00edku.","robots":{"index":"index","follow":"follow","max-snippet":"max-snippet:-1","max-image-preview":"max-image-preview:large","max-video-preview":"max-video-preview:-1"},"canonical":"https:\/\/filplast.pl\/cz\/vyrobek\/balkony-skyforce\/","og_locale":"cs_CZ","og_type":"article","og_title":"Francouzsk\u00e9 balkony SKYFORCE | Filplast","og_description":"Skyforce je syst\u00e9m sklen\u011bn\u00fdch francouzsk\u00fdch balkon\u016f, kter\u00e9 chr\u00e1n\u00ed p\u0159ed p\u00e1dem. Kompatibiln\u00ed s okny z PVC i hlin\u00edku.","og_url":"https:\/\/filplast.pl\/cz\/vyrobek\/balkony-skyforce\/","og_site_name":"Filplast po generace","article_publisher":"https:\/\/www.facebook.com\/filplast.firma","article_modified_time":"2025-07-31T07:01:07+00:00","og_image":[{"width":1280,"height":853,"url":"https:\/\/filplast.pl\/wp-content\/uploads\/2025\/07\/Skyforce-Muenster_germany-20.jpg","type":"image\/jpeg"}],"twitter_card":"summary_large_image","twitter_misc":{"Odhadovan\u00e1 doba \u010dten\u00ed":"1 minuta"},"schema":{"@context":"https:\/\/schema.org","@graph":[{"@type":"WebPage","@id":"https:\/\/filplast.pl\/cz\/vyrobek\/balkony-skyforce\/","url":"https:\/\/filplast.pl\/cz\/vyrobek\/balkony-skyforce\/","name":"Francouzsk\u00e9 balkony SKYFORCE | Filplast","isPartOf":{"@id":"https:\/\/filplast.pl\/cz\/#website"},"primaryImageOfPage":{"@id":"https:\/\/filplast.pl\/cz\/vyrobek\/balkony-skyforce\/#primaryimage"},"image":{"@id":"https:\/\/filplast.pl\/cz\/vyrobek\/balkony-skyforce\/#primaryimage"},"thumbnailUrl":"https:\/\/filplast.pl\/wp-content\/uploads\/2025\/07\/Skyforce-Muenster_germany-20.jpg","datePublished":"2025-07-21T11:49:03+00:00","dateModified":"2025-07-31T07:01:07+00:00","description":"Skyforce je syst\u00e9m sklen\u011bn\u00fdch francouzsk\u00fdch balkon\u016f, kter\u00e9 chr\u00e1n\u00ed p\u0159ed p\u00e1dem. Kompatibiln\u00ed s okny z PVC i hlin\u00edku.","breadcrumb":{"@id":"https:\/\/filplast.pl\/cz\/vyrobek\/balkony-skyforce\/#breadcrumb"},"inLanguage":"cs","potentialAction":[{"@type":"ReadAction","target":["https:\/\/filplast.pl\/cz\/vyrobek\/balkony-skyforce\/"]}]},{"@type":"ImageObject","inLanguage":"cs","@id":"https:\/\/filplast.pl\/cz\/vyrobek\/balkony-skyforce\/#primaryimage","url":"https:\/\/filplast.pl\/wp-content\/uploads\/2025\/07\/Skyforce-Muenster_germany-20.jpg","contentUrl":"https:\/\/filplast.pl\/wp-content\/uploads\/2025\/07\/Skyforce-Muenster_germany-20.jpg","width":1280,"height":853},{"@type":"BreadcrumbList","@id":"https:\/\/filplast.pl\/cz\/vyrobek\/balkony-skyforce\/#breadcrumb","itemListElement":[{"@type":"ListItem","position":1,"name":"Hlavn\u00ed strana","item":"https:\/\/filplast.pl\/cz\/"},{"@type":"ListItem","position":2,"name":"Produkty","item":"https:\/\/filplast.pl\/cz\/vyrobek\/"},{"@type":"ListItem","position":3,"name":"Francouzsk\u00e9 balkony SKYFORCE"}]},{"@type":"WebSite","@id":"https:\/\/filplast.pl\/cz\/#website","url":"https:\/\/filplast.pl\/cz\/","name":"Filplast po generace","description":"Producent okien, drzwi i rolet","publisher":{"@id":"https:\/\/filplast.pl\/cz\/#organization"},"potentialAction":[{"@type":"SearchAction","target":{"@type":"EntryPoint","urlTemplate":"https:\/\/filplast.pl\/cz\/?s={search_term_string}"},"query-input":{"@type":"PropertyValueSpecification","valueRequired":true,"valueName":"search_term_string"}}],"inLanguage":"cs"},{"@type":"Organization","@id":"https:\/\/filplast.pl\/cz\/#organization","name":"Filplast po generace","url":"https:\/\/filplast.pl\/cz\/","logo":{"@type":"ImageObject","inLanguage":"cs","@id":"https:\/\/filplast.pl\/cz\/#\/schema\/logo\/image\/","url":"https:\/\/filplast.pl\/wp-content\/uploads\/2023\/10\/favicon-filplast.png","contentUrl":"https:\/\/filplast.pl\/wp-content\/uploads\/2023\/10\/favicon-filplast.png","width":2134,"height":2134,"caption":"Filplast po generace"},"image":{"@id":"https:\/\/filplast.pl\/cz\/#\/schema\/logo\/image\/"},"sameAs":["https:\/\/www.facebook.com\/filplast.firma","https:\/\/pl.pinterest.com\/filplast\/","https:\/\/www.youtube.com\/FILPLASTchannel","https:\/\/pl.linkedin.com\/company\/filplast-sp.-z-o.o.","https:\/\/www.instagram.com\/filplast\/"]}]}},"uagb_featured_image_src":{"full":["https:\/\/filplast.pl\/wp-content\/uploads\/2025\/07\/Skyforce-Muenster_germany-20.jpg",1280,853,false],"thumbnail":["https:\/\/filplast.pl\/wp-content\/uploads\/2025\/07\/Skyforce-Muenster_germany-20-250x250.jpg",250,250,true],"medium":["https:\/\/filplast.pl\/wp-content\/uploads\/2025\/07\/Skyforce-Muenster_germany-20-400x267.jpg",400,267,true],"medium_large":["https:\/\/filplast.pl\/wp-content\/uploads\/2025\/07\/Skyforce-Muenster_germany-20-768x512.jpg",768,512,true],"large":["https:\/\/filplast.pl\/wp-content\/uploads\/2025\/07\/Skyforce-Muenster_germany-20-1024x682.jpg",1024,682,true],"1536x1536":["https:\/\/filplast.pl\/wp-content\/uploads\/2025\/07\/Skyforce-Muenster_germany-20.jpg",1280,853,false],"2048x2048":["https:\/\/filplast.pl\/wp-content\/uploads\/2025\/07\/Skyforce-Muenster_germany-20.jpg",1280,853,false],"depcore-widget-post-thumb":["https:\/\/filplast.pl\/wp-content\/uploads\/2025\/07\/Skyforce-Muenster_germany-20-65x65.jpg",65,65,true],"depcore-widget-post-medium":["https:\/\/filplast.pl\/wp-content\/uploads\/2025\/07\/Skyforce-Muenster_germany-20-280x150.jpg",280,150,true],"square":["https:\/\/filplast.pl\/wp-content\/uploads\/2025\/07\/Skyforce-Muenster_germany-20-500x500.jpg",500,500,true],"small-square":["https:\/\/filplast.pl\/wp-content\/uploads\/2025\/07\/Skyforce-Muenster_germany-20-250x250.jpg",250,250,true],"slider-image":["https:\/\/filplast.pl\/wp-content\/uploads\/2025\/07\/Skyforce-Muenster_germany-20-1080x500.jpg",1080,500,true],"":["https:\/\/filplast.pl\/wp-content\/uploads\/2025\/07\/Skyforce-Muenster_germany-20.jpg",375,250,false]},"uagb_author_info":{"display_name":"Micha\u0142 Mrukot","author_link":"https:\/\/filplast.pl\/cz\/author\/"},"uagb_comment_info":0,"uagb_excerpt":"Skyforce je syst\u00e9m francouzsk\u00fdch balkon\u016f se sklen\u011bnou v\u00fdpln\u00ed, kter\u00fd chr\u00e1n\u00ed p\u0159ed p\u00e1dem a je kompatibiln\u00ed se v\u0161emi n\u00e1mi vyr\u00e1b\u011bn\u00fdmi okny z PVC a hlin\u00edku.","_links":{"self":[{"href":"https:\/\/filplast.pl\/cz\/wp-json\/wp\/v2\/product\/61633","targetHints":{"allow":["GET"]}}],"collection":[{"href":"https:\/\/filplast.pl\/cz\/wp-json\/wp\/v2\/product"}],"about":[{"href":"https:\/\/filplast.pl\/cz\/wp-json\/wp\/v2\/types\/product"}],"version-history":[{"count":2,"href":"https:\/\/filplast.pl\/cz\/wp-json\/wp\/v2\/product\/61633\/revisions"}],"predecessor-version":[{"id":61635,"href":"https:\/\/filplast.pl\/cz\/wp-json\/wp\/v2\/product\/61633\/revisions\/61635"}],"wp:featuredmedia":[{"embeddable":true,"href":"https:\/\/filplast.pl\/cz\/wp-json\/wp\/v2\/media\/61176"}],"wp:attachment":[{"href":"https:\/\/filplast.pl\/cz\/wp-json\/wp\/v2\/media?parent=61633"}],"curies":[{"name":"wp","href":"https:\/\/api.w.org\/{rel}","templated":true}]}}