{"id":6230,"date":"2021-03-17T08:09:58","date_gmt":"2021-03-17T07:09:58","guid":{"rendered":"https:\/\/filplast.pl\/downloads\/"},"modified":"2026-01-15T15:06:48","modified_gmt":"2026-01-15T14:06:48","slug":"downloads_de","status":"publish","type":"page","link":"https:\/\/filplast.pl\/de\/downloads_de\/","title":{"rendered":"Downloads"},"content":{"rendered":"<div id=\"modal-ready\">\n<h2 class=\"wp-block-heading\">Anleitungen<\/h2>\n\n\n\n<div style=\"height:30px\" aria-hidden=\"true\" class=\"wp-block-spacer\"><\/div>\n\n\n\n<div class=\"wp-block-file\"><a id=\"wp-block-file--media-013ca4a2-d144-4fd4-b7ee-a856c0687bc6\" href=\"https:\/\/filplast.pl\/wp-content\/uploads\/2021\/10\/Pflege-und-Wartungsanleitung-der-Filplast-Produkte.pdf\" target=\"_blank\" rel=\"noreferrer noopener\"><strong>Pflege- und Wartungsanleitung der Filplast Produkte<\/strong><\/a><\/div>\n\n\n\n<div style=\"height:40px\" aria-hidden=\"true\" class=\"wp-block-spacer\"><\/div>\n\n\n\n<div style=\"height:30px\" aria-hidden=\"true\" class=\"wp-block-spacer\"><\/div>\n\n\n\n<h2 class=\"wp-block-heading\">VEKA Farben<\/h2>\n\n\n\n<div style=\"height:30px\" aria-hidden=\"true\" class=\"wp-block-spacer\"><\/div>\n\n\n\n<div class=\"wp-block-file\"><a id=\"wp-block-file--media-e352640d-cd97-4705-9f79-996170aa1e0c\" href=\"https:\/\/filplast.pl\/katalogi\/kolory-veka-de\/#book\/\" target=\"_blank\" rel=\"noreferrer noopener\"><strong>Farben veka<\/strong> <\/a><\/div>\n\n\n\n<div style=\"height:30px\" aria-hidden=\"true\" class=\"wp-block-spacer\"><\/div>\n\n\n\n<div style=\"height:30px\" aria-hidden=\"true\" class=\"wp-block-spacer\"><\/div>\n\n\n\n<h2 class=\"wp-block-heading\">Gealan Farben<\/h2>\n\n\n\n<div style=\"height:30px\" aria-hidden=\"true\" class=\"wp-block-spacer\"><\/div>\n\n\n\n<div class=\"wp-block-file\"><a id=\"wp-block-file--media-0d61c3fb-8dfe-4697-8264-cdb9034b4bea\" href=\"https:\/\/filplast.pl\/katalogi\/kolory-gealan-de\/#book\/\" target=\"_blank\" rel=\"noreferrer noopener\"><strong>Farben gealan<\/strong><\/a><\/div>\n\n\n\n<div style=\"height:30px\" aria-hidden=\"true\" class=\"wp-block-spacer\"><\/div>\n\n\n\n<div style=\"height:30px\" aria-hidden=\"true\" class=\"wp-block-spacer\"><\/div>\n\n\n\n<h2 class=\"wp-block-heading\">ADEC Farben<\/h2>\n\n\n\n<div style=\"height:30px\" aria-hidden=\"true\" class=\"wp-block-spacer\"><\/div>\n\n\n\n<div class=\"wp-block-file\"><a id=\"wp-block-file--media-0d61c3fb-8dfe-4697-8264-cdb9034b4bea\" href=\"https:\/\/filplast.pl\/katalogi\/kolory-adec-de\/#book\/\" target=\"_blank\" rel=\"noreferrer noopener\"><strong>Farben ADEC<\/strong><\/a><\/div>\n\n\n\n<div style=\"height:30px\" aria-hidden=\"true\" class=\"wp-block-spacer\"><\/div>\n\n\n\n<div style=\"height:30px\" aria-hidden=\"true\" class=\"wp-block-spacer\"><\/div>\n\n\n\n<h2 class=\"wp-block-heading\">Malbuch<\/h2>\n\n\n\n<div style=\"height:30px\" aria-hidden=\"true\" class=\"wp-block-spacer\"><\/div>\n\n\n\n<div class=\"wp-block-file\"><a id=\"wp-block-file--media-0d61c3fb-8dfe-4697-8264-cdb9034b4bea\" href=\"https:\/\/filplast.pl\/wp-content\/uploads\/2023\/12\/kolorowanka-blackwhite.pdf\" target=\"_blank\" rel=\"noreferrer noopener\"><strong>Filplast<\/strong><\/a><\/div>\n\n\n\n<div style=\"height:60px\" aria-hidden=\"true\" class=\"wp-block-spacer\"><\/div>\n\n\n\n<h2 class=\"wp-block-heading\">Kataloge<\/h2>\n\n\n\n<div style=\"height:30px\" aria-hidden=\"true\" class=\"wp-block-spacer\"><\/div>\n\n\n\n<div class=\"wp-block-file\">\n  <a href=\"https:\/\/filplast.pl\/wp-content\/uploads\/2025\/07\/Katalog-Filplast.pdf\" target=\"_blank\" rel=\"noreferrer noopener\" type=\"application\/pdf\">\n    <strong>Katalog Filplast<\/strong>\n  <\/a>\n<\/div>\n\n\n\n<div class=\"wp-block-file\">\n  <a href=\"https:\/\/filplast.pl\/wp-content\/uploads\/2025\/07\/Beschattungen-Filplast-1.pdf\" target=\"_blank\" rel=\"noreferrer noopener\" type=\"application\/pdf\">\n    <strong>Beschattungen Filplast<\/strong>\n  <\/a>\n<\/div>\n\n\n\n<div class=\"wp-block-file\">\n  <a href=\"https:\/\/filplast.pl\/wp-content\/uploads\/2025\/07\/Antriebe-und-zubehor-fur-rollladen.pdf\" target=\"_blank\" rel=\"noreferrer noopener\" type=\"application\/pdf\">\n    <strong>Antriebe und Zubeh\u00f6r f\u00fcr Rolll\u00e4den<\/strong>\n  <\/a>\n<\/div>\n\n\n\n<div class=\"wp-block-file\">\n  <a href=\"https:\/\/filplast.pl\/wp-content\/uploads\/2025\/07\/Rolltore-Filplast.pdf\" target=\"_blank\" rel=\"noreferrer noopener\" type=\"application\/pdf\">\n    <strong>Rolltore<\/strong>\n  <\/a>\n<\/div>\n\n\n\n<div class=\"wp-block-file\">\n  <a href=\"https:\/\/filplast.pl\/wp-content\/uploads\/2025\/07\/Raffstoren-Filplast.pdf\" target=\"_blank\" rel=\"noreferrer noopener\" type=\"application\/pdf\">\n    <strong>Raffstoren<\/strong>\n  <\/a>\n<\/div>\n\n\n\n<div class=\"wp-block-file\">\n  <a href=\"https:\/\/filplast.pl\/wp-content\/uploads\/2025\/07\/Portfolio-Filplast.pdf\" target=\"_blank\" rel=\"noreferrer noopener\" type=\"application\/pdf\">\n    <strong>Portfolio \u2013 Filplast-Projekte in Polen und weltweit<\/strong>\n  <\/a>\n<\/div>\n\n\n\n<div class=\"wp-block-file\">\n  <a href=\"https:\/\/filplast.pl\/wp-content\/uploads\/2025\/07\/Insektenschutz-Filplast.pdf\" target=\"_blank\" rel=\"noreferrer noopener\" type=\"application\/pdf\">\n    <strong>Insektenschutz<\/strong>\n  <\/a>\n<\/div>\n\n\n\n<div class=\"wp-block-file\">\n  <a href=\"https:\/\/filplast.pl\/wp-content\/uploads\/2025\/07\/Innenturen.pdf\" target=\"_blank\" rel=\"noreferrer noopener\" type=\"application\/pdf\">\n    <strong>Innent\u00fcren<\/strong>\n  <\/a>\n<\/div>\n\n\n\n<div class=\"wp-block-file\">\n  <a href=\"https:\/\/filplast.pl\/wp-content\/uploads\/2025\/07\/Premium-Hausturen.pdf\" target=\"_blank\" rel=\"noreferrer noopener\" type=\"application\/pdf\">\n    <strong>Premium-Haust\u00fcren<\/strong>\n  <\/a>\n<\/div>\n\n\n\n<div class=\"wp-block-file\">\n  <a href=\"https:\/\/filplast.pl\/wp-content\/uploads\/2025\/07\/Turschloss-Katalog.pdf\" target=\"_blank\" rel=\"noreferrer noopener\" type=\"application\/pdf\">\n    <strong>T\u00fcrschloss-Katalog<\/strong>\n  <\/a>\n<\/div>\n\n\n\n<div class=\"wp-block-file\">\n  <a href=\"https:\/\/filplast.pl\/wp-content\/uploads\/2025\/07\/Market-Doors.pdf\" target=\"_blank\" rel=\"noreferrer noopener\" type=\"application\/pdf\">\n    <strong>Market Doors<\/strong>\n  <\/a>\n<\/div>\n\n\n\n<div class=\"wp-block-file\">\n  <a href=\"https:\/\/filplast.pl\/wp-content\/uploads\/2025\/07\/Druckergarnituren-und-Stosgriffe.pdf\" target=\"_blank\" rel=\"noreferrer noopener\" type=\"application\/pdf\">\n    <strong>Dr\u00fcckergarnituren und Sto\u00dfgriffe<\/strong>\n  <\/a>\n<\/div>\n\n\n\n<div class=\"wp-block-file\">\n  <a href=\"https:\/\/filplast.pl\/wp-content\/uploads\/2025\/07\/Drucker-Stosgriffe-und-Tur-Accessoires-Black-Series.pdf\" target=\"_blank\" rel=\"noreferrer noopener\" type=\"application\/pdf\">\n    <strong>Dr\u00fccker, Sto\u00dfgriffe und T\u00fcr-Accessoires \u2013 Black Series<\/strong>\n  <\/a>\n<\/div>\n\n\n\n<div style=\"height:30px\" aria-hidden=\"true\" class=\"wp-block-spacer\"><\/div>\n\n\n\n<p><\/p>\n<\/div>","protected":false},"excerpt":{"rendered":"<p>Anleitungen VEKA Farben Gealan Farben ADEC Farben Malbuch Kataloge Beschattungen Filplast Antriebe und Zubeh\u00f6r f\u00fcr Rolll\u00e4den Rolltore Raffstoren Portfolio \u2013 Filplast-Projekte in Polen und weltweit Insektenschutz Innent\u00fcren Premium-Haust\u00fcren T\u00fcrschloss-Katalog Market Doors Dr\u00fcckergarnituren und Sto\u00dfgriffe Dr\u00fccker, [&hellip;]<\/p>\n","protected":false},"author":1,"featured_media":1389,"parent":0,"menu_order":101,"comment_status":"closed","ping_status":"closed","template":"","meta":{"inline_featured_image":false,"_uag_custom_page_level_css":"","footnotes":""},"class_list":["post-6230","page","type-page","status-publish","has-post-thumbnail","hentry"],"yoast_head":"<!-- This site is optimized with the Yoast SEO plugin v24.7 - https:\/\/yoast.com\/wordpress\/plugins\/seo\/ -->\n<title>Downloads - Filplast f\u00fcr Generationen<\/title>\n<meta name=\"robots\" content=\"index, follow, max-snippet:-1, max-image-preview:large, max-video-preview:-1\" \/>\n<link rel=\"canonical\" href=\"https:\/\/filplast.pl\/de\/downloads_de\/\" \/>\n<meta property=\"og:locale\" content=\"de_DE\" \/>\n<meta property=\"og:type\" content=\"article\" \/>\n<meta property=\"og:title\" content=\"Downloads - Filplast f\u00fcr Generationen\" \/>\n<meta property=\"og:description\" content=\"Anleitungen VEKA Farben Gealan Farben ADEC Farben Malbuch Kataloge Beschattungen Filplast Antriebe und Zubeh\u00f6r f\u00fcr Rolll\u00e4den Rolltore Raffstoren Portfolio \u2013 Filplast-Projekte in Polen und weltweit Insektenschutz Innent\u00fcren Premium-Haust\u00fcren T\u00fcrschloss-Katalog Market Doors Dr\u00fcckergarnituren und Sto\u00dfgriffe Dr\u00fccker, [&hellip;]\" \/>\n<meta property=\"og:url\" content=\"https:\/\/filplast.pl\/de\/downloads_de\/\" \/>\n<meta property=\"og:site_name\" content=\"Filplast f\u00fcr Generationen\" \/>\n<meta property=\"article:publisher\" content=\"https:\/\/www.facebook.com\/filplast.firma\" \/>\n<meta property=\"article:modified_time\" content=\"2026-01-15T14:06:48+00:00\" \/>\n<meta property=\"og:image\" content=\"https:\/\/filplast.pl\/wp-content\/uploads\/2021\/02\/do-pobrania.jpg\" \/>\n\t<meta property=\"og:image:width\" content=\"1080\" \/>\n\t<meta property=\"og:image:height\" content=\"500\" \/>\n\t<meta property=\"og:image:type\" content=\"image\/jpeg\" \/>\n<meta name=\"twitter:card\" content=\"summary_large_image\" \/>\n<meta name=\"twitter:label1\" content=\"Gesch\u00e4tzte Lesezeit\" \/>\n\t<meta name=\"twitter:data1\" content=\"1\u00a0Minute\" \/>\n<script type=\"application\/ld+json\" class=\"yoast-schema-graph\">{\"@context\":\"https:\/\/schema.org\",\"@graph\":[{\"@type\":\"WebPage\",\"@id\":\"https:\/\/filplast.pl\/de\/downloads_de\/\",\"url\":\"https:\/\/filplast.pl\/de\/downloads_de\/\",\"name\":\"Downloads - Filplast f\u00fcr Generationen\",\"isPartOf\":{\"@id\":\"https:\/\/filplast.pl\/de\/#website\"},\"primaryImageOfPage\":{\"@id\":\"https:\/\/filplast.pl\/de\/downloads_de\/#primaryimage\"},\"image\":{\"@id\":\"https:\/\/filplast.pl\/de\/downloads_de\/#primaryimage\"},\"thumbnailUrl\":\"https:\/\/filplast.pl\/wp-content\/uploads\/2021\/02\/do-pobrania.jpg\",\"datePublished\":\"2021-03-17T07:09:58+00:00\",\"dateModified\":\"2026-01-15T14:06:48+00:00\",\"breadcrumb\":{\"@id\":\"https:\/\/filplast.pl\/de\/downloads_de\/#breadcrumb\"},\"inLanguage\":\"de\",\"potentialAction\":[{\"@type\":\"ReadAction\",\"target\":[\"https:\/\/filplast.pl\/de\/downloads_de\/\"]}]},{\"@type\":\"ImageObject\",\"inLanguage\":\"de\",\"@id\":\"https:\/\/filplast.pl\/de\/downloads_de\/#primaryimage\",\"url\":\"https:\/\/filplast.pl\/wp-content\/uploads\/2021\/02\/do-pobrania.jpg\",\"contentUrl\":\"https:\/\/filplast.pl\/wp-content\/uploads\/2021\/02\/do-pobrania.jpg\",\"width\":1080,\"height\":500},{\"@type\":\"BreadcrumbList\",\"@id\":\"https:\/\/filplast.pl\/de\/downloads_de\/#breadcrumb\",\"itemListElement\":[{\"@type\":\"ListItem\",\"position\":1,\"name\":\"Startseite\",\"item\":\"https:\/\/filplast.pl\/de\/\"},{\"@type\":\"ListItem\",\"position\":2,\"name\":\"Downloads\"}]},{\"@type\":\"WebSite\",\"@id\":\"https:\/\/filplast.pl\/de\/#website\",\"url\":\"https:\/\/filplast.pl\/de\/\",\"name\":\"Filplast f\u00fcr Generationen\",\"description\":\"Gersteller gesunder Fenster\",\"publisher\":{\"@id\":\"https:\/\/filplast.pl\/de\/#organization\"},\"potentialAction\":[{\"@type\":\"SearchAction\",\"target\":{\"@type\":\"EntryPoint\",\"urlTemplate\":\"https:\/\/filplast.pl\/de\/?s={search_term_string}\"},\"query-input\":{\"@type\":\"PropertyValueSpecification\",\"valueRequired\":true,\"valueName\":\"search_term_string\"}}],\"inLanguage\":\"de\"},{\"@type\":\"Organization\",\"@id\":\"https:\/\/filplast.pl\/de\/#organization\",\"name\":\"Filplast f\u00fcr Generationen\",\"url\":\"https:\/\/filplast.pl\/de\/\",\"logo\":{\"@type\":\"ImageObject\",\"inLanguage\":\"de\",\"@id\":\"https:\/\/filplast.pl\/de\/#\/schema\/logo\/image\/\",\"url\":\"https:\/\/filplast.pl\/wp-content\/uploads\/2023\/10\/favicon-filplast.png\",\"contentUrl\":\"https:\/\/filplast.pl\/wp-content\/uploads\/2023\/10\/favicon-filplast.png\",\"width\":2134,\"height\":2134,\"caption\":\"Filplast f\u00fcr Generationen\"},\"image\":{\"@id\":\"https:\/\/filplast.pl\/de\/#\/schema\/logo\/image\/\"},\"sameAs\":[\"https:\/\/www.facebook.com\/filplast.firma\",\"https:\/\/pl.pinterest.com\/filplast\/\",\"https:\/\/www.youtube.com\/FILPLASTchannel\",\"https:\/\/pl.linkedin.com\/company\/filplast-sp.-z-o.o.\",\"https:\/\/www.instagram.com\/filplast\/\"]}]}<\/script>\n<!-- \/ Yoast SEO plugin. -->","yoast_head_json":{"title":"Downloads - Filplast f\u00fcr Generationen","robots":{"index":"index","follow":"follow","max-snippet":"max-snippet:-1","max-image-preview":"max-image-preview:large","max-video-preview":"max-video-preview:-1"},"canonical":"https:\/\/filplast.pl\/de\/downloads_de\/","og_locale":"de_DE","og_type":"article","og_title":"Downloads - Filplast f\u00fcr Generationen","og_description":"Anleitungen VEKA Farben Gealan Farben ADEC Farben Malbuch Kataloge Beschattungen Filplast Antriebe und Zubeh\u00f6r f\u00fcr Rolll\u00e4den Rolltore Raffstoren Portfolio \u2013 Filplast-Projekte in Polen und weltweit Insektenschutz Innent\u00fcren Premium-Haust\u00fcren T\u00fcrschloss-Katalog Market Doors Dr\u00fcckergarnituren und Sto\u00dfgriffe Dr\u00fccker, [&hellip;]","og_url":"https:\/\/filplast.pl\/de\/downloads_de\/","og_site_name":"Filplast f\u00fcr Generationen","article_publisher":"https:\/\/www.facebook.com\/filplast.firma","article_modified_time":"2026-01-15T14:06:48+00:00","og_image":[{"width":1080,"height":500,"url":"https:\/\/filplast.pl\/wp-content\/uploads\/2021\/02\/do-pobrania.jpg","type":"image\/jpeg"}],"twitter_card":"summary_large_image","twitter_misc":{"Gesch\u00e4tzte Lesezeit":"1\u00a0Minute"},"schema":{"@context":"https:\/\/schema.org","@graph":[{"@type":"WebPage","@id":"https:\/\/filplast.pl\/de\/downloads_de\/","url":"https:\/\/filplast.pl\/de\/downloads_de\/","name":"Downloads - Filplast f\u00fcr Generationen","isPartOf":{"@id":"https:\/\/filplast.pl\/de\/#website"},"primaryImageOfPage":{"@id":"https:\/\/filplast.pl\/de\/downloads_de\/#primaryimage"},"image":{"@id":"https:\/\/filplast.pl\/de\/downloads_de\/#primaryimage"},"thumbnailUrl":"https:\/\/filplast.pl\/wp-content\/uploads\/2021\/02\/do-pobrania.jpg","datePublished":"2021-03-17T07:09:58+00:00","dateModified":"2026-01-15T14:06:48+00:00","breadcrumb":{"@id":"https:\/\/filplast.pl\/de\/downloads_de\/#breadcrumb"},"inLanguage":"de","potentialAction":[{"@type":"ReadAction","target":["https:\/\/filplast.pl\/de\/downloads_de\/"]}]},{"@type":"ImageObject","inLanguage":"de","@id":"https:\/\/filplast.pl\/de\/downloads_de\/#primaryimage","url":"https:\/\/filplast.pl\/wp-content\/uploads\/2021\/02\/do-pobrania.jpg","contentUrl":"https:\/\/filplast.pl\/wp-content\/uploads\/2021\/02\/do-pobrania.jpg","width":1080,"height":500},{"@type":"BreadcrumbList","@id":"https:\/\/filplast.pl\/de\/downloads_de\/#breadcrumb","itemListElement":[{"@type":"ListItem","position":1,"name":"Startseite","item":"https:\/\/filplast.pl\/de\/"},{"@type":"ListItem","position":2,"name":"Downloads"}]},{"@type":"WebSite","@id":"https:\/\/filplast.pl\/de\/#website","url":"https:\/\/filplast.pl\/de\/","name":"Filplast f\u00fcr Generationen","description":"Gersteller gesunder Fenster","publisher":{"@id":"https:\/\/filplast.pl\/de\/#organization"},"potentialAction":[{"@type":"SearchAction","target":{"@type":"EntryPoint","urlTemplate":"https:\/\/filplast.pl\/de\/?s={search_term_string}"},"query-input":{"@type":"PropertyValueSpecification","valueRequired":true,"valueName":"search_term_string"}}],"inLanguage":"de"},{"@type":"Organization","@id":"https:\/\/filplast.pl\/de\/#organization","name":"Filplast f\u00fcr Generationen","url":"https:\/\/filplast.pl\/de\/","logo":{"@type":"ImageObject","inLanguage":"de","@id":"https:\/\/filplast.pl\/de\/#\/schema\/logo\/image\/","url":"https:\/\/filplast.pl\/wp-content\/uploads\/2023\/10\/favicon-filplast.png","contentUrl":"https:\/\/filplast.pl\/wp-content\/uploads\/2023\/10\/favicon-filplast.png","width":2134,"height":2134,"caption":"Filplast f\u00fcr Generationen"},"image":{"@id":"https:\/\/filplast.pl\/de\/#\/schema\/logo\/image\/"},"sameAs":["https:\/\/www.facebook.com\/filplast.firma","https:\/\/pl.pinterest.com\/filplast\/","https:\/\/www.youtube.com\/FILPLASTchannel","https:\/\/pl.linkedin.com\/company\/filplast-sp.-z-o.o.","https:\/\/www.instagram.com\/filplast\/"]}]}},"uagb_featured_image_src":{"full":["https:\/\/filplast.pl\/wp-content\/uploads\/2021\/02\/do-pobrania.jpg",1080,500,false],"thumbnail":["https:\/\/filplast.pl\/wp-content\/uploads\/2021\/02\/do-pobrania-150x150.jpg",150,150,true],"medium":["https:\/\/filplast.pl\/wp-content\/uploads\/2021\/02\/do-pobrania-300x139.jpg",300,139,true],"medium_large":["https:\/\/filplast.pl\/wp-content\/uploads\/2021\/02\/do-pobrania-768x356.jpg",768,356,true],"large":["https:\/\/filplast.pl\/wp-content\/uploads\/2021\/02\/do-pobrania-1024x474.jpg",1024,474,true],"1536x1536":["https:\/\/filplast.pl\/wp-content\/uploads\/2021\/02\/do-pobrania.jpg",1080,500,false],"2048x2048":["https:\/\/filplast.pl\/wp-content\/uploads\/2021\/02\/do-pobrania.jpg",1080,500,false],"depcore-widget-post-thumb":["https:\/\/filplast.pl\/wp-content\/uploads\/2021\/02\/do-pobrania-65x65.jpg",65,65,true],"depcore-widget-post-medium":["https:\/\/filplast.pl\/wp-content\/uploads\/2021\/02\/do-pobrania-280x150.jpg",280,150,true],"square":["https:\/\/filplast.pl\/wp-content\/uploads\/2021\/02\/do-pobrania-500x500.jpg",500,500,true],"small-square":["https:\/\/filplast.pl\/wp-content\/uploads\/2021\/02\/do-pobrania-250x250.jpg",250,250,true],"slider-image":["https:\/\/filplast.pl\/wp-content\/uploads\/2021\/02\/do-pobrania-1080x500.jpg",1080,500,true],"":["https:\/\/filplast.pl\/wp-content\/uploads\/2021\/02\/do-pobrania.jpg",380,176,false]},"uagb_author_info":{"display_name":"admin","author_link":"https:\/\/filplast.pl\/de\/author\/admin\/"},"uagb_comment_info":0,"uagb_excerpt":"Anleitungen VEKA Farben Gealan Farben ADEC Farben Malbuch Kataloge Beschattungen Filplast Antriebe und Zubeh\u00f6r f\u00fcr Rolll\u00e4den Rolltore Raffstoren Portfolio \u2013 Filplast-Projekte in Polen und weltweit Insektenschutz Innent\u00fcren Premium-Haust\u00fcren T\u00fcrschloss-Katalog Market Doors Dr\u00fcckergarnituren und Sto\u00dfgriffe Dr\u00fccker, [&hellip;]","_links":{"self":[{"href":"https:\/\/filplast.pl\/de\/wp-json\/wp\/v2\/pages\/6230","targetHints":{"allow":["GET"]}}],"collection":[{"href":"https:\/\/filplast.pl\/de\/wp-json\/wp\/v2\/pages"}],"about":[{"href":"https:\/\/filplast.pl\/de\/wp-json\/wp\/v2\/types\/page"}],"author":[{"embeddable":true,"href":"https:\/\/filplast.pl\/de\/wp-json\/wp\/v2\/users\/1"}],"replies":[{"embeddable":true,"href":"https:\/\/filplast.pl\/de\/wp-json\/wp\/v2\/comments?post=6230"}],"version-history":[{"count":34,"href":"https:\/\/filplast.pl\/de\/wp-json\/wp\/v2\/pages\/6230\/revisions"}],"predecessor-version":[{"id":64274,"href":"https:\/\/filplast.pl\/de\/wp-json\/wp\/v2\/pages\/6230\/revisions\/64274"}],"wp:featuredmedia":[{"embeddable":true,"href":"https:\/\/filplast.pl\/de\/wp-json\/wp\/v2\/media\/1389"}],"wp:attachment":[{"href":"https:\/\/filplast.pl\/de\/wp-json\/wp\/v2\/media?parent=6230"}],"curies":[{"name":"wp","href":"https:\/\/api.w.org\/{rel}","templated":true}]}}