{"id":6459,"date":"2021-03-22T07:46:20","date_gmt":"2021-03-22T06:46:20","guid":{"rendered":"https:\/\/filplast.pl\/datenschutzerklaerung-www-filplast-pl\/"},"modified":"2022-07-12T08:56:20","modified_gmt":"2022-07-12T06:56:20","slug":"datenschutzerklaerung-www-filplast-pl","status":"publish","type":"page","link":"https:\/\/filplast.pl\/de\/datenschutzerklaerung-www-filplast-pl\/","title":{"rendered":"Datenschutzerkl\u00e4rung www.filplast.pl"},"content":{"rendered":"<div id=\"modal-ready\">\n<h2 class=\"wp-block-heading\">Polityka prywatno\u015bci<\/h2>\n\n<p>Der Zweck dieser Datenschutzrichtlinie, die auf der Website www.filplast.pl ver\u00f6ffentlicht wird, besteht darin, Sie \u00fcber die Zwecke, Methoden und den Zeitraum der Verarbeitung Ihrer pers\u00f6nlichen Daten durch Filplast Sp. Z oo zu informieren. sowie \u00fcber die M\u00f6glichkeiten zur Aus\u00fcbung Ihrer Rechte. Die folgenden Informationen, die wir Ihnen zur Verf\u00fcgung stellen, helfen bei der L\u00f6sung relevanter Datenschutzprobleme.<\/p>\n\n<ol class=\"wp-block-list\"><li>Der Administrator von Personal Data (ADO) ist Filplast Sp. Z oo. z o.o., ul. 3 Maja 33, 48-250 G\u0142og\u00f3wek <br\/>(KRS 0000577630, NIP 7551932111).<\/li><li>Die Sicherheit Ihrer personenbezogenen Daten wird von der von PDC benannten Person \u00fcberwacht, um sicherzustellen, dass die Verarbeitung personenbezogener Daten den gesetzlichen Bestimmungen entspricht. Kontaktm\u00f6glichkeiten:<ul><li>in elektronischer Form an folgende E-Mail-Adresse: dane.osobowe@filplast.pl<\/li><li>per Post an folgende Adresse: Filplast Sp. z oo z o.o., ul. 3 Maja 33, 48-250 G\u0142og\u00f3wek mit dem Vermerk &#8222;Pers\u00f6nliche Daten&#8220;.<\/li><\/ul><\/li><li>Die Datenschutzbestimmungen der DSGVO umfassen Informationen in Bezug auf:<ul><li>Nat\u00fcrliche Personen<\/li><li>Nat\u00fcrliche Personen, die ein Gesch\u00e4ft f\u00fchren<\/li><li>Nat\u00fcrliche Personen, die an Gesch\u00e4fts-, Marketing- und anderen Prozessen beteiligt sind, in denen personenbezogene Daten verarbeitet werden<\/li><\/ul><\/li><li>Die Empf\u00e4nger Ihrer pers\u00f6nlichen Daten sind die folgenden Einheiten:<ul><li>nach geltendem Recht zugelassene Institute<\/li><li>Wirtschaftsinformationsb\u00fcros<\/li><li>Korrespondenz- und Paketdienstleister<\/li><li>Hosting-Dienstleister<\/li><li>IT und Technologiedienstleister<\/li><li>Rechts- und Inkassodienste<\/li><li>Marketingdienste<\/li><li>Buchhaltungs- und Finanzdienstleistungen<\/li><\/ul><\/li><li>Zweck der Verarbeitung Ihrer pers\u00f6nlichen Daten:<ul><li>Durchf\u00fchrung von Marketingaktivit\u00e4ten, insbesondere: Versenden von gedruckten Materialien informativer Art (Kataloge, Brosch\u00fcren, Prospekte usw.);<\/li><li>Versendung von Einladungen, W\u00fcnschen usw.;<\/li><li>Versendung von Werbemitteln<\/li><li>Implementierung und Erbringung von Dienstleistungen auf elektronischem Wege, insbesondere per E-Mail, mittels elektronischer Kommunikation: Versenden von Werbebotschaften, den sogenannten Newsletter mit Werbeangeboten, Informationen zu neuen Produkten, \u00c4nderungen des Produktangebots usw.;<\/li><li>Durchf\u00fchrung von Handels- und Marketingaktivit\u00e4ten \u00fcber Telefonnummern und E-Mail-Adressen, die im Internet zur Verf\u00fcgung gestellt werden: Telefonischer Kontakt mit juristischen und nat\u00fcrlichen Personen zu Fragen im Zusammenhang mit der Einleitung einer m\u00f6glichen Zusammenarbeit, Sammeln von Informationen \u00fcber die Qualit\u00e4t von Produkten, Bedarf an Werbematerial , usw .;<\/li><li>personenbezogene Daten im Sinne der gesetzlichen Bestimmungen (z. B. IP-Adresse) von Personen, die die Filplast Sp. z oo besuchen. z o.o. welche mit dem oben genannten Tool &#8222;Google Analytics&#8220; gesammelt wurden, nutzen wir haupts\u00e4chlich den Netzwerkverkehr zu analysieren (zu statistischen Zwecken).<\/li><\/ul><\/li><li>Der Administrator garantiert einen ununterbrochenen Zugriff auf Ihre Daten und die M\u00f6glichkeit, diese jederzeit zu korrigieren und zu erg\u00e4nzen. Wenn es technisch m\u00f6glich ist, bietet der Administrator auch die M\u00f6glichkeit, personenbezogene Daten strukturiert an einen anderen Administrator zu \u00fcbertragen.<br\/>h\u00e4ufig verwendete PERS\u00d6NLICHE DATENSCHUTZRICHTLINIE, maschinenlesbares Format. Wenn die Grundlage f\u00fcr die Verarbeitung personenbezogener Daten Ihre Zustimmung ist, kann diese jederzeit widerrufen werden. Eine solche Entscheidung ber\u00fchrt jedoch nicht das Recht des f\u00fcr die Verarbeitung Verantwortlichen, das auf der Grundlage Ihrer Zustimmung vor seinem Widerruf durchgef\u00fchrt wurde.<\/li><li>Sie haben unabh\u00e4ngig vom Grund das Recht, der Verarbeitung Ihrer personenbezogenen Daten jederzeit zu widersprechen. Nach Erhalt beenden wir die Verarbeitung<br\/>Ihre Daten f\u00fcr den Zweck oder die Zwecke, gegen die Sie Einw\u00e4nde erhoben haben, es sei denn, wir weisen nach, dass g\u00fcltige berechtigte Gr\u00fcnde f\u00fcr die Verarbeitung, die Vorrangstellung Ihrer Interessen, Rechte und Freiheiten anderer Personen oder Gr\u00fcnde f\u00fcr die Begr\u00fcndung, Untersuchung oder Verteidigung von Anspr\u00fcchen vorliegen. Um Ihr Widerspruchsrecht auszu\u00fcben, kontaktieren Sie uns bitte. Durch Auswahl einer der oben dargestellten Kommunikationsformen.<\/li><li>Sie haben das Recht, eine Beschwerde bei der Aufsichtsbeh\u00f6rde einzureichen, wenn Sie der Ansicht sind, dass die Verarbeitung personenbezogener Daten gegen geltende Vorschriften verst\u00f6\u00dft. Anschrift des Datenschutzamtes: ul. Stawki 2, 00- 193 Warszawa.<\/li><li>Detaillierte Liste Ihrer Rechte:<ul><li>Das Recht, Zugang zu personenbezogenen Daten zu beantragen;<\/li><li>Das Recht, die Berichtigung personenbezogener Daten zu verlangen;<\/li><li>Das Recht, die L\u00f6schung personenbezogener Daten zu beantragen, wenn:<ul><li>Diese Daten nicht mehr erforderlich sind, um die Zwecke zu erreichen, f\u00fcr die sie gesammelt oder anderweitig verarbeitet wurden.<\/li><li>Wenn Sie feststellen, dass wir Ihre personenbezogenen Daten rechtswidrig verarbeiten und dies rechtlich belegen,<\/li><li>m\u00fcssen personenbezogene Daten entfernt werden, um der gesetzlichen Verpflichtung des EU-Rechts oder des polnischen Rechts nachzukommen,<\/li><li>widerrufen Sie Ihre Einwilligung zur Verarbeitung Ihrer personenbezogenen Daten, deren Verarbeitung auf der Grundlage dieser Einwilligung erfolgt ist.<\/li><\/ul><\/li><\/ul><\/li><li>Rechtsgrundlagen, auf denen Ihre personenbezogenen Daten verarbeitet werden k\u00f6nnen:<ul><li>auf der Grundlage Ihrer Zustimmung &#8211; Artikel 6 Absatz 1a der DSGVO;<\/li><li>auf der Grundlage vorvertraglicher T\u00e4tigkeiten oder des Vertrags, der uns verbindet &#8211; Artikel 6 Absatz 1b der DSGVO;<\/li><li>aufgrund der gesetzlichen Verpflichtung, die dem Administrator im Zusammenhang mit der Umsetzung des EU-Rechts oder des polnischen Rechts auferlegt wurde &#8211; Artikel 6 Absatz 1c der DSGVO;<\/li><li>im Zusammenhang mit der Umsetzung des berechtigten Interesses vom Administrator &#8211; Artikel 6 Absatz 1f der DSGVO.<\/li><\/ul><\/li><li>Der Zeitraum der Speicherung Ihrer pers\u00f6nlichen Daten:<ul><li>Ihre personenbezogenen Daten werden nur in dem Umfang gespeichert, der zur Erf\u00fcllung der dem Administrator obliegenden gesetzlichen Verpflichtungen erforderlich ist, und nur f\u00fcr den Zeitraum um<br\/>die Zwecke zu erreichen, f\u00fcr die personenbezogene Daten gem\u00e4\u00df den geltenden Bestimmungen zum Schutz personenbezogener Daten erhoben werden;<\/li><li>In einer Situation, in der der Administrator keine personenbezogenen Daten mehr verarbeiten muss, werden diese dauerhaft aus den IT-Systemen gel\u00f6scht, es sei denn, die Verpflichtung zur weiteren Speicherung ergibt sich aus dem geltenden Recht.<\/li><li>Bei der Bewerbung um Stellenanzeigen auf der Website www.filplast.pl werden Ihre personenbezogenen Daten f\u00fcr den folgenden Zeitraum verarbeitet:<ul><li>die Dauer des Einstellungsprozesses, jedoch nicht l\u00e4nger als 2 Jahre im Falle der Zustimmung zur Teilnahme an k\u00fcnftigen Einstellungsprozessen;<\/li><li>bis zum Ablauf der Verj\u00e4hrungsfristen f\u00fcr m\u00f6gliche Diskriminierungsanspr\u00fcche mindestens 3 Jahre ab F\u00e4lligkeit des Anspruchs, sp\u00e4testens jedoch 10 Jahre nach der abgeschlossenen Rekrutierung: Auf Grundlage von Art. 4421 des Gesetzes vom 23. April 1964. B\u00fcrgerliches Gesetzbuch (Dz.U.2018 Punkt 1025, t.j. vom 29.05.2018 ) in Verbindung mit Art. 300 des Gesetzes vom 26 Juni 1974 Arbeitsgesetzbuch (Dz.U.2018, Punkt 917 t.j. vom 16.05.2018).<\/li><\/ul><\/li><\/ul><\/li><li>\u201ecookies\u201d Dateien<ul><li>Wir informieren, dass sobald Sie eine Verbindung zu unserer Website herstellen, Informationen zur Nummer (einschlie\u00dflich IP) und zum Typ Ihres Endger\u00e4ts, von dem aus Sie eine Verbindung herstellen, in den Systemprotokollen angezeigt werden. Wir informieren, dass wir<br\/>In \u00dcbereinstimmung mit den Bestimmungen des anwendbaren Rechts auch Daten \u00fcber die Nummer (einschlie\u00dflich IP) und den Typ Ihres Endger\u00e4ts sowie den Zeitpunkt Ihrer Verbindung zur Website und andere Betriebsdaten bez\u00fcglich Ihrer Aktivit\u00e4t verarbeiten werden. Diese Daten werden insbesondere zu technischen Zwecken und zur Erhebung allgemeiner statistischer Daten verarbeitet.<\/li><li>Wir verwenden Cookies (d. H. Kleine Textdateien, die an Ihr Ger\u00e4t gesendet werden und Sie auf eine Weise identifizieren, die zur Vereinfachung oder zum Abbruch eines bestimmten Vorgangs erforderlich ist), um Informationen zu Ihrer Nutzung der Website zu sammeln. Cookies erm\u00f6glichen: Verwalten Ihrer Sitzung, Anpassen der Website an Ihre Anforderungen, Erstellen von Statistiken zum Anzeigen von Unterseiten.<\/li><li>Sie k\u00f6nnen Ihre Cookie-Einstellungen jederzeit \u00e4ndern, indem Sie die Einstellungen Ihres Webbrowsers \u00e4ndern. Diese Einstellungen k\u00f6nnen so ge\u00e4ndert werden,<br\/>dass die automatische Verarbeitung von Cookies in den Webbrowser-Einstellungen blockiert wird oder \u00fcber die Ver\u00f6ffentlichung auf Ihrem Ger\u00e4t beim Aufrufen der Seite. Detaillierte Informationen zu den M\u00f6glichkeiten und Methoden des Umgangs mit Cookies finden Sie in den Einstellungen der Software (Webbrowser).<\/li><\/ul><\/li><\/ol>\n<h2 class=\"wp-block-heading\"><\/h2>\n\n<p><\/p>\n\n<h2 class=\"wp-block-heading\"><br\/>Pliki \u201ecookies\u201d<\/h2>\n\n<h3 class=\"wp-block-heading\">Informacje og\u00f3lne<\/h3>\n\n<p>Podczas przegl\u0105dania stron internetowych filplast.pl s\u0105 u\u017cywane pliki &#8222;cookies&#8220;, zwane dalej Cookies, czyli niewielkie informacje tekstowe, kt\u00f3re s\u0105 zapisywane w Twoim urz\u0105dzeniu ko\u0144cowym w zwi\u0105zku z korzystaniem z witryny. Ich stosowanie ma na celu poprawne dzia\u0142anie stron internetowych.<\/p>\n\n<p>Pliki te pozwalaj\u0105 zidentyfikowa\u0107 oprogramowanie wykorzystywane przez Ciebie i dostosowa\u0107 strony indywidualnie do Twoich potrzeb.<\/p>\n\n<p>Pliki Cookies zazwyczaj zawieraj\u0105 nazw\u0119 domeny, z kt\u00f3rej pochodz\u0105, czas przechowywania ich na urz\u0105dzeniu oraz przypisan\u0105 warto\u015b\u0107.<\/p>\n\n<h3 class=\"wp-block-heading\">Sicherheit<\/h3>\n\n<p>Stosowane przez nas pliki Cookies s\u0105 bezpieczne dla Twoich urz\u0105dze\u0144. W szczeg\u00f3lno\u015bci nie jest mo\u017cliwe przedostanie si\u0119 do Twoich urz\u0105dze\u0144 poprzez pliki Cookies wirus\u00f3w lub innego niechcianego oprogramowania lub oprogramowania z\u0142o\u015bliwego.<\/p>\n\n<h3 class=\"wp-block-heading\">Rodzaje plik\u00f3w Cookies<\/h3>\n\n<p>Stosujemy dwa rodzaje plik\u00f3w Cookies:<\/p>\n\n<ul class=\"wp-block-list\"><li>Cookies sesyjne: s\u0105 przechowywane na Twoim urz\u0105dzeniu i pozostaj\u0105 tam do momentu zako\u0144czenia sesji danej przegl\u0105darki. Zapisane informacje s\u0105 w\u00f3wczas trwale usuwane z pami\u0119ci Twojego urz\u0105dzenia. Mechanizm Cookies sesyjnych nie pozwala na pobieranie jakichkolwiek danych osobowych ani \u017cadnych informacji poufnych z Twojego urz\u0105dzenia.<\/li><li>Cookies trwa\u0142e: s\u0105 przechowywane na Twoim urz\u0105dzeniu i pozostaj\u0105 tam do momentu ich skasowania. Zako\u0144czenie sesji danej przegl\u0105darki lub wy\u0142\u0105czenie urz\u0105dzenia nie powoduje ich usuni\u0119cia z Twojego urz\u0105dzenia. Mechanizm Cookies trwa\u0142ych nie pozwala na pobieranie jakichkolwiek danych osobowych ani \u017cadnych informacji poufnych z Twojego urz\u0105dzenia.<\/li><\/ul>\n<h3 class=\"wp-block-heading\">Cele<\/h3>\n\n<p>Wykorzystujemy tak\u017ce pliki Cookies podmiot\u00f3w zewn\u0119trznych w nast\u0119puj\u0105cych celach:<\/p>\n\n<ul class=\"wp-block-list\"><li>konfiguracji oferty handlowej;<\/li><li>tworzenia statystyk, kt\u00f3re pomagaj\u0105 zrozumie\u0107, w jaki spos\u00f3b u\u017cytkownicy witryny korzystaj\u0105 ze stron internetowych, co umo\u017cliwia ulepszanie ich struktury i zawarto\u015bci za po\u015brednictwem narz\u0119dzi analitycznych Google Analytics, kt\u00f3rych administratorem jest Google Ireland Ltd. z siedzib\u0105 w Irlandii, Polityka ochrony prywatno\u015bci Google jest dost\u0119pna pod nast\u0119puj\u0105cym linkiem: https:\/\/policies.google.com\/privacy?fg=1;<\/li><li>okre\u015blania profilu Klienta w celu wy\u015bwietlania mu dopasowanych materia\u0142\u00f3w w sieciach reklamowych, z wykorzystaniem narz\u0119dzia internetowej reklamy Google Ads, kt\u00f3rego administratorem jest Google Ireland Ltd. z siedzib\u0105 w Irlandii, Polityka ochrony prywatno\u015bci Google jest dost\u0119pna pod nast\u0119puj\u0105cym linkiem: https:\/\/policies.google.com\/privacy?fg=1;<\/li><li>gromadzenia informacji o zachowaniu U\u017cytkownika z u\u017cyciem narz\u0119dzia Facebook Pixel, kt\u00f3rego administratorem jest Facebook Ireland Ltd. z siedzib\u0105 w Irlandii, Polityka ochrony prywatno\u015bci Facebook jest dost\u0119pna pod nast\u0119puj\u0105cym linkiem: <a href=\"https:\/\/www.facebook.com\/help\/cookies\/\">https:\/\/www.facebook.com\/help\/cookies\/<\/a>;<\/li><li>analizowania aktywno\u015bci u\u017cytkownik\u00f3w na stronach witryny, przesy\u0142ania im spersonalizowanych wiadomo\u015bci za po\u015brednictwem platformy SALESmanago, kt\u00f3rej administratorem jest Benhauer sp. z o.o. z siedzib\u0105 w Krakowie. Informacje na temat ochrony prywatno\u015bci SALESmanago dost\u0119pne s\u0105 pod nast\u0119puj\u0105cym linkiem: http:\/\/pomoc.salesmanago.pl\/ochrona-danych-osobowych\/.<\/li><\/ul>\n<p>Aby pozna\u0107 zasady korzystania z Cookies, zalecamy zapoznanie si\u0119 z politykami prywatno\u015bci wy\u017cej wskazanych firm.<\/p>\n\n<p>Cookies mog\u0105 by\u0107 wykorzystane przez sieci reklamowe, w szczeg\u00f3lno\u015bci sie\u0107 Google, do wy\u015bwietlenia reklam dopasowanych do Twoich preferencji. W tym celu mog\u0105 zosta\u0107 zachowane informacje o sposobie poruszania si\u0119 przez Ciebie w sieci lub czasie skorzystania ze strony internetowej.<\/p>\n\n<p>Aby przegl\u0105da\u0107 i edytowa\u0107 informacje o Twoich preferencjach, gromadzonych przez sie\u0107 reklamow\u0105 Google, mo\u017cesz skorzysta\u0107 z narz\u0119dzia zamieszczonego pod linkiem https:\/\/www.google.com\/ads\/preferences\/.<\/p>\n\n<p>Za pomoc\u0105 ustawie\u0144 przegl\u0105darki internetowej lub za pomoc\u0105 konfiguracji us\u0142ugi, mo\u017cesz samodzielnie i w ka\u017cdym czasie zmieni\u0107 ustawienia dotycz\u0105ce Cookies, okre\u015blaj\u0105c warunki ich przechowywania i uzyskiwania dost\u0119pu przez Cookies do Twojego urz\u0105dzenia. Ustawienia te mo\u017cesz zmieni\u0107 tak, aby blokowa\u0107 automatyczn\u0105 obs\u0142ug\u0119 Cookies w ustawieniach przegl\u0105darki internetowej b\u0105d\u017a informowa\u0107 o ich ka\u017cdorazowym zamieszczeniu na Twoim urz\u0105dzeniu. Szczeg\u00f3\u0142owe informacje o mo\u017cliwo\u015bci i sposobach obs\u0142ugi Cookies dost\u0119pne s\u0105 w ustawieniach Twojego oprogramowania (przegl\u0105darki internetowej).<\/p>\n<\/div>","protected":false},"excerpt":{"rendered":"<p>Polityka prywatno\u015bci Der Zweck dieser Datenschutzrichtlinie, die auf der Website www.filplast.pl ver\u00f6ffentlicht wird, besteht darin, Sie \u00fcber die Zwecke, Methoden und den Zeitraum der Verarbeitung Ihrer pers\u00f6nlichen Daten durch Filplast Sp. Z oo zu informieren. [&hellip;]<\/p>\n","protected":false},"author":1,"featured_media":0,"parent":0,"menu_order":136,"comment_status":"closed","ping_status":"closed","template":"","meta":{"inline_featured_image":false,"_uag_custom_page_level_css":"","footnotes":""},"class_list":["post-6459","page","type-page","status-publish","hentry"],"yoast_head":"<!-- This site is optimized with the Yoast SEO plugin v24.7 - https:\/\/yoast.com\/wordpress\/plugins\/seo\/ -->\n<title>Datenschutzerkl\u00e4rung www.filplast.pl - Filplast f\u00fcr Generationen<\/title>\n<meta name=\"robots\" content=\"index, follow, max-snippet:-1, max-image-preview:large, max-video-preview:-1\" \/>\n<link rel=\"canonical\" href=\"https:\/\/filplast.pl\/de\/datenschutzerklaerung-www-filplast-pl\/\" \/>\n<meta property=\"og:locale\" content=\"de_DE\" \/>\n<meta property=\"og:type\" content=\"article\" \/>\n<meta property=\"og:title\" content=\"Datenschutzerkl\u00e4rung www.filplast.pl - Filplast f\u00fcr Generationen\" \/>\n<meta property=\"og:description\" content=\"Polityka prywatno\u015bci Der Zweck dieser Datenschutzrichtlinie, die auf der Website www.filplast.pl ver\u00f6ffentlicht wird, besteht darin, Sie \u00fcber die Zwecke, Methoden und den Zeitraum der Verarbeitung Ihrer pers\u00f6nlichen Daten durch Filplast Sp. Z oo zu informieren. [&hellip;]\" \/>\n<meta property=\"og:url\" content=\"https:\/\/filplast.pl\/de\/datenschutzerklaerung-www-filplast-pl\/\" \/>\n<meta property=\"og:site_name\" content=\"Filplast f\u00fcr Generationen\" \/>\n<meta property=\"article:publisher\" content=\"https:\/\/www.facebook.com\/filplast.firma\" \/>\n<meta property=\"article:modified_time\" content=\"2022-07-12T06:56:20+00:00\" \/>\n<meta name=\"twitter:card\" content=\"summary_large_image\" \/>\n<meta name=\"twitter:label1\" content=\"Gesch\u00e4tzte Lesezeit\" \/>\n\t<meta name=\"twitter:data1\" content=\"9\u00a0Minuten\" \/>\n<script type=\"application\/ld+json\" class=\"yoast-schema-graph\">{\"@context\":\"https:\/\/schema.org\",\"@graph\":[{\"@type\":\"WebPage\",\"@id\":\"https:\/\/filplast.pl\/de\/datenschutzerklaerung-www-filplast-pl\/\",\"url\":\"https:\/\/filplast.pl\/de\/datenschutzerklaerung-www-filplast-pl\/\",\"name\":\"Datenschutzerkl\u00e4rung www.filplast.pl - Filplast f\u00fcr Generationen\",\"isPartOf\":{\"@id\":\"https:\/\/filplast.pl\/de\/#website\"},\"datePublished\":\"2021-03-22T06:46:20+00:00\",\"dateModified\":\"2022-07-12T06:56:20+00:00\",\"breadcrumb\":{\"@id\":\"https:\/\/filplast.pl\/de\/datenschutzerklaerung-www-filplast-pl\/#breadcrumb\"},\"inLanguage\":\"de\",\"potentialAction\":[{\"@type\":\"ReadAction\",\"target\":[\"https:\/\/filplast.pl\/de\/datenschutzerklaerung-www-filplast-pl\/\"]}]},{\"@type\":\"BreadcrumbList\",\"@id\":\"https:\/\/filplast.pl\/de\/datenschutzerklaerung-www-filplast-pl\/#breadcrumb\",\"itemListElement\":[{\"@type\":\"ListItem\",\"position\":1,\"name\":\"Startseite\",\"item\":\"https:\/\/filplast.pl\/de\/\"},{\"@type\":\"ListItem\",\"position\":2,\"name\":\"Datenschutzerkl\u00e4rung www.filplast.pl\"}]},{\"@type\":\"WebSite\",\"@id\":\"https:\/\/filplast.pl\/de\/#website\",\"url\":\"https:\/\/filplast.pl\/de\/\",\"name\":\"Filplast f\u00fcr Generationen\",\"description\":\"Gersteller gesunder Fenster\",\"publisher\":{\"@id\":\"https:\/\/filplast.pl\/de\/#organization\"},\"potentialAction\":[{\"@type\":\"SearchAction\",\"target\":{\"@type\":\"EntryPoint\",\"urlTemplate\":\"https:\/\/filplast.pl\/de\/?s={search_term_string}\"},\"query-input\":{\"@type\":\"PropertyValueSpecification\",\"valueRequired\":true,\"valueName\":\"search_term_string\"}}],\"inLanguage\":\"de\"},{\"@type\":\"Organization\",\"@id\":\"https:\/\/filplast.pl\/de\/#organization\",\"name\":\"Filplast f\u00fcr Generationen\",\"url\":\"https:\/\/filplast.pl\/de\/\",\"logo\":{\"@type\":\"ImageObject\",\"inLanguage\":\"de\",\"@id\":\"https:\/\/filplast.pl\/de\/#\/schema\/logo\/image\/\",\"url\":\"https:\/\/filplast.pl\/wp-content\/uploads\/2023\/10\/favicon-filplast.png\",\"contentUrl\":\"https:\/\/filplast.pl\/wp-content\/uploads\/2023\/10\/favicon-filplast.png\",\"width\":2134,\"height\":2134,\"caption\":\"Filplast f\u00fcr Generationen\"},\"image\":{\"@id\":\"https:\/\/filplast.pl\/de\/#\/schema\/logo\/image\/\"},\"sameAs\":[\"https:\/\/www.facebook.com\/filplast.firma\",\"https:\/\/pl.pinterest.com\/filplast\/\",\"https:\/\/www.youtube.com\/FILPLASTchannel\",\"https:\/\/pl.linkedin.com\/company\/filplast-sp.-z-o.o.\",\"https:\/\/www.instagram.com\/filplast\/\"]}]}<\/script>\n<!-- \/ Yoast SEO plugin. -->","yoast_head_json":{"title":"Datenschutzerkl\u00e4rung www.filplast.pl - Filplast f\u00fcr Generationen","robots":{"index":"index","follow":"follow","max-snippet":"max-snippet:-1","max-image-preview":"max-image-preview:large","max-video-preview":"max-video-preview:-1"},"canonical":"https:\/\/filplast.pl\/de\/datenschutzerklaerung-www-filplast-pl\/","og_locale":"de_DE","og_type":"article","og_title":"Datenschutzerkl\u00e4rung www.filplast.pl - Filplast f\u00fcr Generationen","og_description":"Polityka prywatno\u015bci Der Zweck dieser Datenschutzrichtlinie, die auf der Website www.filplast.pl ver\u00f6ffentlicht wird, besteht darin, Sie \u00fcber die Zwecke, Methoden und den Zeitraum der Verarbeitung Ihrer pers\u00f6nlichen Daten durch Filplast Sp. Z oo zu informieren. [&hellip;]","og_url":"https:\/\/filplast.pl\/de\/datenschutzerklaerung-www-filplast-pl\/","og_site_name":"Filplast f\u00fcr Generationen","article_publisher":"https:\/\/www.facebook.com\/filplast.firma","article_modified_time":"2022-07-12T06:56:20+00:00","twitter_card":"summary_large_image","twitter_misc":{"Gesch\u00e4tzte Lesezeit":"9\u00a0Minuten"},"schema":{"@context":"https:\/\/schema.org","@graph":[{"@type":"WebPage","@id":"https:\/\/filplast.pl\/de\/datenschutzerklaerung-www-filplast-pl\/","url":"https:\/\/filplast.pl\/de\/datenschutzerklaerung-www-filplast-pl\/","name":"Datenschutzerkl\u00e4rung www.filplast.pl - Filplast f\u00fcr Generationen","isPartOf":{"@id":"https:\/\/filplast.pl\/de\/#website"},"datePublished":"2021-03-22T06:46:20+00:00","dateModified":"2022-07-12T06:56:20+00:00","breadcrumb":{"@id":"https:\/\/filplast.pl\/de\/datenschutzerklaerung-www-filplast-pl\/#breadcrumb"},"inLanguage":"de","potentialAction":[{"@type":"ReadAction","target":["https:\/\/filplast.pl\/de\/datenschutzerklaerung-www-filplast-pl\/"]}]},{"@type":"BreadcrumbList","@id":"https:\/\/filplast.pl\/de\/datenschutzerklaerung-www-filplast-pl\/#breadcrumb","itemListElement":[{"@type":"ListItem","position":1,"name":"Startseite","item":"https:\/\/filplast.pl\/de\/"},{"@type":"ListItem","position":2,"name":"Datenschutzerkl\u00e4rung www.filplast.pl"}]},{"@type":"WebSite","@id":"https:\/\/filplast.pl\/de\/#website","url":"https:\/\/filplast.pl\/de\/","name":"Filplast f\u00fcr Generationen","description":"Gersteller gesunder Fenster","publisher":{"@id":"https:\/\/filplast.pl\/de\/#organization"},"potentialAction":[{"@type":"SearchAction","target":{"@type":"EntryPoint","urlTemplate":"https:\/\/filplast.pl\/de\/?s={search_term_string}"},"query-input":{"@type":"PropertyValueSpecification","valueRequired":true,"valueName":"search_term_string"}}],"inLanguage":"de"},{"@type":"Organization","@id":"https:\/\/filplast.pl\/de\/#organization","name":"Filplast f\u00fcr Generationen","url":"https:\/\/filplast.pl\/de\/","logo":{"@type":"ImageObject","inLanguage":"de","@id":"https:\/\/filplast.pl\/de\/#\/schema\/logo\/image\/","url":"https:\/\/filplast.pl\/wp-content\/uploads\/2023\/10\/favicon-filplast.png","contentUrl":"https:\/\/filplast.pl\/wp-content\/uploads\/2023\/10\/favicon-filplast.png","width":2134,"height":2134,"caption":"Filplast f\u00fcr Generationen"},"image":{"@id":"https:\/\/filplast.pl\/de\/#\/schema\/logo\/image\/"},"sameAs":["https:\/\/www.facebook.com\/filplast.firma","https:\/\/pl.pinterest.com\/filplast\/","https:\/\/www.youtube.com\/FILPLASTchannel","https:\/\/pl.linkedin.com\/company\/filplast-sp.-z-o.o.","https:\/\/www.instagram.com\/filplast\/"]}]}},"uagb_featured_image_src":{"full":false,"thumbnail":false,"medium":false,"medium_large":false,"large":false,"1536x1536":false,"2048x2048":false,"depcore-widget-post-thumb":false,"depcore-widget-post-medium":false,"square":false,"small-square":false,"slider-image":false,"":false},"uagb_author_info":{"display_name":"admin","author_link":"https:\/\/filplast.pl\/de\/author\/admin\/"},"uagb_comment_info":0,"uagb_excerpt":"Polityka prywatno\u015bci Der Zweck dieser Datenschutzrichtlinie, die auf der Website www.filplast.pl ver\u00f6ffentlicht wird, besteht darin, Sie \u00fcber die Zwecke, Methoden und den Zeitraum der Verarbeitung Ihrer pers\u00f6nlichen Daten durch Filplast Sp. Z oo zu informieren. [&hellip;]","_links":{"self":[{"href":"https:\/\/filplast.pl\/de\/wp-json\/wp\/v2\/pages\/6459","targetHints":{"allow":["GET"]}}],"collection":[{"href":"https:\/\/filplast.pl\/de\/wp-json\/wp\/v2\/pages"}],"about":[{"href":"https:\/\/filplast.pl\/de\/wp-json\/wp\/v2\/types\/page"}],"author":[{"embeddable":true,"href":"https:\/\/filplast.pl\/de\/wp-json\/wp\/v2\/users\/1"}],"replies":[{"embeddable":true,"href":"https:\/\/filplast.pl\/de\/wp-json\/wp\/v2\/comments?post=6459"}],"version-history":[{"count":6,"href":"https:\/\/filplast.pl\/de\/wp-json\/wp\/v2\/pages\/6459\/revisions"}],"predecessor-version":[{"id":25459,"href":"https:\/\/filplast.pl\/de\/wp-json\/wp\/v2\/pages\/6459\/revisions\/25459"}],"wp:attachment":[{"href":"https:\/\/filplast.pl\/de\/wp-json\/wp\/v2\/media?parent=6459"}],"curies":[{"name":"wp","href":"https:\/\/api.w.org\/{rel}","templated":true}]}}