{"id":25365,"date":"2022-07-08T13:19:23","date_gmt":"2022-07-08T11:19:23","guid":{"rendered":"https:\/\/filplast.pl\/produkt\/markisen-palladio\/"},"modified":"2022-07-08T13:26:11","modified_gmt":"2022-07-08T11:26:11","slug":"markisen-palladio","status":"publish","type":"product","link":"https:\/\/filplast.pl\/de\/produkt\/markisen-palladio\/","title":{"rendered":"Markisen Palladio"},"content":{"rendered":"<div id=\"modal-ready\">\n<p>Die Markise Palladio ist ein Produkt mit einem hervorragendem Preis-Leistungs-Verh\u00e4ltnis. Das Markisentuch wird in die Kassette eingerollt und der vordere Balken schlie\u00dft es zu. Somit wird das Material vor Witterung gesch\u00fctzt. F\u00fcr die Montage werden keine speziellen F\u00e4higkeiten oder Werkzeuge ben\u00f6tigt.<\/p>\n<\/div>","protected":false},"excerpt":{"rendered":"<p>Die Markise Palladio ist ein Produkt mit einem hervorragendem Preis-Leistungs-Verh\u00e4ltnis. Das Markisentuch wird in die Kassette eingerollt und der vordere Balken schlie\u00dft es zu. Somit wird das Material vor Witterung gesch\u00fctzt. F\u00fcr die Montage werden [&hellip;]<\/p>\n","protected":false},"featured_media":23976,"parent":0,"menu_order":67,"template":"","class_list":["post-25365","product","type-product","status-publish","has-post-thumbnail","hentry","product-category-pergola-textilscreens-markisen","product-line-goldenline-de"],"yoast_head":"<!-- This site is optimized with the Yoast SEO plugin v24.7 - https:\/\/yoast.com\/wordpress\/plugins\/seo\/ -->\n<title>Markisen Palladio Filplast - F\u00fcr Generationen<\/title>\n<meta name=\"robots\" content=\"index, follow, max-snippet:-1, max-image-preview:large, max-video-preview:-1\" \/>\n<link rel=\"canonical\" href=\"https:\/\/filplast.pl\/de\/produkt\/markisen-palladio\/\" \/>\n<meta property=\"og:locale\" content=\"de_DE\" \/>\n<meta property=\"og:type\" content=\"article\" \/>\n<meta property=\"og:title\" content=\"Markisen Palladio Filplast - F\u00fcr Generationen\" \/>\n<meta property=\"og:description\" content=\"Die Markise Palladio ist ein Produkt mit einem hervorragendem Preis-Leistungs-Verh\u00e4ltnis. Das Markisentuch wird in die Kassette eingerollt und der vordere Balken schlie\u00dft es zu. Somit wird das Material vor Witterung gesch\u00fctzt. F\u00fcr die Montage werden [&hellip;]\" \/>\n<meta property=\"og:url\" content=\"https:\/\/filplast.pl\/de\/produkt\/markisen-palladio\/\" \/>\n<meta property=\"og:site_name\" content=\"Filplast f\u00fcr Generationen\" \/>\n<meta property=\"article:publisher\" content=\"https:\/\/www.facebook.com\/filplast.firma\" \/>\n<meta property=\"article:modified_time\" content=\"2022-07-08T11:26:11+00:00\" \/>\n<meta property=\"og:image\" content=\"https:\/\/filplast.pl\/wp-content\/uploads\/2022\/05\/MARKIZY-Palladio.png\" \/>\n\t<meta property=\"og:image:width\" content=\"500\" \/>\n\t<meta property=\"og:image:height\" content=\"500\" \/>\n\t<meta property=\"og:image:type\" content=\"image\/png\" \/>\n<meta name=\"twitter:card\" content=\"summary_large_image\" \/>\n<script type=\"application\/ld+json\" class=\"yoast-schema-graph\">{\"@context\":\"https:\/\/schema.org\",\"@graph\":[{\"@type\":\"WebPage\",\"@id\":\"https:\/\/filplast.pl\/de\/produkt\/markisen-palladio\/\",\"url\":\"https:\/\/filplast.pl\/de\/produkt\/markisen-palladio\/\",\"name\":\"Markisen Palladio Filplast - F\u00fcr Generationen\",\"isPartOf\":{\"@id\":\"https:\/\/filplast.pl\/de\/#website\"},\"primaryImageOfPage\":{\"@id\":\"https:\/\/filplast.pl\/de\/produkt\/markisen-palladio\/#primaryimage\"},\"image\":{\"@id\":\"https:\/\/filplast.pl\/de\/produkt\/markisen-palladio\/#primaryimage\"},\"thumbnailUrl\":\"https:\/\/filplast.pl\/wp-content\/uploads\/2022\/05\/MARKIZY-Palladio.png\",\"datePublished\":\"2022-07-08T11:19:23+00:00\",\"dateModified\":\"2022-07-08T11:26:11+00:00\",\"breadcrumb\":{\"@id\":\"https:\/\/filplast.pl\/de\/produkt\/markisen-palladio\/#breadcrumb\"},\"inLanguage\":\"de\",\"potentialAction\":[{\"@type\":\"ReadAction\",\"target\":[\"https:\/\/filplast.pl\/de\/produkt\/markisen-palladio\/\"]}]},{\"@type\":\"ImageObject\",\"inLanguage\":\"de\",\"@id\":\"https:\/\/filplast.pl\/de\/produkt\/markisen-palladio\/#primaryimage\",\"url\":\"https:\/\/filplast.pl\/wp-content\/uploads\/2022\/05\/MARKIZY-Palladio.png\",\"contentUrl\":\"https:\/\/filplast.pl\/wp-content\/uploads\/2022\/05\/MARKIZY-Palladio.png\",\"width\":500,\"height\":500},{\"@type\":\"BreadcrumbList\",\"@id\":\"https:\/\/filplast.pl\/de\/produkt\/markisen-palladio\/#breadcrumb\",\"itemListElement\":[{\"@type\":\"ListItem\",\"position\":1,\"name\":\"Startseite\",\"item\":\"https:\/\/filplast.pl\/de\/\"},{\"@type\":\"ListItem\",\"position\":2,\"name\":\"Produkte\",\"item\":\"https:\/\/filplast.pl\/de\/produkt\/\"},{\"@type\":\"ListItem\",\"position\":3,\"name\":\"Markisen Palladio\"}]},{\"@type\":\"WebSite\",\"@id\":\"https:\/\/filplast.pl\/de\/#website\",\"url\":\"https:\/\/filplast.pl\/de\/\",\"name\":\"Filplast f\u00fcr Generationen\",\"description\":\"Gersteller gesunder Fenster\",\"publisher\":{\"@id\":\"https:\/\/filplast.pl\/de\/#organization\"},\"potentialAction\":[{\"@type\":\"SearchAction\",\"target\":{\"@type\":\"EntryPoint\",\"urlTemplate\":\"https:\/\/filplast.pl\/de\/?s={search_term_string}\"},\"query-input\":{\"@type\":\"PropertyValueSpecification\",\"valueRequired\":true,\"valueName\":\"search_term_string\"}}],\"inLanguage\":\"de\"},{\"@type\":\"Organization\",\"@id\":\"https:\/\/filplast.pl\/de\/#organization\",\"name\":\"Filplast f\u00fcr Generationen\",\"url\":\"https:\/\/filplast.pl\/de\/\",\"logo\":{\"@type\":\"ImageObject\",\"inLanguage\":\"de\",\"@id\":\"https:\/\/filplast.pl\/de\/#\/schema\/logo\/image\/\",\"url\":\"https:\/\/filplast.pl\/wp-content\/uploads\/2023\/10\/favicon-filplast.png\",\"contentUrl\":\"https:\/\/filplast.pl\/wp-content\/uploads\/2023\/10\/favicon-filplast.png\",\"width\":2134,\"height\":2134,\"caption\":\"Filplast f\u00fcr Generationen\"},\"image\":{\"@id\":\"https:\/\/filplast.pl\/de\/#\/schema\/logo\/image\/\"},\"sameAs\":[\"https:\/\/www.facebook.com\/filplast.firma\",\"https:\/\/pl.pinterest.com\/filplast\/\",\"https:\/\/www.youtube.com\/FILPLASTchannel\",\"https:\/\/pl.linkedin.com\/company\/filplast-sp.-z-o.o.\",\"https:\/\/www.instagram.com\/filplast\/\"]}]}<\/script>\n<!-- \/ Yoast SEO plugin. -->","yoast_head_json":{"title":"Markisen Palladio Filplast - F\u00fcr Generationen","robots":{"index":"index","follow":"follow","max-snippet":"max-snippet:-1","max-image-preview":"max-image-preview:large","max-video-preview":"max-video-preview:-1"},"canonical":"https:\/\/filplast.pl\/de\/produkt\/markisen-palladio\/","og_locale":"de_DE","og_type":"article","og_title":"Markisen Palladio Filplast - F\u00fcr Generationen","og_description":"Die Markise Palladio ist ein Produkt mit einem hervorragendem Preis-Leistungs-Verh\u00e4ltnis. Das Markisentuch wird in die Kassette eingerollt und der vordere Balken schlie\u00dft es zu. Somit wird das Material vor Witterung gesch\u00fctzt. F\u00fcr die Montage werden [&hellip;]","og_url":"https:\/\/filplast.pl\/de\/produkt\/markisen-palladio\/","og_site_name":"Filplast f\u00fcr Generationen","article_publisher":"https:\/\/www.facebook.com\/filplast.firma","article_modified_time":"2022-07-08T11:26:11+00:00","og_image":[{"width":500,"height":500,"url":"https:\/\/filplast.pl\/wp-content\/uploads\/2022\/05\/MARKIZY-Palladio.png","type":"image\/png"}],"twitter_card":"summary_large_image","schema":{"@context":"https:\/\/schema.org","@graph":[{"@type":"WebPage","@id":"https:\/\/filplast.pl\/de\/produkt\/markisen-palladio\/","url":"https:\/\/filplast.pl\/de\/produkt\/markisen-palladio\/","name":"Markisen Palladio Filplast - F\u00fcr Generationen","isPartOf":{"@id":"https:\/\/filplast.pl\/de\/#website"},"primaryImageOfPage":{"@id":"https:\/\/filplast.pl\/de\/produkt\/markisen-palladio\/#primaryimage"},"image":{"@id":"https:\/\/filplast.pl\/de\/produkt\/markisen-palladio\/#primaryimage"},"thumbnailUrl":"https:\/\/filplast.pl\/wp-content\/uploads\/2022\/05\/MARKIZY-Palladio.png","datePublished":"2022-07-08T11:19:23+00:00","dateModified":"2022-07-08T11:26:11+00:00","breadcrumb":{"@id":"https:\/\/filplast.pl\/de\/produkt\/markisen-palladio\/#breadcrumb"},"inLanguage":"de","potentialAction":[{"@type":"ReadAction","target":["https:\/\/filplast.pl\/de\/produkt\/markisen-palladio\/"]}]},{"@type":"ImageObject","inLanguage":"de","@id":"https:\/\/filplast.pl\/de\/produkt\/markisen-palladio\/#primaryimage","url":"https:\/\/filplast.pl\/wp-content\/uploads\/2022\/05\/MARKIZY-Palladio.png","contentUrl":"https:\/\/filplast.pl\/wp-content\/uploads\/2022\/05\/MARKIZY-Palladio.png","width":500,"height":500},{"@type":"BreadcrumbList","@id":"https:\/\/filplast.pl\/de\/produkt\/markisen-palladio\/#breadcrumb","itemListElement":[{"@type":"ListItem","position":1,"name":"Startseite","item":"https:\/\/filplast.pl\/de\/"},{"@type":"ListItem","position":2,"name":"Produkte","item":"https:\/\/filplast.pl\/de\/produkt\/"},{"@type":"ListItem","position":3,"name":"Markisen Palladio"}]},{"@type":"WebSite","@id":"https:\/\/filplast.pl\/de\/#website","url":"https:\/\/filplast.pl\/de\/","name":"Filplast f\u00fcr Generationen","description":"Gersteller gesunder Fenster","publisher":{"@id":"https:\/\/filplast.pl\/de\/#organization"},"potentialAction":[{"@type":"SearchAction","target":{"@type":"EntryPoint","urlTemplate":"https:\/\/filplast.pl\/de\/?s={search_term_string}"},"query-input":{"@type":"PropertyValueSpecification","valueRequired":true,"valueName":"search_term_string"}}],"inLanguage":"de"},{"@type":"Organization","@id":"https:\/\/filplast.pl\/de\/#organization","name":"Filplast f\u00fcr Generationen","url":"https:\/\/filplast.pl\/de\/","logo":{"@type":"ImageObject","inLanguage":"de","@id":"https:\/\/filplast.pl\/de\/#\/schema\/logo\/image\/","url":"https:\/\/filplast.pl\/wp-content\/uploads\/2023\/10\/favicon-filplast.png","contentUrl":"https:\/\/filplast.pl\/wp-content\/uploads\/2023\/10\/favicon-filplast.png","width":2134,"height":2134,"caption":"Filplast f\u00fcr Generationen"},"image":{"@id":"https:\/\/filplast.pl\/de\/#\/schema\/logo\/image\/"},"sameAs":["https:\/\/www.facebook.com\/filplast.firma","https:\/\/pl.pinterest.com\/filplast\/","https:\/\/www.youtube.com\/FILPLASTchannel","https:\/\/pl.linkedin.com\/company\/filplast-sp.-z-o.o.","https:\/\/www.instagram.com\/filplast\/"]}]}},"uagb_featured_image_src":{"full":["https:\/\/filplast.pl\/wp-content\/uploads\/2022\/05\/MARKIZY-Palladio.png",500,500,false],"thumbnail":["https:\/\/filplast.pl\/wp-content\/uploads\/2022\/05\/MARKIZY-Palladio-150x150.png",150,150,true],"medium":["https:\/\/filplast.pl\/wp-content\/uploads\/2022\/05\/MARKIZY-Palladio-300x300.png",300,300,true],"medium_large":["https:\/\/filplast.pl\/wp-content\/uploads\/2022\/05\/MARKIZY-Palladio.png",500,500,false],"large":["https:\/\/filplast.pl\/wp-content\/uploads\/2022\/05\/MARKIZY-Palladio.png",500,500,false],"1536x1536":["https:\/\/filplast.pl\/wp-content\/uploads\/2022\/05\/MARKIZY-Palladio.png",500,500,false],"2048x2048":["https:\/\/filplast.pl\/wp-content\/uploads\/2022\/05\/MARKIZY-Palladio.png",500,500,false],"depcore-widget-post-thumb":["https:\/\/filplast.pl\/wp-content\/uploads\/2022\/05\/MARKIZY-Palladio-65x65.png",65,65,true],"depcore-widget-post-medium":["https:\/\/filplast.pl\/wp-content\/uploads\/2022\/05\/MARKIZY-Palladio-280x150.png",280,150,true],"square":["https:\/\/filplast.pl\/wp-content\/uploads\/2022\/05\/MARKIZY-Palladio.png",500,500,false],"small-square":["https:\/\/filplast.pl\/wp-content\/uploads\/2022\/05\/MARKIZY-Palladio-250x250.png",250,250,true],"slider-image":["https:\/\/filplast.pl\/wp-content\/uploads\/2022\/05\/MARKIZY-Palladio.png",500,500,false],"":["https:\/\/filplast.pl\/wp-content\/uploads\/2022\/05\/MARKIZY-Palladio.png",250,250,false]},"uagb_author_info":{"display_name":"Agnieszka Losor","author_link":"https:\/\/filplast.pl\/de\/author\/"},"uagb_comment_info":0,"uagb_excerpt":"Die Markise Palladio ist ein Produkt mit einem hervorragendem Preis-Leistungs-Verh\u00e4ltnis. Das Markisentuch wird in die Kassette eingerollt und der vordere Balken schlie\u00dft es zu. Somit wird das Material vor Witterung gesch\u00fctzt. F\u00fcr die Montage werden [&hellip;]","_links":{"self":[{"href":"https:\/\/filplast.pl\/de\/wp-json\/wp\/v2\/product\/25365","targetHints":{"allow":["GET"]}}],"collection":[{"href":"https:\/\/filplast.pl\/de\/wp-json\/wp\/v2\/product"}],"about":[{"href":"https:\/\/filplast.pl\/de\/wp-json\/wp\/v2\/types\/product"}],"version-history":[{"count":5,"href":"https:\/\/filplast.pl\/de\/wp-json\/wp\/v2\/product\/25365\/revisions"}],"predecessor-version":[{"id":25370,"href":"https:\/\/filplast.pl\/de\/wp-json\/wp\/v2\/product\/25365\/revisions\/25370"}],"wp:featuredmedia":[{"embeddable":true,"href":"https:\/\/filplast.pl\/de\/wp-json\/wp\/v2\/media\/23976"}],"wp:attachment":[{"href":"https:\/\/filplast.pl\/de\/wp-json\/wp\/v2\/media?parent=25365"}],"curies":[{"name":"wp","href":"https:\/\/api.w.org\/{rel}","templated":true}]}}