{"id":25371,"date":"2022-07-08T13:27:38","date_gmt":"2022-07-08T11:27:38","guid":{"rendered":"https:\/\/filplast.pl\/produkt\/horizontal-beschattung-veranda\/"},"modified":"2024-03-12T16:10:48","modified_gmt":"2024-03-12T15:10:48","slug":"horizontal-beschattung-veranda","status":"publish","type":"product","link":"https:\/\/filplast.pl\/de\/produkt\/horizontal-beschattung-veranda\/","title":{"rendered":"Horizontal Beschattung Veranda"},"content":{"rendered":"<div id=\"modal-ready\">\n<p>Eine Veranda ist ein Sonnenschutzsystem f\u00fcr waagerechte Fenster und D\u00e4cher. Es kann sowohl von innen, wie auch von au\u00dfen montiert werden.<\/p>\n<\/div>","protected":false},"excerpt":{"rendered":"<p>Eine Veranda ist ein Sonnenschutzsystem f\u00fcr waagerechte Fenster und D\u00e4cher. Es kann sowohl von innen, wie auch von au\u00dfen montiert werden.<\/p>\n","protected":false},"featured_media":23966,"parent":0,"menu_order":70,"template":"","class_list":["post-25371","product","type-product","status-publish","has-post-thumbnail","hentry","product-category-pergola-textilscreens-markisen","product-line-goldenline-de"],"yoast_head":"<!-- This site is optimized with the Yoast SEO plugin v24.7 - https:\/\/yoast.com\/wordpress\/plugins\/seo\/ -->\n<title>Horizontal Beschattung Veranda Filplast - F\u00fcr Generationen<\/title>\n<meta name=\"robots\" content=\"index, follow, max-snippet:-1, max-image-preview:large, max-video-preview:-1\" \/>\n<link rel=\"canonical\" href=\"https:\/\/filplast.pl\/de\/produkt\/horizontal-beschattung-veranda\/\" \/>\n<meta property=\"og:locale\" content=\"de_DE\" \/>\n<meta property=\"og:type\" content=\"article\" \/>\n<meta property=\"og:title\" content=\"Horizontal Beschattung Veranda Filplast - F\u00fcr Generationen\" \/>\n<meta property=\"og:description\" content=\"Eine Veranda ist ein Sonnenschutzsystem f\u00fcr waagerechte Fenster und D\u00e4cher. Es kann sowohl von innen, wie auch von au\u00dfen montiert werden.\" \/>\n<meta property=\"og:url\" content=\"https:\/\/filplast.pl\/de\/produkt\/horizontal-beschattung-veranda\/\" \/>\n<meta property=\"og:site_name\" content=\"Filplast f\u00fcr Generationen\" \/>\n<meta property=\"article:publisher\" content=\"https:\/\/www.facebook.com\/filplast.firma\" \/>\n<meta property=\"article:modified_time\" content=\"2024-03-12T15:10:48+00:00\" \/>\n<meta property=\"og:image\" content=\"https:\/\/filplast.pl\/wp-content\/uploads\/2022\/05\/screen-Veranda.png\" \/>\n\t<meta property=\"og:image:width\" content=\"500\" \/>\n\t<meta property=\"og:image:height\" content=\"500\" \/>\n\t<meta property=\"og:image:type\" content=\"image\/png\" \/>\n<meta name=\"twitter:card\" content=\"summary_large_image\" \/>\n<script type=\"application\/ld+json\" class=\"yoast-schema-graph\">{\"@context\":\"https:\/\/schema.org\",\"@graph\":[{\"@type\":\"WebPage\",\"@id\":\"https:\/\/filplast.pl\/de\/produkt\/horizontal-beschattung-veranda\/\",\"url\":\"https:\/\/filplast.pl\/de\/produkt\/horizontal-beschattung-veranda\/\",\"name\":\"Horizontal Beschattung Veranda Filplast - F\u00fcr Generationen\",\"isPartOf\":{\"@id\":\"https:\/\/filplast.pl\/de\/#website\"},\"primaryImageOfPage\":{\"@id\":\"https:\/\/filplast.pl\/de\/produkt\/horizontal-beschattung-veranda\/#primaryimage\"},\"image\":{\"@id\":\"https:\/\/filplast.pl\/de\/produkt\/horizontal-beschattung-veranda\/#primaryimage\"},\"thumbnailUrl\":\"https:\/\/filplast.pl\/wp-content\/uploads\/2022\/05\/screen-Veranda.png\",\"datePublished\":\"2022-07-08T11:27:38+00:00\",\"dateModified\":\"2024-03-12T15:10:48+00:00\",\"breadcrumb\":{\"@id\":\"https:\/\/filplast.pl\/de\/produkt\/horizontal-beschattung-veranda\/#breadcrumb\"},\"inLanguage\":\"de\",\"potentialAction\":[{\"@type\":\"ReadAction\",\"target\":[\"https:\/\/filplast.pl\/de\/produkt\/horizontal-beschattung-veranda\/\"]}]},{\"@type\":\"ImageObject\",\"inLanguage\":\"de\",\"@id\":\"https:\/\/filplast.pl\/de\/produkt\/horizontal-beschattung-veranda\/#primaryimage\",\"url\":\"https:\/\/filplast.pl\/wp-content\/uploads\/2022\/05\/screen-Veranda.png\",\"contentUrl\":\"https:\/\/filplast.pl\/wp-content\/uploads\/2022\/05\/screen-Veranda.png\",\"width\":500,\"height\":500},{\"@type\":\"BreadcrumbList\",\"@id\":\"https:\/\/filplast.pl\/de\/produkt\/horizontal-beschattung-veranda\/#breadcrumb\",\"itemListElement\":[{\"@type\":\"ListItem\",\"position\":1,\"name\":\"Startseite\",\"item\":\"https:\/\/filplast.pl\/de\/\"},{\"@type\":\"ListItem\",\"position\":2,\"name\":\"Produkte\",\"item\":\"https:\/\/filplast.pl\/de\/produkt\/\"},{\"@type\":\"ListItem\",\"position\":3,\"name\":\"Horizontal Beschattung Veranda\"}]},{\"@type\":\"WebSite\",\"@id\":\"https:\/\/filplast.pl\/de\/#website\",\"url\":\"https:\/\/filplast.pl\/de\/\",\"name\":\"Filplast f\u00fcr Generationen\",\"description\":\"Gersteller gesunder Fenster\",\"publisher\":{\"@id\":\"https:\/\/filplast.pl\/de\/#organization\"},\"potentialAction\":[{\"@type\":\"SearchAction\",\"target\":{\"@type\":\"EntryPoint\",\"urlTemplate\":\"https:\/\/filplast.pl\/de\/?s={search_term_string}\"},\"query-input\":{\"@type\":\"PropertyValueSpecification\",\"valueRequired\":true,\"valueName\":\"search_term_string\"}}],\"inLanguage\":\"de\"},{\"@type\":\"Organization\",\"@id\":\"https:\/\/filplast.pl\/de\/#organization\",\"name\":\"Filplast f\u00fcr Generationen\",\"url\":\"https:\/\/filplast.pl\/de\/\",\"logo\":{\"@type\":\"ImageObject\",\"inLanguage\":\"de\",\"@id\":\"https:\/\/filplast.pl\/de\/#\/schema\/logo\/image\/\",\"url\":\"https:\/\/filplast.pl\/wp-content\/uploads\/2023\/10\/favicon-filplast.png\",\"contentUrl\":\"https:\/\/filplast.pl\/wp-content\/uploads\/2023\/10\/favicon-filplast.png\",\"width\":2134,\"height\":2134,\"caption\":\"Filplast f\u00fcr Generationen\"},\"image\":{\"@id\":\"https:\/\/filplast.pl\/de\/#\/schema\/logo\/image\/\"},\"sameAs\":[\"https:\/\/www.facebook.com\/filplast.firma\",\"https:\/\/pl.pinterest.com\/filplast\/\",\"https:\/\/www.youtube.com\/FILPLASTchannel\",\"https:\/\/pl.linkedin.com\/company\/filplast-sp.-z-o.o.\",\"https:\/\/www.instagram.com\/filplast\/\"]}]}<\/script>\n<!-- \/ Yoast SEO plugin. -->","yoast_head_json":{"title":"Horizontal Beschattung Veranda Filplast - F\u00fcr Generationen","robots":{"index":"index","follow":"follow","max-snippet":"max-snippet:-1","max-image-preview":"max-image-preview:large","max-video-preview":"max-video-preview:-1"},"canonical":"https:\/\/filplast.pl\/de\/produkt\/horizontal-beschattung-veranda\/","og_locale":"de_DE","og_type":"article","og_title":"Horizontal Beschattung Veranda Filplast - F\u00fcr Generationen","og_description":"Eine Veranda ist ein Sonnenschutzsystem f\u00fcr waagerechte Fenster und D\u00e4cher. Es kann sowohl von innen, wie auch von au\u00dfen montiert werden.","og_url":"https:\/\/filplast.pl\/de\/produkt\/horizontal-beschattung-veranda\/","og_site_name":"Filplast f\u00fcr Generationen","article_publisher":"https:\/\/www.facebook.com\/filplast.firma","article_modified_time":"2024-03-12T15:10:48+00:00","og_image":[{"width":500,"height":500,"url":"https:\/\/filplast.pl\/wp-content\/uploads\/2022\/05\/screen-Veranda.png","type":"image\/png"}],"twitter_card":"summary_large_image","schema":{"@context":"https:\/\/schema.org","@graph":[{"@type":"WebPage","@id":"https:\/\/filplast.pl\/de\/produkt\/horizontal-beschattung-veranda\/","url":"https:\/\/filplast.pl\/de\/produkt\/horizontal-beschattung-veranda\/","name":"Horizontal Beschattung Veranda Filplast - F\u00fcr Generationen","isPartOf":{"@id":"https:\/\/filplast.pl\/de\/#website"},"primaryImageOfPage":{"@id":"https:\/\/filplast.pl\/de\/produkt\/horizontal-beschattung-veranda\/#primaryimage"},"image":{"@id":"https:\/\/filplast.pl\/de\/produkt\/horizontal-beschattung-veranda\/#primaryimage"},"thumbnailUrl":"https:\/\/filplast.pl\/wp-content\/uploads\/2022\/05\/screen-Veranda.png","datePublished":"2022-07-08T11:27:38+00:00","dateModified":"2024-03-12T15:10:48+00:00","breadcrumb":{"@id":"https:\/\/filplast.pl\/de\/produkt\/horizontal-beschattung-veranda\/#breadcrumb"},"inLanguage":"de","potentialAction":[{"@type":"ReadAction","target":["https:\/\/filplast.pl\/de\/produkt\/horizontal-beschattung-veranda\/"]}]},{"@type":"ImageObject","inLanguage":"de","@id":"https:\/\/filplast.pl\/de\/produkt\/horizontal-beschattung-veranda\/#primaryimage","url":"https:\/\/filplast.pl\/wp-content\/uploads\/2022\/05\/screen-Veranda.png","contentUrl":"https:\/\/filplast.pl\/wp-content\/uploads\/2022\/05\/screen-Veranda.png","width":500,"height":500},{"@type":"BreadcrumbList","@id":"https:\/\/filplast.pl\/de\/produkt\/horizontal-beschattung-veranda\/#breadcrumb","itemListElement":[{"@type":"ListItem","position":1,"name":"Startseite","item":"https:\/\/filplast.pl\/de\/"},{"@type":"ListItem","position":2,"name":"Produkte","item":"https:\/\/filplast.pl\/de\/produkt\/"},{"@type":"ListItem","position":3,"name":"Horizontal Beschattung Veranda"}]},{"@type":"WebSite","@id":"https:\/\/filplast.pl\/de\/#website","url":"https:\/\/filplast.pl\/de\/","name":"Filplast f\u00fcr Generationen","description":"Gersteller gesunder Fenster","publisher":{"@id":"https:\/\/filplast.pl\/de\/#organization"},"potentialAction":[{"@type":"SearchAction","target":{"@type":"EntryPoint","urlTemplate":"https:\/\/filplast.pl\/de\/?s={search_term_string}"},"query-input":{"@type":"PropertyValueSpecification","valueRequired":true,"valueName":"search_term_string"}}],"inLanguage":"de"},{"@type":"Organization","@id":"https:\/\/filplast.pl\/de\/#organization","name":"Filplast f\u00fcr Generationen","url":"https:\/\/filplast.pl\/de\/","logo":{"@type":"ImageObject","inLanguage":"de","@id":"https:\/\/filplast.pl\/de\/#\/schema\/logo\/image\/","url":"https:\/\/filplast.pl\/wp-content\/uploads\/2023\/10\/favicon-filplast.png","contentUrl":"https:\/\/filplast.pl\/wp-content\/uploads\/2023\/10\/favicon-filplast.png","width":2134,"height":2134,"caption":"Filplast f\u00fcr Generationen"},"image":{"@id":"https:\/\/filplast.pl\/de\/#\/schema\/logo\/image\/"},"sameAs":["https:\/\/www.facebook.com\/filplast.firma","https:\/\/pl.pinterest.com\/filplast\/","https:\/\/www.youtube.com\/FILPLASTchannel","https:\/\/pl.linkedin.com\/company\/filplast-sp.-z-o.o.","https:\/\/www.instagram.com\/filplast\/"]}]}},"uagb_featured_image_src":{"full":["https:\/\/filplast.pl\/wp-content\/uploads\/2022\/05\/screen-Veranda.png",500,500,false],"thumbnail":["https:\/\/filplast.pl\/wp-content\/uploads\/2022\/05\/screen-Veranda-150x150.png",150,150,true],"medium":["https:\/\/filplast.pl\/wp-content\/uploads\/2022\/05\/screen-Veranda-300x300.png",300,300,true],"medium_large":["https:\/\/filplast.pl\/wp-content\/uploads\/2022\/05\/screen-Veranda.png",500,500,false],"large":["https:\/\/filplast.pl\/wp-content\/uploads\/2022\/05\/screen-Veranda.png",500,500,false],"1536x1536":["https:\/\/filplast.pl\/wp-content\/uploads\/2022\/05\/screen-Veranda.png",500,500,false],"2048x2048":["https:\/\/filplast.pl\/wp-content\/uploads\/2022\/05\/screen-Veranda.png",500,500,false],"depcore-widget-post-thumb":["https:\/\/filplast.pl\/wp-content\/uploads\/2022\/05\/screen-Veranda-65x65.png",65,65,true],"depcore-widget-post-medium":["https:\/\/filplast.pl\/wp-content\/uploads\/2022\/05\/screen-Veranda-280x150.png",280,150,true],"square":["https:\/\/filplast.pl\/wp-content\/uploads\/2022\/05\/screen-Veranda.png",500,500,false],"small-square":["https:\/\/filplast.pl\/wp-content\/uploads\/2022\/05\/screen-Veranda-250x250.png",250,250,true],"slider-image":["https:\/\/filplast.pl\/wp-content\/uploads\/2022\/05\/screen-Veranda.png",500,500,false],"":["https:\/\/filplast.pl\/wp-content\/uploads\/2022\/05\/screen-Veranda.png",250,250,false]},"uagb_author_info":{"display_name":"Agnieszka Losor","author_link":"https:\/\/filplast.pl\/de\/author\/"},"uagb_comment_info":0,"uagb_excerpt":"Eine Veranda ist ein Sonnenschutzsystem f\u00fcr waagerechte Fenster und D\u00e4cher. Es kann sowohl von innen, wie auch von au\u00dfen montiert werden.","_links":{"self":[{"href":"https:\/\/filplast.pl\/de\/wp-json\/wp\/v2\/product\/25371","targetHints":{"allow":["GET"]}}],"collection":[{"href":"https:\/\/filplast.pl\/de\/wp-json\/wp\/v2\/product"}],"about":[{"href":"https:\/\/filplast.pl\/de\/wp-json\/wp\/v2\/types\/product"}],"version-history":[{"count":2,"href":"https:\/\/filplast.pl\/de\/wp-json\/wp\/v2\/product\/25371\/revisions"}],"predecessor-version":[{"id":46163,"href":"https:\/\/filplast.pl\/de\/wp-json\/wp\/v2\/product\/25371\/revisions\/46163"}],"wp:featuredmedia":[{"embeddable":true,"href":"https:\/\/filplast.pl\/de\/wp-json\/wp\/v2\/media\/23966"}],"wp:attachment":[{"href":"https:\/\/filplast.pl\/de\/wp-json\/wp\/v2\/media?parent=25371"}],"curies":[{"name":"wp","href":"https:\/\/api.w.org\/{rel}","templated":true}]}}