{"id":40068,"date":"2023-09-27T09:48:05","date_gmt":"2023-09-27T07:48:05","guid":{"rendered":"https:\/\/filplast.pl\/produkt\/climastar-82\/"},"modified":"2025-07-28T16:02:17","modified_gmt":"2025-07-28T14:02:17","slug":"climastar-82-de","status":"publish","type":"product","link":"https:\/\/filplast.pl\/de\/produkt\/climastar-82-de\/","title":{"rendered":"ClimaStar 82"},"content":{"rendered":"<div id=\"modal-ready\"><p>ClimaStar 82 sind Fenster mit den h\u00f6chsten Parametern der W\u00e4rme- und Schalld\u00e4mmung. Sie eignen sich nicht nur f\u00fcr ein energieeffizientes Haus, sondern auch f\u00fcr ein Passivhaus. Dieses Fenster zeichnet sich auch durch seine innovative schmale Dichtung V aus.<\/p>\n\n\n<div style=\"height:10px\" aria-hidden=\"true\" class=\"wp-block-spacer\"><\/div>\n\n\n\n<p><strong><a href=\"https:\/\/filplast.pl\/katalogi\/kolory-veka-de\/#book\/\" target=\"_blank\" rel=\"noreferrer noopener\"><a href=\"https:\/\/filplast.pl\/katalogi\/kolory-veka-de\/#book\/\" target=\"_blank\" rel=\"noreferrer noopener\"><strong>Verf\u00fcgbare folierungen<\/strong><\/a> \u279c<\/a><\/strong><\/p>\n\n\n\n<div class=\"wp-block-buttons is-layout-flex wp-block-buttons-is-layout-flex\">\n<div class=\"wp-block-button\"><a class=\"wp-block-button__link has-background wp-element-button\" href=\"https:\/\/filplast.pl\/wp-content\/uploads\/2023\/09\/climastar_82_DE.pdf\" style=\"background-color:#00387b\" target=\"_blank\" rel=\"noreferrer noopener\">Produktkarte<\/a><\/div>\n<\/div>\n\n\n\n<p><\/p>\n<\/div>","protected":false},"excerpt":{"rendered":"<p>ClimaStar 82 sind Fenster mit den h\u00f6chsten Parametern der W\u00e4rme- und Schalld\u00e4mmung. Sie eignen sich nicht nur f\u00fcr ein energieeffizientes Haus, sondern auch f\u00fcr ein Passivhaus. Sie zeichnen sich durch eine perfekte Schwei\u00dfnaht V und eine innovative Art der Verbindung der Verglasungspakete mit den Fl\u00fcgelprofilen aus. Dank der Technologie der umlaufenden Verglasung sind diese Fenster widerstandsf\u00e4higer gegen Einbruchsversuche, weniger anf\u00e4llig f\u00fcr Verformungen und erm\u00f6glichen eine gr\u00f6\u00dfere Verglasung.<\/p>\n","protected":false},"featured_media":24815,"parent":0,"menu_order":381,"template":"","class_list":["post-40068","product","type-product","status-publish","has-post-thumbnail","hentry","product-category-fenster","product-category-pvc-de","product-line-goldenline-de"],"yoast_head":"<!-- This site is optimized with the Yoast SEO plugin v24.7 - https:\/\/yoast.com\/wordpress\/plugins\/seo\/ -->\n<title>PVC Fenster ClimaStar 82 - Filplast f\u00fcr Generationen<\/title>\n<meta name=\"robots\" content=\"index, follow, max-snippet:-1, max-image-preview:large, max-video-preview:-1\" \/>\n<link rel=\"canonical\" href=\"https:\/\/filplast.pl\/de\/produkt\/climastar-82-de\/\" \/>\n<meta property=\"og:locale\" content=\"de_DE\" \/>\n<meta property=\"og:type\" content=\"article\" \/>\n<meta property=\"og:title\" content=\"PVC Fenster ClimaStar 82 - Filplast f\u00fcr Generationen\" \/>\n<meta property=\"og:description\" content=\"ClimaStar 82 sind Fenster mit den h\u00f6chsten Parametern der W\u00e4rme- und Schalld\u00e4mmung. Sie eignen sich nicht nur f\u00fcr ein energieeffizientes Haus, sondern auch f\u00fcr ein Passivhaus. Sie zeichnen sich durch eine perfekte Schwei\u00dfnaht V und eine innovative Art der Verbindung der Verglasungspakete mit den Fl\u00fcgelprofilen aus. Dank der Technologie der umlaufenden Verglasung sind diese Fenster widerstandsf\u00e4higer gegen Einbruchsversuche, weniger anf\u00e4llig f\u00fcr Verformungen und erm\u00f6glichen eine gr\u00f6\u00dfere Verglasung.\" \/>\n<meta property=\"og:url\" content=\"https:\/\/filplast.pl\/de\/produkt\/climastar-82-de\/\" \/>\n<meta property=\"og:site_name\" content=\"Filplast f\u00fcr Generationen\" \/>\n<meta property=\"article:publisher\" content=\"https:\/\/www.facebook.com\/filplast.firma\" \/>\n<meta property=\"article:modified_time\" content=\"2025-07-28T14:02:17+00:00\" \/>\n<meta property=\"og:image\" content=\"https:\/\/filplast.pl\/wp-content\/uploads\/2020\/12\/CS_82_PRIME.png\" \/>\n\t<meta property=\"og:image:width\" content=\"2000\" \/>\n\t<meta property=\"og:image:height\" content=\"2000\" \/>\n\t<meta property=\"og:image:type\" content=\"image\/png\" \/>\n<meta name=\"twitter:card\" content=\"summary_large_image\" \/>\n<meta name=\"twitter:label1\" content=\"Gesch\u00e4tzte Lesezeit\" \/>\n\t<meta name=\"twitter:data1\" content=\"1\u00a0Minute\" \/>\n<script type=\"application\/ld+json\" class=\"yoast-schema-graph\">{\"@context\":\"https:\/\/schema.org\",\"@graph\":[{\"@type\":\"WebPage\",\"@id\":\"https:\/\/filplast.pl\/de\/produkt\/climastar-82-de\/\",\"url\":\"https:\/\/filplast.pl\/de\/produkt\/climastar-82-de\/\",\"name\":\"PVC Fenster ClimaStar 82 - Filplast f\u00fcr Generationen\",\"isPartOf\":{\"@id\":\"https:\/\/filplast.pl\/de\/#website\"},\"primaryImageOfPage\":{\"@id\":\"https:\/\/filplast.pl\/de\/produkt\/climastar-82-de\/#primaryimage\"},\"image\":{\"@id\":\"https:\/\/filplast.pl\/de\/produkt\/climastar-82-de\/#primaryimage\"},\"thumbnailUrl\":\"https:\/\/filplast.pl\/wp-content\/uploads\/2020\/12\/CS_82_PRIME.png\",\"datePublished\":\"2023-09-27T07:48:05+00:00\",\"dateModified\":\"2025-07-28T14:02:17+00:00\",\"breadcrumb\":{\"@id\":\"https:\/\/filplast.pl\/de\/produkt\/climastar-82-de\/#breadcrumb\"},\"inLanguage\":\"de\",\"potentialAction\":[{\"@type\":\"ReadAction\",\"target\":[\"https:\/\/filplast.pl\/de\/produkt\/climastar-82-de\/\"]}]},{\"@type\":\"ImageObject\",\"inLanguage\":\"de\",\"@id\":\"https:\/\/filplast.pl\/de\/produkt\/climastar-82-de\/#primaryimage\",\"url\":\"https:\/\/filplast.pl\/wp-content\/uploads\/2020\/12\/CS_82_PRIME.png\",\"contentUrl\":\"https:\/\/filplast.pl\/wp-content\/uploads\/2020\/12\/CS_82_PRIME.png\",\"width\":2000,\"height\":2000},{\"@type\":\"BreadcrumbList\",\"@id\":\"https:\/\/filplast.pl\/de\/produkt\/climastar-82-de\/#breadcrumb\",\"itemListElement\":[{\"@type\":\"ListItem\",\"position\":1,\"name\":\"Startseite\",\"item\":\"https:\/\/filplast.pl\/de\/\"},{\"@type\":\"ListItem\",\"position\":2,\"name\":\"Produkte\",\"item\":\"https:\/\/filplast.pl\/de\/produkt\/\"},{\"@type\":\"ListItem\",\"position\":3,\"name\":\"ClimaStar 82\"}]},{\"@type\":\"WebSite\",\"@id\":\"https:\/\/filplast.pl\/de\/#website\",\"url\":\"https:\/\/filplast.pl\/de\/\",\"name\":\"Filplast f\u00fcr Generationen\",\"description\":\"Gersteller gesunder Fenster\",\"publisher\":{\"@id\":\"https:\/\/filplast.pl\/de\/#organization\"},\"potentialAction\":[{\"@type\":\"SearchAction\",\"target\":{\"@type\":\"EntryPoint\",\"urlTemplate\":\"https:\/\/filplast.pl\/de\/?s={search_term_string}\"},\"query-input\":{\"@type\":\"PropertyValueSpecification\",\"valueRequired\":true,\"valueName\":\"search_term_string\"}}],\"inLanguage\":\"de\"},{\"@type\":\"Organization\",\"@id\":\"https:\/\/filplast.pl\/de\/#organization\",\"name\":\"Filplast f\u00fcr Generationen\",\"url\":\"https:\/\/filplast.pl\/de\/\",\"logo\":{\"@type\":\"ImageObject\",\"inLanguage\":\"de\",\"@id\":\"https:\/\/filplast.pl\/de\/#\/schema\/logo\/image\/\",\"url\":\"https:\/\/filplast.pl\/wp-content\/uploads\/2023\/10\/favicon-filplast.png\",\"contentUrl\":\"https:\/\/filplast.pl\/wp-content\/uploads\/2023\/10\/favicon-filplast.png\",\"width\":2134,\"height\":2134,\"caption\":\"Filplast f\u00fcr Generationen\"},\"image\":{\"@id\":\"https:\/\/filplast.pl\/de\/#\/schema\/logo\/image\/\"},\"sameAs\":[\"https:\/\/www.facebook.com\/filplast.firma\",\"https:\/\/pl.pinterest.com\/filplast\/\",\"https:\/\/www.youtube.com\/FILPLASTchannel\",\"https:\/\/pl.linkedin.com\/company\/filplast-sp.-z-o.o.\",\"https:\/\/www.instagram.com\/filplast\/\"]}]}<\/script>\n<!-- \/ Yoast SEO plugin. -->","yoast_head_json":{"title":"PVC Fenster ClimaStar 82 - Filplast f\u00fcr Generationen","robots":{"index":"index","follow":"follow","max-snippet":"max-snippet:-1","max-image-preview":"max-image-preview:large","max-video-preview":"max-video-preview:-1"},"canonical":"https:\/\/filplast.pl\/de\/produkt\/climastar-82-de\/","og_locale":"de_DE","og_type":"article","og_title":"PVC Fenster ClimaStar 82 - Filplast f\u00fcr Generationen","og_description":"ClimaStar 82 sind Fenster mit den h\u00f6chsten Parametern der W\u00e4rme- und Schalld\u00e4mmung. Sie eignen sich nicht nur f\u00fcr ein energieeffizientes Haus, sondern auch f\u00fcr ein Passivhaus. Sie zeichnen sich durch eine perfekte Schwei\u00dfnaht V und eine innovative Art der Verbindung der Verglasungspakete mit den Fl\u00fcgelprofilen aus. Dank der Technologie der umlaufenden Verglasung sind diese Fenster widerstandsf\u00e4higer gegen Einbruchsversuche, weniger anf\u00e4llig f\u00fcr Verformungen und erm\u00f6glichen eine gr\u00f6\u00dfere Verglasung.","og_url":"https:\/\/filplast.pl\/de\/produkt\/climastar-82-de\/","og_site_name":"Filplast f\u00fcr Generationen","article_publisher":"https:\/\/www.facebook.com\/filplast.firma","article_modified_time":"2025-07-28T14:02:17+00:00","og_image":[{"width":2000,"height":2000,"url":"https:\/\/filplast.pl\/wp-content\/uploads\/2020\/12\/CS_82_PRIME.png","type":"image\/png"}],"twitter_card":"summary_large_image","twitter_misc":{"Gesch\u00e4tzte Lesezeit":"1\u00a0Minute"},"schema":{"@context":"https:\/\/schema.org","@graph":[{"@type":"WebPage","@id":"https:\/\/filplast.pl\/de\/produkt\/climastar-82-de\/","url":"https:\/\/filplast.pl\/de\/produkt\/climastar-82-de\/","name":"PVC Fenster ClimaStar 82 - Filplast f\u00fcr Generationen","isPartOf":{"@id":"https:\/\/filplast.pl\/de\/#website"},"primaryImageOfPage":{"@id":"https:\/\/filplast.pl\/de\/produkt\/climastar-82-de\/#primaryimage"},"image":{"@id":"https:\/\/filplast.pl\/de\/produkt\/climastar-82-de\/#primaryimage"},"thumbnailUrl":"https:\/\/filplast.pl\/wp-content\/uploads\/2020\/12\/CS_82_PRIME.png","datePublished":"2023-09-27T07:48:05+00:00","dateModified":"2025-07-28T14:02:17+00:00","breadcrumb":{"@id":"https:\/\/filplast.pl\/de\/produkt\/climastar-82-de\/#breadcrumb"},"inLanguage":"de","potentialAction":[{"@type":"ReadAction","target":["https:\/\/filplast.pl\/de\/produkt\/climastar-82-de\/"]}]},{"@type":"ImageObject","inLanguage":"de","@id":"https:\/\/filplast.pl\/de\/produkt\/climastar-82-de\/#primaryimage","url":"https:\/\/filplast.pl\/wp-content\/uploads\/2020\/12\/CS_82_PRIME.png","contentUrl":"https:\/\/filplast.pl\/wp-content\/uploads\/2020\/12\/CS_82_PRIME.png","width":2000,"height":2000},{"@type":"BreadcrumbList","@id":"https:\/\/filplast.pl\/de\/produkt\/climastar-82-de\/#breadcrumb","itemListElement":[{"@type":"ListItem","position":1,"name":"Startseite","item":"https:\/\/filplast.pl\/de\/"},{"@type":"ListItem","position":2,"name":"Produkte","item":"https:\/\/filplast.pl\/de\/produkt\/"},{"@type":"ListItem","position":3,"name":"ClimaStar 82"}]},{"@type":"WebSite","@id":"https:\/\/filplast.pl\/de\/#website","url":"https:\/\/filplast.pl\/de\/","name":"Filplast f\u00fcr Generationen","description":"Gersteller gesunder Fenster","publisher":{"@id":"https:\/\/filplast.pl\/de\/#organization"},"potentialAction":[{"@type":"SearchAction","target":{"@type":"EntryPoint","urlTemplate":"https:\/\/filplast.pl\/de\/?s={search_term_string}"},"query-input":{"@type":"PropertyValueSpecification","valueRequired":true,"valueName":"search_term_string"}}],"inLanguage":"de"},{"@type":"Organization","@id":"https:\/\/filplast.pl\/de\/#organization","name":"Filplast f\u00fcr Generationen","url":"https:\/\/filplast.pl\/de\/","logo":{"@type":"ImageObject","inLanguage":"de","@id":"https:\/\/filplast.pl\/de\/#\/schema\/logo\/image\/","url":"https:\/\/filplast.pl\/wp-content\/uploads\/2023\/10\/favicon-filplast.png","contentUrl":"https:\/\/filplast.pl\/wp-content\/uploads\/2023\/10\/favicon-filplast.png","width":2134,"height":2134,"caption":"Filplast f\u00fcr Generationen"},"image":{"@id":"https:\/\/filplast.pl\/de\/#\/schema\/logo\/image\/"},"sameAs":["https:\/\/www.facebook.com\/filplast.firma","https:\/\/pl.pinterest.com\/filplast\/","https:\/\/www.youtube.com\/FILPLASTchannel","https:\/\/pl.linkedin.com\/company\/filplast-sp.-z-o.o.","https:\/\/www.instagram.com\/filplast\/"]}]}},"uagb_featured_image_src":{"full":["https:\/\/filplast.pl\/wp-content\/uploads\/2020\/12\/CS_82_PRIME.png",2000,2000,false],"thumbnail":["https:\/\/filplast.pl\/wp-content\/uploads\/2020\/12\/CS_82_PRIME-150x150.png",150,150,true],"medium":["https:\/\/filplast.pl\/wp-content\/uploads\/2020\/12\/CS_82_PRIME-300x300.png",300,300,true],"medium_large":["https:\/\/filplast.pl\/wp-content\/uploads\/2020\/12\/CS_82_PRIME-768x768.png",768,768,true],"large":["https:\/\/filplast.pl\/wp-content\/uploads\/2020\/12\/CS_82_PRIME-1024x1024.png",1024,1024,true],"1536x1536":["https:\/\/filplast.pl\/wp-content\/uploads\/2020\/12\/CS_82_PRIME-1536x1536.png",1536,1536,true],"2048x2048":["https:\/\/filplast.pl\/wp-content\/uploads\/2020\/12\/CS_82_PRIME.png",2000,2000,false],"depcore-widget-post-thumb":["https:\/\/filplast.pl\/wp-content\/uploads\/2020\/12\/CS_82_PRIME-65x65.png",65,65,true],"depcore-widget-post-medium":["https:\/\/filplast.pl\/wp-content\/uploads\/2020\/12\/CS_82_PRIME-280x150.png",280,150,true],"square":["https:\/\/filplast.pl\/wp-content\/uploads\/2020\/12\/CS_82_PRIME-500x500.png",500,500,true],"small-square":["https:\/\/filplast.pl\/wp-content\/uploads\/2020\/12\/CS_82_PRIME-250x250.png",250,250,true],"slider-image":["https:\/\/filplast.pl\/wp-content\/uploads\/2020\/12\/CS_82_PRIME-1080x500.png",1080,500,true],"":["https:\/\/filplast.pl\/wp-content\/uploads\/2020\/12\/CS_82_PRIME.png",250,250,false]},"uagb_author_info":{"display_name":"Micha\u0142 Mrukot","author_link":"https:\/\/filplast.pl\/de\/author\/"},"uagb_comment_info":0,"uagb_excerpt":"ClimaStar 82 sind Fenster mit den h\u00f6chsten Parametern der W\u00e4rme- und Schalld\u00e4mmung. Sie eignen sich nicht nur f\u00fcr ein energieeffizientes Haus, sondern auch f\u00fcr ein Passivhaus. Sie zeichnen sich durch eine perfekte Schwei\u00dfnaht V und eine innovative Art der Verbindung der Verglasungspakete mit den Fl\u00fcgelprofilen aus. Dank der Technologie der umlaufenden Verglasung sind diese Fenster&hellip;","_links":{"self":[{"href":"https:\/\/filplast.pl\/de\/wp-json\/wp\/v2\/product\/40068","targetHints":{"allow":["GET"]}}],"collection":[{"href":"https:\/\/filplast.pl\/de\/wp-json\/wp\/v2\/product"}],"about":[{"href":"https:\/\/filplast.pl\/de\/wp-json\/wp\/v2\/types\/product"}],"version-history":[{"count":7,"href":"https:\/\/filplast.pl\/de\/wp-json\/wp\/v2\/product\/40068\/revisions"}],"predecessor-version":[{"id":63448,"href":"https:\/\/filplast.pl\/de\/wp-json\/wp\/v2\/product\/40068\/revisions\/63448"}],"wp:featuredmedia":[{"embeddable":true,"href":"https:\/\/filplast.pl\/de\/wp-json\/wp\/v2\/media\/24815"}],"wp:attachment":[{"href":"https:\/\/filplast.pl\/de\/wp-json\/wp\/v2\/media?parent=40068"}],"curies":[{"name":"wp","href":"https:\/\/api.w.org\/{rel}","templated":true}]}}