{"id":45639,"date":"2024-03-04T15:07:00","date_gmt":"2024-03-04T14:07:00","guid":{"rendered":"https:\/\/filplast.pl\/produkt\/justslide-alu-2\/"},"modified":"2024-03-26T15:04:29","modified_gmt":"2024-03-26T14:04:29","slug":"justslide-alu","status":"publish","type":"product","link":"https:\/\/filplast.pl\/de\/produkt\/justslide-alu\/","title":{"rendered":"JustSlide Alu"},"content":{"rendered":"<div id=\"modal-ready\"><p>Ein Schiebet\u00fcrsystem, das die Herstellung von sehr gro\u00dfen Fl\u00fcgeln mit einem Gewicht von bis<br \/>zu 400 kg erm\u00f6glicht. Bei den Pr\u00fcfungen (Institut f\u00fcr Bauforschung) erreicht das System die<br \/>h\u00f6chsten Werte im Bereich der Luftdurchl\u00e4ssigkeit Klasse 4, Schlagregendichtheit &#8211; 1050 Pa und<br \/>Windlastwiderstand\u2013 Klasse. C2\/B3.<\/p>\n\n\n<div class=\"wp-block-buttons is-layout-flex wp-block-buttons-is-layout-flex\">\n<div class=\"wp-block-button is-style-fill\"><a class=\"wp-block-button__link has-background wp-element-button\" href=\"https:\/\/filplast.pl\/wp-content\/uploads\/2024\/03\/JustSlide-Alu-Produktkarte.pdf\" style=\"background-color:#01387b\" target=\"_blank\" rel=\"noreferrer noopener\"><strong>Produktkarte<\/strong><\/a><\/div>\n<\/div>\n<\/div>","protected":false},"excerpt":{"rendered":"<p>Ein Schiebet\u00fcrsystem, das die Herstellung von sehr gro\u00dfen Fl\u00fcgeln mit einem Gewicht von biszu 400 kg erm\u00f6glicht. Bei den Pr\u00fcfungen (Institut f\u00fcr Bauforschung) erreicht das System dieh\u00f6chsten Werte im Bereich der Luftdurchl\u00e4ssigkeit Klasse 4, Schlagregendichtheit [&hellip;]<\/p>\n","protected":false},"featured_media":43932,"parent":0,"menu_order":313,"template":"","class_list":["post-45639","product","type-product","status-publish","has-post-thumbnail","hentry","product-category-turen","product-category-terrassenturen","product-category-justslide","product-line-goldenline-de"],"yoast_head":"<!-- This site is optimized with the Yoast SEO plugin v24.7 - https:\/\/yoast.com\/wordpress\/plugins\/seo\/ -->\n<title>Terrassent\u00fcren<\/title>\n<meta name=\"description\" content=\"Terrassent\u00fcren Schema A (Konstruktion mit einem beweglichen Fl\u00fcgel und einem Festfeld) m\u00f6glich und Schema C (Konstruktion mit zwei beweglichen Fl\u00fcgel und einem Festfeld) m\u00f6glich\" \/>\n<meta name=\"robots\" content=\"index, follow, max-snippet:-1, max-image-preview:large, max-video-preview:-1\" \/>\n<link rel=\"canonical\" href=\"https:\/\/filplast.pl\/de\/produkt\/justslide-alu\/\" \/>\n<meta property=\"og:locale\" content=\"de_DE\" \/>\n<meta property=\"og:type\" content=\"article\" \/>\n<meta property=\"og:title\" content=\"Terrassent\u00fcren\" \/>\n<meta property=\"og:description\" content=\"Terrassent\u00fcren Schema A (Konstruktion mit einem beweglichen Fl\u00fcgel und einem Festfeld) m\u00f6glich und Schema C (Konstruktion mit zwei beweglichen Fl\u00fcgel und einem Festfeld) m\u00f6glich\" \/>\n<meta property=\"og:url\" content=\"https:\/\/filplast.pl\/de\/produkt\/justslide-alu\/\" \/>\n<meta property=\"og:site_name\" content=\"Filplast f\u00fcr Generationen\" \/>\n<meta property=\"article:publisher\" content=\"https:\/\/www.facebook.com\/filplast.firma\" \/>\n<meta property=\"article:modified_time\" content=\"2024-03-26T14:04:29+00:00\" \/>\n<meta property=\"og:image\" content=\"https:\/\/filplast.pl\/wp-content\/uploads\/2024\/01\/JustSlide_Alu_uno.png\" \/>\n\t<meta property=\"og:image:width\" content=\"2024\" \/>\n\t<meta property=\"og:image:height\" content=\"2024\" \/>\n\t<meta property=\"og:image:type\" content=\"image\/png\" \/>\n<meta name=\"twitter:card\" content=\"summary_large_image\" \/>\n<meta name=\"twitter:label1\" content=\"Gesch\u00e4tzte Lesezeit\" \/>\n\t<meta name=\"twitter:data1\" content=\"1\u00a0Minute\" \/>\n<script type=\"application\/ld+json\" class=\"yoast-schema-graph\">{\"@context\":\"https:\/\/schema.org\",\"@graph\":[{\"@type\":\"WebPage\",\"@id\":\"https:\/\/filplast.pl\/de\/produkt\/justslide-alu\/\",\"url\":\"https:\/\/filplast.pl\/de\/produkt\/justslide-alu\/\",\"name\":\"Terrassent\u00fcren\",\"isPartOf\":{\"@id\":\"https:\/\/filplast.pl\/de\/#website\"},\"primaryImageOfPage\":{\"@id\":\"https:\/\/filplast.pl\/de\/produkt\/justslide-alu\/#primaryimage\"},\"image\":{\"@id\":\"https:\/\/filplast.pl\/de\/produkt\/justslide-alu\/#primaryimage\"},\"thumbnailUrl\":\"https:\/\/filplast.pl\/wp-content\/uploads\/2024\/01\/JustSlide_Alu_uno.png\",\"datePublished\":\"2024-03-04T14:07:00+00:00\",\"dateModified\":\"2024-03-26T14:04:29+00:00\",\"description\":\"Terrassent\u00fcren Schema A (Konstruktion mit einem beweglichen Fl\u00fcgel und einem Festfeld) m\u00f6glich und Schema C (Konstruktion mit zwei beweglichen Fl\u00fcgel und einem Festfeld) m\u00f6glich\",\"breadcrumb\":{\"@id\":\"https:\/\/filplast.pl\/de\/produkt\/justslide-alu\/#breadcrumb\"},\"inLanguage\":\"de\",\"potentialAction\":[{\"@type\":\"ReadAction\",\"target\":[\"https:\/\/filplast.pl\/de\/produkt\/justslide-alu\/\"]}]},{\"@type\":\"ImageObject\",\"inLanguage\":\"de\",\"@id\":\"https:\/\/filplast.pl\/de\/produkt\/justslide-alu\/#primaryimage\",\"url\":\"https:\/\/filplast.pl\/wp-content\/uploads\/2024\/01\/JustSlide_Alu_uno.png\",\"contentUrl\":\"https:\/\/filplast.pl\/wp-content\/uploads\/2024\/01\/JustSlide_Alu_uno.png\",\"width\":2024,\"height\":2024,\"caption\":\"Aluminiowy system drzwi przesuwnych - przekr\u00f3j drzwi o du\u017cych gabarytach\"},{\"@type\":\"BreadcrumbList\",\"@id\":\"https:\/\/filplast.pl\/de\/produkt\/justslide-alu\/#breadcrumb\",\"itemListElement\":[{\"@type\":\"ListItem\",\"position\":1,\"name\":\"Startseite\",\"item\":\"https:\/\/filplast.pl\/de\/\"},{\"@type\":\"ListItem\",\"position\":2,\"name\":\"Produkte\",\"item\":\"https:\/\/filplast.pl\/de\/produkt\/\"},{\"@type\":\"ListItem\",\"position\":3,\"name\":\"JustSlide Alu\"}]},{\"@type\":\"WebSite\",\"@id\":\"https:\/\/filplast.pl\/de\/#website\",\"url\":\"https:\/\/filplast.pl\/de\/\",\"name\":\"Filplast f\u00fcr Generationen\",\"description\":\"Gersteller gesunder Fenster\",\"publisher\":{\"@id\":\"https:\/\/filplast.pl\/de\/#organization\"},\"potentialAction\":[{\"@type\":\"SearchAction\",\"target\":{\"@type\":\"EntryPoint\",\"urlTemplate\":\"https:\/\/filplast.pl\/de\/?s={search_term_string}\"},\"query-input\":{\"@type\":\"PropertyValueSpecification\",\"valueRequired\":true,\"valueName\":\"search_term_string\"}}],\"inLanguage\":\"de\"},{\"@type\":\"Organization\",\"@id\":\"https:\/\/filplast.pl\/de\/#organization\",\"name\":\"Filplast f\u00fcr Generationen\",\"url\":\"https:\/\/filplast.pl\/de\/\",\"logo\":{\"@type\":\"ImageObject\",\"inLanguage\":\"de\",\"@id\":\"https:\/\/filplast.pl\/de\/#\/schema\/logo\/image\/\",\"url\":\"https:\/\/filplast.pl\/wp-content\/uploads\/2023\/10\/favicon-filplast.png\",\"contentUrl\":\"https:\/\/filplast.pl\/wp-content\/uploads\/2023\/10\/favicon-filplast.png\",\"width\":2134,\"height\":2134,\"caption\":\"Filplast f\u00fcr Generationen\"},\"image\":{\"@id\":\"https:\/\/filplast.pl\/de\/#\/schema\/logo\/image\/\"},\"sameAs\":[\"https:\/\/www.facebook.com\/filplast.firma\",\"https:\/\/pl.pinterest.com\/filplast\/\",\"https:\/\/www.youtube.com\/FILPLASTchannel\",\"https:\/\/pl.linkedin.com\/company\/filplast-sp.-z-o.o.\",\"https:\/\/www.instagram.com\/filplast\/\"]}]}<\/script>\n<!-- \/ Yoast SEO plugin. -->","yoast_head_json":{"title":"Terrassent\u00fcren","description":"Terrassent\u00fcren Schema A (Konstruktion mit einem beweglichen Fl\u00fcgel und einem Festfeld) m\u00f6glich und Schema C (Konstruktion mit zwei beweglichen Fl\u00fcgel und einem Festfeld) m\u00f6glich","robots":{"index":"index","follow":"follow","max-snippet":"max-snippet:-1","max-image-preview":"max-image-preview:large","max-video-preview":"max-video-preview:-1"},"canonical":"https:\/\/filplast.pl\/de\/produkt\/justslide-alu\/","og_locale":"de_DE","og_type":"article","og_title":"Terrassent\u00fcren","og_description":"Terrassent\u00fcren Schema A (Konstruktion mit einem beweglichen Fl\u00fcgel und einem Festfeld) m\u00f6glich und Schema C (Konstruktion mit zwei beweglichen Fl\u00fcgel und einem Festfeld) m\u00f6glich","og_url":"https:\/\/filplast.pl\/de\/produkt\/justslide-alu\/","og_site_name":"Filplast f\u00fcr Generationen","article_publisher":"https:\/\/www.facebook.com\/filplast.firma","article_modified_time":"2024-03-26T14:04:29+00:00","og_image":[{"width":2024,"height":2024,"url":"https:\/\/filplast.pl\/wp-content\/uploads\/2024\/01\/JustSlide_Alu_uno.png","type":"image\/png"}],"twitter_card":"summary_large_image","twitter_misc":{"Gesch\u00e4tzte Lesezeit":"1\u00a0Minute"},"schema":{"@context":"https:\/\/schema.org","@graph":[{"@type":"WebPage","@id":"https:\/\/filplast.pl\/de\/produkt\/justslide-alu\/","url":"https:\/\/filplast.pl\/de\/produkt\/justslide-alu\/","name":"Terrassent\u00fcren","isPartOf":{"@id":"https:\/\/filplast.pl\/de\/#website"},"primaryImageOfPage":{"@id":"https:\/\/filplast.pl\/de\/produkt\/justslide-alu\/#primaryimage"},"image":{"@id":"https:\/\/filplast.pl\/de\/produkt\/justslide-alu\/#primaryimage"},"thumbnailUrl":"https:\/\/filplast.pl\/wp-content\/uploads\/2024\/01\/JustSlide_Alu_uno.png","datePublished":"2024-03-04T14:07:00+00:00","dateModified":"2024-03-26T14:04:29+00:00","description":"Terrassent\u00fcren Schema A (Konstruktion mit einem beweglichen Fl\u00fcgel und einem Festfeld) m\u00f6glich und Schema C (Konstruktion mit zwei beweglichen Fl\u00fcgel und einem Festfeld) m\u00f6glich","breadcrumb":{"@id":"https:\/\/filplast.pl\/de\/produkt\/justslide-alu\/#breadcrumb"},"inLanguage":"de","potentialAction":[{"@type":"ReadAction","target":["https:\/\/filplast.pl\/de\/produkt\/justslide-alu\/"]}]},{"@type":"ImageObject","inLanguage":"de","@id":"https:\/\/filplast.pl\/de\/produkt\/justslide-alu\/#primaryimage","url":"https:\/\/filplast.pl\/wp-content\/uploads\/2024\/01\/JustSlide_Alu_uno.png","contentUrl":"https:\/\/filplast.pl\/wp-content\/uploads\/2024\/01\/JustSlide_Alu_uno.png","width":2024,"height":2024,"caption":"Aluminiowy system drzwi przesuwnych - przekr\u00f3j drzwi o du\u017cych gabarytach"},{"@type":"BreadcrumbList","@id":"https:\/\/filplast.pl\/de\/produkt\/justslide-alu\/#breadcrumb","itemListElement":[{"@type":"ListItem","position":1,"name":"Startseite","item":"https:\/\/filplast.pl\/de\/"},{"@type":"ListItem","position":2,"name":"Produkte","item":"https:\/\/filplast.pl\/de\/produkt\/"},{"@type":"ListItem","position":3,"name":"JustSlide Alu"}]},{"@type":"WebSite","@id":"https:\/\/filplast.pl\/de\/#website","url":"https:\/\/filplast.pl\/de\/","name":"Filplast f\u00fcr Generationen","description":"Gersteller gesunder Fenster","publisher":{"@id":"https:\/\/filplast.pl\/de\/#organization"},"potentialAction":[{"@type":"SearchAction","target":{"@type":"EntryPoint","urlTemplate":"https:\/\/filplast.pl\/de\/?s={search_term_string}"},"query-input":{"@type":"PropertyValueSpecification","valueRequired":true,"valueName":"search_term_string"}}],"inLanguage":"de"},{"@type":"Organization","@id":"https:\/\/filplast.pl\/de\/#organization","name":"Filplast f\u00fcr Generationen","url":"https:\/\/filplast.pl\/de\/","logo":{"@type":"ImageObject","inLanguage":"de","@id":"https:\/\/filplast.pl\/de\/#\/schema\/logo\/image\/","url":"https:\/\/filplast.pl\/wp-content\/uploads\/2023\/10\/favicon-filplast.png","contentUrl":"https:\/\/filplast.pl\/wp-content\/uploads\/2023\/10\/favicon-filplast.png","width":2134,"height":2134,"caption":"Filplast f\u00fcr Generationen"},"image":{"@id":"https:\/\/filplast.pl\/de\/#\/schema\/logo\/image\/"},"sameAs":["https:\/\/www.facebook.com\/filplast.firma","https:\/\/pl.pinterest.com\/filplast\/","https:\/\/www.youtube.com\/FILPLASTchannel","https:\/\/pl.linkedin.com\/company\/filplast-sp.-z-o.o.","https:\/\/www.instagram.com\/filplast\/"]}]}},"uagb_featured_image_src":{"full":["https:\/\/filplast.pl\/wp-content\/uploads\/2024\/01\/JustSlide_Alu_uno.png",2024,2024,false],"thumbnail":["https:\/\/filplast.pl\/wp-content\/uploads\/2024\/01\/JustSlide_Alu_uno-250x250.png",250,250,true],"medium":["https:\/\/filplast.pl\/wp-content\/uploads\/2024\/01\/JustSlide_Alu_uno-400x400.png",400,400,true],"medium_large":["https:\/\/filplast.pl\/wp-content\/uploads\/2024\/01\/JustSlide_Alu_uno-768x768.png",768,768,true],"large":["https:\/\/filplast.pl\/wp-content\/uploads\/2024\/01\/JustSlide_Alu_uno-1024x1024.png",1024,1024,true],"1536x1536":["https:\/\/filplast.pl\/wp-content\/uploads\/2024\/01\/JustSlide_Alu_uno-1536x1536.png",1536,1536,true],"2048x2048":["https:\/\/filplast.pl\/wp-content\/uploads\/2024\/01\/JustSlide_Alu_uno.png",2024,2024,false],"depcore-widget-post-thumb":["https:\/\/filplast.pl\/wp-content\/uploads\/2024\/01\/JustSlide_Alu_uno-65x65.png",65,65,true],"depcore-widget-post-medium":["https:\/\/filplast.pl\/wp-content\/uploads\/2024\/01\/JustSlide_Alu_uno-280x150.png",280,150,true],"square":["https:\/\/filplast.pl\/wp-content\/uploads\/2024\/01\/JustSlide_Alu_uno-500x500.png",500,500,true],"small-square":["https:\/\/filplast.pl\/wp-content\/uploads\/2024\/01\/JustSlide_Alu_uno-250x250.png",250,250,true],"slider-image":["https:\/\/filplast.pl\/wp-content\/uploads\/2024\/01\/JustSlide_Alu_uno-1080x500.png",1080,500,true],"":["https:\/\/filplast.pl\/wp-content\/uploads\/2024\/01\/JustSlide_Alu_uno.png",250,250,false]},"uagb_author_info":{"display_name":"Micha\u0142 Mrukot","author_link":"https:\/\/filplast.pl\/de\/author\/"},"uagb_comment_info":0,"uagb_excerpt":"Ein Schiebet\u00fcrsystem, das die Herstellung von sehr gro\u00dfen Fl\u00fcgeln mit einem Gewicht von biszu 400 kg erm\u00f6glicht. Bei den Pr\u00fcfungen (Institut f\u00fcr Bauforschung) erreicht das System dieh\u00f6chsten Werte im Bereich der Luftdurchl\u00e4ssigkeit Klasse 4, Schlagregendichtheit [&hellip;]","_links":{"self":[{"href":"https:\/\/filplast.pl\/de\/wp-json\/wp\/v2\/product\/45639","targetHints":{"allow":["GET"]}}],"collection":[{"href":"https:\/\/filplast.pl\/de\/wp-json\/wp\/v2\/product"}],"about":[{"href":"https:\/\/filplast.pl\/de\/wp-json\/wp\/v2\/types\/product"}],"version-history":[{"count":15,"href":"https:\/\/filplast.pl\/de\/wp-json\/wp\/v2\/product\/45639\/revisions"}],"predecessor-version":[{"id":46961,"href":"https:\/\/filplast.pl\/de\/wp-json\/wp\/v2\/product\/45639\/revisions\/46961"}],"wp:featuredmedia":[{"embeddable":true,"href":"https:\/\/filplast.pl\/de\/wp-json\/wp\/v2\/media\/43932"}],"wp:attachment":[{"href":"https:\/\/filplast.pl\/de\/wp-json\/wp\/v2\/media?parent=45639"}],"curies":[{"name":"wp","href":"https:\/\/api.w.org\/{rel}","templated":true}]}}