{"id":46219,"date":"2024-03-13T11:26:48","date_gmt":"2024-03-13T10:26:48","guid":{"rendered":"https:\/\/filplast.pl\/?post_type=product&#038;p=46219"},"modified":"2024-03-13T13:45:24","modified_gmt":"2024-03-13T12:45:24","slug":"roka-top-2","status":"publish","type":"product","link":"https:\/\/filplast.pl\/de\/produkt\/roka-top-2\/","title":{"rendered":"ROKA-TOP\u00ae 2"},"content":{"rendered":"<div id=\"modal-ready\">\n<p>Standardvariante, welche sich durch hohe Steifigkeit und Stabilit\u00e4t auszeichnet. Die am Seitenteil<br>befestigte PVC-Laibungs-Modul mit integriertem Schaumstoffblock sorgt f\u00fcr eine sehr gute<br>Isolierung und ein attraktives Aussehen. Diese technologisch fortschrittliche L\u00f6sung ist sowohl<br>f\u00fcr Neubauten als auch f\u00fcr Renovierungen ideal.<\/p>\n<\/div>","protected":false},"excerpt":{"rendered":"<p>ROKA-TOP\u00ae 2 sind mit einer raumseitigen Revisions\u00f6ffnung ausgestattet. Die Montage der K\u00e4sten auf dem Fensterrahmen erfolgt mittels spezieller Flacheisen, welche in die werkseitig vorbereiteten Taschen an den Seiten des Kastens eingeschoben werden &#8211; eine L\u00f6sung, die eine schnelle und einfache Montage gew\u00e4hrleistet.<\/p>\n","protected":false},"featured_media":46197,"parent":0,"menu_order":31,"template":"","class_list":["post-46219","product","type-product","status-publish","has-post-thumbnail","hentry","product-category-ausenrollladen","product-category-aufsatzrollladen","product-line-platinumline-de"],"yoast_head":"<!-- This site is optimized with the Yoast SEO plugin v24.7 - https:\/\/yoast.com\/wordpress\/plugins\/seo\/ -->\n<title>ROKA-TOP\u00ae 2 I Filplast<\/title>\n<meta name=\"robots\" content=\"index, follow, max-snippet:-1, max-image-preview:large, max-video-preview:-1\" \/>\n<link rel=\"canonical\" href=\"https:\/\/filplast.pl\/de\/produkt\/roka-top-2\/\" \/>\n<meta property=\"og:locale\" content=\"de_DE\" \/>\n<meta property=\"og:type\" content=\"article\" \/>\n<meta property=\"og:title\" content=\"ROKA-TOP\u00ae 2 I Filplast\" \/>\n<meta property=\"og:description\" content=\"ROKA-TOP\u00ae 2 sind mit einer raumseitigen Revisions\u00f6ffnung ausgestattet. Die Montage der K\u00e4sten auf dem Fensterrahmen erfolgt mittels spezieller Flacheisen, welche in die werkseitig vorbereiteten Taschen an den Seiten des Kastens eingeschoben werden - eine L\u00f6sung, die eine schnelle und einfache Montage gew\u00e4hrleistet.\" \/>\n<meta property=\"og:url\" content=\"https:\/\/filplast.pl\/de\/produkt\/roka-top-2\/\" \/>\n<meta property=\"og:site_name\" content=\"Filplast f\u00fcr Generationen\" \/>\n<meta property=\"article:publisher\" content=\"https:\/\/www.facebook.com\/filplast.firma\" \/>\n<meta property=\"article:modified_time\" content=\"2024-03-13T12:45:24+00:00\" \/>\n<meta property=\"og:image\" content=\"https:\/\/filplast.pl\/wp-content\/uploads\/2024\/03\/ROKA-TOP\u00ae-2-.png\" \/>\n\t<meta property=\"og:image:width\" content=\"738\" \/>\n\t<meta property=\"og:image:height\" content=\"652\" \/>\n\t<meta property=\"og:image:type\" content=\"image\/png\" \/>\n<meta name=\"twitter:card\" content=\"summary_large_image\" \/>\n<script type=\"application\/ld+json\" class=\"yoast-schema-graph\">{\"@context\":\"https:\/\/schema.org\",\"@graph\":[{\"@type\":\"WebPage\",\"@id\":\"https:\/\/filplast.pl\/de\/produkt\/roka-top-2\/\",\"url\":\"https:\/\/filplast.pl\/de\/produkt\/roka-top-2\/\",\"name\":\"ROKA-TOP\u00ae 2 I Filplast\",\"isPartOf\":{\"@id\":\"https:\/\/filplast.pl\/de\/#website\"},\"primaryImageOfPage\":{\"@id\":\"https:\/\/filplast.pl\/de\/produkt\/roka-top-2\/#primaryimage\"},\"image\":{\"@id\":\"https:\/\/filplast.pl\/de\/produkt\/roka-top-2\/#primaryimage\"},\"thumbnailUrl\":\"https:\/\/filplast.pl\/wp-content\/uploads\/2024\/03\/ROKA-TOP\u00ae-2-.png\",\"datePublished\":\"2024-03-13T10:26:48+00:00\",\"dateModified\":\"2024-03-13T12:45:24+00:00\",\"breadcrumb\":{\"@id\":\"https:\/\/filplast.pl\/de\/produkt\/roka-top-2\/#breadcrumb\"},\"inLanguage\":\"de\",\"potentialAction\":[{\"@type\":\"ReadAction\",\"target\":[\"https:\/\/filplast.pl\/de\/produkt\/roka-top-2\/\"]}]},{\"@type\":\"ImageObject\",\"inLanguage\":\"de\",\"@id\":\"https:\/\/filplast.pl\/de\/produkt\/roka-top-2\/#primaryimage\",\"url\":\"https:\/\/filplast.pl\/wp-content\/uploads\/2024\/03\/ROKA-TOP\u00ae-2-.png\",\"contentUrl\":\"https:\/\/filplast.pl\/wp-content\/uploads\/2024\/03\/ROKA-TOP\u00ae-2-.png\",\"width\":738,\"height\":652},{\"@type\":\"BreadcrumbList\",\"@id\":\"https:\/\/filplast.pl\/de\/produkt\/roka-top-2\/#breadcrumb\",\"itemListElement\":[{\"@type\":\"ListItem\",\"position\":1,\"name\":\"Startseite\",\"item\":\"https:\/\/filplast.pl\/de\/\"},{\"@type\":\"ListItem\",\"position\":2,\"name\":\"Produkte\",\"item\":\"https:\/\/filplast.pl\/de\/produkt\/\"},{\"@type\":\"ListItem\",\"position\":3,\"name\":\"ROKA-TOP\u00ae 2\"}]},{\"@type\":\"WebSite\",\"@id\":\"https:\/\/filplast.pl\/de\/#website\",\"url\":\"https:\/\/filplast.pl\/de\/\",\"name\":\"Filplast f\u00fcr Generationen\",\"description\":\"Gersteller gesunder Fenster\",\"publisher\":{\"@id\":\"https:\/\/filplast.pl\/de\/#organization\"},\"potentialAction\":[{\"@type\":\"SearchAction\",\"target\":{\"@type\":\"EntryPoint\",\"urlTemplate\":\"https:\/\/filplast.pl\/de\/?s={search_term_string}\"},\"query-input\":{\"@type\":\"PropertyValueSpecification\",\"valueRequired\":true,\"valueName\":\"search_term_string\"}}],\"inLanguage\":\"de\"},{\"@type\":\"Organization\",\"@id\":\"https:\/\/filplast.pl\/de\/#organization\",\"name\":\"Filplast f\u00fcr Generationen\",\"url\":\"https:\/\/filplast.pl\/de\/\",\"logo\":{\"@type\":\"ImageObject\",\"inLanguage\":\"de\",\"@id\":\"https:\/\/filplast.pl\/de\/#\/schema\/logo\/image\/\",\"url\":\"https:\/\/filplast.pl\/wp-content\/uploads\/2023\/10\/favicon-filplast.png\",\"contentUrl\":\"https:\/\/filplast.pl\/wp-content\/uploads\/2023\/10\/favicon-filplast.png\",\"width\":2134,\"height\":2134,\"caption\":\"Filplast f\u00fcr Generationen\"},\"image\":{\"@id\":\"https:\/\/filplast.pl\/de\/#\/schema\/logo\/image\/\"},\"sameAs\":[\"https:\/\/www.facebook.com\/filplast.firma\",\"https:\/\/pl.pinterest.com\/filplast\/\",\"https:\/\/www.youtube.com\/FILPLASTchannel\",\"https:\/\/pl.linkedin.com\/company\/filplast-sp.-z-o.o.\",\"https:\/\/www.instagram.com\/filplast\/\"]}]}<\/script>\n<!-- \/ Yoast SEO plugin. -->","yoast_head_json":{"title":"ROKA-TOP\u00ae 2 I Filplast","robots":{"index":"index","follow":"follow","max-snippet":"max-snippet:-1","max-image-preview":"max-image-preview:large","max-video-preview":"max-video-preview:-1"},"canonical":"https:\/\/filplast.pl\/de\/produkt\/roka-top-2\/","og_locale":"de_DE","og_type":"article","og_title":"ROKA-TOP\u00ae 2 I Filplast","og_description":"ROKA-TOP\u00ae 2 sind mit einer raumseitigen Revisions\u00f6ffnung ausgestattet. Die Montage der K\u00e4sten auf dem Fensterrahmen erfolgt mittels spezieller Flacheisen, welche in die werkseitig vorbereiteten Taschen an den Seiten des Kastens eingeschoben werden - eine L\u00f6sung, die eine schnelle und einfache Montage gew\u00e4hrleistet.","og_url":"https:\/\/filplast.pl\/de\/produkt\/roka-top-2\/","og_site_name":"Filplast f\u00fcr Generationen","article_publisher":"https:\/\/www.facebook.com\/filplast.firma","article_modified_time":"2024-03-13T12:45:24+00:00","og_image":[{"width":738,"height":652,"url":"https:\/\/filplast.pl\/wp-content\/uploads\/2024\/03\/ROKA-TOP\u00ae-2-.png","type":"image\/png"}],"twitter_card":"summary_large_image","schema":{"@context":"https:\/\/schema.org","@graph":[{"@type":"WebPage","@id":"https:\/\/filplast.pl\/de\/produkt\/roka-top-2\/","url":"https:\/\/filplast.pl\/de\/produkt\/roka-top-2\/","name":"ROKA-TOP\u00ae 2 I Filplast","isPartOf":{"@id":"https:\/\/filplast.pl\/de\/#website"},"primaryImageOfPage":{"@id":"https:\/\/filplast.pl\/de\/produkt\/roka-top-2\/#primaryimage"},"image":{"@id":"https:\/\/filplast.pl\/de\/produkt\/roka-top-2\/#primaryimage"},"thumbnailUrl":"https:\/\/filplast.pl\/wp-content\/uploads\/2024\/03\/ROKA-TOP\u00ae-2-.png","datePublished":"2024-03-13T10:26:48+00:00","dateModified":"2024-03-13T12:45:24+00:00","breadcrumb":{"@id":"https:\/\/filplast.pl\/de\/produkt\/roka-top-2\/#breadcrumb"},"inLanguage":"de","potentialAction":[{"@type":"ReadAction","target":["https:\/\/filplast.pl\/de\/produkt\/roka-top-2\/"]}]},{"@type":"ImageObject","inLanguage":"de","@id":"https:\/\/filplast.pl\/de\/produkt\/roka-top-2\/#primaryimage","url":"https:\/\/filplast.pl\/wp-content\/uploads\/2024\/03\/ROKA-TOP\u00ae-2-.png","contentUrl":"https:\/\/filplast.pl\/wp-content\/uploads\/2024\/03\/ROKA-TOP\u00ae-2-.png","width":738,"height":652},{"@type":"BreadcrumbList","@id":"https:\/\/filplast.pl\/de\/produkt\/roka-top-2\/#breadcrumb","itemListElement":[{"@type":"ListItem","position":1,"name":"Startseite","item":"https:\/\/filplast.pl\/de\/"},{"@type":"ListItem","position":2,"name":"Produkte","item":"https:\/\/filplast.pl\/de\/produkt\/"},{"@type":"ListItem","position":3,"name":"ROKA-TOP\u00ae 2"}]},{"@type":"WebSite","@id":"https:\/\/filplast.pl\/de\/#website","url":"https:\/\/filplast.pl\/de\/","name":"Filplast f\u00fcr Generationen","description":"Gersteller gesunder Fenster","publisher":{"@id":"https:\/\/filplast.pl\/de\/#organization"},"potentialAction":[{"@type":"SearchAction","target":{"@type":"EntryPoint","urlTemplate":"https:\/\/filplast.pl\/de\/?s={search_term_string}"},"query-input":{"@type":"PropertyValueSpecification","valueRequired":true,"valueName":"search_term_string"}}],"inLanguage":"de"},{"@type":"Organization","@id":"https:\/\/filplast.pl\/de\/#organization","name":"Filplast f\u00fcr Generationen","url":"https:\/\/filplast.pl\/de\/","logo":{"@type":"ImageObject","inLanguage":"de","@id":"https:\/\/filplast.pl\/de\/#\/schema\/logo\/image\/","url":"https:\/\/filplast.pl\/wp-content\/uploads\/2023\/10\/favicon-filplast.png","contentUrl":"https:\/\/filplast.pl\/wp-content\/uploads\/2023\/10\/favicon-filplast.png","width":2134,"height":2134,"caption":"Filplast f\u00fcr Generationen"},"image":{"@id":"https:\/\/filplast.pl\/de\/#\/schema\/logo\/image\/"},"sameAs":["https:\/\/www.facebook.com\/filplast.firma","https:\/\/pl.pinterest.com\/filplast\/","https:\/\/www.youtube.com\/FILPLASTchannel","https:\/\/pl.linkedin.com\/company\/filplast-sp.-z-o.o.","https:\/\/www.instagram.com\/filplast\/"]}]}},"uagb_featured_image_src":{"full":["https:\/\/filplast.pl\/wp-content\/uploads\/2024\/03\/ROKA-TOP\u00ae-2-.png",738,652,false],"thumbnail":["https:\/\/filplast.pl\/wp-content\/uploads\/2024\/03\/ROKA-TOP\u00ae-2--250x250.png",250,250,true],"medium":["https:\/\/filplast.pl\/wp-content\/uploads\/2024\/03\/ROKA-TOP\u00ae-2--400x353.png",400,353,true],"medium_large":["https:\/\/filplast.pl\/wp-content\/uploads\/2024\/03\/ROKA-TOP\u00ae-2-.png",738,652,false],"large":["https:\/\/filplast.pl\/wp-content\/uploads\/2024\/03\/ROKA-TOP\u00ae-2-.png",738,652,false],"1536x1536":["https:\/\/filplast.pl\/wp-content\/uploads\/2024\/03\/ROKA-TOP\u00ae-2-.png",738,652,false],"2048x2048":["https:\/\/filplast.pl\/wp-content\/uploads\/2024\/03\/ROKA-TOP\u00ae-2-.png",738,652,false],"depcore-widget-post-thumb":["https:\/\/filplast.pl\/wp-content\/uploads\/2024\/03\/ROKA-TOP\u00ae-2--65x65.png",65,65,true],"depcore-widget-post-medium":["https:\/\/filplast.pl\/wp-content\/uploads\/2024\/03\/ROKA-TOP\u00ae-2--280x150.png",280,150,true],"square":["https:\/\/filplast.pl\/wp-content\/uploads\/2024\/03\/ROKA-TOP\u00ae-2--500x500.png",500,500,true],"small-square":["https:\/\/filplast.pl\/wp-content\/uploads\/2024\/03\/ROKA-TOP\u00ae-2--250x250.png",250,250,true],"slider-image":["https:\/\/filplast.pl\/wp-content\/uploads\/2024\/03\/ROKA-TOP\u00ae-2--738x500.png",738,500,true],"":["https:\/\/filplast.pl\/wp-content\/uploads\/2024\/03\/ROKA-TOP\u00ae-2-.png",283,250,false]},"uagb_author_info":{"display_name":"Micha\u0142 Mrukot","author_link":"https:\/\/filplast.pl\/de\/author\/"},"uagb_comment_info":0,"uagb_excerpt":"ROKA-TOP\u00ae 2 sind mit einer raumseitigen Revisions\u00f6ffnung ausgestattet. Die Montage der K\u00e4sten auf dem Fensterrahmen erfolgt mittels spezieller Flacheisen, welche in die werkseitig vorbereiteten Taschen an den Seiten des Kastens eingeschoben werden - eine L\u00f6sung, die eine schnelle und einfache Montage gew\u00e4hrleistet.","_links":{"self":[{"href":"https:\/\/filplast.pl\/de\/wp-json\/wp\/v2\/product\/46219","targetHints":{"allow":["GET"]}}],"collection":[{"href":"https:\/\/filplast.pl\/de\/wp-json\/wp\/v2\/product"}],"about":[{"href":"https:\/\/filplast.pl\/de\/wp-json\/wp\/v2\/types\/product"}],"version-history":[{"count":14,"href":"https:\/\/filplast.pl\/de\/wp-json\/wp\/v2\/product\/46219\/revisions"}],"predecessor-version":[{"id":46248,"href":"https:\/\/filplast.pl\/de\/wp-json\/wp\/v2\/product\/46219\/revisions\/46248"}],"wp:featuredmedia":[{"embeddable":true,"href":"https:\/\/filplast.pl\/de\/wp-json\/wp\/v2\/media\/46197"}],"wp:attachment":[{"href":"https:\/\/filplast.pl\/de\/wp-json\/wp\/v2\/media?parent=46219"}],"curies":[{"name":"wp","href":"https:\/\/api.w.org\/{rel}","templated":true}]}}