{"id":46222,"date":"2024-03-13T12:34:08","date_gmt":"2024-03-13T11:34:08","guid":{"rendered":"https:\/\/filplast.pl\/?post_type=product&#038;p=46222"},"modified":"2024-03-13T12:36:08","modified_gmt":"2024-03-13T11:36:08","slug":"roka-top-2-rg","status":"publish","type":"product","link":"https:\/\/filplast.pl\/de\/produkt\/roka-top-2-rg\/","title":{"rendered":"ROKA-TOP\u00ae 2 RG"},"content":{"rendered":"<div id=\"modal-ready\">\n<p>Ein luftdichtes und robustes System, das sowohl f\u00fcr den Neubau als auch f\u00fcr die Renovierung<br>von energieeffizienten und passiven Geb\u00e4uden empfohlen wird. Ein zus\u00e4tzliches Schaumprofil,<br>ein abgedichteter Sturz und eine Revisionsklappe an der Unterseite des Kastens garantieren<br>eine hohe W\u00e4rme- und Schalld\u00e4mmung der Konstruktion.<\/p>\n<\/div>","protected":false},"excerpt":{"rendered":"<p>ROKA-TOP\u00ae 2 RG ist eine raumseitig geschlossene Variante des Kastens.<\/p>\n","protected":false},"featured_media":46186,"parent":0,"menu_order":36,"template":"","class_list":["post-46222","product","type-product","status-publish","has-post-thumbnail","hentry","product-category-ausenrollladen","product-category-aufsatzrollladen","product-line-platinumline-de"],"yoast_head":"<!-- This site is optimized with the Yoast SEO plugin v24.7 - https:\/\/yoast.com\/wordpress\/plugins\/seo\/ -->\n<title>ROKA-TOP\u00ae 2 RG I Filplast<\/title>\n<meta name=\"robots\" content=\"index, follow, max-snippet:-1, max-image-preview:large, max-video-preview:-1\" \/>\n<link rel=\"canonical\" href=\"https:\/\/filplast.pl\/de\/produkt\/roka-top-2-rg\/\" \/>\n<meta property=\"og:locale\" content=\"de_DE\" \/>\n<meta property=\"og:type\" content=\"article\" \/>\n<meta property=\"og:title\" content=\"ROKA-TOP\u00ae 2 RG I Filplast\" \/>\n<meta property=\"og:description\" content=\"ROKA-TOP\u00ae 2 RG ist eine raumseitig geschlossene Variante des Kastens.\" \/>\n<meta property=\"og:url\" content=\"https:\/\/filplast.pl\/de\/produkt\/roka-top-2-rg\/\" \/>\n<meta property=\"og:site_name\" content=\"Filplast f\u00fcr Generationen\" \/>\n<meta property=\"article:publisher\" content=\"https:\/\/www.facebook.com\/filplast.firma\" \/>\n<meta property=\"article:modified_time\" content=\"2024-03-13T11:36:08+00:00\" \/>\n<meta property=\"og:image\" content=\"https:\/\/filplast.pl\/wp-content\/uploads\/2024\/03\/ROKA-TOP\u00ae-2-RG.png\" \/>\n\t<meta property=\"og:image:width\" content=\"667\" \/>\n\t<meta property=\"og:image:height\" content=\"631\" \/>\n\t<meta property=\"og:image:type\" content=\"image\/png\" \/>\n<meta name=\"twitter:card\" content=\"summary_large_image\" \/>\n<meta name=\"twitter:label1\" content=\"Gesch\u00e4tzte Lesezeit\" \/>\n\t<meta name=\"twitter:data1\" content=\"1\u00a0Minute\" \/>\n<script type=\"application\/ld+json\" class=\"yoast-schema-graph\">{\"@context\":\"https:\/\/schema.org\",\"@graph\":[{\"@type\":\"WebPage\",\"@id\":\"https:\/\/filplast.pl\/de\/produkt\/roka-top-2-rg\/\",\"url\":\"https:\/\/filplast.pl\/de\/produkt\/roka-top-2-rg\/\",\"name\":\"ROKA-TOP\u00ae 2 RG I Filplast\",\"isPartOf\":{\"@id\":\"https:\/\/filplast.pl\/de\/#website\"},\"primaryImageOfPage\":{\"@id\":\"https:\/\/filplast.pl\/de\/produkt\/roka-top-2-rg\/#primaryimage\"},\"image\":{\"@id\":\"https:\/\/filplast.pl\/de\/produkt\/roka-top-2-rg\/#primaryimage\"},\"thumbnailUrl\":\"https:\/\/filplast.pl\/wp-content\/uploads\/2024\/03\/ROKA-TOP\u00ae-2-RG.png\",\"datePublished\":\"2024-03-13T11:34:08+00:00\",\"dateModified\":\"2024-03-13T11:36:08+00:00\",\"breadcrumb\":{\"@id\":\"https:\/\/filplast.pl\/de\/produkt\/roka-top-2-rg\/#breadcrumb\"},\"inLanguage\":\"de\",\"potentialAction\":[{\"@type\":\"ReadAction\",\"target\":[\"https:\/\/filplast.pl\/de\/produkt\/roka-top-2-rg\/\"]}]},{\"@type\":\"ImageObject\",\"inLanguage\":\"de\",\"@id\":\"https:\/\/filplast.pl\/de\/produkt\/roka-top-2-rg\/#primaryimage\",\"url\":\"https:\/\/filplast.pl\/wp-content\/uploads\/2024\/03\/ROKA-TOP\u00ae-2-RG.png\",\"contentUrl\":\"https:\/\/filplast.pl\/wp-content\/uploads\/2024\/03\/ROKA-TOP\u00ae-2-RG.png\",\"width\":667,\"height\":631},{\"@type\":\"BreadcrumbList\",\"@id\":\"https:\/\/filplast.pl\/de\/produkt\/roka-top-2-rg\/#breadcrumb\",\"itemListElement\":[{\"@type\":\"ListItem\",\"position\":1,\"name\":\"Startseite\",\"item\":\"https:\/\/filplast.pl\/de\/\"},{\"@type\":\"ListItem\",\"position\":2,\"name\":\"Produkte\",\"item\":\"https:\/\/filplast.pl\/de\/produkt\/\"},{\"@type\":\"ListItem\",\"position\":3,\"name\":\"ROKA-TOP\u00ae 2 RG\"}]},{\"@type\":\"WebSite\",\"@id\":\"https:\/\/filplast.pl\/de\/#website\",\"url\":\"https:\/\/filplast.pl\/de\/\",\"name\":\"Filplast f\u00fcr Generationen\",\"description\":\"Gersteller gesunder Fenster\",\"publisher\":{\"@id\":\"https:\/\/filplast.pl\/de\/#organization\"},\"potentialAction\":[{\"@type\":\"SearchAction\",\"target\":{\"@type\":\"EntryPoint\",\"urlTemplate\":\"https:\/\/filplast.pl\/de\/?s={search_term_string}\"},\"query-input\":{\"@type\":\"PropertyValueSpecification\",\"valueRequired\":true,\"valueName\":\"search_term_string\"}}],\"inLanguage\":\"de\"},{\"@type\":\"Organization\",\"@id\":\"https:\/\/filplast.pl\/de\/#organization\",\"name\":\"Filplast f\u00fcr Generationen\",\"url\":\"https:\/\/filplast.pl\/de\/\",\"logo\":{\"@type\":\"ImageObject\",\"inLanguage\":\"de\",\"@id\":\"https:\/\/filplast.pl\/de\/#\/schema\/logo\/image\/\",\"url\":\"https:\/\/filplast.pl\/wp-content\/uploads\/2023\/10\/favicon-filplast.png\",\"contentUrl\":\"https:\/\/filplast.pl\/wp-content\/uploads\/2023\/10\/favicon-filplast.png\",\"width\":2134,\"height\":2134,\"caption\":\"Filplast f\u00fcr Generationen\"},\"image\":{\"@id\":\"https:\/\/filplast.pl\/de\/#\/schema\/logo\/image\/\"},\"sameAs\":[\"https:\/\/www.facebook.com\/filplast.firma\",\"https:\/\/pl.pinterest.com\/filplast\/\",\"https:\/\/www.youtube.com\/FILPLASTchannel\",\"https:\/\/pl.linkedin.com\/company\/filplast-sp.-z-o.o.\",\"https:\/\/www.instagram.com\/filplast\/\"]}]}<\/script>\n<!-- \/ Yoast SEO plugin. -->","yoast_head_json":{"title":"ROKA-TOP\u00ae 2 RG I Filplast","robots":{"index":"index","follow":"follow","max-snippet":"max-snippet:-1","max-image-preview":"max-image-preview:large","max-video-preview":"max-video-preview:-1"},"canonical":"https:\/\/filplast.pl\/de\/produkt\/roka-top-2-rg\/","og_locale":"de_DE","og_type":"article","og_title":"ROKA-TOP\u00ae 2 RG I Filplast","og_description":"ROKA-TOP\u00ae 2 RG ist eine raumseitig geschlossene Variante des Kastens.","og_url":"https:\/\/filplast.pl\/de\/produkt\/roka-top-2-rg\/","og_site_name":"Filplast f\u00fcr Generationen","article_publisher":"https:\/\/www.facebook.com\/filplast.firma","article_modified_time":"2024-03-13T11:36:08+00:00","og_image":[{"width":667,"height":631,"url":"https:\/\/filplast.pl\/wp-content\/uploads\/2024\/03\/ROKA-TOP\u00ae-2-RG.png","type":"image\/png"}],"twitter_card":"summary_large_image","twitter_misc":{"Gesch\u00e4tzte Lesezeit":"1\u00a0Minute"},"schema":{"@context":"https:\/\/schema.org","@graph":[{"@type":"WebPage","@id":"https:\/\/filplast.pl\/de\/produkt\/roka-top-2-rg\/","url":"https:\/\/filplast.pl\/de\/produkt\/roka-top-2-rg\/","name":"ROKA-TOP\u00ae 2 RG I Filplast","isPartOf":{"@id":"https:\/\/filplast.pl\/de\/#website"},"primaryImageOfPage":{"@id":"https:\/\/filplast.pl\/de\/produkt\/roka-top-2-rg\/#primaryimage"},"image":{"@id":"https:\/\/filplast.pl\/de\/produkt\/roka-top-2-rg\/#primaryimage"},"thumbnailUrl":"https:\/\/filplast.pl\/wp-content\/uploads\/2024\/03\/ROKA-TOP\u00ae-2-RG.png","datePublished":"2024-03-13T11:34:08+00:00","dateModified":"2024-03-13T11:36:08+00:00","breadcrumb":{"@id":"https:\/\/filplast.pl\/de\/produkt\/roka-top-2-rg\/#breadcrumb"},"inLanguage":"de","potentialAction":[{"@type":"ReadAction","target":["https:\/\/filplast.pl\/de\/produkt\/roka-top-2-rg\/"]}]},{"@type":"ImageObject","inLanguage":"de","@id":"https:\/\/filplast.pl\/de\/produkt\/roka-top-2-rg\/#primaryimage","url":"https:\/\/filplast.pl\/wp-content\/uploads\/2024\/03\/ROKA-TOP\u00ae-2-RG.png","contentUrl":"https:\/\/filplast.pl\/wp-content\/uploads\/2024\/03\/ROKA-TOP\u00ae-2-RG.png","width":667,"height":631},{"@type":"BreadcrumbList","@id":"https:\/\/filplast.pl\/de\/produkt\/roka-top-2-rg\/#breadcrumb","itemListElement":[{"@type":"ListItem","position":1,"name":"Startseite","item":"https:\/\/filplast.pl\/de\/"},{"@type":"ListItem","position":2,"name":"Produkte","item":"https:\/\/filplast.pl\/de\/produkt\/"},{"@type":"ListItem","position":3,"name":"ROKA-TOP\u00ae 2 RG"}]},{"@type":"WebSite","@id":"https:\/\/filplast.pl\/de\/#website","url":"https:\/\/filplast.pl\/de\/","name":"Filplast f\u00fcr Generationen","description":"Gersteller gesunder Fenster","publisher":{"@id":"https:\/\/filplast.pl\/de\/#organization"},"potentialAction":[{"@type":"SearchAction","target":{"@type":"EntryPoint","urlTemplate":"https:\/\/filplast.pl\/de\/?s={search_term_string}"},"query-input":{"@type":"PropertyValueSpecification","valueRequired":true,"valueName":"search_term_string"}}],"inLanguage":"de"},{"@type":"Organization","@id":"https:\/\/filplast.pl\/de\/#organization","name":"Filplast f\u00fcr Generationen","url":"https:\/\/filplast.pl\/de\/","logo":{"@type":"ImageObject","inLanguage":"de","@id":"https:\/\/filplast.pl\/de\/#\/schema\/logo\/image\/","url":"https:\/\/filplast.pl\/wp-content\/uploads\/2023\/10\/favicon-filplast.png","contentUrl":"https:\/\/filplast.pl\/wp-content\/uploads\/2023\/10\/favicon-filplast.png","width":2134,"height":2134,"caption":"Filplast f\u00fcr Generationen"},"image":{"@id":"https:\/\/filplast.pl\/de\/#\/schema\/logo\/image\/"},"sameAs":["https:\/\/www.facebook.com\/filplast.firma","https:\/\/pl.pinterest.com\/filplast\/","https:\/\/www.youtube.com\/FILPLASTchannel","https:\/\/pl.linkedin.com\/company\/filplast-sp.-z-o.o.","https:\/\/www.instagram.com\/filplast\/"]}]}},"uagb_featured_image_src":{"full":["https:\/\/filplast.pl\/wp-content\/uploads\/2024\/03\/ROKA-TOP\u00ae-2-RG.png",667,631,false],"thumbnail":["https:\/\/filplast.pl\/wp-content\/uploads\/2024\/03\/ROKA-TOP\u00ae-2-RG-250x250.png",250,250,true],"medium":["https:\/\/filplast.pl\/wp-content\/uploads\/2024\/03\/ROKA-TOP\u00ae-2-RG-400x378.png",400,378,true],"medium_large":["https:\/\/filplast.pl\/wp-content\/uploads\/2024\/03\/ROKA-TOP\u00ae-2-RG.png",667,631,false],"large":["https:\/\/filplast.pl\/wp-content\/uploads\/2024\/03\/ROKA-TOP\u00ae-2-RG.png",667,631,false],"1536x1536":["https:\/\/filplast.pl\/wp-content\/uploads\/2024\/03\/ROKA-TOP\u00ae-2-RG.png",667,631,false],"2048x2048":["https:\/\/filplast.pl\/wp-content\/uploads\/2024\/03\/ROKA-TOP\u00ae-2-RG.png",667,631,false],"depcore-widget-post-thumb":["https:\/\/filplast.pl\/wp-content\/uploads\/2024\/03\/ROKA-TOP\u00ae-2-RG-65x65.png",65,65,true],"depcore-widget-post-medium":["https:\/\/filplast.pl\/wp-content\/uploads\/2024\/03\/ROKA-TOP\u00ae-2-RG-280x150.png",280,150,true],"square":["https:\/\/filplast.pl\/wp-content\/uploads\/2024\/03\/ROKA-TOP\u00ae-2-RG-500x500.png",500,500,true],"small-square":["https:\/\/filplast.pl\/wp-content\/uploads\/2024\/03\/ROKA-TOP\u00ae-2-RG-250x250.png",250,250,true],"slider-image":["https:\/\/filplast.pl\/wp-content\/uploads\/2024\/03\/ROKA-TOP\u00ae-2-RG-667x500.png",667,500,true],"":["https:\/\/filplast.pl\/wp-content\/uploads\/2024\/03\/ROKA-TOP\u00ae-2-RG.png",264,250,false]},"uagb_author_info":{"display_name":"Micha\u0142 Mrukot","author_link":"https:\/\/filplast.pl\/de\/author\/"},"uagb_comment_info":0,"uagb_excerpt":"ROKA-TOP\u00ae 2 RG ist eine raumseitig geschlossene Variante des Kastens.","_links":{"self":[{"href":"https:\/\/filplast.pl\/de\/wp-json\/wp\/v2\/product\/46222","targetHints":{"allow":["GET"]}}],"collection":[{"href":"https:\/\/filplast.pl\/de\/wp-json\/wp\/v2\/product"}],"about":[{"href":"https:\/\/filplast.pl\/de\/wp-json\/wp\/v2\/types\/product"}],"version-history":[{"count":2,"href":"https:\/\/filplast.pl\/de\/wp-json\/wp\/v2\/product\/46222\/revisions"}],"predecessor-version":[{"id":46224,"href":"https:\/\/filplast.pl\/de\/wp-json\/wp\/v2\/product\/46222\/revisions\/46224"}],"wp:featuredmedia":[{"embeddable":true,"href":"https:\/\/filplast.pl\/de\/wp-json\/wp\/v2\/media\/46186"}],"wp:attachment":[{"href":"https:\/\/filplast.pl\/de\/wp-json\/wp\/v2\/media?parent=46222"}],"curies":[{"name":"wp","href":"https:\/\/api.w.org\/{rel}","templated":true}]}}