{"id":47351,"date":"2024-04-04T13:54:16","date_gmt":"2024-04-04T11:54:16","guid":{"rendered":"https:\/\/filplast.pl\/?post_type=product&#038;p=47351"},"modified":"2024-04-08T12:08:36","modified_gmt":"2024-04-08T10:08:36","slug":"tenbox","status":"publish","type":"product","link":"https:\/\/filplast.pl\/de\/produkt\/tenbox\/","title":{"rendered":"TENBOX"},"content":{"rendered":"<div id=\"modal-ready\">\n<p>Raffstoren sind mit einer Blende in zwei Varianten erh\u00e4ltlich. Unterputzversion: Robuster Putztr\u00e4ger in der Vorderseite des Kastens, welcher die Isolierung des Kastens erleichtert, ALUFOX\u00ae W\u00e4rmed\u00e4mmatte + STYRODUR 15 mm hervorragende Isolierung auf R\u00fcckseite des Kastens. Freistehende Version: verschiedene Kastenh\u00f6hen, vordere Revisionsklappe f\u00fcr einfache Montage und Wartung.<\/p>\n\n\n\n<div class=\"wp-block-buttons is-layout-flex wp-block-buttons-is-layout-flex\">\n<div class=\"wp-block-button is-style-fill\"><a class=\"wp-block-button__link has-white-color has-text-color has-background has-link-color wp-element-button\" href=\"https:\/\/filplast.pl\/wp-content\/uploads\/2024\/04\/TENBOX-Raffstorensystem-DE-3.pdf\" style=\"background-color:#01387b\" target=\"_blank\" rel=\"noreferrer noopener\"><strong>Produktkarte<\/strong><\/a><\/div>\n<\/div>\n<\/div>","protected":false},"excerpt":{"rendered":"<p>Raffstoren sind mit einer Blende in zwei Varianten erh\u00e4ltlich.<\/p>\n","protected":false},"featured_media":46701,"parent":0,"menu_order":27,"template":"","class_list":["post-47351","product","type-product","status-publish","has-post-thumbnail","hentry","product-category-raffstoreanlagen","product-line-platinumline-de"],"yoast_head":"<!-- This site is optimized with the Yoast SEO plugin v24.7 - https:\/\/yoast.com\/wordpress\/plugins\/seo\/ -->\n<title>TENBOX Filplast - F\u00fcr Generationen<\/title>\n<meta name=\"robots\" content=\"index, follow, max-snippet:-1, max-image-preview:large, max-video-preview:-1\" \/>\n<link rel=\"canonical\" href=\"https:\/\/filplast.pl\/de\/produkt\/tenbox\/\" \/>\n<meta property=\"og:locale\" content=\"de_DE\" \/>\n<meta property=\"og:type\" content=\"article\" \/>\n<meta property=\"og:title\" content=\"TENBOX Filplast - F\u00fcr Generationen\" \/>\n<meta property=\"og:description\" content=\"Raffstoren sind mit einer Blende in zwei Varianten erh\u00e4ltlich.\" \/>\n<meta property=\"og:url\" content=\"https:\/\/filplast.pl\/de\/produkt\/tenbox\/\" \/>\n<meta property=\"og:site_name\" content=\"Filplast f\u00fcr Generationen\" \/>\n<meta property=\"article:publisher\" content=\"https:\/\/www.facebook.com\/filplast.firma\" \/>\n<meta property=\"article:modified_time\" content=\"2024-04-08T10:08:36+00:00\" \/>\n<meta property=\"og:image\" content=\"https:\/\/filplast.pl\/wp-content\/uploads\/2024\/03\/TENBOX-www-2.png\" \/>\n\t<meta property=\"og:image:width\" content=\"1080\" \/>\n\t<meta property=\"og:image:height\" content=\"1080\" \/>\n\t<meta property=\"og:image:type\" content=\"image\/png\" \/>\n<meta name=\"twitter:card\" content=\"summary_large_image\" \/>\n<meta name=\"twitter:label1\" content=\"Gesch\u00e4tzte Lesezeit\" \/>\n\t<meta name=\"twitter:data1\" content=\"1\u00a0Minute\" \/>\n<script type=\"application\/ld+json\" class=\"yoast-schema-graph\">{\"@context\":\"https:\/\/schema.org\",\"@graph\":[{\"@type\":\"WebPage\",\"@id\":\"https:\/\/filplast.pl\/de\/produkt\/tenbox\/\",\"url\":\"https:\/\/filplast.pl\/de\/produkt\/tenbox\/\",\"name\":\"TENBOX Filplast - F\u00fcr Generationen\",\"isPartOf\":{\"@id\":\"https:\/\/filplast.pl\/de\/#website\"},\"primaryImageOfPage\":{\"@id\":\"https:\/\/filplast.pl\/de\/produkt\/tenbox\/#primaryimage\"},\"image\":{\"@id\":\"https:\/\/filplast.pl\/de\/produkt\/tenbox\/#primaryimage\"},\"thumbnailUrl\":\"https:\/\/filplast.pl\/wp-content\/uploads\/2024\/03\/TENBOX-www-2.png\",\"datePublished\":\"2024-04-04T11:54:16+00:00\",\"dateModified\":\"2024-04-08T10:08:36+00:00\",\"breadcrumb\":{\"@id\":\"https:\/\/filplast.pl\/de\/produkt\/tenbox\/#breadcrumb\"},\"inLanguage\":\"de\",\"potentialAction\":[{\"@type\":\"ReadAction\",\"target\":[\"https:\/\/filplast.pl\/de\/produkt\/tenbox\/\"]}]},{\"@type\":\"ImageObject\",\"inLanguage\":\"de\",\"@id\":\"https:\/\/filplast.pl\/de\/produkt\/tenbox\/#primaryimage\",\"url\":\"https:\/\/filplast.pl\/wp-content\/uploads\/2024\/03\/TENBOX-www-2.png\",\"contentUrl\":\"https:\/\/filplast.pl\/wp-content\/uploads\/2024\/03\/TENBOX-www-2.png\",\"width\":1080,\"height\":1080},{\"@type\":\"BreadcrumbList\",\"@id\":\"https:\/\/filplast.pl\/de\/produkt\/tenbox\/#breadcrumb\",\"itemListElement\":[{\"@type\":\"ListItem\",\"position\":1,\"name\":\"Startseite\",\"item\":\"https:\/\/filplast.pl\/de\/\"},{\"@type\":\"ListItem\",\"position\":2,\"name\":\"Produkte\",\"item\":\"https:\/\/filplast.pl\/de\/produkt\/\"},{\"@type\":\"ListItem\",\"position\":3,\"name\":\"TENBOX\"}]},{\"@type\":\"WebSite\",\"@id\":\"https:\/\/filplast.pl\/de\/#website\",\"url\":\"https:\/\/filplast.pl\/de\/\",\"name\":\"Filplast f\u00fcr Generationen\",\"description\":\"Gersteller gesunder Fenster\",\"publisher\":{\"@id\":\"https:\/\/filplast.pl\/de\/#organization\"},\"potentialAction\":[{\"@type\":\"SearchAction\",\"target\":{\"@type\":\"EntryPoint\",\"urlTemplate\":\"https:\/\/filplast.pl\/de\/?s={search_term_string}\"},\"query-input\":{\"@type\":\"PropertyValueSpecification\",\"valueRequired\":true,\"valueName\":\"search_term_string\"}}],\"inLanguage\":\"de\"},{\"@type\":\"Organization\",\"@id\":\"https:\/\/filplast.pl\/de\/#organization\",\"name\":\"Filplast f\u00fcr Generationen\",\"url\":\"https:\/\/filplast.pl\/de\/\",\"logo\":{\"@type\":\"ImageObject\",\"inLanguage\":\"de\",\"@id\":\"https:\/\/filplast.pl\/de\/#\/schema\/logo\/image\/\",\"url\":\"https:\/\/filplast.pl\/wp-content\/uploads\/2023\/10\/favicon-filplast.png\",\"contentUrl\":\"https:\/\/filplast.pl\/wp-content\/uploads\/2023\/10\/favicon-filplast.png\",\"width\":2134,\"height\":2134,\"caption\":\"Filplast f\u00fcr Generationen\"},\"image\":{\"@id\":\"https:\/\/filplast.pl\/de\/#\/schema\/logo\/image\/\"},\"sameAs\":[\"https:\/\/www.facebook.com\/filplast.firma\",\"https:\/\/pl.pinterest.com\/filplast\/\",\"https:\/\/www.youtube.com\/FILPLASTchannel\",\"https:\/\/pl.linkedin.com\/company\/filplast-sp.-z-o.o.\",\"https:\/\/www.instagram.com\/filplast\/\"]}]}<\/script>\n<!-- \/ Yoast SEO plugin. -->","yoast_head_json":{"title":"TENBOX Filplast - F\u00fcr Generationen","robots":{"index":"index","follow":"follow","max-snippet":"max-snippet:-1","max-image-preview":"max-image-preview:large","max-video-preview":"max-video-preview:-1"},"canonical":"https:\/\/filplast.pl\/de\/produkt\/tenbox\/","og_locale":"de_DE","og_type":"article","og_title":"TENBOX Filplast - F\u00fcr Generationen","og_description":"Raffstoren sind mit einer Blende in zwei Varianten erh\u00e4ltlich.","og_url":"https:\/\/filplast.pl\/de\/produkt\/tenbox\/","og_site_name":"Filplast f\u00fcr Generationen","article_publisher":"https:\/\/www.facebook.com\/filplast.firma","article_modified_time":"2024-04-08T10:08:36+00:00","og_image":[{"width":1080,"height":1080,"url":"https:\/\/filplast.pl\/wp-content\/uploads\/2024\/03\/TENBOX-www-2.png","type":"image\/png"}],"twitter_card":"summary_large_image","twitter_misc":{"Gesch\u00e4tzte Lesezeit":"1\u00a0Minute"},"schema":{"@context":"https:\/\/schema.org","@graph":[{"@type":"WebPage","@id":"https:\/\/filplast.pl\/de\/produkt\/tenbox\/","url":"https:\/\/filplast.pl\/de\/produkt\/tenbox\/","name":"TENBOX Filplast - F\u00fcr Generationen","isPartOf":{"@id":"https:\/\/filplast.pl\/de\/#website"},"primaryImageOfPage":{"@id":"https:\/\/filplast.pl\/de\/produkt\/tenbox\/#primaryimage"},"image":{"@id":"https:\/\/filplast.pl\/de\/produkt\/tenbox\/#primaryimage"},"thumbnailUrl":"https:\/\/filplast.pl\/wp-content\/uploads\/2024\/03\/TENBOX-www-2.png","datePublished":"2024-04-04T11:54:16+00:00","dateModified":"2024-04-08T10:08:36+00:00","breadcrumb":{"@id":"https:\/\/filplast.pl\/de\/produkt\/tenbox\/#breadcrumb"},"inLanguage":"de","potentialAction":[{"@type":"ReadAction","target":["https:\/\/filplast.pl\/de\/produkt\/tenbox\/"]}]},{"@type":"ImageObject","inLanguage":"de","@id":"https:\/\/filplast.pl\/de\/produkt\/tenbox\/#primaryimage","url":"https:\/\/filplast.pl\/wp-content\/uploads\/2024\/03\/TENBOX-www-2.png","contentUrl":"https:\/\/filplast.pl\/wp-content\/uploads\/2024\/03\/TENBOX-www-2.png","width":1080,"height":1080},{"@type":"BreadcrumbList","@id":"https:\/\/filplast.pl\/de\/produkt\/tenbox\/#breadcrumb","itemListElement":[{"@type":"ListItem","position":1,"name":"Startseite","item":"https:\/\/filplast.pl\/de\/"},{"@type":"ListItem","position":2,"name":"Produkte","item":"https:\/\/filplast.pl\/de\/produkt\/"},{"@type":"ListItem","position":3,"name":"TENBOX"}]},{"@type":"WebSite","@id":"https:\/\/filplast.pl\/de\/#website","url":"https:\/\/filplast.pl\/de\/","name":"Filplast f\u00fcr Generationen","description":"Gersteller gesunder Fenster","publisher":{"@id":"https:\/\/filplast.pl\/de\/#organization"},"potentialAction":[{"@type":"SearchAction","target":{"@type":"EntryPoint","urlTemplate":"https:\/\/filplast.pl\/de\/?s={search_term_string}"},"query-input":{"@type":"PropertyValueSpecification","valueRequired":true,"valueName":"search_term_string"}}],"inLanguage":"de"},{"@type":"Organization","@id":"https:\/\/filplast.pl\/de\/#organization","name":"Filplast f\u00fcr Generationen","url":"https:\/\/filplast.pl\/de\/","logo":{"@type":"ImageObject","inLanguage":"de","@id":"https:\/\/filplast.pl\/de\/#\/schema\/logo\/image\/","url":"https:\/\/filplast.pl\/wp-content\/uploads\/2023\/10\/favicon-filplast.png","contentUrl":"https:\/\/filplast.pl\/wp-content\/uploads\/2023\/10\/favicon-filplast.png","width":2134,"height":2134,"caption":"Filplast f\u00fcr Generationen"},"image":{"@id":"https:\/\/filplast.pl\/de\/#\/schema\/logo\/image\/"},"sameAs":["https:\/\/www.facebook.com\/filplast.firma","https:\/\/pl.pinterest.com\/filplast\/","https:\/\/www.youtube.com\/FILPLASTchannel","https:\/\/pl.linkedin.com\/company\/filplast-sp.-z-o.o.","https:\/\/www.instagram.com\/filplast\/"]}]}},"uagb_featured_image_src":{"full":["https:\/\/filplast.pl\/wp-content\/uploads\/2024\/03\/TENBOX-www-2.png",1080,1080,false],"thumbnail":["https:\/\/filplast.pl\/wp-content\/uploads\/2024\/03\/TENBOX-www-2-250x250.png",250,250,true],"medium":["https:\/\/filplast.pl\/wp-content\/uploads\/2024\/03\/TENBOX-www-2-400x400.png",400,400,true],"medium_large":["https:\/\/filplast.pl\/wp-content\/uploads\/2024\/03\/TENBOX-www-2-768x768.png",768,768,true],"large":["https:\/\/filplast.pl\/wp-content\/uploads\/2024\/03\/TENBOX-www-2-1024x1024.png",1024,1024,true],"1536x1536":["https:\/\/filplast.pl\/wp-content\/uploads\/2024\/03\/TENBOX-www-2.png",1080,1080,false],"2048x2048":["https:\/\/filplast.pl\/wp-content\/uploads\/2024\/03\/TENBOX-www-2.png",1080,1080,false],"depcore-widget-post-thumb":["https:\/\/filplast.pl\/wp-content\/uploads\/2024\/03\/TENBOX-www-2-65x65.png",65,65,true],"depcore-widget-post-medium":["https:\/\/filplast.pl\/wp-content\/uploads\/2024\/03\/TENBOX-www-2-280x150.png",280,150,true],"square":["https:\/\/filplast.pl\/wp-content\/uploads\/2024\/03\/TENBOX-www-2-500x500.png",500,500,true],"small-square":["https:\/\/filplast.pl\/wp-content\/uploads\/2024\/03\/TENBOX-www-2-250x250.png",250,250,true],"slider-image":["https:\/\/filplast.pl\/wp-content\/uploads\/2024\/03\/TENBOX-www-2-1080x500.png",1080,500,true],"":["https:\/\/filplast.pl\/wp-content\/uploads\/2024\/03\/TENBOX-www-2.png",250,250,false]},"uagb_author_info":{"display_name":"Micha\u0142 Mrukot","author_link":"https:\/\/filplast.pl\/de\/author\/"},"uagb_comment_info":0,"uagb_excerpt":"Raffstoren sind mit einer Blende in zwei Varianten erh\u00e4ltlich.","_links":{"self":[{"href":"https:\/\/filplast.pl\/de\/wp-json\/wp\/v2\/product\/47351","targetHints":{"allow":["GET"]}}],"collection":[{"href":"https:\/\/filplast.pl\/de\/wp-json\/wp\/v2\/product"}],"about":[{"href":"https:\/\/filplast.pl\/de\/wp-json\/wp\/v2\/types\/product"}],"version-history":[{"count":6,"href":"https:\/\/filplast.pl\/de\/wp-json\/wp\/v2\/product\/47351\/revisions"}],"predecessor-version":[{"id":47448,"href":"https:\/\/filplast.pl\/de\/wp-json\/wp\/v2\/product\/47351\/revisions\/47448"}],"wp:featuredmedia":[{"embeddable":true,"href":"https:\/\/filplast.pl\/de\/wp-json\/wp\/v2\/media\/46701"}],"wp:attachment":[{"href":"https:\/\/filplast.pl\/de\/wp-json\/wp\/v2\/media?parent=47351"}],"curies":[{"name":"wp","href":"https:\/\/api.w.org\/{rel}","templated":true}]}}