{"id":5091,"date":"2021-03-06T14:27:34","date_gmt":"2021-03-06T13:27:34","guid":{"rendered":"https:\/\/filplast.pl\/produkt\/alustar-104\/"},"modified":"2026-01-15T15:45:23","modified_gmt":"2026-01-15T14:45:23","slug":"alu-fenster-alustar-104","status":"publish","type":"product","link":"https:\/\/filplast.pl\/de\/produkt\/alu-fenster-alustar-104\/","title":{"rendered":"AluStar 104"},"content":{"rendered":"<div id=\"modal-ready\">\n<p style=\"font-size:14px\">Fenster im AluStar104 System&nbsp; empfehlen wir f\u00fcr passives und energiesparendes Bauwesen. Dieses System eignet sich f\u00fcr verschiedene Arten von Fenstern, Windf\u00e4ngen, Vitrinen und Winterg\u00e4rten.<\/p>\n\n\n\n<div style=\"height:10px\" aria-hidden=\"true\" class=\"wp-block-spacer\"><\/div>\n\n\n\n<p><strong><a href=\"https:\/\/filplast.pl\/katalogi\/kolory-veka-de\/#book\/\" target=\"_blank\" rel=\"noreferrer noopener\"><\/a><a href=\"https:\/\/filplast.pl\/katalogi\/kolory-adec-de\/#book\/\" target=\"_blank\" rel=\"noreferrer noopener\"><strong>Verf\u00fcgbare folierungen<\/strong><\/a> \u279c<\/strong><\/p>\n\n\n\n<div class=\"wp-block-buttons is-layout-flex wp-block-buttons-is-layout-flex\">\n<div class=\"wp-block-button\"><a class=\"wp-block-button__link has-background wp-element-button\" href=\"https:\/\/filplast.pl\/wp-content\/uploads\/2022\/07\/alustar_104_DE-1.pdf\" style=\"background-color:#00387b\" target=\"_blank\" rel=\"noreferrer noopener\">Produktkarte<\/a><\/div>\n<\/div>\n<\/div>","protected":false},"excerpt":{"rendered":"<p>AluViva 104 sind Fenster mit einer hohen W\u04d3rmed\u04d3mmung und Wiederstandskraft gegen Wasser und starken Wind- bis zu 200 km\/h. Das System eignet sich ideal f\u00fcr energiesparende und passive H\u00e4usern- diess System hat das Zertifikat des renommierten Passivhaus Institut Darmstadt (PHI).<\/p>\n","protected":false},"featured_media":4523,"parent":0,"menu_order":351,"template":"","class_list":["post-5091","product","type-product","status-publish","has-post-thumbnail","hentry","product-category-fenster","product-category-aluminium-de","product-line-platinumline-de"],"yoast_head":"<!-- This site is optimized with the Yoast SEO plugin v24.7 - https:\/\/yoast.com\/wordpress\/plugins\/seo\/ -->\n<title>Aluminium Fenster AluStar 104 - Filplast f\u00fcr Generationen<\/title>\n<meta name=\"robots\" content=\"index, follow, max-snippet:-1, max-image-preview:large, max-video-preview:-1\" \/>\n<link rel=\"canonical\" href=\"https:\/\/filplast.pl\/de\/produkt\/alu-fenster-alustar-104\/\" \/>\n<meta property=\"og:locale\" content=\"de_DE\" \/>\n<meta property=\"og:type\" content=\"article\" \/>\n<meta property=\"og:title\" content=\"Aluminium Fenster AluStar 104 - Filplast f\u00fcr Generationen\" \/>\n<meta property=\"og:description\" content=\"AluViva 104 sind Fenster mit einer hohen W\u04d3rmed\u04d3mmung und Wiederstandskraft gegen Wasser und starken Wind- bis zu 200 km\/h. Das System eignet sich ideal f\u00fcr energiesparende und passive H\u00e4usern- diess System hat das Zertifikat des renommierten Passivhaus Institut Darmstadt (PHI).\" \/>\n<meta property=\"og:url\" content=\"https:\/\/filplast.pl\/de\/produkt\/alu-fenster-alustar-104\/\" \/>\n<meta property=\"og:site_name\" content=\"Filplast f\u00fcr Generationen\" \/>\n<meta property=\"article:publisher\" content=\"https:\/\/www.facebook.com\/filplast.firma\" \/>\n<meta property=\"article:modified_time\" content=\"2026-01-15T14:45:23+00:00\" \/>\n<meta property=\"og:image\" content=\"https:\/\/filplast.pl\/wp-content\/uploads\/2020\/12\/alustar-104-mini-1.jpg\" \/>\n\t<meta property=\"og:image:width\" content=\"1100\" \/>\n\t<meta property=\"og:image:height\" content=\"1100\" \/>\n\t<meta property=\"og:image:type\" content=\"image\/jpeg\" \/>\n<meta name=\"twitter:card\" content=\"summary_large_image\" \/>\n<meta name=\"twitter:label1\" content=\"Gesch\u00e4tzte Lesezeit\" \/>\n\t<meta name=\"twitter:data1\" content=\"1\u00a0Minute\" \/>\n<script type=\"application\/ld+json\" class=\"yoast-schema-graph\">{\"@context\":\"https:\/\/schema.org\",\"@graph\":[{\"@type\":\"WebPage\",\"@id\":\"https:\/\/filplast.pl\/de\/produkt\/alu-fenster-alustar-104\/\",\"url\":\"https:\/\/filplast.pl\/de\/produkt\/alu-fenster-alustar-104\/\",\"name\":\"Aluminium Fenster AluStar 104 - Filplast f\u00fcr Generationen\",\"isPartOf\":{\"@id\":\"https:\/\/filplast.pl\/de\/#website\"},\"primaryImageOfPage\":{\"@id\":\"https:\/\/filplast.pl\/de\/produkt\/alu-fenster-alustar-104\/#primaryimage\"},\"image\":{\"@id\":\"https:\/\/filplast.pl\/de\/produkt\/alu-fenster-alustar-104\/#primaryimage\"},\"thumbnailUrl\":\"https:\/\/filplast.pl\/wp-content\/uploads\/2020\/12\/alustar-104-mini-1.jpg\",\"datePublished\":\"2021-03-06T13:27:34+00:00\",\"dateModified\":\"2026-01-15T14:45:23+00:00\",\"breadcrumb\":{\"@id\":\"https:\/\/filplast.pl\/de\/produkt\/alu-fenster-alustar-104\/#breadcrumb\"},\"inLanguage\":\"de\",\"potentialAction\":[{\"@type\":\"ReadAction\",\"target\":[\"https:\/\/filplast.pl\/de\/produkt\/alu-fenster-alustar-104\/\"]}]},{\"@type\":\"ImageObject\",\"inLanguage\":\"de\",\"@id\":\"https:\/\/filplast.pl\/de\/produkt\/alu-fenster-alustar-104\/#primaryimage\",\"url\":\"https:\/\/filplast.pl\/wp-content\/uploads\/2020\/12\/alustar-104-mini-1.jpg\",\"contentUrl\":\"https:\/\/filplast.pl\/wp-content\/uploads\/2020\/12\/alustar-104-mini-1.jpg\",\"width\":1100,\"height\":1100},{\"@type\":\"BreadcrumbList\",\"@id\":\"https:\/\/filplast.pl\/de\/produkt\/alu-fenster-alustar-104\/#breadcrumb\",\"itemListElement\":[{\"@type\":\"ListItem\",\"position\":1,\"name\":\"Startseite\",\"item\":\"https:\/\/filplast.pl\/de\/\"},{\"@type\":\"ListItem\",\"position\":2,\"name\":\"Produkte\",\"item\":\"https:\/\/filplast.pl\/de\/produkt\/\"},{\"@type\":\"ListItem\",\"position\":3,\"name\":\"AluStar 104\"}]},{\"@type\":\"WebSite\",\"@id\":\"https:\/\/filplast.pl\/de\/#website\",\"url\":\"https:\/\/filplast.pl\/de\/\",\"name\":\"Filplast f\u00fcr Generationen\",\"description\":\"Gersteller gesunder Fenster\",\"publisher\":{\"@id\":\"https:\/\/filplast.pl\/de\/#organization\"},\"potentialAction\":[{\"@type\":\"SearchAction\",\"target\":{\"@type\":\"EntryPoint\",\"urlTemplate\":\"https:\/\/filplast.pl\/de\/?s={search_term_string}\"},\"query-input\":{\"@type\":\"PropertyValueSpecification\",\"valueRequired\":true,\"valueName\":\"search_term_string\"}}],\"inLanguage\":\"de\"},{\"@type\":\"Organization\",\"@id\":\"https:\/\/filplast.pl\/de\/#organization\",\"name\":\"Filplast f\u00fcr Generationen\",\"url\":\"https:\/\/filplast.pl\/de\/\",\"logo\":{\"@type\":\"ImageObject\",\"inLanguage\":\"de\",\"@id\":\"https:\/\/filplast.pl\/de\/#\/schema\/logo\/image\/\",\"url\":\"https:\/\/filplast.pl\/wp-content\/uploads\/2023\/10\/favicon-filplast.png\",\"contentUrl\":\"https:\/\/filplast.pl\/wp-content\/uploads\/2023\/10\/favicon-filplast.png\",\"width\":2134,\"height\":2134,\"caption\":\"Filplast f\u00fcr Generationen\"},\"image\":{\"@id\":\"https:\/\/filplast.pl\/de\/#\/schema\/logo\/image\/\"},\"sameAs\":[\"https:\/\/www.facebook.com\/filplast.firma\",\"https:\/\/pl.pinterest.com\/filplast\/\",\"https:\/\/www.youtube.com\/FILPLASTchannel\",\"https:\/\/pl.linkedin.com\/company\/filplast-sp.-z-o.o.\",\"https:\/\/www.instagram.com\/filplast\/\"]}]}<\/script>\n<!-- \/ Yoast SEO plugin. -->","yoast_head_json":{"title":"Aluminium Fenster AluStar 104 - Filplast f\u00fcr Generationen","robots":{"index":"index","follow":"follow","max-snippet":"max-snippet:-1","max-image-preview":"max-image-preview:large","max-video-preview":"max-video-preview:-1"},"canonical":"https:\/\/filplast.pl\/de\/produkt\/alu-fenster-alustar-104\/","og_locale":"de_DE","og_type":"article","og_title":"Aluminium Fenster AluStar 104 - Filplast f\u00fcr Generationen","og_description":"AluViva 104 sind Fenster mit einer hohen W\u04d3rmed\u04d3mmung und Wiederstandskraft gegen Wasser und starken Wind- bis zu 200 km\/h. Das System eignet sich ideal f\u00fcr energiesparende und passive H\u00e4usern- diess System hat das Zertifikat des renommierten Passivhaus Institut Darmstadt (PHI).","og_url":"https:\/\/filplast.pl\/de\/produkt\/alu-fenster-alustar-104\/","og_site_name":"Filplast f\u00fcr Generationen","article_publisher":"https:\/\/www.facebook.com\/filplast.firma","article_modified_time":"2026-01-15T14:45:23+00:00","og_image":[{"width":1100,"height":1100,"url":"https:\/\/filplast.pl\/wp-content\/uploads\/2020\/12\/alustar-104-mini-1.jpg","type":"image\/jpeg"}],"twitter_card":"summary_large_image","twitter_misc":{"Gesch\u00e4tzte Lesezeit":"1\u00a0Minute"},"schema":{"@context":"https:\/\/schema.org","@graph":[{"@type":"WebPage","@id":"https:\/\/filplast.pl\/de\/produkt\/alu-fenster-alustar-104\/","url":"https:\/\/filplast.pl\/de\/produkt\/alu-fenster-alustar-104\/","name":"Aluminium Fenster AluStar 104 - Filplast f\u00fcr Generationen","isPartOf":{"@id":"https:\/\/filplast.pl\/de\/#website"},"primaryImageOfPage":{"@id":"https:\/\/filplast.pl\/de\/produkt\/alu-fenster-alustar-104\/#primaryimage"},"image":{"@id":"https:\/\/filplast.pl\/de\/produkt\/alu-fenster-alustar-104\/#primaryimage"},"thumbnailUrl":"https:\/\/filplast.pl\/wp-content\/uploads\/2020\/12\/alustar-104-mini-1.jpg","datePublished":"2021-03-06T13:27:34+00:00","dateModified":"2026-01-15T14:45:23+00:00","breadcrumb":{"@id":"https:\/\/filplast.pl\/de\/produkt\/alu-fenster-alustar-104\/#breadcrumb"},"inLanguage":"de","potentialAction":[{"@type":"ReadAction","target":["https:\/\/filplast.pl\/de\/produkt\/alu-fenster-alustar-104\/"]}]},{"@type":"ImageObject","inLanguage":"de","@id":"https:\/\/filplast.pl\/de\/produkt\/alu-fenster-alustar-104\/#primaryimage","url":"https:\/\/filplast.pl\/wp-content\/uploads\/2020\/12\/alustar-104-mini-1.jpg","contentUrl":"https:\/\/filplast.pl\/wp-content\/uploads\/2020\/12\/alustar-104-mini-1.jpg","width":1100,"height":1100},{"@type":"BreadcrumbList","@id":"https:\/\/filplast.pl\/de\/produkt\/alu-fenster-alustar-104\/#breadcrumb","itemListElement":[{"@type":"ListItem","position":1,"name":"Startseite","item":"https:\/\/filplast.pl\/de\/"},{"@type":"ListItem","position":2,"name":"Produkte","item":"https:\/\/filplast.pl\/de\/produkt\/"},{"@type":"ListItem","position":3,"name":"AluStar 104"}]},{"@type":"WebSite","@id":"https:\/\/filplast.pl\/de\/#website","url":"https:\/\/filplast.pl\/de\/","name":"Filplast f\u00fcr Generationen","description":"Gersteller gesunder Fenster","publisher":{"@id":"https:\/\/filplast.pl\/de\/#organization"},"potentialAction":[{"@type":"SearchAction","target":{"@type":"EntryPoint","urlTemplate":"https:\/\/filplast.pl\/de\/?s={search_term_string}"},"query-input":{"@type":"PropertyValueSpecification","valueRequired":true,"valueName":"search_term_string"}}],"inLanguage":"de"},{"@type":"Organization","@id":"https:\/\/filplast.pl\/de\/#organization","name":"Filplast f\u00fcr Generationen","url":"https:\/\/filplast.pl\/de\/","logo":{"@type":"ImageObject","inLanguage":"de","@id":"https:\/\/filplast.pl\/de\/#\/schema\/logo\/image\/","url":"https:\/\/filplast.pl\/wp-content\/uploads\/2023\/10\/favicon-filplast.png","contentUrl":"https:\/\/filplast.pl\/wp-content\/uploads\/2023\/10\/favicon-filplast.png","width":2134,"height":2134,"caption":"Filplast f\u00fcr Generationen"},"image":{"@id":"https:\/\/filplast.pl\/de\/#\/schema\/logo\/image\/"},"sameAs":["https:\/\/www.facebook.com\/filplast.firma","https:\/\/pl.pinterest.com\/filplast\/","https:\/\/www.youtube.com\/FILPLASTchannel","https:\/\/pl.linkedin.com\/company\/filplast-sp.-z-o.o.","https:\/\/www.instagram.com\/filplast\/"]}]}},"uagb_featured_image_src":{"full":["https:\/\/filplast.pl\/wp-content\/uploads\/2020\/12\/alustar-104-mini-1.jpg",1100,1100,false],"thumbnail":["https:\/\/filplast.pl\/wp-content\/uploads\/2020\/12\/alustar-104-mini-1-150x150.jpg",150,150,true],"medium":["https:\/\/filplast.pl\/wp-content\/uploads\/2020\/12\/alustar-104-mini-1-300x300.jpg",300,300,true],"medium_large":["https:\/\/filplast.pl\/wp-content\/uploads\/2020\/12\/alustar-104-mini-1-768x768.jpg",768,768,true],"large":["https:\/\/filplast.pl\/wp-content\/uploads\/2020\/12\/alustar-104-mini-1-1024x1024.jpg",1024,1024,true],"1536x1536":["https:\/\/filplast.pl\/wp-content\/uploads\/2020\/12\/alustar-104-mini-1.jpg",1100,1100,false],"2048x2048":["https:\/\/filplast.pl\/wp-content\/uploads\/2020\/12\/alustar-104-mini-1.jpg",1100,1100,false],"depcore-widget-post-thumb":["https:\/\/filplast.pl\/wp-content\/uploads\/2020\/12\/alustar-104-mini-1-65x65.jpg",65,65,true],"depcore-widget-post-medium":["https:\/\/filplast.pl\/wp-content\/uploads\/2020\/12\/alustar-104-mini-1-280x150.jpg",280,150,true],"square":["https:\/\/filplast.pl\/wp-content\/uploads\/2020\/12\/alustar-104-mini-1-500x500.jpg",500,500,true],"small-square":["https:\/\/filplast.pl\/wp-content\/uploads\/2020\/12\/alustar-104-mini-1-250x250.jpg",250,250,true],"slider-image":["https:\/\/filplast.pl\/wp-content\/uploads\/2020\/12\/alustar-104-mini-1-1080x500.jpg",1080,500,true],"":["https:\/\/filplast.pl\/wp-content\/uploads\/2020\/12\/alustar-104-mini-1.jpg",250,250,false]},"uagb_author_info":{"display_name":"Micha\u0142 Mrukot","author_link":"https:\/\/filplast.pl\/de\/author\/"},"uagb_comment_info":0,"uagb_excerpt":"AluViva 104 sind Fenster mit einer hohen W\u04d3rmed\u04d3mmung und Wiederstandskraft gegen Wasser und starken Wind- bis zu 200 km\/h. Das System eignet sich ideal f\u00fcr energiesparende und passive H\u00e4usern- diess System hat das Zertifikat des renommierten Passivhaus Institut Darmstadt (PHI).","_links":{"self":[{"href":"https:\/\/filplast.pl\/de\/wp-json\/wp\/v2\/product\/5091","targetHints":{"allow":["GET"]}}],"collection":[{"href":"https:\/\/filplast.pl\/de\/wp-json\/wp\/v2\/product"}],"about":[{"href":"https:\/\/filplast.pl\/de\/wp-json\/wp\/v2\/types\/product"}],"version-history":[{"count":7,"href":"https:\/\/filplast.pl\/de\/wp-json\/wp\/v2\/product\/5091\/revisions"}],"predecessor-version":[{"id":64288,"href":"https:\/\/filplast.pl\/de\/wp-json\/wp\/v2\/product\/5091\/revisions\/64288"}],"wp:featuredmedia":[{"embeddable":true,"href":"https:\/\/filplast.pl\/de\/wp-json\/wp\/v2\/media\/4523"}],"wp:attachment":[{"href":"https:\/\/filplast.pl\/de\/wp-json\/wp\/v2\/media?parent=5091"}],"curies":[{"name":"wp","href":"https:\/\/api.w.org\/{rel}","templated":true}]}}