{"id":5107,"date":"2021-03-07T13:23:26","date_gmt":"2021-03-07T12:23:26","guid":{"rendered":"https:\/\/filplast.pl\/produkt\/aluprof-mb-78ei\/"},"modified":"2021-05-28T09:06:50","modified_gmt":"2021-05-28T07:06:50","slug":"turen-aluprof-mb-78ei","status":"publish","type":"product","link":"https:\/\/filplast.pl\/de\/produkt\/turen-aluprof-mb-78ei\/","title":{"rendered":"Aluprof MB 78EI"},"content":{"rendered":"<div id=\"modal-ready\"><p>AluStar 78EI-T\u00fcren sind in einer Vielzahl von Farben und mit F\u00fcllungen aus feuerfestem Glas oder Paneelen erh\u00e4ltlich. Sie werden aus Materialien mit hoher Best\u00e4ndigkeit gegen mechanische Besch\u00e4digungen hergestellt.<\/p>\n<\/div>","protected":false},"excerpt":{"rendered":"<p>Das System wird verwendet, um ein- und zweifl\u00fcgelige Brandschutzw\u00e4nde mit unterschiedlicher Feuerwiderstandsklasse (von 15 Minuten bis sogar 90 Minuten) zu erstellen, die sowol innen als auch au\u00dfen verwenden werden k\u00f6nnen. Es zeichnet sich durch eine hohe thermische und akustische Isolierung aus.<\/p>\n","protected":false},"featured_media":1646,"parent":0,"menu_order":130,"template":"","class_list":["post-5107","product","type-product","status-publish","has-post-thumbnail","hentry","product-category-losungenfuergeschaftskunden","product-category-brandschutzsysteme-de"],"yoast_head":"<!-- This site is optimized with the Yoast SEO plugin v24.7 - https:\/\/yoast.com\/wordpress\/plugins\/seo\/ -->\n<title>Brandschutzt\u00fcr Aluprof MB 78EI - Filplast f\u00fcr Generationen<\/title>\n<meta name=\"robots\" content=\"index, follow, max-snippet:-1, max-image-preview:large, max-video-preview:-1\" \/>\n<link rel=\"canonical\" href=\"https:\/\/filplast.pl\/de\/produkt\/turen-aluprof-mb-78ei\/\" \/>\n<meta property=\"og:locale\" content=\"de_DE\" \/>\n<meta property=\"og:type\" content=\"article\" \/>\n<meta property=\"og:title\" content=\"Brandschutzt\u00fcr Aluprof MB 78EI - Filplast f\u00fcr Generationen\" \/>\n<meta property=\"og:description\" content=\"Das System wird verwendet, um ein- und zweifl\u00fcgelige Brandschutzw\u00e4nde mit unterschiedlicher Feuerwiderstandsklasse (von 15 Minuten bis sogar 90 Minuten) zu erstellen, die sowol innen als auch au\u00dfen verwenden werden k\u00f6nnen. Es zeichnet sich durch eine hohe thermische und akustische Isolierung aus.\" \/>\n<meta property=\"og:url\" content=\"https:\/\/filplast.pl\/de\/produkt\/turen-aluprof-mb-78ei\/\" \/>\n<meta property=\"og:site_name\" content=\"Filplast f\u00fcr Generationen\" \/>\n<meta property=\"article:publisher\" content=\"https:\/\/www.facebook.com\/filplast.firma\" \/>\n<meta property=\"article:modified_time\" content=\"2021-05-28T07:06:50+00:00\" \/>\n<meta property=\"og:image\" content=\"https:\/\/filplast.pl\/wp-content\/uploads\/2020\/12\/Drzwi-AluStar-78EI.png\" \/>\n\t<meta property=\"og:image:width\" content=\"800\" \/>\n\t<meta property=\"og:image:height\" content=\"800\" \/>\n\t<meta property=\"og:image:type\" content=\"image\/png\" \/>\n<meta name=\"twitter:card\" content=\"summary_large_image\" \/>\n<script type=\"application\/ld+json\" class=\"yoast-schema-graph\">{\"@context\":\"https:\/\/schema.org\",\"@graph\":[{\"@type\":\"WebPage\",\"@id\":\"https:\/\/filplast.pl\/de\/produkt\/turen-aluprof-mb-78ei\/\",\"url\":\"https:\/\/filplast.pl\/de\/produkt\/turen-aluprof-mb-78ei\/\",\"name\":\"Brandschutzt\u00fcr Aluprof MB 78EI - Filplast f\u00fcr Generationen\",\"isPartOf\":{\"@id\":\"https:\/\/filplast.pl\/de\/#website\"},\"primaryImageOfPage\":{\"@id\":\"https:\/\/filplast.pl\/de\/produkt\/turen-aluprof-mb-78ei\/#primaryimage\"},\"image\":{\"@id\":\"https:\/\/filplast.pl\/de\/produkt\/turen-aluprof-mb-78ei\/#primaryimage\"},\"thumbnailUrl\":\"https:\/\/filplast.pl\/wp-content\/uploads\/2020\/12\/Drzwi-AluStar-78EI.png\",\"datePublished\":\"2021-03-07T12:23:26+00:00\",\"dateModified\":\"2021-05-28T07:06:50+00:00\",\"breadcrumb\":{\"@id\":\"https:\/\/filplast.pl\/de\/produkt\/turen-aluprof-mb-78ei\/#breadcrumb\"},\"inLanguage\":\"de\",\"potentialAction\":[{\"@type\":\"ReadAction\",\"target\":[\"https:\/\/filplast.pl\/de\/produkt\/turen-aluprof-mb-78ei\/\"]}]},{\"@type\":\"ImageObject\",\"inLanguage\":\"de\",\"@id\":\"https:\/\/filplast.pl\/de\/produkt\/turen-aluprof-mb-78ei\/#primaryimage\",\"url\":\"https:\/\/filplast.pl\/wp-content\/uploads\/2020\/12\/Drzwi-AluStar-78EI.png\",\"contentUrl\":\"https:\/\/filplast.pl\/wp-content\/uploads\/2020\/12\/Drzwi-AluStar-78EI.png\",\"width\":800,\"height\":800,\"caption\":\"T\u00fcren AluStar 78EI\"},{\"@type\":\"BreadcrumbList\",\"@id\":\"https:\/\/filplast.pl\/de\/produkt\/turen-aluprof-mb-78ei\/#breadcrumb\",\"itemListElement\":[{\"@type\":\"ListItem\",\"position\":1,\"name\":\"Startseite\",\"item\":\"https:\/\/filplast.pl\/de\/\"},{\"@type\":\"ListItem\",\"position\":2,\"name\":\"Produkte\",\"item\":\"https:\/\/filplast.pl\/de\/produkt\/\"},{\"@type\":\"ListItem\",\"position\":3,\"name\":\"Aluprof MB 78EI\"}]},{\"@type\":\"WebSite\",\"@id\":\"https:\/\/filplast.pl\/de\/#website\",\"url\":\"https:\/\/filplast.pl\/de\/\",\"name\":\"Filplast f\u00fcr Generationen\",\"description\":\"Gersteller gesunder Fenster\",\"publisher\":{\"@id\":\"https:\/\/filplast.pl\/de\/#organization\"},\"potentialAction\":[{\"@type\":\"SearchAction\",\"target\":{\"@type\":\"EntryPoint\",\"urlTemplate\":\"https:\/\/filplast.pl\/de\/?s={search_term_string}\"},\"query-input\":{\"@type\":\"PropertyValueSpecification\",\"valueRequired\":true,\"valueName\":\"search_term_string\"}}],\"inLanguage\":\"de\"},{\"@type\":\"Organization\",\"@id\":\"https:\/\/filplast.pl\/de\/#organization\",\"name\":\"Filplast f\u00fcr Generationen\",\"url\":\"https:\/\/filplast.pl\/de\/\",\"logo\":{\"@type\":\"ImageObject\",\"inLanguage\":\"de\",\"@id\":\"https:\/\/filplast.pl\/de\/#\/schema\/logo\/image\/\",\"url\":\"https:\/\/filplast.pl\/wp-content\/uploads\/2023\/10\/favicon-filplast.png\",\"contentUrl\":\"https:\/\/filplast.pl\/wp-content\/uploads\/2023\/10\/favicon-filplast.png\",\"width\":2134,\"height\":2134,\"caption\":\"Filplast f\u00fcr Generationen\"},\"image\":{\"@id\":\"https:\/\/filplast.pl\/de\/#\/schema\/logo\/image\/\"},\"sameAs\":[\"https:\/\/www.facebook.com\/filplast.firma\",\"https:\/\/pl.pinterest.com\/filplast\/\",\"https:\/\/www.youtube.com\/FILPLASTchannel\",\"https:\/\/pl.linkedin.com\/company\/filplast-sp.-z-o.o.\",\"https:\/\/www.instagram.com\/filplast\/\"]}]}<\/script>\n<!-- \/ Yoast SEO plugin. -->","yoast_head_json":{"title":"Brandschutzt\u00fcr Aluprof MB 78EI - Filplast f\u00fcr Generationen","robots":{"index":"index","follow":"follow","max-snippet":"max-snippet:-1","max-image-preview":"max-image-preview:large","max-video-preview":"max-video-preview:-1"},"canonical":"https:\/\/filplast.pl\/de\/produkt\/turen-aluprof-mb-78ei\/","og_locale":"de_DE","og_type":"article","og_title":"Brandschutzt\u00fcr Aluprof MB 78EI - Filplast f\u00fcr Generationen","og_description":"Das System wird verwendet, um ein- und zweifl\u00fcgelige Brandschutzw\u00e4nde mit unterschiedlicher Feuerwiderstandsklasse (von 15 Minuten bis sogar 90 Minuten) zu erstellen, die sowol innen als auch au\u00dfen verwenden werden k\u00f6nnen. Es zeichnet sich durch eine hohe thermische und akustische Isolierung aus.","og_url":"https:\/\/filplast.pl\/de\/produkt\/turen-aluprof-mb-78ei\/","og_site_name":"Filplast f\u00fcr Generationen","article_publisher":"https:\/\/www.facebook.com\/filplast.firma","article_modified_time":"2021-05-28T07:06:50+00:00","og_image":[{"width":800,"height":800,"url":"https:\/\/filplast.pl\/wp-content\/uploads\/2020\/12\/Drzwi-AluStar-78EI.png","type":"image\/png"}],"twitter_card":"summary_large_image","schema":{"@context":"https:\/\/schema.org","@graph":[{"@type":"WebPage","@id":"https:\/\/filplast.pl\/de\/produkt\/turen-aluprof-mb-78ei\/","url":"https:\/\/filplast.pl\/de\/produkt\/turen-aluprof-mb-78ei\/","name":"Brandschutzt\u00fcr Aluprof MB 78EI - Filplast f\u00fcr Generationen","isPartOf":{"@id":"https:\/\/filplast.pl\/de\/#website"},"primaryImageOfPage":{"@id":"https:\/\/filplast.pl\/de\/produkt\/turen-aluprof-mb-78ei\/#primaryimage"},"image":{"@id":"https:\/\/filplast.pl\/de\/produkt\/turen-aluprof-mb-78ei\/#primaryimage"},"thumbnailUrl":"https:\/\/filplast.pl\/wp-content\/uploads\/2020\/12\/Drzwi-AluStar-78EI.png","datePublished":"2021-03-07T12:23:26+00:00","dateModified":"2021-05-28T07:06:50+00:00","breadcrumb":{"@id":"https:\/\/filplast.pl\/de\/produkt\/turen-aluprof-mb-78ei\/#breadcrumb"},"inLanguage":"de","potentialAction":[{"@type":"ReadAction","target":["https:\/\/filplast.pl\/de\/produkt\/turen-aluprof-mb-78ei\/"]}]},{"@type":"ImageObject","inLanguage":"de","@id":"https:\/\/filplast.pl\/de\/produkt\/turen-aluprof-mb-78ei\/#primaryimage","url":"https:\/\/filplast.pl\/wp-content\/uploads\/2020\/12\/Drzwi-AluStar-78EI.png","contentUrl":"https:\/\/filplast.pl\/wp-content\/uploads\/2020\/12\/Drzwi-AluStar-78EI.png","width":800,"height":800,"caption":"T\u00fcren AluStar 78EI"},{"@type":"BreadcrumbList","@id":"https:\/\/filplast.pl\/de\/produkt\/turen-aluprof-mb-78ei\/#breadcrumb","itemListElement":[{"@type":"ListItem","position":1,"name":"Startseite","item":"https:\/\/filplast.pl\/de\/"},{"@type":"ListItem","position":2,"name":"Produkte","item":"https:\/\/filplast.pl\/de\/produkt\/"},{"@type":"ListItem","position":3,"name":"Aluprof MB 78EI"}]},{"@type":"WebSite","@id":"https:\/\/filplast.pl\/de\/#website","url":"https:\/\/filplast.pl\/de\/","name":"Filplast f\u00fcr Generationen","description":"Gersteller gesunder Fenster","publisher":{"@id":"https:\/\/filplast.pl\/de\/#organization"},"potentialAction":[{"@type":"SearchAction","target":{"@type":"EntryPoint","urlTemplate":"https:\/\/filplast.pl\/de\/?s={search_term_string}"},"query-input":{"@type":"PropertyValueSpecification","valueRequired":true,"valueName":"search_term_string"}}],"inLanguage":"de"},{"@type":"Organization","@id":"https:\/\/filplast.pl\/de\/#organization","name":"Filplast f\u00fcr Generationen","url":"https:\/\/filplast.pl\/de\/","logo":{"@type":"ImageObject","inLanguage":"de","@id":"https:\/\/filplast.pl\/de\/#\/schema\/logo\/image\/","url":"https:\/\/filplast.pl\/wp-content\/uploads\/2023\/10\/favicon-filplast.png","contentUrl":"https:\/\/filplast.pl\/wp-content\/uploads\/2023\/10\/favicon-filplast.png","width":2134,"height":2134,"caption":"Filplast f\u00fcr Generationen"},"image":{"@id":"https:\/\/filplast.pl\/de\/#\/schema\/logo\/image\/"},"sameAs":["https:\/\/www.facebook.com\/filplast.firma","https:\/\/pl.pinterest.com\/filplast\/","https:\/\/www.youtube.com\/FILPLASTchannel","https:\/\/pl.linkedin.com\/company\/filplast-sp.-z-o.o.","https:\/\/www.instagram.com\/filplast\/"]}]}},"uagb_featured_image_src":{"full":["https:\/\/filplast.pl\/wp-content\/uploads\/2020\/12\/Drzwi-AluStar-78EI.png",800,800,false],"thumbnail":["https:\/\/filplast.pl\/wp-content\/uploads\/2020\/12\/Drzwi-AluStar-78EI-150x150.png",150,150,true],"medium":["https:\/\/filplast.pl\/wp-content\/uploads\/2020\/12\/Drzwi-AluStar-78EI-300x300.png",300,300,true],"medium_large":["https:\/\/filplast.pl\/wp-content\/uploads\/2020\/12\/Drzwi-AluStar-78EI-768x768.png",768,768,true],"large":["https:\/\/filplast.pl\/wp-content\/uploads\/2020\/12\/Drzwi-AluStar-78EI.png",800,800,false],"1536x1536":["https:\/\/filplast.pl\/wp-content\/uploads\/2020\/12\/Drzwi-AluStar-78EI.png",800,800,false],"2048x2048":["https:\/\/filplast.pl\/wp-content\/uploads\/2020\/12\/Drzwi-AluStar-78EI.png",800,800,false],"depcore-widget-post-thumb":["https:\/\/filplast.pl\/wp-content\/uploads\/2020\/12\/Drzwi-AluStar-78EI.png",65,65,false],"depcore-widget-post-medium":["https:\/\/filplast.pl\/wp-content\/uploads\/2020\/12\/Drzwi-AluStar-78EI.png",150,150,false],"square":["https:\/\/filplast.pl\/wp-content\/uploads\/2020\/12\/Drzwi-AluStar-78EI-500x500.png",500,500,true],"small-square":["https:\/\/filplast.pl\/wp-content\/uploads\/2020\/12\/Drzwi-AluStar-78EI.png",250,250,false],"slider-image":["https:\/\/filplast.pl\/wp-content\/uploads\/2020\/12\/Drzwi-AluStar-78EI-800x500.png",800,500,true],"":["https:\/\/filplast.pl\/wp-content\/uploads\/2020\/12\/Drzwi-AluStar-78EI.png",250,250,false]},"uagb_author_info":{"display_name":"admin","author_link":"https:\/\/filplast.pl\/de\/author\/"},"uagb_comment_info":0,"uagb_excerpt":"Das System wird verwendet, um ein- und zweifl\u00fcgelige Brandschutzw\u00e4nde mit unterschiedlicher Feuerwiderstandsklasse (von 15 Minuten bis sogar 90 Minuten) zu erstellen, die sowol innen als auch au\u00dfen verwenden werden k\u00f6nnen. Es zeichnet sich durch eine hohe thermische und akustische Isolierung aus.","_links":{"self":[{"href":"https:\/\/filplast.pl\/de\/wp-json\/wp\/v2\/product\/5107","targetHints":{"allow":["GET"]}}],"collection":[{"href":"https:\/\/filplast.pl\/de\/wp-json\/wp\/v2\/product"}],"about":[{"href":"https:\/\/filplast.pl\/de\/wp-json\/wp\/v2\/types\/product"}],"version-history":[{"count":2,"href":"https:\/\/filplast.pl\/de\/wp-json\/wp\/v2\/product\/5107\/revisions"}],"predecessor-version":[{"id":8613,"href":"https:\/\/filplast.pl\/de\/wp-json\/wp\/v2\/product\/5107\/revisions\/8613"}],"wp:featuredmedia":[{"embeddable":true,"href":"https:\/\/filplast.pl\/de\/wp-json\/wp\/v2\/media\/1646"}],"wp:attachment":[{"href":"https:\/\/filplast.pl\/de\/wp-json\/wp\/v2\/media?parent=5107"}],"curies":[{"name":"wp","href":"https:\/\/api.w.org\/{rel}","templated":true}]}}