{"id":5111,"date":"2021-03-07T15:19:43","date_gmt":"2021-03-07T14:19:43","guid":{"rendered":"https:\/\/filplast.pl\/produkt\/alustar-86\/"},"modified":"2025-12-19T11:40:33","modified_gmt":"2025-12-19T10:40:33","slug":"turen-alustar-86","status":"publish","type":"product","link":"https:\/\/filplast.pl\/de\/produkt\/turen-alustar-86\/","title":{"rendered":"AluStar 86"},"content":{"rendered":"<div id=\"modal-ready\"><p>Alustar 86-Profile zeichnen sich durch die hervorragende Festigkeit der Profile aus. Diese T\u00fcren k\u00f6nnen mit allen verf\u00fcgbaren Glasarten ausgestattet werden &#8211; inkl. Dreifachglas, Schallschutzscheiben, Einbruchschutzscheiben und verschiedenen Arten von F\u00fcllplatten. Auf Anfrage sind auch Varianten mit mit erh\u00f6hten W\u00e4rmed\u00e4mmparametern erh\u00e4ltlich.<\/p>\n<\/div>","protected":false},"excerpt":{"rendered":"<p>Sehr gute W\u00e4rmed\u00e4mmung, die M\u00f6glichkeit, Strukturen mit gro\u00dfem Gewicht und Abmessungen herzustellen &#8211; wir empfehlen das AluStar 86-System f\u00fcr energiesparende Geb\u00e4ude und Projekte mit au\u00dfergew\u00f6hnlich gro\u00dfen T\u00fcren (z. B. Kirchen, B\u00fcrogeb\u00e4ude, Banken und Mehrfamilienh\u00e4user).<\/p>\n","protected":false},"featured_media":4211,"parent":0,"menu_order":152,"template":"","class_list":["post-5111","product","type-product","status-publish","has-post-thumbnail","hentry","product-category-aluminium-de-2","product-category-ausenturen","product-category-turen","product-line-goldenline-de"],"yoast_head":"<!-- This site is optimized with the Yoast SEO plugin v24.7 - https:\/\/yoast.com\/wordpress\/plugins\/seo\/ -->\n<title>Aluminium Au\u00dfent\u00fcren<\/title>\n<meta name=\"robots\" content=\"index, follow, max-snippet:-1, max-image-preview:large, max-video-preview:-1\" \/>\n<link rel=\"canonical\" href=\"https:\/\/filplast.pl\/de\/produkt\/turen-alustar-86\/\" \/>\n<meta property=\"og:locale\" content=\"de_DE\" \/>\n<meta property=\"og:type\" content=\"article\" \/>\n<meta property=\"og:title\" content=\"Aluminium Au\u00dfent\u00fcren\" \/>\n<meta property=\"og:description\" content=\"Sehr gute W\u00e4rmed\u00e4mmung, die M\u00f6glichkeit, Strukturen mit gro\u00dfem Gewicht und Abmessungen herzustellen - wir empfehlen das AluStar 86-System f\u00fcr energiesparende Geb\u00e4ude und Projekte mit au\u00dfergew\u00f6hnlich gro\u00dfen T\u00fcren (z. B. Kirchen, B\u00fcrogeb\u00e4ude, Banken und Mehrfamilienh\u00e4user).\" \/>\n<meta property=\"og:url\" content=\"https:\/\/filplast.pl\/de\/produkt\/turen-alustar-86\/\" \/>\n<meta property=\"og:site_name\" content=\"Filplast f\u00fcr Generationen\" \/>\n<meta property=\"article:publisher\" content=\"https:\/\/www.facebook.com\/filplast.firma\" \/>\n<meta property=\"article:modified_time\" content=\"2025-12-19T10:40:33+00:00\" \/>\n<meta property=\"og:image\" content=\"https:\/\/filplast.pl\/wp-content\/uploads\/2021\/02\/Drzwi-AluStar-86.png\" \/>\n\t<meta property=\"og:image:width\" content=\"2000\" \/>\n\t<meta property=\"og:image:height\" content=\"2000\" \/>\n\t<meta property=\"og:image:type\" content=\"image\/png\" \/>\n<meta name=\"twitter:card\" content=\"summary_large_image\" \/>\n<meta name=\"twitter:label1\" content=\"Gesch\u00e4tzte Lesezeit\" \/>\n\t<meta name=\"twitter:data1\" content=\"1\u00a0Minute\" \/>\n<script type=\"application\/ld+json\" class=\"yoast-schema-graph\">{\"@context\":\"https:\/\/schema.org\",\"@graph\":[{\"@type\":\"WebPage\",\"@id\":\"https:\/\/filplast.pl\/de\/produkt\/turen-alustar-86\/\",\"url\":\"https:\/\/filplast.pl\/de\/produkt\/turen-alustar-86\/\",\"name\":\"Aluminium Au\u00dfent\u00fcren\",\"isPartOf\":{\"@id\":\"https:\/\/filplast.pl\/de\/#website\"},\"primaryImageOfPage\":{\"@id\":\"https:\/\/filplast.pl\/de\/produkt\/turen-alustar-86\/#primaryimage\"},\"image\":{\"@id\":\"https:\/\/filplast.pl\/de\/produkt\/turen-alustar-86\/#primaryimage\"},\"thumbnailUrl\":\"https:\/\/filplast.pl\/wp-content\/uploads\/2021\/02\/Drzwi-AluStar-86.png\",\"datePublished\":\"2021-03-07T14:19:43+00:00\",\"dateModified\":\"2025-12-19T10:40:33+00:00\",\"breadcrumb\":{\"@id\":\"https:\/\/filplast.pl\/de\/produkt\/turen-alustar-86\/#breadcrumb\"},\"inLanguage\":\"de\",\"potentialAction\":[{\"@type\":\"ReadAction\",\"target\":[\"https:\/\/filplast.pl\/de\/produkt\/turen-alustar-86\/\"]}]},{\"@type\":\"ImageObject\",\"inLanguage\":\"de\",\"@id\":\"https:\/\/filplast.pl\/de\/produkt\/turen-alustar-86\/#primaryimage\",\"url\":\"https:\/\/filplast.pl\/wp-content\/uploads\/2021\/02\/Drzwi-AluStar-86.png\",\"contentUrl\":\"https:\/\/filplast.pl\/wp-content\/uploads\/2021\/02\/Drzwi-AluStar-86.png\",\"width\":2000,\"height\":2000,\"caption\":\"AluStar 86 T\u00fcr\"},{\"@type\":\"BreadcrumbList\",\"@id\":\"https:\/\/filplast.pl\/de\/produkt\/turen-alustar-86\/#breadcrumb\",\"itemListElement\":[{\"@type\":\"ListItem\",\"position\":1,\"name\":\"Startseite\",\"item\":\"https:\/\/filplast.pl\/de\/\"},{\"@type\":\"ListItem\",\"position\":2,\"name\":\"Produkte\",\"item\":\"https:\/\/filplast.pl\/de\/produkt\/\"},{\"@type\":\"ListItem\",\"position\":3,\"name\":\"AluStar 86\"}]},{\"@type\":\"WebSite\",\"@id\":\"https:\/\/filplast.pl\/de\/#website\",\"url\":\"https:\/\/filplast.pl\/de\/\",\"name\":\"Filplast f\u00fcr Generationen\",\"description\":\"Gersteller gesunder Fenster\",\"publisher\":{\"@id\":\"https:\/\/filplast.pl\/de\/#organization\"},\"potentialAction\":[{\"@type\":\"SearchAction\",\"target\":{\"@type\":\"EntryPoint\",\"urlTemplate\":\"https:\/\/filplast.pl\/de\/?s={search_term_string}\"},\"query-input\":{\"@type\":\"PropertyValueSpecification\",\"valueRequired\":true,\"valueName\":\"search_term_string\"}}],\"inLanguage\":\"de\"},{\"@type\":\"Organization\",\"@id\":\"https:\/\/filplast.pl\/de\/#organization\",\"name\":\"Filplast f\u00fcr Generationen\",\"url\":\"https:\/\/filplast.pl\/de\/\",\"logo\":{\"@type\":\"ImageObject\",\"inLanguage\":\"de\",\"@id\":\"https:\/\/filplast.pl\/de\/#\/schema\/logo\/image\/\",\"url\":\"https:\/\/filplast.pl\/wp-content\/uploads\/2023\/10\/favicon-filplast.png\",\"contentUrl\":\"https:\/\/filplast.pl\/wp-content\/uploads\/2023\/10\/favicon-filplast.png\",\"width\":2134,\"height\":2134,\"caption\":\"Filplast f\u00fcr Generationen\"},\"image\":{\"@id\":\"https:\/\/filplast.pl\/de\/#\/schema\/logo\/image\/\"},\"sameAs\":[\"https:\/\/www.facebook.com\/filplast.firma\",\"https:\/\/pl.pinterest.com\/filplast\/\",\"https:\/\/www.youtube.com\/FILPLASTchannel\",\"https:\/\/pl.linkedin.com\/company\/filplast-sp.-z-o.o.\",\"https:\/\/www.instagram.com\/filplast\/\"]}]}<\/script>\n<!-- \/ Yoast SEO plugin. -->","yoast_head_json":{"title":"Aluminium Au\u00dfent\u00fcren","robots":{"index":"index","follow":"follow","max-snippet":"max-snippet:-1","max-image-preview":"max-image-preview:large","max-video-preview":"max-video-preview:-1"},"canonical":"https:\/\/filplast.pl\/de\/produkt\/turen-alustar-86\/","og_locale":"de_DE","og_type":"article","og_title":"Aluminium Au\u00dfent\u00fcren","og_description":"Sehr gute W\u00e4rmed\u00e4mmung, die M\u00f6glichkeit, Strukturen mit gro\u00dfem Gewicht und Abmessungen herzustellen - wir empfehlen das AluStar 86-System f\u00fcr energiesparende Geb\u00e4ude und Projekte mit au\u00dfergew\u00f6hnlich gro\u00dfen T\u00fcren (z. B. Kirchen, B\u00fcrogeb\u00e4ude, Banken und Mehrfamilienh\u00e4user).","og_url":"https:\/\/filplast.pl\/de\/produkt\/turen-alustar-86\/","og_site_name":"Filplast f\u00fcr Generationen","article_publisher":"https:\/\/www.facebook.com\/filplast.firma","article_modified_time":"2025-12-19T10:40:33+00:00","og_image":[{"width":2000,"height":2000,"url":"https:\/\/filplast.pl\/wp-content\/uploads\/2021\/02\/Drzwi-AluStar-86.png","type":"image\/png"}],"twitter_card":"summary_large_image","twitter_misc":{"Gesch\u00e4tzte Lesezeit":"1\u00a0Minute"},"schema":{"@context":"https:\/\/schema.org","@graph":[{"@type":"WebPage","@id":"https:\/\/filplast.pl\/de\/produkt\/turen-alustar-86\/","url":"https:\/\/filplast.pl\/de\/produkt\/turen-alustar-86\/","name":"Aluminium Au\u00dfent\u00fcren","isPartOf":{"@id":"https:\/\/filplast.pl\/de\/#website"},"primaryImageOfPage":{"@id":"https:\/\/filplast.pl\/de\/produkt\/turen-alustar-86\/#primaryimage"},"image":{"@id":"https:\/\/filplast.pl\/de\/produkt\/turen-alustar-86\/#primaryimage"},"thumbnailUrl":"https:\/\/filplast.pl\/wp-content\/uploads\/2021\/02\/Drzwi-AluStar-86.png","datePublished":"2021-03-07T14:19:43+00:00","dateModified":"2025-12-19T10:40:33+00:00","breadcrumb":{"@id":"https:\/\/filplast.pl\/de\/produkt\/turen-alustar-86\/#breadcrumb"},"inLanguage":"de","potentialAction":[{"@type":"ReadAction","target":["https:\/\/filplast.pl\/de\/produkt\/turen-alustar-86\/"]}]},{"@type":"ImageObject","inLanguage":"de","@id":"https:\/\/filplast.pl\/de\/produkt\/turen-alustar-86\/#primaryimage","url":"https:\/\/filplast.pl\/wp-content\/uploads\/2021\/02\/Drzwi-AluStar-86.png","contentUrl":"https:\/\/filplast.pl\/wp-content\/uploads\/2021\/02\/Drzwi-AluStar-86.png","width":2000,"height":2000,"caption":"AluStar 86 T\u00fcr"},{"@type":"BreadcrumbList","@id":"https:\/\/filplast.pl\/de\/produkt\/turen-alustar-86\/#breadcrumb","itemListElement":[{"@type":"ListItem","position":1,"name":"Startseite","item":"https:\/\/filplast.pl\/de\/"},{"@type":"ListItem","position":2,"name":"Produkte","item":"https:\/\/filplast.pl\/de\/produkt\/"},{"@type":"ListItem","position":3,"name":"AluStar 86"}]},{"@type":"WebSite","@id":"https:\/\/filplast.pl\/de\/#website","url":"https:\/\/filplast.pl\/de\/","name":"Filplast f\u00fcr Generationen","description":"Gersteller gesunder Fenster","publisher":{"@id":"https:\/\/filplast.pl\/de\/#organization"},"potentialAction":[{"@type":"SearchAction","target":{"@type":"EntryPoint","urlTemplate":"https:\/\/filplast.pl\/de\/?s={search_term_string}"},"query-input":{"@type":"PropertyValueSpecification","valueRequired":true,"valueName":"search_term_string"}}],"inLanguage":"de"},{"@type":"Organization","@id":"https:\/\/filplast.pl\/de\/#organization","name":"Filplast f\u00fcr Generationen","url":"https:\/\/filplast.pl\/de\/","logo":{"@type":"ImageObject","inLanguage":"de","@id":"https:\/\/filplast.pl\/de\/#\/schema\/logo\/image\/","url":"https:\/\/filplast.pl\/wp-content\/uploads\/2023\/10\/favicon-filplast.png","contentUrl":"https:\/\/filplast.pl\/wp-content\/uploads\/2023\/10\/favicon-filplast.png","width":2134,"height":2134,"caption":"Filplast f\u00fcr Generationen"},"image":{"@id":"https:\/\/filplast.pl\/de\/#\/schema\/logo\/image\/"},"sameAs":["https:\/\/www.facebook.com\/filplast.firma","https:\/\/pl.pinterest.com\/filplast\/","https:\/\/www.youtube.com\/FILPLASTchannel","https:\/\/pl.linkedin.com\/company\/filplast-sp.-z-o.o.","https:\/\/www.instagram.com\/filplast\/"]}]}},"uagb_featured_image_src":{"full":["https:\/\/filplast.pl\/wp-content\/uploads\/2021\/02\/Drzwi-AluStar-86.png",2000,2000,false],"thumbnail":["https:\/\/filplast.pl\/wp-content\/uploads\/2021\/02\/Drzwi-AluStar-86-150x150.png",150,150,true],"medium":["https:\/\/filplast.pl\/wp-content\/uploads\/2021\/02\/Drzwi-AluStar-86-300x300.png",300,300,true],"medium_large":["https:\/\/filplast.pl\/wp-content\/uploads\/2021\/02\/Drzwi-AluStar-86-768x768.png",768,768,true],"large":["https:\/\/filplast.pl\/wp-content\/uploads\/2021\/02\/Drzwi-AluStar-86-1024x1024.png",1024,1024,true],"1536x1536":["https:\/\/filplast.pl\/wp-content\/uploads\/2021\/02\/Drzwi-AluStar-86-1536x1536.png",1536,1536,true],"2048x2048":["https:\/\/filplast.pl\/wp-content\/uploads\/2021\/02\/Drzwi-AluStar-86.png",2000,2000,false],"depcore-widget-post-thumb":["https:\/\/filplast.pl\/wp-content\/uploads\/2021\/02\/Drzwi-AluStar-86-65x65.png",65,65,true],"depcore-widget-post-medium":["https:\/\/filplast.pl\/wp-content\/uploads\/2021\/02\/Drzwi-AluStar-86-280x150.png",280,150,true],"square":["https:\/\/filplast.pl\/wp-content\/uploads\/2021\/02\/Drzwi-AluStar-86-500x500.png",500,500,true],"small-square":["https:\/\/filplast.pl\/wp-content\/uploads\/2021\/02\/Drzwi-AluStar-86-250x250.png",250,250,true],"slider-image":["https:\/\/filplast.pl\/wp-content\/uploads\/2021\/02\/Drzwi-AluStar-86-1080x500.png",1080,500,true],"":["https:\/\/filplast.pl\/wp-content\/uploads\/2021\/02\/Drzwi-AluStar-86.png",250,250,false]},"uagb_author_info":{"display_name":"admin","author_link":"https:\/\/filplast.pl\/de\/author\/"},"uagb_comment_info":0,"uagb_excerpt":"Sehr gute W\u00e4rmed\u00e4mmung, die M\u00f6glichkeit, Strukturen mit gro\u00dfem Gewicht und Abmessungen herzustellen - wir empfehlen das AluStar 86-System f\u00fcr energiesparende Geb\u00e4ude und Projekte mit au\u00dfergew\u00f6hnlich gro\u00dfen T\u00fcren (z. B. Kirchen, B\u00fcrogeb\u00e4ude, Banken und Mehrfamilienh\u00e4user).","_links":{"self":[{"href":"https:\/\/filplast.pl\/de\/wp-json\/wp\/v2\/product\/5111","targetHints":{"allow":["GET"]}}],"collection":[{"href":"https:\/\/filplast.pl\/de\/wp-json\/wp\/v2\/product"}],"about":[{"href":"https:\/\/filplast.pl\/de\/wp-json\/wp\/v2\/types\/product"}],"version-history":[{"count":4,"href":"https:\/\/filplast.pl\/de\/wp-json\/wp\/v2\/product\/5111\/revisions"}],"predecessor-version":[{"id":63450,"href":"https:\/\/filplast.pl\/de\/wp-json\/wp\/v2\/product\/5111\/revisions\/63450"}],"wp:featuredmedia":[{"embeddable":true,"href":"https:\/\/filplast.pl\/de\/wp-json\/wp\/v2\/media\/4211"}],"wp:attachment":[{"href":"https:\/\/filplast.pl\/de\/wp-json\/wp\/v2\/media?parent=5111"}],"curies":[{"name":"wp","href":"https:\/\/api.w.org\/{rel}","templated":true}]}}