{"id":5119,"date":"2021-03-07T19:39:16","date_gmt":"2021-03-07T18:39:16","guid":{"rendered":"https:\/\/filplast.pl\/produkt\/alustar-45\/"},"modified":"2021-05-28T13:51:43","modified_gmt":"2021-05-28T11:51:43","slug":"turen-alustar-45","status":"publish","type":"product","link":"https:\/\/filplast.pl\/de\/produkt\/turen-alustar-45\/","title":{"rendered":"AluStar 45"},"content":{"rendered":"<div id=\"modal-ready\"><p>Das AluStar 45 System erm\u00f6glicht die Konstruktion von T\u00fcren mit Nutbeschl\u00e4gen, d. H. Mit Scharnieren, die sich in der Nut zwischen dem Rahmen und dem Fl\u00fcgel befinden. AluStar 45 ist eine preiswerte T\u00fcr, die hohe funktionale Anforderungen erf\u00fcllt. Als Innent\u00fcr erzielte sie am Bauforschungsinstitut in Warschau sehr gute Testergebnisse.<\/p>\n<\/div>","protected":false},"excerpt":{"rendered":"<p>Ein System, mit dem Sie einfache und dauerhafte Strukturen erstellen k\u00f6nnen. Die aufgebrachten Glasdichtungen werden ohne anschnitt in der Ecke angebracht. Dank dessen ist die T\u00fcr wasserdicht und bietet einen guten Schutz gegen starken Wind.<\/p>\n","protected":false},"featured_media":2396,"parent":0,"menu_order":185,"template":"","class_list":["post-5119","product","type-product","status-publish","has-post-thumbnail","hentry","product-category-aluminium-de-2","product-category-ausenturen","product-category-turen","product-line-silverline-de"],"yoast_head":"<!-- This site is optimized with the Yoast SEO plugin v24.7 - https:\/\/yoast.com\/wordpress\/plugins\/seo\/ -->\n<title>Au\u00dfent\u00fcren<\/title>\n<meta name=\"robots\" content=\"index, follow, max-snippet:-1, max-image-preview:large, max-video-preview:-1\" \/>\n<link rel=\"canonical\" href=\"https:\/\/filplast.pl\/de\/produkt\/turen-alustar-45\/\" \/>\n<meta property=\"og:locale\" content=\"de_DE\" \/>\n<meta property=\"og:type\" content=\"article\" \/>\n<meta property=\"og:title\" content=\"Au\u00dfent\u00fcren\" \/>\n<meta property=\"og:description\" content=\"Ein System, mit dem Sie einfache und dauerhafte Strukturen erstellen k\u00f6nnen. Die aufgebrachten Glasdichtungen werden ohne anschnitt in der Ecke angebracht. Dank dessen ist die T\u00fcr wasserdicht und bietet einen guten Schutz gegen starken Wind.\" \/>\n<meta property=\"og:url\" content=\"https:\/\/filplast.pl\/de\/produkt\/turen-alustar-45\/\" \/>\n<meta property=\"og:site_name\" content=\"Filplast f\u00fcr Generationen\" \/>\n<meta property=\"article:publisher\" content=\"https:\/\/www.facebook.com\/filplast.firma\" \/>\n<meta property=\"article:modified_time\" content=\"2021-05-28T11:51:43+00:00\" \/>\n<meta property=\"og:image\" content=\"https:\/\/filplast.pl\/wp-content\/uploads\/2021\/01\/Drzwi-AluStar-45.png\" \/>\n\t<meta property=\"og:image:width\" content=\"1067\" \/>\n\t<meta property=\"og:image:height\" content=\"1067\" \/>\n\t<meta property=\"og:image:type\" content=\"image\/png\" \/>\n<meta name=\"twitter:card\" content=\"summary_large_image\" \/>\n<script type=\"application\/ld+json\" class=\"yoast-schema-graph\">{\"@context\":\"https:\/\/schema.org\",\"@graph\":[{\"@type\":\"WebPage\",\"@id\":\"https:\/\/filplast.pl\/de\/produkt\/turen-alustar-45\/\",\"url\":\"https:\/\/filplast.pl\/de\/produkt\/turen-alustar-45\/\",\"name\":\"Au\u00dfent\u00fcren\",\"isPartOf\":{\"@id\":\"https:\/\/filplast.pl\/de\/#website\"},\"primaryImageOfPage\":{\"@id\":\"https:\/\/filplast.pl\/de\/produkt\/turen-alustar-45\/#primaryimage\"},\"image\":{\"@id\":\"https:\/\/filplast.pl\/de\/produkt\/turen-alustar-45\/#primaryimage\"},\"thumbnailUrl\":\"https:\/\/filplast.pl\/wp-content\/uploads\/2021\/01\/Drzwi-AluStar-45.png\",\"datePublished\":\"2021-03-07T18:39:16+00:00\",\"dateModified\":\"2021-05-28T11:51:43+00:00\",\"breadcrumb\":{\"@id\":\"https:\/\/filplast.pl\/de\/produkt\/turen-alustar-45\/#breadcrumb\"},\"inLanguage\":\"de\",\"potentialAction\":[{\"@type\":\"ReadAction\",\"target\":[\"https:\/\/filplast.pl\/de\/produkt\/turen-alustar-45\/\"]}]},{\"@type\":\"ImageObject\",\"inLanguage\":\"de\",\"@id\":\"https:\/\/filplast.pl\/de\/produkt\/turen-alustar-45\/#primaryimage\",\"url\":\"https:\/\/filplast.pl\/wp-content\/uploads\/2021\/01\/Drzwi-AluStar-45.png\",\"contentUrl\":\"https:\/\/filplast.pl\/wp-content\/uploads\/2021\/01\/Drzwi-AluStar-45.png\",\"width\":1067,\"height\":1067,\"caption\":\"T\u00fcre-AluStar-45\"},{\"@type\":\"BreadcrumbList\",\"@id\":\"https:\/\/filplast.pl\/de\/produkt\/turen-alustar-45\/#breadcrumb\",\"itemListElement\":[{\"@type\":\"ListItem\",\"position\":1,\"name\":\"Startseite\",\"item\":\"https:\/\/filplast.pl\/de\/\"},{\"@type\":\"ListItem\",\"position\":2,\"name\":\"Produkte\",\"item\":\"https:\/\/filplast.pl\/de\/produkt\/\"},{\"@type\":\"ListItem\",\"position\":3,\"name\":\"AluStar 45\"}]},{\"@type\":\"WebSite\",\"@id\":\"https:\/\/filplast.pl\/de\/#website\",\"url\":\"https:\/\/filplast.pl\/de\/\",\"name\":\"Filplast f\u00fcr Generationen\",\"description\":\"Gersteller gesunder Fenster\",\"publisher\":{\"@id\":\"https:\/\/filplast.pl\/de\/#organization\"},\"potentialAction\":[{\"@type\":\"SearchAction\",\"target\":{\"@type\":\"EntryPoint\",\"urlTemplate\":\"https:\/\/filplast.pl\/de\/?s={search_term_string}\"},\"query-input\":{\"@type\":\"PropertyValueSpecification\",\"valueRequired\":true,\"valueName\":\"search_term_string\"}}],\"inLanguage\":\"de\"},{\"@type\":\"Organization\",\"@id\":\"https:\/\/filplast.pl\/de\/#organization\",\"name\":\"Filplast f\u00fcr Generationen\",\"url\":\"https:\/\/filplast.pl\/de\/\",\"logo\":{\"@type\":\"ImageObject\",\"inLanguage\":\"de\",\"@id\":\"https:\/\/filplast.pl\/de\/#\/schema\/logo\/image\/\",\"url\":\"https:\/\/filplast.pl\/wp-content\/uploads\/2023\/10\/favicon-filplast.png\",\"contentUrl\":\"https:\/\/filplast.pl\/wp-content\/uploads\/2023\/10\/favicon-filplast.png\",\"width\":2134,\"height\":2134,\"caption\":\"Filplast f\u00fcr Generationen\"},\"image\":{\"@id\":\"https:\/\/filplast.pl\/de\/#\/schema\/logo\/image\/\"},\"sameAs\":[\"https:\/\/www.facebook.com\/filplast.firma\",\"https:\/\/pl.pinterest.com\/filplast\/\",\"https:\/\/www.youtube.com\/FILPLASTchannel\",\"https:\/\/pl.linkedin.com\/company\/filplast-sp.-z-o.o.\",\"https:\/\/www.instagram.com\/filplast\/\"]}]}<\/script>\n<!-- \/ Yoast SEO plugin. -->","yoast_head_json":{"title":"Au\u00dfent\u00fcren","robots":{"index":"index","follow":"follow","max-snippet":"max-snippet:-1","max-image-preview":"max-image-preview:large","max-video-preview":"max-video-preview:-1"},"canonical":"https:\/\/filplast.pl\/de\/produkt\/turen-alustar-45\/","og_locale":"de_DE","og_type":"article","og_title":"Au\u00dfent\u00fcren","og_description":"Ein System, mit dem Sie einfache und dauerhafte Strukturen erstellen k\u00f6nnen. Die aufgebrachten Glasdichtungen werden ohne anschnitt in der Ecke angebracht. Dank dessen ist die T\u00fcr wasserdicht und bietet einen guten Schutz gegen starken Wind.","og_url":"https:\/\/filplast.pl\/de\/produkt\/turen-alustar-45\/","og_site_name":"Filplast f\u00fcr Generationen","article_publisher":"https:\/\/www.facebook.com\/filplast.firma","article_modified_time":"2021-05-28T11:51:43+00:00","og_image":[{"width":1067,"height":1067,"url":"https:\/\/filplast.pl\/wp-content\/uploads\/2021\/01\/Drzwi-AluStar-45.png","type":"image\/png"}],"twitter_card":"summary_large_image","schema":{"@context":"https:\/\/schema.org","@graph":[{"@type":"WebPage","@id":"https:\/\/filplast.pl\/de\/produkt\/turen-alustar-45\/","url":"https:\/\/filplast.pl\/de\/produkt\/turen-alustar-45\/","name":"Au\u00dfent\u00fcren","isPartOf":{"@id":"https:\/\/filplast.pl\/de\/#website"},"primaryImageOfPage":{"@id":"https:\/\/filplast.pl\/de\/produkt\/turen-alustar-45\/#primaryimage"},"image":{"@id":"https:\/\/filplast.pl\/de\/produkt\/turen-alustar-45\/#primaryimage"},"thumbnailUrl":"https:\/\/filplast.pl\/wp-content\/uploads\/2021\/01\/Drzwi-AluStar-45.png","datePublished":"2021-03-07T18:39:16+00:00","dateModified":"2021-05-28T11:51:43+00:00","breadcrumb":{"@id":"https:\/\/filplast.pl\/de\/produkt\/turen-alustar-45\/#breadcrumb"},"inLanguage":"de","potentialAction":[{"@type":"ReadAction","target":["https:\/\/filplast.pl\/de\/produkt\/turen-alustar-45\/"]}]},{"@type":"ImageObject","inLanguage":"de","@id":"https:\/\/filplast.pl\/de\/produkt\/turen-alustar-45\/#primaryimage","url":"https:\/\/filplast.pl\/wp-content\/uploads\/2021\/01\/Drzwi-AluStar-45.png","contentUrl":"https:\/\/filplast.pl\/wp-content\/uploads\/2021\/01\/Drzwi-AluStar-45.png","width":1067,"height":1067,"caption":"T\u00fcre-AluStar-45"},{"@type":"BreadcrumbList","@id":"https:\/\/filplast.pl\/de\/produkt\/turen-alustar-45\/#breadcrumb","itemListElement":[{"@type":"ListItem","position":1,"name":"Startseite","item":"https:\/\/filplast.pl\/de\/"},{"@type":"ListItem","position":2,"name":"Produkte","item":"https:\/\/filplast.pl\/de\/produkt\/"},{"@type":"ListItem","position":3,"name":"AluStar 45"}]},{"@type":"WebSite","@id":"https:\/\/filplast.pl\/de\/#website","url":"https:\/\/filplast.pl\/de\/","name":"Filplast f\u00fcr Generationen","description":"Gersteller gesunder Fenster","publisher":{"@id":"https:\/\/filplast.pl\/de\/#organization"},"potentialAction":[{"@type":"SearchAction","target":{"@type":"EntryPoint","urlTemplate":"https:\/\/filplast.pl\/de\/?s={search_term_string}"},"query-input":{"@type":"PropertyValueSpecification","valueRequired":true,"valueName":"search_term_string"}}],"inLanguage":"de"},{"@type":"Organization","@id":"https:\/\/filplast.pl\/de\/#organization","name":"Filplast f\u00fcr Generationen","url":"https:\/\/filplast.pl\/de\/","logo":{"@type":"ImageObject","inLanguage":"de","@id":"https:\/\/filplast.pl\/de\/#\/schema\/logo\/image\/","url":"https:\/\/filplast.pl\/wp-content\/uploads\/2023\/10\/favicon-filplast.png","contentUrl":"https:\/\/filplast.pl\/wp-content\/uploads\/2023\/10\/favicon-filplast.png","width":2134,"height":2134,"caption":"Filplast f\u00fcr Generationen"},"image":{"@id":"https:\/\/filplast.pl\/de\/#\/schema\/logo\/image\/"},"sameAs":["https:\/\/www.facebook.com\/filplast.firma","https:\/\/pl.pinterest.com\/filplast\/","https:\/\/www.youtube.com\/FILPLASTchannel","https:\/\/pl.linkedin.com\/company\/filplast-sp.-z-o.o.","https:\/\/www.instagram.com\/filplast\/"]}]}},"uagb_featured_image_src":{"full":["https:\/\/filplast.pl\/wp-content\/uploads\/2021\/01\/Drzwi-AluStar-45.png",1067,1067,false],"thumbnail":["https:\/\/filplast.pl\/wp-content\/uploads\/2021\/01\/Drzwi-AluStar-45-150x150.png",150,150,true],"medium":["https:\/\/filplast.pl\/wp-content\/uploads\/2021\/01\/Drzwi-AluStar-45-300x300.png",300,300,true],"medium_large":["https:\/\/filplast.pl\/wp-content\/uploads\/2021\/01\/Drzwi-AluStar-45-768x768.png",768,768,true],"large":["https:\/\/filplast.pl\/wp-content\/uploads\/2021\/01\/Drzwi-AluStar-45-1024x1024.png",1024,1024,true],"1536x1536":["https:\/\/filplast.pl\/wp-content\/uploads\/2021\/01\/Drzwi-AluStar-45.png",1067,1067,false],"2048x2048":["https:\/\/filplast.pl\/wp-content\/uploads\/2021\/01\/Drzwi-AluStar-45.png",1067,1067,false],"depcore-widget-post-thumb":["https:\/\/filplast.pl\/wp-content\/uploads\/2021\/01\/Drzwi-AluStar-45-65x65.png",65,65,true],"depcore-widget-post-medium":["https:\/\/filplast.pl\/wp-content\/uploads\/2021\/01\/Drzwi-AluStar-45-280x150.png",280,150,true],"square":["https:\/\/filplast.pl\/wp-content\/uploads\/2021\/01\/Drzwi-AluStar-45-500x500.png",500,500,true],"small-square":["https:\/\/filplast.pl\/wp-content\/uploads\/2021\/01\/Drzwi-AluStar-45-250x250.png",250,250,true],"slider-image":["https:\/\/filplast.pl\/wp-content\/uploads\/2021\/01\/Drzwi-AluStar-45-1067x500.png",1067,500,true],"":["https:\/\/filplast.pl\/wp-content\/uploads\/2021\/01\/Drzwi-AluStar-45.png",250,250,false]},"uagb_author_info":{"display_name":"admin","author_link":"https:\/\/filplast.pl\/de\/author\/"},"uagb_comment_info":0,"uagb_excerpt":"Ein System, mit dem Sie einfache und dauerhafte Strukturen erstellen k\u00f6nnen. Die aufgebrachten Glasdichtungen werden ohne anschnitt in der Ecke angebracht. Dank dessen ist die T\u00fcr wasserdicht und bietet einen guten Schutz gegen starken Wind.","_links":{"self":[{"href":"https:\/\/filplast.pl\/de\/wp-json\/wp\/v2\/product\/5119","targetHints":{"allow":["GET"]}}],"collection":[{"href":"https:\/\/filplast.pl\/de\/wp-json\/wp\/v2\/product"}],"about":[{"href":"https:\/\/filplast.pl\/de\/wp-json\/wp\/v2\/types\/product"}],"version-history":[{"count":2,"href":"https:\/\/filplast.pl\/de\/wp-json\/wp\/v2\/product\/5119\/revisions"}],"predecessor-version":[{"id":8624,"href":"https:\/\/filplast.pl\/de\/wp-json\/wp\/v2\/product\/5119\/revisions\/8624"}],"wp:featuredmedia":[{"embeddable":true,"href":"https:\/\/filplast.pl\/de\/wp-json\/wp\/v2\/media\/2396"}],"wp:attachment":[{"href":"https:\/\/filplast.pl\/de\/wp-json\/wp\/v2\/media?parent=5119"}],"curies":[{"name":"wp","href":"https:\/\/api.w.org\/{rel}","templated":true}]}}