{"id":54925,"date":"2024-05-21T13:36:02","date_gmt":"2024-05-21T11:36:02","guid":{"rendered":"https:\/\/filplast.pl\/produkt\/aluwall-80-office\/"},"modified":"2025-01-23T08:54:40","modified_gmt":"2025-01-23T07:54:40","slug":"aluwall-80-office","status":"publish","type":"product","link":"https:\/\/filplast.pl\/de\/produkt\/aluwall-80-office\/","title":{"rendered":"AluWall 80 Office"},"content":{"rendered":"<div id=\"modal-ready\">\n<p>Das AluWall 80 Office-System erm\u00f6glicht den Einsatz verschiedener F\u00fcllungen f\u00fcr Trennwandkonstruktionen, darunter Glasmodule mit integrierten Jalousien, M\u00f6belplatten und Gipskartonplatten. Abh\u00e4ngig von den verwendeten Materialien bieten diese W\u00e4nde eine hervorragende Schalld\u00e4mmung \u2013 bis zu 50 dB.  <\/p>\n<\/div>","protected":false},"excerpt":{"rendered":"<p>Das AluWall 80 Office-System erm\u00f6glicht den Einsatz verschiedener F\u00fcllungen f\u00fcr Trennwandkonstruktionen, darunter Glasmodule mit integrierten Jalousien, M\u00f6belplatten und Gipskartonplatten.  <\/p>\n","protected":false},"featured_media":48931,"parent":0,"menu_order":12,"template":"","class_list":["post-54925","product","type-product","status-publish","has-post-thumbnail","hentry","product-category-innere-glaswaende-de"],"yoast_head":"<!-- This site is optimized with the Yoast SEO plugin v24.7 - https:\/\/yoast.com\/wordpress\/plugins\/seo\/ -->\n<title>AluWall 80 Office Filplast - F\u00fcr Generationen<\/title>\n<meta name=\"robots\" content=\"index, follow, max-snippet:-1, max-image-preview:large, max-video-preview:-1\" \/>\n<link rel=\"canonical\" href=\"https:\/\/filplast.pl\/de\/produkt\/aluwall-80-office\/\" \/>\n<meta property=\"og:locale\" content=\"de_DE\" \/>\n<meta property=\"og:type\" content=\"article\" \/>\n<meta property=\"og:title\" content=\"AluWall 80 Office Filplast - F\u00fcr Generationen\" \/>\n<meta property=\"og:description\" content=\"Das AluWall 80 Office-System erm\u00f6glicht den Einsatz verschiedener F\u00fcllungen f\u00fcr Trennwandkonstruktionen, darunter Glasmodule mit integrierten Jalousien, M\u00f6belplatten und Gipskartonplatten.\" \/>\n<meta property=\"og:url\" content=\"https:\/\/filplast.pl\/de\/produkt\/aluwall-80-office\/\" \/>\n<meta property=\"og:site_name\" content=\"Filplast f\u00fcr Generationen\" \/>\n<meta property=\"article:publisher\" content=\"https:\/\/www.facebook.com\/filplast.firma\" \/>\n<meta property=\"article:modified_time\" content=\"2025-01-23T07:54:40+00:00\" \/>\n<meta property=\"og:image\" content=\"https:\/\/filplast.pl\/wp-content\/uploads\/2024\/05\/AluWall-80-Office.png\" \/>\n\t<meta property=\"og:image:width\" content=\"1000\" \/>\n\t<meta property=\"og:image:height\" content=\"1000\" \/>\n\t<meta property=\"og:image:type\" content=\"image\/png\" \/>\n<meta name=\"twitter:card\" content=\"summary_large_image\" \/>\n<script type=\"application\/ld+json\" class=\"yoast-schema-graph\">{\"@context\":\"https:\/\/schema.org\",\"@graph\":[{\"@type\":\"WebPage\",\"@id\":\"https:\/\/filplast.pl\/de\/produkt\/aluwall-80-office\/\",\"url\":\"https:\/\/filplast.pl\/de\/produkt\/aluwall-80-office\/\",\"name\":\"AluWall 80 Office Filplast - F\u00fcr Generationen\",\"isPartOf\":{\"@id\":\"https:\/\/filplast.pl\/de\/#website\"},\"primaryImageOfPage\":{\"@id\":\"https:\/\/filplast.pl\/de\/produkt\/aluwall-80-office\/#primaryimage\"},\"image\":{\"@id\":\"https:\/\/filplast.pl\/de\/produkt\/aluwall-80-office\/#primaryimage\"},\"thumbnailUrl\":\"https:\/\/filplast.pl\/wp-content\/uploads\/2024\/05\/AluWall-80-Office.png\",\"datePublished\":\"2024-05-21T11:36:02+00:00\",\"dateModified\":\"2025-01-23T07:54:40+00:00\",\"breadcrumb\":{\"@id\":\"https:\/\/filplast.pl\/de\/produkt\/aluwall-80-office\/#breadcrumb\"},\"inLanguage\":\"de\",\"potentialAction\":[{\"@type\":\"ReadAction\",\"target\":[\"https:\/\/filplast.pl\/de\/produkt\/aluwall-80-office\/\"]}]},{\"@type\":\"ImageObject\",\"inLanguage\":\"de\",\"@id\":\"https:\/\/filplast.pl\/de\/produkt\/aluwall-80-office\/#primaryimage\",\"url\":\"https:\/\/filplast.pl\/wp-content\/uploads\/2024\/05\/AluWall-80-Office.png\",\"contentUrl\":\"https:\/\/filplast.pl\/wp-content\/uploads\/2024\/05\/AluWall-80-Office.png\",\"width\":1000,\"height\":1000},{\"@type\":\"BreadcrumbList\",\"@id\":\"https:\/\/filplast.pl\/de\/produkt\/aluwall-80-office\/#breadcrumb\",\"itemListElement\":[{\"@type\":\"ListItem\",\"position\":1,\"name\":\"Startseite\",\"item\":\"https:\/\/filplast.pl\/de\/\"},{\"@type\":\"ListItem\",\"position\":2,\"name\":\"Produkte\",\"item\":\"https:\/\/filplast.pl\/de\/produkt\/\"},{\"@type\":\"ListItem\",\"position\":3,\"name\":\"AluWall 80 Office\"}]},{\"@type\":\"WebSite\",\"@id\":\"https:\/\/filplast.pl\/de\/#website\",\"url\":\"https:\/\/filplast.pl\/de\/\",\"name\":\"Filplast f\u00fcr Generationen\",\"description\":\"Gersteller gesunder Fenster\",\"publisher\":{\"@id\":\"https:\/\/filplast.pl\/de\/#organization\"},\"potentialAction\":[{\"@type\":\"SearchAction\",\"target\":{\"@type\":\"EntryPoint\",\"urlTemplate\":\"https:\/\/filplast.pl\/de\/?s={search_term_string}\"},\"query-input\":{\"@type\":\"PropertyValueSpecification\",\"valueRequired\":true,\"valueName\":\"search_term_string\"}}],\"inLanguage\":\"de\"},{\"@type\":\"Organization\",\"@id\":\"https:\/\/filplast.pl\/de\/#organization\",\"name\":\"Filplast f\u00fcr Generationen\",\"url\":\"https:\/\/filplast.pl\/de\/\",\"logo\":{\"@type\":\"ImageObject\",\"inLanguage\":\"de\",\"@id\":\"https:\/\/filplast.pl\/de\/#\/schema\/logo\/image\/\",\"url\":\"https:\/\/filplast.pl\/wp-content\/uploads\/2023\/10\/favicon-filplast.png\",\"contentUrl\":\"https:\/\/filplast.pl\/wp-content\/uploads\/2023\/10\/favicon-filplast.png\",\"width\":2134,\"height\":2134,\"caption\":\"Filplast f\u00fcr Generationen\"},\"image\":{\"@id\":\"https:\/\/filplast.pl\/de\/#\/schema\/logo\/image\/\"},\"sameAs\":[\"https:\/\/www.facebook.com\/filplast.firma\",\"https:\/\/pl.pinterest.com\/filplast\/\",\"https:\/\/www.youtube.com\/FILPLASTchannel\",\"https:\/\/pl.linkedin.com\/company\/filplast-sp.-z-o.o.\",\"https:\/\/www.instagram.com\/filplast\/\"]}]}<\/script>\n<!-- \/ Yoast SEO plugin. -->","yoast_head_json":{"title":"AluWall 80 Office Filplast - F\u00fcr Generationen","robots":{"index":"index","follow":"follow","max-snippet":"max-snippet:-1","max-image-preview":"max-image-preview:large","max-video-preview":"max-video-preview:-1"},"canonical":"https:\/\/filplast.pl\/de\/produkt\/aluwall-80-office\/","og_locale":"de_DE","og_type":"article","og_title":"AluWall 80 Office Filplast - F\u00fcr Generationen","og_description":"Das AluWall 80 Office-System erm\u00f6glicht den Einsatz verschiedener F\u00fcllungen f\u00fcr Trennwandkonstruktionen, darunter Glasmodule mit integrierten Jalousien, M\u00f6belplatten und Gipskartonplatten.","og_url":"https:\/\/filplast.pl\/de\/produkt\/aluwall-80-office\/","og_site_name":"Filplast f\u00fcr Generationen","article_publisher":"https:\/\/www.facebook.com\/filplast.firma","article_modified_time":"2025-01-23T07:54:40+00:00","og_image":[{"width":1000,"height":1000,"url":"https:\/\/filplast.pl\/wp-content\/uploads\/2024\/05\/AluWall-80-Office.png","type":"image\/png"}],"twitter_card":"summary_large_image","schema":{"@context":"https:\/\/schema.org","@graph":[{"@type":"WebPage","@id":"https:\/\/filplast.pl\/de\/produkt\/aluwall-80-office\/","url":"https:\/\/filplast.pl\/de\/produkt\/aluwall-80-office\/","name":"AluWall 80 Office Filplast - F\u00fcr Generationen","isPartOf":{"@id":"https:\/\/filplast.pl\/de\/#website"},"primaryImageOfPage":{"@id":"https:\/\/filplast.pl\/de\/produkt\/aluwall-80-office\/#primaryimage"},"image":{"@id":"https:\/\/filplast.pl\/de\/produkt\/aluwall-80-office\/#primaryimage"},"thumbnailUrl":"https:\/\/filplast.pl\/wp-content\/uploads\/2024\/05\/AluWall-80-Office.png","datePublished":"2024-05-21T11:36:02+00:00","dateModified":"2025-01-23T07:54:40+00:00","breadcrumb":{"@id":"https:\/\/filplast.pl\/de\/produkt\/aluwall-80-office\/#breadcrumb"},"inLanguage":"de","potentialAction":[{"@type":"ReadAction","target":["https:\/\/filplast.pl\/de\/produkt\/aluwall-80-office\/"]}]},{"@type":"ImageObject","inLanguage":"de","@id":"https:\/\/filplast.pl\/de\/produkt\/aluwall-80-office\/#primaryimage","url":"https:\/\/filplast.pl\/wp-content\/uploads\/2024\/05\/AluWall-80-Office.png","contentUrl":"https:\/\/filplast.pl\/wp-content\/uploads\/2024\/05\/AluWall-80-Office.png","width":1000,"height":1000},{"@type":"BreadcrumbList","@id":"https:\/\/filplast.pl\/de\/produkt\/aluwall-80-office\/#breadcrumb","itemListElement":[{"@type":"ListItem","position":1,"name":"Startseite","item":"https:\/\/filplast.pl\/de\/"},{"@type":"ListItem","position":2,"name":"Produkte","item":"https:\/\/filplast.pl\/de\/produkt\/"},{"@type":"ListItem","position":3,"name":"AluWall 80 Office"}]},{"@type":"WebSite","@id":"https:\/\/filplast.pl\/de\/#website","url":"https:\/\/filplast.pl\/de\/","name":"Filplast f\u00fcr Generationen","description":"Gersteller gesunder Fenster","publisher":{"@id":"https:\/\/filplast.pl\/de\/#organization"},"potentialAction":[{"@type":"SearchAction","target":{"@type":"EntryPoint","urlTemplate":"https:\/\/filplast.pl\/de\/?s={search_term_string}"},"query-input":{"@type":"PropertyValueSpecification","valueRequired":true,"valueName":"search_term_string"}}],"inLanguage":"de"},{"@type":"Organization","@id":"https:\/\/filplast.pl\/de\/#organization","name":"Filplast f\u00fcr Generationen","url":"https:\/\/filplast.pl\/de\/","logo":{"@type":"ImageObject","inLanguage":"de","@id":"https:\/\/filplast.pl\/de\/#\/schema\/logo\/image\/","url":"https:\/\/filplast.pl\/wp-content\/uploads\/2023\/10\/favicon-filplast.png","contentUrl":"https:\/\/filplast.pl\/wp-content\/uploads\/2023\/10\/favicon-filplast.png","width":2134,"height":2134,"caption":"Filplast f\u00fcr Generationen"},"image":{"@id":"https:\/\/filplast.pl\/de\/#\/schema\/logo\/image\/"},"sameAs":["https:\/\/www.facebook.com\/filplast.firma","https:\/\/pl.pinterest.com\/filplast\/","https:\/\/www.youtube.com\/FILPLASTchannel","https:\/\/pl.linkedin.com\/company\/filplast-sp.-z-o.o.","https:\/\/www.instagram.com\/filplast\/"]}]}},"uagb_featured_image_src":{"full":["https:\/\/filplast.pl\/wp-content\/uploads\/2024\/05\/AluWall-80-Office.png",1000,1000,false],"thumbnail":["https:\/\/filplast.pl\/wp-content\/uploads\/2024\/05\/AluWall-80-Office-250x250.png",250,250,true],"medium":["https:\/\/filplast.pl\/wp-content\/uploads\/2024\/05\/AluWall-80-Office-400x400.png",400,400,true],"medium_large":["https:\/\/filplast.pl\/wp-content\/uploads\/2024\/05\/AluWall-80-Office-768x768.png",768,768,true],"large":["https:\/\/filplast.pl\/wp-content\/uploads\/2024\/05\/AluWall-80-Office.png",1000,1000,false],"1536x1536":["https:\/\/filplast.pl\/wp-content\/uploads\/2024\/05\/AluWall-80-Office.png",1000,1000,false],"2048x2048":["https:\/\/filplast.pl\/wp-content\/uploads\/2024\/05\/AluWall-80-Office.png",1000,1000,false],"depcore-widget-post-thumb":["https:\/\/filplast.pl\/wp-content\/uploads\/2024\/05\/AluWall-80-Office-65x65.png",65,65,true],"depcore-widget-post-medium":["https:\/\/filplast.pl\/wp-content\/uploads\/2024\/05\/AluWall-80-Office-280x150.png",280,150,true],"square":["https:\/\/filplast.pl\/wp-content\/uploads\/2024\/05\/AluWall-80-Office-500x500.png",500,500,true],"small-square":["https:\/\/filplast.pl\/wp-content\/uploads\/2024\/05\/AluWall-80-Office-250x250.png",250,250,true],"slider-image":["https:\/\/filplast.pl\/wp-content\/uploads\/2024\/05\/AluWall-80-Office-1000x500.png",1000,500,true],"":["https:\/\/filplast.pl\/wp-content\/uploads\/2024\/05\/AluWall-80-Office.png",250,250,false]},"uagb_author_info":{"display_name":"Agnieszka Losor","author_link":"https:\/\/filplast.pl\/de\/author\/"},"uagb_comment_info":0,"uagb_excerpt":"Das AluWall 80 Office-System erm\u00f6glicht den Einsatz verschiedener F\u00fcllungen f\u00fcr Trennwandkonstruktionen, darunter Glasmodule mit integrierten Jalousien, M\u00f6belplatten und Gipskartonplatten.","_links":{"self":[{"href":"https:\/\/filplast.pl\/de\/wp-json\/wp\/v2\/product\/54925","targetHints":{"allow":["GET"]}}],"collection":[{"href":"https:\/\/filplast.pl\/de\/wp-json\/wp\/v2\/product"}],"about":[{"href":"https:\/\/filplast.pl\/de\/wp-json\/wp\/v2\/types\/product"}],"version-history":[{"count":2,"href":"https:\/\/filplast.pl\/de\/wp-json\/wp\/v2\/product\/54925\/revisions"}],"predecessor-version":[{"id":54929,"href":"https:\/\/filplast.pl\/de\/wp-json\/wp\/v2\/product\/54925\/revisions\/54929"}],"wp:featuredmedia":[{"embeddable":true,"href":"https:\/\/filplast.pl\/de\/wp-json\/wp\/v2\/media\/48931"}],"wp:attachment":[{"href":"https:\/\/filplast.pl\/de\/wp-json\/wp\/v2\/media?parent=54925"}],"curies":[{"name":"wp","href":"https:\/\/api.w.org\/{rel}","templated":true}]}}