{"id":55016,"date":"2024-05-21T13:36:20","date_gmt":"2024-05-21T11:36:20","guid":{"rendered":"https:\/\/filplast.pl\/produkt\/aluwall-45-office\/"},"modified":"2025-01-23T14:04:15","modified_gmt":"2025-01-23T13:04:15","slug":"aluwall-45-office","status":"publish","type":"product","link":"https:\/\/filplast.pl\/de\/produkt\/aluwall-45-office\/","title":{"rendered":"AluWall 45 Office"},"content":{"rendered":"<div id=\"modal-ready\">\n<p>Das AluWall 45 Office System wird zur Konstruktion von verschiedenen Arten von Trennw\u00e4nden, Fenstern, T\u00fcren, Pendelt\u00fcren und Windf\u00e4ngen verwendet. Ein tragendes Element der Konstruktion kann geh\u00e4rtetes Glas sein. Das System ist auch die Grundlage f\u00fcr spezielle L\u00f6sungen: rauchdichte Trennw\u00e4nde und T\u00fcren.<\/p>\n<\/div>","protected":false},"excerpt":{"rendered":"<p>Das AluWall 45 Office System wird zur Konstruktion von verschiedenen Arten von Trennw\u00e4nden, Fenstern, T\u00fcren, Pendelt\u00fcren und Windf\u00e4ngen verwendet. Ein tragendes Element der Konstruktion kann geh\u00e4rtetes Glas sein. Das System ist auch die Grundlage f\u00fcr [&hellip;]<\/p>\n","protected":false},"featured_media":48923,"parent":0,"menu_order":24,"template":"","class_list":["post-55016","product","type-product","status-publish","has-post-thumbnail","hentry","product-category-innere-glaswaende-de"],"yoast_head":"<!-- This site is optimized with the Yoast SEO plugin v24.7 - https:\/\/yoast.com\/wordpress\/plugins\/seo\/ -->\n<title>AluWall 45 Office I Filplast na pokolenia<\/title>\n<meta name=\"robots\" content=\"index, follow, max-snippet:-1, max-image-preview:large, max-video-preview:-1\" \/>\n<link rel=\"canonical\" href=\"https:\/\/filplast.pl\/de\/produkt\/aluwall-45-office\/\" \/>\n<meta property=\"og:locale\" content=\"de_DE\" \/>\n<meta property=\"og:type\" content=\"article\" \/>\n<meta property=\"og:title\" content=\"AluWall 45 Office I Filplast na pokolenia\" \/>\n<meta property=\"og:description\" content=\"Das AluWall 45 Office System wird zur Konstruktion von verschiedenen Arten von Trennw\u00e4nden, Fenstern, T\u00fcren, Pendelt\u00fcren und Windf\u00e4ngen verwendet. Ein tragendes Element der Konstruktion kann geh\u00e4rtetes Glas sein. Das System ist auch die Grundlage f\u00fcr [&hellip;]\" \/>\n<meta property=\"og:url\" content=\"https:\/\/filplast.pl\/de\/produkt\/aluwall-45-office\/\" \/>\n<meta property=\"og:site_name\" content=\"Filplast f\u00fcr Generationen\" \/>\n<meta property=\"article:publisher\" content=\"https:\/\/www.facebook.com\/filplast.firma\" \/>\n<meta property=\"article:modified_time\" content=\"2025-01-23T13:04:15+00:00\" \/>\n<meta property=\"og:image\" content=\"https:\/\/filplast.pl\/wp-content\/uploads\/2024\/05\/AluWall-45-Office.png\" \/>\n\t<meta property=\"og:image:width\" content=\"1000\" \/>\n\t<meta property=\"og:image:height\" content=\"1000\" \/>\n\t<meta property=\"og:image:type\" content=\"image\/png\" \/>\n<meta name=\"twitter:card\" content=\"summary_large_image\" \/>\n<meta name=\"twitter:label1\" content=\"Gesch\u00e4tzte Lesezeit\" \/>\n\t<meta name=\"twitter:data1\" content=\"1\u00a0Minute\" \/>\n<script type=\"application\/ld+json\" class=\"yoast-schema-graph\">{\"@context\":\"https:\/\/schema.org\",\"@graph\":[{\"@type\":\"WebPage\",\"@id\":\"https:\/\/filplast.pl\/de\/produkt\/aluwall-45-office\/\",\"url\":\"https:\/\/filplast.pl\/de\/produkt\/aluwall-45-office\/\",\"name\":\"AluWall 45 Office I Filplast na pokolenia\",\"isPartOf\":{\"@id\":\"https:\/\/filplast.pl\/de\/#website\"},\"primaryImageOfPage\":{\"@id\":\"https:\/\/filplast.pl\/de\/produkt\/aluwall-45-office\/#primaryimage\"},\"image\":{\"@id\":\"https:\/\/filplast.pl\/de\/produkt\/aluwall-45-office\/#primaryimage\"},\"thumbnailUrl\":\"https:\/\/filplast.pl\/wp-content\/uploads\/2024\/05\/AluWall-45-Office.png\",\"datePublished\":\"2024-05-21T11:36:20+00:00\",\"dateModified\":\"2025-01-23T13:04:15+00:00\",\"breadcrumb\":{\"@id\":\"https:\/\/filplast.pl\/de\/produkt\/aluwall-45-office\/#breadcrumb\"},\"inLanguage\":\"de\",\"potentialAction\":[{\"@type\":\"ReadAction\",\"target\":[\"https:\/\/filplast.pl\/de\/produkt\/aluwall-45-office\/\"]}]},{\"@type\":\"ImageObject\",\"inLanguage\":\"de\",\"@id\":\"https:\/\/filplast.pl\/de\/produkt\/aluwall-45-office\/#primaryimage\",\"url\":\"https:\/\/filplast.pl\/wp-content\/uploads\/2024\/05\/AluWall-45-Office.png\",\"contentUrl\":\"https:\/\/filplast.pl\/wp-content\/uploads\/2024\/05\/AluWall-45-Office.png\",\"width\":1000,\"height\":1000},{\"@type\":\"BreadcrumbList\",\"@id\":\"https:\/\/filplast.pl\/de\/produkt\/aluwall-45-office\/#breadcrumb\",\"itemListElement\":[{\"@type\":\"ListItem\",\"position\":1,\"name\":\"Startseite\",\"item\":\"https:\/\/filplast.pl\/de\/\"},{\"@type\":\"ListItem\",\"position\":2,\"name\":\"Produkte\",\"item\":\"https:\/\/filplast.pl\/de\/produkt\/\"},{\"@type\":\"ListItem\",\"position\":3,\"name\":\"AluWall 45 Office\"}]},{\"@type\":\"WebSite\",\"@id\":\"https:\/\/filplast.pl\/de\/#website\",\"url\":\"https:\/\/filplast.pl\/de\/\",\"name\":\"Filplast f\u00fcr Generationen\",\"description\":\"Gersteller gesunder Fenster\",\"publisher\":{\"@id\":\"https:\/\/filplast.pl\/de\/#organization\"},\"potentialAction\":[{\"@type\":\"SearchAction\",\"target\":{\"@type\":\"EntryPoint\",\"urlTemplate\":\"https:\/\/filplast.pl\/de\/?s={search_term_string}\"},\"query-input\":{\"@type\":\"PropertyValueSpecification\",\"valueRequired\":true,\"valueName\":\"search_term_string\"}}],\"inLanguage\":\"de\"},{\"@type\":\"Organization\",\"@id\":\"https:\/\/filplast.pl\/de\/#organization\",\"name\":\"Filplast f\u00fcr Generationen\",\"url\":\"https:\/\/filplast.pl\/de\/\",\"logo\":{\"@type\":\"ImageObject\",\"inLanguage\":\"de\",\"@id\":\"https:\/\/filplast.pl\/de\/#\/schema\/logo\/image\/\",\"url\":\"https:\/\/filplast.pl\/wp-content\/uploads\/2023\/10\/favicon-filplast.png\",\"contentUrl\":\"https:\/\/filplast.pl\/wp-content\/uploads\/2023\/10\/favicon-filplast.png\",\"width\":2134,\"height\":2134,\"caption\":\"Filplast f\u00fcr Generationen\"},\"image\":{\"@id\":\"https:\/\/filplast.pl\/de\/#\/schema\/logo\/image\/\"},\"sameAs\":[\"https:\/\/www.facebook.com\/filplast.firma\",\"https:\/\/pl.pinterest.com\/filplast\/\",\"https:\/\/www.youtube.com\/FILPLASTchannel\",\"https:\/\/pl.linkedin.com\/company\/filplast-sp.-z-o.o.\",\"https:\/\/www.instagram.com\/filplast\/\"]}]}<\/script>\n<!-- \/ Yoast SEO plugin. -->","yoast_head_json":{"title":"AluWall 45 Office I Filplast na pokolenia","robots":{"index":"index","follow":"follow","max-snippet":"max-snippet:-1","max-image-preview":"max-image-preview:large","max-video-preview":"max-video-preview:-1"},"canonical":"https:\/\/filplast.pl\/de\/produkt\/aluwall-45-office\/","og_locale":"de_DE","og_type":"article","og_title":"AluWall 45 Office I Filplast na pokolenia","og_description":"Das AluWall 45 Office System wird zur Konstruktion von verschiedenen Arten von Trennw\u00e4nden, Fenstern, T\u00fcren, Pendelt\u00fcren und Windf\u00e4ngen verwendet. Ein tragendes Element der Konstruktion kann geh\u00e4rtetes Glas sein. Das System ist auch die Grundlage f\u00fcr [&hellip;]","og_url":"https:\/\/filplast.pl\/de\/produkt\/aluwall-45-office\/","og_site_name":"Filplast f\u00fcr Generationen","article_publisher":"https:\/\/www.facebook.com\/filplast.firma","article_modified_time":"2025-01-23T13:04:15+00:00","og_image":[{"width":1000,"height":1000,"url":"https:\/\/filplast.pl\/wp-content\/uploads\/2024\/05\/AluWall-45-Office.png","type":"image\/png"}],"twitter_card":"summary_large_image","twitter_misc":{"Gesch\u00e4tzte Lesezeit":"1\u00a0Minute"},"schema":{"@context":"https:\/\/schema.org","@graph":[{"@type":"WebPage","@id":"https:\/\/filplast.pl\/de\/produkt\/aluwall-45-office\/","url":"https:\/\/filplast.pl\/de\/produkt\/aluwall-45-office\/","name":"AluWall 45 Office I Filplast na pokolenia","isPartOf":{"@id":"https:\/\/filplast.pl\/de\/#website"},"primaryImageOfPage":{"@id":"https:\/\/filplast.pl\/de\/produkt\/aluwall-45-office\/#primaryimage"},"image":{"@id":"https:\/\/filplast.pl\/de\/produkt\/aluwall-45-office\/#primaryimage"},"thumbnailUrl":"https:\/\/filplast.pl\/wp-content\/uploads\/2024\/05\/AluWall-45-Office.png","datePublished":"2024-05-21T11:36:20+00:00","dateModified":"2025-01-23T13:04:15+00:00","breadcrumb":{"@id":"https:\/\/filplast.pl\/de\/produkt\/aluwall-45-office\/#breadcrumb"},"inLanguage":"de","potentialAction":[{"@type":"ReadAction","target":["https:\/\/filplast.pl\/de\/produkt\/aluwall-45-office\/"]}]},{"@type":"ImageObject","inLanguage":"de","@id":"https:\/\/filplast.pl\/de\/produkt\/aluwall-45-office\/#primaryimage","url":"https:\/\/filplast.pl\/wp-content\/uploads\/2024\/05\/AluWall-45-Office.png","contentUrl":"https:\/\/filplast.pl\/wp-content\/uploads\/2024\/05\/AluWall-45-Office.png","width":1000,"height":1000},{"@type":"BreadcrumbList","@id":"https:\/\/filplast.pl\/de\/produkt\/aluwall-45-office\/#breadcrumb","itemListElement":[{"@type":"ListItem","position":1,"name":"Startseite","item":"https:\/\/filplast.pl\/de\/"},{"@type":"ListItem","position":2,"name":"Produkte","item":"https:\/\/filplast.pl\/de\/produkt\/"},{"@type":"ListItem","position":3,"name":"AluWall 45 Office"}]},{"@type":"WebSite","@id":"https:\/\/filplast.pl\/de\/#website","url":"https:\/\/filplast.pl\/de\/","name":"Filplast f\u00fcr Generationen","description":"Gersteller gesunder Fenster","publisher":{"@id":"https:\/\/filplast.pl\/de\/#organization"},"potentialAction":[{"@type":"SearchAction","target":{"@type":"EntryPoint","urlTemplate":"https:\/\/filplast.pl\/de\/?s={search_term_string}"},"query-input":{"@type":"PropertyValueSpecification","valueRequired":true,"valueName":"search_term_string"}}],"inLanguage":"de"},{"@type":"Organization","@id":"https:\/\/filplast.pl\/de\/#organization","name":"Filplast f\u00fcr Generationen","url":"https:\/\/filplast.pl\/de\/","logo":{"@type":"ImageObject","inLanguage":"de","@id":"https:\/\/filplast.pl\/de\/#\/schema\/logo\/image\/","url":"https:\/\/filplast.pl\/wp-content\/uploads\/2023\/10\/favicon-filplast.png","contentUrl":"https:\/\/filplast.pl\/wp-content\/uploads\/2023\/10\/favicon-filplast.png","width":2134,"height":2134,"caption":"Filplast f\u00fcr Generationen"},"image":{"@id":"https:\/\/filplast.pl\/de\/#\/schema\/logo\/image\/"},"sameAs":["https:\/\/www.facebook.com\/filplast.firma","https:\/\/pl.pinterest.com\/filplast\/","https:\/\/www.youtube.com\/FILPLASTchannel","https:\/\/pl.linkedin.com\/company\/filplast-sp.-z-o.o.","https:\/\/www.instagram.com\/filplast\/"]}]}},"uagb_featured_image_src":{"full":["https:\/\/filplast.pl\/wp-content\/uploads\/2024\/05\/AluWall-45-Office.png",1000,1000,false],"thumbnail":["https:\/\/filplast.pl\/wp-content\/uploads\/2024\/05\/AluWall-45-Office-250x250.png",250,250,true],"medium":["https:\/\/filplast.pl\/wp-content\/uploads\/2024\/05\/AluWall-45-Office-400x400.png",400,400,true],"medium_large":["https:\/\/filplast.pl\/wp-content\/uploads\/2024\/05\/AluWall-45-Office-768x768.png",768,768,true],"large":["https:\/\/filplast.pl\/wp-content\/uploads\/2024\/05\/AluWall-45-Office.png",1000,1000,false],"1536x1536":["https:\/\/filplast.pl\/wp-content\/uploads\/2024\/05\/AluWall-45-Office.png",1000,1000,false],"2048x2048":["https:\/\/filplast.pl\/wp-content\/uploads\/2024\/05\/AluWall-45-Office.png",1000,1000,false],"depcore-widget-post-thumb":["https:\/\/filplast.pl\/wp-content\/uploads\/2024\/05\/AluWall-45-Office-65x65.png",65,65,true],"depcore-widget-post-medium":["https:\/\/filplast.pl\/wp-content\/uploads\/2024\/05\/AluWall-45-Office-280x150.png",280,150,true],"square":["https:\/\/filplast.pl\/wp-content\/uploads\/2024\/05\/AluWall-45-Office-500x500.png",500,500,true],"small-square":["https:\/\/filplast.pl\/wp-content\/uploads\/2024\/05\/AluWall-45-Office-250x250.png",250,250,true],"slider-image":["https:\/\/filplast.pl\/wp-content\/uploads\/2024\/05\/AluWall-45-Office-1000x500.png",1000,500,true],"":["https:\/\/filplast.pl\/wp-content\/uploads\/2024\/05\/AluWall-45-Office.png",250,250,false]},"uagb_author_info":{"display_name":"Micha\u0142 Mrukot","author_link":"https:\/\/filplast.pl\/de\/author\/"},"uagb_comment_info":0,"uagb_excerpt":"Das AluWall 45 Office System wird zur Konstruktion von verschiedenen Arten von Trennw\u00e4nden, Fenstern, T\u00fcren, Pendelt\u00fcren und Windf\u00e4ngen verwendet. Ein tragendes Element der Konstruktion kann geh\u00e4rtetes Glas sein. Das System ist auch die Grundlage f\u00fcr [&hellip;]","_links":{"self":[{"href":"https:\/\/filplast.pl\/de\/wp-json\/wp\/v2\/product\/55016","targetHints":{"allow":["GET"]}}],"collection":[{"href":"https:\/\/filplast.pl\/de\/wp-json\/wp\/v2\/product"}],"about":[{"href":"https:\/\/filplast.pl\/de\/wp-json\/wp\/v2\/types\/product"}],"version-history":[{"count":1,"href":"https:\/\/filplast.pl\/de\/wp-json\/wp\/v2\/product\/55016\/revisions"}],"predecessor-version":[{"id":55018,"href":"https:\/\/filplast.pl\/de\/wp-json\/wp\/v2\/product\/55016\/revisions\/55018"}],"wp:featuredmedia":[{"embeddable":true,"href":"https:\/\/filplast.pl\/de\/wp-json\/wp\/v2\/media\/48923"}],"wp:attachment":[{"href":"https:\/\/filplast.pl\/de\/wp-json\/wp\/v2\/media?parent=55016"}],"curies":[{"name":"wp","href":"https:\/\/api.w.org\/{rel}","templated":true}]}}