{"id":5527,"date":"2021-03-09T21:37:19","date_gmt":"2021-03-09T20:37:19","guid":{"rendered":"https:\/\/filplast.pl\/produkt\/justslide-140\/"},"modified":"2024-01-09T14:57:44","modified_gmt":"2024-01-09T13:57:44","slug":"terrassen-systeme-justslide-140","status":"publish","type":"product","link":"https:\/\/filplast.pl\/de\/produkt\/terrassen-systeme-justslide-140\/","title":{"rendered":"JustSlide 140"},"content":{"rendered":"<div id=\"modal-ready\"><p>Dieses System erm\u00f6glicht eine optimale Nutzung des Raumes, da die T\u00fcren nicht durch Fl\u00fcgel ge\u00f6ffnet werden m\u00fcssen. Die im System verwendeten laufenden Beschl\u00e4ge sind vom Raum aus nicht sichtbar.<\/p>\n<\/div>","protected":false},"excerpt":{"rendered":"<p>JustSlide-Schiebet\u00fcren entsprechen den modernen architektonischen Trends und erm\u00f6glichen es, Konstruktionen mit sehr gro\u00dfen Verglasungen herzustellen. Der Fl\u00fcgel kann mit minimalem Kraftaufwand sehr leicht entlang des unge\u00f6ffneten Teils der Konstruktion bewegt werden. Dank eines innovativen Verriegelungsmechanismus wird der bewegliche Teil der T\u00fcr nach dem Herunterdrehen des Griffs sanft an das Rahmenprofil angezogen.<\/p>\n","protected":false},"featured_media":1971,"parent":0,"menu_order":320,"template":"","class_list":["post-5527","product","type-product","status-publish","has-post-thumbnail","hentry","product-category-turen","product-category-terrassenturen","product-category-justslide","product-line-goldenline-de"],"yoast_head":"<!-- This site is optimized with the Yoast SEO plugin v24.7 - https:\/\/yoast.com\/wordpress\/plugins\/seo\/ -->\n<title>Terrassent\u00fcren JustSlide 140 - Filplast f\u00fcr Generationen<\/title>\n<meta name=\"robots\" content=\"index, follow, max-snippet:-1, max-image-preview:large, max-video-preview:-1\" \/>\n<link rel=\"canonical\" href=\"https:\/\/filplast.pl\/de\/produkt\/terrassen-systeme-justslide-140\/\" \/>\n<meta property=\"og:locale\" content=\"de_DE\" \/>\n<meta property=\"og:type\" content=\"article\" \/>\n<meta property=\"og:title\" content=\"Terrassent\u00fcren JustSlide 140 - Filplast f\u00fcr Generationen\" \/>\n<meta property=\"og:description\" content=\"JustSlide-Schiebet\u00fcren entsprechen den modernen architektonischen Trends und erm\u00f6glichen es, Konstruktionen mit sehr gro\u00dfen Verglasungen herzustellen. Der Fl\u00fcgel kann mit minimalem Kraftaufwand sehr leicht entlang des unge\u00f6ffneten Teils der Konstruktion bewegt werden. Dank eines innovativen Verriegelungsmechanismus wird der bewegliche Teil der T\u00fcr nach dem Herunterdrehen des Griffs sanft an das Rahmenprofil angezogen.\" \/>\n<meta property=\"og:url\" content=\"https:\/\/filplast.pl\/de\/produkt\/terrassen-systeme-justslide-140\/\" \/>\n<meta property=\"og:site_name\" content=\"Filplast f\u00fcr Generationen\" \/>\n<meta property=\"article:publisher\" content=\"https:\/\/www.facebook.com\/filplast.firma\" \/>\n<meta property=\"article:modified_time\" content=\"2024-01-09T13:57:44+00:00\" \/>\n<meta property=\"og:image\" content=\"https:\/\/filplast.pl\/wp-content\/uploads\/2021\/01\/Just-Slide-140.png\" \/>\n\t<meta property=\"og:image:width\" content=\"1067\" \/>\n\t<meta property=\"og:image:height\" content=\"1067\" \/>\n\t<meta property=\"og:image:type\" content=\"image\/png\" \/>\n<meta name=\"twitter:card\" content=\"summary_large_image\" \/>\n<meta name=\"twitter:label1\" content=\"Gesch\u00e4tzte Lesezeit\" \/>\n\t<meta name=\"twitter:data1\" content=\"1\u00a0Minute\" \/>\n<script type=\"application\/ld+json\" class=\"yoast-schema-graph\">{\"@context\":\"https:\/\/schema.org\",\"@graph\":[{\"@type\":\"WebPage\",\"@id\":\"https:\/\/filplast.pl\/de\/produkt\/terrassen-systeme-justslide-140\/\",\"url\":\"https:\/\/filplast.pl\/de\/produkt\/terrassen-systeme-justslide-140\/\",\"name\":\"Terrassent\u00fcren JustSlide 140 - Filplast f\u00fcr Generationen\",\"isPartOf\":{\"@id\":\"https:\/\/filplast.pl\/de\/#website\"},\"primaryImageOfPage\":{\"@id\":\"https:\/\/filplast.pl\/de\/produkt\/terrassen-systeme-justslide-140\/#primaryimage\"},\"image\":{\"@id\":\"https:\/\/filplast.pl\/de\/produkt\/terrassen-systeme-justslide-140\/#primaryimage\"},\"thumbnailUrl\":\"https:\/\/filplast.pl\/wp-content\/uploads\/2021\/01\/Just-Slide-140.png\",\"datePublished\":\"2021-03-09T20:37:19+00:00\",\"dateModified\":\"2024-01-09T13:57:44+00:00\",\"breadcrumb\":{\"@id\":\"https:\/\/filplast.pl\/de\/produkt\/terrassen-systeme-justslide-140\/#breadcrumb\"},\"inLanguage\":\"de\",\"potentialAction\":[{\"@type\":\"ReadAction\",\"target\":[\"https:\/\/filplast.pl\/de\/produkt\/terrassen-systeme-justslide-140\/\"]}]},{\"@type\":\"ImageObject\",\"inLanguage\":\"de\",\"@id\":\"https:\/\/filplast.pl\/de\/produkt\/terrassen-systeme-justslide-140\/#primaryimage\",\"url\":\"https:\/\/filplast.pl\/wp-content\/uploads\/2021\/01\/Just-Slide-140.png\",\"contentUrl\":\"https:\/\/filplast.pl\/wp-content\/uploads\/2021\/01\/Just-Slide-140.png\",\"width\":1067,\"height\":1067},{\"@type\":\"BreadcrumbList\",\"@id\":\"https:\/\/filplast.pl\/de\/produkt\/terrassen-systeme-justslide-140\/#breadcrumb\",\"itemListElement\":[{\"@type\":\"ListItem\",\"position\":1,\"name\":\"Startseite\",\"item\":\"https:\/\/filplast.pl\/de\/\"},{\"@type\":\"ListItem\",\"position\":2,\"name\":\"Produkte\",\"item\":\"https:\/\/filplast.pl\/de\/produkt\/\"},{\"@type\":\"ListItem\",\"position\":3,\"name\":\"JustSlide 140\"}]},{\"@type\":\"WebSite\",\"@id\":\"https:\/\/filplast.pl\/de\/#website\",\"url\":\"https:\/\/filplast.pl\/de\/\",\"name\":\"Filplast f\u00fcr Generationen\",\"description\":\"Gersteller gesunder Fenster\",\"publisher\":{\"@id\":\"https:\/\/filplast.pl\/de\/#organization\"},\"potentialAction\":[{\"@type\":\"SearchAction\",\"target\":{\"@type\":\"EntryPoint\",\"urlTemplate\":\"https:\/\/filplast.pl\/de\/?s={search_term_string}\"},\"query-input\":{\"@type\":\"PropertyValueSpecification\",\"valueRequired\":true,\"valueName\":\"search_term_string\"}}],\"inLanguage\":\"de\"},{\"@type\":\"Organization\",\"@id\":\"https:\/\/filplast.pl\/de\/#organization\",\"name\":\"Filplast f\u00fcr Generationen\",\"url\":\"https:\/\/filplast.pl\/de\/\",\"logo\":{\"@type\":\"ImageObject\",\"inLanguage\":\"de\",\"@id\":\"https:\/\/filplast.pl\/de\/#\/schema\/logo\/image\/\",\"url\":\"https:\/\/filplast.pl\/wp-content\/uploads\/2023\/10\/favicon-filplast.png\",\"contentUrl\":\"https:\/\/filplast.pl\/wp-content\/uploads\/2023\/10\/favicon-filplast.png\",\"width\":2134,\"height\":2134,\"caption\":\"Filplast f\u00fcr Generationen\"},\"image\":{\"@id\":\"https:\/\/filplast.pl\/de\/#\/schema\/logo\/image\/\"},\"sameAs\":[\"https:\/\/www.facebook.com\/filplast.firma\",\"https:\/\/pl.pinterest.com\/filplast\/\",\"https:\/\/www.youtube.com\/FILPLASTchannel\",\"https:\/\/pl.linkedin.com\/company\/filplast-sp.-z-o.o.\",\"https:\/\/www.instagram.com\/filplast\/\"]}]}<\/script>\n<!-- \/ Yoast SEO plugin. -->","yoast_head_json":{"title":"Terrassent\u00fcren JustSlide 140 - Filplast f\u00fcr Generationen","robots":{"index":"index","follow":"follow","max-snippet":"max-snippet:-1","max-image-preview":"max-image-preview:large","max-video-preview":"max-video-preview:-1"},"canonical":"https:\/\/filplast.pl\/de\/produkt\/terrassen-systeme-justslide-140\/","og_locale":"de_DE","og_type":"article","og_title":"Terrassent\u00fcren JustSlide 140 - Filplast f\u00fcr Generationen","og_description":"JustSlide-Schiebet\u00fcren entsprechen den modernen architektonischen Trends und erm\u00f6glichen es, Konstruktionen mit sehr gro\u00dfen Verglasungen herzustellen. Der Fl\u00fcgel kann mit minimalem Kraftaufwand sehr leicht entlang des unge\u00f6ffneten Teils der Konstruktion bewegt werden. Dank eines innovativen Verriegelungsmechanismus wird der bewegliche Teil der T\u00fcr nach dem Herunterdrehen des Griffs sanft an das Rahmenprofil angezogen.","og_url":"https:\/\/filplast.pl\/de\/produkt\/terrassen-systeme-justslide-140\/","og_site_name":"Filplast f\u00fcr Generationen","article_publisher":"https:\/\/www.facebook.com\/filplast.firma","article_modified_time":"2024-01-09T13:57:44+00:00","og_image":[{"width":1067,"height":1067,"url":"https:\/\/filplast.pl\/wp-content\/uploads\/2021\/01\/Just-Slide-140.png","type":"image\/png"}],"twitter_card":"summary_large_image","twitter_misc":{"Gesch\u00e4tzte Lesezeit":"1\u00a0Minute"},"schema":{"@context":"https:\/\/schema.org","@graph":[{"@type":"WebPage","@id":"https:\/\/filplast.pl\/de\/produkt\/terrassen-systeme-justslide-140\/","url":"https:\/\/filplast.pl\/de\/produkt\/terrassen-systeme-justslide-140\/","name":"Terrassent\u00fcren JustSlide 140 - Filplast f\u00fcr Generationen","isPartOf":{"@id":"https:\/\/filplast.pl\/de\/#website"},"primaryImageOfPage":{"@id":"https:\/\/filplast.pl\/de\/produkt\/terrassen-systeme-justslide-140\/#primaryimage"},"image":{"@id":"https:\/\/filplast.pl\/de\/produkt\/terrassen-systeme-justslide-140\/#primaryimage"},"thumbnailUrl":"https:\/\/filplast.pl\/wp-content\/uploads\/2021\/01\/Just-Slide-140.png","datePublished":"2021-03-09T20:37:19+00:00","dateModified":"2024-01-09T13:57:44+00:00","breadcrumb":{"@id":"https:\/\/filplast.pl\/de\/produkt\/terrassen-systeme-justslide-140\/#breadcrumb"},"inLanguage":"de","potentialAction":[{"@type":"ReadAction","target":["https:\/\/filplast.pl\/de\/produkt\/terrassen-systeme-justslide-140\/"]}]},{"@type":"ImageObject","inLanguage":"de","@id":"https:\/\/filplast.pl\/de\/produkt\/terrassen-systeme-justslide-140\/#primaryimage","url":"https:\/\/filplast.pl\/wp-content\/uploads\/2021\/01\/Just-Slide-140.png","contentUrl":"https:\/\/filplast.pl\/wp-content\/uploads\/2021\/01\/Just-Slide-140.png","width":1067,"height":1067},{"@type":"BreadcrumbList","@id":"https:\/\/filplast.pl\/de\/produkt\/terrassen-systeme-justslide-140\/#breadcrumb","itemListElement":[{"@type":"ListItem","position":1,"name":"Startseite","item":"https:\/\/filplast.pl\/de\/"},{"@type":"ListItem","position":2,"name":"Produkte","item":"https:\/\/filplast.pl\/de\/produkt\/"},{"@type":"ListItem","position":3,"name":"JustSlide 140"}]},{"@type":"WebSite","@id":"https:\/\/filplast.pl\/de\/#website","url":"https:\/\/filplast.pl\/de\/","name":"Filplast f\u00fcr Generationen","description":"Gersteller gesunder Fenster","publisher":{"@id":"https:\/\/filplast.pl\/de\/#organization"},"potentialAction":[{"@type":"SearchAction","target":{"@type":"EntryPoint","urlTemplate":"https:\/\/filplast.pl\/de\/?s={search_term_string}"},"query-input":{"@type":"PropertyValueSpecification","valueRequired":true,"valueName":"search_term_string"}}],"inLanguage":"de"},{"@type":"Organization","@id":"https:\/\/filplast.pl\/de\/#organization","name":"Filplast f\u00fcr Generationen","url":"https:\/\/filplast.pl\/de\/","logo":{"@type":"ImageObject","inLanguage":"de","@id":"https:\/\/filplast.pl\/de\/#\/schema\/logo\/image\/","url":"https:\/\/filplast.pl\/wp-content\/uploads\/2023\/10\/favicon-filplast.png","contentUrl":"https:\/\/filplast.pl\/wp-content\/uploads\/2023\/10\/favicon-filplast.png","width":2134,"height":2134,"caption":"Filplast f\u00fcr Generationen"},"image":{"@id":"https:\/\/filplast.pl\/de\/#\/schema\/logo\/image\/"},"sameAs":["https:\/\/www.facebook.com\/filplast.firma","https:\/\/pl.pinterest.com\/filplast\/","https:\/\/www.youtube.com\/FILPLASTchannel","https:\/\/pl.linkedin.com\/company\/filplast-sp.-z-o.o.","https:\/\/www.instagram.com\/filplast\/"]}]}},"uagb_featured_image_src":{"full":["https:\/\/filplast.pl\/wp-content\/uploads\/2021\/01\/Just-Slide-140.png",1067,1067,false],"thumbnail":["https:\/\/filplast.pl\/wp-content\/uploads\/2021\/01\/Just-Slide-140-150x150.png",150,150,true],"medium":["https:\/\/filplast.pl\/wp-content\/uploads\/2021\/01\/Just-Slide-140-300x300.png",300,300,true],"medium_large":["https:\/\/filplast.pl\/wp-content\/uploads\/2021\/01\/Just-Slide-140-768x768.png",768,768,true],"large":["https:\/\/filplast.pl\/wp-content\/uploads\/2021\/01\/Just-Slide-140-1024x1024.png",1024,1024,true],"1536x1536":["https:\/\/filplast.pl\/wp-content\/uploads\/2021\/01\/Just-Slide-140.png",1067,1067,false],"2048x2048":["https:\/\/filplast.pl\/wp-content\/uploads\/2021\/01\/Just-Slide-140.png",1067,1067,false],"depcore-widget-post-thumb":["https:\/\/filplast.pl\/wp-content\/uploads\/2021\/01\/Just-Slide-140-65x65.png",65,65,true],"depcore-widget-post-medium":["https:\/\/filplast.pl\/wp-content\/uploads\/2021\/01\/Just-Slide-140-280x150.png",280,150,true],"square":["https:\/\/filplast.pl\/wp-content\/uploads\/2021\/01\/Just-Slide-140-500x500.png",500,500,true],"small-square":["https:\/\/filplast.pl\/wp-content\/uploads\/2021\/01\/Just-Slide-140-250x250.png",250,250,true],"slider-image":["https:\/\/filplast.pl\/wp-content\/uploads\/2021\/01\/Just-Slide-140-1067x500.png",1067,500,true],"":["https:\/\/filplast.pl\/wp-content\/uploads\/2021\/01\/Just-Slide-140.png",250,250,false]},"uagb_author_info":{"display_name":"Micha\u0142 Mrukot","author_link":"https:\/\/filplast.pl\/de\/author\/"},"uagb_comment_info":0,"uagb_excerpt":"JustSlide-Schiebet\u00fcren entsprechen den modernen architektonischen Trends und erm\u00f6glichen es, Konstruktionen mit sehr gro\u00dfen Verglasungen herzustellen. Der Fl\u00fcgel kann mit minimalem Kraftaufwand sehr leicht entlang des unge\u00f6ffneten Teils der Konstruktion bewegt werden. Dank eines innovativen Verriegelungsmechanismus wird der bewegliche Teil der T\u00fcr nach dem Herunterdrehen des Griffs sanft an das Rahmenprofil angezogen.","_links":{"self":[{"href":"https:\/\/filplast.pl\/de\/wp-json\/wp\/v2\/product\/5527","targetHints":{"allow":["GET"]}}],"collection":[{"href":"https:\/\/filplast.pl\/de\/wp-json\/wp\/v2\/product"}],"about":[{"href":"https:\/\/filplast.pl\/de\/wp-json\/wp\/v2\/types\/product"}],"version-history":[{"count":3,"href":"https:\/\/filplast.pl\/de\/wp-json\/wp\/v2\/product\/5527\/revisions"}],"predecessor-version":[{"id":8722,"href":"https:\/\/filplast.pl\/de\/wp-json\/wp\/v2\/product\/5527\/revisions\/8722"}],"wp:featuredmedia":[{"embeddable":true,"href":"https:\/\/filplast.pl\/de\/wp-json\/wp\/v2\/media\/1971"}],"wp:attachment":[{"href":"https:\/\/filplast.pl\/de\/wp-json\/wp\/v2\/media?parent=5527"}],"curies":[{"name":"wp","href":"https:\/\/api.w.org\/{rel}","templated":true}]}}