{"id":5531,"date":"2021-03-09T21:45:01","date_gmt":"2021-03-09T20:45:01","guid":{"rendered":"https:\/\/filplast.pl\/produkt\/climastar-slide-194\/"},"modified":"2024-01-09T14:50:30","modified_gmt":"2024-01-09T13:50:30","slug":"terrassen-systeme-climastar-slide-194","status":"publish","type":"product","link":"https:\/\/filplast.pl\/de\/produkt\/terrassen-systeme-climastar-slide-194\/","title":{"rendered":"ClimaSlide 82 Motion"},"content":{"rendered":"<div id=\"modal-ready\"><p>Das Hebe-Schiebesystem ClimaSlide 82 Motion ist auf der Basis des energiesparenden ClimaStar 82-Profils aufgebaut. Perfekter Schutz vor W\u00e4rmeverlust<\/p>\n<\/div>","protected":false},"excerpt":{"rendered":"<p>Hervorragende W\u00e4rmed\u00e4mmeigenschaften, sehr hohe Dichtigkeit, die M\u00f6glichkeit gro\u00dfe Konstruktionen zu schaffen &#8211; ClimaStar Slide 194 wird selbst die Erwartungen der anspruchsvollsten Nutzer erf\u00fcllen. <\/p>\n","protected":false},"featured_media":64429,"parent":0,"menu_order":120,"template":"","class_list":["post-5531","product","type-product","status-publish","has-post-thumbnail","hentry","product-category-turen","product-category-terrassenturen","product-category-hst-de-2","product-line-platinumline-de"],"yoast_head":"<!-- This site is optimized with the Yoast SEO plugin v24.7 - https:\/\/yoast.com\/wordpress\/plugins\/seo\/ -->\n<title>Terrassent\u00fcren ClimaSlide 82 Motion - Filplast f\u00fcr Generationen<\/title>\n<meta name=\"robots\" content=\"index, follow, max-snippet:-1, max-image-preview:large, max-video-preview:-1\" \/>\n<link rel=\"canonical\" href=\"https:\/\/filplast.pl\/de\/produkt\/terrassen-systeme-climastar-slide-194\/\" \/>\n<meta property=\"og:locale\" content=\"de_DE\" \/>\n<meta property=\"og:type\" content=\"article\" \/>\n<meta property=\"og:title\" content=\"Terrassent\u00fcren ClimaSlide 82 Motion - Filplast f\u00fcr Generationen\" \/>\n<meta property=\"og:description\" content=\"Hervorragende W\u00e4rmed\u00e4mmeigenschaften, sehr hohe Dichtigkeit, die M\u00f6glichkeit gro\u00dfe Konstruktionen zu schaffen - ClimaStar Slide 194 wird selbst die Erwartungen der anspruchsvollsten Nutzer erf\u00fcllen.\" \/>\n<meta property=\"og:url\" content=\"https:\/\/filplast.pl\/de\/produkt\/terrassen-systeme-climastar-slide-194\/\" \/>\n<meta property=\"og:site_name\" content=\"Filplast f\u00fcr Generationen\" \/>\n<meta property=\"article:publisher\" content=\"https:\/\/www.facebook.com\/filplast.firma\" \/>\n<meta property=\"article:modified_time\" content=\"2024-01-09T13:50:30+00:00\" \/>\n<meta property=\"og:image\" content=\"https:\/\/filplast.pl\/wp-content\/uploads\/2021\/01\/vekamotion-82-standard.png\" \/>\n\t<meta property=\"og:image:width\" content=\"1000\" \/>\n\t<meta property=\"og:image:height\" content=\"1000\" \/>\n\t<meta property=\"og:image:type\" content=\"image\/png\" \/>\n<meta name=\"twitter:card\" content=\"summary_large_image\" \/>\n<meta name=\"twitter:label1\" content=\"Gesch\u00e4tzte Lesezeit\" \/>\n\t<meta name=\"twitter:data1\" content=\"1\u00a0Minute\" \/>\n<script type=\"application\/ld+json\" class=\"yoast-schema-graph\">{\"@context\":\"https:\/\/schema.org\",\"@graph\":[{\"@type\":\"WebPage\",\"@id\":\"https:\/\/filplast.pl\/de\/produkt\/terrassen-systeme-climastar-slide-194\/\",\"url\":\"https:\/\/filplast.pl\/de\/produkt\/terrassen-systeme-climastar-slide-194\/\",\"name\":\"Terrassent\u00fcren ClimaSlide 82 Motion - Filplast f\u00fcr Generationen\",\"isPartOf\":{\"@id\":\"https:\/\/filplast.pl\/de\/#website\"},\"primaryImageOfPage\":{\"@id\":\"https:\/\/filplast.pl\/de\/produkt\/terrassen-systeme-climastar-slide-194\/#primaryimage\"},\"image\":{\"@id\":\"https:\/\/filplast.pl\/de\/produkt\/terrassen-systeme-climastar-slide-194\/#primaryimage\"},\"thumbnailUrl\":\"https:\/\/filplast.pl\/wp-content\/uploads\/2021\/01\/cs82motion.png\",\"datePublished\":\"2021-03-09T20:45:01+00:00\",\"dateModified\":\"2024-01-09T13:50:30+00:00\",\"breadcrumb\":{\"@id\":\"https:\/\/filplast.pl\/de\/produkt\/terrassen-systeme-climastar-slide-194\/#breadcrumb\"},\"inLanguage\":\"de\",\"potentialAction\":[{\"@type\":\"ReadAction\",\"target\":[\"https:\/\/filplast.pl\/de\/produkt\/terrassen-systeme-climastar-slide-194\/\"]}]},{\"@type\":\"ImageObject\",\"inLanguage\":\"de\",\"@id\":\"https:\/\/filplast.pl\/de\/produkt\/terrassen-systeme-climastar-slide-194\/#primaryimage\",\"url\":\"https:\/\/filplast.pl\/wp-content\/uploads\/2021\/01\/cs82motion.png\",\"contentUrl\":\"https:\/\/filplast.pl\/wp-content\/uploads\/2021\/01\/cs82motion.png\",\"width\":2060,\"height\":1944},{\"@type\":\"BreadcrumbList\",\"@id\":\"https:\/\/filplast.pl\/de\/produkt\/terrassen-systeme-climastar-slide-194\/#breadcrumb\",\"itemListElement\":[{\"@type\":\"ListItem\",\"position\":1,\"name\":\"Startseite\",\"item\":\"https:\/\/filplast.pl\/de\/\"},{\"@type\":\"ListItem\",\"position\":2,\"name\":\"Produkte\",\"item\":\"https:\/\/filplast.pl\/de\/produkt\/\"},{\"@type\":\"ListItem\",\"position\":3,\"name\":\"ClimaSlide 82 Motion\"}]},{\"@type\":\"WebSite\",\"@id\":\"https:\/\/filplast.pl\/de\/#website\",\"url\":\"https:\/\/filplast.pl\/de\/\",\"name\":\"Filplast f\u00fcr Generationen\",\"description\":\"Gersteller gesunder Fenster\",\"publisher\":{\"@id\":\"https:\/\/filplast.pl\/de\/#organization\"},\"potentialAction\":[{\"@type\":\"SearchAction\",\"target\":{\"@type\":\"EntryPoint\",\"urlTemplate\":\"https:\/\/filplast.pl\/de\/?s={search_term_string}\"},\"query-input\":{\"@type\":\"PropertyValueSpecification\",\"valueRequired\":true,\"valueName\":\"search_term_string\"}}],\"inLanguage\":\"de\"},{\"@type\":\"Organization\",\"@id\":\"https:\/\/filplast.pl\/de\/#organization\",\"name\":\"Filplast f\u00fcr Generationen\",\"url\":\"https:\/\/filplast.pl\/de\/\",\"logo\":{\"@type\":\"ImageObject\",\"inLanguage\":\"de\",\"@id\":\"https:\/\/filplast.pl\/de\/#\/schema\/logo\/image\/\",\"url\":\"https:\/\/filplast.pl\/wp-content\/uploads\/2023\/10\/favicon-filplast.png\",\"contentUrl\":\"https:\/\/filplast.pl\/wp-content\/uploads\/2023\/10\/favicon-filplast.png\",\"width\":2134,\"height\":2134,\"caption\":\"Filplast f\u00fcr Generationen\"},\"image\":{\"@id\":\"https:\/\/filplast.pl\/de\/#\/schema\/logo\/image\/\"},\"sameAs\":[\"https:\/\/www.facebook.com\/filplast.firma\",\"https:\/\/pl.pinterest.com\/filplast\/\",\"https:\/\/www.youtube.com\/FILPLASTchannel\",\"https:\/\/pl.linkedin.com\/company\/filplast-sp.-z-o.o.\",\"https:\/\/www.instagram.com\/filplast\/\"]}]}<\/script>\n<!-- \/ Yoast SEO plugin. -->","yoast_head_json":{"title":"Terrassent\u00fcren ClimaSlide 82 Motion - Filplast f\u00fcr Generationen","robots":{"index":"index","follow":"follow","max-snippet":"max-snippet:-1","max-image-preview":"max-image-preview:large","max-video-preview":"max-video-preview:-1"},"canonical":"https:\/\/filplast.pl\/de\/produkt\/terrassen-systeme-climastar-slide-194\/","og_locale":"de_DE","og_type":"article","og_title":"Terrassent\u00fcren ClimaSlide 82 Motion - Filplast f\u00fcr Generationen","og_description":"Hervorragende W\u00e4rmed\u00e4mmeigenschaften, sehr hohe Dichtigkeit, die M\u00f6glichkeit gro\u00dfe Konstruktionen zu schaffen - ClimaStar Slide 194 wird selbst die Erwartungen der anspruchsvollsten Nutzer erf\u00fcllen.","og_url":"https:\/\/filplast.pl\/de\/produkt\/terrassen-systeme-climastar-slide-194\/","og_site_name":"Filplast f\u00fcr Generationen","article_publisher":"https:\/\/www.facebook.com\/filplast.firma","article_modified_time":"2024-01-09T13:50:30+00:00","og_image":[{"width":1000,"height":1000,"url":"https:\/\/filplast.pl\/wp-content\/uploads\/2021\/01\/vekamotion-82-standard.png","type":"image\/png"}],"twitter_card":"summary_large_image","twitter_misc":{"Gesch\u00e4tzte Lesezeit":"1\u00a0Minute"},"schema":{"@context":"https:\/\/schema.org","@graph":[{"@type":"WebPage","@id":"https:\/\/filplast.pl\/de\/produkt\/terrassen-systeme-climastar-slide-194\/","url":"https:\/\/filplast.pl\/de\/produkt\/terrassen-systeme-climastar-slide-194\/","name":"Terrassent\u00fcren ClimaSlide 82 Motion - Filplast f\u00fcr Generationen","isPartOf":{"@id":"https:\/\/filplast.pl\/de\/#website"},"primaryImageOfPage":{"@id":"https:\/\/filplast.pl\/de\/produkt\/terrassen-systeme-climastar-slide-194\/#primaryimage"},"image":{"@id":"https:\/\/filplast.pl\/de\/produkt\/terrassen-systeme-climastar-slide-194\/#primaryimage"},"thumbnailUrl":"https:\/\/filplast.pl\/wp-content\/uploads\/2021\/01\/cs82motion.png","datePublished":"2021-03-09T20:45:01+00:00","dateModified":"2024-01-09T13:50:30+00:00","breadcrumb":{"@id":"https:\/\/filplast.pl\/de\/produkt\/terrassen-systeme-climastar-slide-194\/#breadcrumb"},"inLanguage":"de","potentialAction":[{"@type":"ReadAction","target":["https:\/\/filplast.pl\/de\/produkt\/terrassen-systeme-climastar-slide-194\/"]}]},{"@type":"ImageObject","inLanguage":"de","@id":"https:\/\/filplast.pl\/de\/produkt\/terrassen-systeme-climastar-slide-194\/#primaryimage","url":"https:\/\/filplast.pl\/wp-content\/uploads\/2021\/01\/cs82motion.png","contentUrl":"https:\/\/filplast.pl\/wp-content\/uploads\/2021\/01\/cs82motion.png","width":2060,"height":1944},{"@type":"BreadcrumbList","@id":"https:\/\/filplast.pl\/de\/produkt\/terrassen-systeme-climastar-slide-194\/#breadcrumb","itemListElement":[{"@type":"ListItem","position":1,"name":"Startseite","item":"https:\/\/filplast.pl\/de\/"},{"@type":"ListItem","position":2,"name":"Produkte","item":"https:\/\/filplast.pl\/de\/produkt\/"},{"@type":"ListItem","position":3,"name":"ClimaSlide 82 Motion"}]},{"@type":"WebSite","@id":"https:\/\/filplast.pl\/de\/#website","url":"https:\/\/filplast.pl\/de\/","name":"Filplast f\u00fcr Generationen","description":"Gersteller gesunder Fenster","publisher":{"@id":"https:\/\/filplast.pl\/de\/#organization"},"potentialAction":[{"@type":"SearchAction","target":{"@type":"EntryPoint","urlTemplate":"https:\/\/filplast.pl\/de\/?s={search_term_string}"},"query-input":{"@type":"PropertyValueSpecification","valueRequired":true,"valueName":"search_term_string"}}],"inLanguage":"de"},{"@type":"Organization","@id":"https:\/\/filplast.pl\/de\/#organization","name":"Filplast f\u00fcr Generationen","url":"https:\/\/filplast.pl\/de\/","logo":{"@type":"ImageObject","inLanguage":"de","@id":"https:\/\/filplast.pl\/de\/#\/schema\/logo\/image\/","url":"https:\/\/filplast.pl\/wp-content\/uploads\/2023\/10\/favicon-filplast.png","contentUrl":"https:\/\/filplast.pl\/wp-content\/uploads\/2023\/10\/favicon-filplast.png","width":2134,"height":2134,"caption":"Filplast f\u00fcr Generationen"},"image":{"@id":"https:\/\/filplast.pl\/de\/#\/schema\/logo\/image\/"},"sameAs":["https:\/\/www.facebook.com\/filplast.firma","https:\/\/pl.pinterest.com\/filplast\/","https:\/\/www.youtube.com\/FILPLASTchannel","https:\/\/pl.linkedin.com\/company\/filplast-sp.-z-o.o.","https:\/\/www.instagram.com\/filplast\/"]}]}},"uagb_featured_image_src":{"full":["https:\/\/filplast.pl\/wp-content\/uploads\/2021\/01\/cs82motion.png",2060,1944,false],"thumbnail":["https:\/\/filplast.pl\/wp-content\/uploads\/2021\/01\/cs82motion-250x250.png",250,250,true],"medium":["https:\/\/filplast.pl\/wp-content\/uploads\/2021\/01\/cs82motion-400x377.png",400,377,true],"medium_large":["https:\/\/filplast.pl\/wp-content\/uploads\/2021\/01\/cs82motion-768x725.png",768,725,true],"large":["https:\/\/filplast.pl\/wp-content\/uploads\/2021\/01\/cs82motion-1024x966.png",1024,966,true],"1536x1536":["https:\/\/filplast.pl\/wp-content\/uploads\/2021\/01\/cs82motion-1536x1450.png",1536,1450,true],"2048x2048":["https:\/\/filplast.pl\/wp-content\/uploads\/2021\/01\/cs82motion-2048x1933.png",2048,1933,true],"depcore-widget-post-thumb":["https:\/\/filplast.pl\/wp-content\/uploads\/2021\/01\/cs82motion-65x65.png",65,65,true],"depcore-widget-post-medium":["https:\/\/filplast.pl\/wp-content\/uploads\/2021\/01\/cs82motion-280x150.png",280,150,true],"square":["https:\/\/filplast.pl\/wp-content\/uploads\/2021\/01\/cs82motion-500x500.png",500,500,true],"small-square":["https:\/\/filplast.pl\/wp-content\/uploads\/2021\/01\/cs82motion-250x250.png",250,250,true],"slider-image":["https:\/\/filplast.pl\/wp-content\/uploads\/2021\/01\/cs82motion-1080x500.png",1080,500,true],"":["https:\/\/filplast.pl\/wp-content\/uploads\/2021\/01\/cs82motion.png",265,250,false]},"uagb_author_info":{"display_name":"Micha\u0142 Mrukot","author_link":"https:\/\/filplast.pl\/de\/author\/"},"uagb_comment_info":0,"uagb_excerpt":"Hervorragende W\u00e4rmed\u00e4mmeigenschaften, sehr hohe Dichtigkeit, die M\u00f6glichkeit gro\u00dfe Konstruktionen zu schaffen - ClimaStar Slide 194 wird selbst die Erwartungen der anspruchsvollsten Nutzer erf\u00fcllen.","_links":{"self":[{"href":"https:\/\/filplast.pl\/de\/wp-json\/wp\/v2\/product\/5531","targetHints":{"allow":["GET"]}}],"collection":[{"href":"https:\/\/filplast.pl\/de\/wp-json\/wp\/v2\/product"}],"about":[{"href":"https:\/\/filplast.pl\/de\/wp-json\/wp\/v2\/types\/product"}],"version-history":[{"count":5,"href":"https:\/\/filplast.pl\/de\/wp-json\/wp\/v2\/product\/5531\/revisions"}],"predecessor-version":[{"id":33780,"href":"https:\/\/filplast.pl\/de\/wp-json\/wp\/v2\/product\/5531\/revisions\/33780"}],"wp:featuredmedia":[{"embeddable":true,"href":"https:\/\/filplast.pl\/de\/wp-json\/wp\/v2\/media\/64429"}],"wp:attachment":[{"href":"https:\/\/filplast.pl\/de\/wp-json\/wp\/v2\/media?parent=5531"}],"curies":[{"name":"wp","href":"https:\/\/api.w.org\/{rel}","templated":true}]}}